{"id":20973,"date":"2025-03-21T09:02:00","date_gmt":"2025-03-21T08:02:00","guid":{"rendered":"https:\/\/www.visionxeurope.com\/se\/?post_type=product&#038;p=20973"},"modified":"2026-03-25T13:48:24","modified_gmt":"2026-03-25T12:48:24","slug":"vision-x-scene-light-omradesljus-9w-svart-vitt-rott-ljus","status":"publish","type":"product","link":"https:\/\/www.visionxeurope.com\/se\/webbutik\/vision-x-scene-light-omradesljus-9w-svart-vitt-rott-ljus\/","title":{"rendered":"VISION X SCENE LIGHT OMR\u00c5DESLJUS 9W SVART VITT\/R\u00d6TT LJUS"},"content":{"rendered":"<p><\/p>\n<p>Vision X Scene Lights \u00e4r h\u00f6geffektiv accent- och omr\u00e5desbelysning fr\u00e4mst avsedd f\u00f6r fast montage p\u00e5 fordon och sl\u00e4pvagnar men \u00e4ven l\u00e4mplig f\u00f6r m\u00e5nga andra applikationer, s\u00e5som marina fordon, r\u00e4ddningsfordon, gruvdrift och konstruktion. Lamporna har en l\u00e5g profil, med en inf\u00e4lld design, som g\u00f6r dem extra l\u00e4mpliga f\u00f6r fordonsmontage.<\/p>\n<p><\/p>\n<p><\/p>\n<p>Dessa lampor har h\u00f6gsta niv\u00e5 av RFI- och intr\u00e4ngningsskydd, s\u00e5 de kommer garanterat inte att ta in vatten eller st\u00f6ra radioapparater eller annan teknisk utrustning.<\/p>\n<p><\/p>\n<p><\/p>\n<p>Denna version av Vision X Scene Lights har dels en bred vit ljusbild med 5700K ljusf\u00e4rgtemperatur (ett naturligt dagsljus), samt ett r\u00f6tt ljus som \u00e4r f\u00f6rdelaktigt att anv\u00e4nda nattetid. Ljuset \u00e4r utformat s\u00e5 att det vid ytmontering ger den optimala vinkeln f\u00f6r omr\u00e5desbelysning (40 grader).<\/p>\n<p><\/p>\n<p><\/p>\n<p>Lamporna \u00e4r anpassade f\u00f6r 9-32V sp\u00e4nning, vilket g\u00f6r dem l\u00e4mpliga f\u00f6r alla former av fordons- och marinapplikationer. Det formgjutna huset i flygplansaluminium kombinerat med en polykarbonatlins klarar de tuffaste av arbetsmilj\u00f6er.<\/p>\n<p><\/p>\n<p><\/p>\n<p><strong>Data:<\/strong><\/p>\n<p><\/p>\n<p><\/p>\n<ul class=\"wp-block-list\"><\/p>\n<li>F\u00e4rg lamphus: Svart<\/li>\n<p><\/p>\n<p><\/p>\n<li>F\u00e4rg ljus: Vitt eller r\u00f6tt<\/li>\n<p><\/p>\n<p><\/p>\n<li>LED: 3 x 3W LED-dioder<\/li>\n<p><\/p>\n<p><\/p>\n<li>Effekt: 9W<\/li>\n<p><\/p>\n<p><\/p>\n<li>Ljusf\u00e4rgtemp: 5700K<\/li>\n<p><\/p>\n<p><\/p>\n<li>R\u00e5a lumen: 1 350<\/li>\n<p><\/p>\n<p><\/p>\n<li>IP-klass: IP68+IP69K<\/li>\n<p><\/p>\n<p><\/p>\n<li>Linsmaterial: Polykarbonat<\/li>\n<p><\/p>\n<p><\/p>\n<li>Lamphus: Aluminum<\/li>\n<p><\/p>\n<p><\/p>\n<li>Str\u00f6mf\u00f6rbrukning: 0,75A @ 12V<\/li>\n<p><\/p>\n<p><\/p>\n<li>Sp\u00e4nning: 9-32V<\/li>\n<p><\/p>\n<p><\/p>\n<li>Storlek: <ul class=\"wp-block-list\"><\/p>\n<li>Bredd: 187 mm <\/li>\n<p><\/p>\n<p><\/p>\n<li>H\u00f6jd: 47 mm<\/li>\n<p><\/p>\n<p><\/p>\n<li>Djup: 47 mm<\/li>\n<p><\/ul>\n<p><\/li>\n<p><\/p>\n<p><\/p>\n<li>Vikt: 816 gram<\/li>\n<p><\/p>\n<p><\/p>\n<li>M\u00e4rkning: ECE R10, CISPR 25 Class 3 RFI-skydd<\/li>\n<p><\/p>\n<p><\/p>\n<li>Garanti: 5 \u00e5rs funktionsgaranti<\/li>\n<p><\/ul>\n<p><\/p>","protected":false},"excerpt":{"rendered":"<p>Vision X Scene Lights \u00e4r h\u00f6geffektiv accent- och omr\u00e5desbelysning fr\u00e4mst avsedd f\u00f6r fast montage p\u00e5 fordon och sl\u00e4pvagnar men \u00e4ven l\u00e4mplig f\u00f6r m\u00e5nga andra applikationer, s\u00e5som marina fordon, r\u00e4ddningsfordon, gruvdrift och konstruktion. Lamporna har en l\u00e5g profil, med en inf\u00e4lld design, som g\u00f6r dem extra l\u00e4mpliga f\u00f6r fordonsmontage.<\/p>\n<p>Dessa lampor har h\u00f6gsta niv\u00e5 av RFI- och intr\u00e4ngningsskydd, s\u00e5 de kommer garanterat inte att ta in vatten eller st\u00f6ra radioapparater eller annan teknisk utrustning.<\/p>\n<p>Denna version av Vision X Scene Lights har dels en bred vit ljusbild med 5700K ljusf\u00e4rgtemperatur (ett naturligt dagsljus), samt ett r\u00f6tt ljus som \u00e4r f\u00f6rdelaktigt att anv\u00e4nda nattetid. Ljuset \u00e4r utformat s\u00e5 att det vid ytmontering ger den optimala vinkeln f\u00f6r omr\u00e5desbelysning (40 grader).<\/p>\n<p>Lamporna \u00e4r anpassade f\u00f6r 9-32V sp\u00e4nning, vilket g\u00f6r dem l\u00e4mpliga f\u00f6r alla former av fordons- och marinapplikationer. Det formgjutna huset i flygplansaluminium kombinerat med en polykarbonatlins klarar de tuffaste av arbetsmilj\u00f6er.<\/p>\n<p><strong>Data:<\/strong><\/p>\n<ul class=\"wp-block-list\">\n<li>F\u00e4rg lamphus: Svart<\/li>\n<li>F\u00e4rg ljus: Vitt eller r\u00f6tt<\/li>\n<li>LED: 3 x 3W LED-dioder<\/li>\n<li>Effekt: 9W<\/li>\n<li>Ljusf\u00e4rgtemp: 5700K<\/li>\n<li>R\u00e5a lumen: 1 350<\/li>\n<li>IP-klass: IP68+IP69K<\/li>\n<li>Linsmaterial: Polykarbonat<\/li>\n<li>Lamphus: Aluminum<\/li>\n<li>Str\u00f6mf\u00f6rbrukning: 0,75A @ 12V<\/li>\n<li>Sp\u00e4nning: 9-32V<\/li>\n<li>Storlek:\n<ul class=\"wp-block-list\">\n<li>Bredd: 187 mm <\/li>\n<li>H\u00f6jd: 47 mm<\/li>\n<li>Djup: 47 mm<\/li>\n<\/ul>\n<\/li>\n<li>Vikt: 816 gram<\/li>\n<li>M\u00e4rkning: ECE R10, CISPR 25 Class 3 RFI-skydd<\/li>\n<li>Garanti: 5 \u00e5rs funktionsgaranti<\/li>\n<\/ul>\n","protected":false},"featured_media":21063,"comment_status":"closed","ping_status":"closed","template":"","meta":{"editor_notices":[]},"product_brand":[],"product_cat":[49],"product_tag":[],"class_list":{"0":"post-20973","1":"product","2":"type-product","3":"status-publish","4":"has-post-thumbnail","6":"product_cat-accentbelysning","7":"resize-featured-image","8":"","9":"woocommerce-text-align-left","10":"woocommerce-image-align-center","12":"first","13":"instock","14":"taxable","15":"shipping-taxable","16":"product-type-simple"},"yoast_head":"<!-- This site is optimized with the Yoast SEO Premium plugin v25.0 (Yoast SEO v25.0) - https:\/\/yoast.com\/wordpress\/plugins\/seo\/ -->\n<title>VISION X SCENE LIGHT OMR\u00c5DESLJUS 9W SVART VITT\/R\u00d6TT LJUS - Vision X Europe<\/title>\n<meta name=\"robots\" content=\"index, follow, max-snippet:-1, max-image-preview:large, max-video-preview:-1\" \/>\n<link rel=\"canonical\" href=\"https:\/\/www.visionxeurope.com\/se\/webbutik\/vision-x-scene-light-omradesljus-9w-svart-vitt-rott-ljus\/\" \/>\n<meta property=\"og:locale\" content=\"sv_SE\" \/>\n<meta property=\"og:type\" content=\"article\" \/>\n<meta property=\"og:title\" content=\"VISION X SCENE LIGHT OMR\u00c5DESLJUS 9W SVART VITT\/R\u00d6TT LJUS\" \/>\n<meta property=\"og:description\" content=\"Vision X Scene Lights \u00e4r h\u00f6geffektiv accent- och omr\u00e5desbelysning fr\u00e4mst avsedd f\u00f6r fast montage p\u00e5 fordon och sl\u00e4pvagnar men \u00e4ven l\u00e4mplig f\u00f6r m\u00e5nga andra applikationer, s\u00e5som marina fordon, r\u00e4ddningsfordon, gruvdrift och konstruktion. Lamporna har en l\u00e5g profil, med en inf\u00e4lld design, som g\u00f6r dem extra l\u00e4mpliga f\u00f6r fordonsmontage. Dessa lampor har h\u00f6gsta niv\u00e5 av RFI- och intr\u00e4ngningsskydd, s\u00e5 de kommer garanterat inte att ta in vatten eller st\u00f6ra radioapparater eller annan teknisk utrustning. Denna version av Vision X Scene Lights har dels en bred vit ljusbild med 5700K ljusf\u00e4rgtemperatur (ett naturligt dagsljus), samt ett r\u00f6tt ljus som \u00e4r f\u00f6rdelaktigt att anv\u00e4nda nattetid. Ljuset \u00e4r utformat s\u00e5 att det vid ytmontering ger den optimala vinkeln f\u00f6r omr\u00e5desbelysning (40 grader). Lamporna \u00e4r anpassade f\u00f6r 9-32V sp\u00e4nning, vilket g\u00f6r dem l\u00e4mpliga f\u00f6r alla former av fordons- och marinapplikationer. Det formgjutna huset i flygplansaluminium kombinerat med en polykarbonatlins klarar de tuffaste av arbetsmilj\u00f6er. Data: F\u00e4rg lamphus: Svart F\u00e4rg ljus: Vitt eller r\u00f6tt LED: 3 x 3W LED-dioder Effekt: 9W Ljusf\u00e4rgtemp: 5700K R\u00e5a lumen: 1 350 IP-klass: IP68+IP69K Linsmaterial: Polykarbonat Lamphus: Aluminum Str\u00f6mf\u00f6rbrukning: 0,75A @ 12V Sp\u00e4nning: 9-32V Storlek: Bredd: 187 mm H\u00f6jd: 47 mm Djup: 47 mm  Vikt: 816 gram M\u00e4rkning: ECE R10, CISPR 25 Class 3 RFI-skydd Garanti: 5 \u00e5rs funktionsgaranti\" \/>\n<meta property=\"og:url\" content=\"https:\/\/www.visionxeurope.com\/se\/webbutik\/vision-x-scene-light-omradesljus-9w-svart-vitt-rott-ljus\/\" \/>\n<meta property=\"og:site_name\" content=\"Vision X Europe\" \/>\n<meta property=\"article:publisher\" content=\"https:\/\/www.facebook.com\/visionxeurope\" \/>\n<meta property=\"article:modified_time\" content=\"2026-03-25T12:48:24+00:00\" \/>\n<meta property=\"og:image\" content=\"https:\/\/www.visionxeurope.com\/se\/wp-content\/uploads\/sites\/7\/2024\/12\/WSL-9M-RW.jpg\" \/>\n\t<meta property=\"og:image:width\" content=\"1920\" \/>\n\t<meta property=\"og:image:height\" content=\"1920\" \/>\n\t<meta property=\"og:image:type\" content=\"image\/jpeg\" \/>\n<meta name=\"twitter:card\" content=\"summary_large_image\" \/>\n<meta name=\"twitter:label1\" content=\"Pris\" \/>\n\t<meta name=\"twitter:data1\" content=\"1 420,00&nbsp;&#107;&#114; exkl. moms\" \/>\n\t<meta name=\"twitter:label2\" content=\"Tillg\u00e4nglig\" \/>\n\t<meta name=\"twitter:data2\" content=\"I lager\" \/>\n<script type=\"application\/ld+json\" class=\"yoast-schema-graph\">{\"@context\":\"https:\/\/schema.org\",\"@graph\":[{\"@type\":\"WebPage\",\"@id\":\"https:\/\/www.visionxeurope.com\/se\/webbutik\/vision-x-scene-light-omradesljus-9w-svart-vitt-rott-ljus\/\",\"url\":\"https:\/\/www.visionxeurope.com\/se\/webbutik\/vision-x-scene-light-omradesljus-9w-svart-vitt-rott-ljus\/\",\"name\":\"VISION X SCENE LIGHT OMR\u00c5DESLJUS 9W SVART VITT\/R\u00d6TT LJUS - Vision X Europe\",\"isPartOf\":{\"@id\":\"https:\/\/www.visionxeurope.com\/se\/#website\"},\"primaryImageOfPage\":{\"@id\":\"https:\/\/www.visionxeurope.com\/se\/webbutik\/vision-x-scene-light-omradesljus-9w-svart-vitt-rott-ljus\/#primaryimage\"},\"image\":{\"@id\":\"https:\/\/www.visionxeurope.com\/se\/webbutik\/vision-x-scene-light-omradesljus-9w-svart-vitt-rott-ljus\/#primaryimage\"},\"thumbnailUrl\":\"https:\/\/www.visionxeurope.com\/se\/wp-content\/uploads\/sites\/7\/2024\/12\/WSL-9M-RW.jpg\",\"datePublished\":\"2025-03-21T08:02:00+00:00\",\"dateModified\":\"2026-03-25T12:48:24+00:00\",\"breadcrumb\":{\"@id\":\"https:\/\/www.visionxeurope.com\/se\/webbutik\/vision-x-scene-light-omradesljus-9w-svart-vitt-rott-ljus\/#breadcrumb\"},\"inLanguage\":\"sv-SE\",\"potentialAction\":[{\"@type\":\"ReadAction\",\"target\":[\"https:\/\/www.visionxeurope.com\/se\/webbutik\/vision-x-scene-light-omradesljus-9w-svart-vitt-rott-ljus\/\"]}]},{\"@type\":\"ImageObject\",\"inLanguage\":\"sv-SE\",\"@id\":\"https:\/\/www.visionxeurope.com\/se\/webbutik\/vision-x-scene-light-omradesljus-9w-svart-vitt-rott-ljus\/#primaryimage\",\"url\":\"https:\/\/www.visionxeurope.com\/se\/wp-content\/uploads\/sites\/7\/2024\/12\/WSL-9M-RW.jpg\",\"contentUrl\":\"https:\/\/www.visionxeurope.com\/se\/wp-content\/uploads\/sites\/7\/2024\/12\/WSL-9M-RW.jpg\",\"width\":1920,\"height\":1920},{\"@type\":\"BreadcrumbList\",\"@id\":\"https:\/\/www.visionxeurope.com\/se\/webbutik\/vision-x-scene-light-omradesljus-9w-svart-vitt-rott-ljus\/#breadcrumb\",\"itemListElement\":[{\"@type\":\"ListItem\",\"position\":1,\"name\":\"Hem\",\"item\":\"https:\/\/www.visionxeurope.com\/se\/\"},{\"@type\":\"ListItem\",\"position\":2,\"name\":\"Webbutik\",\"item\":\"https:\/\/www.visionxeurope.com\/se\/webbutik\/\"},{\"@type\":\"ListItem\",\"position\":3,\"name\":\"VISION X SCENE LIGHT OMR\u00c5DESLJUS 9W SVART VITT\/R\u00d6TT LJUS\"}]},{\"@type\":\"WebSite\",\"@id\":\"https:\/\/www.visionxeurope.com\/se\/#website\",\"url\":\"https:\/\/www.visionxeurope.com\/se\/\",\"name\":\"Vision X Europe\",\"description\":\"\",\"publisher\":{\"@id\":\"https:\/\/www.visionxeurope.com\/se\/#organization\"},\"potentialAction\":[{\"@type\":\"SearchAction\",\"target\":{\"@type\":\"EntryPoint\",\"urlTemplate\":\"https:\/\/www.visionxeurope.com\/se\/?s={search_term_string}\"},\"query-input\":{\"@type\":\"PropertyValueSpecification\",\"valueRequired\":true,\"valueName\":\"search_term_string\"}}],\"inLanguage\":\"sv-SE\"},{\"@type\":\"Organization\",\"@id\":\"https:\/\/www.visionxeurope.com\/se\/#organization\",\"name\":\"Vision X Europe\",\"url\":\"https:\/\/www.visionxeurope.com\/se\/\",\"logo\":{\"@type\":\"ImageObject\",\"inLanguage\":\"sv-SE\",\"@id\":\"https:\/\/www.visionxeurope.com\/se\/#\/schema\/logo\/image\/\",\"url\":\"https:\/\/www.visionxeurope.com\/se\/wp-content\/uploads\/sites\/7\/2021\/04\/visionxeurope.png\",\"contentUrl\":\"https:\/\/www.visionxeurope.com\/se\/wp-content\/uploads\/sites\/7\/2021\/04\/visionxeurope.png\",\"width\":300,\"height\":110,\"caption\":\"Vision X Europe\"},\"image\":{\"@id\":\"https:\/\/www.visionxeurope.com\/se\/#\/schema\/logo\/image\/\"},\"sameAs\":[\"https:\/\/www.facebook.com\/visionxeurope\",\"https:\/\/www.instagram.com\/visionxeurope\/\"]}]}<\/script>\n<meta property=\"product:price:amount\" content=\"1420.00\" \/>\n<meta property=\"product:price:currency\" content=\"SEK\" \/>\n<meta property=\"og:availability\" content=\"instock\" \/>\n<meta property=\"product:availability\" content=\"instock\" \/>\n<meta property=\"product:retailer_item_id\" content=\"WSL-9M-RW\" \/>\n<meta property=\"product:condition\" content=\"new\" \/>\n<!-- \/ Yoast SEO Premium plugin. -->","yoast_head_json":{"title":"VISION X SCENE LIGHT OMR\u00c5DESLJUS 9W SVART VITT\/R\u00d6TT LJUS - Vision X Europe","robots":{"index":"index","follow":"follow","max-snippet":"max-snippet:-1","max-image-preview":"max-image-preview:large","max-video-preview":"max-video-preview:-1"},"canonical":"https:\/\/www.visionxeurope.com\/se\/webbutik\/vision-x-scene-light-omradesljus-9w-svart-vitt-rott-ljus\/","og_locale":"sv_SE","og_type":"article","og_title":"VISION X SCENE LIGHT OMR\u00c5DESLJUS 9W SVART VITT\/R\u00d6TT LJUS","og_description":"Vision X Scene Lights \u00e4r h\u00f6geffektiv accent- och omr\u00e5desbelysning fr\u00e4mst avsedd f\u00f6r fast montage p\u00e5 fordon och sl\u00e4pvagnar men \u00e4ven l\u00e4mplig f\u00f6r m\u00e5nga andra applikationer, s\u00e5som marina fordon, r\u00e4ddningsfordon, gruvdrift och konstruktion. Lamporna har en l\u00e5g profil, med en inf\u00e4lld design, som g\u00f6r dem extra l\u00e4mpliga f\u00f6r fordonsmontage. Dessa lampor har h\u00f6gsta niv\u00e5 av RFI- och intr\u00e4ngningsskydd, s\u00e5 de kommer garanterat inte att ta in vatten eller st\u00f6ra radioapparater eller annan teknisk utrustning. Denna version av Vision X Scene Lights har dels en bred vit ljusbild med 5700K ljusf\u00e4rgtemperatur (ett naturligt dagsljus), samt ett r\u00f6tt ljus som \u00e4r f\u00f6rdelaktigt att anv\u00e4nda nattetid. Ljuset \u00e4r utformat s\u00e5 att det vid ytmontering ger den optimala vinkeln f\u00f6r omr\u00e5desbelysning (40 grader). Lamporna \u00e4r anpassade f\u00f6r 9-32V sp\u00e4nning, vilket g\u00f6r dem l\u00e4mpliga f\u00f6r alla former av fordons- och marinapplikationer. Det formgjutna huset i flygplansaluminium kombinerat med en polykarbonatlins klarar de tuffaste av arbetsmilj\u00f6er. Data: F\u00e4rg lamphus: Svart F\u00e4rg ljus: Vitt eller r\u00f6tt LED: 3 x 3W LED-dioder Effekt: 9W Ljusf\u00e4rgtemp: 5700K R\u00e5a lumen: 1 350 IP-klass: IP68+IP69K Linsmaterial: Polykarbonat Lamphus: Aluminum Str\u00f6mf\u00f6rbrukning: 0,75A @ 12V Sp\u00e4nning: 9-32V Storlek: Bredd: 187 mm H\u00f6jd: 47 mm Djup: 47 mm  Vikt: 816 gram M\u00e4rkning: ECE R10, CISPR 25 Class 3 RFI-skydd Garanti: 5 \u00e5rs funktionsgaranti","og_url":"https:\/\/www.visionxeurope.com\/se\/webbutik\/vision-x-scene-light-omradesljus-9w-svart-vitt-rott-ljus\/","og_site_name":"Vision X Europe","article_publisher":"https:\/\/www.facebook.com\/visionxeurope","article_modified_time":"2026-03-25T12:48:24+00:00","og_image":[{"width":1920,"height":1920,"url":"https:\/\/www.visionxeurope.com\/se\/wp-content\/uploads\/sites\/7\/2024\/12\/WSL-9M-RW.jpg","type":"image\/jpeg"}],"twitter_card":"summary_large_image","twitter_misc":{"Pris":"1 420,00&nbsp;&#107;&#114; exkl. moms","Tillg\u00e4nglig":"I lager"},"schema":{"@context":"https:\/\/schema.org","@graph":[{"@type":"WebPage","@id":"https:\/\/www.visionxeurope.com\/se\/webbutik\/vision-x-scene-light-omradesljus-9w-svart-vitt-rott-ljus\/","url":"https:\/\/www.visionxeurope.com\/se\/webbutik\/vision-x-scene-light-omradesljus-9w-svart-vitt-rott-ljus\/","name":"VISION X SCENE LIGHT OMR\u00c5DESLJUS 9W SVART VITT\/R\u00d6TT LJUS - Vision X Europe","isPartOf":{"@id":"https:\/\/www.visionxeurope.com\/se\/#website"},"primaryImageOfPage":{"@id":"https:\/\/www.visionxeurope.com\/se\/webbutik\/vision-x-scene-light-omradesljus-9w-svart-vitt-rott-ljus\/#primaryimage"},"image":{"@id":"https:\/\/www.visionxeurope.com\/se\/webbutik\/vision-x-scene-light-omradesljus-9w-svart-vitt-rott-ljus\/#primaryimage"},"thumbnailUrl":"https:\/\/www.visionxeurope.com\/se\/wp-content\/uploads\/sites\/7\/2024\/12\/WSL-9M-RW.jpg","datePublished":"2025-03-21T08:02:00+00:00","dateModified":"2026-03-25T12:48:24+00:00","breadcrumb":{"@id":"https:\/\/www.visionxeurope.com\/se\/webbutik\/vision-x-scene-light-omradesljus-9w-svart-vitt-rott-ljus\/#breadcrumb"},"inLanguage":"sv-SE","potentialAction":[{"@type":"ReadAction","target":["https:\/\/www.visionxeurope.com\/se\/webbutik\/vision-x-scene-light-omradesljus-9w-svart-vitt-rott-ljus\/"]}]},{"@type":"ImageObject","inLanguage":"sv-SE","@id":"https:\/\/www.visionxeurope.com\/se\/webbutik\/vision-x-scene-light-omradesljus-9w-svart-vitt-rott-ljus\/#primaryimage","url":"https:\/\/www.visionxeurope.com\/se\/wp-content\/uploads\/sites\/7\/2024\/12\/WSL-9M-RW.jpg","contentUrl":"https:\/\/www.visionxeurope.com\/se\/wp-content\/uploads\/sites\/7\/2024\/12\/WSL-9M-RW.jpg","width":1920,"height":1920},{"@type":"BreadcrumbList","@id":"https:\/\/www.visionxeurope.com\/se\/webbutik\/vision-x-scene-light-omradesljus-9w-svart-vitt-rott-ljus\/#breadcrumb","itemListElement":[{"@type":"ListItem","position":1,"name":"Hem","item":"https:\/\/www.visionxeurope.com\/se\/"},{"@type":"ListItem","position":2,"name":"Webbutik","item":"https:\/\/www.visionxeurope.com\/se\/webbutik\/"},{"@type":"ListItem","position":3,"name":"VISION X SCENE LIGHT OMR\u00c5DESLJUS 9W SVART VITT\/R\u00d6TT LJUS"}]},{"@type":"WebSite","@id":"https:\/\/www.visionxeurope.com\/se\/#website","url":"https:\/\/www.visionxeurope.com\/se\/","name":"Vision X Europe","description":"","publisher":{"@id":"https:\/\/www.visionxeurope.com\/se\/#organization"},"potentialAction":[{"@type":"SearchAction","target":{"@type":"EntryPoint","urlTemplate":"https:\/\/www.visionxeurope.com\/se\/?s={search_term_string}"},"query-input":{"@type":"PropertyValueSpecification","valueRequired":true,"valueName":"search_term_string"}}],"inLanguage":"sv-SE"},{"@type":"Organization","@id":"https:\/\/www.visionxeurope.com\/se\/#organization","name":"Vision X Europe","url":"https:\/\/www.visionxeurope.com\/se\/","logo":{"@type":"ImageObject","inLanguage":"sv-SE","@id":"https:\/\/www.visionxeurope.com\/se\/#\/schema\/logo\/image\/","url":"https:\/\/www.visionxeurope.com\/se\/wp-content\/uploads\/sites\/7\/2021\/04\/visionxeurope.png","contentUrl":"https:\/\/www.visionxeurope.com\/se\/wp-content\/uploads\/sites\/7\/2021\/04\/visionxeurope.png","width":300,"height":110,"caption":"Vision X Europe"},"image":{"@id":"https:\/\/www.visionxeurope.com\/se\/#\/schema\/logo\/image\/"},"sameAs":["https:\/\/www.facebook.com\/visionxeurope","https:\/\/www.instagram.com\/visionxeurope\/"]}]},"product_price_amount":"1420.00","product_price_currency":"SEK","og_availability":"instock","product_availability":"instock","product_retailer_item_id":"WSL-9M-RW","product_condition":"new"},"_links":{"self":[{"href":"https:\/\/www.visionxeurope.com\/se\/wp-json\/wp\/v2\/product\/20973","targetHints":{"allow":["GET"]}}],"collection":[{"href":"https:\/\/www.visionxeurope.com\/se\/wp-json\/wp\/v2\/product"}],"about":[{"href":"https:\/\/www.visionxeurope.com\/se\/wp-json\/wp\/v2\/types\/product"}],"replies":[{"embeddable":true,"href":"https:\/\/www.visionxeurope.com\/se\/wp-json\/wp\/v2\/comments?post=20973"}],"wp:featuredmedia":[{"embeddable":true,"href":"https:\/\/www.visionxeurope.com\/se\/wp-json\/wp\/v2\/media\/21063"}],"wp:attachment":[{"href":"https:\/\/www.visionxeurope.com\/se\/wp-json\/wp\/v2\/media?parent=20973"}],"wp:term":[{"taxonomy":"product_brand","embeddable":true,"href":"https:\/\/www.visionxeurope.com\/se\/wp-json\/wp\/v2\/product_brand?post=20973"},{"taxonomy":"product_cat","embeddable":true,"href":"https:\/\/www.visionxeurope.com\/se\/wp-json\/wp\/v2\/product_cat?post=20973"},{"taxonomy":"product_tag","embeddable":true,"href":"https:\/\/www.visionxeurope.com\/se\/wp-json\/wp\/v2\/product_tag?post=20973"}],"curies":[{"name":"wp","href":"https:\/\/api.w.org\/{rel}","templated":true}]}}