{"id":20913,"date":"2025-03-12T08:30:00","date_gmt":"2025-03-12T07:30:00","guid":{"rendered":"https:\/\/www.visionxeurope.com\/se\/?post_type=product&#038;p=20913"},"modified":"2026-03-30T14:09:34","modified_gmt":"2026-03-30T12:09:34","slug":"vision-x-micro-shocker-14-90w-e-boost-extraljusramp-e-markt","status":"publish","type":"product","link":"https:\/\/www.visionxeurope.com\/se\/webbutik\/vision-x-micro-shocker-14-90w-e-boost-extraljusramp-e-markt\/","title":{"rendered":"VISION X MICRO SHOCKER 14&#8243; 90W E-BOOST EXTRALJUSRAMP E-M\u00c4RKT"},"content":{"rendered":"<p><\/p>\n<p>Vision X Micro Shocker \u00e4r en unik och revolutionerande LED-extraljusramp. Micro Shocker \u00e4r ett resultat av flera \u00e5rs utveckling d\u00e4r all kunskap och erfarenhet hos Vision X har komprimerats ner i ett s\u00e5 litet format som m\u00f6jligt, med en s\u00e5 stor effekt som m\u00f6jligt.<\/p>\n<p><\/p>\n<p><\/p>\n<p>Micro Shocker \u00e4r en otroligt kompakt extraljusramp med en helt oslagbar ljusstyrka. Denna LED-extraljusramp \u00e4r perfekt f\u00f6r montage p\u00e5 moderna fordon med begr\u00e4nsade utrymmen, men \u00e4ven i mer traditionella milj\u00f6er d\u00e4r h\u00e5llbarhet, synlighet och effektivitet \u00e4r extra viktigt.<\/p>\n<p><\/p>\n<p><\/p>\n<p>Vision X Micro Shocker har 9 st h\u00f6geffektiva CREE XPL-HI LED-dioder, som levererar upp till 90W (3560 lm) riktat ljus (spot) med en unik E-boost-funktion. Micro Shocker \u00e4r enbart 37 x 4 cm stor (14&#8243;), men har ett ljus som brukar kr\u00e4va en 2-3 g\u00e5nger s\u00e5 stor LED-extraljusramp. Denna extraljusramp har \u00e4ven en riktigt snygg Halo-effekt (i vitt\/gult ljus).<\/p>\n<p><\/p>\n<p><\/p>\n<p>Micro Shocker \u00e4r e-m\u00e4rkt med ett l\u00e4gre ljusl\u00e4ge p\u00e5 33W, samt har ett inbyggt (gult) varningsljus som \u00e4r godk\u00e4nt enligt ECE-R65. Med Micro Shocker f\u00e5r man varningsljus och extraljus i ett och samma (kompakta) format. Extraljusrampen \u00e4r perfekt f\u00f6r arbetsfordon, entreprenad och lastbilar som beh\u00f6ver synas ordentligt.<\/p>\n<p><\/p>\n<p><\/p>\n<p>Vision X Micro Shocker \u00e4r IP68\/IP69K-klassad med 21G vibrationsklass. Den \u00e4r \u00e4ven CISPR25-klassad, med EMC-filter som inte st\u00f6r ett fordons elektroniska system. Med ett lamphus av flygplansaluminium och polykarbonatlins \u00e4r Micro Shocker i princip of\u00f6rst\u00f6rbar &#8211; vilket Vision X st\u00e5r bakom med en funktionsgaranti p\u00e5 hela 7 \u00e5r.<\/p>\n<p><\/p>\n<p><\/p>\n<p><strong>Egenskaper:<\/strong><\/p>\n<p><\/p>\n<p><\/p>\n<ul class=\"wp-block-list\"><\/p>\n<li>Unik E-boost ger oslagbart ljus i litet format<\/li>\n<p><\/p>\n<p><\/p>\n<li>Kompakt extraljusramp f\u00f6r montage i tr\u00e5nga utrymmen<\/li>\n<p><\/p>\n<p><\/p>\n<li>E-m\u00e4rkt och ECE-R65, extraljus och varningsljus i ett<\/li>\n<p><\/p>\n<p><\/p>\n<li>Vitt eller orange positionsljus<\/li>\n<p><\/p>\n<p><\/p>\n<li>Oerh\u00f6rt t\u00e5lig med IP68\/IP69K-klassning<\/li>\n<p><\/p>\n<p><\/p>\n<li>7 \u00e5rs funktionsgaranti fr\u00e5n Vision X<\/li>\n<p><\/ul>\n<p><\/p>\n<p><\/p>\n<p><strong>Data:<\/strong><\/p>\n<p><\/p>\n<p><\/p>\n<ul class=\"wp-block-list\"><\/p>\n<li>Ber\u00e4knad livsl\u00e4ngd: 50 000 timmar<\/li>\n<p><\/p>\n<p><\/p>\n<li>E-m\u00e4rkt: Ja<\/li>\n<p><\/p>\n<p><\/p>\n<li>Watt: 33 W\/90 W (E-m\u00e4rkt\/E-boost)<\/li>\n<p><\/p>\n<p><\/p>\n<li>LED: 9 st CREE XPL-HI LED<\/li>\n<p><\/p>\n<p><\/p>\n<li>Lumen: 3 560 lm\/1 650 lm<\/li>\n<p><\/p>\n<p><\/p>\n<li>Ljusbild: Spot\/rakt ljus + elliptiskt varningsljus<\/li>\n<p><\/p>\n<p><\/p>\n<li>R\u00e4ckvidd @1Lux: 350 m\/280 m<\/li>\n<p><\/p>\n<p><\/p>\n<li>Sp\u00e4nning: 11-32V<\/li>\n<p><\/p>\n<p><\/p>\n<li>Str\u00f6mf\u00f6rbrukning: 2.75 A\/7.5 A<\/li>\n<p><\/p>\n<p><\/p>\n<li>M\u00e5tt:<ul class=\"wp-block-list\"><\/p>\n<li>Bredd: 370 mm<\/li>\n<p><\/p>\n<p><\/p>\n<li>H\u00f6jd: 40 mm<\/li>\n<p><\/p>\n<p><\/p>\n<li>Djup: 61 mm<\/li>\n<p><\/ul>\n<p><\/li>\n<p><\/p>\n<p><\/p>\n<li>Vikt: 1 kg<\/li>\n<p><\/p>\n<p><\/p>\n<li>Lins: Polykarbonat<\/li>\n<p><\/p>\n<p><\/p>\n<li>Lamphus: Flygplansaluminium<\/li>\n<p><\/p>\n<p><\/p>\n<li>IP-klass: IP68\/IP69K<\/li>\n<p><\/p>\n<p><\/p>\n<li>CISPR25: klass 3 f\u00f6r spot, klass 1 f\u00f6r varning<\/li>\n<p><\/p>\n<p><\/p>\n<li>ECE-R65: klass 1<\/li>\n<p><\/p>\n<p><\/p>\n<li>Vibrationsklass: 21 Grms<\/li>\n<p><\/p>\n<p><\/p>\n<li>Arbetstemperatur: fr\u00e5n -40\u00b0C till +80\u00b0C<\/li>\n<p><\/ul>\n<p><\/p>","protected":false},"excerpt":{"rendered":"<p>Vision X Micro Shocker \u00e4r en unik och revolutionerande LED-extraljusramp. Micro Shocker \u00e4r ett resultat av flera \u00e5rs utveckling d\u00e4r all kunskap och erfarenhet hos Vision X har komprimerats ner i ett s\u00e5 litet format som m\u00f6jligt, med en s\u00e5 stor effekt som m\u00f6jligt.<\/p>\n<p>Micro Shocker \u00e4r en otroligt kompakt extraljusramp med en helt oslagbar ljusstyrka. Denna LED-extraljusramp \u00e4r perfekt f\u00f6r montage p\u00e5 moderna fordon med begr\u00e4nsade utrymmen, men \u00e4ven i mer traditionella milj\u00f6er d\u00e4r h\u00e5llbarhet, synlighet och effektivitet \u00e4r extra viktigt.<\/p>\n<p>Vision X Micro Shocker har 9 st h\u00f6geffektiva CREE XPL-HI LED-dioder, som levererar upp till 90W (3560 lm) riktat ljus (spot) med en unik E-boost-funktion. Micro Shocker \u00e4r enbart 37 x 4 cm stor (14&#8243;), men har ett ljus som brukar kr\u00e4va en 2-3 g\u00e5nger s\u00e5 stor LED-extraljusramp. Denna extraljusramp har \u00e4ven en riktigt snygg Halo-effekt (i vitt\/gult ljus).<\/p>\n<p>Micro Shocker \u00e4r e-m\u00e4rkt med ett l\u00e4gre ljusl\u00e4ge p\u00e5 33W, samt har ett inbyggt (gult) varningsljus som \u00e4r godk\u00e4nt enligt ECE-R65. Med Micro Shocker f\u00e5r man varningsljus och extraljus i ett och samma (kompakta) format. Extraljusrampen \u00e4r perfekt f\u00f6r arbetsfordon, entreprenad och lastbilar som beh\u00f6ver synas ordentligt.<\/p>\n<p>Vision X Micro Shocker \u00e4r IP68\/IP69K-klassad med 21G vibrationsklass. Den \u00e4r \u00e4ven CISPR25-klassad, med EMC-filter som inte st\u00f6r ett fordons elektroniska system. Med ett lamphus av flygplansaluminium och polykarbonatlins \u00e4r Micro Shocker i princip of\u00f6rst\u00f6rbar &#8211; vilket Vision X st\u00e5r bakom med en funktionsgaranti p\u00e5 hela 7 \u00e5r.<\/p>\n<p><strong>Egenskaper:<\/strong><\/p>\n<ul class=\"wp-block-list\">\n<li>Unik E-boost ger oslagbart ljus i litet format<\/li>\n<li>Kompakt extraljusramp f\u00f6r montage i tr\u00e5nga utrymmen<\/li>\n<li>E-m\u00e4rkt och ECE-R65, extraljus och varningsljus i ett<\/li>\n<li>Vitt eller orange positionsljus<\/li>\n<li>Oerh\u00f6rt t\u00e5lig med IP68\/IP69K-klassning<\/li>\n<li>7 \u00e5rs funktionsgaranti fr\u00e5n Vision X<\/li>\n<\/ul>\n<p><strong>Data:<\/strong><\/p>\n<ul class=\"wp-block-list\">\n<li>Ber\u00e4knad livsl\u00e4ngd: 50 000 timmar<\/li>\n<li>E-m\u00e4rkt: Ja<\/li>\n<li>Watt: 33 W\/90 W (E-m\u00e4rkt\/E-boost)<\/li>\n<li>LED: 9 st CREE XPL-HI LED<\/li>\n<li>Lumen: 3 560 lm\/1 650 lm<\/li>\n<li>Ljusbild: Spot\/rakt ljus + elliptiskt varningsljus<\/li>\n<li>R\u00e4ckvidd @1Lux: 350 m\/280 m<\/li>\n<li>Sp\u00e4nning: 11-32V<\/li>\n<li>Str\u00f6mf\u00f6rbrukning: 2.75 A\/7.5 A<\/li>\n<li>M\u00e5tt:\n<ul class=\"wp-block-list\">\n<li>Bredd: 370 mm<\/li>\n<li>H\u00f6jd: 40 mm<\/li>\n<li>Djup: 61 mm<\/li>\n<\/ul>\n<\/li>\n<li>Vikt: 1 kg<\/li>\n<li>Lins: Polykarbonat<\/li>\n<li>Lamphus: Flygplansaluminium<\/li>\n<li>IP-klass: IP68\/IP69K<\/li>\n<li>CISPR25: klass 3 f\u00f6r spot, klass 1 f\u00f6r varning<\/li>\n<li>ECE-R65: klass 1<\/li>\n<li>Vibrationsklass: 21 Grms<\/li>\n<li>Arbetstemperatur: fr\u00e5n -40\u00b0C till +80\u00b0C<\/li>\n<\/ul>\n","protected":false},"featured_media":21057,"comment_status":"closed","ping_status":"closed","template":"","meta":{"editor_notices":[]},"product_brand":[],"product_cat":[1132],"product_tag":[],"class_list":{"0":"post-20913","1":"product","2":"type-product","3":"status-publish","4":"has-post-thumbnail","6":"product_cat-micro-shocker","7":"resize-featured-image","8":"","9":"woocommerce-text-align-left","10":"woocommerce-image-align-center","12":"first","13":"onbackorder","14":"taxable","15":"shipping-taxable","16":"product-type-simple"},"yoast_head":"<!-- This site is optimized with the Yoast SEO Premium plugin v25.0 (Yoast SEO v25.0) - https:\/\/yoast.com\/wordpress\/plugins\/seo\/ -->\n<title>VISION X MICRO SHOCKER 14&quot; 90W E-BOOST EXTRALJUSRAMP E-M\u00c4RKT - Vision X Europe<\/title>\n<meta name=\"robots\" content=\"index, follow, max-snippet:-1, max-image-preview:large, max-video-preview:-1\" \/>\n<link rel=\"canonical\" href=\"https:\/\/www.visionxeurope.com\/se\/webbutik\/vision-x-micro-shocker-14-90w-e-boost-extraljusramp-e-markt\/\" \/>\n<meta property=\"og:locale\" content=\"sv_SE\" \/>\n<meta property=\"og:type\" content=\"article\" \/>\n<meta property=\"og:title\" content=\"VISION X MICRO SHOCKER 14&quot; 90W E-BOOST EXTRALJUSRAMP E-M\u00c4RKT\" \/>\n<meta property=\"og:description\" content=\"Vision X Micro Shocker \u00e4r en unik och revolutionerande LED-extraljusramp. Micro Shocker \u00e4r ett resultat av flera \u00e5rs utveckling d\u00e4r all kunskap och erfarenhet hos Vision X har komprimerats ner i ett s\u00e5 litet format som m\u00f6jligt, med en s\u00e5 stor effekt som m\u00f6jligt. Micro Shocker \u00e4r en otroligt kompakt extraljusramp med en helt oslagbar ljusstyrka. Denna LED-extraljusramp \u00e4r perfekt f\u00f6r montage p\u00e5 moderna fordon med begr\u00e4nsade utrymmen, men \u00e4ven i mer traditionella milj\u00f6er d\u00e4r h\u00e5llbarhet, synlighet och effektivitet \u00e4r extra viktigt. Vision X Micro Shocker har 9 st h\u00f6geffektiva CREE XPL-HI LED-dioder, som levererar upp till 90W (3560 lm) riktat ljus (spot) med en unik E-boost-funktion. Micro Shocker \u00e4r enbart 37 x 4 cm stor (14&#8243;), men har ett ljus som brukar kr\u00e4va en 2-3 g\u00e5nger s\u00e5 stor LED-extraljusramp. Denna extraljusramp har \u00e4ven en riktigt snygg Halo-effekt (i vitt\/gult ljus). Micro Shocker \u00e4r e-m\u00e4rkt med ett l\u00e4gre ljusl\u00e4ge p\u00e5 33W, samt har ett inbyggt (gult) varningsljus som \u00e4r godk\u00e4nt enligt ECE-R65. Med Micro Shocker f\u00e5r man varningsljus och extraljus i ett och samma (kompakta) format. Extraljusrampen \u00e4r perfekt f\u00f6r arbetsfordon, entreprenad och lastbilar som beh\u00f6ver synas ordentligt. Vision X Micro Shocker \u00e4r IP68\/IP69K-klassad med 21G vibrationsklass. Den \u00e4r \u00e4ven CISPR25-klassad, med EMC-filter som inte st\u00f6r ett fordons elektroniska system. Med ett lamphus av flygplansaluminium och polykarbonatlins \u00e4r Micro Shocker i princip of\u00f6rst\u00f6rbar &#8211; vilket Vision X st\u00e5r bakom med en funktionsgaranti p\u00e5 hela 7 \u00e5r. Egenskaper: Unik E-boost ger oslagbart ljus i litet format Kompakt extraljusramp f\u00f6r montage i tr\u00e5nga utrymmen E-m\u00e4rkt och ECE-R65, extraljus och varningsljus i ett Vitt eller orange positionsljus Oerh\u00f6rt t\u00e5lig med IP68\/IP69K-klassning 7 \u00e5rs funktionsgaranti fr\u00e5n Vision X Data: Ber\u00e4knad livsl\u00e4ngd: 50 000 timmar E-m\u00e4rkt: Ja Watt: 33 W\/90 W (E-m\u00e4rkt\/E-boost) LED: 9 st CREE XPL-HI LED Lumen: 3 560 lm\/1 650 lm Ljusbild: Spot\/rakt ljus + elliptiskt varningsljus R\u00e4ckvidd @1Lux: 350 m\/280 m Sp\u00e4nning: 11-32V Str\u00f6mf\u00f6rbrukning: 2.75 A\/7.5 A M\u00e5tt: Bredd: 370 mm H\u00f6jd: 40 mm Djup: 61 mm  Vikt: 1 kg Lins: Polykarbonat Lamphus: Flygplansaluminium IP-klass: IP68\/IP69K CISPR25: klass 3 f\u00f6r spot, klass 1 f\u00f6r varning ECE-R65: klass 1 Vibrationsklass: 21 Grms Arbetstemperatur: fr\u00e5n -40\u00b0C till +80\u00b0C\" \/>\n<meta property=\"og:url\" content=\"https:\/\/www.visionxeurope.com\/se\/webbutik\/vision-x-micro-shocker-14-90w-e-boost-extraljusramp-e-markt\/\" \/>\n<meta property=\"og:site_name\" content=\"Vision X Europe\" \/>\n<meta property=\"article:publisher\" content=\"https:\/\/www.facebook.com\/visionxeurope\" \/>\n<meta property=\"article:modified_time\" content=\"2026-03-30T12:09:34+00:00\" \/>\n<meta property=\"og:image\" content=\"https:\/\/www.visionxeurope.com\/se\/wp-content\/uploads\/sites\/7\/2024\/09\/RA-XPS-H9E.jpg\" \/>\n\t<meta property=\"og:image:width\" content=\"1920\" \/>\n\t<meta property=\"og:image:height\" content=\"1920\" \/>\n\t<meta property=\"og:image:type\" content=\"image\/jpeg\" \/>\n<meta name=\"twitter:card\" content=\"summary_large_image\" \/>\n<meta name=\"twitter:label1\" content=\"Pris\" \/>\n\t<meta name=\"twitter:data1\" content=\"5 196,00&nbsp;&#107;&#114; exkl. moms\" \/>\n\t<meta name=\"twitter:label2\" content=\"Tillg\u00e4nglig\" \/>\n\t<meta name=\"twitter:data2\" content=\"P\u00e5 restorder\" \/>\n<script type=\"application\/ld+json\" class=\"yoast-schema-graph\">{\"@context\":\"https:\/\/schema.org\",\"@graph\":[{\"@type\":\"WebPage\",\"@id\":\"https:\/\/www.visionxeurope.com\/se\/webbutik\/vision-x-micro-shocker-14-90w-e-boost-extraljusramp-e-markt\/\",\"url\":\"https:\/\/www.visionxeurope.com\/se\/webbutik\/vision-x-micro-shocker-14-90w-e-boost-extraljusramp-e-markt\/\",\"name\":\"VISION X MICRO SHOCKER 14\\\" 90W E-BOOST EXTRALJUSRAMP E-M\u00c4RKT - Vision X Europe\",\"isPartOf\":{\"@id\":\"https:\/\/www.visionxeurope.com\/se\/#website\"},\"primaryImageOfPage\":{\"@id\":\"https:\/\/www.visionxeurope.com\/se\/webbutik\/vision-x-micro-shocker-14-90w-e-boost-extraljusramp-e-markt\/#primaryimage\"},\"image\":{\"@id\":\"https:\/\/www.visionxeurope.com\/se\/webbutik\/vision-x-micro-shocker-14-90w-e-boost-extraljusramp-e-markt\/#primaryimage\"},\"thumbnailUrl\":\"https:\/\/www.visionxeurope.com\/se\/wp-content\/uploads\/sites\/7\/2024\/09\/RA-XPS-H9E.jpg\",\"datePublished\":\"2025-03-12T07:30:00+00:00\",\"dateModified\":\"2026-03-30T12:09:34+00:00\",\"breadcrumb\":{\"@id\":\"https:\/\/www.visionxeurope.com\/se\/webbutik\/vision-x-micro-shocker-14-90w-e-boost-extraljusramp-e-markt\/#breadcrumb\"},\"inLanguage\":\"sv-SE\",\"potentialAction\":[{\"@type\":\"ReadAction\",\"target\":[\"https:\/\/www.visionxeurope.com\/se\/webbutik\/vision-x-micro-shocker-14-90w-e-boost-extraljusramp-e-markt\/\"]}]},{\"@type\":\"ImageObject\",\"inLanguage\":\"sv-SE\",\"@id\":\"https:\/\/www.visionxeurope.com\/se\/webbutik\/vision-x-micro-shocker-14-90w-e-boost-extraljusramp-e-markt\/#primaryimage\",\"url\":\"https:\/\/www.visionxeurope.com\/se\/wp-content\/uploads\/sites\/7\/2024\/09\/RA-XPS-H9E.jpg\",\"contentUrl\":\"https:\/\/www.visionxeurope.com\/se\/wp-content\/uploads\/sites\/7\/2024\/09\/RA-XPS-H9E.jpg\",\"width\":1920,\"height\":1920},{\"@type\":\"BreadcrumbList\",\"@id\":\"https:\/\/www.visionxeurope.com\/se\/webbutik\/vision-x-micro-shocker-14-90w-e-boost-extraljusramp-e-markt\/#breadcrumb\",\"itemListElement\":[{\"@type\":\"ListItem\",\"position\":1,\"name\":\"Hem\",\"item\":\"https:\/\/www.visionxeurope.com\/se\/\"},{\"@type\":\"ListItem\",\"position\":2,\"name\":\"Webbutik\",\"item\":\"https:\/\/www.visionxeurope.com\/se\/webbutik\/\"},{\"@type\":\"ListItem\",\"position\":3,\"name\":\"VISION X MICRO SHOCKER 14&#8243; 90W E-BOOST EXTRALJUSRAMP E-M\u00c4RKT\"}]},{\"@type\":\"WebSite\",\"@id\":\"https:\/\/www.visionxeurope.com\/se\/#website\",\"url\":\"https:\/\/www.visionxeurope.com\/se\/\",\"name\":\"Vision X Europe\",\"description\":\"\",\"publisher\":{\"@id\":\"https:\/\/www.visionxeurope.com\/se\/#organization\"},\"potentialAction\":[{\"@type\":\"SearchAction\",\"target\":{\"@type\":\"EntryPoint\",\"urlTemplate\":\"https:\/\/www.visionxeurope.com\/se\/?s={search_term_string}\"},\"query-input\":{\"@type\":\"PropertyValueSpecification\",\"valueRequired\":true,\"valueName\":\"search_term_string\"}}],\"inLanguage\":\"sv-SE\"},{\"@type\":\"Organization\",\"@id\":\"https:\/\/www.visionxeurope.com\/se\/#organization\",\"name\":\"Vision X Europe\",\"url\":\"https:\/\/www.visionxeurope.com\/se\/\",\"logo\":{\"@type\":\"ImageObject\",\"inLanguage\":\"sv-SE\",\"@id\":\"https:\/\/www.visionxeurope.com\/se\/#\/schema\/logo\/image\/\",\"url\":\"https:\/\/www.visionxeurope.com\/se\/wp-content\/uploads\/sites\/7\/2021\/04\/visionxeurope.png\",\"contentUrl\":\"https:\/\/www.visionxeurope.com\/se\/wp-content\/uploads\/sites\/7\/2021\/04\/visionxeurope.png\",\"width\":300,\"height\":110,\"caption\":\"Vision X Europe\"},\"image\":{\"@id\":\"https:\/\/www.visionxeurope.com\/se\/#\/schema\/logo\/image\/\"},\"sameAs\":[\"https:\/\/www.facebook.com\/visionxeurope\",\"https:\/\/www.instagram.com\/visionxeurope\/\"]}]}<\/script>\n<meta property=\"product:price:amount\" content=\"5196.00\" \/>\n<meta property=\"product:price:currency\" content=\"SEK\" \/>\n<meta property=\"og:availability\" content=\"backorder\" \/>\n<meta property=\"product:availability\" content=\"available for order\" \/>\n<meta property=\"product:retailer_item_id\" content=\"RA-XPS-H9E\" \/>\n<meta property=\"product:condition\" content=\"new\" \/>\n<!-- \/ Yoast SEO Premium plugin. -->","yoast_head_json":{"title":"VISION X MICRO SHOCKER 14\" 90W E-BOOST EXTRALJUSRAMP E-M\u00c4RKT - Vision X Europe","robots":{"index":"index","follow":"follow","max-snippet":"max-snippet:-1","max-image-preview":"max-image-preview:large","max-video-preview":"max-video-preview:-1"},"canonical":"https:\/\/www.visionxeurope.com\/se\/webbutik\/vision-x-micro-shocker-14-90w-e-boost-extraljusramp-e-markt\/","og_locale":"sv_SE","og_type":"article","og_title":"VISION X MICRO SHOCKER 14\" 90W E-BOOST EXTRALJUSRAMP E-M\u00c4RKT","og_description":"Vision X Micro Shocker \u00e4r en unik och revolutionerande LED-extraljusramp. Micro Shocker \u00e4r ett resultat av flera \u00e5rs utveckling d\u00e4r all kunskap och erfarenhet hos Vision X har komprimerats ner i ett s\u00e5 litet format som m\u00f6jligt, med en s\u00e5 stor effekt som m\u00f6jligt. Micro Shocker \u00e4r en otroligt kompakt extraljusramp med en helt oslagbar ljusstyrka. Denna LED-extraljusramp \u00e4r perfekt f\u00f6r montage p\u00e5 moderna fordon med begr\u00e4nsade utrymmen, men \u00e4ven i mer traditionella milj\u00f6er d\u00e4r h\u00e5llbarhet, synlighet och effektivitet \u00e4r extra viktigt. Vision X Micro Shocker har 9 st h\u00f6geffektiva CREE XPL-HI LED-dioder, som levererar upp till 90W (3560 lm) riktat ljus (spot) med en unik E-boost-funktion. Micro Shocker \u00e4r enbart 37 x 4 cm stor (14&#8243;), men har ett ljus som brukar kr\u00e4va en 2-3 g\u00e5nger s\u00e5 stor LED-extraljusramp. Denna extraljusramp har \u00e4ven en riktigt snygg Halo-effekt (i vitt\/gult ljus). Micro Shocker \u00e4r e-m\u00e4rkt med ett l\u00e4gre ljusl\u00e4ge p\u00e5 33W, samt har ett inbyggt (gult) varningsljus som \u00e4r godk\u00e4nt enligt ECE-R65. Med Micro Shocker f\u00e5r man varningsljus och extraljus i ett och samma (kompakta) format. Extraljusrampen \u00e4r perfekt f\u00f6r arbetsfordon, entreprenad och lastbilar som beh\u00f6ver synas ordentligt. Vision X Micro Shocker \u00e4r IP68\/IP69K-klassad med 21G vibrationsklass. Den \u00e4r \u00e4ven CISPR25-klassad, med EMC-filter som inte st\u00f6r ett fordons elektroniska system. Med ett lamphus av flygplansaluminium och polykarbonatlins \u00e4r Micro Shocker i princip of\u00f6rst\u00f6rbar &#8211; vilket Vision X st\u00e5r bakom med en funktionsgaranti p\u00e5 hela 7 \u00e5r. Egenskaper: Unik E-boost ger oslagbart ljus i litet format Kompakt extraljusramp f\u00f6r montage i tr\u00e5nga utrymmen E-m\u00e4rkt och ECE-R65, extraljus och varningsljus i ett Vitt eller orange positionsljus Oerh\u00f6rt t\u00e5lig med IP68\/IP69K-klassning 7 \u00e5rs funktionsgaranti fr\u00e5n Vision X Data: Ber\u00e4knad livsl\u00e4ngd: 50 000 timmar E-m\u00e4rkt: Ja Watt: 33 W\/90 W (E-m\u00e4rkt\/E-boost) LED: 9 st CREE XPL-HI LED Lumen: 3 560 lm\/1 650 lm Ljusbild: Spot\/rakt ljus + elliptiskt varningsljus R\u00e4ckvidd @1Lux: 350 m\/280 m Sp\u00e4nning: 11-32V Str\u00f6mf\u00f6rbrukning: 2.75 A\/7.5 A M\u00e5tt: Bredd: 370 mm H\u00f6jd: 40 mm Djup: 61 mm  Vikt: 1 kg Lins: Polykarbonat Lamphus: Flygplansaluminium IP-klass: IP68\/IP69K CISPR25: klass 3 f\u00f6r spot, klass 1 f\u00f6r varning ECE-R65: klass 1 Vibrationsklass: 21 Grms Arbetstemperatur: fr\u00e5n -40\u00b0C till +80\u00b0C","og_url":"https:\/\/www.visionxeurope.com\/se\/webbutik\/vision-x-micro-shocker-14-90w-e-boost-extraljusramp-e-markt\/","og_site_name":"Vision X Europe","article_publisher":"https:\/\/www.facebook.com\/visionxeurope","article_modified_time":"2026-03-30T12:09:34+00:00","og_image":[{"width":1920,"height":1920,"url":"https:\/\/www.visionxeurope.com\/se\/wp-content\/uploads\/sites\/7\/2024\/09\/RA-XPS-H9E.jpg","type":"image\/jpeg"}],"twitter_card":"summary_large_image","twitter_misc":{"Pris":"5 196,00&nbsp;&#107;&#114; exkl. moms","Tillg\u00e4nglig":"P\u00e5 restorder"},"schema":{"@context":"https:\/\/schema.org","@graph":[{"@type":"WebPage","@id":"https:\/\/www.visionxeurope.com\/se\/webbutik\/vision-x-micro-shocker-14-90w-e-boost-extraljusramp-e-markt\/","url":"https:\/\/www.visionxeurope.com\/se\/webbutik\/vision-x-micro-shocker-14-90w-e-boost-extraljusramp-e-markt\/","name":"VISION X MICRO SHOCKER 14\" 90W E-BOOST EXTRALJUSRAMP E-M\u00c4RKT - Vision X Europe","isPartOf":{"@id":"https:\/\/www.visionxeurope.com\/se\/#website"},"primaryImageOfPage":{"@id":"https:\/\/www.visionxeurope.com\/se\/webbutik\/vision-x-micro-shocker-14-90w-e-boost-extraljusramp-e-markt\/#primaryimage"},"image":{"@id":"https:\/\/www.visionxeurope.com\/se\/webbutik\/vision-x-micro-shocker-14-90w-e-boost-extraljusramp-e-markt\/#primaryimage"},"thumbnailUrl":"https:\/\/www.visionxeurope.com\/se\/wp-content\/uploads\/sites\/7\/2024\/09\/RA-XPS-H9E.jpg","datePublished":"2025-03-12T07:30:00+00:00","dateModified":"2026-03-30T12:09:34+00:00","breadcrumb":{"@id":"https:\/\/www.visionxeurope.com\/se\/webbutik\/vision-x-micro-shocker-14-90w-e-boost-extraljusramp-e-markt\/#breadcrumb"},"inLanguage":"sv-SE","potentialAction":[{"@type":"ReadAction","target":["https:\/\/www.visionxeurope.com\/se\/webbutik\/vision-x-micro-shocker-14-90w-e-boost-extraljusramp-e-markt\/"]}]},{"@type":"ImageObject","inLanguage":"sv-SE","@id":"https:\/\/www.visionxeurope.com\/se\/webbutik\/vision-x-micro-shocker-14-90w-e-boost-extraljusramp-e-markt\/#primaryimage","url":"https:\/\/www.visionxeurope.com\/se\/wp-content\/uploads\/sites\/7\/2024\/09\/RA-XPS-H9E.jpg","contentUrl":"https:\/\/www.visionxeurope.com\/se\/wp-content\/uploads\/sites\/7\/2024\/09\/RA-XPS-H9E.jpg","width":1920,"height":1920},{"@type":"BreadcrumbList","@id":"https:\/\/www.visionxeurope.com\/se\/webbutik\/vision-x-micro-shocker-14-90w-e-boost-extraljusramp-e-markt\/#breadcrumb","itemListElement":[{"@type":"ListItem","position":1,"name":"Hem","item":"https:\/\/www.visionxeurope.com\/se\/"},{"@type":"ListItem","position":2,"name":"Webbutik","item":"https:\/\/www.visionxeurope.com\/se\/webbutik\/"},{"@type":"ListItem","position":3,"name":"VISION X MICRO SHOCKER 14&#8243; 90W E-BOOST EXTRALJUSRAMP E-M\u00c4RKT"}]},{"@type":"WebSite","@id":"https:\/\/www.visionxeurope.com\/se\/#website","url":"https:\/\/www.visionxeurope.com\/se\/","name":"Vision X Europe","description":"","publisher":{"@id":"https:\/\/www.visionxeurope.com\/se\/#organization"},"potentialAction":[{"@type":"SearchAction","target":{"@type":"EntryPoint","urlTemplate":"https:\/\/www.visionxeurope.com\/se\/?s={search_term_string}"},"query-input":{"@type":"PropertyValueSpecification","valueRequired":true,"valueName":"search_term_string"}}],"inLanguage":"sv-SE"},{"@type":"Organization","@id":"https:\/\/www.visionxeurope.com\/se\/#organization","name":"Vision X Europe","url":"https:\/\/www.visionxeurope.com\/se\/","logo":{"@type":"ImageObject","inLanguage":"sv-SE","@id":"https:\/\/www.visionxeurope.com\/se\/#\/schema\/logo\/image\/","url":"https:\/\/www.visionxeurope.com\/se\/wp-content\/uploads\/sites\/7\/2021\/04\/visionxeurope.png","contentUrl":"https:\/\/www.visionxeurope.com\/se\/wp-content\/uploads\/sites\/7\/2021\/04\/visionxeurope.png","width":300,"height":110,"caption":"Vision X Europe"},"image":{"@id":"https:\/\/www.visionxeurope.com\/se\/#\/schema\/logo\/image\/"},"sameAs":["https:\/\/www.facebook.com\/visionxeurope","https:\/\/www.instagram.com\/visionxeurope\/"]}]},"product_price_amount":"5196.00","product_price_currency":"SEK","og_availability":"backorder","product_availability":"available for order","product_retailer_item_id":"RA-XPS-H9E","product_condition":"new"},"_links":{"self":[{"href":"https:\/\/www.visionxeurope.com\/se\/wp-json\/wp\/v2\/product\/20913","targetHints":{"allow":["GET"]}}],"collection":[{"href":"https:\/\/www.visionxeurope.com\/se\/wp-json\/wp\/v2\/product"}],"about":[{"href":"https:\/\/www.visionxeurope.com\/se\/wp-json\/wp\/v2\/types\/product"}],"replies":[{"embeddable":true,"href":"https:\/\/www.visionxeurope.com\/se\/wp-json\/wp\/v2\/comments?post=20913"}],"wp:featuredmedia":[{"embeddable":true,"href":"https:\/\/www.visionxeurope.com\/se\/wp-json\/wp\/v2\/media\/21057"}],"wp:attachment":[{"href":"https:\/\/www.visionxeurope.com\/se\/wp-json\/wp\/v2\/media?parent=20913"}],"wp:term":[{"taxonomy":"product_brand","embeddable":true,"href":"https:\/\/www.visionxeurope.com\/se\/wp-json\/wp\/v2\/product_brand?post=20913"},{"taxonomy":"product_cat","embeddable":true,"href":"https:\/\/www.visionxeurope.com\/se\/wp-json\/wp\/v2\/product_cat?post=20913"},{"taxonomy":"product_tag","embeddable":true,"href":"https:\/\/www.visionxeurope.com\/se\/wp-json\/wp\/v2\/product_tag?post=20913"}],"curies":[{"name":"wp","href":"https:\/\/api.w.org\/{rel}","templated":true}]}}