{"id":19413,"date":"2023-09-26T09:30:00","date_gmt":"2023-09-26T07:30:00","guid":{"rendered":"https:\/\/www.visionxeurope.com\/se\/?post_type=product&#038;p=19413"},"modified":"2026-03-18T16:38:32","modified_gmt":"2026-03-18T15:38:32","slug":"vision-x-vl-series-rund-4-led-12w-w-dt-adr","status":"publish","type":"product","link":"https:\/\/www.visionxeurope.com\/se\/webbutik\/vision-x-vl-series-rund-4-led-12w-w-dt-adr\/","title":{"rendered":"VISION X VL SERIES RUND 4-LED 12W W\/DT ADR"},"content":{"rendered":"<p><\/p>\n<p>Vision X VL-serien \u00e4r en kraftfull och m\u00e5ngsidig serie arbetslampor i ett kompakt och robust format!<\/p>\n<p><\/p>\n<p><\/p>\n<p>Detta arbetsljus erbjuder en enast\u00e5ende ljusstyrka i h\u00f6gkvalitativ konstruktion. Avst\u00f6rningsskyddad med CISPR 25 klassificering, vibrationst\u00e5lig upp till 15,6 Grms och IP-67 klassad.<\/p>\n<p><\/p>\n<p><\/p>\n<p>Allt detta till ett konkurrenskraftigt pris!<\/p>\n<p><\/p>\n<p><\/p>\n<p><strong>Data:<\/strong><br \/>Lamphus: Robust aluminium.<br \/>Enkel installation med DT-kontakt.<br \/>Sp\u00e4nning: 9-32 volt.<br \/>Str\u00f6mf\u00f6rbrukning: 1A vid 12V.<br \/>Klassning: IP67<br \/>Godk\u00e4nnande: ADR-godk\u00e4nd<br \/>Vibrationsklassning: 15.6 G<br \/>H\u00f6jd: 91 mm<br \/>Bredd: 70 mm<br \/>Djup: 40 mm.<br \/>Watt: 12<br \/>Antal LED: 4 st. x 3W<br \/>R\u00e5a lumens: 1544<br \/>Effektiva lumen: 1081<br \/>EMC godk\u00e4nnande: CISPR25 Class 3.<\/p>\n<p><\/p>","protected":false},"excerpt":{"rendered":"<p>Vision X VL-serien \u00e4r en kraftfull och m\u00e5ngsidig serie arbetslampor i ett kompakt och robust format!<\/p>\n<p>Detta arbetsljus erbjuder en enast\u00e5ende ljusstyrka i h\u00f6gkvalitativ konstruktion. Avst\u00f6rningsskyddad med CISPR 25 klassificering, vibrationst\u00e5lig upp till 15,6 Grms och IP-67 klassad.<\/p>\n<p>Allt detta till ett konkurrenskraftigt pris!<\/p>\n<p><strong>Data:<\/strong><br \/>Lamphus: Robust aluminium.<br \/>Enkel installation med DT-kontakt.<br \/>Sp\u00e4nning: 9-32 volt.<br \/>Str\u00f6mf\u00f6rbrukning: 1A vid 12V.<br \/>Klassning: IP67<br \/>Godk\u00e4nnande: ADR-godk\u00e4nd<br \/>Vibrationsklassning: 15.6 G<br \/>H\u00f6jd: 91 mm<br \/>Bredd: 70 mm<br \/>Djup: 40 mm.<br \/>Watt: 12<br \/>Antal LED: 4 st. x 3W<br \/>R\u00e5a lumens: 1544<br \/>Effektiva lumen: 1081<br \/>EMC godk\u00e4nnande: CISPR25 Class 3.<\/p>\n","protected":false},"featured_media":19415,"comment_status":"closed","ping_status":"closed","template":"","meta":{"editor_notices":[]},"product_brand":[],"product_cat":[62],"product_tag":[],"class_list":{"0":"post-19413","1":"product","2":"type-product","3":"status-publish","4":"has-post-thumbnail","6":"product_cat-vl-series","7":"resize-featured-image","8":"","9":"woocommerce-text-align-left","10":"woocommerce-image-align-center","12":"first","13":"instock","14":"taxable","15":"shipping-taxable","16":"product-type-simple"},"yoast_head":"<!-- This site is optimized with the Yoast SEO Premium plugin v25.0 (Yoast SEO v25.0) - https:\/\/yoast.com\/wordpress\/plugins\/seo\/ -->\n<title>VISION X VL SERIES RUND 4-LED 12W W\/DT ADR - Vision X Europe<\/title>\n<meta name=\"robots\" content=\"index, follow, max-snippet:-1, max-image-preview:large, max-video-preview:-1\" \/>\n<link rel=\"canonical\" href=\"https:\/\/www.visionxeurope.com\/se\/webbutik\/vision-x-vl-series-rund-4-led-12w-w-dt-adr\/\" \/>\n<meta property=\"og:locale\" content=\"sv_SE\" \/>\n<meta property=\"og:type\" content=\"article\" \/>\n<meta property=\"og:title\" content=\"VISION X VL SERIES RUND 4-LED 12W W\/DT ADR\" \/>\n<meta property=\"og:description\" content=\"Vision X VL-serien \u00e4r en kraftfull och m\u00e5ngsidig serie arbetslampor i ett kompakt och robust format! Detta arbetsljus erbjuder en enast\u00e5ende ljusstyrka i h\u00f6gkvalitativ konstruktion. Avst\u00f6rningsskyddad med CISPR 25 klassificering, vibrationst\u00e5lig upp till 15,6 Grms och IP-67 klassad. Allt detta till ett konkurrenskraftigt pris! Data:Lamphus: Robust aluminium.Enkel installation med DT-kontakt.Sp\u00e4nning: 9-32 volt.Str\u00f6mf\u00f6rbrukning: 1A vid 12V.Klassning: IP67Godk\u00e4nnande: ADR-godk\u00e4ndVibrationsklassning: 15.6 GH\u00f6jd: 91 mmBredd: 70 mmDjup: 40 mm.Watt: 12Antal LED: 4 st. x 3WR\u00e5a lumens: 1544Effektiva lumen: 1081EMC godk\u00e4nnande: CISPR25 Class 3.\" \/>\n<meta property=\"og:url\" content=\"https:\/\/www.visionxeurope.com\/se\/webbutik\/vision-x-vl-series-rund-4-led-12w-w-dt-adr\/\" \/>\n<meta property=\"og:site_name\" content=\"Vision X Europe\" \/>\n<meta property=\"article:publisher\" content=\"https:\/\/www.facebook.com\/visionxeurope\" \/>\n<meta property=\"article:modified_time\" content=\"2026-03-18T15:38:32+00:00\" \/>\n<meta property=\"og:image\" content=\"https:\/\/www.visionxeurope.com\/se\/wp-content\/uploads\/sites\/7\/2023\/09\/VWR030440.jpg\" \/>\n\t<meta property=\"og:image:width\" content=\"1920\" \/>\n\t<meta property=\"og:image:height\" content=\"1920\" \/>\n\t<meta property=\"og:image:type\" content=\"image\/jpeg\" \/>\n<meta name=\"twitter:card\" content=\"summary_large_image\" \/>\n<meta name=\"twitter:label1\" content=\"Pris\" \/>\n\t<meta name=\"twitter:data1\" content=\"592,00&nbsp;&#107;&#114; exkl. moms\" \/>\n\t<meta name=\"twitter:label2\" content=\"Tillg\u00e4nglig\" \/>\n\t<meta name=\"twitter:data2\" content=\"I lager\" \/>\n<script type=\"application\/ld+json\" class=\"yoast-schema-graph\">{\"@context\":\"https:\/\/schema.org\",\"@graph\":[{\"@type\":\"WebPage\",\"@id\":\"https:\/\/www.visionxeurope.com\/se\/webbutik\/vision-x-vl-series-rund-4-led-12w-w-dt-adr\/\",\"url\":\"https:\/\/www.visionxeurope.com\/se\/webbutik\/vision-x-vl-series-rund-4-led-12w-w-dt-adr\/\",\"name\":\"VISION X VL SERIES RUND 4-LED 12W W\/DT ADR - Vision X Europe\",\"isPartOf\":{\"@id\":\"https:\/\/www.visionxeurope.com\/se\/#website\"},\"primaryImageOfPage\":{\"@id\":\"https:\/\/www.visionxeurope.com\/se\/webbutik\/vision-x-vl-series-rund-4-led-12w-w-dt-adr\/#primaryimage\"},\"image\":{\"@id\":\"https:\/\/www.visionxeurope.com\/se\/webbutik\/vision-x-vl-series-rund-4-led-12w-w-dt-adr\/#primaryimage\"},\"thumbnailUrl\":\"https:\/\/www.visionxeurope.com\/se\/wp-content\/uploads\/sites\/7\/2023\/09\/VWR030440.jpg\",\"datePublished\":\"2023-09-26T07:30:00+00:00\",\"dateModified\":\"2026-03-18T15:38:32+00:00\",\"breadcrumb\":{\"@id\":\"https:\/\/www.visionxeurope.com\/se\/webbutik\/vision-x-vl-series-rund-4-led-12w-w-dt-adr\/#breadcrumb\"},\"inLanguage\":\"sv-SE\",\"potentialAction\":[{\"@type\":\"ReadAction\",\"target\":[\"https:\/\/www.visionxeurope.com\/se\/webbutik\/vision-x-vl-series-rund-4-led-12w-w-dt-adr\/\"]}]},{\"@type\":\"ImageObject\",\"inLanguage\":\"sv-SE\",\"@id\":\"https:\/\/www.visionxeurope.com\/se\/webbutik\/vision-x-vl-series-rund-4-led-12w-w-dt-adr\/#primaryimage\",\"url\":\"https:\/\/www.visionxeurope.com\/se\/wp-content\/uploads\/sites\/7\/2023\/09\/VWR030440.jpg\",\"contentUrl\":\"https:\/\/www.visionxeurope.com\/se\/wp-content\/uploads\/sites\/7\/2023\/09\/VWR030440.jpg\",\"width\":1920,\"height\":1920},{\"@type\":\"BreadcrumbList\",\"@id\":\"https:\/\/www.visionxeurope.com\/se\/webbutik\/vision-x-vl-series-rund-4-led-12w-w-dt-adr\/#breadcrumb\",\"itemListElement\":[{\"@type\":\"ListItem\",\"position\":1,\"name\":\"Hem\",\"item\":\"https:\/\/www.visionxeurope.com\/se\/\"},{\"@type\":\"ListItem\",\"position\":2,\"name\":\"Webbutik\",\"item\":\"https:\/\/www.visionxeurope.com\/se\/webbutik\/\"},{\"@type\":\"ListItem\",\"position\":3,\"name\":\"VISION X VL SERIES RUND 4-LED 12W W\/DT ADR\"}]},{\"@type\":\"WebSite\",\"@id\":\"https:\/\/www.visionxeurope.com\/se\/#website\",\"url\":\"https:\/\/www.visionxeurope.com\/se\/\",\"name\":\"Vision X Europe\",\"description\":\"\",\"publisher\":{\"@id\":\"https:\/\/www.visionxeurope.com\/se\/#organization\"},\"potentialAction\":[{\"@type\":\"SearchAction\",\"target\":{\"@type\":\"EntryPoint\",\"urlTemplate\":\"https:\/\/www.visionxeurope.com\/se\/?s={search_term_string}\"},\"query-input\":{\"@type\":\"PropertyValueSpecification\",\"valueRequired\":true,\"valueName\":\"search_term_string\"}}],\"inLanguage\":\"sv-SE\"},{\"@type\":\"Organization\",\"@id\":\"https:\/\/www.visionxeurope.com\/se\/#organization\",\"name\":\"Vision X Europe\",\"url\":\"https:\/\/www.visionxeurope.com\/se\/\",\"logo\":{\"@type\":\"ImageObject\",\"inLanguage\":\"sv-SE\",\"@id\":\"https:\/\/www.visionxeurope.com\/se\/#\/schema\/logo\/image\/\",\"url\":\"https:\/\/www.visionxeurope.com\/se\/wp-content\/uploads\/sites\/7\/2021\/04\/visionxeurope.png\",\"contentUrl\":\"https:\/\/www.visionxeurope.com\/se\/wp-content\/uploads\/sites\/7\/2021\/04\/visionxeurope.png\",\"width\":300,\"height\":110,\"caption\":\"Vision X Europe\"},\"image\":{\"@id\":\"https:\/\/www.visionxeurope.com\/se\/#\/schema\/logo\/image\/\"},\"sameAs\":[\"https:\/\/www.facebook.com\/visionxeurope\",\"https:\/\/www.instagram.com\/visionxeurope\/\"]}]}<\/script>\n<meta property=\"product:price:amount\" content=\"592.00\" \/>\n<meta property=\"product:price:currency\" content=\"SEK\" \/>\n<meta property=\"og:availability\" content=\"instock\" \/>\n<meta property=\"product:availability\" content=\"instock\" \/>\n<meta property=\"product:retailer_item_id\" content=\"VWR030440\" \/>\n<meta property=\"product:condition\" content=\"new\" \/>\n<!-- \/ Yoast SEO Premium plugin. -->","yoast_head_json":{"title":"VISION X VL SERIES RUND 4-LED 12W W\/DT ADR - Vision X Europe","robots":{"index":"index","follow":"follow","max-snippet":"max-snippet:-1","max-image-preview":"max-image-preview:large","max-video-preview":"max-video-preview:-1"},"canonical":"https:\/\/www.visionxeurope.com\/se\/webbutik\/vision-x-vl-series-rund-4-led-12w-w-dt-adr\/","og_locale":"sv_SE","og_type":"article","og_title":"VISION X VL SERIES RUND 4-LED 12W W\/DT ADR","og_description":"Vision X VL-serien \u00e4r en kraftfull och m\u00e5ngsidig serie arbetslampor i ett kompakt och robust format! Detta arbetsljus erbjuder en enast\u00e5ende ljusstyrka i h\u00f6gkvalitativ konstruktion. Avst\u00f6rningsskyddad med CISPR 25 klassificering, vibrationst\u00e5lig upp till 15,6 Grms och IP-67 klassad. Allt detta till ett konkurrenskraftigt pris! Data:Lamphus: Robust aluminium.Enkel installation med DT-kontakt.Sp\u00e4nning: 9-32 volt.Str\u00f6mf\u00f6rbrukning: 1A vid 12V.Klassning: IP67Godk\u00e4nnande: ADR-godk\u00e4ndVibrationsklassning: 15.6 GH\u00f6jd: 91 mmBredd: 70 mmDjup: 40 mm.Watt: 12Antal LED: 4 st. x 3WR\u00e5a lumens: 1544Effektiva lumen: 1081EMC godk\u00e4nnande: CISPR25 Class 3.","og_url":"https:\/\/www.visionxeurope.com\/se\/webbutik\/vision-x-vl-series-rund-4-led-12w-w-dt-adr\/","og_site_name":"Vision X Europe","article_publisher":"https:\/\/www.facebook.com\/visionxeurope","article_modified_time":"2026-03-18T15:38:32+00:00","og_image":[{"width":1920,"height":1920,"url":"https:\/\/www.visionxeurope.com\/se\/wp-content\/uploads\/sites\/7\/2023\/09\/VWR030440.jpg","type":"image\/jpeg"}],"twitter_card":"summary_large_image","twitter_misc":{"Pris":"592,00&nbsp;&#107;&#114; exkl. moms","Tillg\u00e4nglig":"I lager"},"schema":{"@context":"https:\/\/schema.org","@graph":[{"@type":"WebPage","@id":"https:\/\/www.visionxeurope.com\/se\/webbutik\/vision-x-vl-series-rund-4-led-12w-w-dt-adr\/","url":"https:\/\/www.visionxeurope.com\/se\/webbutik\/vision-x-vl-series-rund-4-led-12w-w-dt-adr\/","name":"VISION X VL SERIES RUND 4-LED 12W W\/DT ADR - Vision X Europe","isPartOf":{"@id":"https:\/\/www.visionxeurope.com\/se\/#website"},"primaryImageOfPage":{"@id":"https:\/\/www.visionxeurope.com\/se\/webbutik\/vision-x-vl-series-rund-4-led-12w-w-dt-adr\/#primaryimage"},"image":{"@id":"https:\/\/www.visionxeurope.com\/se\/webbutik\/vision-x-vl-series-rund-4-led-12w-w-dt-adr\/#primaryimage"},"thumbnailUrl":"https:\/\/www.visionxeurope.com\/se\/wp-content\/uploads\/sites\/7\/2023\/09\/VWR030440.jpg","datePublished":"2023-09-26T07:30:00+00:00","dateModified":"2026-03-18T15:38:32+00:00","breadcrumb":{"@id":"https:\/\/www.visionxeurope.com\/se\/webbutik\/vision-x-vl-series-rund-4-led-12w-w-dt-adr\/#breadcrumb"},"inLanguage":"sv-SE","potentialAction":[{"@type":"ReadAction","target":["https:\/\/www.visionxeurope.com\/se\/webbutik\/vision-x-vl-series-rund-4-led-12w-w-dt-adr\/"]}]},{"@type":"ImageObject","inLanguage":"sv-SE","@id":"https:\/\/www.visionxeurope.com\/se\/webbutik\/vision-x-vl-series-rund-4-led-12w-w-dt-adr\/#primaryimage","url":"https:\/\/www.visionxeurope.com\/se\/wp-content\/uploads\/sites\/7\/2023\/09\/VWR030440.jpg","contentUrl":"https:\/\/www.visionxeurope.com\/se\/wp-content\/uploads\/sites\/7\/2023\/09\/VWR030440.jpg","width":1920,"height":1920},{"@type":"BreadcrumbList","@id":"https:\/\/www.visionxeurope.com\/se\/webbutik\/vision-x-vl-series-rund-4-led-12w-w-dt-adr\/#breadcrumb","itemListElement":[{"@type":"ListItem","position":1,"name":"Hem","item":"https:\/\/www.visionxeurope.com\/se\/"},{"@type":"ListItem","position":2,"name":"Webbutik","item":"https:\/\/www.visionxeurope.com\/se\/webbutik\/"},{"@type":"ListItem","position":3,"name":"VISION X VL SERIES RUND 4-LED 12W W\/DT ADR"}]},{"@type":"WebSite","@id":"https:\/\/www.visionxeurope.com\/se\/#website","url":"https:\/\/www.visionxeurope.com\/se\/","name":"Vision X Europe","description":"","publisher":{"@id":"https:\/\/www.visionxeurope.com\/se\/#organization"},"potentialAction":[{"@type":"SearchAction","target":{"@type":"EntryPoint","urlTemplate":"https:\/\/www.visionxeurope.com\/se\/?s={search_term_string}"},"query-input":{"@type":"PropertyValueSpecification","valueRequired":true,"valueName":"search_term_string"}}],"inLanguage":"sv-SE"},{"@type":"Organization","@id":"https:\/\/www.visionxeurope.com\/se\/#organization","name":"Vision X Europe","url":"https:\/\/www.visionxeurope.com\/se\/","logo":{"@type":"ImageObject","inLanguage":"sv-SE","@id":"https:\/\/www.visionxeurope.com\/se\/#\/schema\/logo\/image\/","url":"https:\/\/www.visionxeurope.com\/se\/wp-content\/uploads\/sites\/7\/2021\/04\/visionxeurope.png","contentUrl":"https:\/\/www.visionxeurope.com\/se\/wp-content\/uploads\/sites\/7\/2021\/04\/visionxeurope.png","width":300,"height":110,"caption":"Vision X Europe"},"image":{"@id":"https:\/\/www.visionxeurope.com\/se\/#\/schema\/logo\/image\/"},"sameAs":["https:\/\/www.facebook.com\/visionxeurope","https:\/\/www.instagram.com\/visionxeurope\/"]}]},"product_price_amount":"592.00","product_price_currency":"SEK","og_availability":"instock","product_availability":"instock","product_retailer_item_id":"VWR030440","product_condition":"new"},"_links":{"self":[{"href":"https:\/\/www.visionxeurope.com\/se\/wp-json\/wp\/v2\/product\/19413","targetHints":{"allow":["GET"]}}],"collection":[{"href":"https:\/\/www.visionxeurope.com\/se\/wp-json\/wp\/v2\/product"}],"about":[{"href":"https:\/\/www.visionxeurope.com\/se\/wp-json\/wp\/v2\/types\/product"}],"replies":[{"embeddable":true,"href":"https:\/\/www.visionxeurope.com\/se\/wp-json\/wp\/v2\/comments?post=19413"}],"wp:featuredmedia":[{"embeddable":true,"href":"https:\/\/www.visionxeurope.com\/se\/wp-json\/wp\/v2\/media\/19415"}],"wp:attachment":[{"href":"https:\/\/www.visionxeurope.com\/se\/wp-json\/wp\/v2\/media?parent=19413"}],"wp:term":[{"taxonomy":"product_brand","embeddable":true,"href":"https:\/\/www.visionxeurope.com\/se\/wp-json\/wp\/v2\/product_brand?post=19413"},{"taxonomy":"product_cat","embeddable":true,"href":"https:\/\/www.visionxeurope.com\/se\/wp-json\/wp\/v2\/product_cat?post=19413"},{"taxonomy":"product_tag","embeddable":true,"href":"https:\/\/www.visionxeurope.com\/se\/wp-json\/wp\/v2\/product_tag?post=19413"}],"curies":[{"name":"wp","href":"https:\/\/api.w.org\/{rel}","templated":true}]}}