{"id":19384,"date":"2024-12-24T15:00:00","date_gmt":"2024-12-24T14:00:00","guid":{"rendered":"https:\/\/www.visionxeurope.com\/se\/?post_type=product&#038;p=19384"},"modified":"2026-03-20T10:48:27","modified_gmt":"2026-03-20T09:48:27","slug":"vision-x-shocker-12-dual-action-led-extraljus-60w-100w-selective-yellow","status":"publish","type":"product","link":"https:\/\/www.visionxeurope.com\/se\/webbutik\/vision-x-shocker-12-dual-action-led-extraljus-60w-100w-selective-yellow\/","title":{"rendered":"VISION X SHOCKER 12&#8243; DUAL ACTION LED EXTRALJUS 60W\/100W SELECTIVE YELLOW"},"content":{"rendered":"<p>Vision X Shocker Dual Action LED Light ger dig ett extraljus som kan anpassas efter v\u00e4xlande v\u00e4derf\u00f6rh\u00e5llanden med en enkel knapptryckning.<\/p><p>Utnyttja fj\u00e4rrljusl\u00e4get \u2013 VRT (Vector Reflector Technology) vid h\u00f6gre hastigheter och goda siktf\u00f6rh\u00e5llanden som ett normalt h\u00f6gpresterande LED-extraljus. Shocker 40\u2033 kan leverera upp till 25 680 lumen som r\u00e4cker hela 688 meter bort @1Lux.<\/p><p>Men det \u00e4r n\u00e4r dimma och sn\u00f6 skymmer din v\u00e4g som Shocker blir extra intressant. N\u00e4r du v\u00e4xlar \u00f6ver till flodljusl\u00e4get \u2013 PLC (Photon Light Core Technology) skjuter Shocker ut en 170\u00b0 bred ljusbild som p\u00e5minner om ett dimljus, men med avsev\u00e4rt h\u00f6gre styrka och r\u00e4ckvidd. F\u00f6rest\u00e4ll dig ett dimljus som n\u00e5r lika l\u00e5ngt som helljuset p\u00e5 m\u00e5nga moderna bilar s\u00e5 kanske du f\u00f6rst\u00e5r vad Shocker handlar om!<\/p><p>Fj\u00e4rrljusl\u00e4get p\u00e5 samtliga Shocker \u00e4r vitt f\u00f6r maximalt ljusutbyte och r\u00e4ckvidd. Flodljusl\u00e4get d\u00e4remot finns att f\u00e5 som vitt eller gult. Vilket man f\u00f6redrar \u00e4r lite av en smaksak, men generellt ger ett vitt ljus lite b\u00e4ttre r\u00e4ckvidd och of\u00f6rvr\u00e4ngda f\u00e4rger. Gult ljus ger ett ljus som upplevs mindre p\u00e5frestande f\u00f6r \u00f6gonen under l\u00e4ngre k\u00f6rning, men offrar lite av ljusm\u00e4ngd och f\u00e4rg\u00e5tergivning.<\/p><p><strong>Selective Yellow:<\/strong> Denna modell av Shocker har en gul lins \u00f6ver samtliga LED-dioder, vilket ger ett tydligt gult ljus ist\u00e4llet f\u00f6r ett vitt ljus &#8211; b\u00e5de f\u00f6r fj\u00e4rrljus och flodljus. Det gula ljuset \u00e4r mer f\u00f6rdelaktigt vid f\u00e4rd i tuffare terr\u00e4ng eller med dimma, regn och sn\u00f6.<\/p><p><strong>Egenskaper:<\/strong><br>Dubbla ljusbilder, fj\u00e4rr\/flod.<br>DRL-funktion (endast 12&amp;rdquo-modellen).<br>Fj\u00e4rrljusl\u00e4ge VRT (Vector Reflector Technology) med vitt ljus.<br>Flodljusl\u00e4ge PLC (Photon Light Core Technology) med vitt ljus.<br>Lamphus av flygplansaluminium.<br>Race-inspirerade sidof\u00e4sten.<br>Kapslingsklass IP68\/IP69K.<br>3-polig Deutsch-kontakt.<br>Komplett kablage med rel\u00e4 och vippstr\u00f6mbrytare ing\u00e5r.<\/p><p><strong>Data:<\/strong><br>Bredd: 304mm<br>H\u00f6jd (m f\u00e4ste): 97 mm<br>Djup: 97 mm<br>Effekt, fj\u00e4rr: 60 W<br>R\u00e5a lumen, fj\u00e4rr: 6420 lm<br>R\u00e4kvidd, fj\u00e4rr @1Lux: 400 m<br>Effekt, flod: 100 W<br>R\u00e5a lumen, flod: 6945 lm<br>R\u00e4ckvidd, flod @1Lux: 145 m<\/p>","protected":false},"excerpt":{"rendered":"<p><!-- wp:paragraph --><\/p>\n<p>Vision X Shocker Dual Action LED Light ger dig ett extraljus som kan anpassas efter v\u00e4xlande v\u00e4derf\u00f6rh\u00e5llanden med en enkel knapptryckning.<\/p>\n<p><!-- \/wp:paragraph --><\/p>\n<p><!-- wp:paragraph --><\/p>\n<p>Utnyttja fj\u00e4rrljusl\u00e4get \u2013 VRT (Vector Reflector Technology) vid h\u00f6gre hastigheter och goda siktf\u00f6rh\u00e5llanden som ett normalt h\u00f6gpresterande LED-extraljus. Shocker 40\u2033 kan leverera upp till 25 680 lumen som r\u00e4cker hela 688 meter bort @1Lux.<\/p>\n<p><!-- \/wp:paragraph --><\/p>\n<p><!-- wp:paragraph --><\/p>\n<p>Men det \u00e4r n\u00e4r dimma och sn\u00f6 skymmer din v\u00e4g som Shocker blir extra intressant. N\u00e4r du v\u00e4xlar \u00f6ver till flodljusl\u00e4get \u2013 PLC (Photon Light Core Technology) skjuter Shocker ut en 170\u00b0 bred ljusbild som p\u00e5minner om ett dimljus, men med avsev\u00e4rt h\u00f6gre styrka och r\u00e4ckvidd. F\u00f6rest\u00e4ll dig ett dimljus som n\u00e5r lika l\u00e5ngt som helljuset p\u00e5 m\u00e5nga moderna bilar s\u00e5 kanske du f\u00f6rst\u00e5r vad Shocker handlar om!<\/p>\n<p><!-- \/wp:paragraph --><\/p>\n<p><!-- wp:paragraph --><\/p>\n<p>Fj\u00e4rrljusl\u00e4get p\u00e5 samtliga Shocker \u00e4r vitt f\u00f6r maximalt ljusutbyte och r\u00e4ckvidd. Flodljusl\u00e4get d\u00e4remot finns att f\u00e5 som vitt eller gult. Vilket man f\u00f6redrar \u00e4r lite av en smaksak, men generellt ger ett vitt ljus lite b\u00e4ttre r\u00e4ckvidd och of\u00f6rvr\u00e4ngda f\u00e4rger. Gult ljus ger ett ljus som upplevs mindre p\u00e5frestande f\u00f6r \u00f6gonen under l\u00e4ngre k\u00f6rning, men offrar lite av ljusm\u00e4ngd och f\u00e4rg\u00e5tergivning.<\/p>\n<p><!-- \/wp:paragraph --><\/p>\n<p><!-- wp:paragraph --><\/p>\n<p><strong>Selective Yellow:<\/strong> Denna modell av Shocker har en gul lins \u00f6ver samtliga LED-dioder, vilket ger ett tydligt gult ljus ist\u00e4llet f\u00f6r ett vitt ljus &#8211; b\u00e5de f\u00f6r fj\u00e4rrljus och flodljus. Det gula ljuset \u00e4r mer f\u00f6rdelaktigt vid f\u00e4rd i tuffare terr\u00e4ng eller med dimma, regn och sn\u00f6.<\/p>\n<p><!-- \/wp:paragraph --><\/p>\n<p><!-- wp:paragraph --><\/p>\n<p><strong>Egenskaper:<\/strong><br \/>Dubbla ljusbilder, fj\u00e4rr\/flod.<br \/>DRL-funktion (endast 12&amp;rdquo-modellen).<br \/>Fj\u00e4rrljusl\u00e4ge VRT (Vector Reflector Technology) med vitt ljus.<br \/>Flodljusl\u00e4ge PLC (Photon Light Core Technology) med vitt ljus.<br \/>Lamphus av flygplansaluminium.<br \/>Race-inspirerade sidof\u00e4sten.<br \/>Kapslingsklass IP68\/IP69K.<br \/>3-polig Deutsch-kontakt.<br \/>Komplett kablage med rel\u00e4 och vippstr\u00f6mbrytare ing\u00e5r.<\/p>\n<p><!-- \/wp:paragraph --><\/p>\n<p><!-- wp:paragraph --><\/p>\n<p><strong>Data:<\/strong><br \/>Bredd: 304mm<br \/>H\u00f6jd (m f\u00e4ste): 97 mm<br \/>Djup: 97 mm<br \/>Effekt, fj\u00e4rr: 60 W<br \/>R\u00e5a lumen, fj\u00e4rr: 6420 lm<br \/>R\u00e4kvidd, fj\u00e4rr @1Lux: 400 m<br \/>Effekt, flod: 100 W<br \/>R\u00e5a lumen, flod: 6945 lm<br \/>R\u00e4ckvidd, flod @1Lux: 145 m<\/p>\n<p><!-- \/wp:paragraph --><\/p>\n","protected":false},"featured_media":21131,"comment_status":"closed","ping_status":"closed","template":"","meta":{"editor_notices":[]},"product_brand":[],"product_cat":[61],"product_tag":[],"class_list":{"0":"post-19384","1":"product","2":"type-product","3":"status-publish","4":"has-post-thumbnail","6":"product_cat-shocker","7":"resize-featured-image","8":"","9":"woocommerce-text-align-left","10":"woocommerce-image-align-center","12":"first","13":"onbackorder","14":"taxable","15":"shipping-taxable","16":"product-type-simple"},"yoast_head":"<!-- This site is optimized with the Yoast SEO Premium plugin v25.0 (Yoast SEO v25.0) - https:\/\/yoast.com\/wordpress\/plugins\/seo\/ -->\n<title>VISION X SHOCKER 12&quot; DUAL ACTION LED EXTRALJUS 60W\/100W SELECTIVE YELLOW - Vision X Europe<\/title>\n<meta name=\"robots\" content=\"index, follow, max-snippet:-1, max-image-preview:large, max-video-preview:-1\" \/>\n<link rel=\"canonical\" href=\"https:\/\/www.visionxeurope.com\/se\/webbutik\/vision-x-shocker-12-dual-action-led-extraljus-60w-100w-selective-yellow\/\" \/>\n<meta property=\"og:locale\" content=\"sv_SE\" \/>\n<meta property=\"og:type\" content=\"article\" \/>\n<meta property=\"og:title\" content=\"VISION X SHOCKER 12&quot; DUAL ACTION LED EXTRALJUS 60W\/100W SELECTIVE YELLOW\" \/>\n<meta property=\"og:description\" content=\"Vision X Shocker Dual Action LED Light ger dig ett extraljus som kan anpassas efter v\u00e4xlande v\u00e4derf\u00f6rh\u00e5llanden med en enkel knapptryckning.    Utnyttja fj\u00e4rrljusl\u00e4get \u2013 VRT (Vector Reflector Technology) vid h\u00f6gre hastigheter och goda siktf\u00f6rh\u00e5llanden som ett normalt h\u00f6gpresterande LED-extraljus. Shocker 40\u2033 kan leverera upp till 25 680 lumen som r\u00e4cker hela 688 meter bort @1Lux.    Men det \u00e4r n\u00e4r dimma och sn\u00f6 skymmer din v\u00e4g som Shocker blir extra intressant. N\u00e4r du v\u00e4xlar \u00f6ver till flodljusl\u00e4get \u2013 PLC (Photon Light Core Technology) skjuter Shocker ut en 170\u00b0 bred ljusbild som p\u00e5minner om ett dimljus, men med avsev\u00e4rt h\u00f6gre styrka och r\u00e4ckvidd. F\u00f6rest\u00e4ll dig ett dimljus som n\u00e5r lika l\u00e5ngt som helljuset p\u00e5 m\u00e5nga moderna bilar s\u00e5 kanske du f\u00f6rst\u00e5r vad Shocker handlar om!    Fj\u00e4rrljusl\u00e4get p\u00e5 samtliga Shocker \u00e4r vitt f\u00f6r maximalt ljusutbyte och r\u00e4ckvidd. Flodljusl\u00e4get d\u00e4remot finns att f\u00e5 som vitt eller gult. Vilket man f\u00f6redrar \u00e4r lite av en smaksak, men generellt ger ett vitt ljus lite b\u00e4ttre r\u00e4ckvidd och of\u00f6rvr\u00e4ngda f\u00e4rger. Gult ljus ger ett ljus som upplevs mindre p\u00e5frestande f\u00f6r \u00f6gonen under l\u00e4ngre k\u00f6rning, men offrar lite av ljusm\u00e4ngd och f\u00e4rg\u00e5tergivning.    Selective Yellow: Denna modell av Shocker har en gul lins \u00f6ver samtliga LED-dioder, vilket ger ett tydligt gult ljus ist\u00e4llet f\u00f6r ett vitt ljus - b\u00e5de f\u00f6r fj\u00e4rrljus och flodljus. Det gula ljuset \u00e4r mer f\u00f6rdelaktigt vid f\u00e4rd i tuffare terr\u00e4ng eller med dimma, regn och sn\u00f6.    Egenskaper:Dubbla ljusbilder, fj\u00e4rr\/flod.DRL-funktion (endast 12&amp;rdquo-modellen).Fj\u00e4rrljusl\u00e4ge VRT (Vector Reflector Technology) med vitt ljus.Flodljusl\u00e4ge PLC (Photon Light Core Technology) med vitt ljus.Lamphus av flygplansaluminium.Race-inspirerade sidof\u00e4sten.Kapslingsklass IP68\/IP69K.3-polig Deutsch-kontakt.Komplett kablage med rel\u00e4 och vippstr\u00f6mbrytare ing\u00e5r.    Data:Bredd: 304mmH\u00f6jd (m f\u00e4ste): 97 mmDjup: 97 mmEffekt, fj\u00e4rr: 60 WR\u00e5a lumen, fj\u00e4rr: 6420 lmR\u00e4kvidd, fj\u00e4rr @1Lux: 400 mEffekt, flod: 100 WR\u00e5a lumen, flod: 6945 lmR\u00e4ckvidd, flod @1Lux: 145 m\" \/>\n<meta property=\"og:url\" content=\"https:\/\/www.visionxeurope.com\/se\/webbutik\/vision-x-shocker-12-dual-action-led-extraljus-60w-100w-selective-yellow\/\" \/>\n<meta property=\"og:site_name\" content=\"Vision X Europe\" \/>\n<meta property=\"article:publisher\" content=\"https:\/\/www.facebook.com\/visionxeurope\" \/>\n<meta property=\"article:modified_time\" content=\"2026-03-20T09:48:27+00:00\" \/>\n<meta property=\"og:image\" content=\"https:\/\/www.visionxeurope.com\/se\/wp-content\/uploads\/sites\/7\/2023\/09\/SHK-BV6WPW.SY_.jpg\" \/>\n\t<meta property=\"og:image:width\" content=\"1920\" \/>\n\t<meta property=\"og:image:height\" content=\"1920\" \/>\n\t<meta property=\"og:image:type\" content=\"image\/jpeg\" \/>\n<meta name=\"twitter:card\" content=\"summary_large_image\" \/>\n<meta name=\"twitter:label1\" content=\"Pris\" \/>\n\t<meta name=\"twitter:data1\" content=\"6 496,00&nbsp;&#107;&#114; exkl. moms\" \/>\n\t<meta name=\"twitter:label2\" content=\"Tillg\u00e4nglig\" \/>\n\t<meta name=\"twitter:data2\" content=\"P\u00e5 restorder\" \/>\n<script type=\"application\/ld+json\" class=\"yoast-schema-graph\">{\"@context\":\"https:\/\/schema.org\",\"@graph\":[{\"@type\":\"WebPage\",\"@id\":\"https:\/\/www.visionxeurope.com\/se\/webbutik\/vision-x-shocker-12-dual-action-led-extraljus-60w-100w-selective-yellow\/\",\"url\":\"https:\/\/www.visionxeurope.com\/se\/webbutik\/vision-x-shocker-12-dual-action-led-extraljus-60w-100w-selective-yellow\/\",\"name\":\"VISION X SHOCKER 12\\\" DUAL ACTION LED EXTRALJUS 60W\/100W SELECTIVE YELLOW - Vision X Europe\",\"isPartOf\":{\"@id\":\"https:\/\/www.visionxeurope.com\/se\/#website\"},\"primaryImageOfPage\":{\"@id\":\"https:\/\/www.visionxeurope.com\/se\/webbutik\/vision-x-shocker-12-dual-action-led-extraljus-60w-100w-selective-yellow\/#primaryimage\"},\"image\":{\"@id\":\"https:\/\/www.visionxeurope.com\/se\/webbutik\/vision-x-shocker-12-dual-action-led-extraljus-60w-100w-selective-yellow\/#primaryimage\"},\"thumbnailUrl\":\"https:\/\/www.visionxeurope.com\/se\/wp-content\/uploads\/sites\/7\/2023\/09\/SHK-BV6WPW.SY_.jpg\",\"datePublished\":\"2024-12-24T14:00:00+00:00\",\"dateModified\":\"2026-03-20T09:48:27+00:00\",\"breadcrumb\":{\"@id\":\"https:\/\/www.visionxeurope.com\/se\/webbutik\/vision-x-shocker-12-dual-action-led-extraljus-60w-100w-selective-yellow\/#breadcrumb\"},\"inLanguage\":\"sv-SE\",\"potentialAction\":[{\"@type\":\"ReadAction\",\"target\":[\"https:\/\/www.visionxeurope.com\/se\/webbutik\/vision-x-shocker-12-dual-action-led-extraljus-60w-100w-selective-yellow\/\"]}]},{\"@type\":\"ImageObject\",\"inLanguage\":\"sv-SE\",\"@id\":\"https:\/\/www.visionxeurope.com\/se\/webbutik\/vision-x-shocker-12-dual-action-led-extraljus-60w-100w-selective-yellow\/#primaryimage\",\"url\":\"https:\/\/www.visionxeurope.com\/se\/wp-content\/uploads\/sites\/7\/2023\/09\/SHK-BV6WPW.SY_.jpg\",\"contentUrl\":\"https:\/\/www.visionxeurope.com\/se\/wp-content\/uploads\/sites\/7\/2023\/09\/SHK-BV6WPW.SY_.jpg\",\"width\":1920,\"height\":1920},{\"@type\":\"BreadcrumbList\",\"@id\":\"https:\/\/www.visionxeurope.com\/se\/webbutik\/vision-x-shocker-12-dual-action-led-extraljus-60w-100w-selective-yellow\/#breadcrumb\",\"itemListElement\":[{\"@type\":\"ListItem\",\"position\":1,\"name\":\"Hem\",\"item\":\"https:\/\/www.visionxeurope.com\/se\/\"},{\"@type\":\"ListItem\",\"position\":2,\"name\":\"Webbutik\",\"item\":\"https:\/\/www.visionxeurope.com\/se\/webbutik\/\"},{\"@type\":\"ListItem\",\"position\":3,\"name\":\"VISION X SHOCKER 12&#8243; DUAL ACTION LED EXTRALJUS 60W\/100W SELECTIVE YELLOW\"}]},{\"@type\":\"WebSite\",\"@id\":\"https:\/\/www.visionxeurope.com\/se\/#website\",\"url\":\"https:\/\/www.visionxeurope.com\/se\/\",\"name\":\"Vision X Europe\",\"description\":\"\",\"publisher\":{\"@id\":\"https:\/\/www.visionxeurope.com\/se\/#organization\"},\"potentialAction\":[{\"@type\":\"SearchAction\",\"target\":{\"@type\":\"EntryPoint\",\"urlTemplate\":\"https:\/\/www.visionxeurope.com\/se\/?s={search_term_string}\"},\"query-input\":{\"@type\":\"PropertyValueSpecification\",\"valueRequired\":true,\"valueName\":\"search_term_string\"}}],\"inLanguage\":\"sv-SE\"},{\"@type\":\"Organization\",\"@id\":\"https:\/\/www.visionxeurope.com\/se\/#organization\",\"name\":\"Vision X Europe\",\"url\":\"https:\/\/www.visionxeurope.com\/se\/\",\"logo\":{\"@type\":\"ImageObject\",\"inLanguage\":\"sv-SE\",\"@id\":\"https:\/\/www.visionxeurope.com\/se\/#\/schema\/logo\/image\/\",\"url\":\"https:\/\/www.visionxeurope.com\/se\/wp-content\/uploads\/sites\/7\/2021\/04\/visionxeurope.png\",\"contentUrl\":\"https:\/\/www.visionxeurope.com\/se\/wp-content\/uploads\/sites\/7\/2021\/04\/visionxeurope.png\",\"width\":300,\"height\":110,\"caption\":\"Vision X Europe\"},\"image\":{\"@id\":\"https:\/\/www.visionxeurope.com\/se\/#\/schema\/logo\/image\/\"},\"sameAs\":[\"https:\/\/www.facebook.com\/visionxeurope\",\"https:\/\/www.instagram.com\/visionxeurope\/\"]}]}<\/script>\n<meta property=\"product:price:amount\" content=\"6496.00\" \/>\n<meta property=\"product:price:currency\" content=\"SEK\" \/>\n<meta property=\"og:availability\" content=\"backorder\" \/>\n<meta property=\"product:availability\" content=\"available for order\" \/>\n<meta property=\"product:retailer_item_id\" content=\"SHK-BV6WPW.SY\" \/>\n<meta property=\"product:condition\" content=\"new\" \/>\n<!-- \/ Yoast SEO Premium plugin. -->","yoast_head_json":{"title":"VISION X SHOCKER 12\" DUAL ACTION LED EXTRALJUS 60W\/100W SELECTIVE YELLOW - Vision X Europe","robots":{"index":"index","follow":"follow","max-snippet":"max-snippet:-1","max-image-preview":"max-image-preview:large","max-video-preview":"max-video-preview:-1"},"canonical":"https:\/\/www.visionxeurope.com\/se\/webbutik\/vision-x-shocker-12-dual-action-led-extraljus-60w-100w-selective-yellow\/","og_locale":"sv_SE","og_type":"article","og_title":"VISION X SHOCKER 12\" DUAL ACTION LED EXTRALJUS 60W\/100W SELECTIVE YELLOW","og_description":"Vision X Shocker Dual Action LED Light ger dig ett extraljus som kan anpassas efter v\u00e4xlande v\u00e4derf\u00f6rh\u00e5llanden med en enkel knapptryckning.    Utnyttja fj\u00e4rrljusl\u00e4get \u2013 VRT (Vector Reflector Technology) vid h\u00f6gre hastigheter och goda siktf\u00f6rh\u00e5llanden som ett normalt h\u00f6gpresterande LED-extraljus. Shocker 40\u2033 kan leverera upp till 25 680 lumen som r\u00e4cker hela 688 meter bort @1Lux.    Men det \u00e4r n\u00e4r dimma och sn\u00f6 skymmer din v\u00e4g som Shocker blir extra intressant. N\u00e4r du v\u00e4xlar \u00f6ver till flodljusl\u00e4get \u2013 PLC (Photon Light Core Technology) skjuter Shocker ut en 170\u00b0 bred ljusbild som p\u00e5minner om ett dimljus, men med avsev\u00e4rt h\u00f6gre styrka och r\u00e4ckvidd. F\u00f6rest\u00e4ll dig ett dimljus som n\u00e5r lika l\u00e5ngt som helljuset p\u00e5 m\u00e5nga moderna bilar s\u00e5 kanske du f\u00f6rst\u00e5r vad Shocker handlar om!    Fj\u00e4rrljusl\u00e4get p\u00e5 samtliga Shocker \u00e4r vitt f\u00f6r maximalt ljusutbyte och r\u00e4ckvidd. Flodljusl\u00e4get d\u00e4remot finns att f\u00e5 som vitt eller gult. Vilket man f\u00f6redrar \u00e4r lite av en smaksak, men generellt ger ett vitt ljus lite b\u00e4ttre r\u00e4ckvidd och of\u00f6rvr\u00e4ngda f\u00e4rger. Gult ljus ger ett ljus som upplevs mindre p\u00e5frestande f\u00f6r \u00f6gonen under l\u00e4ngre k\u00f6rning, men offrar lite av ljusm\u00e4ngd och f\u00e4rg\u00e5tergivning.    Selective Yellow: Denna modell av Shocker har en gul lins \u00f6ver samtliga LED-dioder, vilket ger ett tydligt gult ljus ist\u00e4llet f\u00f6r ett vitt ljus - b\u00e5de f\u00f6r fj\u00e4rrljus och flodljus. Det gula ljuset \u00e4r mer f\u00f6rdelaktigt vid f\u00e4rd i tuffare terr\u00e4ng eller med dimma, regn och sn\u00f6.    Egenskaper:Dubbla ljusbilder, fj\u00e4rr\/flod.DRL-funktion (endast 12&amp;rdquo-modellen).Fj\u00e4rrljusl\u00e4ge VRT (Vector Reflector Technology) med vitt ljus.Flodljusl\u00e4ge PLC (Photon Light Core Technology) med vitt ljus.Lamphus av flygplansaluminium.Race-inspirerade sidof\u00e4sten.Kapslingsklass IP68\/IP69K.3-polig Deutsch-kontakt.Komplett kablage med rel\u00e4 och vippstr\u00f6mbrytare ing\u00e5r.    Data:Bredd: 304mmH\u00f6jd (m f\u00e4ste): 97 mmDjup: 97 mmEffekt, fj\u00e4rr: 60 WR\u00e5a lumen, fj\u00e4rr: 6420 lmR\u00e4kvidd, fj\u00e4rr @1Lux: 400 mEffekt, flod: 100 WR\u00e5a lumen, flod: 6945 lmR\u00e4ckvidd, flod @1Lux: 145 m","og_url":"https:\/\/www.visionxeurope.com\/se\/webbutik\/vision-x-shocker-12-dual-action-led-extraljus-60w-100w-selective-yellow\/","og_site_name":"Vision X Europe","article_publisher":"https:\/\/www.facebook.com\/visionxeurope","article_modified_time":"2026-03-20T09:48:27+00:00","og_image":[{"width":1920,"height":1920,"url":"https:\/\/www.visionxeurope.com\/se\/wp-content\/uploads\/sites\/7\/2023\/09\/SHK-BV6WPW.SY_.jpg","type":"image\/jpeg"}],"twitter_card":"summary_large_image","twitter_misc":{"Pris":"6 496,00&nbsp;&#107;&#114; exkl. moms","Tillg\u00e4nglig":"P\u00e5 restorder"},"schema":{"@context":"https:\/\/schema.org","@graph":[{"@type":"WebPage","@id":"https:\/\/www.visionxeurope.com\/se\/webbutik\/vision-x-shocker-12-dual-action-led-extraljus-60w-100w-selective-yellow\/","url":"https:\/\/www.visionxeurope.com\/se\/webbutik\/vision-x-shocker-12-dual-action-led-extraljus-60w-100w-selective-yellow\/","name":"VISION X SHOCKER 12\" DUAL ACTION LED EXTRALJUS 60W\/100W SELECTIVE YELLOW - Vision X Europe","isPartOf":{"@id":"https:\/\/www.visionxeurope.com\/se\/#website"},"primaryImageOfPage":{"@id":"https:\/\/www.visionxeurope.com\/se\/webbutik\/vision-x-shocker-12-dual-action-led-extraljus-60w-100w-selective-yellow\/#primaryimage"},"image":{"@id":"https:\/\/www.visionxeurope.com\/se\/webbutik\/vision-x-shocker-12-dual-action-led-extraljus-60w-100w-selective-yellow\/#primaryimage"},"thumbnailUrl":"https:\/\/www.visionxeurope.com\/se\/wp-content\/uploads\/sites\/7\/2023\/09\/SHK-BV6WPW.SY_.jpg","datePublished":"2024-12-24T14:00:00+00:00","dateModified":"2026-03-20T09:48:27+00:00","breadcrumb":{"@id":"https:\/\/www.visionxeurope.com\/se\/webbutik\/vision-x-shocker-12-dual-action-led-extraljus-60w-100w-selective-yellow\/#breadcrumb"},"inLanguage":"sv-SE","potentialAction":[{"@type":"ReadAction","target":["https:\/\/www.visionxeurope.com\/se\/webbutik\/vision-x-shocker-12-dual-action-led-extraljus-60w-100w-selective-yellow\/"]}]},{"@type":"ImageObject","inLanguage":"sv-SE","@id":"https:\/\/www.visionxeurope.com\/se\/webbutik\/vision-x-shocker-12-dual-action-led-extraljus-60w-100w-selective-yellow\/#primaryimage","url":"https:\/\/www.visionxeurope.com\/se\/wp-content\/uploads\/sites\/7\/2023\/09\/SHK-BV6WPW.SY_.jpg","contentUrl":"https:\/\/www.visionxeurope.com\/se\/wp-content\/uploads\/sites\/7\/2023\/09\/SHK-BV6WPW.SY_.jpg","width":1920,"height":1920},{"@type":"BreadcrumbList","@id":"https:\/\/www.visionxeurope.com\/se\/webbutik\/vision-x-shocker-12-dual-action-led-extraljus-60w-100w-selective-yellow\/#breadcrumb","itemListElement":[{"@type":"ListItem","position":1,"name":"Hem","item":"https:\/\/www.visionxeurope.com\/se\/"},{"@type":"ListItem","position":2,"name":"Webbutik","item":"https:\/\/www.visionxeurope.com\/se\/webbutik\/"},{"@type":"ListItem","position":3,"name":"VISION X SHOCKER 12&#8243; DUAL ACTION LED EXTRALJUS 60W\/100W SELECTIVE YELLOW"}]},{"@type":"WebSite","@id":"https:\/\/www.visionxeurope.com\/se\/#website","url":"https:\/\/www.visionxeurope.com\/se\/","name":"Vision X Europe","description":"","publisher":{"@id":"https:\/\/www.visionxeurope.com\/se\/#organization"},"potentialAction":[{"@type":"SearchAction","target":{"@type":"EntryPoint","urlTemplate":"https:\/\/www.visionxeurope.com\/se\/?s={search_term_string}"},"query-input":{"@type":"PropertyValueSpecification","valueRequired":true,"valueName":"search_term_string"}}],"inLanguage":"sv-SE"},{"@type":"Organization","@id":"https:\/\/www.visionxeurope.com\/se\/#organization","name":"Vision X Europe","url":"https:\/\/www.visionxeurope.com\/se\/","logo":{"@type":"ImageObject","inLanguage":"sv-SE","@id":"https:\/\/www.visionxeurope.com\/se\/#\/schema\/logo\/image\/","url":"https:\/\/www.visionxeurope.com\/se\/wp-content\/uploads\/sites\/7\/2021\/04\/visionxeurope.png","contentUrl":"https:\/\/www.visionxeurope.com\/se\/wp-content\/uploads\/sites\/7\/2021\/04\/visionxeurope.png","width":300,"height":110,"caption":"Vision X Europe"},"image":{"@id":"https:\/\/www.visionxeurope.com\/se\/#\/schema\/logo\/image\/"},"sameAs":["https:\/\/www.facebook.com\/visionxeurope","https:\/\/www.instagram.com\/visionxeurope\/"]}]},"product_price_amount":"6496.00","product_price_currency":"SEK","og_availability":"backorder","product_availability":"available for order","product_retailer_item_id":"SHK-BV6WPW.SY","product_condition":"new"},"_links":{"self":[{"href":"https:\/\/www.visionxeurope.com\/se\/wp-json\/wp\/v2\/product\/19384","targetHints":{"allow":["GET"]}}],"collection":[{"href":"https:\/\/www.visionxeurope.com\/se\/wp-json\/wp\/v2\/product"}],"about":[{"href":"https:\/\/www.visionxeurope.com\/se\/wp-json\/wp\/v2\/types\/product"}],"replies":[{"embeddable":true,"href":"https:\/\/www.visionxeurope.com\/se\/wp-json\/wp\/v2\/comments?post=19384"}],"wp:featuredmedia":[{"embeddable":true,"href":"https:\/\/www.visionxeurope.com\/se\/wp-json\/wp\/v2\/media\/21131"}],"wp:attachment":[{"href":"https:\/\/www.visionxeurope.com\/se\/wp-json\/wp\/v2\/media?parent=19384"}],"wp:term":[{"taxonomy":"product_brand","embeddable":true,"href":"https:\/\/www.visionxeurope.com\/se\/wp-json\/wp\/v2\/product_brand?post=19384"},{"taxonomy":"product_cat","embeddable":true,"href":"https:\/\/www.visionxeurope.com\/se\/wp-json\/wp\/v2\/product_cat?post=19384"},{"taxonomy":"product_tag","embeddable":true,"href":"https:\/\/www.visionxeurope.com\/se\/wp-json\/wp\/v2\/product_tag?post=19384"}],"curies":[{"name":"wp","href":"https:\/\/api.w.org\/{rel}","templated":true}]}}