{"id":19380,"date":"2023-07-26T09:02:00","date_gmt":"2023-07-26T07:02:00","guid":{"rendered":"https:\/\/www.visionxeurope.com\/se\/?post_type=product&#038;p=19380"},"modified":"2026-01-08T16:40:49","modified_gmt":"2026-01-08T15:40:49","slug":"vision-x-xpr-halo-22-120w-spot-led-ramp-kort","status":"publish","type":"product","link":"https:\/\/www.visionxeurope.com\/se\/webbutik\/vision-x-xpr-halo-22-120w-spot-led-ramp-kort\/","title":{"rendered":"VISION X XPR HALO 22&#8243; 120W SPOT LED RAMP (KORT)"},"content":{"rendered":"<p><\/p>\n<p>XPR har den s\u00e5 kallade IRIS-optiken med endast 5 graders spridning per diod vilket ger en l\u00e4ngre r\u00e4ckvidd p\u00e5 ljuset. Den som \u00f6nskar lysa l\u00e5ngt utan s\u00e5 kallat \u201cspill ljus\u201d \u00e4r XPR rampen det perfekta valet. Med snedst\u00e4llda (tiltade) dioder i varje \u00e4nde p\u00e5 rampen f\u00e5r man en bredd p\u00e5 ljuset trots endast 5 graders spridning fr\u00e5n respektive diod. H\u00f6geffektiva 10W dioder av senaste generation ser till att XPR levererar ett ordentlig ljus med en otrolig styrka som inte g\u00f6r den mest kr\u00e4sne besviken.<\/p>\n<p><\/p>\n<p><\/p>\n<p>XPR har tv\u00e5 olika monteringsf\u00e4sten med i kartongen som till\u00e5ter montering av rampen i respektive \u00e4nde alternativt det mer traditionella f\u00e4stet med s\u00e5 kallade l\u00f6p-skenor i botten p\u00e5 rampen. XPR monteras med f\u00f6rdel p\u00e5 b\u00e5de personbilar och lastbilar med ett v\u00e4ldigt konkurrenskraftigt pris i f\u00f6rh\u00e5llande till ljusl\u00e4ngd och ljusstyrka.<\/p>\n<p><\/p>\n<p><\/p>\n<p>XPR levereras naturligtvis med n\u00e4st intill okrossbar polykarbonat lins, h\u00f6g IP klassning och vibrationst\u00e5lighet samt l\u00e5g str\u00f6mf\u00f6rbrukning i f\u00f6rh\u00e5llande till effekten. Vision X unika 5.5 \u00e5rs funktionsgaranti g\u00e4ller naturligtvis \u00e4ven XPR och ger dig som kund en s\u00e4ker investering som lyser i m\u00e5nga \u00e5r.<\/p>\n<p><\/p>\n<p><\/p>\n<p><strong>XPR-HS12S<\/strong><br \/>XPR-HS12S \u00e4r en kortare version av XPR-H12S, p\u00e5 22\u2033 ist\u00e4llet f\u00f6r 24\u2033. XPR-HS12S \u00e4r identisk med XPR-H12S avseende effekt, ljusbild osv., men l\u00e4mpar sig b\u00e4ttre i mindre utrymmen. XPR-HS12S \u00e4r popul\u00e4r i v\u00e5ra modellanpassade extraljus-kit.<\/p>\n<p><\/p>\n<p><\/p>\n<p><strong>Data:<\/strong><br \/>Lamphus: Robust aluminium<br \/>Sp\u00e4nning: 11-32V<br \/>Str\u00f6mf\u00f6rbrukning: 10 Amp vid 12V<br \/>IP-klass: IP68<br \/>Vibrationsklass: 15.6G<br \/>Arbetstemperatur: -40\u00b0C \u2013 +80\u00b0C<br \/>H\u00f6jd: 70mm (utan f\u00e4ste)<br \/>Djup: 80mm<br \/>Bredd: 558 mm<br \/>Watt: 120<br \/>LED: 12<br \/>R\u00e5a lumen: 12 948<br \/>Effektiva lumen: 9 064<br \/>Lins: Polykarbonat<br \/>Ljusbild: 5\u00b0 Spot<br \/>Ljusl\u00e4ngd: 1576m @ 0.25 lux \/ 788m @ 1 lux<\/p>\n<p><\/p>","protected":false},"excerpt":{"rendered":"<p>XPR har den s\u00e5 kallade IRIS-optiken med endast 5 graders spridning per diod vilket ger en l\u00e4ngre r\u00e4ckvidd p\u00e5 ljuset. Den som \u00f6nskar lysa l\u00e5ngt utan s\u00e5 kallat \u201cspill ljus\u201d \u00e4r XPR rampen det perfekta valet. Med snedst\u00e4llda (tiltade) dioder i varje \u00e4nde p\u00e5 rampen f\u00e5r man en bredd p\u00e5 ljuset trots endast 5 graders spridning fr\u00e5n respektive diod. H\u00f6geffektiva 10W dioder av senaste generation ser till att XPR levererar ett ordentlig ljus med en otrolig styrka som inte g\u00f6r den mest kr\u00e4sne besviken.<\/p>\n<p>XPR har tv\u00e5 olika monteringsf\u00e4sten med i kartongen som till\u00e5ter montering av rampen i respektive \u00e4nde alternativt det mer traditionella f\u00e4stet med s\u00e5 kallade l\u00f6p-skenor i botten p\u00e5 rampen. XPR monteras med f\u00f6rdel p\u00e5 b\u00e5de personbilar och lastbilar med ett v\u00e4ldigt konkurrenskraftigt pris i f\u00f6rh\u00e5llande till ljusl\u00e4ngd och ljusstyrka.<\/p>\n<p>XPR levereras naturligtvis med n\u00e4st intill okrossbar polykarbonat lins, h\u00f6g IP klassning och vibrationst\u00e5lighet samt l\u00e5g str\u00f6mf\u00f6rbrukning i f\u00f6rh\u00e5llande till effekten. Vision X unika 5.5 \u00e5rs funktionsgaranti g\u00e4ller naturligtvis \u00e4ven XPR och ger dig som kund en s\u00e4ker investering som lyser i m\u00e5nga \u00e5r.<\/p>\n<p><strong>XPR-HS12S<\/strong><br \/>XPR-HS12S \u00e4r en kortare version av XPR-H12S, p\u00e5 22\u2033 ist\u00e4llet f\u00f6r 24\u2033. XPR-HS12S \u00e4r identisk med XPR-H12S avseende effekt, ljusbild osv., men l\u00e4mpar sig b\u00e4ttre i mindre utrymmen. XPR-HS12S \u00e4r popul\u00e4r i v\u00e5ra modellanpassade extraljus-kit.<\/p>\n<p><strong>Data:<\/strong><br \/>Lamphus: Robust aluminium<br \/>Sp\u00e4nning: 11-32V<br \/>Str\u00f6mf\u00f6rbrukning: 10 Amp vid 12V<br \/>IP-klass: IP68<br \/>Vibrationsklass: 15.6G<br \/>Arbetstemperatur: -40\u00b0C \u2013 +80\u00b0C<br \/>H\u00f6jd: 70mm (utan f\u00e4ste)<br \/>Djup: 80mm<br \/>Bredd: 558 mm<br \/>Watt: 120<br \/>LED: 12<br \/>R\u00e5a lumen: 12 948<br \/>Effektiva lumen: 9 064<br \/>Lins: Polykarbonat<br \/>Ljusbild: 5\u00b0 Spot<br \/>Ljusl\u00e4ngd: 1576m @ 0.25 lux \/ 788m @ 1 lux<\/p>\n","protected":false},"featured_media":17051,"comment_status":"open","ping_status":"closed","template":"","meta":{"editor_notices":[]},"product_brand":[],"product_cat":[252],"product_tag":[],"class_list":{"0":"post-19380","1":"product","2":"type-product","3":"status-publish","4":"has-post-thumbnail","6":"product_cat-xpr-halo","7":"resize-featured-image","8":"","9":"woocommerce-text-align-left","10":"woocommerce-image-align-center","12":"first","13":"instock","14":"taxable","15":"shipping-taxable","16":"product-type-simple"},"yoast_head":"<!-- This site is optimized with the Yoast SEO Premium plugin v25.0 (Yoast SEO v25.0) - https:\/\/yoast.com\/wordpress\/plugins\/seo\/ -->\n<title>VISION X XPR HALO 22&quot; 120W SPOT LED RAMP (KORT) - Vision X Europe<\/title>\n<meta name=\"robots\" content=\"index, follow, max-snippet:-1, max-image-preview:large, max-video-preview:-1\" \/>\n<link rel=\"canonical\" href=\"https:\/\/www.visionxeurope.com\/se\/webbutik\/vision-x-xpr-halo-22-120w-spot-led-ramp-kort\/\" \/>\n<meta property=\"og:locale\" content=\"sv_SE\" \/>\n<meta property=\"og:type\" content=\"article\" \/>\n<meta property=\"og:title\" content=\"VISION X XPR HALO 22&quot; 120W SPOT LED RAMP (KORT)\" \/>\n<meta property=\"og:description\" content=\"XPR har den s\u00e5 kallade IRIS-optiken med endast 5 graders spridning per diod vilket ger en l\u00e4ngre r\u00e4ckvidd p\u00e5 ljuset. Den som \u00f6nskar lysa l\u00e5ngt utan s\u00e5 kallat \u201cspill ljus\u201d \u00e4r XPR rampen det perfekta valet. Med snedst\u00e4llda (tiltade) dioder i varje \u00e4nde p\u00e5 rampen f\u00e5r man en bredd p\u00e5 ljuset trots endast 5 graders spridning fr\u00e5n respektive diod. H\u00f6geffektiva 10W dioder av senaste generation ser till att XPR levererar ett ordentlig ljus med en otrolig styrka som inte g\u00f6r den mest kr\u00e4sne besviken. XPR har tv\u00e5 olika monteringsf\u00e4sten med i kartongen som till\u00e5ter montering av rampen i respektive \u00e4nde alternativt det mer traditionella f\u00e4stet med s\u00e5 kallade l\u00f6p-skenor i botten p\u00e5 rampen. XPR monteras med f\u00f6rdel p\u00e5 b\u00e5de personbilar och lastbilar med ett v\u00e4ldigt konkurrenskraftigt pris i f\u00f6rh\u00e5llande till ljusl\u00e4ngd och ljusstyrka. XPR levereras naturligtvis med n\u00e4st intill okrossbar polykarbonat lins, h\u00f6g IP klassning och vibrationst\u00e5lighet samt l\u00e5g str\u00f6mf\u00f6rbrukning i f\u00f6rh\u00e5llande till effekten. Vision X unika 5.5 \u00e5rs funktionsgaranti g\u00e4ller naturligtvis \u00e4ven XPR och ger dig som kund en s\u00e4ker investering som lyser i m\u00e5nga \u00e5r. XPR-HS12SXPR-HS12S \u00e4r en kortare version av XPR-H12S, p\u00e5 22\u2033 ist\u00e4llet f\u00f6r 24\u2033. XPR-HS12S \u00e4r identisk med XPR-H12S avseende effekt, ljusbild osv., men l\u00e4mpar sig b\u00e4ttre i mindre utrymmen. XPR-HS12S \u00e4r popul\u00e4r i v\u00e5ra modellanpassade extraljus-kit. Data:Lamphus: Robust aluminiumSp\u00e4nning: 11-32VStr\u00f6mf\u00f6rbrukning: 10 Amp vid 12VIP-klass: IP68Vibrationsklass: 15.6GArbetstemperatur: -40\u00b0C \u2013 +80\u00b0CH\u00f6jd: 70mm (utan f\u00e4ste)Djup: 80mmBredd: 558 mmWatt: 120LED: 12R\u00e5a lumen: 12 948Effektiva lumen: 9 064Lins: PolykarbonatLjusbild: 5\u00b0 SpotLjusl\u00e4ngd: 1576m @ 0.25 lux \/ 788m @ 1 lux\" \/>\n<meta property=\"og:url\" content=\"https:\/\/www.visionxeurope.com\/se\/webbutik\/vision-x-xpr-halo-22-120w-spot-led-ramp-kort\/\" \/>\n<meta property=\"og:site_name\" content=\"Vision X Europe\" \/>\n<meta property=\"article:publisher\" content=\"https:\/\/www.facebook.com\/visionxeurope\" \/>\n<meta property=\"article:modified_time\" content=\"2026-01-08T15:40:49+00:00\" \/>\n<meta property=\"og:image\" content=\"https:\/\/www.rindab.se\/wp-content\/uploads\/sites\/7\/2023\/08\/XPR-HS12S.jpg\" \/>\n\t<meta property=\"og:image:width\" content=\"1920\" \/>\n\t<meta property=\"og:image:height\" content=\"1920\" \/>\n\t<meta property=\"og:image:type\" content=\"image\/jpeg\" \/>\n<meta name=\"twitter:card\" content=\"summary_large_image\" \/>\n<meta name=\"twitter:label1\" content=\"Pris\" \/>\n\t<meta name=\"twitter:data1\" content=\"7 196,00&nbsp;&#107;&#114; exkl. moms\" \/>\n\t<meta name=\"twitter:label2\" content=\"Tillg\u00e4nglig\" \/>\n\t<meta name=\"twitter:data2\" content=\"I lager\" \/>\n<script type=\"application\/ld+json\" class=\"yoast-schema-graph\">{\"@context\":\"https:\/\/schema.org\",\"@graph\":[{\"@type\":\"WebPage\",\"@id\":\"https:\/\/www.visionxeurope.com\/se\/webbutik\/vision-x-xpr-halo-22-120w-spot-led-ramp-kort\/\",\"url\":\"https:\/\/www.visionxeurope.com\/se\/webbutik\/vision-x-xpr-halo-22-120w-spot-led-ramp-kort\/\",\"name\":\"VISION X XPR HALO 22\\\" 120W SPOT LED RAMP (KORT) - Vision X Europe\",\"isPartOf\":{\"@id\":\"https:\/\/www.visionxeurope.com\/se\/#website\"},\"primaryImageOfPage\":{\"@id\":\"https:\/\/www.visionxeurope.com\/se\/webbutik\/vision-x-xpr-halo-22-120w-spot-led-ramp-kort\/#primaryimage\"},\"image\":{\"@id\":\"https:\/\/www.visionxeurope.com\/se\/webbutik\/vision-x-xpr-halo-22-120w-spot-led-ramp-kort\/#primaryimage\"},\"thumbnailUrl\":\"https:\/\/www.visionxeurope.com\/se\/wp-content\/uploads\/sites\/7\/2023\/08\/XPR-HS12S.jpg\",\"datePublished\":\"2023-07-26T07:02:00+00:00\",\"dateModified\":\"2026-01-08T15:40:49+00:00\",\"breadcrumb\":{\"@id\":\"https:\/\/www.visionxeurope.com\/se\/webbutik\/vision-x-xpr-halo-22-120w-spot-led-ramp-kort\/#breadcrumb\"},\"inLanguage\":\"sv-SE\",\"potentialAction\":[{\"@type\":\"ReadAction\",\"target\":[\"https:\/\/www.visionxeurope.com\/se\/webbutik\/vision-x-xpr-halo-22-120w-spot-led-ramp-kort\/\"]}]},{\"@type\":\"ImageObject\",\"inLanguage\":\"sv-SE\",\"@id\":\"https:\/\/www.visionxeurope.com\/se\/webbutik\/vision-x-xpr-halo-22-120w-spot-led-ramp-kort\/#primaryimage\",\"url\":\"https:\/\/www.visionxeurope.com\/se\/wp-content\/uploads\/sites\/7\/2023\/08\/XPR-HS12S.jpg\",\"contentUrl\":\"https:\/\/www.visionxeurope.com\/se\/wp-content\/uploads\/sites\/7\/2023\/08\/XPR-HS12S.jpg\",\"width\":1920,\"height\":1920},{\"@type\":\"BreadcrumbList\",\"@id\":\"https:\/\/www.visionxeurope.com\/se\/webbutik\/vision-x-xpr-halo-22-120w-spot-led-ramp-kort\/#breadcrumb\",\"itemListElement\":[{\"@type\":\"ListItem\",\"position\":1,\"name\":\"Hem\",\"item\":\"https:\/\/www.visionxeurope.com\/se\/\"},{\"@type\":\"ListItem\",\"position\":2,\"name\":\"Webbutik\",\"item\":\"https:\/\/www.visionxeurope.com\/se\/webbutik\/\"},{\"@type\":\"ListItem\",\"position\":3,\"name\":\"VISION X XPR HALO 22&#8243; 120W SPOT LED RAMP (KORT)\"}]},{\"@type\":\"WebSite\",\"@id\":\"https:\/\/www.visionxeurope.com\/se\/#website\",\"url\":\"https:\/\/www.visionxeurope.com\/se\/\",\"name\":\"Vision X Europe\",\"description\":\"\",\"publisher\":{\"@id\":\"https:\/\/www.visionxeurope.com\/se\/#organization\"},\"potentialAction\":[{\"@type\":\"SearchAction\",\"target\":{\"@type\":\"EntryPoint\",\"urlTemplate\":\"https:\/\/www.visionxeurope.com\/se\/?s={search_term_string}\"},\"query-input\":{\"@type\":\"PropertyValueSpecification\",\"valueRequired\":true,\"valueName\":\"search_term_string\"}}],\"inLanguage\":\"sv-SE\"},{\"@type\":\"Organization\",\"@id\":\"https:\/\/www.visionxeurope.com\/se\/#organization\",\"name\":\"Vision X Europe\",\"url\":\"https:\/\/www.visionxeurope.com\/se\/\",\"logo\":{\"@type\":\"ImageObject\",\"inLanguage\":\"sv-SE\",\"@id\":\"https:\/\/www.visionxeurope.com\/se\/#\/schema\/logo\/image\/\",\"url\":\"https:\/\/www.visionxeurope.com\/se\/wp-content\/uploads\/sites\/7\/2021\/04\/visionxeurope.png\",\"contentUrl\":\"https:\/\/www.visionxeurope.com\/se\/wp-content\/uploads\/sites\/7\/2021\/04\/visionxeurope.png\",\"width\":300,\"height\":110,\"caption\":\"Vision X Europe\"},\"image\":{\"@id\":\"https:\/\/www.visionxeurope.com\/se\/#\/schema\/logo\/image\/\"},\"sameAs\":[\"https:\/\/www.facebook.com\/visionxeurope\",\"https:\/\/www.instagram.com\/visionxeurope\/\"]}]}<\/script>\n<meta property=\"product:price:amount\" content=\"7196.00\" \/>\n<meta property=\"product:price:currency\" content=\"SEK\" \/>\n<meta property=\"og:availability\" content=\"instock\" \/>\n<meta property=\"product:availability\" content=\"instock\" \/>\n<meta property=\"product:retailer_item_id\" content=\"XPR-HS12S\" \/>\n<meta property=\"product:condition\" content=\"new\" \/>\n<!-- \/ Yoast SEO Premium plugin. -->","yoast_head_json":{"title":"VISION X XPR HALO 22\" 120W SPOT LED RAMP (KORT) - Vision X Europe","robots":{"index":"index","follow":"follow","max-snippet":"max-snippet:-1","max-image-preview":"max-image-preview:large","max-video-preview":"max-video-preview:-1"},"canonical":"https:\/\/www.visionxeurope.com\/se\/webbutik\/vision-x-xpr-halo-22-120w-spot-led-ramp-kort\/","og_locale":"sv_SE","og_type":"article","og_title":"VISION X XPR HALO 22\" 120W SPOT LED RAMP (KORT)","og_description":"XPR har den s\u00e5 kallade IRIS-optiken med endast 5 graders spridning per diod vilket ger en l\u00e4ngre r\u00e4ckvidd p\u00e5 ljuset. Den som \u00f6nskar lysa l\u00e5ngt utan s\u00e5 kallat \u201cspill ljus\u201d \u00e4r XPR rampen det perfekta valet. Med snedst\u00e4llda (tiltade) dioder i varje \u00e4nde p\u00e5 rampen f\u00e5r man en bredd p\u00e5 ljuset trots endast 5 graders spridning fr\u00e5n respektive diod. H\u00f6geffektiva 10W dioder av senaste generation ser till att XPR levererar ett ordentlig ljus med en otrolig styrka som inte g\u00f6r den mest kr\u00e4sne besviken. XPR har tv\u00e5 olika monteringsf\u00e4sten med i kartongen som till\u00e5ter montering av rampen i respektive \u00e4nde alternativt det mer traditionella f\u00e4stet med s\u00e5 kallade l\u00f6p-skenor i botten p\u00e5 rampen. XPR monteras med f\u00f6rdel p\u00e5 b\u00e5de personbilar och lastbilar med ett v\u00e4ldigt konkurrenskraftigt pris i f\u00f6rh\u00e5llande till ljusl\u00e4ngd och ljusstyrka. XPR levereras naturligtvis med n\u00e4st intill okrossbar polykarbonat lins, h\u00f6g IP klassning och vibrationst\u00e5lighet samt l\u00e5g str\u00f6mf\u00f6rbrukning i f\u00f6rh\u00e5llande till effekten. Vision X unika 5.5 \u00e5rs funktionsgaranti g\u00e4ller naturligtvis \u00e4ven XPR och ger dig som kund en s\u00e4ker investering som lyser i m\u00e5nga \u00e5r. XPR-HS12SXPR-HS12S \u00e4r en kortare version av XPR-H12S, p\u00e5 22\u2033 ist\u00e4llet f\u00f6r 24\u2033. XPR-HS12S \u00e4r identisk med XPR-H12S avseende effekt, ljusbild osv., men l\u00e4mpar sig b\u00e4ttre i mindre utrymmen. XPR-HS12S \u00e4r popul\u00e4r i v\u00e5ra modellanpassade extraljus-kit. Data:Lamphus: Robust aluminiumSp\u00e4nning: 11-32VStr\u00f6mf\u00f6rbrukning: 10 Amp vid 12VIP-klass: IP68Vibrationsklass: 15.6GArbetstemperatur: -40\u00b0C \u2013 +80\u00b0CH\u00f6jd: 70mm (utan f\u00e4ste)Djup: 80mmBredd: 558 mmWatt: 120LED: 12R\u00e5a lumen: 12 948Effektiva lumen: 9 064Lins: PolykarbonatLjusbild: 5\u00b0 SpotLjusl\u00e4ngd: 1576m @ 0.25 lux \/ 788m @ 1 lux","og_url":"https:\/\/www.visionxeurope.com\/se\/webbutik\/vision-x-xpr-halo-22-120w-spot-led-ramp-kort\/","og_site_name":"Vision X Europe","article_publisher":"https:\/\/www.facebook.com\/visionxeurope","article_modified_time":"2026-01-08T15:40:49+00:00","og_image":[{"width":1920,"height":1920,"url":"https:\/\/www.rindab.se\/wp-content\/uploads\/sites\/7\/2023\/08\/XPR-HS12S.jpg","type":"image\/jpeg"}],"twitter_card":"summary_large_image","twitter_misc":{"Pris":"7 196,00&nbsp;&#107;&#114; exkl. moms","Tillg\u00e4nglig":"I lager"},"schema":{"@context":"https:\/\/schema.org","@graph":[{"@type":"WebPage","@id":"https:\/\/www.visionxeurope.com\/se\/webbutik\/vision-x-xpr-halo-22-120w-spot-led-ramp-kort\/","url":"https:\/\/www.visionxeurope.com\/se\/webbutik\/vision-x-xpr-halo-22-120w-spot-led-ramp-kort\/","name":"VISION X XPR HALO 22\" 120W SPOT LED RAMP (KORT) - Vision X Europe","isPartOf":{"@id":"https:\/\/www.visionxeurope.com\/se\/#website"},"primaryImageOfPage":{"@id":"https:\/\/www.visionxeurope.com\/se\/webbutik\/vision-x-xpr-halo-22-120w-spot-led-ramp-kort\/#primaryimage"},"image":{"@id":"https:\/\/www.visionxeurope.com\/se\/webbutik\/vision-x-xpr-halo-22-120w-spot-led-ramp-kort\/#primaryimage"},"thumbnailUrl":"https:\/\/www.visionxeurope.com\/se\/wp-content\/uploads\/sites\/7\/2023\/08\/XPR-HS12S.jpg","datePublished":"2023-07-26T07:02:00+00:00","dateModified":"2026-01-08T15:40:49+00:00","breadcrumb":{"@id":"https:\/\/www.visionxeurope.com\/se\/webbutik\/vision-x-xpr-halo-22-120w-spot-led-ramp-kort\/#breadcrumb"},"inLanguage":"sv-SE","potentialAction":[{"@type":"ReadAction","target":["https:\/\/www.visionxeurope.com\/se\/webbutik\/vision-x-xpr-halo-22-120w-spot-led-ramp-kort\/"]}]},{"@type":"ImageObject","inLanguage":"sv-SE","@id":"https:\/\/www.visionxeurope.com\/se\/webbutik\/vision-x-xpr-halo-22-120w-spot-led-ramp-kort\/#primaryimage","url":"https:\/\/www.visionxeurope.com\/se\/wp-content\/uploads\/sites\/7\/2023\/08\/XPR-HS12S.jpg","contentUrl":"https:\/\/www.visionxeurope.com\/se\/wp-content\/uploads\/sites\/7\/2023\/08\/XPR-HS12S.jpg","width":1920,"height":1920},{"@type":"BreadcrumbList","@id":"https:\/\/www.visionxeurope.com\/se\/webbutik\/vision-x-xpr-halo-22-120w-spot-led-ramp-kort\/#breadcrumb","itemListElement":[{"@type":"ListItem","position":1,"name":"Hem","item":"https:\/\/www.visionxeurope.com\/se\/"},{"@type":"ListItem","position":2,"name":"Webbutik","item":"https:\/\/www.visionxeurope.com\/se\/webbutik\/"},{"@type":"ListItem","position":3,"name":"VISION X XPR HALO 22&#8243; 120W SPOT LED RAMP (KORT)"}]},{"@type":"WebSite","@id":"https:\/\/www.visionxeurope.com\/se\/#website","url":"https:\/\/www.visionxeurope.com\/se\/","name":"Vision X Europe","description":"","publisher":{"@id":"https:\/\/www.visionxeurope.com\/se\/#organization"},"potentialAction":[{"@type":"SearchAction","target":{"@type":"EntryPoint","urlTemplate":"https:\/\/www.visionxeurope.com\/se\/?s={search_term_string}"},"query-input":{"@type":"PropertyValueSpecification","valueRequired":true,"valueName":"search_term_string"}}],"inLanguage":"sv-SE"},{"@type":"Organization","@id":"https:\/\/www.visionxeurope.com\/se\/#organization","name":"Vision X Europe","url":"https:\/\/www.visionxeurope.com\/se\/","logo":{"@type":"ImageObject","inLanguage":"sv-SE","@id":"https:\/\/www.visionxeurope.com\/se\/#\/schema\/logo\/image\/","url":"https:\/\/www.visionxeurope.com\/se\/wp-content\/uploads\/sites\/7\/2021\/04\/visionxeurope.png","contentUrl":"https:\/\/www.visionxeurope.com\/se\/wp-content\/uploads\/sites\/7\/2021\/04\/visionxeurope.png","width":300,"height":110,"caption":"Vision X Europe"},"image":{"@id":"https:\/\/www.visionxeurope.com\/se\/#\/schema\/logo\/image\/"},"sameAs":["https:\/\/www.facebook.com\/visionxeurope","https:\/\/www.instagram.com\/visionxeurope\/"]}]},"product_price_amount":"7196.00","product_price_currency":"SEK","og_availability":"instock","product_availability":"instock","product_retailer_item_id":"XPR-HS12S","product_condition":"new"},"_links":{"self":[{"href":"https:\/\/www.visionxeurope.com\/se\/wp-json\/wp\/v2\/product\/19380","targetHints":{"allow":["GET"]}}],"collection":[{"href":"https:\/\/www.visionxeurope.com\/se\/wp-json\/wp\/v2\/product"}],"about":[{"href":"https:\/\/www.visionxeurope.com\/se\/wp-json\/wp\/v2\/types\/product"}],"replies":[{"embeddable":true,"href":"https:\/\/www.visionxeurope.com\/se\/wp-json\/wp\/v2\/comments?post=19380"}],"wp:featuredmedia":[{"embeddable":true,"href":"https:\/\/www.visionxeurope.com\/se\/wp-json\/wp\/v2\/media\/17051"}],"wp:attachment":[{"href":"https:\/\/www.visionxeurope.com\/se\/wp-json\/wp\/v2\/media?parent=19380"}],"wp:term":[{"taxonomy":"product_brand","embeddable":true,"href":"https:\/\/www.visionxeurope.com\/se\/wp-json\/wp\/v2\/product_brand?post=19380"},{"taxonomy":"product_cat","embeddable":true,"href":"https:\/\/www.visionxeurope.com\/se\/wp-json\/wp\/v2\/product_cat?post=19380"},{"taxonomy":"product_tag","embeddable":true,"href":"https:\/\/www.visionxeurope.com\/se\/wp-json\/wp\/v2\/product_tag?post=19380"}],"curies":[{"name":"wp","href":"https:\/\/api.w.org\/{rel}","templated":true}]}}