{"id":18376,"date":"2022-01-11T12:41:15","date_gmt":"2022-01-11T11:41:15","guid":{"rendered":"https:\/\/www.visionxeurope.com\/se\/produkt\/tesla-model-3-model-y-2018-modellanpassat-extraljus-kit-vision-x\/"},"modified":"2025-01-03T10:13:26","modified_gmt":"2025-01-03T09:13:26","slug":"tesla-model-3-model-y-2018-modellanpassat-extraljus-kit-vision-x","status":"publish","type":"product","link":"https:\/\/www.visionxeurope.com\/se\/webbutik\/tesla-model-3-model-y-2018-modellanpassat-extraljus-kit-vision-x\/","title":{"rendered":"Tesla Model 3 \/ Model Y 2018- Modellanpassat Extraljus-kit, Vision X"},"content":{"rendered":"<\/p>\n<p><\/p>\n<p>Samtliga ljusramper fr\u00e5n Vision X \u00e4r utvecklade f\u00f6r nordiskt klimat och v\u00e4der, med en vibrations och slagt\u00e5lig konstruktion. Linsen \u00e4r stenskotts\u00e4ker och gulnar inte med tiden. Ljusramperna t\u00e5l \u00e4ven automat-biltv\u00e4tt tack vare h\u00f6g kapslingsklass.<\/p>\n<p><\/p>\n<p><\/p>\n<p>Ger 400 % mer ljus j\u00e4mf\u00f6rt med halogenljus vid samma effekt. Ljuset har en behaglig f\u00e4rgtemperatur n\u00e4ra dagsljus. 5,5 \u00e5rs funktionsgaranti ing\u00e5r med varje ljusramp fr\u00e5n Vision X.<\/p>\n<p><\/p>","protected":false},"excerpt":{"rendered":"<p>Modellanpassat extraljus-kit fr\u00e5n Vision X f\u00f6r Tesla Model 3, \u00e5rsmodell 2018 och nyare, samt Tesla Model Y, \u00e5rsmodell 2021 och nyare. Med integrerad och s\u00e4ker installation, som inte p\u00e5verkar br\u00e4nslef\u00f6rbrukning, radio eller andra sensorer.<\/p>\n<p><strong>1. V\u00c4LJ EN LED-RAMP:<\/strong><\/p>\n","protected":false},"featured_media":18377,"comment_status":"open","ping_status":"closed","template":"","meta":{"editor_notices":[]},"product_brand":[],"product_cat":[656,659],"product_tag":[],"class_list":{"0":"post-18376","1":"product","2":"type-product","3":"status-publish","4":"has-post-thumbnail","6":"product_cat-model-3","7":"product_cat-model-y","8":"resize-featured-image","9":"","10":"woocommerce-text-align-left","11":"woocommerce-image-align-center","13":"first","14":"instock","15":"product-type-variable"},"yoast_head":"<!-- This site is optimized with the Yoast SEO Premium plugin v25.0 (Yoast SEO v25.0) - https:\/\/yoast.com\/wordpress\/plugins\/seo\/ -->\n<title>Tesla Model 3 \/ Model Y 2018- Modellanpassat Extraljus-kit, Vision X - Vision X Europe<\/title>\n<meta name=\"robots\" content=\"index, follow, max-snippet:-1, max-image-preview:large, max-video-preview:-1\" \/>\n<link rel=\"canonical\" href=\"https:\/\/www.visionxeurope.com\/se\/webbutik\/tesla-model-3-model-y-2018-modellanpassat-extraljus-kit-vision-x\/\" \/>\n<meta property=\"og:locale\" content=\"sv_SE\" \/>\n<meta property=\"og:type\" content=\"article\" \/>\n<meta property=\"og:title\" content=\"Tesla Model 3 \/ Model Y 2018- Modellanpassat Extraljus-kit, Vision X\" \/>\n<meta property=\"og:description\" content=\"Modellanpassat extraljus-kit fr\u00e5n Vision X f\u00f6r Tesla Model 3, \u00e5rsmodell 2018 och nyare, samt Tesla Model Y, \u00e5rsmodell 2021 och nyare. Med integrerad och s\u00e4ker installation, som inte p\u00e5verkar br\u00e4nslef\u00f6rbrukning, radio eller andra sensorer. 1. V\u00c4LJ EN LED-RAMP:\" \/>\n<meta property=\"og:url\" content=\"https:\/\/www.visionxeurope.com\/se\/webbutik\/tesla-model-3-model-y-2018-modellanpassat-extraljus-kit-vision-x\/\" \/>\n<meta property=\"og:site_name\" content=\"Vision X Europe\" \/>\n<meta property=\"article:publisher\" content=\"https:\/\/www.facebook.com\/visionxeurope\" \/>\n<meta property=\"article:modified_time\" content=\"2025-01-03T09:13:26+00:00\" \/>\n<meta property=\"og:image\" content=\"https:\/\/www.rindab.se\/wp-content\/uploads\/sites\/7\/2023\/08\/TES-XPLHC23M3Y-1.jpg\" \/>\n\t<meta property=\"og:image:width\" content=\"1326\" \/>\n\t<meta property=\"og:image:height\" content=\"1326\" \/>\n\t<meta property=\"og:image:type\" content=\"image\/jpeg\" \/>\n<meta name=\"twitter:card\" content=\"summary_large_image\" \/>\n<meta name=\"twitter:label1\" content=\"Tillg\u00e4nglig\" \/>\n\t<meta name=\"twitter:data1\" content=\"I lager\" \/>\n<script type=\"application\/ld+json\" class=\"yoast-schema-graph\">{\"@context\":\"https:\/\/schema.org\",\"@graph\":[{\"@type\":\"WebPage\",\"@id\":\"https:\/\/www.visionxeurope.com\/se\/webbutik\/tesla-model-3-model-y-2018-modellanpassat-extraljus-kit-vision-x\/\",\"url\":\"https:\/\/www.visionxeurope.com\/se\/webbutik\/tesla-model-3-model-y-2018-modellanpassat-extraljus-kit-vision-x\/\",\"name\":\"Tesla Model 3 \/ Model Y 2018- Modellanpassat Extraljus-kit, Vision X - Vision X Europe\",\"isPartOf\":{\"@id\":\"https:\/\/www.visionxeurope.com\/se\/#website\"},\"primaryImageOfPage\":{\"@id\":\"https:\/\/www.visionxeurope.com\/se\/webbutik\/tesla-model-3-model-y-2018-modellanpassat-extraljus-kit-vision-x\/#primaryimage\"},\"image\":{\"@id\":\"https:\/\/www.visionxeurope.com\/se\/webbutik\/tesla-model-3-model-y-2018-modellanpassat-extraljus-kit-vision-x\/#primaryimage\"},\"thumbnailUrl\":\"https:\/\/www.visionxeurope.com\/se\/wp-content\/uploads\/sites\/7\/2023\/08\/TES-XPLHC23M3Y-1.jpg\",\"datePublished\":\"2022-01-11T11:41:15+00:00\",\"dateModified\":\"2025-01-03T09:13:26+00:00\",\"breadcrumb\":{\"@id\":\"https:\/\/www.visionxeurope.com\/se\/webbutik\/tesla-model-3-model-y-2018-modellanpassat-extraljus-kit-vision-x\/#breadcrumb\"},\"inLanguage\":\"sv-SE\",\"potentialAction\":[{\"@type\":\"ReadAction\",\"target\":[\"https:\/\/www.visionxeurope.com\/se\/webbutik\/tesla-model-3-model-y-2018-modellanpassat-extraljus-kit-vision-x\/\"]}]},{\"@type\":\"ImageObject\",\"inLanguage\":\"sv-SE\",\"@id\":\"https:\/\/www.visionxeurope.com\/se\/webbutik\/tesla-model-3-model-y-2018-modellanpassat-extraljus-kit-vision-x\/#primaryimage\",\"url\":\"https:\/\/www.visionxeurope.com\/se\/wp-content\/uploads\/sites\/7\/2023\/08\/TES-XPLHC23M3Y-1.jpg\",\"contentUrl\":\"https:\/\/www.visionxeurope.com\/se\/wp-content\/uploads\/sites\/7\/2023\/08\/TES-XPLHC23M3Y-1.jpg\",\"width\":1326,\"height\":1326},{\"@type\":\"BreadcrumbList\",\"@id\":\"https:\/\/www.visionxeurope.com\/se\/webbutik\/tesla-model-3-model-y-2018-modellanpassat-extraljus-kit-vision-x\/#breadcrumb\",\"itemListElement\":[{\"@type\":\"ListItem\",\"position\":1,\"name\":\"Hem\",\"item\":\"https:\/\/www.visionxeurope.com\/se\/\"},{\"@type\":\"ListItem\",\"position\":2,\"name\":\"Webbutik\",\"item\":\"https:\/\/www.visionxeurope.com\/se\/webbutik\/\"},{\"@type\":\"ListItem\",\"position\":3,\"name\":\"Tesla Model 3 \/ Model Y 2018- Modellanpassat Extraljus-kit, Vision X\"}]},{\"@type\":\"WebSite\",\"@id\":\"https:\/\/www.visionxeurope.com\/se\/#website\",\"url\":\"https:\/\/www.visionxeurope.com\/se\/\",\"name\":\"Vision X Europe\",\"description\":\"\",\"publisher\":{\"@id\":\"https:\/\/www.visionxeurope.com\/se\/#organization\"},\"potentialAction\":[{\"@type\":\"SearchAction\",\"target\":{\"@type\":\"EntryPoint\",\"urlTemplate\":\"https:\/\/www.visionxeurope.com\/se\/?s={search_term_string}\"},\"query-input\":{\"@type\":\"PropertyValueSpecification\",\"valueRequired\":true,\"valueName\":\"search_term_string\"}}],\"inLanguage\":\"sv-SE\"},{\"@type\":\"Organization\",\"@id\":\"https:\/\/www.visionxeurope.com\/se\/#organization\",\"name\":\"Vision X Europe\",\"url\":\"https:\/\/www.visionxeurope.com\/se\/\",\"logo\":{\"@type\":\"ImageObject\",\"inLanguage\":\"sv-SE\",\"@id\":\"https:\/\/www.visionxeurope.com\/se\/#\/schema\/logo\/image\/\",\"url\":\"https:\/\/www.visionxeurope.com\/se\/wp-content\/uploads\/sites\/7\/2021\/04\/visionxeurope.png\",\"contentUrl\":\"https:\/\/www.visionxeurope.com\/se\/wp-content\/uploads\/sites\/7\/2021\/04\/visionxeurope.png\",\"width\":300,\"height\":110,\"caption\":\"Vision X Europe\"},\"image\":{\"@id\":\"https:\/\/www.visionxeurope.com\/se\/#\/schema\/logo\/image\/\"},\"sameAs\":[\"https:\/\/www.facebook.com\/visionxeurope\",\"https:\/\/www.instagram.com\/visionxeurope\/\"]}]}<\/script>\n<meta property=\"og:availability\" content=\"instock\" \/>\n<meta property=\"product:availability\" content=\"instock\" \/>\n<meta property=\"product:retailer_item_id\" content=\"TES-VXMAINM3Y\" \/>\n<meta property=\"product:condition\" content=\"new\" \/>\n<!-- \/ Yoast SEO Premium plugin. -->","yoast_head_json":{"title":"Tesla Model 3 \/ Model Y 2018- Modellanpassat Extraljus-kit, Vision X - Vision X Europe","robots":{"index":"index","follow":"follow","max-snippet":"max-snippet:-1","max-image-preview":"max-image-preview:large","max-video-preview":"max-video-preview:-1"},"canonical":"https:\/\/www.visionxeurope.com\/se\/webbutik\/tesla-model-3-model-y-2018-modellanpassat-extraljus-kit-vision-x\/","og_locale":"sv_SE","og_type":"article","og_title":"Tesla Model 3 \/ Model Y 2018- Modellanpassat Extraljus-kit, Vision X","og_description":"Modellanpassat extraljus-kit fr\u00e5n Vision X f\u00f6r Tesla Model 3, \u00e5rsmodell 2018 och nyare, samt Tesla Model Y, \u00e5rsmodell 2021 och nyare. Med integrerad och s\u00e4ker installation, som inte p\u00e5verkar br\u00e4nslef\u00f6rbrukning, radio eller andra sensorer. 1. V\u00c4LJ EN LED-RAMP:","og_url":"https:\/\/www.visionxeurope.com\/se\/webbutik\/tesla-model-3-model-y-2018-modellanpassat-extraljus-kit-vision-x\/","og_site_name":"Vision X Europe","article_publisher":"https:\/\/www.facebook.com\/visionxeurope","article_modified_time":"2025-01-03T09:13:26+00:00","og_image":[{"width":1326,"height":1326,"url":"https:\/\/www.rindab.se\/wp-content\/uploads\/sites\/7\/2023\/08\/TES-XPLHC23M3Y-1.jpg","type":"image\/jpeg"}],"twitter_card":"summary_large_image","twitter_misc":{"Tillg\u00e4nglig":"I lager"},"schema":{"@context":"https:\/\/schema.org","@graph":[{"@type":"WebPage","@id":"https:\/\/www.visionxeurope.com\/se\/webbutik\/tesla-model-3-model-y-2018-modellanpassat-extraljus-kit-vision-x\/","url":"https:\/\/www.visionxeurope.com\/se\/webbutik\/tesla-model-3-model-y-2018-modellanpassat-extraljus-kit-vision-x\/","name":"Tesla Model 3 \/ Model Y 2018- Modellanpassat Extraljus-kit, Vision X - Vision X Europe","isPartOf":{"@id":"https:\/\/www.visionxeurope.com\/se\/#website"},"primaryImageOfPage":{"@id":"https:\/\/www.visionxeurope.com\/se\/webbutik\/tesla-model-3-model-y-2018-modellanpassat-extraljus-kit-vision-x\/#primaryimage"},"image":{"@id":"https:\/\/www.visionxeurope.com\/se\/webbutik\/tesla-model-3-model-y-2018-modellanpassat-extraljus-kit-vision-x\/#primaryimage"},"thumbnailUrl":"https:\/\/www.visionxeurope.com\/se\/wp-content\/uploads\/sites\/7\/2023\/08\/TES-XPLHC23M3Y-1.jpg","datePublished":"2022-01-11T11:41:15+00:00","dateModified":"2025-01-03T09:13:26+00:00","breadcrumb":{"@id":"https:\/\/www.visionxeurope.com\/se\/webbutik\/tesla-model-3-model-y-2018-modellanpassat-extraljus-kit-vision-x\/#breadcrumb"},"inLanguage":"sv-SE","potentialAction":[{"@type":"ReadAction","target":["https:\/\/www.visionxeurope.com\/se\/webbutik\/tesla-model-3-model-y-2018-modellanpassat-extraljus-kit-vision-x\/"]}]},{"@type":"ImageObject","inLanguage":"sv-SE","@id":"https:\/\/www.visionxeurope.com\/se\/webbutik\/tesla-model-3-model-y-2018-modellanpassat-extraljus-kit-vision-x\/#primaryimage","url":"https:\/\/www.visionxeurope.com\/se\/wp-content\/uploads\/sites\/7\/2023\/08\/TES-XPLHC23M3Y-1.jpg","contentUrl":"https:\/\/www.visionxeurope.com\/se\/wp-content\/uploads\/sites\/7\/2023\/08\/TES-XPLHC23M3Y-1.jpg","width":1326,"height":1326},{"@type":"BreadcrumbList","@id":"https:\/\/www.visionxeurope.com\/se\/webbutik\/tesla-model-3-model-y-2018-modellanpassat-extraljus-kit-vision-x\/#breadcrumb","itemListElement":[{"@type":"ListItem","position":1,"name":"Hem","item":"https:\/\/www.visionxeurope.com\/se\/"},{"@type":"ListItem","position":2,"name":"Webbutik","item":"https:\/\/www.visionxeurope.com\/se\/webbutik\/"},{"@type":"ListItem","position":3,"name":"Tesla Model 3 \/ Model Y 2018- Modellanpassat Extraljus-kit, Vision X"}]},{"@type":"WebSite","@id":"https:\/\/www.visionxeurope.com\/se\/#website","url":"https:\/\/www.visionxeurope.com\/se\/","name":"Vision X Europe","description":"","publisher":{"@id":"https:\/\/www.visionxeurope.com\/se\/#organization"},"potentialAction":[{"@type":"SearchAction","target":{"@type":"EntryPoint","urlTemplate":"https:\/\/www.visionxeurope.com\/se\/?s={search_term_string}"},"query-input":{"@type":"PropertyValueSpecification","valueRequired":true,"valueName":"search_term_string"}}],"inLanguage":"sv-SE"},{"@type":"Organization","@id":"https:\/\/www.visionxeurope.com\/se\/#organization","name":"Vision X Europe","url":"https:\/\/www.visionxeurope.com\/se\/","logo":{"@type":"ImageObject","inLanguage":"sv-SE","@id":"https:\/\/www.visionxeurope.com\/se\/#\/schema\/logo\/image\/","url":"https:\/\/www.visionxeurope.com\/se\/wp-content\/uploads\/sites\/7\/2021\/04\/visionxeurope.png","contentUrl":"https:\/\/www.visionxeurope.com\/se\/wp-content\/uploads\/sites\/7\/2021\/04\/visionxeurope.png","width":300,"height":110,"caption":"Vision X Europe"},"image":{"@id":"https:\/\/www.visionxeurope.com\/se\/#\/schema\/logo\/image\/"},"sameAs":["https:\/\/www.facebook.com\/visionxeurope","https:\/\/www.instagram.com\/visionxeurope\/"]}]},"og_availability":"instock","product_availability":"instock","product_retailer_item_id":"TES-VXMAINM3Y","product_condition":"new"},"_links":{"self":[{"href":"https:\/\/www.visionxeurope.com\/se\/wp-json\/wp\/v2\/product\/18376","targetHints":{"allow":["GET"]}}],"collection":[{"href":"https:\/\/www.visionxeurope.com\/se\/wp-json\/wp\/v2\/product"}],"about":[{"href":"https:\/\/www.visionxeurope.com\/se\/wp-json\/wp\/v2\/types\/product"}],"replies":[{"embeddable":true,"href":"https:\/\/www.visionxeurope.com\/se\/wp-json\/wp\/v2\/comments?post=18376"}],"wp:featuredmedia":[{"embeddable":true,"href":"https:\/\/www.visionxeurope.com\/se\/wp-json\/wp\/v2\/media\/18377"}],"wp:attachment":[{"href":"https:\/\/www.visionxeurope.com\/se\/wp-json\/wp\/v2\/media?parent=18376"}],"wp:term":[{"taxonomy":"product_brand","embeddable":true,"href":"https:\/\/www.visionxeurope.com\/se\/wp-json\/wp\/v2\/product_brand?post=18376"},{"taxonomy":"product_cat","embeddable":true,"href":"https:\/\/www.visionxeurope.com\/se\/wp-json\/wp\/v2\/product_cat?post=18376"},{"taxonomy":"product_tag","embeddable":true,"href":"https:\/\/www.visionxeurope.com\/se\/wp-json\/wp\/v2\/product_tag?post=18376"}],"curies":[{"name":"wp","href":"https:\/\/api.w.org\/{rel}","templated":true}]}}