{"id":16869,"date":"2020-05-05T16:17:00","date_gmt":"2020-05-05T14:17:00","guid":{"rendered":"https:\/\/www.visionxeurope.com\/se\/?post_type=product&#038;p=16869"},"modified":"2023-05-08T10:17:20","modified_gmt":"2023-05-08T08:17:20","slug":"vision-x-lasmuttersats-m8","status":"publish","type":"product","link":"https:\/\/www.visionxeurope.com\/se\/webbutik\/vision-x-lasmuttersats-m8\/","title":{"rendered":"VISION X L\u00c5SMUTTERSATS M8"},"content":{"rendered":"<p>Vision X l\u00e5smuttersats med 2 st s\u00e4kerhetsmuttrar och 1 st nyckelhylsa. F\u00f6r muttrar av storlek M8.<\/p><p>Med denna l\u00e5smuttersats kan du s\u00e4kerst\u00e4lla och skydda extraljus, extraljusramper och arbetsljus fr\u00e5n st\u00f6ld. L\u00e5smuttrarna \u00e4r enkla att montera p\u00e5 befintliga skruvar. Applicera g\u00e4rna g\u00e4ngs\u00e4kring vid montage. L\u00e5smuttrarna kan enbart l\u00e5sas och l\u00e5sas upp med inkluderad nyckelhylsa.<\/p><p>F\u00f6r mutterstorlek: M8<\/p><p>Denna l\u00e5smuttersats passar bl a:<br>4.7&#8243; CG2 Light Cannon, 3.0&#8243; CG2 Light Cannon (Square), 3.7&#8243; CG2 Light Cannon (Round), Duralux 4LED, Optimus Series, Shocker Light Bar, Unite Light Bar, XPL\/XPL Curved<\/p>","protected":false},"excerpt":{"rendered":"<p><!-- wp:paragraph --><\/p>\n<p>Vision X l\u00e5smuttersats med 2 st s\u00e4kerhetsmuttrar och 1 st nyckelhylsa. F\u00f6r muttrar av storlek M8.<\/p>\n<p><!-- \/wp:paragraph --><\/p>\n<p><!-- wp:paragraph --><\/p>\n<p>Med denna l\u00e5smuttersats kan du s\u00e4kerst\u00e4lla och skydda extraljus, extraljusramper och arbetsljus fr\u00e5n st\u00f6ld. L\u00e5smuttrarna \u00e4r enkla att montera p\u00e5 befintliga skruvar. Applicera g\u00e4rna g\u00e4ngs\u00e4kring vid montage. L\u00e5smuttrarna kan enbart l\u00e5sas och l\u00e5sas upp med inkluderad nyckelhylsa.<\/p>\n<p><!-- \/wp:paragraph --><\/p>\n<p><!-- wp:paragraph --><\/p>\n<p>F\u00f6r mutterstorlek: M8<\/p>\n<p><!-- \/wp:paragraph --><\/p>\n<p><!-- wp:paragraph --><\/p>\n<p>Denna l\u00e5smuttersats passar bl a:<br \/>4.7&#8243; CG2 Light Cannon, 3.0&#8243; CG2 Light Cannon (Square), 3.7&#8243; CG2 Light Cannon (Round), Duralux 4LED, Optimus Series, Shocker Light Bar, Unite Light Bar, XPL\/XPL Curved<\/p>\n<p><!-- \/wp:paragraph --><\/p>\n","protected":false},"featured_media":16870,"comment_status":"open","ping_status":"closed","template":"","meta":{"editor_notices":[]},"product_brand":[],"product_cat":[39],"product_tag":[],"class_list":{"0":"post-16869","1":"product","2":"type-product","3":"status-publish","4":"has-post-thumbnail","6":"product_cat-montage","7":"resize-featured-image","8":"","9":"woocommerce-text-align-left","10":"woocommerce-image-align-center","12":"first","13":"instock","14":"taxable","15":"shipping-taxable","16":"product-type-simple"},"yoast_head":"<!-- This site is optimized with the Yoast SEO Premium plugin v25.0 (Yoast SEO v25.0) - https:\/\/yoast.com\/wordpress\/plugins\/seo\/ -->\n<title>VISION X L\u00c5SMUTTERSATS M8 - Vision X Europe<\/title>\n<meta name=\"robots\" content=\"index, follow, max-snippet:-1, max-image-preview:large, max-video-preview:-1\" \/>\n<link rel=\"canonical\" href=\"https:\/\/www.visionxeurope.com\/se\/webbutik\/vision-x-lasmuttersats-m8\/\" \/>\n<meta property=\"og:locale\" content=\"sv_SE\" \/>\n<meta property=\"og:type\" content=\"article\" \/>\n<meta property=\"og:title\" content=\"VISION X L\u00c5SMUTTERSATS M8\" \/>\n<meta property=\"og:description\" content=\"Vision X l\u00e5smuttersats med 2 st s\u00e4kerhetsmuttrar och 1 st nyckelhylsa. F\u00f6r muttrar av storlek M8.    Med denna l\u00e5smuttersats kan du s\u00e4kerst\u00e4lla och skydda extraljus, extraljusramper och arbetsljus fr\u00e5n st\u00f6ld. L\u00e5smuttrarna \u00e4r enkla att montera p\u00e5 befintliga skruvar. Applicera g\u00e4rna g\u00e4ngs\u00e4kring vid montage. L\u00e5smuttrarna kan enbart l\u00e5sas och l\u00e5sas upp med inkluderad nyckelhylsa.    F\u00f6r mutterstorlek: M8    Denna l\u00e5smuttersats passar bl a:4.7&quot; CG2 Light Cannon, 3.0&quot; CG2 Light Cannon (Square), 3.7&quot; CG2 Light Cannon (Round), Duralux 4LED, Optimus Series, Shocker Light Bar, Unite Light Bar, XPL\/XPL Curved\" \/>\n<meta property=\"og:url\" content=\"https:\/\/www.visionxeurope.com\/se\/webbutik\/vision-x-lasmuttersats-m8\/\" \/>\n<meta property=\"og:site_name\" content=\"Vision X Europe\" \/>\n<meta property=\"article:publisher\" content=\"https:\/\/www.facebook.com\/visionxeurope\" \/>\n<meta property=\"article:modified_time\" content=\"2023-05-08T08:17:20+00:00\" \/>\n<meta property=\"og:image\" content=\"https:\/\/www.rindab.se\/wp-content\/uploads\/sites\/7\/2023\/05\/XIL-SN08.jpg\" \/>\n\t<meta property=\"og:image:width\" content=\"1920\" \/>\n\t<meta property=\"og:image:height\" content=\"1920\" \/>\n\t<meta property=\"og:image:type\" content=\"image\/jpeg\" \/>\n<meta name=\"twitter:card\" content=\"summary_large_image\" \/>\n<meta name=\"twitter:label1\" content=\"Pris\" \/>\n\t<meta name=\"twitter:data1\" content=\"214,00&nbsp;&#107;&#114; exkl. moms\" \/>\n\t<meta name=\"twitter:label2\" content=\"Tillg\u00e4nglig\" \/>\n\t<meta name=\"twitter:data2\" content=\"I lager\" \/>\n<script type=\"application\/ld+json\" class=\"yoast-schema-graph\">{\"@context\":\"https:\/\/schema.org\",\"@graph\":[{\"@type\":\"WebPage\",\"@id\":\"https:\/\/www.visionxeurope.com\/se\/webbutik\/vision-x-lasmuttersats-m8\/\",\"url\":\"https:\/\/www.visionxeurope.com\/se\/webbutik\/vision-x-lasmuttersats-m8\/\",\"name\":\"VISION X L\u00c5SMUTTERSATS M8 - Vision X Europe\",\"isPartOf\":{\"@id\":\"https:\/\/www.visionxeurope.com\/se\/#website\"},\"primaryImageOfPage\":{\"@id\":\"https:\/\/www.visionxeurope.com\/se\/webbutik\/vision-x-lasmuttersats-m8\/#primaryimage\"},\"image\":{\"@id\":\"https:\/\/www.visionxeurope.com\/se\/webbutik\/vision-x-lasmuttersats-m8\/#primaryimage\"},\"thumbnailUrl\":\"https:\/\/www.visionxeurope.com\/se\/wp-content\/uploads\/sites\/7\/2023\/05\/XIL-SN08.jpg\",\"datePublished\":\"2020-05-05T14:17:00+00:00\",\"dateModified\":\"2023-05-08T08:17:20+00:00\",\"breadcrumb\":{\"@id\":\"https:\/\/www.visionxeurope.com\/se\/webbutik\/vision-x-lasmuttersats-m8\/#breadcrumb\"},\"inLanguage\":\"sv-SE\",\"potentialAction\":[{\"@type\":\"ReadAction\",\"target\":[\"https:\/\/www.visionxeurope.com\/se\/webbutik\/vision-x-lasmuttersats-m8\/\"]}]},{\"@type\":\"ImageObject\",\"inLanguage\":\"sv-SE\",\"@id\":\"https:\/\/www.visionxeurope.com\/se\/webbutik\/vision-x-lasmuttersats-m8\/#primaryimage\",\"url\":\"https:\/\/www.visionxeurope.com\/se\/wp-content\/uploads\/sites\/7\/2023\/05\/XIL-SN08.jpg\",\"contentUrl\":\"https:\/\/www.visionxeurope.com\/se\/wp-content\/uploads\/sites\/7\/2023\/05\/XIL-SN08.jpg\",\"width\":1920,\"height\":1920},{\"@type\":\"BreadcrumbList\",\"@id\":\"https:\/\/www.visionxeurope.com\/se\/webbutik\/vision-x-lasmuttersats-m8\/#breadcrumb\",\"itemListElement\":[{\"@type\":\"ListItem\",\"position\":1,\"name\":\"Hem\",\"item\":\"https:\/\/www.visionxeurope.com\/se\/\"},{\"@type\":\"ListItem\",\"position\":2,\"name\":\"Webbutik\",\"item\":\"https:\/\/www.visionxeurope.com\/se\/webbutik\/\"},{\"@type\":\"ListItem\",\"position\":3,\"name\":\"VISION X L\u00c5SMUTTERSATS M8\"}]},{\"@type\":\"WebSite\",\"@id\":\"https:\/\/www.visionxeurope.com\/se\/#website\",\"url\":\"https:\/\/www.visionxeurope.com\/se\/\",\"name\":\"Vision X Europe\",\"description\":\"\",\"publisher\":{\"@id\":\"https:\/\/www.visionxeurope.com\/se\/#organization\"},\"potentialAction\":[{\"@type\":\"SearchAction\",\"target\":{\"@type\":\"EntryPoint\",\"urlTemplate\":\"https:\/\/www.visionxeurope.com\/se\/?s={search_term_string}\"},\"query-input\":{\"@type\":\"PropertyValueSpecification\",\"valueRequired\":true,\"valueName\":\"search_term_string\"}}],\"inLanguage\":\"sv-SE\"},{\"@type\":\"Organization\",\"@id\":\"https:\/\/www.visionxeurope.com\/se\/#organization\",\"name\":\"Vision X Europe\",\"url\":\"https:\/\/www.visionxeurope.com\/se\/\",\"logo\":{\"@type\":\"ImageObject\",\"inLanguage\":\"sv-SE\",\"@id\":\"https:\/\/www.visionxeurope.com\/se\/#\/schema\/logo\/image\/\",\"url\":\"https:\/\/www.visionxeurope.com\/se\/wp-content\/uploads\/sites\/7\/2021\/04\/visionxeurope.png\",\"contentUrl\":\"https:\/\/www.visionxeurope.com\/se\/wp-content\/uploads\/sites\/7\/2021\/04\/visionxeurope.png\",\"width\":300,\"height\":110,\"caption\":\"Vision X Europe\"},\"image\":{\"@id\":\"https:\/\/www.visionxeurope.com\/se\/#\/schema\/logo\/image\/\"},\"sameAs\":[\"https:\/\/www.facebook.com\/visionxeurope\",\"https:\/\/www.instagram.com\/visionxeurope\/\"]}]}<\/script>\n<meta property=\"product:price:amount\" content=\"214.00\" \/>\n<meta property=\"product:price:currency\" content=\"SEK\" \/>\n<meta property=\"og:availability\" content=\"instock\" \/>\n<meta property=\"product:availability\" content=\"instock\" \/>\n<meta property=\"product:retailer_item_id\" content=\"XIL-SN08\" \/>\n<meta property=\"product:condition\" content=\"new\" \/>\n<!-- \/ Yoast SEO Premium plugin. -->","yoast_head_json":{"title":"VISION X L\u00c5SMUTTERSATS M8 - Vision X Europe","robots":{"index":"index","follow":"follow","max-snippet":"max-snippet:-1","max-image-preview":"max-image-preview:large","max-video-preview":"max-video-preview:-1"},"canonical":"https:\/\/www.visionxeurope.com\/se\/webbutik\/vision-x-lasmuttersats-m8\/","og_locale":"sv_SE","og_type":"article","og_title":"VISION X L\u00c5SMUTTERSATS M8","og_description":"Vision X l\u00e5smuttersats med 2 st s\u00e4kerhetsmuttrar och 1 st nyckelhylsa. F\u00f6r muttrar av storlek M8.    Med denna l\u00e5smuttersats kan du s\u00e4kerst\u00e4lla och skydda extraljus, extraljusramper och arbetsljus fr\u00e5n st\u00f6ld. L\u00e5smuttrarna \u00e4r enkla att montera p\u00e5 befintliga skruvar. Applicera g\u00e4rna g\u00e4ngs\u00e4kring vid montage. L\u00e5smuttrarna kan enbart l\u00e5sas och l\u00e5sas upp med inkluderad nyckelhylsa.    F\u00f6r mutterstorlek: M8    Denna l\u00e5smuttersats passar bl a:4.7\" CG2 Light Cannon, 3.0\" CG2 Light Cannon (Square), 3.7\" CG2 Light Cannon (Round), Duralux 4LED, Optimus Series, Shocker Light Bar, Unite Light Bar, XPL\/XPL Curved","og_url":"https:\/\/www.visionxeurope.com\/se\/webbutik\/vision-x-lasmuttersats-m8\/","og_site_name":"Vision X Europe","article_publisher":"https:\/\/www.facebook.com\/visionxeurope","article_modified_time":"2023-05-08T08:17:20+00:00","og_image":[{"width":1920,"height":1920,"url":"https:\/\/www.rindab.se\/wp-content\/uploads\/sites\/7\/2023\/05\/XIL-SN08.jpg","type":"image\/jpeg"}],"twitter_card":"summary_large_image","twitter_misc":{"Pris":"214,00&nbsp;&#107;&#114; exkl. moms","Tillg\u00e4nglig":"I lager"},"schema":{"@context":"https:\/\/schema.org","@graph":[{"@type":"WebPage","@id":"https:\/\/www.visionxeurope.com\/se\/webbutik\/vision-x-lasmuttersats-m8\/","url":"https:\/\/www.visionxeurope.com\/se\/webbutik\/vision-x-lasmuttersats-m8\/","name":"VISION X L\u00c5SMUTTERSATS M8 - Vision X Europe","isPartOf":{"@id":"https:\/\/www.visionxeurope.com\/se\/#website"},"primaryImageOfPage":{"@id":"https:\/\/www.visionxeurope.com\/se\/webbutik\/vision-x-lasmuttersats-m8\/#primaryimage"},"image":{"@id":"https:\/\/www.visionxeurope.com\/se\/webbutik\/vision-x-lasmuttersats-m8\/#primaryimage"},"thumbnailUrl":"https:\/\/www.visionxeurope.com\/se\/wp-content\/uploads\/sites\/7\/2023\/05\/XIL-SN08.jpg","datePublished":"2020-05-05T14:17:00+00:00","dateModified":"2023-05-08T08:17:20+00:00","breadcrumb":{"@id":"https:\/\/www.visionxeurope.com\/se\/webbutik\/vision-x-lasmuttersats-m8\/#breadcrumb"},"inLanguage":"sv-SE","potentialAction":[{"@type":"ReadAction","target":["https:\/\/www.visionxeurope.com\/se\/webbutik\/vision-x-lasmuttersats-m8\/"]}]},{"@type":"ImageObject","inLanguage":"sv-SE","@id":"https:\/\/www.visionxeurope.com\/se\/webbutik\/vision-x-lasmuttersats-m8\/#primaryimage","url":"https:\/\/www.visionxeurope.com\/se\/wp-content\/uploads\/sites\/7\/2023\/05\/XIL-SN08.jpg","contentUrl":"https:\/\/www.visionxeurope.com\/se\/wp-content\/uploads\/sites\/7\/2023\/05\/XIL-SN08.jpg","width":1920,"height":1920},{"@type":"BreadcrumbList","@id":"https:\/\/www.visionxeurope.com\/se\/webbutik\/vision-x-lasmuttersats-m8\/#breadcrumb","itemListElement":[{"@type":"ListItem","position":1,"name":"Hem","item":"https:\/\/www.visionxeurope.com\/se\/"},{"@type":"ListItem","position":2,"name":"Webbutik","item":"https:\/\/www.visionxeurope.com\/se\/webbutik\/"},{"@type":"ListItem","position":3,"name":"VISION X L\u00c5SMUTTERSATS M8"}]},{"@type":"WebSite","@id":"https:\/\/www.visionxeurope.com\/se\/#website","url":"https:\/\/www.visionxeurope.com\/se\/","name":"Vision X Europe","description":"","publisher":{"@id":"https:\/\/www.visionxeurope.com\/se\/#organization"},"potentialAction":[{"@type":"SearchAction","target":{"@type":"EntryPoint","urlTemplate":"https:\/\/www.visionxeurope.com\/se\/?s={search_term_string}"},"query-input":{"@type":"PropertyValueSpecification","valueRequired":true,"valueName":"search_term_string"}}],"inLanguage":"sv-SE"},{"@type":"Organization","@id":"https:\/\/www.visionxeurope.com\/se\/#organization","name":"Vision X Europe","url":"https:\/\/www.visionxeurope.com\/se\/","logo":{"@type":"ImageObject","inLanguage":"sv-SE","@id":"https:\/\/www.visionxeurope.com\/se\/#\/schema\/logo\/image\/","url":"https:\/\/www.visionxeurope.com\/se\/wp-content\/uploads\/sites\/7\/2021\/04\/visionxeurope.png","contentUrl":"https:\/\/www.visionxeurope.com\/se\/wp-content\/uploads\/sites\/7\/2021\/04\/visionxeurope.png","width":300,"height":110,"caption":"Vision X Europe"},"image":{"@id":"https:\/\/www.visionxeurope.com\/se\/#\/schema\/logo\/image\/"},"sameAs":["https:\/\/www.facebook.com\/visionxeurope","https:\/\/www.instagram.com\/visionxeurope\/"]}]},"product_price_amount":"214.00","product_price_currency":"SEK","og_availability":"instock","product_availability":"instock","product_retailer_item_id":"XIL-SN08","product_condition":"new"},"_links":{"self":[{"href":"https:\/\/www.visionxeurope.com\/se\/wp-json\/wp\/v2\/product\/16869","targetHints":{"allow":["GET"]}}],"collection":[{"href":"https:\/\/www.visionxeurope.com\/se\/wp-json\/wp\/v2\/product"}],"about":[{"href":"https:\/\/www.visionxeurope.com\/se\/wp-json\/wp\/v2\/types\/product"}],"replies":[{"embeddable":true,"href":"https:\/\/www.visionxeurope.com\/se\/wp-json\/wp\/v2\/comments?post=16869"}],"wp:featuredmedia":[{"embeddable":true,"href":"https:\/\/www.visionxeurope.com\/se\/wp-json\/wp\/v2\/media\/16870"}],"wp:attachment":[{"href":"https:\/\/www.visionxeurope.com\/se\/wp-json\/wp\/v2\/media?parent=16869"}],"wp:term":[{"taxonomy":"product_brand","embeddable":true,"href":"https:\/\/www.visionxeurope.com\/se\/wp-json\/wp\/v2\/product_brand?post=16869"},{"taxonomy":"product_cat","embeddable":true,"href":"https:\/\/www.visionxeurope.com\/se\/wp-json\/wp\/v2\/product_cat?post=16869"},{"taxonomy":"product_tag","embeddable":true,"href":"https:\/\/www.visionxeurope.com\/se\/wp-json\/wp\/v2\/product_tag?post=16869"}],"curies":[{"name":"wp","href":"https:\/\/api.w.org\/{rel}","templated":true}]}}