{"id":16846,"date":"2020-10-01T12:01:00","date_gmt":"2020-10-01T10:01:00","guid":{"rendered":"https:\/\/www.visionxeurope.com\/se\/?post_type=product&#038;p=16846"},"modified":"2026-02-19T13:08:36","modified_gmt":"2026-02-19T12:08:36","slug":"vision-x-xmitter-black-edition-24v-8-60w-10-e-markt","status":"publish","type":"product","link":"https:\/\/www.visionxeurope.com\/se\/webbutik\/vision-x-xmitter-black-edition-24v-8-60w-10-e-markt\/","title":{"rendered":"VISION X XMITTER BLACK EDITION 24V 8&#8243; 60W 10\u00b0 E-M\u00c4RKT"},"content":{"rendered":"<p><\/p>\n<p>Xmitter Prime Xtreme, den absolut mest effektiva och kraftfullaste LED rampen p\u00e5 marknaden. Prime Xtreme levererar flest lumen per centimeter ramp och ger d\u00e4rf\u00f6r otroligt mycket ljus ur en liten enhet.<\/p>\n<p><\/p>\n<p><\/p>\n<p>Detta \u00e4r Black Edition-versionen av denna LED-ramp, med en svart bakgrund som ger ett mer diskret utseende \u00e4n tidigare kromade bakgrund.<\/p>\n<p><\/p>\n<p><\/p>\n<p><strong>Data:<\/strong><\/p>\n<p><\/p>\n<p><\/p>\n<ul class=\"wp-block-list\"><\/p>\n<li>E-m\u00e4rkt<\/li>\n<p><\/p>\n<p><\/p>\n<li>Lamphus: Robust aluminium\/komposit<\/li>\n<p><\/p>\n<p><\/p>\n<li>Sp\u00e4nning: 24V<\/li>\n<p><\/p>\n<p><\/p>\n<li>Str\u00f6mf\u00f6rbrukning: 2.5 Amp vid 24V<\/li>\n<p><\/p>\n<p><\/p>\n<li>IP-klass: IP68\/69K<\/li>\n<p><\/p>\n<p><\/p>\n<li>Vibrationsklass: 15.6G<\/li>\n<p><\/p>\n<p><\/p>\n<li>Arbetstemperatur: -40\u00b0C \u2013 +80\u00b0C<\/li>\n<p><\/p>\n<p><\/p>\n<li>H\u00f6jd: 95.25mm<\/li>\n<p><\/p>\n<p><\/p>\n<li>Djup: 84.07mm<\/li>\n<p><\/p>\n<p><\/p>\n<li>Bredd: 201mm<\/li>\n<p><\/p>\n<p><\/p>\n<li>Vikt: 2 400 gram<\/li>\n<p><\/p>\n<p><\/p>\n<li>Watt: 60<\/li>\n<p><\/p>\n<p><\/p>\n<li>LED: 12 st. x 5W<\/li>\n<p><\/p>\n<p><\/p>\n<li>R\u00e5a lumen: 6 336<\/li>\n<p><\/p>\n<p><\/p>\n<li>Effektiva lumen: 4 440<\/li>\n<p><\/p>\n<p><\/p>\n<li>Lins: Polykarbonat<\/li>\n<p><\/p>\n<p><\/p>\n<li>Ljusbild: 10\u00b0 Spot (Finns \u00e4ven som 25\u00b0, 40\u00b0, 60\u00b0)<\/li>\n<p><\/ul>\n<p><\/p>","protected":false},"excerpt":{"rendered":"<p>Xmitter Prime Xtreme, den absolut mest effektiva och kraftfullaste LED rampen p\u00e5 marknaden. Prime Xtreme levererar flest lumen per centimeter ramp och ger d\u00e4rf\u00f6r otroligt mycket ljus ur en liten enhet.<\/p>\n<p>Detta \u00e4r Black Edition-versionen av denna LED-ramp, med en svart bakgrund som ger ett mer diskret utseende \u00e4n tidigare kromade bakgrund.<\/p>\n<p><strong>Data:<\/strong><\/p>\n<ul>\n<li>E-m\u00e4rkt<\/li>\n<li>Lamphus: Robust aluminium<\/li>\n<li>Sp\u00e4nning: 24V<\/li>\n<li>Str\u00f6mf\u00f6rbrukning: 2.5 Amp vid 24V<\/li>\n<li>IP-klass: IP68<\/li>\n<li>Vibrationsklass: 15.6G<\/li>\n<li>Arbetstemperatur: -40\u00b0C \u2013 +80\u00b0C<\/li>\n<li>H\u00f6jd: 95.25mm<\/li>\n<li>Djup: 84.07mm<\/li>\n<li>Bredd: 201mm<\/li>\n<li>Watt: 60<\/li>\n<li>LED: 12 st. x 5W<\/li>\n<li>R\u00e5a lumen: 6 336<\/li>\n<li>Effektiva lumen: 4 440<\/li>\n<li>Lins: Polykarbonat<\/li>\n<li>Ljusbild: 10\u00b0 Spot (Finns \u00e4ven som 25\u00b0, 40\u00b0, 60\u00b0)<\/li>\n<\/ul>\n","protected":false},"featured_media":13696,"comment_status":"open","ping_status":"closed","template":"","meta":{"editor_notices":[]},"product_brand":[],"product_cat":[304],"product_tag":[],"class_list":{"0":"post-16846","1":"product","2":"type-product","3":"status-publish","4":"has-post-thumbnail","6":"product_cat-xmitter-black-edition","7":"resize-featured-image","8":"","9":"woocommerce-text-align-left","10":"woocommerce-image-align-center","12":"first","13":"instock","14":"taxable","15":"shipping-taxable","16":"product-type-simple"},"yoast_head":"<!-- This site is optimized with the Yoast SEO Premium plugin v25.0 (Yoast SEO v25.0) - https:\/\/yoast.com\/wordpress\/plugins\/seo\/ -->\n<title>VISION X XMITTER BLACK EDITION 24V 8&quot; 60W 10\u00b0 E-M\u00c4RKT - Vision X Europe<\/title>\n<meta name=\"robots\" content=\"index, follow, max-snippet:-1, max-image-preview:large, max-video-preview:-1\" \/>\n<link rel=\"canonical\" href=\"https:\/\/www.visionxeurope.com\/se\/webbutik\/vision-x-xmitter-black-edition-24v-8-60w-10-e-markt\/\" \/>\n<meta property=\"og:locale\" content=\"sv_SE\" \/>\n<meta property=\"og:type\" content=\"article\" \/>\n<meta property=\"og:title\" content=\"VISION X XMITTER BLACK EDITION 24V 8&quot; 60W 10\u00b0 E-M\u00c4RKT\" \/>\n<meta property=\"og:description\" content=\"Xmitter Prime Xtreme, den absolut mest effektiva och kraftfullaste LED rampen p\u00e5 marknaden. Prime Xtreme levererar flest lumen per centimeter ramp och ger d\u00e4rf\u00f6r otroligt mycket ljus ur en liten enhet. Detta \u00e4r Black Edition-versionen av denna LED-ramp, med en svart bakgrund som ger ett mer diskret utseende \u00e4n tidigare kromade bakgrund. Data: E-m\u00e4rkt Lamphus: Robust aluminium Sp\u00e4nning: 24V Str\u00f6mf\u00f6rbrukning: 2.5 Amp vid 24V IP-klass: IP68 Vibrationsklass: 15.6G Arbetstemperatur: -40\u00b0C \u2013 +80\u00b0C H\u00f6jd: 95.25mm Djup: 84.07mm Bredd: 201mm Watt: 60 LED: 12 st. x 5W R\u00e5a lumen: 6 336 Effektiva lumen: 4 440 Lins: Polykarbonat Ljusbild: 10\u00b0 Spot (Finns \u00e4ven som 25\u00b0, 40\u00b0, 60\u00b0)\" \/>\n<meta property=\"og:url\" content=\"https:\/\/www.visionxeurope.com\/se\/webbutik\/vision-x-xmitter-black-edition-24v-8-60w-10-e-markt\/\" \/>\n<meta property=\"og:site_name\" content=\"Vision X Europe\" \/>\n<meta property=\"article:publisher\" content=\"https:\/\/www.facebook.com\/visionxeurope\" \/>\n<meta property=\"article:modified_time\" content=\"2026-02-19T12:08:36+00:00\" \/>\n<meta property=\"og:image\" content=\"https:\/\/www.rindab.se\/wp-content\/uploads\/sites\/7\/2022\/04\/XIL-PX1210.12BL-2.jpg\" \/>\n\t<meta property=\"og:image:width\" content=\"1920\" \/>\n\t<meta property=\"og:image:height\" content=\"1920\" \/>\n\t<meta property=\"og:image:type\" content=\"image\/jpeg\" \/>\n<meta name=\"twitter:card\" content=\"summary_large_image\" \/>\n<meta name=\"twitter:label1\" content=\"Pris\" \/>\n\t<meta name=\"twitter:data1\" content=\"4 396,00&nbsp;&#107;&#114; exkl. moms\" \/>\n\t<meta name=\"twitter:label2\" content=\"Tillg\u00e4nglig\" \/>\n\t<meta name=\"twitter:data2\" content=\"I lager\" \/>\n<script type=\"application\/ld+json\" class=\"yoast-schema-graph\">{\"@context\":\"https:\/\/schema.org\",\"@graph\":[{\"@type\":\"WebPage\",\"@id\":\"https:\/\/www.visionxeurope.com\/se\/webbutik\/vision-x-xmitter-black-edition-24v-8-60w-10-e-markt\/\",\"url\":\"https:\/\/www.visionxeurope.com\/se\/webbutik\/vision-x-xmitter-black-edition-24v-8-60w-10-e-markt\/\",\"name\":\"VISION X XMITTER BLACK EDITION 24V 8\\\" 60W 10\u00b0 E-M\u00c4RKT - Vision X Europe\",\"isPartOf\":{\"@id\":\"https:\/\/www.visionxeurope.com\/se\/#website\"},\"primaryImageOfPage\":{\"@id\":\"https:\/\/www.visionxeurope.com\/se\/webbutik\/vision-x-xmitter-black-edition-24v-8-60w-10-e-markt\/#primaryimage\"},\"image\":{\"@id\":\"https:\/\/www.visionxeurope.com\/se\/webbutik\/vision-x-xmitter-black-edition-24v-8-60w-10-e-markt\/#primaryimage\"},\"thumbnailUrl\":\"https:\/\/www.visionxeurope.com\/se\/wp-content\/uploads\/sites\/7\/2022\/04\/XIL-PX1210.12BL-2.jpg\",\"datePublished\":\"2020-10-01T10:01:00+00:00\",\"dateModified\":\"2026-02-19T12:08:36+00:00\",\"breadcrumb\":{\"@id\":\"https:\/\/www.visionxeurope.com\/se\/webbutik\/vision-x-xmitter-black-edition-24v-8-60w-10-e-markt\/#breadcrumb\"},\"inLanguage\":\"sv-SE\",\"potentialAction\":[{\"@type\":\"ReadAction\",\"target\":[\"https:\/\/www.visionxeurope.com\/se\/webbutik\/vision-x-xmitter-black-edition-24v-8-60w-10-e-markt\/\"]}]},{\"@type\":\"ImageObject\",\"inLanguage\":\"sv-SE\",\"@id\":\"https:\/\/www.visionxeurope.com\/se\/webbutik\/vision-x-xmitter-black-edition-24v-8-60w-10-e-markt\/#primaryimage\",\"url\":\"https:\/\/www.visionxeurope.com\/se\/wp-content\/uploads\/sites\/7\/2022\/04\/XIL-PX1210.12BL-2.jpg\",\"contentUrl\":\"https:\/\/www.visionxeurope.com\/se\/wp-content\/uploads\/sites\/7\/2022\/04\/XIL-PX1210.12BL-2.jpg\",\"width\":1920,\"height\":1920},{\"@type\":\"BreadcrumbList\",\"@id\":\"https:\/\/www.visionxeurope.com\/se\/webbutik\/vision-x-xmitter-black-edition-24v-8-60w-10-e-markt\/#breadcrumb\",\"itemListElement\":[{\"@type\":\"ListItem\",\"position\":1,\"name\":\"Hem\",\"item\":\"https:\/\/www.visionxeurope.com\/se\/\"},{\"@type\":\"ListItem\",\"position\":2,\"name\":\"Webbutik\",\"item\":\"https:\/\/www.visionxeurope.com\/se\/webbutik\/\"},{\"@type\":\"ListItem\",\"position\":3,\"name\":\"VISION X XMITTER BLACK EDITION 24V 8&#8243; 60W 10\u00b0 E-M\u00c4RKT\"}]},{\"@type\":\"WebSite\",\"@id\":\"https:\/\/www.visionxeurope.com\/se\/#website\",\"url\":\"https:\/\/www.visionxeurope.com\/se\/\",\"name\":\"Vision X Europe\",\"description\":\"\",\"publisher\":{\"@id\":\"https:\/\/www.visionxeurope.com\/se\/#organization\"},\"potentialAction\":[{\"@type\":\"SearchAction\",\"target\":{\"@type\":\"EntryPoint\",\"urlTemplate\":\"https:\/\/www.visionxeurope.com\/se\/?s={search_term_string}\"},\"query-input\":{\"@type\":\"PropertyValueSpecification\",\"valueRequired\":true,\"valueName\":\"search_term_string\"}}],\"inLanguage\":\"sv-SE\"},{\"@type\":\"Organization\",\"@id\":\"https:\/\/www.visionxeurope.com\/se\/#organization\",\"name\":\"Vision X Europe\",\"url\":\"https:\/\/www.visionxeurope.com\/se\/\",\"logo\":{\"@type\":\"ImageObject\",\"inLanguage\":\"sv-SE\",\"@id\":\"https:\/\/www.visionxeurope.com\/se\/#\/schema\/logo\/image\/\",\"url\":\"https:\/\/www.visionxeurope.com\/se\/wp-content\/uploads\/sites\/7\/2021\/04\/visionxeurope.png\",\"contentUrl\":\"https:\/\/www.visionxeurope.com\/se\/wp-content\/uploads\/sites\/7\/2021\/04\/visionxeurope.png\",\"width\":300,\"height\":110,\"caption\":\"Vision X Europe\"},\"image\":{\"@id\":\"https:\/\/www.visionxeurope.com\/se\/#\/schema\/logo\/image\/\"},\"sameAs\":[\"https:\/\/www.facebook.com\/visionxeurope\",\"https:\/\/www.instagram.com\/visionxeurope\/\"]}]}<\/script>\n<meta property=\"product:price:amount\" content=\"4396.00\" \/>\n<meta property=\"product:price:currency\" content=\"SEK\" \/>\n<meta property=\"og:availability\" content=\"instock\" \/>\n<meta property=\"product:availability\" content=\"instock\" \/>\n<meta property=\"product:retailer_item_id\" content=\"XIL-PX1210.24BL\" \/>\n<meta property=\"product:condition\" content=\"new\" \/>\n<!-- \/ Yoast SEO Premium plugin. -->","yoast_head_json":{"title":"VISION X XMITTER BLACK EDITION 24V 8\" 60W 10\u00b0 E-M\u00c4RKT - Vision X Europe","robots":{"index":"index","follow":"follow","max-snippet":"max-snippet:-1","max-image-preview":"max-image-preview:large","max-video-preview":"max-video-preview:-1"},"canonical":"https:\/\/www.visionxeurope.com\/se\/webbutik\/vision-x-xmitter-black-edition-24v-8-60w-10-e-markt\/","og_locale":"sv_SE","og_type":"article","og_title":"VISION X XMITTER BLACK EDITION 24V 8\" 60W 10\u00b0 E-M\u00c4RKT","og_description":"Xmitter Prime Xtreme, den absolut mest effektiva och kraftfullaste LED rampen p\u00e5 marknaden. Prime Xtreme levererar flest lumen per centimeter ramp och ger d\u00e4rf\u00f6r otroligt mycket ljus ur en liten enhet. Detta \u00e4r Black Edition-versionen av denna LED-ramp, med en svart bakgrund som ger ett mer diskret utseende \u00e4n tidigare kromade bakgrund. Data: E-m\u00e4rkt Lamphus: Robust aluminium Sp\u00e4nning: 24V Str\u00f6mf\u00f6rbrukning: 2.5 Amp vid 24V IP-klass: IP68 Vibrationsklass: 15.6G Arbetstemperatur: -40\u00b0C \u2013 +80\u00b0C H\u00f6jd: 95.25mm Djup: 84.07mm Bredd: 201mm Watt: 60 LED: 12 st. x 5W R\u00e5a lumen: 6 336 Effektiva lumen: 4 440 Lins: Polykarbonat Ljusbild: 10\u00b0 Spot (Finns \u00e4ven som 25\u00b0, 40\u00b0, 60\u00b0)","og_url":"https:\/\/www.visionxeurope.com\/se\/webbutik\/vision-x-xmitter-black-edition-24v-8-60w-10-e-markt\/","og_site_name":"Vision X Europe","article_publisher":"https:\/\/www.facebook.com\/visionxeurope","article_modified_time":"2026-02-19T12:08:36+00:00","og_image":[{"width":1920,"height":1920,"url":"https:\/\/www.rindab.se\/wp-content\/uploads\/sites\/7\/2022\/04\/XIL-PX1210.12BL-2.jpg","type":"image\/jpeg"}],"twitter_card":"summary_large_image","twitter_misc":{"Pris":"4 396,00&nbsp;&#107;&#114; exkl. moms","Tillg\u00e4nglig":"I lager"},"schema":{"@context":"https:\/\/schema.org","@graph":[{"@type":"WebPage","@id":"https:\/\/www.visionxeurope.com\/se\/webbutik\/vision-x-xmitter-black-edition-24v-8-60w-10-e-markt\/","url":"https:\/\/www.visionxeurope.com\/se\/webbutik\/vision-x-xmitter-black-edition-24v-8-60w-10-e-markt\/","name":"VISION X XMITTER BLACK EDITION 24V 8\" 60W 10\u00b0 E-M\u00c4RKT - Vision X Europe","isPartOf":{"@id":"https:\/\/www.visionxeurope.com\/se\/#website"},"primaryImageOfPage":{"@id":"https:\/\/www.visionxeurope.com\/se\/webbutik\/vision-x-xmitter-black-edition-24v-8-60w-10-e-markt\/#primaryimage"},"image":{"@id":"https:\/\/www.visionxeurope.com\/se\/webbutik\/vision-x-xmitter-black-edition-24v-8-60w-10-e-markt\/#primaryimage"},"thumbnailUrl":"https:\/\/www.visionxeurope.com\/se\/wp-content\/uploads\/sites\/7\/2022\/04\/XIL-PX1210.12BL-2.jpg","datePublished":"2020-10-01T10:01:00+00:00","dateModified":"2026-02-19T12:08:36+00:00","breadcrumb":{"@id":"https:\/\/www.visionxeurope.com\/se\/webbutik\/vision-x-xmitter-black-edition-24v-8-60w-10-e-markt\/#breadcrumb"},"inLanguage":"sv-SE","potentialAction":[{"@type":"ReadAction","target":["https:\/\/www.visionxeurope.com\/se\/webbutik\/vision-x-xmitter-black-edition-24v-8-60w-10-e-markt\/"]}]},{"@type":"ImageObject","inLanguage":"sv-SE","@id":"https:\/\/www.visionxeurope.com\/se\/webbutik\/vision-x-xmitter-black-edition-24v-8-60w-10-e-markt\/#primaryimage","url":"https:\/\/www.visionxeurope.com\/se\/wp-content\/uploads\/sites\/7\/2022\/04\/XIL-PX1210.12BL-2.jpg","contentUrl":"https:\/\/www.visionxeurope.com\/se\/wp-content\/uploads\/sites\/7\/2022\/04\/XIL-PX1210.12BL-2.jpg","width":1920,"height":1920},{"@type":"BreadcrumbList","@id":"https:\/\/www.visionxeurope.com\/se\/webbutik\/vision-x-xmitter-black-edition-24v-8-60w-10-e-markt\/#breadcrumb","itemListElement":[{"@type":"ListItem","position":1,"name":"Hem","item":"https:\/\/www.visionxeurope.com\/se\/"},{"@type":"ListItem","position":2,"name":"Webbutik","item":"https:\/\/www.visionxeurope.com\/se\/webbutik\/"},{"@type":"ListItem","position":3,"name":"VISION X XMITTER BLACK EDITION 24V 8&#8243; 60W 10\u00b0 E-M\u00c4RKT"}]},{"@type":"WebSite","@id":"https:\/\/www.visionxeurope.com\/se\/#website","url":"https:\/\/www.visionxeurope.com\/se\/","name":"Vision X Europe","description":"","publisher":{"@id":"https:\/\/www.visionxeurope.com\/se\/#organization"},"potentialAction":[{"@type":"SearchAction","target":{"@type":"EntryPoint","urlTemplate":"https:\/\/www.visionxeurope.com\/se\/?s={search_term_string}"},"query-input":{"@type":"PropertyValueSpecification","valueRequired":true,"valueName":"search_term_string"}}],"inLanguage":"sv-SE"},{"@type":"Organization","@id":"https:\/\/www.visionxeurope.com\/se\/#organization","name":"Vision X Europe","url":"https:\/\/www.visionxeurope.com\/se\/","logo":{"@type":"ImageObject","inLanguage":"sv-SE","@id":"https:\/\/www.visionxeurope.com\/se\/#\/schema\/logo\/image\/","url":"https:\/\/www.visionxeurope.com\/se\/wp-content\/uploads\/sites\/7\/2021\/04\/visionxeurope.png","contentUrl":"https:\/\/www.visionxeurope.com\/se\/wp-content\/uploads\/sites\/7\/2021\/04\/visionxeurope.png","width":300,"height":110,"caption":"Vision X Europe"},"image":{"@id":"https:\/\/www.visionxeurope.com\/se\/#\/schema\/logo\/image\/"},"sameAs":["https:\/\/www.facebook.com\/visionxeurope","https:\/\/www.instagram.com\/visionxeurope\/"]}]},"product_price_amount":"4396.00","product_price_currency":"SEK","og_availability":"instock","product_availability":"instock","product_retailer_item_id":"XIL-PX1210.24BL","product_condition":"new"},"_links":{"self":[{"href":"https:\/\/www.visionxeurope.com\/se\/wp-json\/wp\/v2\/product\/16846","targetHints":{"allow":["GET"]}}],"collection":[{"href":"https:\/\/www.visionxeurope.com\/se\/wp-json\/wp\/v2\/product"}],"about":[{"href":"https:\/\/www.visionxeurope.com\/se\/wp-json\/wp\/v2\/types\/product"}],"replies":[{"embeddable":true,"href":"https:\/\/www.visionxeurope.com\/se\/wp-json\/wp\/v2\/comments?post=16846"}],"wp:featuredmedia":[{"embeddable":true,"href":"https:\/\/www.visionxeurope.com\/se\/wp-json\/wp\/v2\/media\/13696"}],"wp:attachment":[{"href":"https:\/\/www.visionxeurope.com\/se\/wp-json\/wp\/v2\/media?parent=16846"}],"wp:term":[{"taxonomy":"product_brand","embeddable":true,"href":"https:\/\/www.visionxeurope.com\/se\/wp-json\/wp\/v2\/product_brand?post=16846"},{"taxonomy":"product_cat","embeddable":true,"href":"https:\/\/www.visionxeurope.com\/se\/wp-json\/wp\/v2\/product_cat?post=16846"},{"taxonomy":"product_tag","embeddable":true,"href":"https:\/\/www.visionxeurope.com\/se\/wp-json\/wp\/v2\/product_tag?post=16846"}],"curies":[{"name":"wp","href":"https:\/\/api.w.org\/{rel}","templated":true}]}}