{"id":16693,"date":"2023-01-26T16:15:00","date_gmt":"2023-01-26T15:15:00","guid":{"rendered":"https:\/\/www.visionxeurope.com\/se\/?post_type=product&#038;p=16693"},"modified":"2026-03-23T08:48:28","modified_gmt":"2026-03-23T07:48:28","slug":"vision-x-blacktips-5-led-35w-60-adr-mil-std-461-12v-svart","status":"publish","type":"product","link":"https:\/\/www.visionxeurope.com\/se\/webbutik\/vision-x-blacktips-5-led-35w-60-adr-mil-std-461-12v-svart\/","title":{"rendered":"VISION X BLACKTIPS 5 LED 35W 60\u00b0 ADR MIL-STD-461 12V SVART"},"content":{"rendered":"<p><\/p>\n<p>Blacktips \u00e4r Vision X senaste tillskott p\u00e5 tunga sidan, framtagna f\u00f6r tuffa applikationer som t.ex. gruvindustri, entreprenad, skogsbruk m.m. Denna modell av Blacktips \u00e4r specifikt anpassad f\u00f6r milit\u00e4rt bruk.<\/p>\n<p><\/p>\n<p><\/p>\n<p>Blacktips anv\u00e4nder sig av den senaste generationens dioder som ger \u00e4nda upp till 80-90 lumen per watt vilket \u00e4r den h\u00f6gsta effektivitet som g\u00e5r att uppn\u00e5 vad g\u00e4ller LED belysning. Det ger ett enormt ljus som \u00e4r oslagbart vad g\u00e4ller annan belysning i samma storlek. T\u00e4nd upp en Blacktips lampa s\u00e5 f\u00f6rst\u00e5r du garanterat vad vi pratar om.<\/p>\n<p><\/p>\n<p><\/p>\n<p>Denna lampa uppfyller MIL-STD-461. Kan enbart anv\u00e4ndas med 12V. Lamphus och h\u00e5llare \u00e4r lackade i en t\u00e5lig svart f\u00e4rg och lampan har en svart bakgrund, f\u00f6r ett mer diskret utseende.<\/p>\n<p><\/p>\n<p><\/p>\n<p><strong>Data:<\/strong><br \/>LED: 5 x 7W Cree<br \/>Ljusf\u00e4rgtemp: 6000K<br \/>Effektiva lumen: 3305<br \/>R\u00e5a lumen: 4000<br \/>Sp\u00e4nning: 12V<br \/>Str\u00f6mf\u00f6rbrukning: 2.9 Amp @ 12V<br \/>Watt: 35W<br \/>Kontakt: Deutsch DT04-2P<br \/>F\u00e4stetyp: Trunnion &amp; Single bolt<br \/>Vikt: 1.00kg<br \/>Bredd: 116mm<br \/>H\u00f6jd: 100mm<br \/>Djup: 75mm<br \/>IP-klass: IP69K<br \/>Vibrationsklass: 21.2 Grms<br \/>EMC godk\u00e4nnande: Milit\u00e4r standard 461F, MIL-STD-461<br \/>ADR-klassad, CE-godk\u00e4nd<br \/>Linsmaterial: Polykarbonat<br \/>Husets material: Aluminium<br \/>Lamphusets bel\u00e4ggning: Marine Grade Anti-korrosion<br \/>Ljusbild: 60\u00b0 WideFlood<\/p>\n<p><\/p>","protected":false},"excerpt":{"rendered":"<p>Blacktips \u00e4r Vision X senaste tillskott p\u00e5 tunga sidan, framtagna f\u00f6r tuffa applikationer som t.ex. gruvindustri, entreprenad, skogsbruk m.m. Denna modell av Blacktips \u00e4r specifikt anpassad f\u00f6r milit\u00e4rt bruk.<\/p>\n<p>Blacktips anv\u00e4nder sig av den senaste generationens dioder som ger \u00e4nda upp till 80-90 lumen per watt vilket \u00e4r den h\u00f6gsta effektivitet som g\u00e5r att uppn\u00e5 vad g\u00e4ller LED belysning. Det ger ett enormt ljus som \u00e4r oslagbart vad g\u00e4ller annan belysning i samma storlek. T\u00e4nd upp en Blacktips lampa s\u00e5 f\u00f6rst\u00e5r du garanterat vad vi pratar om.<\/p>\n<p>Denna lampa uppfyller MIL-STD-461. Kan enbart anv\u00e4ndas med 12V. Lamphus och h\u00e5llare \u00e4r lackade i en t\u00e5lig svart f\u00e4rg och lampan har en svart bakgrund, f\u00f6r ett mer diskret utseende.<\/p>\n<p><strong>Data:<\/strong><br \/>LED: 5 x 7W Cree<br \/>Ljusf\u00e4rgtemp: 6000K<br \/>Effektiva lumen: 3305<br \/>R\u00e5a lumen: 4000<br \/>Sp\u00e4nning: 12V<br \/>Str\u00f6mf\u00f6rbrukning: 2.9 Amp @ 12V<br \/>Watt: 35W<br \/>Kontakt: Deutsch DT04-2P<br \/>F\u00e4stetyp: Trunnion &#038; Single bolt<br \/>Vikt: 1.00kg<br \/>Bredd: 116mm<br \/>H\u00f6jd: 100mm<br \/>Djup: 75mm<br \/>IP-klass: IP69K<br \/>Vibrationsklass: 21.2 Grms<br \/>EMC godk\u00e4nnande: Milit\u00e4r standard 461F, MIL-STD-461<br \/>ADR-klassad, CE-godk\u00e4nd<br \/>Linsmaterial: Polykarbonat<br \/>Husets material: Aluminium<br \/>Lamphusets bel\u00e4ggning: Marine Grade Anti-korrosion<br \/>Ljusbild: 60\u00b0 WideFlood<\/p>\n","protected":false},"featured_media":16689,"comment_status":"closed","ping_status":"closed","template":"","meta":{"editor_notices":[]},"product_brand":[],"product_cat":[32,821],"product_tag":[],"class_list":{"0":"post-16693","1":"product","2":"type-product","3":"status-publish","4":"has-post-thumbnail","6":"product_cat-blacktips","7":"product_cat-arbetsbelysning-militara-produkter","8":"resize-featured-image","9":"","10":"woocommerce-text-align-left","11":"woocommerce-image-align-center","13":"first","14":"instock","15":"taxable","16":"shipping-taxable","17":"product-type-simple"},"yoast_head":"<!-- This site is optimized with the Yoast SEO Premium plugin v25.0 (Yoast SEO v25.0) - https:\/\/yoast.com\/wordpress\/plugins\/seo\/ -->\n<title>VISION X BLACKTIPS 5 LED 35W 60\u00b0 ADR MIL-STD-461 12V SVART - Vision X Europe<\/title>\n<meta name=\"robots\" content=\"index, follow, max-snippet:-1, max-image-preview:large, max-video-preview:-1\" \/>\n<link rel=\"canonical\" href=\"https:\/\/www.visionxeurope.com\/se\/webbutik\/vision-x-blacktips-5-led-35w-60-adr-mil-std-461-12v-svart\/\" \/>\n<meta property=\"og:locale\" content=\"sv_SE\" \/>\n<meta property=\"og:type\" content=\"article\" \/>\n<meta property=\"og:title\" content=\"VISION X BLACKTIPS 5 LED 35W 60\u00b0 ADR MIL-STD-461 12V SVART\" \/>\n<meta property=\"og:description\" content=\"Blacktips \u00e4r Vision X senaste tillskott p\u00e5 tunga sidan, framtagna f\u00f6r tuffa applikationer som t.ex. gruvindustri, entreprenad, skogsbruk m.m. Denna modell av Blacktips \u00e4r specifikt anpassad f\u00f6r milit\u00e4rt bruk. Blacktips anv\u00e4nder sig av den senaste generationens dioder som ger \u00e4nda upp till 80-90 lumen per watt vilket \u00e4r den h\u00f6gsta effektivitet som g\u00e5r att uppn\u00e5 vad g\u00e4ller LED belysning. Det ger ett enormt ljus som \u00e4r oslagbart vad g\u00e4ller annan belysning i samma storlek. T\u00e4nd upp en Blacktips lampa s\u00e5 f\u00f6rst\u00e5r du garanterat vad vi pratar om. Denna lampa uppfyller MIL-STD-461. Kan enbart anv\u00e4ndas med 12V. Lamphus och h\u00e5llare \u00e4r lackade i en t\u00e5lig svart f\u00e4rg och lampan har en svart bakgrund, f\u00f6r ett mer diskret utseende. Data:LED: 5 x 7W CreeLjusf\u00e4rgtemp: 6000KEffektiva lumen: 3305R\u00e5a lumen: 4000Sp\u00e4nning: 12VStr\u00f6mf\u00f6rbrukning: 2.9 Amp @ 12VWatt: 35WKontakt: Deutsch DT04-2PF\u00e4stetyp: Trunnion &#038; Single boltVikt: 1.00kgBredd: 116mmH\u00f6jd: 100mmDjup: 75mmIP-klass: IP69KVibrationsklass: 21.2 GrmsEMC godk\u00e4nnande: Milit\u00e4r standard 461F, MIL-STD-461ADR-klassad, CE-godk\u00e4ndLinsmaterial: PolykarbonatHusets material: AluminiumLamphusets bel\u00e4ggning: Marine Grade Anti-korrosionLjusbild: 60\u00b0 WideFlood\" \/>\n<meta property=\"og:url\" content=\"https:\/\/www.visionxeurope.com\/se\/webbutik\/vision-x-blacktips-5-led-35w-60-adr-mil-std-461-12v-svart\/\" \/>\n<meta property=\"og:site_name\" content=\"Vision X Europe\" \/>\n<meta property=\"article:publisher\" content=\"https:\/\/www.facebook.com\/visionxeurope\" \/>\n<meta property=\"article:modified_time\" content=\"2026-03-23T07:48:28+00:00\" \/>\n<meta property=\"og:image\" content=\"https:\/\/www.visionxeurope.com\/se\/wp-content\/uploads\/sites\/7\/2023\/03\/RA-MIL-BLB070560ADR.12BL.jpg\" \/>\n\t<meta property=\"og:image:width\" content=\"1920\" \/>\n\t<meta property=\"og:image:height\" content=\"1920\" \/>\n\t<meta property=\"og:image:type\" content=\"image\/jpeg\" \/>\n<meta name=\"twitter:card\" content=\"summary_large_image\" \/>\n<meta name=\"twitter:label1\" content=\"Pris\" \/>\n\t<meta name=\"twitter:data1\" content=\"2 996,00&nbsp;&#107;&#114; exkl. moms\" \/>\n\t<meta name=\"twitter:label2\" content=\"Tillg\u00e4nglig\" \/>\n\t<meta name=\"twitter:data2\" content=\"I lager\" \/>\n<script type=\"application\/ld+json\" class=\"yoast-schema-graph\">{\"@context\":\"https:\/\/schema.org\",\"@graph\":[{\"@type\":\"WebPage\",\"@id\":\"https:\/\/www.visionxeurope.com\/se\/webbutik\/vision-x-blacktips-5-led-35w-60-adr-mil-std-461-12v-svart\/\",\"url\":\"https:\/\/www.visionxeurope.com\/se\/webbutik\/vision-x-blacktips-5-led-35w-60-adr-mil-std-461-12v-svart\/\",\"name\":\"VISION X BLACKTIPS 5 LED 35W 60\u00b0 ADR MIL-STD-461 12V SVART - Vision X Europe\",\"isPartOf\":{\"@id\":\"https:\/\/www.visionxeurope.com\/se\/#website\"},\"primaryImageOfPage\":{\"@id\":\"https:\/\/www.visionxeurope.com\/se\/webbutik\/vision-x-blacktips-5-led-35w-60-adr-mil-std-461-12v-svart\/#primaryimage\"},\"image\":{\"@id\":\"https:\/\/www.visionxeurope.com\/se\/webbutik\/vision-x-blacktips-5-led-35w-60-adr-mil-std-461-12v-svart\/#primaryimage\"},\"thumbnailUrl\":\"https:\/\/www.visionxeurope.com\/se\/wp-content\/uploads\/sites\/7\/2023\/03\/RA-MIL-BLB070560ADR.12BL.jpg\",\"datePublished\":\"2023-01-26T15:15:00+00:00\",\"dateModified\":\"2026-03-23T07:48:28+00:00\",\"breadcrumb\":{\"@id\":\"https:\/\/www.visionxeurope.com\/se\/webbutik\/vision-x-blacktips-5-led-35w-60-adr-mil-std-461-12v-svart\/#breadcrumb\"},\"inLanguage\":\"sv-SE\",\"potentialAction\":[{\"@type\":\"ReadAction\",\"target\":[\"https:\/\/www.visionxeurope.com\/se\/webbutik\/vision-x-blacktips-5-led-35w-60-adr-mil-std-461-12v-svart\/\"]}]},{\"@type\":\"ImageObject\",\"inLanguage\":\"sv-SE\",\"@id\":\"https:\/\/www.visionxeurope.com\/se\/webbutik\/vision-x-blacktips-5-led-35w-60-adr-mil-std-461-12v-svart\/#primaryimage\",\"url\":\"https:\/\/www.visionxeurope.com\/se\/wp-content\/uploads\/sites\/7\/2023\/03\/RA-MIL-BLB070560ADR.12BL.jpg\",\"contentUrl\":\"https:\/\/www.visionxeurope.com\/se\/wp-content\/uploads\/sites\/7\/2023\/03\/RA-MIL-BLB070560ADR.12BL.jpg\",\"width\":1920,\"height\":1920},{\"@type\":\"BreadcrumbList\",\"@id\":\"https:\/\/www.visionxeurope.com\/se\/webbutik\/vision-x-blacktips-5-led-35w-60-adr-mil-std-461-12v-svart\/#breadcrumb\",\"itemListElement\":[{\"@type\":\"ListItem\",\"position\":1,\"name\":\"Hem\",\"item\":\"https:\/\/www.visionxeurope.com\/se\/\"},{\"@type\":\"ListItem\",\"position\":2,\"name\":\"Webbutik\",\"item\":\"https:\/\/www.visionxeurope.com\/se\/webbutik\/\"},{\"@type\":\"ListItem\",\"position\":3,\"name\":\"VISION X BLACKTIPS 5 LED 35W 60\u00b0 ADR MIL-STD-461 12V SVART\"}]},{\"@type\":\"WebSite\",\"@id\":\"https:\/\/www.visionxeurope.com\/se\/#website\",\"url\":\"https:\/\/www.visionxeurope.com\/se\/\",\"name\":\"Vision X Europe\",\"description\":\"\",\"publisher\":{\"@id\":\"https:\/\/www.visionxeurope.com\/se\/#organization\"},\"potentialAction\":[{\"@type\":\"SearchAction\",\"target\":{\"@type\":\"EntryPoint\",\"urlTemplate\":\"https:\/\/www.visionxeurope.com\/se\/?s={search_term_string}\"},\"query-input\":{\"@type\":\"PropertyValueSpecification\",\"valueRequired\":true,\"valueName\":\"search_term_string\"}}],\"inLanguage\":\"sv-SE\"},{\"@type\":\"Organization\",\"@id\":\"https:\/\/www.visionxeurope.com\/se\/#organization\",\"name\":\"Vision X Europe\",\"url\":\"https:\/\/www.visionxeurope.com\/se\/\",\"logo\":{\"@type\":\"ImageObject\",\"inLanguage\":\"sv-SE\",\"@id\":\"https:\/\/www.visionxeurope.com\/se\/#\/schema\/logo\/image\/\",\"url\":\"https:\/\/www.visionxeurope.com\/se\/wp-content\/uploads\/sites\/7\/2021\/04\/visionxeurope.png\",\"contentUrl\":\"https:\/\/www.visionxeurope.com\/se\/wp-content\/uploads\/sites\/7\/2021\/04\/visionxeurope.png\",\"width\":300,\"height\":110,\"caption\":\"Vision X Europe\"},\"image\":{\"@id\":\"https:\/\/www.visionxeurope.com\/se\/#\/schema\/logo\/image\/\"},\"sameAs\":[\"https:\/\/www.facebook.com\/visionxeurope\",\"https:\/\/www.instagram.com\/visionxeurope\/\"]}]}<\/script>\n<meta property=\"product:price:amount\" content=\"2996.00\" \/>\n<meta property=\"product:price:currency\" content=\"SEK\" \/>\n<meta property=\"og:availability\" content=\"instock\" \/>\n<meta property=\"product:availability\" content=\"instock\" \/>\n<meta property=\"product:retailer_item_id\" content=\"RA-MIL-BLB070560ADR.12BL\" \/>\n<meta property=\"product:condition\" content=\"new\" \/>\n<!-- \/ Yoast SEO Premium plugin. -->","yoast_head_json":{"title":"VISION X BLACKTIPS 5 LED 35W 60\u00b0 ADR MIL-STD-461 12V SVART - Vision X Europe","robots":{"index":"index","follow":"follow","max-snippet":"max-snippet:-1","max-image-preview":"max-image-preview:large","max-video-preview":"max-video-preview:-1"},"canonical":"https:\/\/www.visionxeurope.com\/se\/webbutik\/vision-x-blacktips-5-led-35w-60-adr-mil-std-461-12v-svart\/","og_locale":"sv_SE","og_type":"article","og_title":"VISION X BLACKTIPS 5 LED 35W 60\u00b0 ADR MIL-STD-461 12V SVART","og_description":"Blacktips \u00e4r Vision X senaste tillskott p\u00e5 tunga sidan, framtagna f\u00f6r tuffa applikationer som t.ex. gruvindustri, entreprenad, skogsbruk m.m. Denna modell av Blacktips \u00e4r specifikt anpassad f\u00f6r milit\u00e4rt bruk. Blacktips anv\u00e4nder sig av den senaste generationens dioder som ger \u00e4nda upp till 80-90 lumen per watt vilket \u00e4r den h\u00f6gsta effektivitet som g\u00e5r att uppn\u00e5 vad g\u00e4ller LED belysning. Det ger ett enormt ljus som \u00e4r oslagbart vad g\u00e4ller annan belysning i samma storlek. T\u00e4nd upp en Blacktips lampa s\u00e5 f\u00f6rst\u00e5r du garanterat vad vi pratar om. Denna lampa uppfyller MIL-STD-461. Kan enbart anv\u00e4ndas med 12V. Lamphus och h\u00e5llare \u00e4r lackade i en t\u00e5lig svart f\u00e4rg och lampan har en svart bakgrund, f\u00f6r ett mer diskret utseende. Data:LED: 5 x 7W CreeLjusf\u00e4rgtemp: 6000KEffektiva lumen: 3305R\u00e5a lumen: 4000Sp\u00e4nning: 12VStr\u00f6mf\u00f6rbrukning: 2.9 Amp @ 12VWatt: 35WKontakt: Deutsch DT04-2PF\u00e4stetyp: Trunnion &#038; Single boltVikt: 1.00kgBredd: 116mmH\u00f6jd: 100mmDjup: 75mmIP-klass: IP69KVibrationsklass: 21.2 GrmsEMC godk\u00e4nnande: Milit\u00e4r standard 461F, MIL-STD-461ADR-klassad, CE-godk\u00e4ndLinsmaterial: PolykarbonatHusets material: AluminiumLamphusets bel\u00e4ggning: Marine Grade Anti-korrosionLjusbild: 60\u00b0 WideFlood","og_url":"https:\/\/www.visionxeurope.com\/se\/webbutik\/vision-x-blacktips-5-led-35w-60-adr-mil-std-461-12v-svart\/","og_site_name":"Vision X Europe","article_publisher":"https:\/\/www.facebook.com\/visionxeurope","article_modified_time":"2026-03-23T07:48:28+00:00","og_image":[{"width":1920,"height":1920,"url":"https:\/\/www.visionxeurope.com\/se\/wp-content\/uploads\/sites\/7\/2023\/03\/RA-MIL-BLB070560ADR.12BL.jpg","type":"image\/jpeg"}],"twitter_card":"summary_large_image","twitter_misc":{"Pris":"2 996,00&nbsp;&#107;&#114; exkl. moms","Tillg\u00e4nglig":"I lager"},"schema":{"@context":"https:\/\/schema.org","@graph":[{"@type":"WebPage","@id":"https:\/\/www.visionxeurope.com\/se\/webbutik\/vision-x-blacktips-5-led-35w-60-adr-mil-std-461-12v-svart\/","url":"https:\/\/www.visionxeurope.com\/se\/webbutik\/vision-x-blacktips-5-led-35w-60-adr-mil-std-461-12v-svart\/","name":"VISION X BLACKTIPS 5 LED 35W 60\u00b0 ADR MIL-STD-461 12V SVART - Vision X Europe","isPartOf":{"@id":"https:\/\/www.visionxeurope.com\/se\/#website"},"primaryImageOfPage":{"@id":"https:\/\/www.visionxeurope.com\/se\/webbutik\/vision-x-blacktips-5-led-35w-60-adr-mil-std-461-12v-svart\/#primaryimage"},"image":{"@id":"https:\/\/www.visionxeurope.com\/se\/webbutik\/vision-x-blacktips-5-led-35w-60-adr-mil-std-461-12v-svart\/#primaryimage"},"thumbnailUrl":"https:\/\/www.visionxeurope.com\/se\/wp-content\/uploads\/sites\/7\/2023\/03\/RA-MIL-BLB070560ADR.12BL.jpg","datePublished":"2023-01-26T15:15:00+00:00","dateModified":"2026-03-23T07:48:28+00:00","breadcrumb":{"@id":"https:\/\/www.visionxeurope.com\/se\/webbutik\/vision-x-blacktips-5-led-35w-60-adr-mil-std-461-12v-svart\/#breadcrumb"},"inLanguage":"sv-SE","potentialAction":[{"@type":"ReadAction","target":["https:\/\/www.visionxeurope.com\/se\/webbutik\/vision-x-blacktips-5-led-35w-60-adr-mil-std-461-12v-svart\/"]}]},{"@type":"ImageObject","inLanguage":"sv-SE","@id":"https:\/\/www.visionxeurope.com\/se\/webbutik\/vision-x-blacktips-5-led-35w-60-adr-mil-std-461-12v-svart\/#primaryimage","url":"https:\/\/www.visionxeurope.com\/se\/wp-content\/uploads\/sites\/7\/2023\/03\/RA-MIL-BLB070560ADR.12BL.jpg","contentUrl":"https:\/\/www.visionxeurope.com\/se\/wp-content\/uploads\/sites\/7\/2023\/03\/RA-MIL-BLB070560ADR.12BL.jpg","width":1920,"height":1920},{"@type":"BreadcrumbList","@id":"https:\/\/www.visionxeurope.com\/se\/webbutik\/vision-x-blacktips-5-led-35w-60-adr-mil-std-461-12v-svart\/#breadcrumb","itemListElement":[{"@type":"ListItem","position":1,"name":"Hem","item":"https:\/\/www.visionxeurope.com\/se\/"},{"@type":"ListItem","position":2,"name":"Webbutik","item":"https:\/\/www.visionxeurope.com\/se\/webbutik\/"},{"@type":"ListItem","position":3,"name":"VISION X BLACKTIPS 5 LED 35W 60\u00b0 ADR MIL-STD-461 12V SVART"}]},{"@type":"WebSite","@id":"https:\/\/www.visionxeurope.com\/se\/#website","url":"https:\/\/www.visionxeurope.com\/se\/","name":"Vision X Europe","description":"","publisher":{"@id":"https:\/\/www.visionxeurope.com\/se\/#organization"},"potentialAction":[{"@type":"SearchAction","target":{"@type":"EntryPoint","urlTemplate":"https:\/\/www.visionxeurope.com\/se\/?s={search_term_string}"},"query-input":{"@type":"PropertyValueSpecification","valueRequired":true,"valueName":"search_term_string"}}],"inLanguage":"sv-SE"},{"@type":"Organization","@id":"https:\/\/www.visionxeurope.com\/se\/#organization","name":"Vision X Europe","url":"https:\/\/www.visionxeurope.com\/se\/","logo":{"@type":"ImageObject","inLanguage":"sv-SE","@id":"https:\/\/www.visionxeurope.com\/se\/#\/schema\/logo\/image\/","url":"https:\/\/www.visionxeurope.com\/se\/wp-content\/uploads\/sites\/7\/2021\/04\/visionxeurope.png","contentUrl":"https:\/\/www.visionxeurope.com\/se\/wp-content\/uploads\/sites\/7\/2021\/04\/visionxeurope.png","width":300,"height":110,"caption":"Vision X Europe"},"image":{"@id":"https:\/\/www.visionxeurope.com\/se\/#\/schema\/logo\/image\/"},"sameAs":["https:\/\/www.facebook.com\/visionxeurope","https:\/\/www.instagram.com\/visionxeurope\/"]}]},"product_price_amount":"2996.00","product_price_currency":"SEK","og_availability":"instock","product_availability":"instock","product_retailer_item_id":"RA-MIL-BLB070560ADR.12BL","product_condition":"new"},"_links":{"self":[{"href":"https:\/\/www.visionxeurope.com\/se\/wp-json\/wp\/v2\/product\/16693","targetHints":{"allow":["GET"]}}],"collection":[{"href":"https:\/\/www.visionxeurope.com\/se\/wp-json\/wp\/v2\/product"}],"about":[{"href":"https:\/\/www.visionxeurope.com\/se\/wp-json\/wp\/v2\/types\/product"}],"replies":[{"embeddable":true,"href":"https:\/\/www.visionxeurope.com\/se\/wp-json\/wp\/v2\/comments?post=16693"}],"wp:featuredmedia":[{"embeddable":true,"href":"https:\/\/www.visionxeurope.com\/se\/wp-json\/wp\/v2\/media\/16689"}],"wp:attachment":[{"href":"https:\/\/www.visionxeurope.com\/se\/wp-json\/wp\/v2\/media?parent=16693"}],"wp:term":[{"taxonomy":"product_brand","embeddable":true,"href":"https:\/\/www.visionxeurope.com\/se\/wp-json\/wp\/v2\/product_brand?post=16693"},{"taxonomy":"product_cat","embeddable":true,"href":"https:\/\/www.visionxeurope.com\/se\/wp-json\/wp\/v2\/product_cat?post=16693"},{"taxonomy":"product_tag","embeddable":true,"href":"https:\/\/www.visionxeurope.com\/se\/wp-json\/wp\/v2\/product_tag?post=16693"}],"curies":[{"name":"wp","href":"https:\/\/api.w.org\/{rel}","templated":true}]}}