{"id":16655,"date":"2022-08-23T09:35:00","date_gmt":"2022-08-23T07:35:00","guid":{"rendered":"https:\/\/www.visionxeurope.com\/se\/?post_type=product&#038;p=16655"},"modified":"2026-03-06T10:00:54","modified_gmt":"2026-03-06T09:00:54","slug":"vision-x-led-blixtljus-tremor-hd-medium-orange","status":"publish","type":"product","link":"https:\/\/www.visionxeurope.com\/se\/webbutik\/vision-x-led-blixtljus-tremor-hd-medium-orange\/","title":{"rendered":"VISION X LED-BLIXTLJUS TREMOR HD MEDIUM ORANGE"},"content":{"rendered":"<p><\/p>\n<p>Vision X Tremor HD Medium LED-blixtljus av beacon-format \u00e4r utvecklade, testade och anpassade f\u00f6r den tuffaste av milj\u00f6er, i australiensiska gruvor. <\/p>\n<p><\/p>\n<p><\/p>\n<p>Dessa LED-blixtljus \u00e4r klassade till IP69K och IP67. Med en bas i formgjuten aluminium och praktiskt taget okrossbar polykarbonatlins \u00e4r dessa beacon-lampor gjorda f\u00f6r att h\u00e5lla. De kan \u00e4ven tv\u00e4ttas med h\u00f6gtryckstv\u00e4tt och \u00e5ngreng\u00f6ring, utan att lampan p\u00e5verkas av det.<\/p>\n<p><\/p>\n<p><\/p>\n<p><strong>Inbyggd ljussensor<\/strong><br \/>Sensor f\u00f6r omgivande ljus och \u00e5sidos\u00e4ttande minskar effekten till 20 % f\u00f6r arbete p\u00e5 natten eller under jord<\/p>\n<p><\/p>\n<p><\/p>\n<p><strong>Ordentligt st\u00f6rningsskyddad<\/strong><br \/>CISPR25 klass 3 radiost\u00f6rningar undertryckt<\/p>\n<p><\/p>\n<p><\/p>\n<p><strong>Enkel att reng\u00f6ra<\/strong><br \/>IP69K + IP67, helt f\u00f6rseglad lampa m\u00f6jligg\u00f6r reng\u00f6ring med uppv\u00e4rmda h\u00f6gtryckstv\u00e4ttar (upp till 800C)<\/p>\n<p><\/p>\n<p><\/p>\n<p><strong>Flera olika ljus\/blixtm\u00f6nster<\/strong><br \/>6 valbara blixtm\u00f6nster inklusive SAE Rotate<\/p>\n<p><\/p>\n<p><\/p>\n<p><strong>Praktiskt taget of\u00f6rst\u00f6rbar<\/strong><br \/>Tufft h\u00f6lje av pressgjuten aluminium och lins av polykarbonat<\/p>\n<p><\/p>\n<p><\/p>\n<p><strong>Data:<\/strong><br \/>Linsf\u00e4rg: Orange\/amber<br \/>Ljusf\u00e4rg: Orange\/amber<br \/>Lampbas: Formgjuten aluminium<br \/>Linsmaterial: Polykarbonat<br \/>Storlek: 125 mm (h\u00f6jd) x 91 mm (diameter)<br \/>IP-klass: IP69K &amp; IP67<br \/>Sp\u00e4nning: 12-80V<br \/>M\u00e4rkning: CISPR 25 Class 3, SAE Class 1<\/p>\n<p><\/p>","protected":false},"excerpt":{"rendered":"<p>Vision X Tremor HD Medium LED-blixtljus av beacon-format \u00e4r utvecklade, testade och anpassade f\u00f6r den tuffaste av milj\u00f6er, i australiensiska gruvor. <\/p>\n<p>Dessa LED-blixtljus \u00e4r klassade till IP69K och IP67. Med en bas i formgjuten aluminium och praktiskt taget okrossbar polykarbonatlins \u00e4r dessa beacon-lampor gjorda f\u00f6r att h\u00e5lla. De kan \u00e4ven tv\u00e4ttas med h\u00f6gtryckstv\u00e4tt och \u00e5ngreng\u00f6ring, utan att lampan p\u00e5verkas av det.<\/p>\n<p><strong>Inbyggd ljussensor<\/strong><br \/>Sensor f\u00f6r omgivande ljus och \u00e5sidos\u00e4ttande minskar effekten till 20 % f\u00f6r arbete p\u00e5 natten eller under jord<\/p>\n<p><strong>Ordentligt st\u00f6rningsskyddad<\/strong><br \/>CISPR25 klass 3 radiost\u00f6rningar undertryckt<\/p>\n<p><strong>Enkel att reng\u00f6ra<\/strong><br \/>IP69K + IP67, helt f\u00f6rseglad lampa m\u00f6jligg\u00f6r reng\u00f6ring med uppv\u00e4rmda h\u00f6gtryckstv\u00e4ttar (upp till 800C)<\/p>\n<p><strong>Flera olika ljus\/blixtm\u00f6nster<\/strong><br \/>6 valbara blixtm\u00f6nster inklusive SAE Rotate<\/p>\n<p><strong>Praktiskt taget of\u00f6rst\u00f6rbar<\/strong><br \/>Tufft h\u00f6lje av pressgjuten aluminium och lins av polykarbonat<\/p>\n<p><strong>Data:<\/strong><br \/>Linsf\u00e4rg: Orange\/amber<br \/>Ljusf\u00e4rg: Orange\/amber<br \/>Lampbas: Formgjuten aluminium<br \/>Linsmaterial: Polykarbonat<br \/>Storlek: 125 mm (h\u00f6jd) x 91 mm (diameter)<br \/>IP-klass: IP69K &amp; IP67<br \/>Sp\u00e4nning: 12-80V<br \/>M\u00e4rkning: CISPR 25 Class 3, SAE Class 1<\/p>\n","protected":false},"featured_media":16656,"comment_status":"closed","ping_status":"closed","template":"","meta":{"editor_notices":[]},"product_brand":[],"product_cat":[801],"product_tag":[],"class_list":{"0":"post-16655","1":"product","2":"type-product","3":"status-publish","4":"has-post-thumbnail","6":"product_cat-led-blixtljus-beacons","7":"resize-featured-image","8":"","9":"woocommerce-text-align-left","10":"woocommerce-image-align-center","12":"first","13":"instock","14":"taxable","15":"shipping-taxable","16":"product-type-simple"},"yoast_head":"<!-- This site is optimized with the Yoast SEO Premium plugin v25.0 (Yoast SEO v25.0) - https:\/\/yoast.com\/wordpress\/plugins\/seo\/ -->\n<title>VISION X LED-BLIXTLJUS TREMOR HD MEDIUM ORANGE - Vision X Europe<\/title>\n<meta name=\"robots\" content=\"index, follow, max-snippet:-1, max-image-preview:large, max-video-preview:-1\" \/>\n<link rel=\"canonical\" href=\"https:\/\/www.visionxeurope.com\/se\/webbutik\/vision-x-led-blixtljus-tremor-hd-medium-orange\/\" \/>\n<meta property=\"og:locale\" content=\"sv_SE\" \/>\n<meta property=\"og:type\" content=\"article\" \/>\n<meta property=\"og:title\" content=\"VISION X LED-BLIXTLJUS TREMOR HD MEDIUM ORANGE\" \/>\n<meta property=\"og:description\" content=\"Vision X Tremor HD Medium LED-blixtljus av beacon-format \u00e4r utvecklade, testade och anpassade f\u00f6r den tuffaste av milj\u00f6er, i australiensiska gruvor. Dessa LED-blixtljus \u00e4r klassade till IP69K och IP67. Med en bas i formgjuten aluminium och praktiskt taget okrossbar polykarbonatlins \u00e4r dessa beacon-lampor gjorda f\u00f6r att h\u00e5lla. De kan \u00e4ven tv\u00e4ttas med h\u00f6gtryckstv\u00e4tt och \u00e5ngreng\u00f6ring, utan att lampan p\u00e5verkas av det. Inbyggd ljussensorSensor f\u00f6r omgivande ljus och \u00e5sidos\u00e4ttande minskar effekten till 20 % f\u00f6r arbete p\u00e5 natten eller under jord Ordentligt st\u00f6rningsskyddadCISPR25 klass 3 radiost\u00f6rningar undertryckt Enkel att reng\u00f6raIP69K + IP67, helt f\u00f6rseglad lampa m\u00f6jligg\u00f6r reng\u00f6ring med uppv\u00e4rmda h\u00f6gtryckstv\u00e4ttar (upp till 800C) Flera olika ljus\/blixtm\u00f6nster6 valbara blixtm\u00f6nster inklusive SAE Rotate Praktiskt taget of\u00f6rst\u00f6rbarTufft h\u00f6lje av pressgjuten aluminium och lins av polykarbonat Data:Linsf\u00e4rg: Orange\/amberLjusf\u00e4rg: Orange\/amberLampbas: Formgjuten aluminiumLinsmaterial: PolykarbonatStorlek: 125 mm (h\u00f6jd) x 91 mm (diameter)IP-klass: IP69K &amp; IP67Sp\u00e4nning: 12-80VM\u00e4rkning: CISPR 25 Class 3, SAE Class 1\" \/>\n<meta property=\"og:url\" content=\"https:\/\/www.visionxeurope.com\/se\/webbutik\/vision-x-led-blixtljus-tremor-hd-medium-orange\/\" \/>\n<meta property=\"og:site_name\" content=\"Vision X Europe\" \/>\n<meta property=\"article:publisher\" content=\"https:\/\/www.facebook.com\/visionxeurope\" \/>\n<meta property=\"article:modified_time\" content=\"2026-03-06T09:00:54+00:00\" \/>\n<meta property=\"og:image\" content=\"https:\/\/www.visionxeurope.com\/se\/wp-content\/uploads\/sites\/7\/2023\/03\/TREM-85250A.jpg\" \/>\n\t<meta property=\"og:image:width\" content=\"1600\" \/>\n\t<meta property=\"og:image:height\" content=\"1600\" \/>\n\t<meta property=\"og:image:type\" content=\"image\/jpeg\" \/>\n<meta name=\"twitter:card\" content=\"summary_large_image\" \/>\n<meta name=\"twitter:label1\" content=\"Pris\" \/>\n\t<meta name=\"twitter:data1\" content=\"1 394,00&nbsp;&#107;&#114; exkl. moms\" \/>\n\t<meta name=\"twitter:label2\" content=\"Tillg\u00e4nglig\" \/>\n\t<meta name=\"twitter:data2\" content=\"I lager\" \/>\n<script type=\"application\/ld+json\" class=\"yoast-schema-graph\">{\"@context\":\"https:\/\/schema.org\",\"@graph\":[{\"@type\":\"WebPage\",\"@id\":\"https:\/\/www.visionxeurope.com\/se\/webbutik\/vision-x-led-blixtljus-tremor-hd-medium-orange\/\",\"url\":\"https:\/\/www.visionxeurope.com\/se\/webbutik\/vision-x-led-blixtljus-tremor-hd-medium-orange\/\",\"name\":\"VISION X LED-BLIXTLJUS TREMOR HD MEDIUM ORANGE - Vision X Europe\",\"isPartOf\":{\"@id\":\"https:\/\/www.visionxeurope.com\/se\/#website\"},\"primaryImageOfPage\":{\"@id\":\"https:\/\/www.visionxeurope.com\/se\/webbutik\/vision-x-led-blixtljus-tremor-hd-medium-orange\/#primaryimage\"},\"image\":{\"@id\":\"https:\/\/www.visionxeurope.com\/se\/webbutik\/vision-x-led-blixtljus-tremor-hd-medium-orange\/#primaryimage\"},\"thumbnailUrl\":\"https:\/\/www.visionxeurope.com\/se\/wp-content\/uploads\/sites\/7\/2023\/03\/TREM-85250A.jpg\",\"datePublished\":\"2022-08-23T07:35:00+00:00\",\"dateModified\":\"2026-03-06T09:00:54+00:00\",\"breadcrumb\":{\"@id\":\"https:\/\/www.visionxeurope.com\/se\/webbutik\/vision-x-led-blixtljus-tremor-hd-medium-orange\/#breadcrumb\"},\"inLanguage\":\"sv-SE\",\"potentialAction\":[{\"@type\":\"ReadAction\",\"target\":[\"https:\/\/www.visionxeurope.com\/se\/webbutik\/vision-x-led-blixtljus-tremor-hd-medium-orange\/\"]}]},{\"@type\":\"ImageObject\",\"inLanguage\":\"sv-SE\",\"@id\":\"https:\/\/www.visionxeurope.com\/se\/webbutik\/vision-x-led-blixtljus-tremor-hd-medium-orange\/#primaryimage\",\"url\":\"https:\/\/www.visionxeurope.com\/se\/wp-content\/uploads\/sites\/7\/2023\/03\/TREM-85250A.jpg\",\"contentUrl\":\"https:\/\/www.visionxeurope.com\/se\/wp-content\/uploads\/sites\/7\/2023\/03\/TREM-85250A.jpg\",\"width\":1600,\"height\":1600},{\"@type\":\"BreadcrumbList\",\"@id\":\"https:\/\/www.visionxeurope.com\/se\/webbutik\/vision-x-led-blixtljus-tremor-hd-medium-orange\/#breadcrumb\",\"itemListElement\":[{\"@type\":\"ListItem\",\"position\":1,\"name\":\"Hem\",\"item\":\"https:\/\/www.visionxeurope.com\/se\/\"},{\"@type\":\"ListItem\",\"position\":2,\"name\":\"Webbutik\",\"item\":\"https:\/\/www.visionxeurope.com\/se\/webbutik\/\"},{\"@type\":\"ListItem\",\"position\":3,\"name\":\"VISION X LED-BLIXTLJUS TREMOR HD MEDIUM ORANGE\"}]},{\"@type\":\"WebSite\",\"@id\":\"https:\/\/www.visionxeurope.com\/se\/#website\",\"url\":\"https:\/\/www.visionxeurope.com\/se\/\",\"name\":\"Vision X Europe\",\"description\":\"\",\"publisher\":{\"@id\":\"https:\/\/www.visionxeurope.com\/se\/#organization\"},\"potentialAction\":[{\"@type\":\"SearchAction\",\"target\":{\"@type\":\"EntryPoint\",\"urlTemplate\":\"https:\/\/www.visionxeurope.com\/se\/?s={search_term_string}\"},\"query-input\":{\"@type\":\"PropertyValueSpecification\",\"valueRequired\":true,\"valueName\":\"search_term_string\"}}],\"inLanguage\":\"sv-SE\"},{\"@type\":\"Organization\",\"@id\":\"https:\/\/www.visionxeurope.com\/se\/#organization\",\"name\":\"Vision X Europe\",\"url\":\"https:\/\/www.visionxeurope.com\/se\/\",\"logo\":{\"@type\":\"ImageObject\",\"inLanguage\":\"sv-SE\",\"@id\":\"https:\/\/www.visionxeurope.com\/se\/#\/schema\/logo\/image\/\",\"url\":\"https:\/\/www.visionxeurope.com\/se\/wp-content\/uploads\/sites\/7\/2021\/04\/visionxeurope.png\",\"contentUrl\":\"https:\/\/www.visionxeurope.com\/se\/wp-content\/uploads\/sites\/7\/2021\/04\/visionxeurope.png\",\"width\":300,\"height\":110,\"caption\":\"Vision X Europe\"},\"image\":{\"@id\":\"https:\/\/www.visionxeurope.com\/se\/#\/schema\/logo\/image\/\"},\"sameAs\":[\"https:\/\/www.facebook.com\/visionxeurope\",\"https:\/\/www.instagram.com\/visionxeurope\/\"]}]}<\/script>\n<meta property=\"product:price:amount\" content=\"1394.00\" \/>\n<meta property=\"product:price:currency\" content=\"SEK\" \/>\n<meta property=\"og:availability\" content=\"instock\" \/>\n<meta property=\"product:availability\" content=\"instock\" \/>\n<meta property=\"product:retailer_item_id\" content=\"TREM-85250A\" \/>\n<meta property=\"product:condition\" content=\"new\" \/>\n<!-- \/ Yoast SEO Premium plugin. -->","yoast_head_json":{"title":"VISION X LED-BLIXTLJUS TREMOR HD MEDIUM ORANGE - Vision X Europe","robots":{"index":"index","follow":"follow","max-snippet":"max-snippet:-1","max-image-preview":"max-image-preview:large","max-video-preview":"max-video-preview:-1"},"canonical":"https:\/\/www.visionxeurope.com\/se\/webbutik\/vision-x-led-blixtljus-tremor-hd-medium-orange\/","og_locale":"sv_SE","og_type":"article","og_title":"VISION X LED-BLIXTLJUS TREMOR HD MEDIUM ORANGE","og_description":"Vision X Tremor HD Medium LED-blixtljus av beacon-format \u00e4r utvecklade, testade och anpassade f\u00f6r den tuffaste av milj\u00f6er, i australiensiska gruvor. Dessa LED-blixtljus \u00e4r klassade till IP69K och IP67. Med en bas i formgjuten aluminium och praktiskt taget okrossbar polykarbonatlins \u00e4r dessa beacon-lampor gjorda f\u00f6r att h\u00e5lla. De kan \u00e4ven tv\u00e4ttas med h\u00f6gtryckstv\u00e4tt och \u00e5ngreng\u00f6ring, utan att lampan p\u00e5verkas av det. Inbyggd ljussensorSensor f\u00f6r omgivande ljus och \u00e5sidos\u00e4ttande minskar effekten till 20 % f\u00f6r arbete p\u00e5 natten eller under jord Ordentligt st\u00f6rningsskyddadCISPR25 klass 3 radiost\u00f6rningar undertryckt Enkel att reng\u00f6raIP69K + IP67, helt f\u00f6rseglad lampa m\u00f6jligg\u00f6r reng\u00f6ring med uppv\u00e4rmda h\u00f6gtryckstv\u00e4ttar (upp till 800C) Flera olika ljus\/blixtm\u00f6nster6 valbara blixtm\u00f6nster inklusive SAE Rotate Praktiskt taget of\u00f6rst\u00f6rbarTufft h\u00f6lje av pressgjuten aluminium och lins av polykarbonat Data:Linsf\u00e4rg: Orange\/amberLjusf\u00e4rg: Orange\/amberLampbas: Formgjuten aluminiumLinsmaterial: PolykarbonatStorlek: 125 mm (h\u00f6jd) x 91 mm (diameter)IP-klass: IP69K &amp; IP67Sp\u00e4nning: 12-80VM\u00e4rkning: CISPR 25 Class 3, SAE Class 1","og_url":"https:\/\/www.visionxeurope.com\/se\/webbutik\/vision-x-led-blixtljus-tremor-hd-medium-orange\/","og_site_name":"Vision X Europe","article_publisher":"https:\/\/www.facebook.com\/visionxeurope","article_modified_time":"2026-03-06T09:00:54+00:00","og_image":[{"width":1600,"height":1600,"url":"https:\/\/www.visionxeurope.com\/se\/wp-content\/uploads\/sites\/7\/2023\/03\/TREM-85250A.jpg","type":"image\/jpeg"}],"twitter_card":"summary_large_image","twitter_misc":{"Pris":"1 394,00&nbsp;&#107;&#114; exkl. moms","Tillg\u00e4nglig":"I lager"},"schema":{"@context":"https:\/\/schema.org","@graph":[{"@type":"WebPage","@id":"https:\/\/www.visionxeurope.com\/se\/webbutik\/vision-x-led-blixtljus-tremor-hd-medium-orange\/","url":"https:\/\/www.visionxeurope.com\/se\/webbutik\/vision-x-led-blixtljus-tremor-hd-medium-orange\/","name":"VISION X LED-BLIXTLJUS TREMOR HD MEDIUM ORANGE - Vision X Europe","isPartOf":{"@id":"https:\/\/www.visionxeurope.com\/se\/#website"},"primaryImageOfPage":{"@id":"https:\/\/www.visionxeurope.com\/se\/webbutik\/vision-x-led-blixtljus-tremor-hd-medium-orange\/#primaryimage"},"image":{"@id":"https:\/\/www.visionxeurope.com\/se\/webbutik\/vision-x-led-blixtljus-tremor-hd-medium-orange\/#primaryimage"},"thumbnailUrl":"https:\/\/www.visionxeurope.com\/se\/wp-content\/uploads\/sites\/7\/2023\/03\/TREM-85250A.jpg","datePublished":"2022-08-23T07:35:00+00:00","dateModified":"2026-03-06T09:00:54+00:00","breadcrumb":{"@id":"https:\/\/www.visionxeurope.com\/se\/webbutik\/vision-x-led-blixtljus-tremor-hd-medium-orange\/#breadcrumb"},"inLanguage":"sv-SE","potentialAction":[{"@type":"ReadAction","target":["https:\/\/www.visionxeurope.com\/se\/webbutik\/vision-x-led-blixtljus-tremor-hd-medium-orange\/"]}]},{"@type":"ImageObject","inLanguage":"sv-SE","@id":"https:\/\/www.visionxeurope.com\/se\/webbutik\/vision-x-led-blixtljus-tremor-hd-medium-orange\/#primaryimage","url":"https:\/\/www.visionxeurope.com\/se\/wp-content\/uploads\/sites\/7\/2023\/03\/TREM-85250A.jpg","contentUrl":"https:\/\/www.visionxeurope.com\/se\/wp-content\/uploads\/sites\/7\/2023\/03\/TREM-85250A.jpg","width":1600,"height":1600},{"@type":"BreadcrumbList","@id":"https:\/\/www.visionxeurope.com\/se\/webbutik\/vision-x-led-blixtljus-tremor-hd-medium-orange\/#breadcrumb","itemListElement":[{"@type":"ListItem","position":1,"name":"Hem","item":"https:\/\/www.visionxeurope.com\/se\/"},{"@type":"ListItem","position":2,"name":"Webbutik","item":"https:\/\/www.visionxeurope.com\/se\/webbutik\/"},{"@type":"ListItem","position":3,"name":"VISION X LED-BLIXTLJUS TREMOR HD MEDIUM ORANGE"}]},{"@type":"WebSite","@id":"https:\/\/www.visionxeurope.com\/se\/#website","url":"https:\/\/www.visionxeurope.com\/se\/","name":"Vision X Europe","description":"","publisher":{"@id":"https:\/\/www.visionxeurope.com\/se\/#organization"},"potentialAction":[{"@type":"SearchAction","target":{"@type":"EntryPoint","urlTemplate":"https:\/\/www.visionxeurope.com\/se\/?s={search_term_string}"},"query-input":{"@type":"PropertyValueSpecification","valueRequired":true,"valueName":"search_term_string"}}],"inLanguage":"sv-SE"},{"@type":"Organization","@id":"https:\/\/www.visionxeurope.com\/se\/#organization","name":"Vision X Europe","url":"https:\/\/www.visionxeurope.com\/se\/","logo":{"@type":"ImageObject","inLanguage":"sv-SE","@id":"https:\/\/www.visionxeurope.com\/se\/#\/schema\/logo\/image\/","url":"https:\/\/www.visionxeurope.com\/se\/wp-content\/uploads\/sites\/7\/2021\/04\/visionxeurope.png","contentUrl":"https:\/\/www.visionxeurope.com\/se\/wp-content\/uploads\/sites\/7\/2021\/04\/visionxeurope.png","width":300,"height":110,"caption":"Vision X Europe"},"image":{"@id":"https:\/\/www.visionxeurope.com\/se\/#\/schema\/logo\/image\/"},"sameAs":["https:\/\/www.facebook.com\/visionxeurope","https:\/\/www.instagram.com\/visionxeurope\/"]}]},"product_price_amount":"1394.00","product_price_currency":"SEK","og_availability":"instock","product_availability":"instock","product_retailer_item_id":"TREM-85250A","product_condition":"new"},"_links":{"self":[{"href":"https:\/\/www.visionxeurope.com\/se\/wp-json\/wp\/v2\/product\/16655","targetHints":{"allow":["GET"]}}],"collection":[{"href":"https:\/\/www.visionxeurope.com\/se\/wp-json\/wp\/v2\/product"}],"about":[{"href":"https:\/\/www.visionxeurope.com\/se\/wp-json\/wp\/v2\/types\/product"}],"replies":[{"embeddable":true,"href":"https:\/\/www.visionxeurope.com\/se\/wp-json\/wp\/v2\/comments?post=16655"}],"wp:featuredmedia":[{"embeddable":true,"href":"https:\/\/www.visionxeurope.com\/se\/wp-json\/wp\/v2\/media\/16656"}],"wp:attachment":[{"href":"https:\/\/www.visionxeurope.com\/se\/wp-json\/wp\/v2\/media?parent=16655"}],"wp:term":[{"taxonomy":"product_brand","embeddable":true,"href":"https:\/\/www.visionxeurope.com\/se\/wp-json\/wp\/v2\/product_brand?post=16655"},{"taxonomy":"product_cat","embeddable":true,"href":"https:\/\/www.visionxeurope.com\/se\/wp-json\/wp\/v2\/product_cat?post=16655"},{"taxonomy":"product_tag","embeddable":true,"href":"https:\/\/www.visionxeurope.com\/se\/wp-json\/wp\/v2\/product_tag?post=16655"}],"curies":[{"name":"wp","href":"https:\/\/api.w.org\/{rel}","templated":true}]}}