{"id":16387,"date":"2022-11-23T09:34:00","date_gmt":"2022-11-23T08:34:00","guid":{"rendered":"https:\/\/www.visionxeurope.com\/se\/?post_type=product&#038;p=16387"},"modified":"2026-03-24T14:53:42","modified_gmt":"2026-03-24T13:53:42","slug":"vision-x-scene-light-omradesljus-18w-svart","status":"publish","type":"product","link":"https:\/\/www.visionxeurope.com\/se\/webbutik\/vision-x-scene-light-omradesljus-18w-svart\/","title":{"rendered":"VISION X SCENE LIGHT OMR\u00c5DESLJUS 18W SVART"},"content":{"rendered":"<p><\/p>\n<p>Vision X Scene Lights \u00e4r h\u00f6geffektiv accent- och omr\u00e5desbelysning fr\u00e4mst avsedd f\u00f6r fast montage p\u00e5 utryckningsfordon, men \u00e4ven l\u00e4mplig f\u00f6r m\u00e5nga andra applikationer, s\u00e5som marina fordon, r\u00e4ddningsfordon, gruvdrift och konstruktion.<\/p>\n<p><\/p>\n<p><\/p>\n<p>Dessa lampor har h\u00f6gsta niv\u00e5 av RFI- och intr\u00e4ngningsskydd, s\u00e5 de kommer garanterat inte att ta in vatten eller st\u00f6ra radioapparater eller annan teknisk utrustning.<\/p>\n<p><\/p>\n<p><\/p>\n<p>Vision X Scene Lights har en bred ljusbild med 5700K ljusf\u00e4rgtemperatur (ett naturligt dagsljus), vilket g\u00f6r det s\u00f6ml\u00f6st att arbeta under dessa lampor. Ljuset \u00e4r utformat s\u00e5 att det vid ytmontering ger den optimala vinkeln f\u00f6r omr\u00e5desbelysning (40 grader).<\/p>\n<p><\/p>\n<p><\/p>\n<p>Lamporna \u00e4r anpassade f\u00f6r 9-33V sp\u00e4nning, vilket g\u00f6r dem l\u00e4mpliga f\u00f6r alla former av fordons- och marinapplikationer. Det formgjutna huset i flygplansaluminium kombinerat med en polykarbonatlins klarar de tuffaste av arbetsmilj\u00f6er.<\/p>\n<p><\/p>\n<p><\/p>\n<p><strong>Data:<\/strong><br \/>F\u00e4rg lamphus: Svart<br \/>LED: 6 x 3W Osram LED-dioder<br \/>Effekt: 18W<br \/>Ljusf\u00e4rgtemp: 5700K<br \/>Lumen: 2700<br \/>IP-klass: IP68+IP69K<br \/>Linsmaterial: Polykarbonat<br \/>Lamphus: Aluminum<br \/>Str\u00f6mf\u00f6rbrukning: 1.1A vid 12V, 0.6A vid 24V<br \/>Sp\u00e4nning: 9-33V<br \/>Storlek: 318 mm (bredd) x 38 mm (djup) x 85 mm (h\u00f6jd)<br \/>M\u00e4rkning: ECE R10, CISPR 25 Class 3 RFI-skydd<\/p>\n<p><\/p>","protected":false},"excerpt":{"rendered":"<p>Vision X Scene Lights \u00e4r h\u00f6geffektiv accent- och omr\u00e5desbelysning fr\u00e4mst avsedd f\u00f6r fast montage p\u00e5 utryckningsfordon, men \u00e4ven l\u00e4mplig f\u00f6r m\u00e5nga andra applikationer, s\u00e5som marina fordon, r\u00e4ddningsfordon, gruvdrift och konstruktion.<\/p>\n<p>Dessa lampor har h\u00f6gsta niv\u00e5 av RFI- och intr\u00e4ngningsskydd, s\u00e5 de kommer garanterat inte att ta in vatten eller st\u00f6ra radioapparater eller annan teknisk utrustning.<\/p>\n<p>Vision X Scene Lights har en bred ljusbild med 5700K ljusf\u00e4rgtemperatur (ett naturligt dagsljus), vilket g\u00f6r det s\u00f6ml\u00f6st att arbeta under dessa lampor. Ljuset \u00e4r utformat s\u00e5 att det vid ytmontering ger den optimala vinkeln f\u00f6r omr\u00e5desbelysning (40 grader).<\/p>\n<p>Lamporna \u00e4r anpassade f\u00f6r 9-33V sp\u00e4nning, vilket g\u00f6r dem l\u00e4mpliga f\u00f6r alla former av fordons- och marinapplikationer. Det formgjutna huset i flygplansaluminium kombinerat med en polykarbonatlins klarar de tuffaste av arbetsmilj\u00f6er.<\/p>\n<p><strong>Data:<\/strong><br \/>F\u00e4rg lamphus: Svart<br \/>LED: 6 x 3W Osram LED-dioder<br \/>Effekt: 18W<br \/>Ljusf\u00e4rgtemp: 5700K<br \/>Lumen: 2700<br \/>IP-klass: IP68+IP69K<br \/>Linsmaterial: Polykarbonat<br \/>Lamphus: Aluminum<br \/>Str\u00f6mf\u00f6rbrukning: 1.1A vid 12V, 0.6A vid 24V<br \/>Sp\u00e4nning: 9-33V<br \/>Storlek: 318 mm (bredd) x 38 mm (djup) x 85 mm (h\u00f6jd)<br \/>M\u00e4rkning: ECE R10, CISPR 25 Class 3 RFI-skydd<\/p>\n","protected":false},"featured_media":16388,"comment_status":"closed","ping_status":"closed","template":"","meta":{"editor_notices":[]},"product_brand":[],"product_cat":[49],"product_tag":[],"class_list":{"0":"post-16387","1":"product","2":"type-product","3":"status-publish","4":"has-post-thumbnail","6":"product_cat-accentbelysning","7":"resize-featured-image","8":"","9":"woocommerce-text-align-left","10":"woocommerce-image-align-center","12":"first","13":"instock","14":"taxable","15":"shipping-taxable","16":"product-type-simple"},"yoast_head":"<!-- This site is optimized with the Yoast SEO Premium plugin v25.0 (Yoast SEO v25.0) - https:\/\/yoast.com\/wordpress\/plugins\/seo\/ -->\n<title>VISION X SCENE LIGHT OMR\u00c5DESLJUS 18W SVART - Vision X Europe<\/title>\n<meta name=\"robots\" content=\"index, follow, max-snippet:-1, max-image-preview:large, max-video-preview:-1\" \/>\n<link rel=\"canonical\" href=\"https:\/\/www.visionxeurope.com\/se\/webbutik\/vision-x-scene-light-omradesljus-18w-svart\/\" \/>\n<meta property=\"og:locale\" content=\"sv_SE\" \/>\n<meta property=\"og:type\" content=\"article\" \/>\n<meta property=\"og:title\" content=\"VISION X SCENE LIGHT OMR\u00c5DESLJUS 18W SVART\" \/>\n<meta property=\"og:description\" content=\"Vision X Scene Lights \u00e4r h\u00f6geffektiv accent- och omr\u00e5desbelysning fr\u00e4mst avsedd f\u00f6r fast montage p\u00e5 utryckningsfordon, men \u00e4ven l\u00e4mplig f\u00f6r m\u00e5nga andra applikationer, s\u00e5som marina fordon, r\u00e4ddningsfordon, gruvdrift och konstruktion. Dessa lampor har h\u00f6gsta niv\u00e5 av RFI- och intr\u00e4ngningsskydd, s\u00e5 de kommer garanterat inte att ta in vatten eller st\u00f6ra radioapparater eller annan teknisk utrustning. Vision X Scene Lights har en bred ljusbild med 5700K ljusf\u00e4rgtemperatur (ett naturligt dagsljus), vilket g\u00f6r det s\u00f6ml\u00f6st att arbeta under dessa lampor. Ljuset \u00e4r utformat s\u00e5 att det vid ytmontering ger den optimala vinkeln f\u00f6r omr\u00e5desbelysning (40 grader). Lamporna \u00e4r anpassade f\u00f6r 9-33V sp\u00e4nning, vilket g\u00f6r dem l\u00e4mpliga f\u00f6r alla former av fordons- och marinapplikationer. Det formgjutna huset i flygplansaluminium kombinerat med en polykarbonatlins klarar de tuffaste av arbetsmilj\u00f6er. Data:F\u00e4rg lamphus: SvartLED: 6 x 3W Osram LED-dioderEffekt: 18WLjusf\u00e4rgtemp: 5700KLumen: 2700IP-klass: IP68+IP69KLinsmaterial: PolykarbonatLamphus: AluminumStr\u00f6mf\u00f6rbrukning: 1.1A vid 12V, 0.6A vid 24VSp\u00e4nning: 9-33VStorlek: 318 mm (bredd) x 38 mm (djup) x 85 mm (h\u00f6jd)M\u00e4rkning: ECE R10, CISPR 25 Class 3 RFI-skydd\" \/>\n<meta property=\"og:url\" content=\"https:\/\/www.visionxeurope.com\/se\/webbutik\/vision-x-scene-light-omradesljus-18w-svart\/\" \/>\n<meta property=\"og:site_name\" content=\"Vision X Europe\" \/>\n<meta property=\"article:publisher\" content=\"https:\/\/www.facebook.com\/visionxeurope\" \/>\n<meta property=\"article:modified_time\" content=\"2026-03-24T13:53:42+00:00\" \/>\n<meta property=\"og:image\" content=\"https:\/\/www.visionxeurope.com\/se\/wp-content\/uploads\/sites\/7\/2022\/11\/WSL-18M.jpg\" \/>\n\t<meta property=\"og:image:width\" content=\"1600\" \/>\n\t<meta property=\"og:image:height\" content=\"1600\" \/>\n\t<meta property=\"og:image:type\" content=\"image\/jpeg\" \/>\n<meta name=\"twitter:card\" content=\"summary_large_image\" \/>\n<meta name=\"twitter:label1\" content=\"Pris\" \/>\n\t<meta name=\"twitter:data1\" content=\"1 576,00&nbsp;&#107;&#114; exkl. moms\" \/>\n\t<meta name=\"twitter:label2\" content=\"Tillg\u00e4nglig\" \/>\n\t<meta name=\"twitter:data2\" content=\"I lager\" \/>\n<script type=\"application\/ld+json\" class=\"yoast-schema-graph\">{\"@context\":\"https:\/\/schema.org\",\"@graph\":[{\"@type\":\"WebPage\",\"@id\":\"https:\/\/www.visionxeurope.com\/se\/webbutik\/vision-x-scene-light-omradesljus-18w-svart\/\",\"url\":\"https:\/\/www.visionxeurope.com\/se\/webbutik\/vision-x-scene-light-omradesljus-18w-svart\/\",\"name\":\"VISION X SCENE LIGHT OMR\u00c5DESLJUS 18W SVART - Vision X Europe\",\"isPartOf\":{\"@id\":\"https:\/\/www.visionxeurope.com\/se\/#website\"},\"primaryImageOfPage\":{\"@id\":\"https:\/\/www.visionxeurope.com\/se\/webbutik\/vision-x-scene-light-omradesljus-18w-svart\/#primaryimage\"},\"image\":{\"@id\":\"https:\/\/www.visionxeurope.com\/se\/webbutik\/vision-x-scene-light-omradesljus-18w-svart\/#primaryimage\"},\"thumbnailUrl\":\"https:\/\/www.visionxeurope.com\/se\/wp-content\/uploads\/sites\/7\/2022\/11\/WSL-18M.jpg\",\"datePublished\":\"2022-11-23T08:34:00+00:00\",\"dateModified\":\"2026-03-24T13:53:42+00:00\",\"breadcrumb\":{\"@id\":\"https:\/\/www.visionxeurope.com\/se\/webbutik\/vision-x-scene-light-omradesljus-18w-svart\/#breadcrumb\"},\"inLanguage\":\"sv-SE\",\"potentialAction\":[{\"@type\":\"ReadAction\",\"target\":[\"https:\/\/www.visionxeurope.com\/se\/webbutik\/vision-x-scene-light-omradesljus-18w-svart\/\"]}]},{\"@type\":\"ImageObject\",\"inLanguage\":\"sv-SE\",\"@id\":\"https:\/\/www.visionxeurope.com\/se\/webbutik\/vision-x-scene-light-omradesljus-18w-svart\/#primaryimage\",\"url\":\"https:\/\/www.visionxeurope.com\/se\/wp-content\/uploads\/sites\/7\/2022\/11\/WSL-18M.jpg\",\"contentUrl\":\"https:\/\/www.visionxeurope.com\/se\/wp-content\/uploads\/sites\/7\/2022\/11\/WSL-18M.jpg\",\"width\":1600,\"height\":1600},{\"@type\":\"BreadcrumbList\",\"@id\":\"https:\/\/www.visionxeurope.com\/se\/webbutik\/vision-x-scene-light-omradesljus-18w-svart\/#breadcrumb\",\"itemListElement\":[{\"@type\":\"ListItem\",\"position\":1,\"name\":\"Hem\",\"item\":\"https:\/\/www.visionxeurope.com\/se\/\"},{\"@type\":\"ListItem\",\"position\":2,\"name\":\"Webbutik\",\"item\":\"https:\/\/www.visionxeurope.com\/se\/webbutik\/\"},{\"@type\":\"ListItem\",\"position\":3,\"name\":\"VISION X SCENE LIGHT OMR\u00c5DESLJUS 18W SVART\"}]},{\"@type\":\"WebSite\",\"@id\":\"https:\/\/www.visionxeurope.com\/se\/#website\",\"url\":\"https:\/\/www.visionxeurope.com\/se\/\",\"name\":\"Vision X Europe\",\"description\":\"\",\"publisher\":{\"@id\":\"https:\/\/www.visionxeurope.com\/se\/#organization\"},\"potentialAction\":[{\"@type\":\"SearchAction\",\"target\":{\"@type\":\"EntryPoint\",\"urlTemplate\":\"https:\/\/www.visionxeurope.com\/se\/?s={search_term_string}\"},\"query-input\":{\"@type\":\"PropertyValueSpecification\",\"valueRequired\":true,\"valueName\":\"search_term_string\"}}],\"inLanguage\":\"sv-SE\"},{\"@type\":\"Organization\",\"@id\":\"https:\/\/www.visionxeurope.com\/se\/#organization\",\"name\":\"Vision X Europe\",\"url\":\"https:\/\/www.visionxeurope.com\/se\/\",\"logo\":{\"@type\":\"ImageObject\",\"inLanguage\":\"sv-SE\",\"@id\":\"https:\/\/www.visionxeurope.com\/se\/#\/schema\/logo\/image\/\",\"url\":\"https:\/\/www.visionxeurope.com\/se\/wp-content\/uploads\/sites\/7\/2021\/04\/visionxeurope.png\",\"contentUrl\":\"https:\/\/www.visionxeurope.com\/se\/wp-content\/uploads\/sites\/7\/2021\/04\/visionxeurope.png\",\"width\":300,\"height\":110,\"caption\":\"Vision X Europe\"},\"image\":{\"@id\":\"https:\/\/www.visionxeurope.com\/se\/#\/schema\/logo\/image\/\"},\"sameAs\":[\"https:\/\/www.facebook.com\/visionxeurope\",\"https:\/\/www.instagram.com\/visionxeurope\/\"]}]}<\/script>\n<meta property=\"product:price:amount\" content=\"1576.00\" \/>\n<meta property=\"product:price:currency\" content=\"SEK\" \/>\n<meta property=\"og:availability\" content=\"instock\" \/>\n<meta property=\"product:availability\" content=\"instock\" \/>\n<meta property=\"product:retailer_item_id\" content=\"WSL-18M\" \/>\n<meta property=\"product:condition\" content=\"new\" \/>\n<!-- \/ Yoast SEO Premium plugin. -->","yoast_head_json":{"title":"VISION X SCENE LIGHT OMR\u00c5DESLJUS 18W SVART - Vision X Europe","robots":{"index":"index","follow":"follow","max-snippet":"max-snippet:-1","max-image-preview":"max-image-preview:large","max-video-preview":"max-video-preview:-1"},"canonical":"https:\/\/www.visionxeurope.com\/se\/webbutik\/vision-x-scene-light-omradesljus-18w-svart\/","og_locale":"sv_SE","og_type":"article","og_title":"VISION X SCENE LIGHT OMR\u00c5DESLJUS 18W SVART","og_description":"Vision X Scene Lights \u00e4r h\u00f6geffektiv accent- och omr\u00e5desbelysning fr\u00e4mst avsedd f\u00f6r fast montage p\u00e5 utryckningsfordon, men \u00e4ven l\u00e4mplig f\u00f6r m\u00e5nga andra applikationer, s\u00e5som marina fordon, r\u00e4ddningsfordon, gruvdrift och konstruktion. Dessa lampor har h\u00f6gsta niv\u00e5 av RFI- och intr\u00e4ngningsskydd, s\u00e5 de kommer garanterat inte att ta in vatten eller st\u00f6ra radioapparater eller annan teknisk utrustning. Vision X Scene Lights har en bred ljusbild med 5700K ljusf\u00e4rgtemperatur (ett naturligt dagsljus), vilket g\u00f6r det s\u00f6ml\u00f6st att arbeta under dessa lampor. Ljuset \u00e4r utformat s\u00e5 att det vid ytmontering ger den optimala vinkeln f\u00f6r omr\u00e5desbelysning (40 grader). Lamporna \u00e4r anpassade f\u00f6r 9-33V sp\u00e4nning, vilket g\u00f6r dem l\u00e4mpliga f\u00f6r alla former av fordons- och marinapplikationer. Det formgjutna huset i flygplansaluminium kombinerat med en polykarbonatlins klarar de tuffaste av arbetsmilj\u00f6er. Data:F\u00e4rg lamphus: SvartLED: 6 x 3W Osram LED-dioderEffekt: 18WLjusf\u00e4rgtemp: 5700KLumen: 2700IP-klass: IP68+IP69KLinsmaterial: PolykarbonatLamphus: AluminumStr\u00f6mf\u00f6rbrukning: 1.1A vid 12V, 0.6A vid 24VSp\u00e4nning: 9-33VStorlek: 318 mm (bredd) x 38 mm (djup) x 85 mm (h\u00f6jd)M\u00e4rkning: ECE R10, CISPR 25 Class 3 RFI-skydd","og_url":"https:\/\/www.visionxeurope.com\/se\/webbutik\/vision-x-scene-light-omradesljus-18w-svart\/","og_site_name":"Vision X Europe","article_publisher":"https:\/\/www.facebook.com\/visionxeurope","article_modified_time":"2026-03-24T13:53:42+00:00","og_image":[{"width":1600,"height":1600,"url":"https:\/\/www.visionxeurope.com\/se\/wp-content\/uploads\/sites\/7\/2022\/11\/WSL-18M.jpg","type":"image\/jpeg"}],"twitter_card":"summary_large_image","twitter_misc":{"Pris":"1 576,00&nbsp;&#107;&#114; exkl. moms","Tillg\u00e4nglig":"I lager"},"schema":{"@context":"https:\/\/schema.org","@graph":[{"@type":"WebPage","@id":"https:\/\/www.visionxeurope.com\/se\/webbutik\/vision-x-scene-light-omradesljus-18w-svart\/","url":"https:\/\/www.visionxeurope.com\/se\/webbutik\/vision-x-scene-light-omradesljus-18w-svart\/","name":"VISION X SCENE LIGHT OMR\u00c5DESLJUS 18W SVART - Vision X Europe","isPartOf":{"@id":"https:\/\/www.visionxeurope.com\/se\/#website"},"primaryImageOfPage":{"@id":"https:\/\/www.visionxeurope.com\/se\/webbutik\/vision-x-scene-light-omradesljus-18w-svart\/#primaryimage"},"image":{"@id":"https:\/\/www.visionxeurope.com\/se\/webbutik\/vision-x-scene-light-omradesljus-18w-svart\/#primaryimage"},"thumbnailUrl":"https:\/\/www.visionxeurope.com\/se\/wp-content\/uploads\/sites\/7\/2022\/11\/WSL-18M.jpg","datePublished":"2022-11-23T08:34:00+00:00","dateModified":"2026-03-24T13:53:42+00:00","breadcrumb":{"@id":"https:\/\/www.visionxeurope.com\/se\/webbutik\/vision-x-scene-light-omradesljus-18w-svart\/#breadcrumb"},"inLanguage":"sv-SE","potentialAction":[{"@type":"ReadAction","target":["https:\/\/www.visionxeurope.com\/se\/webbutik\/vision-x-scene-light-omradesljus-18w-svart\/"]}]},{"@type":"ImageObject","inLanguage":"sv-SE","@id":"https:\/\/www.visionxeurope.com\/se\/webbutik\/vision-x-scene-light-omradesljus-18w-svart\/#primaryimage","url":"https:\/\/www.visionxeurope.com\/se\/wp-content\/uploads\/sites\/7\/2022\/11\/WSL-18M.jpg","contentUrl":"https:\/\/www.visionxeurope.com\/se\/wp-content\/uploads\/sites\/7\/2022\/11\/WSL-18M.jpg","width":1600,"height":1600},{"@type":"BreadcrumbList","@id":"https:\/\/www.visionxeurope.com\/se\/webbutik\/vision-x-scene-light-omradesljus-18w-svart\/#breadcrumb","itemListElement":[{"@type":"ListItem","position":1,"name":"Hem","item":"https:\/\/www.visionxeurope.com\/se\/"},{"@type":"ListItem","position":2,"name":"Webbutik","item":"https:\/\/www.visionxeurope.com\/se\/webbutik\/"},{"@type":"ListItem","position":3,"name":"VISION X SCENE LIGHT OMR\u00c5DESLJUS 18W SVART"}]},{"@type":"WebSite","@id":"https:\/\/www.visionxeurope.com\/se\/#website","url":"https:\/\/www.visionxeurope.com\/se\/","name":"Vision X Europe","description":"","publisher":{"@id":"https:\/\/www.visionxeurope.com\/se\/#organization"},"potentialAction":[{"@type":"SearchAction","target":{"@type":"EntryPoint","urlTemplate":"https:\/\/www.visionxeurope.com\/se\/?s={search_term_string}"},"query-input":{"@type":"PropertyValueSpecification","valueRequired":true,"valueName":"search_term_string"}}],"inLanguage":"sv-SE"},{"@type":"Organization","@id":"https:\/\/www.visionxeurope.com\/se\/#organization","name":"Vision X Europe","url":"https:\/\/www.visionxeurope.com\/se\/","logo":{"@type":"ImageObject","inLanguage":"sv-SE","@id":"https:\/\/www.visionxeurope.com\/se\/#\/schema\/logo\/image\/","url":"https:\/\/www.visionxeurope.com\/se\/wp-content\/uploads\/sites\/7\/2021\/04\/visionxeurope.png","contentUrl":"https:\/\/www.visionxeurope.com\/se\/wp-content\/uploads\/sites\/7\/2021\/04\/visionxeurope.png","width":300,"height":110,"caption":"Vision X Europe"},"image":{"@id":"https:\/\/www.visionxeurope.com\/se\/#\/schema\/logo\/image\/"},"sameAs":["https:\/\/www.facebook.com\/visionxeurope","https:\/\/www.instagram.com\/visionxeurope\/"]}]},"product_price_amount":"1576.00","product_price_currency":"SEK","og_availability":"instock","product_availability":"instock","product_retailer_item_id":"WSL-18M","product_condition":"new"},"_links":{"self":[{"href":"https:\/\/www.visionxeurope.com\/se\/wp-json\/wp\/v2\/product\/16387","targetHints":{"allow":["GET"]}}],"collection":[{"href":"https:\/\/www.visionxeurope.com\/se\/wp-json\/wp\/v2\/product"}],"about":[{"href":"https:\/\/www.visionxeurope.com\/se\/wp-json\/wp\/v2\/types\/product"}],"replies":[{"embeddable":true,"href":"https:\/\/www.visionxeurope.com\/se\/wp-json\/wp\/v2\/comments?post=16387"}],"wp:featuredmedia":[{"embeddable":true,"href":"https:\/\/www.visionxeurope.com\/se\/wp-json\/wp\/v2\/media\/16388"}],"wp:attachment":[{"href":"https:\/\/www.visionxeurope.com\/se\/wp-json\/wp\/v2\/media?parent=16387"}],"wp:term":[{"taxonomy":"product_brand","embeddable":true,"href":"https:\/\/www.visionxeurope.com\/se\/wp-json\/wp\/v2\/product_brand?post=16387"},{"taxonomy":"product_cat","embeddable":true,"href":"https:\/\/www.visionxeurope.com\/se\/wp-json\/wp\/v2\/product_cat?post=16387"},{"taxonomy":"product_tag","embeddable":true,"href":"https:\/\/www.visionxeurope.com\/se\/wp-json\/wp\/v2\/product_tag?post=16387"}],"curies":[{"name":"wp","href":"https:\/\/api.w.org\/{rel}","templated":true}]}}