{"id":16329,"date":"2022-08-23T09:35:00","date_gmt":"2022-08-23T07:35:00","guid":{"rendered":"https:\/\/www.visionxeurope.com\/se\/?post_type=product&#038;p=16329"},"modified":"2026-01-28T10:59:31","modified_gmt":"2026-01-28T09:59:31","slug":"vision-x-led-blixtljusramp-aerotech-81w-mil-std-810g-klar-orange","status":"publish","type":"product","link":"https:\/\/www.visionxeurope.com\/se\/webbutik\/vision-x-led-blixtljusramp-aerotech-81w-mil-std-810g-klar-orange\/","title":{"rendered":"VISION X LED-BLIXTLJUSRAMP AEROTECH 81W MIL-STD-810G KLAR\/ORANGE"},"content":{"rendered":"<p><\/p>\n<p>Vision X Aerotech LED-blixtljusramper \u00e4r otroligt starka f\u00f6r sin storlek, med extra effektiva och moderna LED-dioder. Tre olika storlekar p\u00e5 LED-blixtljusramper passar allt fr\u00e5n l\u00e4tta kommersiella applikationer till tyngre transport-, bygg- och gruvapplikationer.<\/p>\n<p><\/p>\n<p><\/p>\n<p>Vision X Aerotech LED-blixtljusramper finns med b\u00e5de orange\/amber-f\u00e4rgad eller klar\/genomskinlig lins av polykarbonatplast. Det finns sju olika roterings- och blixtm\u00f6nster. Dubbla ljusf\u00e4rgsalternativ \u00e4r \u00e4ven tillg\u00e4ngliga.<\/p>\n<p><\/p>\n<p><\/p>\n<p>LED-blixtljusramperna \u00e4r v\u00e4ldigt enkla att montera. De kan monteras permanent med en f\u00e4stplatta eller tillf\u00e4lligt med ett magnetiskt f\u00e4ste.<\/p>\n<p><\/p>\n<p><\/p>\n<p><strong>Data:<\/strong><br \/>Linsf\u00e4rg: Genomskinligt\/klar<br \/>Ljusf\u00e4rg: Orange\/amber<br \/>F\u00e4ste: F\u00e4stplatta<br \/>Linsmaterial: Polykarbonat<br \/>Basmaterial: Polykarbonat<br \/>Effekt: 81W<br \/>LED: 54 x 1,5W<br \/>Str\u00f6mf\u00f6rbrukning: 1.7A (rotering), 5.5A (blixt) vid 12V<br \/>Sp\u00e4nning: 10-80V<br \/>Arbetstemperatur: -30\u00b0 \u2013 +60\u00b0C<br \/>Storlek: 250 mm (bredd) x 155 mm (djup) x 64 mm (h\u00f6jd)<br \/>Vikt: 1,9 kg<br \/>IP-klass: IP67+IP69K<br \/>Chock\/vibration: ISO 16750-3, MIL-STD-810G<br \/>M\u00e4rkning: CE, ROHS, REACH<br \/>ECE-m\u00e4rkning: ECE R65 TA2, ECE R10<br \/>EMC-m\u00e4rkning: CISPR25 Class 3<br \/>SAE-m\u00e4rkning: J845 Class 1, W3-1<\/p>\n<p><\/p>","protected":false},"excerpt":{"rendered":"<p>Vision X Aerotech LED-blixtljusramper \u00e4r otroligt starka f\u00f6r sin storlek, med extra effektiva och moderna LED-dioder. Tre olika storlekar p\u00e5 LED-blixtljusramper passar allt fr\u00e5n l\u00e4tta kommersiella applikationer till tyngre transport-, bygg- och gruvapplikationer.<\/p>\n<p>Vision X Aerotech LED-blixtljusramper finns med b\u00e5de orange\/amber-f\u00e4rgad eller klar\/genomskinlig lins av polykarbonatplast. Det finns sju olika roterings- och blixtm\u00f6nster. Dubbla ljusf\u00e4rgsalternativ \u00e4r \u00e4ven tillg\u00e4ngliga.<\/p>\n<p>LED-blixtljusramperna \u00e4r v\u00e4ldigt enkla att montera. De kan monteras permanent med en f\u00e4stplatta eller tillf\u00e4lligt med ett magnetiskt f\u00e4ste.<\/p>\n<p><strong>Data:<\/strong><br \/>Linsf\u00e4rg: Genomskinligt\/klar<br \/>Ljusf\u00e4rg: Orange\/amber<br \/>F\u00e4ste: F\u00e4stplatta<br \/>Linsmaterial: Polykarbonat<br \/>Basmaterial: Polykarbonat<br \/>Effekt: 81W<br \/>LED: 54 x 1,5W<br \/>Str\u00f6mf\u00f6rbrukning: 1.7A (rotering), 5.5A (blixt) vid 12V<br \/>Sp\u00e4nning: 10-80V<br \/>Arbetstemperatur: -30\u00b0 \u2013 +60\u00b0C<br \/>Storlek: 250 mm (bredd) x 155 mm (djup) x 64 mm (h\u00f6jd)<br \/>Vikt: 1,9 kg<br \/>IP-klass: IP67+IP69K<br \/>Chock\/vibration: ISO 16750-3, MIL-STD-810G<br \/>M\u00e4rkning: CE, ROHS, REACH<br \/>ECE-m\u00e4rkning: ECE R65 TA2, ECE R10<br \/>EMC-m\u00e4rkning: CISPR25 Class 3<br \/>SAE-m\u00e4rkning: J845 Class 1, W3-1<\/p>\n","protected":false},"featured_media":16333,"comment_status":"open","ping_status":"closed","template":"","meta":{"editor_notices":[]},"product_brand":[],"product_cat":[802,823],"product_tag":[],"class_list":{"0":"post-16329","1":"product","2":"type-product","3":"status-publish","4":"has-post-thumbnail","6":"product_cat-led-blixtljus-ramper","7":"product_cat-varningsljus-militara-produkter","8":"resize-featured-image","9":"","10":"woocommerce-text-align-left","11":"woocommerce-image-align-center","13":"first","14":"instock","15":"taxable","16":"shipping-taxable","17":"product-type-simple"},"yoast_head":"<!-- This site is optimized with the Yoast SEO Premium plugin v25.0 (Yoast SEO v25.0) - https:\/\/yoast.com\/wordpress\/plugins\/seo\/ -->\n<title>VISION X LED-BLIXTLJUSRAMP AEROTECH 81W MIL-STD-810G KLAR\/ORANGE - Vision X Europe<\/title>\n<meta name=\"robots\" content=\"index, follow, max-snippet:-1, max-image-preview:large, max-video-preview:-1\" \/>\n<link rel=\"canonical\" href=\"https:\/\/www.visionxeurope.com\/se\/webbutik\/vision-x-led-blixtljusramp-aerotech-81w-mil-std-810g-klar-orange\/\" \/>\n<meta property=\"og:locale\" content=\"sv_SE\" \/>\n<meta property=\"og:type\" content=\"article\" \/>\n<meta property=\"og:title\" content=\"VISION X LED-BLIXTLJUSRAMP AEROTECH 81W MIL-STD-810G KLAR\/ORANGE\" \/>\n<meta property=\"og:description\" content=\"Vision X Aerotech LED-blixtljusramper \u00e4r otroligt starka f\u00f6r sin storlek, med extra effektiva och moderna LED-dioder. Tre olika storlekar p\u00e5 LED-blixtljusramper passar allt fr\u00e5n l\u00e4tta kommersiella applikationer till tyngre transport-, bygg- och gruvapplikationer. Vision X Aerotech LED-blixtljusramper finns med b\u00e5de orange\/amber-f\u00e4rgad eller klar\/genomskinlig lins av polykarbonatplast. Det finns sju olika roterings- och blixtm\u00f6nster. Dubbla ljusf\u00e4rgsalternativ \u00e4r \u00e4ven tillg\u00e4ngliga. LED-blixtljusramperna \u00e4r v\u00e4ldigt enkla att montera. De kan monteras permanent med en f\u00e4stplatta eller tillf\u00e4lligt med ett magnetiskt f\u00e4ste. Data:Linsf\u00e4rg: Genomskinligt\/klarLjusf\u00e4rg: Orange\/amberF\u00e4ste: F\u00e4stplattaLinsmaterial: PolykarbonatBasmaterial: PolykarbonatEffekt: 81WLED: 54 x 1,5WStr\u00f6mf\u00f6rbrukning: 1.7A (rotering), 5.5A (blixt) vid 12VSp\u00e4nning: 10-80VArbetstemperatur: -30\u00b0 \u2013 +60\u00b0CStorlek: 250 mm (bredd) x 155 mm (djup) x 64 mm (h\u00f6jd)Vikt: 1,9 kgIP-klass: IP67+IP69KChock\/vibration: ISO 16750-3, MIL-STD-810GM\u00e4rkning: CE, ROHS, REACHECE-m\u00e4rkning: ECE R65 TA2, ECE R10EMC-m\u00e4rkning: CISPR25 Class 3SAE-m\u00e4rkning: J845 Class 1, W3-1\" \/>\n<meta property=\"og:url\" content=\"https:\/\/www.visionxeurope.com\/se\/webbutik\/vision-x-led-blixtljusramp-aerotech-81w-mil-std-810g-klar-orange\/\" \/>\n<meta property=\"og:site_name\" content=\"Vision X Europe\" \/>\n<meta property=\"article:publisher\" content=\"https:\/\/www.facebook.com\/visionxeurope\" \/>\n<meta property=\"article:modified_time\" content=\"2026-01-28T09:59:31+00:00\" \/>\n<meta property=\"og:image\" content=\"https:\/\/www.rindab.se\/wp-content\/uploads\/sites\/7\/2022\/11\/AERO-015AC-5.jpg\" \/>\n\t<meta property=\"og:image:width\" content=\"1600\" \/>\n\t<meta property=\"og:image:height\" content=\"1600\" \/>\n\t<meta property=\"og:image:type\" content=\"image\/jpeg\" \/>\n<meta name=\"twitter:card\" content=\"summary_large_image\" \/>\n<meta name=\"twitter:label1\" content=\"Pris\" \/>\n\t<meta name=\"twitter:data1\" content=\"1 596,00&nbsp;&#107;&#114; exkl. moms\" \/>\n\t<meta name=\"twitter:label2\" content=\"Tillg\u00e4nglig\" \/>\n\t<meta name=\"twitter:data2\" content=\"I lager\" \/>\n<script type=\"application\/ld+json\" class=\"yoast-schema-graph\">{\"@context\":\"https:\/\/schema.org\",\"@graph\":[{\"@type\":\"WebPage\",\"@id\":\"https:\/\/www.visionxeurope.com\/se\/webbutik\/vision-x-led-blixtljusramp-aerotech-81w-mil-std-810g-klar-orange\/\",\"url\":\"https:\/\/www.visionxeurope.com\/se\/webbutik\/vision-x-led-blixtljusramp-aerotech-81w-mil-std-810g-klar-orange\/\",\"name\":\"VISION X LED-BLIXTLJUSRAMP AEROTECH 81W MIL-STD-810G KLAR\/ORANGE - Vision X Europe\",\"isPartOf\":{\"@id\":\"https:\/\/www.visionxeurope.com\/se\/#website\"},\"primaryImageOfPage\":{\"@id\":\"https:\/\/www.visionxeurope.com\/se\/webbutik\/vision-x-led-blixtljusramp-aerotech-81w-mil-std-810g-klar-orange\/#primaryimage\"},\"image\":{\"@id\":\"https:\/\/www.visionxeurope.com\/se\/webbutik\/vision-x-led-blixtljusramp-aerotech-81w-mil-std-810g-klar-orange\/#primaryimage\"},\"thumbnailUrl\":\"https:\/\/www.visionxeurope.com\/se\/wp-content\/uploads\/sites\/7\/2022\/11\/AERO-015AC-5.jpg\",\"datePublished\":\"2022-08-23T07:35:00+00:00\",\"dateModified\":\"2026-01-28T09:59:31+00:00\",\"breadcrumb\":{\"@id\":\"https:\/\/www.visionxeurope.com\/se\/webbutik\/vision-x-led-blixtljusramp-aerotech-81w-mil-std-810g-klar-orange\/#breadcrumb\"},\"inLanguage\":\"sv-SE\",\"potentialAction\":[{\"@type\":\"ReadAction\",\"target\":[\"https:\/\/www.visionxeurope.com\/se\/webbutik\/vision-x-led-blixtljusramp-aerotech-81w-mil-std-810g-klar-orange\/\"]}]},{\"@type\":\"ImageObject\",\"inLanguage\":\"sv-SE\",\"@id\":\"https:\/\/www.visionxeurope.com\/se\/webbutik\/vision-x-led-blixtljusramp-aerotech-81w-mil-std-810g-klar-orange\/#primaryimage\",\"url\":\"https:\/\/www.visionxeurope.com\/se\/wp-content\/uploads\/sites\/7\/2022\/11\/AERO-015AC-5.jpg\",\"contentUrl\":\"https:\/\/www.visionxeurope.com\/se\/wp-content\/uploads\/sites\/7\/2022\/11\/AERO-015AC-5.jpg\",\"width\":1600,\"height\":1600},{\"@type\":\"BreadcrumbList\",\"@id\":\"https:\/\/www.visionxeurope.com\/se\/webbutik\/vision-x-led-blixtljusramp-aerotech-81w-mil-std-810g-klar-orange\/#breadcrumb\",\"itemListElement\":[{\"@type\":\"ListItem\",\"position\":1,\"name\":\"Hem\",\"item\":\"https:\/\/www.visionxeurope.com\/se\/\"},{\"@type\":\"ListItem\",\"position\":2,\"name\":\"Webbutik\",\"item\":\"https:\/\/www.visionxeurope.com\/se\/webbutik\/\"},{\"@type\":\"ListItem\",\"position\":3,\"name\":\"VISION X LED-BLIXTLJUSRAMP AEROTECH 81W MIL-STD-810G KLAR\/ORANGE\"}]},{\"@type\":\"WebSite\",\"@id\":\"https:\/\/www.visionxeurope.com\/se\/#website\",\"url\":\"https:\/\/www.visionxeurope.com\/se\/\",\"name\":\"Vision X Europe\",\"description\":\"\",\"publisher\":{\"@id\":\"https:\/\/www.visionxeurope.com\/se\/#organization\"},\"potentialAction\":[{\"@type\":\"SearchAction\",\"target\":{\"@type\":\"EntryPoint\",\"urlTemplate\":\"https:\/\/www.visionxeurope.com\/se\/?s={search_term_string}\"},\"query-input\":{\"@type\":\"PropertyValueSpecification\",\"valueRequired\":true,\"valueName\":\"search_term_string\"}}],\"inLanguage\":\"sv-SE\"},{\"@type\":\"Organization\",\"@id\":\"https:\/\/www.visionxeurope.com\/se\/#organization\",\"name\":\"Vision X Europe\",\"url\":\"https:\/\/www.visionxeurope.com\/se\/\",\"logo\":{\"@type\":\"ImageObject\",\"inLanguage\":\"sv-SE\",\"@id\":\"https:\/\/www.visionxeurope.com\/se\/#\/schema\/logo\/image\/\",\"url\":\"https:\/\/www.visionxeurope.com\/se\/wp-content\/uploads\/sites\/7\/2021\/04\/visionxeurope.png\",\"contentUrl\":\"https:\/\/www.visionxeurope.com\/se\/wp-content\/uploads\/sites\/7\/2021\/04\/visionxeurope.png\",\"width\":300,\"height\":110,\"caption\":\"Vision X Europe\"},\"image\":{\"@id\":\"https:\/\/www.visionxeurope.com\/se\/#\/schema\/logo\/image\/\"},\"sameAs\":[\"https:\/\/www.facebook.com\/visionxeurope\",\"https:\/\/www.instagram.com\/visionxeurope\/\"]}]}<\/script>\n<meta property=\"product:price:amount\" content=\"1596.00\" \/>\n<meta property=\"product:price:currency\" content=\"SEK\" \/>\n<meta property=\"og:availability\" content=\"instock\" \/>\n<meta property=\"product:availability\" content=\"instock\" \/>\n<meta property=\"product:retailer_item_id\" content=\"AERO-85015AC\" \/>\n<meta property=\"product:condition\" content=\"new\" \/>\n<!-- \/ Yoast SEO Premium plugin. -->","yoast_head_json":{"title":"VISION X LED-BLIXTLJUSRAMP AEROTECH 81W MIL-STD-810G KLAR\/ORANGE - Vision X Europe","robots":{"index":"index","follow":"follow","max-snippet":"max-snippet:-1","max-image-preview":"max-image-preview:large","max-video-preview":"max-video-preview:-1"},"canonical":"https:\/\/www.visionxeurope.com\/se\/webbutik\/vision-x-led-blixtljusramp-aerotech-81w-mil-std-810g-klar-orange\/","og_locale":"sv_SE","og_type":"article","og_title":"VISION X LED-BLIXTLJUSRAMP AEROTECH 81W MIL-STD-810G KLAR\/ORANGE","og_description":"Vision X Aerotech LED-blixtljusramper \u00e4r otroligt starka f\u00f6r sin storlek, med extra effektiva och moderna LED-dioder. Tre olika storlekar p\u00e5 LED-blixtljusramper passar allt fr\u00e5n l\u00e4tta kommersiella applikationer till tyngre transport-, bygg- och gruvapplikationer. Vision X Aerotech LED-blixtljusramper finns med b\u00e5de orange\/amber-f\u00e4rgad eller klar\/genomskinlig lins av polykarbonatplast. Det finns sju olika roterings- och blixtm\u00f6nster. Dubbla ljusf\u00e4rgsalternativ \u00e4r \u00e4ven tillg\u00e4ngliga. LED-blixtljusramperna \u00e4r v\u00e4ldigt enkla att montera. De kan monteras permanent med en f\u00e4stplatta eller tillf\u00e4lligt med ett magnetiskt f\u00e4ste. Data:Linsf\u00e4rg: Genomskinligt\/klarLjusf\u00e4rg: Orange\/amberF\u00e4ste: F\u00e4stplattaLinsmaterial: PolykarbonatBasmaterial: PolykarbonatEffekt: 81WLED: 54 x 1,5WStr\u00f6mf\u00f6rbrukning: 1.7A (rotering), 5.5A (blixt) vid 12VSp\u00e4nning: 10-80VArbetstemperatur: -30\u00b0 \u2013 +60\u00b0CStorlek: 250 mm (bredd) x 155 mm (djup) x 64 mm (h\u00f6jd)Vikt: 1,9 kgIP-klass: IP67+IP69KChock\/vibration: ISO 16750-3, MIL-STD-810GM\u00e4rkning: CE, ROHS, REACHECE-m\u00e4rkning: ECE R65 TA2, ECE R10EMC-m\u00e4rkning: CISPR25 Class 3SAE-m\u00e4rkning: J845 Class 1, W3-1","og_url":"https:\/\/www.visionxeurope.com\/se\/webbutik\/vision-x-led-blixtljusramp-aerotech-81w-mil-std-810g-klar-orange\/","og_site_name":"Vision X Europe","article_publisher":"https:\/\/www.facebook.com\/visionxeurope","article_modified_time":"2026-01-28T09:59:31+00:00","og_image":[{"width":1600,"height":1600,"url":"https:\/\/www.rindab.se\/wp-content\/uploads\/sites\/7\/2022\/11\/AERO-015AC-5.jpg","type":"image\/jpeg"}],"twitter_card":"summary_large_image","twitter_misc":{"Pris":"1 596,00&nbsp;&#107;&#114; exkl. moms","Tillg\u00e4nglig":"I lager"},"schema":{"@context":"https:\/\/schema.org","@graph":[{"@type":"WebPage","@id":"https:\/\/www.visionxeurope.com\/se\/webbutik\/vision-x-led-blixtljusramp-aerotech-81w-mil-std-810g-klar-orange\/","url":"https:\/\/www.visionxeurope.com\/se\/webbutik\/vision-x-led-blixtljusramp-aerotech-81w-mil-std-810g-klar-orange\/","name":"VISION X LED-BLIXTLJUSRAMP AEROTECH 81W MIL-STD-810G KLAR\/ORANGE - Vision X Europe","isPartOf":{"@id":"https:\/\/www.visionxeurope.com\/se\/#website"},"primaryImageOfPage":{"@id":"https:\/\/www.visionxeurope.com\/se\/webbutik\/vision-x-led-blixtljusramp-aerotech-81w-mil-std-810g-klar-orange\/#primaryimage"},"image":{"@id":"https:\/\/www.visionxeurope.com\/se\/webbutik\/vision-x-led-blixtljusramp-aerotech-81w-mil-std-810g-klar-orange\/#primaryimage"},"thumbnailUrl":"https:\/\/www.visionxeurope.com\/se\/wp-content\/uploads\/sites\/7\/2022\/11\/AERO-015AC-5.jpg","datePublished":"2022-08-23T07:35:00+00:00","dateModified":"2026-01-28T09:59:31+00:00","breadcrumb":{"@id":"https:\/\/www.visionxeurope.com\/se\/webbutik\/vision-x-led-blixtljusramp-aerotech-81w-mil-std-810g-klar-orange\/#breadcrumb"},"inLanguage":"sv-SE","potentialAction":[{"@type":"ReadAction","target":["https:\/\/www.visionxeurope.com\/se\/webbutik\/vision-x-led-blixtljusramp-aerotech-81w-mil-std-810g-klar-orange\/"]}]},{"@type":"ImageObject","inLanguage":"sv-SE","@id":"https:\/\/www.visionxeurope.com\/se\/webbutik\/vision-x-led-blixtljusramp-aerotech-81w-mil-std-810g-klar-orange\/#primaryimage","url":"https:\/\/www.visionxeurope.com\/se\/wp-content\/uploads\/sites\/7\/2022\/11\/AERO-015AC-5.jpg","contentUrl":"https:\/\/www.visionxeurope.com\/se\/wp-content\/uploads\/sites\/7\/2022\/11\/AERO-015AC-5.jpg","width":1600,"height":1600},{"@type":"BreadcrumbList","@id":"https:\/\/www.visionxeurope.com\/se\/webbutik\/vision-x-led-blixtljusramp-aerotech-81w-mil-std-810g-klar-orange\/#breadcrumb","itemListElement":[{"@type":"ListItem","position":1,"name":"Hem","item":"https:\/\/www.visionxeurope.com\/se\/"},{"@type":"ListItem","position":2,"name":"Webbutik","item":"https:\/\/www.visionxeurope.com\/se\/webbutik\/"},{"@type":"ListItem","position":3,"name":"VISION X LED-BLIXTLJUSRAMP AEROTECH 81W MIL-STD-810G KLAR\/ORANGE"}]},{"@type":"WebSite","@id":"https:\/\/www.visionxeurope.com\/se\/#website","url":"https:\/\/www.visionxeurope.com\/se\/","name":"Vision X Europe","description":"","publisher":{"@id":"https:\/\/www.visionxeurope.com\/se\/#organization"},"potentialAction":[{"@type":"SearchAction","target":{"@type":"EntryPoint","urlTemplate":"https:\/\/www.visionxeurope.com\/se\/?s={search_term_string}"},"query-input":{"@type":"PropertyValueSpecification","valueRequired":true,"valueName":"search_term_string"}}],"inLanguage":"sv-SE"},{"@type":"Organization","@id":"https:\/\/www.visionxeurope.com\/se\/#organization","name":"Vision X Europe","url":"https:\/\/www.visionxeurope.com\/se\/","logo":{"@type":"ImageObject","inLanguage":"sv-SE","@id":"https:\/\/www.visionxeurope.com\/se\/#\/schema\/logo\/image\/","url":"https:\/\/www.visionxeurope.com\/se\/wp-content\/uploads\/sites\/7\/2021\/04\/visionxeurope.png","contentUrl":"https:\/\/www.visionxeurope.com\/se\/wp-content\/uploads\/sites\/7\/2021\/04\/visionxeurope.png","width":300,"height":110,"caption":"Vision X Europe"},"image":{"@id":"https:\/\/www.visionxeurope.com\/se\/#\/schema\/logo\/image\/"},"sameAs":["https:\/\/www.facebook.com\/visionxeurope","https:\/\/www.instagram.com\/visionxeurope\/"]}]},"product_price_amount":"1596.00","product_price_currency":"SEK","og_availability":"instock","product_availability":"instock","product_retailer_item_id":"AERO-85015AC","product_condition":"new"},"_links":{"self":[{"href":"https:\/\/www.visionxeurope.com\/se\/wp-json\/wp\/v2\/product\/16329","targetHints":{"allow":["GET"]}}],"collection":[{"href":"https:\/\/www.visionxeurope.com\/se\/wp-json\/wp\/v2\/product"}],"about":[{"href":"https:\/\/www.visionxeurope.com\/se\/wp-json\/wp\/v2\/types\/product"}],"replies":[{"embeddable":true,"href":"https:\/\/www.visionxeurope.com\/se\/wp-json\/wp\/v2\/comments?post=16329"}],"wp:featuredmedia":[{"embeddable":true,"href":"https:\/\/www.visionxeurope.com\/se\/wp-json\/wp\/v2\/media\/16333"}],"wp:attachment":[{"href":"https:\/\/www.visionxeurope.com\/se\/wp-json\/wp\/v2\/media?parent=16329"}],"wp:term":[{"taxonomy":"product_brand","embeddable":true,"href":"https:\/\/www.visionxeurope.com\/se\/wp-json\/wp\/v2\/product_brand?post=16329"},{"taxonomy":"product_cat","embeddable":true,"href":"https:\/\/www.visionxeurope.com\/se\/wp-json\/wp\/v2\/product_cat?post=16329"},{"taxonomy":"product_tag","embeddable":true,"href":"https:\/\/www.visionxeurope.com\/se\/wp-json\/wp\/v2\/product_tag?post=16329"}],"curies":[{"name":"wp","href":"https:\/\/api.w.org\/{rel}","templated":true}]}}