{"id":16305,"date":"2022-08-23T09:30:00","date_gmt":"2022-08-23T07:30:00","guid":{"rendered":"https:\/\/www.visionxeurope.com\/se\/?post_type=product&#038;p=16305"},"modified":"2025-12-09T00:54:36","modified_gmt":"2025-12-08T23:54:36","slug":"vision-x-led-strobe-aerotech-hogprofil-orange","status":"publish","type":"product","link":"https:\/\/www.visionxeurope.com\/se\/webbutik\/vision-x-led-strobe-aerotech-hogprofil-orange\/","title":{"rendered":"VISION X LED-STROBE AEROTECH H\u00d6GPROFIL ORANGE"},"content":{"rendered":"<p>Vision X Aerotech LED-blixtljus \u00e4r en produkt med den senaste LED-blixttekniken. Vi har \u00e5teruppfunnit det traditionella runda blixtljuset och skapat en kraftfull ny varningslampa med ett m\u00e5l i \u00e5take: att h\u00e5lla arbetarna s\u00e5 s\u00e4kra som m\u00f6jligt.<\/p><p>Vision X Aerotech \u00e4r de ljusaste och mest synliga LED-blixtljusen i sin storlek, tack vare dess unika form med en st\u00f6rre ljusyta \u00e4n runda blixtljus. Formen p\u00e5 Vision X Aerotech minskar luftmotst\u00e5ndet med upp till 60 %, vilket reducerar vindljudet.<\/p><p>Vision X Aerotech \u00e4r intelligenta LED-blixtljus med inbyggda sensorer f\u00f6r omgivande ljus, som automatiskt minskar\/\u00f6kar ljusstyrkan vid behov (kan inaktiveras). LED-blixtljusen har st\u00f6d f\u00f6r fyra olika roterings\/blixtm\u00f6nster, d\u00e4r roteringsljuset kan synkroniseras mellan flera enheter.<\/p><p>Med en innovativ design och klassledande funktioner \u00e4r Aerotech en revolution p\u00e5 marknaden f\u00f6r LED-blixtljus.<\/p><ul class=\"wp-block-list\"><li><strong>H\u00f6gre synlighet<\/strong><br>Den unika formen och precisionskonstruerade optiken hos Aerotech LED-blixtljus ger o\u00f6vertr\u00e4ffad sikt, \u00e4ven dagtid.<\/li><\/ul><ul class=\"wp-block-list\"><li><strong>Extra h\u00e5llbar<\/strong><br>Designad, konstruerad och testad i Australien f\u00f6r ultimat h\u00e5llbarhet, Aerotech kommer att st\u00e5 emot allt du kan kasta p\u00e5 den.<\/li><\/ul><ul class=\"wp-block-list\"><li><strong>Anpassningsbar<\/strong><br>Med tre olika storlekar och fem monteringsalternativ finns det en Aerotech LED-blixtljusl\u00f6sning f\u00f6r alla applikationer.<\/li><\/ul><ul class=\"wp-block-list\"><li><strong>Innovativ form<\/strong><br>Blixtljusets unika form \u00f6kar inte bara dess synlighet, den ger \u00e4ven ett l\u00e4gre luftmotst\u00e5nd och minskat vindljud.<\/li><\/ul><ul class=\"wp-block-list\"><li><strong>P\u00e5litligt<\/strong><br>Med en marknadsledande 7 \u00e5rs garanti kan du vara s\u00e4ker p\u00e5 att Aerotech inte kommer att svika dig.<\/li><\/ul><p><strong>Data:<\/strong><br>Linsf\u00e4rg: Orange\/amber<br>Ljusf\u00e4rg: Orange\/amber<br>F\u00e4ste: Standard\/adapterplatta<br>Linsmaterial: Polykarbonat<br>Basmaterial: Polykarbonat<br>LED: 3 x 36W<br>Effekt: 108W<br>IP-klass: IP67<br>Str\u00f6mf\u00f6rbrukning: 1A (rotering), 1.6A (blixt) vid 12V<br>Sp\u00e4nning: 10-33V<br>Arbetstemperatur: -30\u00b0 \u2013 +60\u00b0C<br>M\u00e4rkning: ECE R65 Class 2, CISPR 25 Class 3, SAE Class 1<br>Synkroniserade enheter: 6 st (rotering)<br>Storlek: 130 mm (h\u00f6jd, exkl. f\u00e4ste) x 142 mm (diameter)<br>Vikt: 600 gram<\/p>","protected":false},"excerpt":{"rendered":"<p><!-- wp:paragraph --><\/p>\n<p>Vision X Aerotech LED-blixtljus \u00e4r en produkt med den senaste LED-blixttekniken. Vi har \u00e5teruppfunnit det traditionella runda blixtljuset och skapat en kraftfull ny varningslampa med ett m\u00e5l i \u00e5take: att h\u00e5lla arbetarna s\u00e5 s\u00e4kra som m\u00f6jligt.<\/p>\n<p><!-- \/wp:paragraph --><\/p>\n<p><!-- wp:paragraph --><\/p>\n<p>Vision X Aerotech \u00e4r de ljusaste och mest synliga LED-blixtljusen i sin storlek, tack vare dess unika form med en st\u00f6rre ljusyta \u00e4n runda blixtljus. Formen p\u00e5 Vision X Aerotech minskar luftmotst\u00e5ndet med upp till 60 %, vilket reducerar vindljudet.<\/p>\n<p><!-- \/wp:paragraph --><\/p>\n<p><!-- wp:paragraph --><\/p>\n<p>Vision X Aerotech \u00e4r intelligenta LED-blixtljus med inbyggda sensorer f\u00f6r omgivande ljus, som automatiskt minskar\/\u00f6kar ljusstyrkan vid behov (kan inaktiveras). LED-blixtljusen har st\u00f6d f\u00f6r fyra olika roterings\/blixtm\u00f6nster, d\u00e4r roteringsljuset kan synkroniseras mellan flera enheter.<\/p>\n<p><!-- \/wp:paragraph --><\/p>\n<p><!-- wp:paragraph --><\/p>\n<p>Med en innovativ design och klassledande funktioner \u00e4r Aerotech en revolution p\u00e5 marknaden f\u00f6r LED-blixtljus.<\/p>\n<p><!-- \/wp:paragraph --><\/p>\n<p><!-- wp:list --><\/p>\n<ul><!-- wp:list-item --><\/p>\n<li><strong>H\u00f6gre synlighet<\/strong><br \/>Den unika formen och precisionskonstruerade optiken hos Aerotech LED-blixtljus ger o\u00f6vertr\u00e4ffad sikt, \u00e4ven dagtid.<\/li>\n<p><!-- \/wp:list-item --><\/ul>\n<p><!-- \/wp:list --><\/p>\n<p><!-- wp:list --><\/p>\n<ul><!-- wp:list-item --><\/p>\n<li><strong>Extra h\u00e5llbar<\/strong><br \/>Designad, konstruerad och testad i Australien f\u00f6r ultimat h\u00e5llbarhet, Aerotech kommer att st\u00e5 emot allt du kan kasta p\u00e5 den.<\/li>\n<p><!-- \/wp:list-item --><\/ul>\n<p><!-- \/wp:list --><\/p>\n<p><!-- wp:list --><\/p>\n<ul><!-- wp:list-item --><\/p>\n<li><strong>Anpassningsbar<\/strong><br \/>Med tre olika storlekar och fem monteringsalternativ finns det en Aerotech LED-blixtljusl\u00f6sning f\u00f6r alla applikationer.<\/li>\n<p><!-- \/wp:list-item --><\/ul>\n<p><!-- \/wp:list --><\/p>\n<p><!-- wp:list --><\/p>\n<ul><!-- wp:list-item --><\/p>\n<li><strong>Innovativ form<\/strong><br \/>Blixtljusets unika form \u00f6kar inte bara dess synlighet, den ger \u00e4ven ett l\u00e4gre luftmotst\u00e5nd och minskat vindljud.<\/li>\n<p><!-- \/wp:list-item --><\/ul>\n<p><!-- \/wp:list --><\/p>\n<p><!-- wp:list --><\/p>\n<ul><!-- wp:list-item --><\/p>\n<li><strong>P\u00e5litligt<\/strong><br \/>Med en marknadsledande 7 \u00e5rs garanti kan du vara s\u00e4ker p\u00e5 att Aerotech inte kommer att svika dig.<\/li>\n<p><!-- \/wp:list-item --><\/ul>\n<p><!-- \/wp:list --><\/p>\n<p><!-- wp:paragraph --><\/p>\n<p><strong>Data:<\/strong><br \/>Linsf\u00e4rg: Orange\/amber<br \/>Ljusf\u00e4rg: Orange\/amber<br \/>F\u00e4ste: Standard\/adapterplatta<br \/>Linsmaterial: Polykarbonat<br \/>Basmaterial: Polykarbonat<br \/>Effekt: 36W<br \/>LED: 36 x 1W<br \/>IP-klass: IP67<br \/>Str\u00f6mf\u00f6rbrukning: 1A (rotering), 1.6A (blixt) vid 12V<br \/>Sp\u00e4nning: 10-33V<br \/>Arbetstemperatur: -30\u00b0 \u2013 +60\u00b0C<br \/>M\u00e4rkning: ECE R65 Class 2, CISPR 25 Class 3, SAE Class 1<br \/>Synkroniserade enheter: 6 st (rotering)<br \/>Storlek: 130 mm (h\u00f6jd, exkl. f\u00e4ste) x 142 mm (diameter)<br \/>Vikt: 600 gram<\/p>\n<p><!-- \/wp:paragraph --><\/p>\n","protected":false},"featured_media":16306,"comment_status":"open","ping_status":"closed","template":"","meta":{"editor_notices":[]},"product_brand":[],"product_cat":[801],"product_tag":[],"class_list":{"0":"post-16305","1":"product","2":"type-product","3":"status-publish","4":"has-post-thumbnail","6":"product_cat-led-blixtljus-beacons","7":"resize-featured-image","8":"","9":"woocommerce-text-align-left","10":"woocommerce-image-align-center","12":"first","13":"instock","14":"taxable","15":"shipping-taxable","16":"product-type-simple"},"yoast_head":"<!-- This site is optimized with the Yoast SEO Premium plugin v25.0 (Yoast SEO v25.0) - https:\/\/yoast.com\/wordpress\/plugins\/seo\/ -->\n<title>VISION X LED-STROBE AEROTECH H\u00d6GPROFIL ORANGE - Vision X Europe<\/title>\n<meta name=\"robots\" content=\"index, follow, max-snippet:-1, max-image-preview:large, max-video-preview:-1\" \/>\n<link rel=\"canonical\" href=\"https:\/\/www.visionxeurope.com\/se\/webbutik\/vision-x-led-strobe-aerotech-hogprofil-orange\/\" \/>\n<meta property=\"og:locale\" content=\"sv_SE\" \/>\n<meta property=\"og:type\" content=\"article\" \/>\n<meta property=\"og:title\" content=\"VISION X LED-STROBE AEROTECH H\u00d6GPROFIL ORANGE\" \/>\n<meta property=\"og:description\" content=\"Vision X Aerotech LED-blixtljus \u00e4r en produkt med den senaste LED-blixttekniken. Vi har \u00e5teruppfunnit det traditionella runda blixtljuset och skapat en kraftfull ny varningslampa med ett m\u00e5l i \u00e5take: att h\u00e5lla arbetarna s\u00e5 s\u00e4kra som m\u00f6jligt.    Vision X Aerotech \u00e4r de ljusaste och mest synliga LED-blixtljusen i sin storlek, tack vare dess unika form med en st\u00f6rre ljusyta \u00e4n runda blixtljus. Formen p\u00e5 Vision X Aerotech minskar luftmotst\u00e5ndet med upp till 60 %, vilket reducerar vindljudet.    Vision X Aerotech \u00e4r intelligenta LED-blixtljus med inbyggda sensorer f\u00f6r omgivande ljus, som automatiskt minskar\/\u00f6kar ljusstyrkan vid behov (kan inaktiveras). LED-blixtljusen har st\u00f6d f\u00f6r fyra olika roterings\/blixtm\u00f6nster, d\u00e4r roteringsljuset kan synkroniseras mellan flera enheter.    Med en innovativ design och klassledande funktioner \u00e4r Aerotech en revolution p\u00e5 marknaden f\u00f6r LED-blixtljus.     H\u00f6gre synlighetDen unika formen och precisionskonstruerade optiken hos Aerotech LED-blixtljus ger o\u00f6vertr\u00e4ffad sikt, \u00e4ven dagtid.      Extra h\u00e5llbarDesignad, konstruerad och testad i Australien f\u00f6r ultimat h\u00e5llbarhet, Aerotech kommer att st\u00e5 emot allt du kan kasta p\u00e5 den.      AnpassningsbarMed tre olika storlekar och fem monteringsalternativ finns det en Aerotech LED-blixtljusl\u00f6sning f\u00f6r alla applikationer.      Innovativ formBlixtljusets unika form \u00f6kar inte bara dess synlighet, den ger \u00e4ven ett l\u00e4gre luftmotst\u00e5nd och minskat vindljud.      P\u00e5litligtMed en marknadsledande 7 \u00e5rs garanti kan du vara s\u00e4ker p\u00e5 att Aerotech inte kommer att svika dig.     Data:Linsf\u00e4rg: Orange\/amberLjusf\u00e4rg: Orange\/amberF\u00e4ste: Standard\/adapterplattaLinsmaterial: PolykarbonatBasmaterial: PolykarbonatEffekt: 36WLED: 36 x 1WIP-klass: IP67Str\u00f6mf\u00f6rbrukning: 1A (rotering), 1.6A (blixt) vid 12VSp\u00e4nning: 10-33VArbetstemperatur: -30\u00b0 \u2013 +60\u00b0CM\u00e4rkning: ECE R65 Class 2, CISPR 25 Class 3, SAE Class 1Synkroniserade enheter: 6 st (rotering)Storlek: 130 mm (h\u00f6jd, exkl. f\u00e4ste) x 142 mm (diameter)Vikt: 600 gram\" \/>\n<meta property=\"og:url\" content=\"https:\/\/www.visionxeurope.com\/se\/webbutik\/vision-x-led-strobe-aerotech-hogprofil-orange\/\" \/>\n<meta property=\"og:site_name\" content=\"Vision X Europe\" \/>\n<meta property=\"article:publisher\" content=\"https:\/\/www.facebook.com\/visionxeurope\" \/>\n<meta property=\"article:modified_time\" content=\"2025-12-08T23:54:36+00:00\" \/>\n<meta property=\"og:image\" content=\"https:\/\/www.rindab.se\/wp-content\/uploads\/sites\/7\/2022\/11\/AERO-612A.jpg\" \/>\n\t<meta property=\"og:image:width\" content=\"1600\" \/>\n\t<meta property=\"og:image:height\" content=\"1600\" \/>\n\t<meta property=\"og:image:type\" content=\"image\/jpeg\" \/>\n<meta name=\"twitter:card\" content=\"summary_large_image\" \/>\n<meta name=\"twitter:label1\" content=\"Pris\" \/>\n\t<meta name=\"twitter:data1\" content=\"1 296,00&nbsp;&#107;&#114; exkl. moms\" \/>\n\t<meta name=\"twitter:label2\" content=\"Tillg\u00e4nglig\" \/>\n\t<meta name=\"twitter:data2\" content=\"I lager\" \/>\n<script type=\"application\/ld+json\" class=\"yoast-schema-graph\">{\"@context\":\"https:\/\/schema.org\",\"@graph\":[{\"@type\":\"WebPage\",\"@id\":\"https:\/\/www.visionxeurope.com\/se\/webbutik\/vision-x-led-strobe-aerotech-hogprofil-orange\/\",\"url\":\"https:\/\/www.visionxeurope.com\/se\/webbutik\/vision-x-led-strobe-aerotech-hogprofil-orange\/\",\"name\":\"VISION X LED-STROBE AEROTECH H\u00d6GPROFIL ORANGE - Vision X Europe\",\"isPartOf\":{\"@id\":\"https:\/\/www.visionxeurope.com\/se\/#website\"},\"primaryImageOfPage\":{\"@id\":\"https:\/\/www.visionxeurope.com\/se\/webbutik\/vision-x-led-strobe-aerotech-hogprofil-orange\/#primaryimage\"},\"image\":{\"@id\":\"https:\/\/www.visionxeurope.com\/se\/webbutik\/vision-x-led-strobe-aerotech-hogprofil-orange\/#primaryimage\"},\"thumbnailUrl\":\"https:\/\/www.visionxeurope.com\/se\/wp-content\/uploads\/sites\/7\/2022\/11\/AERO-612A.jpg\",\"datePublished\":\"2022-08-23T07:30:00+00:00\",\"dateModified\":\"2025-12-08T23:54:36+00:00\",\"breadcrumb\":{\"@id\":\"https:\/\/www.visionxeurope.com\/se\/webbutik\/vision-x-led-strobe-aerotech-hogprofil-orange\/#breadcrumb\"},\"inLanguage\":\"sv-SE\",\"potentialAction\":[{\"@type\":\"ReadAction\",\"target\":[\"https:\/\/www.visionxeurope.com\/se\/webbutik\/vision-x-led-strobe-aerotech-hogprofil-orange\/\"]}]},{\"@type\":\"ImageObject\",\"inLanguage\":\"sv-SE\",\"@id\":\"https:\/\/www.visionxeurope.com\/se\/webbutik\/vision-x-led-strobe-aerotech-hogprofil-orange\/#primaryimage\",\"url\":\"https:\/\/www.visionxeurope.com\/se\/wp-content\/uploads\/sites\/7\/2022\/11\/AERO-612A.jpg\",\"contentUrl\":\"https:\/\/www.visionxeurope.com\/se\/wp-content\/uploads\/sites\/7\/2022\/11\/AERO-612A.jpg\",\"width\":1600,\"height\":1600},{\"@type\":\"BreadcrumbList\",\"@id\":\"https:\/\/www.visionxeurope.com\/se\/webbutik\/vision-x-led-strobe-aerotech-hogprofil-orange\/#breadcrumb\",\"itemListElement\":[{\"@type\":\"ListItem\",\"position\":1,\"name\":\"Hem\",\"item\":\"https:\/\/www.visionxeurope.com\/se\/\"},{\"@type\":\"ListItem\",\"position\":2,\"name\":\"Webbutik\",\"item\":\"https:\/\/www.visionxeurope.com\/se\/webbutik\/\"},{\"@type\":\"ListItem\",\"position\":3,\"name\":\"VISION X LED-STROBE AEROTECH H\u00d6GPROFIL ORANGE\"}]},{\"@type\":\"WebSite\",\"@id\":\"https:\/\/www.visionxeurope.com\/se\/#website\",\"url\":\"https:\/\/www.visionxeurope.com\/se\/\",\"name\":\"Vision X Europe\",\"description\":\"\",\"publisher\":{\"@id\":\"https:\/\/www.visionxeurope.com\/se\/#organization\"},\"potentialAction\":[{\"@type\":\"SearchAction\",\"target\":{\"@type\":\"EntryPoint\",\"urlTemplate\":\"https:\/\/www.visionxeurope.com\/se\/?s={search_term_string}\"},\"query-input\":{\"@type\":\"PropertyValueSpecification\",\"valueRequired\":true,\"valueName\":\"search_term_string\"}}],\"inLanguage\":\"sv-SE\"},{\"@type\":\"Organization\",\"@id\":\"https:\/\/www.visionxeurope.com\/se\/#organization\",\"name\":\"Vision X Europe\",\"url\":\"https:\/\/www.visionxeurope.com\/se\/\",\"logo\":{\"@type\":\"ImageObject\",\"inLanguage\":\"sv-SE\",\"@id\":\"https:\/\/www.visionxeurope.com\/se\/#\/schema\/logo\/image\/\",\"url\":\"https:\/\/www.visionxeurope.com\/se\/wp-content\/uploads\/sites\/7\/2021\/04\/visionxeurope.png\",\"contentUrl\":\"https:\/\/www.visionxeurope.com\/se\/wp-content\/uploads\/sites\/7\/2021\/04\/visionxeurope.png\",\"width\":300,\"height\":110,\"caption\":\"Vision X Europe\"},\"image\":{\"@id\":\"https:\/\/www.visionxeurope.com\/se\/#\/schema\/logo\/image\/\"},\"sameAs\":[\"https:\/\/www.facebook.com\/visionxeurope\",\"https:\/\/www.instagram.com\/visionxeurope\/\"]}]}<\/script>\n<meta property=\"product:price:amount\" content=\"1296.00\" \/>\n<meta property=\"product:price:currency\" content=\"SEK\" \/>\n<meta property=\"og:availability\" content=\"instock\" \/>\n<meta property=\"product:availability\" content=\"instock\" \/>\n<meta property=\"product:retailer_item_id\" content=\"AERO-85612A\" \/>\n<meta property=\"product:condition\" content=\"new\" \/>\n<!-- \/ Yoast SEO Premium plugin. -->","yoast_head_json":{"title":"VISION X LED-STROBE AEROTECH H\u00d6GPROFIL ORANGE - Vision X Europe","robots":{"index":"index","follow":"follow","max-snippet":"max-snippet:-1","max-image-preview":"max-image-preview:large","max-video-preview":"max-video-preview:-1"},"canonical":"https:\/\/www.visionxeurope.com\/se\/webbutik\/vision-x-led-strobe-aerotech-hogprofil-orange\/","og_locale":"sv_SE","og_type":"article","og_title":"VISION X LED-STROBE AEROTECH H\u00d6GPROFIL ORANGE","og_description":"Vision X Aerotech LED-blixtljus \u00e4r en produkt med den senaste LED-blixttekniken. Vi har \u00e5teruppfunnit det traditionella runda blixtljuset och skapat en kraftfull ny varningslampa med ett m\u00e5l i \u00e5take: att h\u00e5lla arbetarna s\u00e5 s\u00e4kra som m\u00f6jligt.    Vision X Aerotech \u00e4r de ljusaste och mest synliga LED-blixtljusen i sin storlek, tack vare dess unika form med en st\u00f6rre ljusyta \u00e4n runda blixtljus. Formen p\u00e5 Vision X Aerotech minskar luftmotst\u00e5ndet med upp till 60 %, vilket reducerar vindljudet.    Vision X Aerotech \u00e4r intelligenta LED-blixtljus med inbyggda sensorer f\u00f6r omgivande ljus, som automatiskt minskar\/\u00f6kar ljusstyrkan vid behov (kan inaktiveras). LED-blixtljusen har st\u00f6d f\u00f6r fyra olika roterings\/blixtm\u00f6nster, d\u00e4r roteringsljuset kan synkroniseras mellan flera enheter.    Med en innovativ design och klassledande funktioner \u00e4r Aerotech en revolution p\u00e5 marknaden f\u00f6r LED-blixtljus.     H\u00f6gre synlighetDen unika formen och precisionskonstruerade optiken hos Aerotech LED-blixtljus ger o\u00f6vertr\u00e4ffad sikt, \u00e4ven dagtid.      Extra h\u00e5llbarDesignad, konstruerad och testad i Australien f\u00f6r ultimat h\u00e5llbarhet, Aerotech kommer att st\u00e5 emot allt du kan kasta p\u00e5 den.      AnpassningsbarMed tre olika storlekar och fem monteringsalternativ finns det en Aerotech LED-blixtljusl\u00f6sning f\u00f6r alla applikationer.      Innovativ formBlixtljusets unika form \u00f6kar inte bara dess synlighet, den ger \u00e4ven ett l\u00e4gre luftmotst\u00e5nd och minskat vindljud.      P\u00e5litligtMed en marknadsledande 7 \u00e5rs garanti kan du vara s\u00e4ker p\u00e5 att Aerotech inte kommer att svika dig.     Data:Linsf\u00e4rg: Orange\/amberLjusf\u00e4rg: Orange\/amberF\u00e4ste: Standard\/adapterplattaLinsmaterial: PolykarbonatBasmaterial: PolykarbonatEffekt: 36WLED: 36 x 1WIP-klass: IP67Str\u00f6mf\u00f6rbrukning: 1A (rotering), 1.6A (blixt) vid 12VSp\u00e4nning: 10-33VArbetstemperatur: -30\u00b0 \u2013 +60\u00b0CM\u00e4rkning: ECE R65 Class 2, CISPR 25 Class 3, SAE Class 1Synkroniserade enheter: 6 st (rotering)Storlek: 130 mm (h\u00f6jd, exkl. f\u00e4ste) x 142 mm (diameter)Vikt: 600 gram","og_url":"https:\/\/www.visionxeurope.com\/se\/webbutik\/vision-x-led-strobe-aerotech-hogprofil-orange\/","og_site_name":"Vision X Europe","article_publisher":"https:\/\/www.facebook.com\/visionxeurope","article_modified_time":"2025-12-08T23:54:36+00:00","og_image":[{"width":1600,"height":1600,"url":"https:\/\/www.rindab.se\/wp-content\/uploads\/sites\/7\/2022\/11\/AERO-612A.jpg","type":"image\/jpeg"}],"twitter_card":"summary_large_image","twitter_misc":{"Pris":"1 296,00&nbsp;&#107;&#114; exkl. moms","Tillg\u00e4nglig":"I lager"},"schema":{"@context":"https:\/\/schema.org","@graph":[{"@type":"WebPage","@id":"https:\/\/www.visionxeurope.com\/se\/webbutik\/vision-x-led-strobe-aerotech-hogprofil-orange\/","url":"https:\/\/www.visionxeurope.com\/se\/webbutik\/vision-x-led-strobe-aerotech-hogprofil-orange\/","name":"VISION X LED-STROBE AEROTECH H\u00d6GPROFIL ORANGE - Vision X Europe","isPartOf":{"@id":"https:\/\/www.visionxeurope.com\/se\/#website"},"primaryImageOfPage":{"@id":"https:\/\/www.visionxeurope.com\/se\/webbutik\/vision-x-led-strobe-aerotech-hogprofil-orange\/#primaryimage"},"image":{"@id":"https:\/\/www.visionxeurope.com\/se\/webbutik\/vision-x-led-strobe-aerotech-hogprofil-orange\/#primaryimage"},"thumbnailUrl":"https:\/\/www.visionxeurope.com\/se\/wp-content\/uploads\/sites\/7\/2022\/11\/AERO-612A.jpg","datePublished":"2022-08-23T07:30:00+00:00","dateModified":"2025-12-08T23:54:36+00:00","breadcrumb":{"@id":"https:\/\/www.visionxeurope.com\/se\/webbutik\/vision-x-led-strobe-aerotech-hogprofil-orange\/#breadcrumb"},"inLanguage":"sv-SE","potentialAction":[{"@type":"ReadAction","target":["https:\/\/www.visionxeurope.com\/se\/webbutik\/vision-x-led-strobe-aerotech-hogprofil-orange\/"]}]},{"@type":"ImageObject","inLanguage":"sv-SE","@id":"https:\/\/www.visionxeurope.com\/se\/webbutik\/vision-x-led-strobe-aerotech-hogprofil-orange\/#primaryimage","url":"https:\/\/www.visionxeurope.com\/se\/wp-content\/uploads\/sites\/7\/2022\/11\/AERO-612A.jpg","contentUrl":"https:\/\/www.visionxeurope.com\/se\/wp-content\/uploads\/sites\/7\/2022\/11\/AERO-612A.jpg","width":1600,"height":1600},{"@type":"BreadcrumbList","@id":"https:\/\/www.visionxeurope.com\/se\/webbutik\/vision-x-led-strobe-aerotech-hogprofil-orange\/#breadcrumb","itemListElement":[{"@type":"ListItem","position":1,"name":"Hem","item":"https:\/\/www.visionxeurope.com\/se\/"},{"@type":"ListItem","position":2,"name":"Webbutik","item":"https:\/\/www.visionxeurope.com\/se\/webbutik\/"},{"@type":"ListItem","position":3,"name":"VISION X LED-STROBE AEROTECH H\u00d6GPROFIL ORANGE"}]},{"@type":"WebSite","@id":"https:\/\/www.visionxeurope.com\/se\/#website","url":"https:\/\/www.visionxeurope.com\/se\/","name":"Vision X Europe","description":"","publisher":{"@id":"https:\/\/www.visionxeurope.com\/se\/#organization"},"potentialAction":[{"@type":"SearchAction","target":{"@type":"EntryPoint","urlTemplate":"https:\/\/www.visionxeurope.com\/se\/?s={search_term_string}"},"query-input":{"@type":"PropertyValueSpecification","valueRequired":true,"valueName":"search_term_string"}}],"inLanguage":"sv-SE"},{"@type":"Organization","@id":"https:\/\/www.visionxeurope.com\/se\/#organization","name":"Vision X Europe","url":"https:\/\/www.visionxeurope.com\/se\/","logo":{"@type":"ImageObject","inLanguage":"sv-SE","@id":"https:\/\/www.visionxeurope.com\/se\/#\/schema\/logo\/image\/","url":"https:\/\/www.visionxeurope.com\/se\/wp-content\/uploads\/sites\/7\/2021\/04\/visionxeurope.png","contentUrl":"https:\/\/www.visionxeurope.com\/se\/wp-content\/uploads\/sites\/7\/2021\/04\/visionxeurope.png","width":300,"height":110,"caption":"Vision X Europe"},"image":{"@id":"https:\/\/www.visionxeurope.com\/se\/#\/schema\/logo\/image\/"},"sameAs":["https:\/\/www.facebook.com\/visionxeurope","https:\/\/www.instagram.com\/visionxeurope\/"]}]},"product_price_amount":"1296.00","product_price_currency":"SEK","og_availability":"instock","product_availability":"instock","product_retailer_item_id":"AERO-85612A","product_condition":"new"},"_links":{"self":[{"href":"https:\/\/www.visionxeurope.com\/se\/wp-json\/wp\/v2\/product\/16305","targetHints":{"allow":["GET"]}}],"collection":[{"href":"https:\/\/www.visionxeurope.com\/se\/wp-json\/wp\/v2\/product"}],"about":[{"href":"https:\/\/www.visionxeurope.com\/se\/wp-json\/wp\/v2\/types\/product"}],"replies":[{"embeddable":true,"href":"https:\/\/www.visionxeurope.com\/se\/wp-json\/wp\/v2\/comments?post=16305"}],"wp:featuredmedia":[{"embeddable":true,"href":"https:\/\/www.visionxeurope.com\/se\/wp-json\/wp\/v2\/media\/16306"}],"wp:attachment":[{"href":"https:\/\/www.visionxeurope.com\/se\/wp-json\/wp\/v2\/media?parent=16305"}],"wp:term":[{"taxonomy":"product_brand","embeddable":true,"href":"https:\/\/www.visionxeurope.com\/se\/wp-json\/wp\/v2\/product_brand?post=16305"},{"taxonomy":"product_cat","embeddable":true,"href":"https:\/\/www.visionxeurope.com\/se\/wp-json\/wp\/v2\/product_cat?post=16305"},{"taxonomy":"product_tag","embeddable":true,"href":"https:\/\/www.visionxeurope.com\/se\/wp-json\/wp\/v2\/product_tag?post=16305"}],"curies":[{"name":"wp","href":"https:\/\/api.w.org\/{rel}","templated":true}]}}