{"id":16247,"date":"2022-08-23T09:20:00","date_gmt":"2022-08-23T07:20:00","guid":{"rendered":"https:\/\/www.visionxeurope.com\/se\/?post_type=product&#038;p=16247"},"modified":"2026-03-11T11:12:38","modified_gmt":"2026-03-11T10:12:38","slug":"vision-x-led-beacon-optitech-orange","status":"publish","type":"product","link":"https:\/\/www.visionxeurope.com\/se\/webbutik\/vision-x-led-beacon-optitech-orange\/","title":{"rendered":"VISION X LED-BEACON OPTITECH ORANGE"},"content":{"rendered":"<p>Vision X Optitech LED-beacon \u00e4r konstruerade f\u00f6r att producera j\u00e4mna, mycket synliga roterande m\u00f6nster som \u00e4r l\u00e4mpliga f\u00f6r m\u00e5nga olika applikationer. Detta har uppn\u00e5tts genom en egen reflektoroptik f\u00f6r att sprida ljuset i kombination med 6 x 5 watt h\u00f6geffekts-LED.<\/p><p>Denna ljuseffekt g\u00f6r att Vision X Optitech LED Beacons uppfyller Heavy Vehicle Regulation 2013 No.77. Vision X Optitech beacon-sortiment \u00e4r lika synligt som traditionella halogenbeacons med 55W (eller 70W) glober, till en br\u00e5kdel av str\u00f6mf\u00f6rbrukningen med halogen.<\/p><p><strong>H\u00e5ller l\u00e4ngre<\/strong><br>LED-lampor har en betydligt l\u00e4ngre livsl\u00e4ngd \u00e4n halogen-lampor.<\/p><p><strong>Mer p\u00e5litligt<\/strong><br>Vibrationsbest\u00e4ndig stegmotor &amp; \u00f6versp\u00e4nningsskydd<\/p><p><strong>Mer h\u00e5llbart<\/strong><br>Pressgjuten aluminiumbas, praktiskt taget okrossbar lins och IP67-klassning.<\/p><p><strong>Mer synligt<\/strong><br>6 x 5W (30W) LED-effekt lyser upp otroligt effektivt.<\/p><p><strong>Olika applikationer<\/strong><br>5 monteringsalternativ och en modell med unikt tv\u00e5f\u00e4rgat LED-ljus.<\/p><p><strong>Data:<\/strong><br>Linsf\u00e4rg: Orange\/amber<br>Ljusf\u00e4rg: Orange\/amber<br>LED: 6 st x 5W<br>Storlek: 139 mm (h\u00f6jd) x 154 mm (diameter)<br>Vikt: 330 g<br>IP-klass: IP67<br>Str\u00f6mf\u00f6rbrukning: 1 Amp vid 12V<br>Sp\u00e4nning: 10-33V<br>Arbetstemperatur: -30\u00b0 \u2013 +60\u00b0C<br>M\u00e4rkning: ECE 10R-06.22895 (R10), SAE J845 Class 1, W3-1, CISPR Class 3<\/p>","protected":false},"excerpt":{"rendered":"<p><!-- wp:paragraph --><\/p>\n<p>Vision X Optitech LED-beacon \u00e4r konstruerade f\u00f6r att producera j\u00e4mna, mycket synliga roterande m\u00f6nster som \u00e4r l\u00e4mpliga f\u00f6r m\u00e5nga olika applikationer. Detta har uppn\u00e5tts genom en egen reflektoroptik f\u00f6r att sprida ljuset i kombination med 6 x 5 watt h\u00f6geffekts-LED.<\/p>\n<p><!-- \/wp:paragraph --><\/p>\n<p><!-- wp:paragraph --><\/p>\n<p>Denna ljuseffekt g\u00f6r att Vision X Optitech LED Beacons uppfyller Heavy Vehicle Regulation 2013 No.77. Vision X Optitech beacon-sortiment \u00e4r lika synligt som traditionella halogenbeacons med 55W (eller 70W) glober, till en br\u00e5kdel av str\u00f6mf\u00f6rbrukningen med halogen.<\/p>\n<p><!-- \/wp:paragraph --><\/p>\n<p><!-- wp:paragraph --><\/p>\n<p><strong>H\u00e5ller l\u00e4ngre<\/strong><br \/>LED-lampor har en betydligt l\u00e4ngre livsl\u00e4ngd \u00e4n halogen-lampor.<\/p>\n<p><!-- \/wp:paragraph --><\/p>\n<p><!-- wp:paragraph --><\/p>\n<p><strong>Mer p\u00e5litligt<\/strong><br \/>Vibrationsbest\u00e4ndig stegmotor &amp; \u00f6versp\u00e4nningsskydd<\/p>\n<p><!-- \/wp:paragraph --><\/p>\n<p><!-- wp:paragraph --><\/p>\n<p><strong>Mer h\u00e5llbart<\/strong><br \/>Pressgjuten aluminiumbas, praktiskt taget okrossbar lins och IP67-klassning.<\/p>\n<p><!-- \/wp:paragraph --><\/p>\n<p><!-- wp:paragraph --><\/p>\n<p><strong>Mer synligt<\/strong><br \/>6 x 5W (30W) LED-effekt lyser upp otroligt effektivt.<\/p>\n<p><!-- \/wp:paragraph --><\/p>\n<p><!-- wp:paragraph --><\/p>\n<p><strong>Olika applikationer<\/strong><br \/>5 monteringsalternativ och en modell med unikt tv\u00e5f\u00e4rgat LED-ljus.<\/p>\n<p><!-- \/wp:paragraph --><\/p>\n<p><!-- wp:paragraph --><\/p>\n<p><strong>Data:<\/strong><br \/>Linsf\u00e4rg: Orange\/amber<br \/>Ljusf\u00e4rg: Orange\/amber<br \/>LED: 6 st x 5W<br \/>Storlek: 139 mm (h\u00f6jd) x 154 mm (diameter)<br \/>Vikt: 330 g<br \/>IP-klass: IP67<br \/>Str\u00f6mf\u00f6rbrukning: 1 Amp vid 12V<br \/>Sp\u00e4nning: 10-33V<br \/>Arbetstemperatur: -30\u00b0 \u2013 +60\u00b0C<br \/>M\u00e4rkning: ECE 10R-06.22895 (R10), SAE J845 Class 1, W3-1, CISPR Class 3<\/p>\n<p><!-- \/wp:paragraph --><\/p>\n","protected":false},"featured_media":16248,"comment_status":"closed","ping_status":"closed","template":"","meta":{"editor_notices":[]},"product_brand":[],"product_cat":[801],"product_tag":[],"class_list":{"0":"post-16247","1":"product","2":"type-product","3":"status-publish","4":"has-post-thumbnail","6":"product_cat-led-blixtljus-beacons","7":"resize-featured-image","8":"","9":"woocommerce-text-align-left","10":"woocommerce-image-align-center","12":"first","13":"instock","14":"taxable","15":"shipping-taxable","16":"product-type-simple"},"yoast_head":"<!-- This site is optimized with the Yoast SEO Premium plugin v25.0 (Yoast SEO v25.0) - https:\/\/yoast.com\/wordpress\/plugins\/seo\/ -->\n<title>VISION X LED-BEACON OPTITECH ORANGE - Vision X Europe<\/title>\n<meta name=\"robots\" content=\"index, follow, max-snippet:-1, max-image-preview:large, max-video-preview:-1\" \/>\n<link rel=\"canonical\" href=\"https:\/\/www.visionxeurope.com\/se\/webbutik\/vision-x-led-beacon-optitech-orange\/\" \/>\n<meta property=\"og:locale\" content=\"sv_SE\" \/>\n<meta property=\"og:type\" content=\"article\" \/>\n<meta property=\"og:title\" content=\"VISION X LED-BEACON OPTITECH ORANGE\" \/>\n<meta property=\"og:description\" content=\"Vision X Optitech LED-beacon \u00e4r konstruerade f\u00f6r att producera j\u00e4mna, mycket synliga roterande m\u00f6nster som \u00e4r l\u00e4mpliga f\u00f6r m\u00e5nga olika applikationer. Detta har uppn\u00e5tts genom en egen reflektoroptik f\u00f6r att sprida ljuset i kombination med 6 x 5 watt h\u00f6geffekts-LED.    Denna ljuseffekt g\u00f6r att Vision X Optitech LED Beacons uppfyller Heavy Vehicle Regulation 2013 No.77. Vision X Optitech beacon-sortiment \u00e4r lika synligt som traditionella halogenbeacons med 55W (eller 70W) glober, till en br\u00e5kdel av str\u00f6mf\u00f6rbrukningen med halogen.    H\u00e5ller l\u00e4ngreLED-lampor har en betydligt l\u00e4ngre livsl\u00e4ngd \u00e4n halogen-lampor.    Mer p\u00e5litligtVibrationsbest\u00e4ndig stegmotor &amp; \u00f6versp\u00e4nningsskydd    Mer h\u00e5llbartPressgjuten aluminiumbas, praktiskt taget okrossbar lins och IP67-klassning.    Mer synligt6 x 5W (30W) LED-effekt lyser upp otroligt effektivt.    Olika applikationer5 monteringsalternativ och en modell med unikt tv\u00e5f\u00e4rgat LED-ljus.    Data:Linsf\u00e4rg: Orange\/amberLjusf\u00e4rg: Orange\/amberLED: 6 st x 5WStorlek: 139 mm (h\u00f6jd) x 154 mm (diameter)Vikt: 330 gIP-klass: IP67Str\u00f6mf\u00f6rbrukning: 1 Amp vid 12VSp\u00e4nning: 10-33VArbetstemperatur: -30\u00b0 \u2013 +60\u00b0CM\u00e4rkning: ECE 10R-06.22895 (R10), SAE J845 Class 1, W3-1, CISPR Class 3\" \/>\n<meta property=\"og:url\" content=\"https:\/\/www.visionxeurope.com\/se\/webbutik\/vision-x-led-beacon-optitech-orange\/\" \/>\n<meta property=\"og:site_name\" content=\"Vision X Europe\" \/>\n<meta property=\"article:publisher\" content=\"https:\/\/www.facebook.com\/visionxeurope\" \/>\n<meta property=\"article:modified_time\" content=\"2026-03-11T10:12:38+00:00\" \/>\n<meta property=\"og:image\" content=\"https:\/\/www.visionxeurope.com\/se\/wp-content\/uploads\/sites\/7\/2022\/11\/XIL-UB660A.jpg\" \/>\n\t<meta property=\"og:image:width\" content=\"1600\" \/>\n\t<meta property=\"og:image:height\" content=\"1600\" \/>\n\t<meta property=\"og:image:type\" content=\"image\/jpeg\" \/>\n<meta name=\"twitter:card\" content=\"summary_large_image\" \/>\n<meta name=\"twitter:label1\" content=\"Pris\" \/>\n\t<meta name=\"twitter:data1\" content=\"952,00&nbsp;&#107;&#114; exkl. moms\" \/>\n\t<meta name=\"twitter:label2\" content=\"Tillg\u00e4nglig\" \/>\n\t<meta name=\"twitter:data2\" content=\"I lager\" \/>\n<script type=\"application\/ld+json\" class=\"yoast-schema-graph\">{\"@context\":\"https:\/\/schema.org\",\"@graph\":[{\"@type\":\"WebPage\",\"@id\":\"https:\/\/www.visionxeurope.com\/se\/webbutik\/vision-x-led-beacon-optitech-orange\/\",\"url\":\"https:\/\/www.visionxeurope.com\/se\/webbutik\/vision-x-led-beacon-optitech-orange\/\",\"name\":\"VISION X LED-BEACON OPTITECH ORANGE - Vision X Europe\",\"isPartOf\":{\"@id\":\"https:\/\/www.visionxeurope.com\/se\/#website\"},\"primaryImageOfPage\":{\"@id\":\"https:\/\/www.visionxeurope.com\/se\/webbutik\/vision-x-led-beacon-optitech-orange\/#primaryimage\"},\"image\":{\"@id\":\"https:\/\/www.visionxeurope.com\/se\/webbutik\/vision-x-led-beacon-optitech-orange\/#primaryimage\"},\"thumbnailUrl\":\"https:\/\/www.visionxeurope.com\/se\/wp-content\/uploads\/sites\/7\/2022\/11\/XIL-UB660A.jpg\",\"datePublished\":\"2022-08-23T07:20:00+00:00\",\"dateModified\":\"2026-03-11T10:12:38+00:00\",\"breadcrumb\":{\"@id\":\"https:\/\/www.visionxeurope.com\/se\/webbutik\/vision-x-led-beacon-optitech-orange\/#breadcrumb\"},\"inLanguage\":\"sv-SE\",\"potentialAction\":[{\"@type\":\"ReadAction\",\"target\":[\"https:\/\/www.visionxeurope.com\/se\/webbutik\/vision-x-led-beacon-optitech-orange\/\"]}]},{\"@type\":\"ImageObject\",\"inLanguage\":\"sv-SE\",\"@id\":\"https:\/\/www.visionxeurope.com\/se\/webbutik\/vision-x-led-beacon-optitech-orange\/#primaryimage\",\"url\":\"https:\/\/www.visionxeurope.com\/se\/wp-content\/uploads\/sites\/7\/2022\/11\/XIL-UB660A.jpg\",\"contentUrl\":\"https:\/\/www.visionxeurope.com\/se\/wp-content\/uploads\/sites\/7\/2022\/11\/XIL-UB660A.jpg\",\"width\":1600,\"height\":1600},{\"@type\":\"BreadcrumbList\",\"@id\":\"https:\/\/www.visionxeurope.com\/se\/webbutik\/vision-x-led-beacon-optitech-orange\/#breadcrumb\",\"itemListElement\":[{\"@type\":\"ListItem\",\"position\":1,\"name\":\"Hem\",\"item\":\"https:\/\/www.visionxeurope.com\/se\/\"},{\"@type\":\"ListItem\",\"position\":2,\"name\":\"Webbutik\",\"item\":\"https:\/\/www.visionxeurope.com\/se\/webbutik\/\"},{\"@type\":\"ListItem\",\"position\":3,\"name\":\"VISION X LED-BEACON OPTITECH ORANGE\"}]},{\"@type\":\"WebSite\",\"@id\":\"https:\/\/www.visionxeurope.com\/se\/#website\",\"url\":\"https:\/\/www.visionxeurope.com\/se\/\",\"name\":\"Vision X Europe\",\"description\":\"\",\"publisher\":{\"@id\":\"https:\/\/www.visionxeurope.com\/se\/#organization\"},\"potentialAction\":[{\"@type\":\"SearchAction\",\"target\":{\"@type\":\"EntryPoint\",\"urlTemplate\":\"https:\/\/www.visionxeurope.com\/se\/?s={search_term_string}\"},\"query-input\":{\"@type\":\"PropertyValueSpecification\",\"valueRequired\":true,\"valueName\":\"search_term_string\"}}],\"inLanguage\":\"sv-SE\"},{\"@type\":\"Organization\",\"@id\":\"https:\/\/www.visionxeurope.com\/se\/#organization\",\"name\":\"Vision X Europe\",\"url\":\"https:\/\/www.visionxeurope.com\/se\/\",\"logo\":{\"@type\":\"ImageObject\",\"inLanguage\":\"sv-SE\",\"@id\":\"https:\/\/www.visionxeurope.com\/se\/#\/schema\/logo\/image\/\",\"url\":\"https:\/\/www.visionxeurope.com\/se\/wp-content\/uploads\/sites\/7\/2021\/04\/visionxeurope.png\",\"contentUrl\":\"https:\/\/www.visionxeurope.com\/se\/wp-content\/uploads\/sites\/7\/2021\/04\/visionxeurope.png\",\"width\":300,\"height\":110,\"caption\":\"Vision X Europe\"},\"image\":{\"@id\":\"https:\/\/www.visionxeurope.com\/se\/#\/schema\/logo\/image\/\"},\"sameAs\":[\"https:\/\/www.facebook.com\/visionxeurope\",\"https:\/\/www.instagram.com\/visionxeurope\/\"]}]}<\/script>\n<meta property=\"product:price:amount\" content=\"952.00\" \/>\n<meta property=\"product:price:currency\" content=\"SEK\" \/>\n<meta property=\"og:availability\" content=\"instock\" \/>\n<meta property=\"product:availability\" content=\"instock\" \/>\n<meta property=\"product:retailer_item_id\" content=\"OPT-85660A\" \/>\n<meta property=\"product:condition\" content=\"new\" \/>\n<!-- \/ Yoast SEO Premium plugin. -->","yoast_head_json":{"title":"VISION X LED-BEACON OPTITECH ORANGE - Vision X Europe","robots":{"index":"index","follow":"follow","max-snippet":"max-snippet:-1","max-image-preview":"max-image-preview:large","max-video-preview":"max-video-preview:-1"},"canonical":"https:\/\/www.visionxeurope.com\/se\/webbutik\/vision-x-led-beacon-optitech-orange\/","og_locale":"sv_SE","og_type":"article","og_title":"VISION X LED-BEACON OPTITECH ORANGE","og_description":"Vision X Optitech LED-beacon \u00e4r konstruerade f\u00f6r att producera j\u00e4mna, mycket synliga roterande m\u00f6nster som \u00e4r l\u00e4mpliga f\u00f6r m\u00e5nga olika applikationer. Detta har uppn\u00e5tts genom en egen reflektoroptik f\u00f6r att sprida ljuset i kombination med 6 x 5 watt h\u00f6geffekts-LED.    Denna ljuseffekt g\u00f6r att Vision X Optitech LED Beacons uppfyller Heavy Vehicle Regulation 2013 No.77. Vision X Optitech beacon-sortiment \u00e4r lika synligt som traditionella halogenbeacons med 55W (eller 70W) glober, till en br\u00e5kdel av str\u00f6mf\u00f6rbrukningen med halogen.    H\u00e5ller l\u00e4ngreLED-lampor har en betydligt l\u00e4ngre livsl\u00e4ngd \u00e4n halogen-lampor.    Mer p\u00e5litligtVibrationsbest\u00e4ndig stegmotor &amp; \u00f6versp\u00e4nningsskydd    Mer h\u00e5llbartPressgjuten aluminiumbas, praktiskt taget okrossbar lins och IP67-klassning.    Mer synligt6 x 5W (30W) LED-effekt lyser upp otroligt effektivt.    Olika applikationer5 monteringsalternativ och en modell med unikt tv\u00e5f\u00e4rgat LED-ljus.    Data:Linsf\u00e4rg: Orange\/amberLjusf\u00e4rg: Orange\/amberLED: 6 st x 5WStorlek: 139 mm (h\u00f6jd) x 154 mm (diameter)Vikt: 330 gIP-klass: IP67Str\u00f6mf\u00f6rbrukning: 1 Amp vid 12VSp\u00e4nning: 10-33VArbetstemperatur: -30\u00b0 \u2013 +60\u00b0CM\u00e4rkning: ECE 10R-06.22895 (R10), SAE J845 Class 1, W3-1, CISPR Class 3","og_url":"https:\/\/www.visionxeurope.com\/se\/webbutik\/vision-x-led-beacon-optitech-orange\/","og_site_name":"Vision X Europe","article_publisher":"https:\/\/www.facebook.com\/visionxeurope","article_modified_time":"2026-03-11T10:12:38+00:00","og_image":[{"width":1600,"height":1600,"url":"https:\/\/www.visionxeurope.com\/se\/wp-content\/uploads\/sites\/7\/2022\/11\/XIL-UB660A.jpg","type":"image\/jpeg"}],"twitter_card":"summary_large_image","twitter_misc":{"Pris":"952,00&nbsp;&#107;&#114; exkl. moms","Tillg\u00e4nglig":"I lager"},"schema":{"@context":"https:\/\/schema.org","@graph":[{"@type":"WebPage","@id":"https:\/\/www.visionxeurope.com\/se\/webbutik\/vision-x-led-beacon-optitech-orange\/","url":"https:\/\/www.visionxeurope.com\/se\/webbutik\/vision-x-led-beacon-optitech-orange\/","name":"VISION X LED-BEACON OPTITECH ORANGE - Vision X Europe","isPartOf":{"@id":"https:\/\/www.visionxeurope.com\/se\/#website"},"primaryImageOfPage":{"@id":"https:\/\/www.visionxeurope.com\/se\/webbutik\/vision-x-led-beacon-optitech-orange\/#primaryimage"},"image":{"@id":"https:\/\/www.visionxeurope.com\/se\/webbutik\/vision-x-led-beacon-optitech-orange\/#primaryimage"},"thumbnailUrl":"https:\/\/www.visionxeurope.com\/se\/wp-content\/uploads\/sites\/7\/2022\/11\/XIL-UB660A.jpg","datePublished":"2022-08-23T07:20:00+00:00","dateModified":"2026-03-11T10:12:38+00:00","breadcrumb":{"@id":"https:\/\/www.visionxeurope.com\/se\/webbutik\/vision-x-led-beacon-optitech-orange\/#breadcrumb"},"inLanguage":"sv-SE","potentialAction":[{"@type":"ReadAction","target":["https:\/\/www.visionxeurope.com\/se\/webbutik\/vision-x-led-beacon-optitech-orange\/"]}]},{"@type":"ImageObject","inLanguage":"sv-SE","@id":"https:\/\/www.visionxeurope.com\/se\/webbutik\/vision-x-led-beacon-optitech-orange\/#primaryimage","url":"https:\/\/www.visionxeurope.com\/se\/wp-content\/uploads\/sites\/7\/2022\/11\/XIL-UB660A.jpg","contentUrl":"https:\/\/www.visionxeurope.com\/se\/wp-content\/uploads\/sites\/7\/2022\/11\/XIL-UB660A.jpg","width":1600,"height":1600},{"@type":"BreadcrumbList","@id":"https:\/\/www.visionxeurope.com\/se\/webbutik\/vision-x-led-beacon-optitech-orange\/#breadcrumb","itemListElement":[{"@type":"ListItem","position":1,"name":"Hem","item":"https:\/\/www.visionxeurope.com\/se\/"},{"@type":"ListItem","position":2,"name":"Webbutik","item":"https:\/\/www.visionxeurope.com\/se\/webbutik\/"},{"@type":"ListItem","position":3,"name":"VISION X LED-BEACON OPTITECH ORANGE"}]},{"@type":"WebSite","@id":"https:\/\/www.visionxeurope.com\/se\/#website","url":"https:\/\/www.visionxeurope.com\/se\/","name":"Vision X Europe","description":"","publisher":{"@id":"https:\/\/www.visionxeurope.com\/se\/#organization"},"potentialAction":[{"@type":"SearchAction","target":{"@type":"EntryPoint","urlTemplate":"https:\/\/www.visionxeurope.com\/se\/?s={search_term_string}"},"query-input":{"@type":"PropertyValueSpecification","valueRequired":true,"valueName":"search_term_string"}}],"inLanguage":"sv-SE"},{"@type":"Organization","@id":"https:\/\/www.visionxeurope.com\/se\/#organization","name":"Vision X Europe","url":"https:\/\/www.visionxeurope.com\/se\/","logo":{"@type":"ImageObject","inLanguage":"sv-SE","@id":"https:\/\/www.visionxeurope.com\/se\/#\/schema\/logo\/image\/","url":"https:\/\/www.visionxeurope.com\/se\/wp-content\/uploads\/sites\/7\/2021\/04\/visionxeurope.png","contentUrl":"https:\/\/www.visionxeurope.com\/se\/wp-content\/uploads\/sites\/7\/2021\/04\/visionxeurope.png","width":300,"height":110,"caption":"Vision X Europe"},"image":{"@id":"https:\/\/www.visionxeurope.com\/se\/#\/schema\/logo\/image\/"},"sameAs":["https:\/\/www.facebook.com\/visionxeurope","https:\/\/www.instagram.com\/visionxeurope\/"]}]},"product_price_amount":"952.00","product_price_currency":"SEK","og_availability":"instock","product_availability":"instock","product_retailer_item_id":"OPT-85660A","product_condition":"new"},"_links":{"self":[{"href":"https:\/\/www.visionxeurope.com\/se\/wp-json\/wp\/v2\/product\/16247","targetHints":{"allow":["GET"]}}],"collection":[{"href":"https:\/\/www.visionxeurope.com\/se\/wp-json\/wp\/v2\/product"}],"about":[{"href":"https:\/\/www.visionxeurope.com\/se\/wp-json\/wp\/v2\/types\/product"}],"replies":[{"embeddable":true,"href":"https:\/\/www.visionxeurope.com\/se\/wp-json\/wp\/v2\/comments?post=16247"}],"wp:featuredmedia":[{"embeddable":true,"href":"https:\/\/www.visionxeurope.com\/se\/wp-json\/wp\/v2\/media\/16248"}],"wp:attachment":[{"href":"https:\/\/www.visionxeurope.com\/se\/wp-json\/wp\/v2\/media?parent=16247"}],"wp:term":[{"taxonomy":"product_brand","embeddable":true,"href":"https:\/\/www.visionxeurope.com\/se\/wp-json\/wp\/v2\/product_brand?post=16247"},{"taxonomy":"product_cat","embeddable":true,"href":"https:\/\/www.visionxeurope.com\/se\/wp-json\/wp\/v2\/product_cat?post=16247"},{"taxonomy":"product_tag","embeddable":true,"href":"https:\/\/www.visionxeurope.com\/se\/wp-json\/wp\/v2\/product_tag?post=16247"}],"curies":[{"name":"wp","href":"https:\/\/api.w.org\/{rel}","templated":true}]}}