{"id":13870,"date":"2022-04-01T09:34:37","date_gmt":"2022-04-01T07:34:37","guid":{"rendered":"https:\/\/www.visionxeurope.com\/se\/produkt\/vision-x-xmitter-lpx-prime-eliptisk-4-15w-30-65-kit\/"},"modified":"2024-02-04T22:22:15","modified_gmt":"2024-02-04T21:22:15","slug":"vision-x-xmitter-lpx-prime-eliptisk-4-15w-30-65-kit","status":"publish","type":"product","link":"https:\/\/www.visionxeurope.com\/se\/webbutik\/vision-x-xmitter-lpx-prime-eliptisk-4-15w-30-65-kit\/","title":{"rendered":"VISION X XMITTER LPX PRIME ELIPTISK 4&#8243; 15W 30\u00b0\/65\u00b0 KIT"},"content":{"rendered":"<p><\/p>\n<p>Komplett kit med tv\u00e5 lampor och backljus-kablage inklusive rel\u00e4 f\u00f6r enkel inkoppling som backljus.<\/p>\n<p><\/p>\n<p><\/p>\n<p>Xmitter LPX Prime Xtreme 30\u00b0\/65\u00b0 betyder att att varje LED utger 65\u00b0 bred respektive 30\u00b0 h\u00f6g spridning. Passar utm\u00e4rkt som backljus samt dimljus eller DRL.<\/p>\n<p><\/p>\n<p><\/p>\n<p>Vision X LPX, en slimmad LED ramp f\u00f6r extra diskreta montage p\u00e5 fordon d\u00e4r mycket ljus \u00f6nskas utan att ta f\u00f6r mycket plats. LPX har en enkel rad med samma kraftfulla 5 watts dioder som PX rampen har.<\/p>\n<p><\/p>\n<p><\/p>\n<p>Xmitter LPX Prime Xtreme, den absolut mest effektiva och kraftfullaste LED rampen p\u00e5 marknaden. Prime Xtreme levererar flest lumen per centimeter ramp och ger d\u00e4rf\u00f6r otroligt mycket ljus ur en liten enhet.<\/p>\n<p><\/p>\n<p><\/p>\n<p><strong>Data:<\/strong><br \/>Lamphus: Robust aluminium<br \/>Sp\u00e4nning: 9-32V<br \/>Str\u00f6mf\u00f6rbrukning: 1.25 Amp vid 12V<br \/>IP-klass: IP68<br \/>Vibrationsklass: 15.6G<br \/>Arbetstemperatur: -40\u00b0C &#8211; +80\u00b0C<br \/>H\u00f6jd: 52.40mm<br \/>Djup: 62.30mm<br \/>Bredd: 118mm<br \/>Lins: Polykarbonat<br \/>LED: 3 st. x 5W<br \/>Watt: 15<br \/>R\u00e5a lumen: 1 584<br \/>Effektiva lumen: 1 110<br \/>Ljusbild: Eliptisk 30\u00b0\/65\u00b0<\/p>\n<p><\/p>","protected":false},"excerpt":{"rendered":"<p>Komplett kit med tv\u00e5 lampor och backljus-kablage inklusive rel\u00e4 f\u00f6r enkel inkoppling som backljus.<\/p>\n<p>Xmitter LPX Prime Xtreme 30\u00b0\/65\u00b0 betyder att att varje LED utger 65\u00b0 bred respektive 30\u00b0 h\u00f6g spridning. Passar utm\u00e4rkt som backljus samt dimljus eller DRL.<\/p>\n<p>Vision X LPX, en slimmad LED ramp f\u00f6r extra diskreta montage p\u00e5 fordon d\u00e4r mycket ljus \u00f6nskas utan att ta f\u00f6r mycket plats. LPX har en enkel rad med samma kraftfulla 5 watts dioder som PX rampen har.<\/p>\n<p>Xmitter LPX Prime Xtreme, den absolut mest effektiva och kraftfullaste LED rampen p\u00e5 marknaden. Prime Xtreme levererar flest lumen per centimeter ramp och ger d\u00e4rf\u00f6r otroligt mycket ljus ur en liten enhet.<\/p>\n<p><strong>Data:<\/strong><br \/>Lamphus: Robust aluminium<br \/>Sp\u00e4nning: 9-32V<br \/>Str\u00f6mf\u00f6rbrukning: 1.25 Amp vid 12V<br \/>IP-klass: IP68<br \/>Vibrationsklass: 15.6G<br \/>Arbetstemperatur: -40\u00b0C &#8211; +80\u00b0C<br \/>H\u00f6jd: 52.40mm<br \/>Djup: 62.30mm<br \/>Bredd: 118mm<br \/>Lins: Polykarbonat<br \/>LED: 3 st. x 5W<br \/>Watt: 15<br \/>R\u00e5a lumen: 1 584<br \/>Effektiva lumen: 1 110<br \/>Ljusbild: Eliptisk 30\u00b0\/65\u00b0<\/p>\n","protected":false},"featured_media":13871,"comment_status":"open","ping_status":"open","template":"","meta":{"editor_notices":[]},"product_brand":[],"product_cat":[68],"product_tag":[],"class_list":{"0":"post-13870","1":"product","2":"type-product","3":"status-publish","4":"has-post-thumbnail","6":"product_cat-xmitter-lpx","7":"resize-featured-image","8":"","9":"woocommerce-text-align-left","10":"woocommerce-image-align-center","12":"first","13":"outofstock","14":"taxable","15":"shipping-taxable","16":"product-type-simple"},"yoast_head":"<!-- This site is optimized with the Yoast SEO Premium plugin v25.0 (Yoast SEO v25.0) - https:\/\/yoast.com\/wordpress\/plugins\/seo\/ -->\n<title>VISION X XMITTER LPX PRIME ELIPTISK 4&quot; 15W 30\u00b0\/65\u00b0 KIT - Vision X Europe<\/title>\n<meta name=\"robots\" content=\"index, follow, max-snippet:-1, max-image-preview:large, max-video-preview:-1\" \/>\n<link rel=\"canonical\" href=\"https:\/\/www.visionxeurope.com\/se\/webbutik\/vision-x-xmitter-lpx-prime-eliptisk-4-15w-30-65-kit\/\" \/>\n<meta property=\"og:locale\" content=\"sv_SE\" \/>\n<meta property=\"og:type\" content=\"article\" \/>\n<meta property=\"og:title\" content=\"VISION X XMITTER LPX PRIME ELIPTISK 4&quot; 15W 30\u00b0\/65\u00b0 KIT\" \/>\n<meta property=\"og:description\" content=\"Komplett kit med tv\u00e5 lampor och backljus-kablage inklusive rel\u00e4 f\u00f6r enkel inkoppling som backljus. Xmitter LPX Prime Xtreme 30\u00b0\/65\u00b0 betyder att att varje LED utger 65\u00b0 bred respektive 30\u00b0 h\u00f6g spridning. Passar utm\u00e4rkt som backljus samt dimljus eller DRL. Vision X LPX, en slimmad LED ramp f\u00f6r extra diskreta montage p\u00e5 fordon d\u00e4r mycket ljus \u00f6nskas utan att ta f\u00f6r mycket plats. LPX har en enkel rad med samma kraftfulla 5 watts dioder som PX rampen har. Xmitter LPX Prime Xtreme, den absolut mest effektiva och kraftfullaste LED rampen p\u00e5 marknaden. Prime Xtreme levererar flest lumen per centimeter ramp och ger d\u00e4rf\u00f6r otroligt mycket ljus ur en liten enhet. Data:Lamphus: Robust aluminiumSp\u00e4nning: 9-32VStr\u00f6mf\u00f6rbrukning: 1.25 Amp vid 12VIP-klass: IP68Vibrationsklass: 15.6GArbetstemperatur: -40\u00b0C &#8211; +80\u00b0CH\u00f6jd: 52.40mmDjup: 62.30mmBredd: 118mmLins: PolykarbonatLED: 3 st. x 5WWatt: 15R\u00e5a lumen: 1 584Effektiva lumen: 1 110Ljusbild: Eliptisk 30\u00b0\/65\u00b0\" \/>\n<meta property=\"og:url\" content=\"https:\/\/www.visionxeurope.com\/se\/webbutik\/vision-x-xmitter-lpx-prime-eliptisk-4-15w-30-65-kit\/\" \/>\n<meta property=\"og:site_name\" content=\"Vision X Europe\" \/>\n<meta property=\"article:publisher\" content=\"https:\/\/www.facebook.com\/visionxeurope\" \/>\n<meta property=\"article:modified_time\" content=\"2024-02-04T21:22:15+00:00\" \/>\n<meta property=\"og:image\" content=\"https:\/\/www.rindab.se\/wp-content\/uploads\/sites\/7\/2022\/04\/xil-lpx3e3065_1.jpg\" \/>\n\t<meta property=\"og:image:width\" content=\"600\" \/>\n\t<meta property=\"og:image:height\" content=\"600\" \/>\n\t<meta property=\"og:image:type\" content=\"image\/jpeg\" \/>\n<meta name=\"twitter:card\" content=\"summary_large_image\" \/>\n<meta name=\"twitter:label1\" content=\"Pris\" \/>\n\t<meta name=\"twitter:data1\" content=\"5 356,00&nbsp;&#107;&#114; exkl. moms\" \/>\n\t<meta name=\"twitter:label2\" content=\"Tillg\u00e4nglig\" \/>\n\t<meta name=\"twitter:data2\" content=\"Slut i lager\" \/>\n<script type=\"application\/ld+json\" class=\"yoast-schema-graph\">{\"@context\":\"https:\/\/schema.org\",\"@graph\":[{\"@type\":\"WebPage\",\"@id\":\"https:\/\/www.visionxeurope.com\/se\/webbutik\/vision-x-xmitter-lpx-prime-eliptisk-4-15w-30-65-kit\/\",\"url\":\"https:\/\/www.visionxeurope.com\/se\/webbutik\/vision-x-xmitter-lpx-prime-eliptisk-4-15w-30-65-kit\/\",\"name\":\"VISION X XMITTER LPX PRIME ELIPTISK 4\\\" 15W 30\u00b0\/65\u00b0 KIT - Vision X Europe\",\"isPartOf\":{\"@id\":\"https:\/\/www.visionxeurope.com\/se\/#website\"},\"primaryImageOfPage\":{\"@id\":\"https:\/\/www.visionxeurope.com\/se\/webbutik\/vision-x-xmitter-lpx-prime-eliptisk-4-15w-30-65-kit\/#primaryimage\"},\"image\":{\"@id\":\"https:\/\/www.visionxeurope.com\/se\/webbutik\/vision-x-xmitter-lpx-prime-eliptisk-4-15w-30-65-kit\/#primaryimage\"},\"thumbnailUrl\":\"https:\/\/www.visionxeurope.com\/se\/wp-content\/uploads\/sites\/7\/2022\/04\/xil-lpx3e3065_1.jpg\",\"datePublished\":\"2022-04-01T07:34:37+00:00\",\"dateModified\":\"2024-02-04T21:22:15+00:00\",\"breadcrumb\":{\"@id\":\"https:\/\/www.visionxeurope.com\/se\/webbutik\/vision-x-xmitter-lpx-prime-eliptisk-4-15w-30-65-kit\/#breadcrumb\"},\"inLanguage\":\"sv-SE\",\"potentialAction\":[{\"@type\":\"ReadAction\",\"target\":[\"https:\/\/www.visionxeurope.com\/se\/webbutik\/vision-x-xmitter-lpx-prime-eliptisk-4-15w-30-65-kit\/\"]}]},{\"@type\":\"ImageObject\",\"inLanguage\":\"sv-SE\",\"@id\":\"https:\/\/www.visionxeurope.com\/se\/webbutik\/vision-x-xmitter-lpx-prime-eliptisk-4-15w-30-65-kit\/#primaryimage\",\"url\":\"https:\/\/www.visionxeurope.com\/se\/wp-content\/uploads\/sites\/7\/2022\/04\/xil-lpx3e3065_1.jpg\",\"contentUrl\":\"https:\/\/www.visionxeurope.com\/se\/wp-content\/uploads\/sites\/7\/2022\/04\/xil-lpx3e3065_1.jpg\",\"width\":600,\"height\":600},{\"@type\":\"BreadcrumbList\",\"@id\":\"https:\/\/www.visionxeurope.com\/se\/webbutik\/vision-x-xmitter-lpx-prime-eliptisk-4-15w-30-65-kit\/#breadcrumb\",\"itemListElement\":[{\"@type\":\"ListItem\",\"position\":1,\"name\":\"Hem\",\"item\":\"https:\/\/www.visionxeurope.com\/se\/\"},{\"@type\":\"ListItem\",\"position\":2,\"name\":\"Webbutik\",\"item\":\"https:\/\/www.visionxeurope.com\/se\/webbutik\/\"},{\"@type\":\"ListItem\",\"position\":3,\"name\":\"VISION X XMITTER LPX PRIME ELIPTISK 4&#8243; 15W 30\u00b0\/65\u00b0 KIT\"}]},{\"@type\":\"WebSite\",\"@id\":\"https:\/\/www.visionxeurope.com\/se\/#website\",\"url\":\"https:\/\/www.visionxeurope.com\/se\/\",\"name\":\"Vision X Europe\",\"description\":\"\",\"publisher\":{\"@id\":\"https:\/\/www.visionxeurope.com\/se\/#organization\"},\"potentialAction\":[{\"@type\":\"SearchAction\",\"target\":{\"@type\":\"EntryPoint\",\"urlTemplate\":\"https:\/\/www.visionxeurope.com\/se\/?s={search_term_string}\"},\"query-input\":{\"@type\":\"PropertyValueSpecification\",\"valueRequired\":true,\"valueName\":\"search_term_string\"}}],\"inLanguage\":\"sv-SE\"},{\"@type\":\"Organization\",\"@id\":\"https:\/\/www.visionxeurope.com\/se\/#organization\",\"name\":\"Vision X Europe\",\"url\":\"https:\/\/www.visionxeurope.com\/se\/\",\"logo\":{\"@type\":\"ImageObject\",\"inLanguage\":\"sv-SE\",\"@id\":\"https:\/\/www.visionxeurope.com\/se\/#\/schema\/logo\/image\/\",\"url\":\"https:\/\/www.visionxeurope.com\/se\/wp-content\/uploads\/sites\/7\/2021\/04\/visionxeurope.png\",\"contentUrl\":\"https:\/\/www.visionxeurope.com\/se\/wp-content\/uploads\/sites\/7\/2021\/04\/visionxeurope.png\",\"width\":300,\"height\":110,\"caption\":\"Vision X Europe\"},\"image\":{\"@id\":\"https:\/\/www.visionxeurope.com\/se\/#\/schema\/logo\/image\/\"},\"sameAs\":[\"https:\/\/www.facebook.com\/visionxeurope\",\"https:\/\/www.instagram.com\/visionxeurope\/\"]}]}<\/script>\n<meta property=\"product:price:amount\" content=\"5356.00\" \/>\n<meta property=\"product:price:currency\" content=\"SEK\" \/>\n<meta property=\"og:availability\" content=\"out of stock\" \/>\n<meta property=\"product:availability\" content=\"out of stock\" \/>\n<meta property=\"product:retailer_item_id\" content=\"XIL-LPX3e3065REV\" \/>\n<meta property=\"product:condition\" content=\"new\" \/>\n<!-- \/ Yoast SEO Premium plugin. -->","yoast_head_json":{"title":"VISION X XMITTER LPX PRIME ELIPTISK 4\" 15W 30\u00b0\/65\u00b0 KIT - Vision X Europe","robots":{"index":"index","follow":"follow","max-snippet":"max-snippet:-1","max-image-preview":"max-image-preview:large","max-video-preview":"max-video-preview:-1"},"canonical":"https:\/\/www.visionxeurope.com\/se\/webbutik\/vision-x-xmitter-lpx-prime-eliptisk-4-15w-30-65-kit\/","og_locale":"sv_SE","og_type":"article","og_title":"VISION X XMITTER LPX PRIME ELIPTISK 4\" 15W 30\u00b0\/65\u00b0 KIT","og_description":"Komplett kit med tv\u00e5 lampor och backljus-kablage inklusive rel\u00e4 f\u00f6r enkel inkoppling som backljus. Xmitter LPX Prime Xtreme 30\u00b0\/65\u00b0 betyder att att varje LED utger 65\u00b0 bred respektive 30\u00b0 h\u00f6g spridning. Passar utm\u00e4rkt som backljus samt dimljus eller DRL. Vision X LPX, en slimmad LED ramp f\u00f6r extra diskreta montage p\u00e5 fordon d\u00e4r mycket ljus \u00f6nskas utan att ta f\u00f6r mycket plats. LPX har en enkel rad med samma kraftfulla 5 watts dioder som PX rampen har. Xmitter LPX Prime Xtreme, den absolut mest effektiva och kraftfullaste LED rampen p\u00e5 marknaden. Prime Xtreme levererar flest lumen per centimeter ramp och ger d\u00e4rf\u00f6r otroligt mycket ljus ur en liten enhet. Data:Lamphus: Robust aluminiumSp\u00e4nning: 9-32VStr\u00f6mf\u00f6rbrukning: 1.25 Amp vid 12VIP-klass: IP68Vibrationsklass: 15.6GArbetstemperatur: -40\u00b0C &#8211; +80\u00b0CH\u00f6jd: 52.40mmDjup: 62.30mmBredd: 118mmLins: PolykarbonatLED: 3 st. x 5WWatt: 15R\u00e5a lumen: 1 584Effektiva lumen: 1 110Ljusbild: Eliptisk 30\u00b0\/65\u00b0","og_url":"https:\/\/www.visionxeurope.com\/se\/webbutik\/vision-x-xmitter-lpx-prime-eliptisk-4-15w-30-65-kit\/","og_site_name":"Vision X Europe","article_publisher":"https:\/\/www.facebook.com\/visionxeurope","article_modified_time":"2024-02-04T21:22:15+00:00","og_image":[{"width":600,"height":600,"url":"https:\/\/www.rindab.se\/wp-content\/uploads\/sites\/7\/2022\/04\/xil-lpx3e3065_1.jpg","type":"image\/jpeg"}],"twitter_card":"summary_large_image","twitter_misc":{"Pris":"5 356,00&nbsp;&#107;&#114; exkl. moms","Tillg\u00e4nglig":"Slut i lager"},"schema":{"@context":"https:\/\/schema.org","@graph":[{"@type":"WebPage","@id":"https:\/\/www.visionxeurope.com\/se\/webbutik\/vision-x-xmitter-lpx-prime-eliptisk-4-15w-30-65-kit\/","url":"https:\/\/www.visionxeurope.com\/se\/webbutik\/vision-x-xmitter-lpx-prime-eliptisk-4-15w-30-65-kit\/","name":"VISION X XMITTER LPX PRIME ELIPTISK 4\" 15W 30\u00b0\/65\u00b0 KIT - Vision X Europe","isPartOf":{"@id":"https:\/\/www.visionxeurope.com\/se\/#website"},"primaryImageOfPage":{"@id":"https:\/\/www.visionxeurope.com\/se\/webbutik\/vision-x-xmitter-lpx-prime-eliptisk-4-15w-30-65-kit\/#primaryimage"},"image":{"@id":"https:\/\/www.visionxeurope.com\/se\/webbutik\/vision-x-xmitter-lpx-prime-eliptisk-4-15w-30-65-kit\/#primaryimage"},"thumbnailUrl":"https:\/\/www.visionxeurope.com\/se\/wp-content\/uploads\/sites\/7\/2022\/04\/xil-lpx3e3065_1.jpg","datePublished":"2022-04-01T07:34:37+00:00","dateModified":"2024-02-04T21:22:15+00:00","breadcrumb":{"@id":"https:\/\/www.visionxeurope.com\/se\/webbutik\/vision-x-xmitter-lpx-prime-eliptisk-4-15w-30-65-kit\/#breadcrumb"},"inLanguage":"sv-SE","potentialAction":[{"@type":"ReadAction","target":["https:\/\/www.visionxeurope.com\/se\/webbutik\/vision-x-xmitter-lpx-prime-eliptisk-4-15w-30-65-kit\/"]}]},{"@type":"ImageObject","inLanguage":"sv-SE","@id":"https:\/\/www.visionxeurope.com\/se\/webbutik\/vision-x-xmitter-lpx-prime-eliptisk-4-15w-30-65-kit\/#primaryimage","url":"https:\/\/www.visionxeurope.com\/se\/wp-content\/uploads\/sites\/7\/2022\/04\/xil-lpx3e3065_1.jpg","contentUrl":"https:\/\/www.visionxeurope.com\/se\/wp-content\/uploads\/sites\/7\/2022\/04\/xil-lpx3e3065_1.jpg","width":600,"height":600},{"@type":"BreadcrumbList","@id":"https:\/\/www.visionxeurope.com\/se\/webbutik\/vision-x-xmitter-lpx-prime-eliptisk-4-15w-30-65-kit\/#breadcrumb","itemListElement":[{"@type":"ListItem","position":1,"name":"Hem","item":"https:\/\/www.visionxeurope.com\/se\/"},{"@type":"ListItem","position":2,"name":"Webbutik","item":"https:\/\/www.visionxeurope.com\/se\/webbutik\/"},{"@type":"ListItem","position":3,"name":"VISION X XMITTER LPX PRIME ELIPTISK 4&#8243; 15W 30\u00b0\/65\u00b0 KIT"}]},{"@type":"WebSite","@id":"https:\/\/www.visionxeurope.com\/se\/#website","url":"https:\/\/www.visionxeurope.com\/se\/","name":"Vision X Europe","description":"","publisher":{"@id":"https:\/\/www.visionxeurope.com\/se\/#organization"},"potentialAction":[{"@type":"SearchAction","target":{"@type":"EntryPoint","urlTemplate":"https:\/\/www.visionxeurope.com\/se\/?s={search_term_string}"},"query-input":{"@type":"PropertyValueSpecification","valueRequired":true,"valueName":"search_term_string"}}],"inLanguage":"sv-SE"},{"@type":"Organization","@id":"https:\/\/www.visionxeurope.com\/se\/#organization","name":"Vision X Europe","url":"https:\/\/www.visionxeurope.com\/se\/","logo":{"@type":"ImageObject","inLanguage":"sv-SE","@id":"https:\/\/www.visionxeurope.com\/se\/#\/schema\/logo\/image\/","url":"https:\/\/www.visionxeurope.com\/se\/wp-content\/uploads\/sites\/7\/2021\/04\/visionxeurope.png","contentUrl":"https:\/\/www.visionxeurope.com\/se\/wp-content\/uploads\/sites\/7\/2021\/04\/visionxeurope.png","width":300,"height":110,"caption":"Vision X Europe"},"image":{"@id":"https:\/\/www.visionxeurope.com\/se\/#\/schema\/logo\/image\/"},"sameAs":["https:\/\/www.facebook.com\/visionxeurope","https:\/\/www.instagram.com\/visionxeurope\/"]}]},"product_price_amount":"5356.00","product_price_currency":"SEK","og_availability":"out of stock","product_availability":"out of stock","product_retailer_item_id":"XIL-LPX3e3065REV","product_condition":"new"},"_links":{"self":[{"href":"https:\/\/www.visionxeurope.com\/se\/wp-json\/wp\/v2\/product\/13870","targetHints":{"allow":["GET"]}}],"collection":[{"href":"https:\/\/www.visionxeurope.com\/se\/wp-json\/wp\/v2\/product"}],"about":[{"href":"https:\/\/www.visionxeurope.com\/se\/wp-json\/wp\/v2\/types\/product"}],"replies":[{"embeddable":true,"href":"https:\/\/www.visionxeurope.com\/se\/wp-json\/wp\/v2\/comments?post=13870"}],"wp:featuredmedia":[{"embeddable":true,"href":"https:\/\/www.visionxeurope.com\/se\/wp-json\/wp\/v2\/media\/13871"}],"wp:attachment":[{"href":"https:\/\/www.visionxeurope.com\/se\/wp-json\/wp\/v2\/media?parent=13870"}],"wp:term":[{"taxonomy":"product_brand","embeddable":true,"href":"https:\/\/www.visionxeurope.com\/se\/wp-json\/wp\/v2\/product_brand?post=13870"},{"taxonomy":"product_cat","embeddable":true,"href":"https:\/\/www.visionxeurope.com\/se\/wp-json\/wp\/v2\/product_cat?post=13870"},{"taxonomy":"product_tag","embeddable":true,"href":"https:\/\/www.visionxeurope.com\/se\/wp-json\/wp\/v2\/product_tag?post=13870"}],"curies":[{"name":"wp","href":"https:\/\/api.w.org\/{rel}","templated":true}]}}