{"id":13868,"date":"2021-03-01T12:00:00","date_gmt":"2021-03-01T11:00:00","guid":{"rendered":"https:\/\/www.visionxeurope.com\/se\/produkt\/vision-x-xmitter-black-edition-12v-43-390w-10-25\/"},"modified":"2025-12-09T00:09:50","modified_gmt":"2025-12-08T23:09:50","slug":"vision-x-xmitter-black-edition-12v-43-390w-10-25","status":"publish","type":"product","link":"https:\/\/www.visionxeurope.com\/se\/webbutik\/vision-x-xmitter-black-edition-12v-43-390w-10-25\/","title":{"rendered":"VISION X XMITTER BLACK EDITION 12V 43&#8243; 390W 10\u00b0\/25\u00b0"},"content":{"rendered":"<p><\/p>\n<p>Xmitter Prime Xtreme, den absolut mest effektiva och kraftfullaste LED rampen p\u00e5 marknaden. Prime Xtreme levererar flest lumen per centimeter ramp och ger d\u00e4rf\u00f6r otroligt mycket ljus ur en liten enhet.<\/p>\n<p><\/p>\n<p><\/p>\n<p>Detta \u00e4r Black Edition-versionen av denna LED-ramp, med en svart bakgrund som ger ett mer diskret utseende \u00e4n tidigare kromade bakgrund. <\/p>\n<p><\/p>\n<p><\/p>\n<p><strong>Data:<\/strong><\/p>\n<p><\/p>\n<p><\/p>\n<ul class=\"wp-block-list\">\n<li>Lamphus: Robust aluminium<\/li>\n<li>Sp\u00e4nning: 12V<\/li>\n<li>Str\u00f6mf\u00f6rbrukning: 32.5 Amp vid 12V<\/li>\n<li>IP-klass: IP68<\/li>\n<li>Vibrationsklass: 15.6G<\/li>\n<li>Arbetstemperatur: -40\u00b0C \u2013 +80\u00b0C<\/li>\n<li>H\u00f6jd: 7.5mm (utan f\u00e4ste)<\/li>\n<li>Djup: 84.07mm<\/li>\n<li>Bredd: 1 091mm<\/li>\n<li>Lins: Polykarbonat<\/li>\n<li>Watt: 390<\/li>\n<li>LED: 78 st. x 5W<\/li>\n<li>R\u00e5a lumen: 41 184<\/li>\n<li>Effektiva lumen: 28 860<\/li>\n<li>Ljusbild: 25\u00b0 Euro (12 672 lumen) och 10\u00b0 Spot (28 512 lumen)<\/li>\n<li>Optik figuration: 25\u00b0\/25\u00b0\/10\u00b0\/10\u00b0\/10\u00b0\/10\u00b0\/10\u00b0\/10\u00b0\/10\u00b0\/10\u00b0\/10\u00b0\/25\u00b0\/25\u00b0<\/li>\n<\/ul>\n<p><\/p>\n<p><\/p>\n<p><\/p>","protected":false},"excerpt":{"rendered":"<p>Xmitter Prime Xtreme, den absolut mest effektiva och kraftfullaste LED rampen p\u00e5 marknaden. Prime Xtreme levererar flest lumen per centimeter ramp och ger d\u00e4rf\u00f6r otroligt mycket ljus ur en liten enhet.<\/p>\n<p>Detta \u00e4r Black Edition-versionen av denna LED-ramp, med en svart bakgrund som ger ett mer diskret utseende \u00e4n tidigare kromade bakgrund. <\/p>\n","protected":false},"featured_media":13693,"comment_status":"open","ping_status":"open","template":"","meta":{"editor_notices":[]},"product_brand":[],"product_cat":[304],"product_tag":[],"class_list":{"0":"post-13868","1":"product","2":"type-product","3":"status-publish","4":"has-post-thumbnail","6":"product_cat-xmitter-black-edition","7":"resize-featured-image","8":"","9":"woocommerce-text-align-left","10":"woocommerce-image-align-center","12":"first","13":"outofstock","14":"taxable","15":"shipping-taxable","16":"product-type-simple"},"yoast_head":"<!-- This site is optimized with the Yoast SEO Premium plugin v25.0 (Yoast SEO v25.0) - https:\/\/yoast.com\/wordpress\/plugins\/seo\/ -->\n<title>VISION X XMITTER BLACK EDITION 12V 43&quot; 390W 10\u00b0\/25\u00b0 - Vision X Europe<\/title>\n<meta name=\"robots\" content=\"index, follow, max-snippet:-1, max-image-preview:large, max-video-preview:-1\" \/>\n<link rel=\"canonical\" href=\"https:\/\/www.visionxeurope.com\/se\/webbutik\/vision-x-xmitter-black-edition-12v-43-390w-10-25\/\" \/>\n<meta property=\"og:locale\" content=\"sv_SE\" \/>\n<meta property=\"og:type\" content=\"article\" \/>\n<meta property=\"og:title\" content=\"VISION X XMITTER BLACK EDITION 12V 43&quot; 390W 10\u00b0\/25\u00b0\" \/>\n<meta property=\"og:description\" content=\"Xmitter Prime Xtreme, den absolut mest effektiva och kraftfullaste LED rampen p\u00e5 marknaden. Prime Xtreme levererar flest lumen per centimeter ramp och ger d\u00e4rf\u00f6r otroligt mycket ljus ur en liten enhet. Detta \u00e4r Black Edition-versionen av denna LED-ramp, med en svart bakgrund som ger ett mer diskret utseende \u00e4n tidigare kromade bakgrund.\" \/>\n<meta property=\"og:url\" content=\"https:\/\/www.visionxeurope.com\/se\/webbutik\/vision-x-xmitter-black-edition-12v-43-390w-10-25\/\" \/>\n<meta property=\"og:site_name\" content=\"Vision X Europe\" \/>\n<meta property=\"article:publisher\" content=\"https:\/\/www.facebook.com\/visionxeurope\" \/>\n<meta property=\"article:modified_time\" content=\"2025-12-08T23:09:50+00:00\" \/>\n<meta property=\"og:image\" content=\"https:\/\/www.rindab.se\/wp-content\/uploads\/sites\/7\/2022\/04\/XIL-PX78M-2.jpg\" \/>\n\t<meta property=\"og:image:width\" content=\"1920\" \/>\n\t<meta property=\"og:image:height\" content=\"1920\" \/>\n\t<meta property=\"og:image:type\" content=\"image\/jpeg\" \/>\n<meta name=\"twitter:card\" content=\"summary_large_image\" \/>\n<meta name=\"twitter:label1\" content=\"Pris\" \/>\n\t<meta name=\"twitter:data1\" content=\"23 796,00&nbsp;&#107;&#114; exkl. moms\" \/>\n\t<meta name=\"twitter:label2\" content=\"Tillg\u00e4nglig\" \/>\n\t<meta name=\"twitter:data2\" content=\"Slut i lager\" \/>\n<script type=\"application\/ld+json\" class=\"yoast-schema-graph\">{\"@context\":\"https:\/\/schema.org\",\"@graph\":[{\"@type\":\"WebPage\",\"@id\":\"https:\/\/www.visionxeurope.com\/se\/webbutik\/vision-x-xmitter-black-edition-12v-43-390w-10-25\/\",\"url\":\"https:\/\/www.visionxeurope.com\/se\/webbutik\/vision-x-xmitter-black-edition-12v-43-390w-10-25\/\",\"name\":\"VISION X XMITTER BLACK EDITION 12V 43\\\" 390W 10\u00b0\/25\u00b0 - Vision X Europe\",\"isPartOf\":{\"@id\":\"https:\/\/www.visionxeurope.com\/se\/#website\"},\"primaryImageOfPage\":{\"@id\":\"https:\/\/www.visionxeurope.com\/se\/webbutik\/vision-x-xmitter-black-edition-12v-43-390w-10-25\/#primaryimage\"},\"image\":{\"@id\":\"https:\/\/www.visionxeurope.com\/se\/webbutik\/vision-x-xmitter-black-edition-12v-43-390w-10-25\/#primaryimage\"},\"thumbnailUrl\":\"https:\/\/www.visionxeurope.com\/se\/wp-content\/uploads\/sites\/7\/2022\/04\/XIL-PX78M-2.jpg\",\"datePublished\":\"2021-03-01T11:00:00+00:00\",\"dateModified\":\"2025-12-08T23:09:50+00:00\",\"breadcrumb\":{\"@id\":\"https:\/\/www.visionxeurope.com\/se\/webbutik\/vision-x-xmitter-black-edition-12v-43-390w-10-25\/#breadcrumb\"},\"inLanguage\":\"sv-SE\",\"potentialAction\":[{\"@type\":\"ReadAction\",\"target\":[\"https:\/\/www.visionxeurope.com\/se\/webbutik\/vision-x-xmitter-black-edition-12v-43-390w-10-25\/\"]}]},{\"@type\":\"ImageObject\",\"inLanguage\":\"sv-SE\",\"@id\":\"https:\/\/www.visionxeurope.com\/se\/webbutik\/vision-x-xmitter-black-edition-12v-43-390w-10-25\/#primaryimage\",\"url\":\"https:\/\/www.visionxeurope.com\/se\/wp-content\/uploads\/sites\/7\/2022\/04\/XIL-PX78M-2.jpg\",\"contentUrl\":\"https:\/\/www.visionxeurope.com\/se\/wp-content\/uploads\/sites\/7\/2022\/04\/XIL-PX78M-2.jpg\",\"width\":1920,\"height\":1920},{\"@type\":\"BreadcrumbList\",\"@id\":\"https:\/\/www.visionxeurope.com\/se\/webbutik\/vision-x-xmitter-black-edition-12v-43-390w-10-25\/#breadcrumb\",\"itemListElement\":[{\"@type\":\"ListItem\",\"position\":1,\"name\":\"Hem\",\"item\":\"https:\/\/www.visionxeurope.com\/se\/\"},{\"@type\":\"ListItem\",\"position\":2,\"name\":\"Webbutik\",\"item\":\"https:\/\/www.visionxeurope.com\/se\/webbutik\/\"},{\"@type\":\"ListItem\",\"position\":3,\"name\":\"VISION X XMITTER BLACK EDITION 12V 43&#8243; 390W 10\u00b0\/25\u00b0\"}]},{\"@type\":\"WebSite\",\"@id\":\"https:\/\/www.visionxeurope.com\/se\/#website\",\"url\":\"https:\/\/www.visionxeurope.com\/se\/\",\"name\":\"Vision X Europe\",\"description\":\"\",\"publisher\":{\"@id\":\"https:\/\/www.visionxeurope.com\/se\/#organization\"},\"potentialAction\":[{\"@type\":\"SearchAction\",\"target\":{\"@type\":\"EntryPoint\",\"urlTemplate\":\"https:\/\/www.visionxeurope.com\/se\/?s={search_term_string}\"},\"query-input\":{\"@type\":\"PropertyValueSpecification\",\"valueRequired\":true,\"valueName\":\"search_term_string\"}}],\"inLanguage\":\"sv-SE\"},{\"@type\":\"Organization\",\"@id\":\"https:\/\/www.visionxeurope.com\/se\/#organization\",\"name\":\"Vision X Europe\",\"url\":\"https:\/\/www.visionxeurope.com\/se\/\",\"logo\":{\"@type\":\"ImageObject\",\"inLanguage\":\"sv-SE\",\"@id\":\"https:\/\/www.visionxeurope.com\/se\/#\/schema\/logo\/image\/\",\"url\":\"https:\/\/www.visionxeurope.com\/se\/wp-content\/uploads\/sites\/7\/2021\/04\/visionxeurope.png\",\"contentUrl\":\"https:\/\/www.visionxeurope.com\/se\/wp-content\/uploads\/sites\/7\/2021\/04\/visionxeurope.png\",\"width\":300,\"height\":110,\"caption\":\"Vision X Europe\"},\"image\":{\"@id\":\"https:\/\/www.visionxeurope.com\/se\/#\/schema\/logo\/image\/\"},\"sameAs\":[\"https:\/\/www.facebook.com\/visionxeurope\",\"https:\/\/www.instagram.com\/visionxeurope\/\"]}]}<\/script>\n<meta property=\"product:price:amount\" content=\"23796.00\" \/>\n<meta property=\"product:price:currency\" content=\"SEK\" \/>\n<meta property=\"og:availability\" content=\"out of stock\" \/>\n<meta property=\"product:availability\" content=\"out of stock\" \/>\n<meta property=\"product:retailer_item_id\" content=\"XIL-PX78M.12BL\" \/>\n<meta property=\"product:condition\" content=\"new\" \/>\n<!-- \/ Yoast SEO Premium plugin. -->","yoast_head_json":{"title":"VISION X XMITTER BLACK EDITION 12V 43\" 390W 10\u00b0\/25\u00b0 - Vision X Europe","robots":{"index":"index","follow":"follow","max-snippet":"max-snippet:-1","max-image-preview":"max-image-preview:large","max-video-preview":"max-video-preview:-1"},"canonical":"https:\/\/www.visionxeurope.com\/se\/webbutik\/vision-x-xmitter-black-edition-12v-43-390w-10-25\/","og_locale":"sv_SE","og_type":"article","og_title":"VISION X XMITTER BLACK EDITION 12V 43\" 390W 10\u00b0\/25\u00b0","og_description":"Xmitter Prime Xtreme, den absolut mest effektiva och kraftfullaste LED rampen p\u00e5 marknaden. Prime Xtreme levererar flest lumen per centimeter ramp och ger d\u00e4rf\u00f6r otroligt mycket ljus ur en liten enhet. Detta \u00e4r Black Edition-versionen av denna LED-ramp, med en svart bakgrund som ger ett mer diskret utseende \u00e4n tidigare kromade bakgrund.","og_url":"https:\/\/www.visionxeurope.com\/se\/webbutik\/vision-x-xmitter-black-edition-12v-43-390w-10-25\/","og_site_name":"Vision X Europe","article_publisher":"https:\/\/www.facebook.com\/visionxeurope","article_modified_time":"2025-12-08T23:09:50+00:00","og_image":[{"width":1920,"height":1920,"url":"https:\/\/www.rindab.se\/wp-content\/uploads\/sites\/7\/2022\/04\/XIL-PX78M-2.jpg","type":"image\/jpeg"}],"twitter_card":"summary_large_image","twitter_misc":{"Pris":"23 796,00&nbsp;&#107;&#114; exkl. moms","Tillg\u00e4nglig":"Slut i lager"},"schema":{"@context":"https:\/\/schema.org","@graph":[{"@type":"WebPage","@id":"https:\/\/www.visionxeurope.com\/se\/webbutik\/vision-x-xmitter-black-edition-12v-43-390w-10-25\/","url":"https:\/\/www.visionxeurope.com\/se\/webbutik\/vision-x-xmitter-black-edition-12v-43-390w-10-25\/","name":"VISION X XMITTER BLACK EDITION 12V 43\" 390W 10\u00b0\/25\u00b0 - Vision X Europe","isPartOf":{"@id":"https:\/\/www.visionxeurope.com\/se\/#website"},"primaryImageOfPage":{"@id":"https:\/\/www.visionxeurope.com\/se\/webbutik\/vision-x-xmitter-black-edition-12v-43-390w-10-25\/#primaryimage"},"image":{"@id":"https:\/\/www.visionxeurope.com\/se\/webbutik\/vision-x-xmitter-black-edition-12v-43-390w-10-25\/#primaryimage"},"thumbnailUrl":"https:\/\/www.visionxeurope.com\/se\/wp-content\/uploads\/sites\/7\/2022\/04\/XIL-PX78M-2.jpg","datePublished":"2021-03-01T11:00:00+00:00","dateModified":"2025-12-08T23:09:50+00:00","breadcrumb":{"@id":"https:\/\/www.visionxeurope.com\/se\/webbutik\/vision-x-xmitter-black-edition-12v-43-390w-10-25\/#breadcrumb"},"inLanguage":"sv-SE","potentialAction":[{"@type":"ReadAction","target":["https:\/\/www.visionxeurope.com\/se\/webbutik\/vision-x-xmitter-black-edition-12v-43-390w-10-25\/"]}]},{"@type":"ImageObject","inLanguage":"sv-SE","@id":"https:\/\/www.visionxeurope.com\/se\/webbutik\/vision-x-xmitter-black-edition-12v-43-390w-10-25\/#primaryimage","url":"https:\/\/www.visionxeurope.com\/se\/wp-content\/uploads\/sites\/7\/2022\/04\/XIL-PX78M-2.jpg","contentUrl":"https:\/\/www.visionxeurope.com\/se\/wp-content\/uploads\/sites\/7\/2022\/04\/XIL-PX78M-2.jpg","width":1920,"height":1920},{"@type":"BreadcrumbList","@id":"https:\/\/www.visionxeurope.com\/se\/webbutik\/vision-x-xmitter-black-edition-12v-43-390w-10-25\/#breadcrumb","itemListElement":[{"@type":"ListItem","position":1,"name":"Hem","item":"https:\/\/www.visionxeurope.com\/se\/"},{"@type":"ListItem","position":2,"name":"Webbutik","item":"https:\/\/www.visionxeurope.com\/se\/webbutik\/"},{"@type":"ListItem","position":3,"name":"VISION X XMITTER BLACK EDITION 12V 43&#8243; 390W 10\u00b0\/25\u00b0"}]},{"@type":"WebSite","@id":"https:\/\/www.visionxeurope.com\/se\/#website","url":"https:\/\/www.visionxeurope.com\/se\/","name":"Vision X Europe","description":"","publisher":{"@id":"https:\/\/www.visionxeurope.com\/se\/#organization"},"potentialAction":[{"@type":"SearchAction","target":{"@type":"EntryPoint","urlTemplate":"https:\/\/www.visionxeurope.com\/se\/?s={search_term_string}"},"query-input":{"@type":"PropertyValueSpecification","valueRequired":true,"valueName":"search_term_string"}}],"inLanguage":"sv-SE"},{"@type":"Organization","@id":"https:\/\/www.visionxeurope.com\/se\/#organization","name":"Vision X Europe","url":"https:\/\/www.visionxeurope.com\/se\/","logo":{"@type":"ImageObject","inLanguage":"sv-SE","@id":"https:\/\/www.visionxeurope.com\/se\/#\/schema\/logo\/image\/","url":"https:\/\/www.visionxeurope.com\/se\/wp-content\/uploads\/sites\/7\/2021\/04\/visionxeurope.png","contentUrl":"https:\/\/www.visionxeurope.com\/se\/wp-content\/uploads\/sites\/7\/2021\/04\/visionxeurope.png","width":300,"height":110,"caption":"Vision X Europe"},"image":{"@id":"https:\/\/www.visionxeurope.com\/se\/#\/schema\/logo\/image\/"},"sameAs":["https:\/\/www.facebook.com\/visionxeurope","https:\/\/www.instagram.com\/visionxeurope\/"]}]},"product_price_amount":"23796.00","product_price_currency":"SEK","og_availability":"out of stock","product_availability":"out of stock","product_retailer_item_id":"XIL-PX78M.12BL","product_condition":"new"},"_links":{"self":[{"href":"https:\/\/www.visionxeurope.com\/se\/wp-json\/wp\/v2\/product\/13868","targetHints":{"allow":["GET"]}}],"collection":[{"href":"https:\/\/www.visionxeurope.com\/se\/wp-json\/wp\/v2\/product"}],"about":[{"href":"https:\/\/www.visionxeurope.com\/se\/wp-json\/wp\/v2\/types\/product"}],"replies":[{"embeddable":true,"href":"https:\/\/www.visionxeurope.com\/se\/wp-json\/wp\/v2\/comments?post=13868"}],"wp:featuredmedia":[{"embeddable":true,"href":"https:\/\/www.visionxeurope.com\/se\/wp-json\/wp\/v2\/media\/13693"}],"wp:attachment":[{"href":"https:\/\/www.visionxeurope.com\/se\/wp-json\/wp\/v2\/media?parent=13868"}],"wp:term":[{"taxonomy":"product_brand","embeddable":true,"href":"https:\/\/www.visionxeurope.com\/se\/wp-json\/wp\/v2\/product_brand?post=13868"},{"taxonomy":"product_cat","embeddable":true,"href":"https:\/\/www.visionxeurope.com\/se\/wp-json\/wp\/v2\/product_cat?post=13868"},{"taxonomy":"product_tag","embeddable":true,"href":"https:\/\/www.visionxeurope.com\/se\/wp-json\/wp\/v2\/product_tag?post=13868"}],"curies":[{"name":"wp","href":"https:\/\/api.w.org\/{rel}","templated":true}]}}