{"id":13834,"date":"2022-04-22T11:10:24","date_gmt":"2022-04-22T09:10:24","guid":{"rendered":"https:\/\/www.visionxeurope.com\/se\/produkt\/vision-x-vl-series-100w-ac-omradesljus-60-trps\/"},"modified":"2026-01-08T21:35:41","modified_gmt":"2026-01-08T20:35:41","slug":"vision-x-vl-series-100w-ac-omradesljus-60-trps-adr","status":"publish","type":"product","link":"https:\/\/www.visionxeurope.com\/se\/webbutik\/vision-x-vl-series-100w-ac-omradesljus-60-trps-adr\/","title":{"rendered":"VISION X VL SERIES 100W AC OMR\u00c5DESLJUS 60\u00b0 TRPS ADR"},"content":{"rendered":"<p><\/p>\n<p>VL-Series LED arbetsljus f\u00f6r ett omr\u00e5de erbjuder ett enast\u00e5ende ljus i en funktionell och t\u00e5ligt formgiven lampa. Arbetsljuset \u00e4r klassat enligt CISPR 25 klass 3 och har kraftfulla LED-dioder av h\u00f6g kvalitet, som ger 167 lumen per watt och t\u00e5l vibrationer upp till 21.2 Grms. Ett inbyggt skydd mot omv\u00e4nd polaritet f\u00f6rhindrar att lampan skadas av en felaktig installation. <\/p>\n<p><\/p>\n<p><\/p>\n<p>Arbetslampan kan \u00e4ven enkelt monteras med ett Trunnion-f\u00e4ste, samt f\u00f6rses med str\u00f6m via ett separat str\u00f6maggregat.<\/p>\n<p><\/p>\n<p><\/p>\n<p><strong>Data:<\/strong><br \/>LED-dioder: 56 x 1.8W<br \/>Watt: 100W<br \/>Lumen: 16 785<br \/>Lamphus: Robust aluminium<br \/>Lins: Polykarbonat<br \/>Ljustemperatur: 5000K<br \/>Ljusbild: 60\u00b0<br \/>Sp\u00e4nning: 110-480V AC<br \/>Str\u00f6mf\u00f6rbrukning: 0.9A @ 110V AC<br \/>Vibrationsklassning: 21.2 Grms<br \/>Skyddsklass: IP68\/IP69K, CISPR 25<br \/>Godk\u00e4nnande: ADR-godk\u00e4nd<br \/>Certifikat: CE, RoHS, IEC 62471<br \/>Arbetstemperaturomr\u00e5de: -40\u00b0C \u2013 +85\u00b0C<br \/>H\u00f6jd: 180 mm<br \/>Bredd: 333 mm<br \/>Djup: 44 mm (132 mm med f\u00e4ste)<br \/>Vikt: 4,15 kg<br \/>Anslutning: Deutsch-kontakt DT04-2P<br \/>Garanti: 1 \u00e5r<\/p>\n<p><\/p>\n<p><\/p>\n<p>Denna artikel \u00e4r lampan med ett Trunion-f\u00e4ste och ett str\u00f6maggregat, som enkelt monteras i f\u00e4stet bakom lampan.<\/p>\n<p><\/p>","protected":false},"excerpt":{"rendered":"<p>VL-Series LED arbetsljus f\u00f6r ett omr\u00e5de erbjuder ett enast\u00e5ende ljus i en funktionell och t\u00e5ligt formgiven lampa. Arbetsljuset \u00e4r klassat enligt CISPR 25 klass 3 och har kraftfulla LED-dioder av h\u00f6g kvalitet, som ger 167 lumen per watt och t\u00e5l vibrationer upp till 21.2 Grms. Ett inbyggt skydd mot omv\u00e4nd polaritet f\u00f6rhindrar att lampan skadas av en felaktig installation. <\/p>\n<p>Arbetslampan kan \u00e4ven enkelt monteras med ett Trunnion-f\u00e4ste, samt f\u00f6rses med str\u00f6m via ett separat str\u00f6maggregat.<\/p>\n<p><strong>Data:<\/strong><br \/>LED-dioder: 56 x 1.8W<br \/>Watt: 100W<br \/>Lumen: 16 785<br \/>Lamphus: Robust aluminium<br \/>Lins: Polykarbonat<br \/>Ljustemperatur: 5000K<br \/>Ljusbild: 60\u00b0<br \/>Sp\u00e4nning: 110-480V AC<br \/>Str\u00f6mf\u00f6rbrukning: 0.9A @ 110V AC<br \/>Vibrationsklassning: 21.2 Grms<br \/>Skyddsklass: IP68\/IP69K, CISPR 25<br \/>Godk\u00e4nnande: ADR-godk\u00e4nd<br \/>Certifikat: CE, RoHS, IEC 62471<br \/>Arbetstemperaturomr\u00e5de: -40\u00b0C \u2013 +85\u00b0C<br \/>H\u00f6jd: 180 mm<br \/>Bredd: 333 mm<br \/>Djup: 44 mm (132 mm med f\u00e4ste)<br \/>Vikt: 4,15 kg<br \/>Anslutning: Deutsch-kontakt DT04-2P<br \/>Garanti: 1 \u00e5r<\/p>\n<p>Denna artikel \u00e4r lampan med ett Trunion-f\u00e4ste och ett str\u00f6maggregat, som enkelt monteras i f\u00e4stet bakom lampan.<\/p>\n","protected":false},"featured_media":13757,"comment_status":"open","ping_status":"open","template":"","meta":{"editor_notices":[]},"product_brand":[],"product_cat":[62],"product_tag":[],"class_list":{"0":"post-13834","1":"product","2":"type-product","3":"status-publish","4":"has-post-thumbnail","6":"product_cat-vl-series","7":"resize-featured-image","8":"","9":"woocommerce-text-align-left","10":"woocommerce-image-align-center","12":"first","13":"instock","14":"taxable","15":"shipping-taxable","16":"product-type-simple"},"yoast_head":"<!-- This site is optimized with the Yoast SEO Premium plugin v25.0 (Yoast SEO v25.0) - https:\/\/yoast.com\/wordpress\/plugins\/seo\/ -->\n<title>VISION X VL SERIES 100W AC OMR\u00c5DESLJUS 60\u00b0 TRPS ADR - Vision X Europe<\/title>\n<meta name=\"robots\" content=\"index, follow, max-snippet:-1, max-image-preview:large, max-video-preview:-1\" \/>\n<link rel=\"canonical\" href=\"https:\/\/www.visionxeurope.com\/se\/webbutik\/vision-x-vl-series-100w-ac-omradesljus-60-trps-adr\/\" \/>\n<meta property=\"og:locale\" content=\"sv_SE\" \/>\n<meta property=\"og:type\" content=\"article\" \/>\n<meta property=\"og:title\" content=\"VISION X VL SERIES 100W AC OMR\u00c5DESLJUS 60\u00b0 TRPS ADR\" \/>\n<meta property=\"og:description\" content=\"VL-Series LED arbetsljus f\u00f6r ett omr\u00e5de erbjuder ett enast\u00e5ende ljus i en funktionell och t\u00e5ligt formgiven lampa. Arbetsljuset \u00e4r klassat enligt CISPR 25 klass 3 och har kraftfulla LED-dioder av h\u00f6g kvalitet, som ger 167 lumen per watt och t\u00e5l vibrationer upp till 21.2 Grms. Ett inbyggt skydd mot omv\u00e4nd polaritet f\u00f6rhindrar att lampan skadas av en felaktig installation. Arbetslampan kan \u00e4ven enkelt monteras med ett Trunnion-f\u00e4ste, samt f\u00f6rses med str\u00f6m via ett separat str\u00f6maggregat. Data:LED-dioder: 56 x 1.8WWatt: 100WLumen: 16 785Lamphus: Robust aluminiumLins: PolykarbonatLjustemperatur: 5000KLjusbild: 60\u00b0Sp\u00e4nning: 110-480V ACStr\u00f6mf\u00f6rbrukning: 0.9A @ 110V ACVibrationsklassning: 21.2 GrmsSkyddsklass: IP68\/IP69K, CISPR 25Godk\u00e4nnande: ADR-godk\u00e4ndCertifikat: CE, RoHS, IEC 62471Arbetstemperaturomr\u00e5de: -40\u00b0C \u2013 +85\u00b0CH\u00f6jd: 180 mmBredd: 333 mmDjup: 44 mm (132 mm med f\u00e4ste)Vikt: 4,15 kgAnslutning: Deutsch-kontakt DT04-2PGaranti: 1 \u00e5r Denna artikel \u00e4r lampan med ett Trunion-f\u00e4ste och ett str\u00f6maggregat, som enkelt monteras i f\u00e4stet bakom lampan.\" \/>\n<meta property=\"og:url\" content=\"https:\/\/www.visionxeurope.com\/se\/webbutik\/vision-x-vl-series-100w-ac-omradesljus-60-trps-adr\/\" \/>\n<meta property=\"og:site_name\" content=\"Vision X Europe\" \/>\n<meta property=\"article:publisher\" content=\"https:\/\/www.facebook.com\/visionxeurope\" \/>\n<meta property=\"article:modified_time\" content=\"2026-01-08T20:35:41+00:00\" \/>\n<meta property=\"og:image\" content=\"https:\/\/www.rindab.se\/wp-content\/uploads\/sites\/7\/2022\/04\/VDP025660TR.jpg\" \/>\n\t<meta property=\"og:image:width\" content=\"1500\" \/>\n\t<meta property=\"og:image:height\" content=\"1500\" \/>\n\t<meta property=\"og:image:type\" content=\"image\/jpeg\" \/>\n<meta name=\"twitter:card\" content=\"summary_large_image\" \/>\n<meta name=\"twitter:label1\" content=\"Pris\" \/>\n\t<meta name=\"twitter:data1\" content=\"5 072,00&nbsp;&#107;&#114; exkl. moms\" \/>\n\t<meta name=\"twitter:label2\" content=\"Tillg\u00e4nglig\" \/>\n\t<meta name=\"twitter:data2\" content=\"I lager\" \/>\n<script type=\"application\/ld+json\" class=\"yoast-schema-graph\">{\"@context\":\"https:\/\/schema.org\",\"@graph\":[{\"@type\":\"WebPage\",\"@id\":\"https:\/\/www.visionxeurope.com\/se\/webbutik\/vision-x-vl-series-100w-ac-omradesljus-60-trps-adr\/\",\"url\":\"https:\/\/www.visionxeurope.com\/se\/webbutik\/vision-x-vl-series-100w-ac-omradesljus-60-trps-adr\/\",\"name\":\"VISION X VL SERIES 100W AC OMR\u00c5DESLJUS 60\u00b0 TRPS ADR - Vision X Europe\",\"isPartOf\":{\"@id\":\"https:\/\/www.visionxeurope.com\/se\/#website\"},\"primaryImageOfPage\":{\"@id\":\"https:\/\/www.visionxeurope.com\/se\/webbutik\/vision-x-vl-series-100w-ac-omradesljus-60-trps-adr\/#primaryimage\"},\"image\":{\"@id\":\"https:\/\/www.visionxeurope.com\/se\/webbutik\/vision-x-vl-series-100w-ac-omradesljus-60-trps-adr\/#primaryimage\"},\"thumbnailUrl\":\"https:\/\/www.visionxeurope.com\/se\/wp-content\/uploads\/sites\/7\/2022\/04\/VDP025660TR.jpg\",\"datePublished\":\"2022-04-22T09:10:24+00:00\",\"dateModified\":\"2026-01-08T20:35:41+00:00\",\"breadcrumb\":{\"@id\":\"https:\/\/www.visionxeurope.com\/se\/webbutik\/vision-x-vl-series-100w-ac-omradesljus-60-trps-adr\/#breadcrumb\"},\"inLanguage\":\"sv-SE\",\"potentialAction\":[{\"@type\":\"ReadAction\",\"target\":[\"https:\/\/www.visionxeurope.com\/se\/webbutik\/vision-x-vl-series-100w-ac-omradesljus-60-trps-adr\/\"]}]},{\"@type\":\"ImageObject\",\"inLanguage\":\"sv-SE\",\"@id\":\"https:\/\/www.visionxeurope.com\/se\/webbutik\/vision-x-vl-series-100w-ac-omradesljus-60-trps-adr\/#primaryimage\",\"url\":\"https:\/\/www.visionxeurope.com\/se\/wp-content\/uploads\/sites\/7\/2022\/04\/VDP025660TR.jpg\",\"contentUrl\":\"https:\/\/www.visionxeurope.com\/se\/wp-content\/uploads\/sites\/7\/2022\/04\/VDP025660TR.jpg\",\"width\":1500,\"height\":1500},{\"@type\":\"BreadcrumbList\",\"@id\":\"https:\/\/www.visionxeurope.com\/se\/webbutik\/vision-x-vl-series-100w-ac-omradesljus-60-trps-adr\/#breadcrumb\",\"itemListElement\":[{\"@type\":\"ListItem\",\"position\":1,\"name\":\"Hem\",\"item\":\"https:\/\/www.visionxeurope.com\/se\/\"},{\"@type\":\"ListItem\",\"position\":2,\"name\":\"Webbutik\",\"item\":\"https:\/\/www.visionxeurope.com\/se\/webbutik\/\"},{\"@type\":\"ListItem\",\"position\":3,\"name\":\"VISION X VL SERIES 100W AC OMR\u00c5DESLJUS 60\u00b0 TRPS ADR\"}]},{\"@type\":\"WebSite\",\"@id\":\"https:\/\/www.visionxeurope.com\/se\/#website\",\"url\":\"https:\/\/www.visionxeurope.com\/se\/\",\"name\":\"Vision X Europe\",\"description\":\"\",\"publisher\":{\"@id\":\"https:\/\/www.visionxeurope.com\/se\/#organization\"},\"potentialAction\":[{\"@type\":\"SearchAction\",\"target\":{\"@type\":\"EntryPoint\",\"urlTemplate\":\"https:\/\/www.visionxeurope.com\/se\/?s={search_term_string}\"},\"query-input\":{\"@type\":\"PropertyValueSpecification\",\"valueRequired\":true,\"valueName\":\"search_term_string\"}}],\"inLanguage\":\"sv-SE\"},{\"@type\":\"Organization\",\"@id\":\"https:\/\/www.visionxeurope.com\/se\/#organization\",\"name\":\"Vision X Europe\",\"url\":\"https:\/\/www.visionxeurope.com\/se\/\",\"logo\":{\"@type\":\"ImageObject\",\"inLanguage\":\"sv-SE\",\"@id\":\"https:\/\/www.visionxeurope.com\/se\/#\/schema\/logo\/image\/\",\"url\":\"https:\/\/www.visionxeurope.com\/se\/wp-content\/uploads\/sites\/7\/2021\/04\/visionxeurope.png\",\"contentUrl\":\"https:\/\/www.visionxeurope.com\/se\/wp-content\/uploads\/sites\/7\/2021\/04\/visionxeurope.png\",\"width\":300,\"height\":110,\"caption\":\"Vision X Europe\"},\"image\":{\"@id\":\"https:\/\/www.visionxeurope.com\/se\/#\/schema\/logo\/image\/\"},\"sameAs\":[\"https:\/\/www.facebook.com\/visionxeurope\",\"https:\/\/www.instagram.com\/visionxeurope\/\"]}]}<\/script>\n<meta property=\"product:price:amount\" content=\"5072.00\" \/>\n<meta property=\"product:price:currency\" content=\"SEK\" \/>\n<meta property=\"og:availability\" content=\"instock\" \/>\n<meta property=\"product:availability\" content=\"instock\" \/>\n<meta property=\"product:retailer_item_id\" content=\"VSP025660TRPS\" \/>\n<meta property=\"product:condition\" content=\"new\" \/>\n<!-- \/ Yoast SEO Premium plugin. -->","yoast_head_json":{"title":"VISION X VL SERIES 100W AC OMR\u00c5DESLJUS 60\u00b0 TRPS ADR - Vision X Europe","robots":{"index":"index","follow":"follow","max-snippet":"max-snippet:-1","max-image-preview":"max-image-preview:large","max-video-preview":"max-video-preview:-1"},"canonical":"https:\/\/www.visionxeurope.com\/se\/webbutik\/vision-x-vl-series-100w-ac-omradesljus-60-trps-adr\/","og_locale":"sv_SE","og_type":"article","og_title":"VISION X VL SERIES 100W AC OMR\u00c5DESLJUS 60\u00b0 TRPS ADR","og_description":"VL-Series LED arbetsljus f\u00f6r ett omr\u00e5de erbjuder ett enast\u00e5ende ljus i en funktionell och t\u00e5ligt formgiven lampa. Arbetsljuset \u00e4r klassat enligt CISPR 25 klass 3 och har kraftfulla LED-dioder av h\u00f6g kvalitet, som ger 167 lumen per watt och t\u00e5l vibrationer upp till 21.2 Grms. Ett inbyggt skydd mot omv\u00e4nd polaritet f\u00f6rhindrar att lampan skadas av en felaktig installation. Arbetslampan kan \u00e4ven enkelt monteras med ett Trunnion-f\u00e4ste, samt f\u00f6rses med str\u00f6m via ett separat str\u00f6maggregat. Data:LED-dioder: 56 x 1.8WWatt: 100WLumen: 16 785Lamphus: Robust aluminiumLins: PolykarbonatLjustemperatur: 5000KLjusbild: 60\u00b0Sp\u00e4nning: 110-480V ACStr\u00f6mf\u00f6rbrukning: 0.9A @ 110V ACVibrationsklassning: 21.2 GrmsSkyddsklass: IP68\/IP69K, CISPR 25Godk\u00e4nnande: ADR-godk\u00e4ndCertifikat: CE, RoHS, IEC 62471Arbetstemperaturomr\u00e5de: -40\u00b0C \u2013 +85\u00b0CH\u00f6jd: 180 mmBredd: 333 mmDjup: 44 mm (132 mm med f\u00e4ste)Vikt: 4,15 kgAnslutning: Deutsch-kontakt DT04-2PGaranti: 1 \u00e5r Denna artikel \u00e4r lampan med ett Trunion-f\u00e4ste och ett str\u00f6maggregat, som enkelt monteras i f\u00e4stet bakom lampan.","og_url":"https:\/\/www.visionxeurope.com\/se\/webbutik\/vision-x-vl-series-100w-ac-omradesljus-60-trps-adr\/","og_site_name":"Vision X Europe","article_publisher":"https:\/\/www.facebook.com\/visionxeurope","article_modified_time":"2026-01-08T20:35:41+00:00","og_image":[{"width":1500,"height":1500,"url":"https:\/\/www.rindab.se\/wp-content\/uploads\/sites\/7\/2022\/04\/VDP025660TR.jpg","type":"image\/jpeg"}],"twitter_card":"summary_large_image","twitter_misc":{"Pris":"5 072,00&nbsp;&#107;&#114; exkl. moms","Tillg\u00e4nglig":"I lager"},"schema":{"@context":"https:\/\/schema.org","@graph":[{"@type":"WebPage","@id":"https:\/\/www.visionxeurope.com\/se\/webbutik\/vision-x-vl-series-100w-ac-omradesljus-60-trps-adr\/","url":"https:\/\/www.visionxeurope.com\/se\/webbutik\/vision-x-vl-series-100w-ac-omradesljus-60-trps-adr\/","name":"VISION X VL SERIES 100W AC OMR\u00c5DESLJUS 60\u00b0 TRPS ADR - Vision X Europe","isPartOf":{"@id":"https:\/\/www.visionxeurope.com\/se\/#website"},"primaryImageOfPage":{"@id":"https:\/\/www.visionxeurope.com\/se\/webbutik\/vision-x-vl-series-100w-ac-omradesljus-60-trps-adr\/#primaryimage"},"image":{"@id":"https:\/\/www.visionxeurope.com\/se\/webbutik\/vision-x-vl-series-100w-ac-omradesljus-60-trps-adr\/#primaryimage"},"thumbnailUrl":"https:\/\/www.visionxeurope.com\/se\/wp-content\/uploads\/sites\/7\/2022\/04\/VDP025660TR.jpg","datePublished":"2022-04-22T09:10:24+00:00","dateModified":"2026-01-08T20:35:41+00:00","breadcrumb":{"@id":"https:\/\/www.visionxeurope.com\/se\/webbutik\/vision-x-vl-series-100w-ac-omradesljus-60-trps-adr\/#breadcrumb"},"inLanguage":"sv-SE","potentialAction":[{"@type":"ReadAction","target":["https:\/\/www.visionxeurope.com\/se\/webbutik\/vision-x-vl-series-100w-ac-omradesljus-60-trps-adr\/"]}]},{"@type":"ImageObject","inLanguage":"sv-SE","@id":"https:\/\/www.visionxeurope.com\/se\/webbutik\/vision-x-vl-series-100w-ac-omradesljus-60-trps-adr\/#primaryimage","url":"https:\/\/www.visionxeurope.com\/se\/wp-content\/uploads\/sites\/7\/2022\/04\/VDP025660TR.jpg","contentUrl":"https:\/\/www.visionxeurope.com\/se\/wp-content\/uploads\/sites\/7\/2022\/04\/VDP025660TR.jpg","width":1500,"height":1500},{"@type":"BreadcrumbList","@id":"https:\/\/www.visionxeurope.com\/se\/webbutik\/vision-x-vl-series-100w-ac-omradesljus-60-trps-adr\/#breadcrumb","itemListElement":[{"@type":"ListItem","position":1,"name":"Hem","item":"https:\/\/www.visionxeurope.com\/se\/"},{"@type":"ListItem","position":2,"name":"Webbutik","item":"https:\/\/www.visionxeurope.com\/se\/webbutik\/"},{"@type":"ListItem","position":3,"name":"VISION X VL SERIES 100W AC OMR\u00c5DESLJUS 60\u00b0 TRPS ADR"}]},{"@type":"WebSite","@id":"https:\/\/www.visionxeurope.com\/se\/#website","url":"https:\/\/www.visionxeurope.com\/se\/","name":"Vision X Europe","description":"","publisher":{"@id":"https:\/\/www.visionxeurope.com\/se\/#organization"},"potentialAction":[{"@type":"SearchAction","target":{"@type":"EntryPoint","urlTemplate":"https:\/\/www.visionxeurope.com\/se\/?s={search_term_string}"},"query-input":{"@type":"PropertyValueSpecification","valueRequired":true,"valueName":"search_term_string"}}],"inLanguage":"sv-SE"},{"@type":"Organization","@id":"https:\/\/www.visionxeurope.com\/se\/#organization","name":"Vision X Europe","url":"https:\/\/www.visionxeurope.com\/se\/","logo":{"@type":"ImageObject","inLanguage":"sv-SE","@id":"https:\/\/www.visionxeurope.com\/se\/#\/schema\/logo\/image\/","url":"https:\/\/www.visionxeurope.com\/se\/wp-content\/uploads\/sites\/7\/2021\/04\/visionxeurope.png","contentUrl":"https:\/\/www.visionxeurope.com\/se\/wp-content\/uploads\/sites\/7\/2021\/04\/visionxeurope.png","width":300,"height":110,"caption":"Vision X Europe"},"image":{"@id":"https:\/\/www.visionxeurope.com\/se\/#\/schema\/logo\/image\/"},"sameAs":["https:\/\/www.facebook.com\/visionxeurope","https:\/\/www.instagram.com\/visionxeurope\/"]}]},"product_price_amount":"5072.00","product_price_currency":"SEK","og_availability":"instock","product_availability":"instock","product_retailer_item_id":"VSP025660TRPS","product_condition":"new"},"_links":{"self":[{"href":"https:\/\/www.visionxeurope.com\/se\/wp-json\/wp\/v2\/product\/13834","targetHints":{"allow":["GET"]}}],"collection":[{"href":"https:\/\/www.visionxeurope.com\/se\/wp-json\/wp\/v2\/product"}],"about":[{"href":"https:\/\/www.visionxeurope.com\/se\/wp-json\/wp\/v2\/types\/product"}],"replies":[{"embeddable":true,"href":"https:\/\/www.visionxeurope.com\/se\/wp-json\/wp\/v2\/comments?post=13834"}],"wp:featuredmedia":[{"embeddable":true,"href":"https:\/\/www.visionxeurope.com\/se\/wp-json\/wp\/v2\/media\/13757"}],"wp:attachment":[{"href":"https:\/\/www.visionxeurope.com\/se\/wp-json\/wp\/v2\/media?parent=13834"}],"wp:term":[{"taxonomy":"product_brand","embeddable":true,"href":"https:\/\/www.visionxeurope.com\/se\/wp-json\/wp\/v2\/product_brand?post=13834"},{"taxonomy":"product_cat","embeddable":true,"href":"https:\/\/www.visionxeurope.com\/se\/wp-json\/wp\/v2\/product_cat?post=13834"},{"taxonomy":"product_tag","embeddable":true,"href":"https:\/\/www.visionxeurope.com\/se\/wp-json\/wp\/v2\/product_tag?post=13834"}],"curies":[{"name":"wp","href":"https:\/\/api.w.org\/{rel}","templated":true}]}}