{"id":13772,"date":"2022-04-27T09:00:50","date_gmt":"2022-04-27T07:00:50","guid":{"rendered":"https:\/\/www.visionxeurope.com\/se\/produkt\/vision-x-rock-light-1-st-vit\/"},"modified":"2026-01-08T16:45:46","modified_gmt":"2026-01-08T15:45:46","slug":"vision-x-rock-light-1-st-vit","status":"publish","type":"product","link":"https:\/\/www.visionxeurope.com\/se\/webbutik\/vision-x-rock-light-1-st-vit\/","title":{"rendered":"VISION X ROCK LIGHT, 1 ST VIT"},"content":{"rendered":"<p><\/p>\n<p>Vision X XP Rock Light \u00e4r tuffa, t\u00e5liga och effektiva LED-lampor f\u00f6r montering och belysning av undersidan av olika fordon. XP Rock Light har en extremt bra ljusprestanda f\u00f6r sitt kompakta format, med 3 st CREE LED-dioder p\u00e5 totalt 9W. Det \u00e4r samma typ av LED-dioder som anv\u00e4nds i flera av Vision X LED-extraljusramper.<\/p>\n<p><\/p>\n<p><\/p>\n<p>Lamphuset \u00e4r tillverkat av t\u00e5lig aluminium, som \u00e4r svartm\u00e5lat, med en stark och f\u00f6rs\u00e4nkt (n\u00e4stan okrossbar) polykarbonat-lins. XP Rock Light \u00e4r givetvis vattent\u00e5lig med IP68-klassning. Allt f\u00f6r att dessa lampor ska sitta och fungera s\u00e5 l\u00e4nge som m\u00f6jligt.<\/p>\n<p><\/p>\n<p><\/p>\n<p>Varje lampa inkluderar tv\u00e5 rej\u00e4la gummif\u00e4sten, f\u00f6r platt och rund montering (t ex runt r\u00f6r), samt en str\u00f6mkabel p\u00e5 4,2 meter.<\/p>\n<p><\/p>\n<p><\/p>\n<p>Lamporna s\u00e4ljs i ett, fyra eller sex-pack. Fyra- och sex-packen \u00e4r kompletta kit som inkluderar en kontrollmodul f\u00f6r enkel anslutning till str\u00f6mk\u00e4lla samt ett rel\u00e4.<\/p>\n<p><\/p>\n<p><\/p>\n<p>XP Rock Light erbjuds i flera olika f\u00e4rger: Vitt, R\u00f6tt, Gr\u00f6nt, Bl\u00e5tt, Orange och Multi-f\u00e4rg (med fj\u00e4rrkontroll f\u00f6r f\u00e4rgbyte).<\/p>\n<p><\/p>\n<p><\/p>\n<p>Denna artikel avser en vit XP Rock Light-lampa.<\/p>\n<p><\/p>","protected":false},"excerpt":{"rendered":"<p>Vision X XP Rock Light \u00e4r tuffa, t\u00e5liga och effektiva LED-lampor f\u00f6r montering och belysning av undersidan av olika fordon. XP Rock Light har en extremt bra ljusprestanda f\u00f6r sitt kompakta format, med 3 st CREE LED-dioder p\u00e5 totalt 9W. Det \u00e4r samma typ av LED-dioder som anv\u00e4nds i flera av Vision X LED-extraljusramper.<\/p>\n<p>Lamphuset \u00e4r tillverkat av t\u00e5lig aluminium, som \u00e4r svartm\u00e5lat, med en stark och f\u00f6rs\u00e4nkt (n\u00e4stan okrossbar) polykarbonat-lins. XP Rock Light \u00e4r givetvis vattent\u00e5lig med IP68-klassning. Allt f\u00f6r att dessa lampor ska sitta och fungera s\u00e5 l\u00e4nge som m\u00f6jligt.<\/p>\n<p>Varje lampa inkluderar tv\u00e5 rej\u00e4la gummif\u00e4sten, f\u00f6r platt och rund montering (t ex runt r\u00f6r), samt en str\u00f6mkabel p\u00e5 4,2 meter.<\/p>\n<p>Lamporna s\u00e4ljs i ett, fyra eller sex-pack. Fyra- och sex-packen \u00e4r kompletta kit som inkluderar en kontrollmodul f\u00f6r enkel anslutning till str\u00f6mk\u00e4lla samt ett rel\u00e4.<\/p>\n<p>XP Rock Light erbjuds i flera olika f\u00e4rger: Vitt, R\u00f6tt, Gr\u00f6nt, Bl\u00e5tt, Orange och Multi-f\u00e4rg (med fj\u00e4rrkontroll f\u00f6r f\u00e4rgbyte).<\/p>\n<p>Denna artikel avser en vit XP Rock Light-lampa.<\/p>\n","protected":false},"featured_media":13773,"comment_status":"open","ping_status":"open","template":"","meta":{"editor_notices":[]},"product_brand":[],"product_cat":[695],"product_tag":[],"class_list":{"0":"post-13772","1":"product","2":"type-product","3":"status-publish","4":"has-post-thumbnail","6":"product_cat-xp-rock-lights","7":"resize-featured-image","8":"","9":"woocommerce-text-align-left","10":"woocommerce-image-align-center","12":"first","13":"instock","14":"taxable","15":"shipping-taxable","16":"product-type-simple"},"yoast_head":"<!-- This site is optimized with the Yoast SEO Premium plugin v25.0 (Yoast SEO v25.0) - https:\/\/yoast.com\/wordpress\/plugins\/seo\/ -->\n<title>VISION X ROCK LIGHT, 1 ST VIT - Vision X Europe<\/title>\n<meta name=\"robots\" content=\"index, follow, max-snippet:-1, max-image-preview:large, max-video-preview:-1\" \/>\n<link rel=\"canonical\" href=\"https:\/\/www.visionxeurope.com\/se\/webbutik\/vision-x-rock-light-1-st-vit\/\" \/>\n<meta property=\"og:locale\" content=\"sv_SE\" \/>\n<meta property=\"og:type\" content=\"article\" \/>\n<meta property=\"og:title\" content=\"VISION X ROCK LIGHT, 1 ST VIT\" \/>\n<meta property=\"og:description\" content=\"Vision X XP Rock Light \u00e4r tuffa, t\u00e5liga och effektiva LED-lampor f\u00f6r montering och belysning av undersidan av olika fordon. XP Rock Light har en extremt bra ljusprestanda f\u00f6r sitt kompakta format, med 3 st CREE LED-dioder p\u00e5 totalt 9W. Det \u00e4r samma typ av LED-dioder som anv\u00e4nds i flera av Vision X LED-extraljusramper. Lamphuset \u00e4r tillverkat av t\u00e5lig aluminium, som \u00e4r svartm\u00e5lat, med en stark och f\u00f6rs\u00e4nkt (n\u00e4stan okrossbar) polykarbonat-lins. XP Rock Light \u00e4r givetvis vattent\u00e5lig med IP68-klassning. Allt f\u00f6r att dessa lampor ska sitta och fungera s\u00e5 l\u00e4nge som m\u00f6jligt. Varje lampa inkluderar tv\u00e5 rej\u00e4la gummif\u00e4sten, f\u00f6r platt och rund montering (t ex runt r\u00f6r), samt en str\u00f6mkabel p\u00e5 4,2 meter. Lamporna s\u00e4ljs i ett, fyra eller sex-pack. Fyra- och sex-packen \u00e4r kompletta kit som inkluderar en kontrollmodul f\u00f6r enkel anslutning till str\u00f6mk\u00e4lla samt ett rel\u00e4. XP Rock Light erbjuds i flera olika f\u00e4rger: Vitt, R\u00f6tt, Gr\u00f6nt, Bl\u00e5tt, Orange och Multi-f\u00e4rg (med fj\u00e4rrkontroll f\u00f6r f\u00e4rgbyte). Denna artikel avser en vit XP Rock Light-lampa.\" \/>\n<meta property=\"og:url\" content=\"https:\/\/www.visionxeurope.com\/se\/webbutik\/vision-x-rock-light-1-st-vit\/\" \/>\n<meta property=\"og:site_name\" content=\"Vision X Europe\" \/>\n<meta property=\"article:publisher\" content=\"https:\/\/www.facebook.com\/visionxeurope\" \/>\n<meta property=\"article:modified_time\" content=\"2026-01-08T15:45:46+00:00\" \/>\n<meta property=\"og:image\" content=\"https:\/\/www.rindab.se\/wp-content\/uploads\/sites\/7\/2022\/04\/HIL-RL1W.jpg\" \/>\n\t<meta property=\"og:image:width\" content=\"900\" \/>\n\t<meta property=\"og:image:height\" content=\"900\" \/>\n\t<meta property=\"og:image:type\" content=\"image\/jpeg\" \/>\n<meta name=\"twitter:card\" content=\"summary_large_image\" \/>\n<meta name=\"twitter:label1\" content=\"Pris\" \/>\n\t<meta name=\"twitter:data1\" content=\"294,00&nbsp;&#107;&#114; exkl. moms\" \/>\n\t<meta name=\"twitter:label2\" content=\"Tillg\u00e4nglig\" \/>\n\t<meta name=\"twitter:data2\" content=\"I lager\" \/>\n<script type=\"application\/ld+json\" class=\"yoast-schema-graph\">{\"@context\":\"https:\/\/schema.org\",\"@graph\":[{\"@type\":\"WebPage\",\"@id\":\"https:\/\/www.visionxeurope.com\/se\/webbutik\/vision-x-rock-light-1-st-vit\/\",\"url\":\"https:\/\/www.visionxeurope.com\/se\/webbutik\/vision-x-rock-light-1-st-vit\/\",\"name\":\"VISION X ROCK LIGHT, 1 ST VIT - Vision X Europe\",\"isPartOf\":{\"@id\":\"https:\/\/www.visionxeurope.com\/se\/#website\"},\"primaryImageOfPage\":{\"@id\":\"https:\/\/www.visionxeurope.com\/se\/webbutik\/vision-x-rock-light-1-st-vit\/#primaryimage\"},\"image\":{\"@id\":\"https:\/\/www.visionxeurope.com\/se\/webbutik\/vision-x-rock-light-1-st-vit\/#primaryimage\"},\"thumbnailUrl\":\"https:\/\/www.visionxeurope.com\/se\/wp-content\/uploads\/sites\/7\/2022\/04\/HIL-RL1W.jpg\",\"datePublished\":\"2022-04-27T07:00:50+00:00\",\"dateModified\":\"2026-01-08T15:45:46+00:00\",\"breadcrumb\":{\"@id\":\"https:\/\/www.visionxeurope.com\/se\/webbutik\/vision-x-rock-light-1-st-vit\/#breadcrumb\"},\"inLanguage\":\"sv-SE\",\"potentialAction\":[{\"@type\":\"ReadAction\",\"target\":[\"https:\/\/www.visionxeurope.com\/se\/webbutik\/vision-x-rock-light-1-st-vit\/\"]}]},{\"@type\":\"ImageObject\",\"inLanguage\":\"sv-SE\",\"@id\":\"https:\/\/www.visionxeurope.com\/se\/webbutik\/vision-x-rock-light-1-st-vit\/#primaryimage\",\"url\":\"https:\/\/www.visionxeurope.com\/se\/wp-content\/uploads\/sites\/7\/2022\/04\/HIL-RL1W.jpg\",\"contentUrl\":\"https:\/\/www.visionxeurope.com\/se\/wp-content\/uploads\/sites\/7\/2022\/04\/HIL-RL1W.jpg\",\"width\":900,\"height\":900},{\"@type\":\"BreadcrumbList\",\"@id\":\"https:\/\/www.visionxeurope.com\/se\/webbutik\/vision-x-rock-light-1-st-vit\/#breadcrumb\",\"itemListElement\":[{\"@type\":\"ListItem\",\"position\":1,\"name\":\"Hem\",\"item\":\"https:\/\/www.visionxeurope.com\/se\/\"},{\"@type\":\"ListItem\",\"position\":2,\"name\":\"Webbutik\",\"item\":\"https:\/\/www.visionxeurope.com\/se\/webbutik\/\"},{\"@type\":\"ListItem\",\"position\":3,\"name\":\"VISION X ROCK LIGHT, 1 ST VIT\"}]},{\"@type\":\"WebSite\",\"@id\":\"https:\/\/www.visionxeurope.com\/se\/#website\",\"url\":\"https:\/\/www.visionxeurope.com\/se\/\",\"name\":\"Vision X Europe\",\"description\":\"\",\"publisher\":{\"@id\":\"https:\/\/www.visionxeurope.com\/se\/#organization\"},\"potentialAction\":[{\"@type\":\"SearchAction\",\"target\":{\"@type\":\"EntryPoint\",\"urlTemplate\":\"https:\/\/www.visionxeurope.com\/se\/?s={search_term_string}\"},\"query-input\":{\"@type\":\"PropertyValueSpecification\",\"valueRequired\":true,\"valueName\":\"search_term_string\"}}],\"inLanguage\":\"sv-SE\"},{\"@type\":\"Organization\",\"@id\":\"https:\/\/www.visionxeurope.com\/se\/#organization\",\"name\":\"Vision X Europe\",\"url\":\"https:\/\/www.visionxeurope.com\/se\/\",\"logo\":{\"@type\":\"ImageObject\",\"inLanguage\":\"sv-SE\",\"@id\":\"https:\/\/www.visionxeurope.com\/se\/#\/schema\/logo\/image\/\",\"url\":\"https:\/\/www.visionxeurope.com\/se\/wp-content\/uploads\/sites\/7\/2021\/04\/visionxeurope.png\",\"contentUrl\":\"https:\/\/www.visionxeurope.com\/se\/wp-content\/uploads\/sites\/7\/2021\/04\/visionxeurope.png\",\"width\":300,\"height\":110,\"caption\":\"Vision X Europe\"},\"image\":{\"@id\":\"https:\/\/www.visionxeurope.com\/se\/#\/schema\/logo\/image\/\"},\"sameAs\":[\"https:\/\/www.facebook.com\/visionxeurope\",\"https:\/\/www.instagram.com\/visionxeurope\/\"]}]}<\/script>\n<meta property=\"product:price:amount\" content=\"294.00\" \/>\n<meta property=\"product:price:currency\" content=\"SEK\" \/>\n<meta property=\"og:availability\" content=\"instock\" \/>\n<meta property=\"product:availability\" content=\"instock\" \/>\n<meta property=\"product:retailer_item_id\" content=\"HIL-RL1W\" \/>\n<meta property=\"product:condition\" content=\"new\" \/>\n<!-- \/ Yoast SEO Premium plugin. -->","yoast_head_json":{"title":"VISION X ROCK LIGHT, 1 ST VIT - Vision X Europe","robots":{"index":"index","follow":"follow","max-snippet":"max-snippet:-1","max-image-preview":"max-image-preview:large","max-video-preview":"max-video-preview:-1"},"canonical":"https:\/\/www.visionxeurope.com\/se\/webbutik\/vision-x-rock-light-1-st-vit\/","og_locale":"sv_SE","og_type":"article","og_title":"VISION X ROCK LIGHT, 1 ST VIT","og_description":"Vision X XP Rock Light \u00e4r tuffa, t\u00e5liga och effektiva LED-lampor f\u00f6r montering och belysning av undersidan av olika fordon. XP Rock Light har en extremt bra ljusprestanda f\u00f6r sitt kompakta format, med 3 st CREE LED-dioder p\u00e5 totalt 9W. Det \u00e4r samma typ av LED-dioder som anv\u00e4nds i flera av Vision X LED-extraljusramper. Lamphuset \u00e4r tillverkat av t\u00e5lig aluminium, som \u00e4r svartm\u00e5lat, med en stark och f\u00f6rs\u00e4nkt (n\u00e4stan okrossbar) polykarbonat-lins. XP Rock Light \u00e4r givetvis vattent\u00e5lig med IP68-klassning. Allt f\u00f6r att dessa lampor ska sitta och fungera s\u00e5 l\u00e4nge som m\u00f6jligt. Varje lampa inkluderar tv\u00e5 rej\u00e4la gummif\u00e4sten, f\u00f6r platt och rund montering (t ex runt r\u00f6r), samt en str\u00f6mkabel p\u00e5 4,2 meter. Lamporna s\u00e4ljs i ett, fyra eller sex-pack. Fyra- och sex-packen \u00e4r kompletta kit som inkluderar en kontrollmodul f\u00f6r enkel anslutning till str\u00f6mk\u00e4lla samt ett rel\u00e4. XP Rock Light erbjuds i flera olika f\u00e4rger: Vitt, R\u00f6tt, Gr\u00f6nt, Bl\u00e5tt, Orange och Multi-f\u00e4rg (med fj\u00e4rrkontroll f\u00f6r f\u00e4rgbyte). Denna artikel avser en vit XP Rock Light-lampa.","og_url":"https:\/\/www.visionxeurope.com\/se\/webbutik\/vision-x-rock-light-1-st-vit\/","og_site_name":"Vision X Europe","article_publisher":"https:\/\/www.facebook.com\/visionxeurope","article_modified_time":"2026-01-08T15:45:46+00:00","og_image":[{"width":900,"height":900,"url":"https:\/\/www.rindab.se\/wp-content\/uploads\/sites\/7\/2022\/04\/HIL-RL1W.jpg","type":"image\/jpeg"}],"twitter_card":"summary_large_image","twitter_misc":{"Pris":"294,00&nbsp;&#107;&#114; exkl. moms","Tillg\u00e4nglig":"I lager"},"schema":{"@context":"https:\/\/schema.org","@graph":[{"@type":"WebPage","@id":"https:\/\/www.visionxeurope.com\/se\/webbutik\/vision-x-rock-light-1-st-vit\/","url":"https:\/\/www.visionxeurope.com\/se\/webbutik\/vision-x-rock-light-1-st-vit\/","name":"VISION X ROCK LIGHT, 1 ST VIT - Vision X Europe","isPartOf":{"@id":"https:\/\/www.visionxeurope.com\/se\/#website"},"primaryImageOfPage":{"@id":"https:\/\/www.visionxeurope.com\/se\/webbutik\/vision-x-rock-light-1-st-vit\/#primaryimage"},"image":{"@id":"https:\/\/www.visionxeurope.com\/se\/webbutik\/vision-x-rock-light-1-st-vit\/#primaryimage"},"thumbnailUrl":"https:\/\/www.visionxeurope.com\/se\/wp-content\/uploads\/sites\/7\/2022\/04\/HIL-RL1W.jpg","datePublished":"2022-04-27T07:00:50+00:00","dateModified":"2026-01-08T15:45:46+00:00","breadcrumb":{"@id":"https:\/\/www.visionxeurope.com\/se\/webbutik\/vision-x-rock-light-1-st-vit\/#breadcrumb"},"inLanguage":"sv-SE","potentialAction":[{"@type":"ReadAction","target":["https:\/\/www.visionxeurope.com\/se\/webbutik\/vision-x-rock-light-1-st-vit\/"]}]},{"@type":"ImageObject","inLanguage":"sv-SE","@id":"https:\/\/www.visionxeurope.com\/se\/webbutik\/vision-x-rock-light-1-st-vit\/#primaryimage","url":"https:\/\/www.visionxeurope.com\/se\/wp-content\/uploads\/sites\/7\/2022\/04\/HIL-RL1W.jpg","contentUrl":"https:\/\/www.visionxeurope.com\/se\/wp-content\/uploads\/sites\/7\/2022\/04\/HIL-RL1W.jpg","width":900,"height":900},{"@type":"BreadcrumbList","@id":"https:\/\/www.visionxeurope.com\/se\/webbutik\/vision-x-rock-light-1-st-vit\/#breadcrumb","itemListElement":[{"@type":"ListItem","position":1,"name":"Hem","item":"https:\/\/www.visionxeurope.com\/se\/"},{"@type":"ListItem","position":2,"name":"Webbutik","item":"https:\/\/www.visionxeurope.com\/se\/webbutik\/"},{"@type":"ListItem","position":3,"name":"VISION X ROCK LIGHT, 1 ST VIT"}]},{"@type":"WebSite","@id":"https:\/\/www.visionxeurope.com\/se\/#website","url":"https:\/\/www.visionxeurope.com\/se\/","name":"Vision X Europe","description":"","publisher":{"@id":"https:\/\/www.visionxeurope.com\/se\/#organization"},"potentialAction":[{"@type":"SearchAction","target":{"@type":"EntryPoint","urlTemplate":"https:\/\/www.visionxeurope.com\/se\/?s={search_term_string}"},"query-input":{"@type":"PropertyValueSpecification","valueRequired":true,"valueName":"search_term_string"}}],"inLanguage":"sv-SE"},{"@type":"Organization","@id":"https:\/\/www.visionxeurope.com\/se\/#organization","name":"Vision X Europe","url":"https:\/\/www.visionxeurope.com\/se\/","logo":{"@type":"ImageObject","inLanguage":"sv-SE","@id":"https:\/\/www.visionxeurope.com\/se\/#\/schema\/logo\/image\/","url":"https:\/\/www.visionxeurope.com\/se\/wp-content\/uploads\/sites\/7\/2021\/04\/visionxeurope.png","contentUrl":"https:\/\/www.visionxeurope.com\/se\/wp-content\/uploads\/sites\/7\/2021\/04\/visionxeurope.png","width":300,"height":110,"caption":"Vision X Europe"},"image":{"@id":"https:\/\/www.visionxeurope.com\/se\/#\/schema\/logo\/image\/"},"sameAs":["https:\/\/www.facebook.com\/visionxeurope","https:\/\/www.instagram.com\/visionxeurope\/"]}]},"product_price_amount":"294.00","product_price_currency":"SEK","og_availability":"instock","product_availability":"instock","product_retailer_item_id":"HIL-RL1W","product_condition":"new"},"_links":{"self":[{"href":"https:\/\/www.visionxeurope.com\/se\/wp-json\/wp\/v2\/product\/13772","targetHints":{"allow":["GET"]}}],"collection":[{"href":"https:\/\/www.visionxeurope.com\/se\/wp-json\/wp\/v2\/product"}],"about":[{"href":"https:\/\/www.visionxeurope.com\/se\/wp-json\/wp\/v2\/types\/product"}],"replies":[{"embeddable":true,"href":"https:\/\/www.visionxeurope.com\/se\/wp-json\/wp\/v2\/comments?post=13772"}],"wp:featuredmedia":[{"embeddable":true,"href":"https:\/\/www.visionxeurope.com\/se\/wp-json\/wp\/v2\/media\/13773"}],"wp:attachment":[{"href":"https:\/\/www.visionxeurope.com\/se\/wp-json\/wp\/v2\/media?parent=13772"}],"wp:term":[{"taxonomy":"product_brand","embeddable":true,"href":"https:\/\/www.visionxeurope.com\/se\/wp-json\/wp\/v2\/product_brand?post=13772"},{"taxonomy":"product_cat","embeddable":true,"href":"https:\/\/www.visionxeurope.com\/se\/wp-json\/wp\/v2\/product_cat?post=13772"},{"taxonomy":"product_tag","embeddable":true,"href":"https:\/\/www.visionxeurope.com\/se\/wp-json\/wp\/v2\/product_tag?post=13772"}],"curies":[{"name":"wp","href":"https:\/\/api.w.org\/{rel}","templated":true}]}}