{"id":13765,"date":"2022-04-13T13:31:53","date_gmt":"2022-04-13T11:31:53","guid":{"rendered":"https:\/\/www.visionxeurope.com\/se\/produkt\/vision-x-vl-series-thunder-halo-amber-8-7-105w-led-extraljus\/"},"modified":"2026-01-08T15:46:56","modified_gmt":"2026-01-08T14:46:56","slug":"vision-x-vl-series-thunder-halo-amber-8-7-105w-led-extraljus-adr","status":"publish","type":"product","link":"https:\/\/www.visionxeurope.com\/se\/webbutik\/vision-x-vl-series-thunder-halo-amber-8-7-105w-led-extraljus-adr\/","title":{"rendered":"VISION X VL SERIES THUNDER HALO AMBER 8.7&#8243; 105W LED EXTRALJUS ADR"},"content":{"rendered":"<p><\/p>\n<p>Uppdaterad version av VL-series Thunder 8,7\u2033 \u2013 med gult\/b\u00e4rnstensf\u00e4rgat halo-ljus.<\/p>\n<p><\/p>\n<p><\/p>\n<p>VL-series Thunder Light-serie \u00e4r designm\u00e4ssigt sett v\u00e4ldigt lik Light Cannons, men \u00e4r mer slimmad i sitt format. Multi LED reflektor tekniken borgar f\u00f6r h\u00f6g lumen och fyllig ljusbild med medell\u00e5ng ljusbild och med de effektiva lysdioderna har den riktigt h\u00f6g lumen per watt!<\/p>\n<p><\/p>\n<p><\/p>\n<p>Nya saltmotst\u00e5ndiga ytbehandlingen, heavy-duty-trunnium-f\u00e4ste g\u00f6r den b\u00e5de stadig och l\u00e4tt att installera och justera.<\/p>\n<p><\/p>\n<p><\/p>\n<p><strong>Egenskaper:<\/strong><\/p>\n<p><\/p>\n<p><\/p>\n<ul class=\"wp-block-list\"><\/p>\n<li>Bred spotk\u00e4gla ger b\u00e5de l\u00e4ngd och bredd i samma.<\/li>\n<p><\/p>\n<p><\/p>\n<li>H\u00f6g lumen per watt<\/li>\n<p><\/p>\n<p><\/p>\n<li>Ljusbilden kan enkelt \u00e4ndras med olika stenskottsskydd<\/li>\n<p><\/p>\n<p><\/p>\n<li>Iris reflektor teknik<\/li>\n<p><\/p>\n<p><\/p>\n<li>Heavy Duty 4-bults justerbart Trunnion f\u00e4ste<\/li>\n<p><\/ul>\n<p><\/p>\n<p><\/p>\n<p><strong>Data:<\/strong><\/p>\n<p><\/p>\n<p><\/p>\n<ul class=\"wp-block-list\"><\/p>\n<li>LED: 30x 5W (drivs p\u00e5 3.5W)<\/li>\n<p><\/p>\n<p><\/p>\n<li>R\u00e5a Lumens: 7275 lm<\/li>\n<p><\/p>\n<p><\/p>\n<li>Effektiva lumens: 5093 lm<\/li>\n<p><\/p>\n<p><\/p>\n<li>R\u00e4ckvidd: 500m @ 1Lux (Kit 690m @1Lux)<\/li>\n<p><\/p>\n<p><\/p>\n<li>Watt: 105W<\/li>\n<p><\/p>\n<p><\/p>\n<li>IP klass: IP69K<\/li>\n<p><\/p>\n<p><\/p>\n<li>Godk\u00e4nnande: ADR-godk\u00e4nd<\/li>\n<p><\/p>\n<p><\/p>\n<li>Skyddad mot felv\u00e4nda poler<\/li>\n<p><\/p>\n<p><\/p>\n<li>Standard Deutsch DT kontakt<\/li>\n<p><\/p>\n<p><\/p>\n<li>Str\u00f6mf\u00f6rbrukning: 8.75A @ 12V \/ 4.37A @ 24V<\/li>\n<p><\/p>\n<p><\/p>\n<li>Storlek: 235x240x76mm (bracket included)<\/li>\n<p><\/p>\n<p><\/p>\n<li>Ljusbild: Broad Spot (ca 10+70 grader)<\/li>\n<p><\/p>\n<p><\/p>\n<li>Vikt: 3.35kg<\/li>\n<p><\/p>\n<p><\/p>\n<li>Garanti: 2 \u00e5rs garanti<\/li>\n<p><\/ul>\n<p><\/p>","protected":false},"excerpt":{"rendered":"<p>Uppdaterad version av VL-series Thunder 8,7\u2033 \u2013 med gult\/b\u00e4rnstensf\u00e4rgat halo-ljus.<\/p>\n<p>VL-series Thunder Light-serie \u00e4r designm\u00e4ssigt sett v\u00e4ldigt lik Light Cannons, men \u00e4r mer slimmad i sitt format. Multi LED reflektor tekniken borgar f\u00f6r h\u00f6g lumen och fyllig ljusbild med medell\u00e5ng ljusbild och med de effektiva lysdioderna har den riktigt h\u00f6g lumen per watt!<\/p>\n<p>Nya saltmotst\u00e5ndiga ytbehandlingen, heavy-duty-trunnium-f\u00e4ste g\u00f6r den b\u00e5de stadig och l\u00e4tt att installera och justera.<\/p>\n<p><strong>Egenskaper:<\/strong><\/p>\n<ul>\n<li>Bred spotk\u00e4gla ger b\u00e5de l\u00e4ngd och bredd i samma.<\/li>\n<li>H\u00f6g lumen per watt<\/li>\n<li>Ljusbilden kan enkelt \u00e4ndras med olika stenskottsskydd<\/li>\n<li>Iris reflektor teknik<\/li>\n<li>Heavy Duty 4-bults justerbart Trunnion f\u00e4ste<\/li>\n<\/ul>\n<p><strong>Data:<\/strong><\/p>\n<ul>\n<li>LED: 30x 5W (drivs p\u00e5 3.5W)<\/li>\n<li>R\u00e5a Lumens: 7275 lm<\/li>\n<li>Effektiva lumens: 5093 lm<\/li>\n<li>R\u00e4ckvidd: 500m @ 1Lux (Kit 690m @1Lux)<\/li>\n<li>Watt: 105W<\/li>\n<li>IP klass: IP69K<\/li>\n<li>Godk\u00e4nnande: ADR-godk\u00e4nd<\/li>\n<li>Skyddad mot felv\u00e4nda poler<\/li>\n<li>Standard Deutsch DT kontakt<\/li>\n<li>Str\u00f6mf\u00f6rbrukning: 8.75A @ 12V \/ 4.37A @ 24V<\/li>\n<li>Storlek: 235x240x76mm (bracket included)<\/li>\n<li>Ljusbild: Broad Spot (ca 10+70 grader)<\/li>\n<li>Vikt: 3.35kg<\/li>\n<li>Garanti: 2 \u00e5rs garanti<\/li>\n<\/ul>\n","protected":false},"featured_media":13766,"comment_status":"open","ping_status":"open","template":"","meta":{"editor_notices":[]},"product_brand":[],"product_cat":[797,62],"product_tag":[],"class_list":{"0":"post-13765","1":"product","2":"type-product","3":"status-publish","4":"has-post-thumbnail","6":"product_cat-thunder","7":"product_cat-vl-series","8":"resize-featured-image","9":"","10":"woocommerce-text-align-left","11":"woocommerce-image-align-center","13":"first","14":"instock","15":"taxable","16":"shipping-taxable","17":"product-type-simple"},"yoast_head":"<!-- This site is optimized with the Yoast SEO Premium plugin v25.0 (Yoast SEO v25.0) - https:\/\/yoast.com\/wordpress\/plugins\/seo\/ -->\n<title>VISION X VL SERIES THUNDER HALO AMBER 8.7&quot; 105W LED EXTRALJUS ADR - Vision X Europe<\/title>\n<meta name=\"robots\" content=\"index, follow, max-snippet:-1, max-image-preview:large, max-video-preview:-1\" \/>\n<link rel=\"canonical\" href=\"https:\/\/www.visionxeurope.com\/se\/webbutik\/vision-x-vl-series-thunder-halo-amber-8-7-105w-led-extraljus-adr\/\" \/>\n<meta property=\"og:locale\" content=\"sv_SE\" \/>\n<meta property=\"og:type\" content=\"article\" \/>\n<meta property=\"og:title\" content=\"VISION X VL SERIES THUNDER HALO AMBER 8.7&quot; 105W LED EXTRALJUS ADR\" \/>\n<meta property=\"og:description\" content=\"Uppdaterad version av VL-series Thunder 8,7\u2033 \u2013 med gult\/b\u00e4rnstensf\u00e4rgat halo-ljus. VL-series Thunder Light-serie \u00e4r designm\u00e4ssigt sett v\u00e4ldigt lik Light Cannons, men \u00e4r mer slimmad i sitt format. Multi LED reflektor tekniken borgar f\u00f6r h\u00f6g lumen och fyllig ljusbild med medell\u00e5ng ljusbild och med de effektiva lysdioderna har den riktigt h\u00f6g lumen per watt! Nya saltmotst\u00e5ndiga ytbehandlingen, heavy-duty-trunnium-f\u00e4ste g\u00f6r den b\u00e5de stadig och l\u00e4tt att installera och justera. Egenskaper: Bred spotk\u00e4gla ger b\u00e5de l\u00e4ngd och bredd i samma. H\u00f6g lumen per watt Ljusbilden kan enkelt \u00e4ndras med olika stenskottsskydd Iris reflektor teknik Heavy Duty 4-bults justerbart Trunnion f\u00e4ste Data: LED: 30x 5W (drivs p\u00e5 3.5W) R\u00e5a Lumens: 7275 lm Effektiva lumens: 5093 lm R\u00e4ckvidd: 500m @ 1Lux (Kit 690m @1Lux) Watt: 105W IP klass: IP69K Godk\u00e4nnande: ADR-godk\u00e4nd Skyddad mot felv\u00e4nda poler Standard Deutsch DT kontakt Str\u00f6mf\u00f6rbrukning: 8.75A @ 12V \/ 4.37A @ 24V Storlek: 235x240x76mm (bracket included) Ljusbild: Broad Spot (ca 10+70 grader) Vikt: 3.35kg Garanti: 2 \u00e5rs garanti\" \/>\n<meta property=\"og:url\" content=\"https:\/\/www.visionxeurope.com\/se\/webbutik\/vision-x-vl-series-thunder-halo-amber-8-7-105w-led-extraljus-adr\/\" \/>\n<meta property=\"og:site_name\" content=\"Vision X Europe\" \/>\n<meta property=\"article:publisher\" content=\"https:\/\/www.facebook.com\/visionxeurope\" \/>\n<meta property=\"article:modified_time\" content=\"2026-01-08T14:46:56+00:00\" \/>\n<meta property=\"og:image\" content=\"https:\/\/www.visionxeurope.com\/se\/wp-content\/uploads\/sites\/7\/2022\/04\/VWRHA043010-1.jpg\" \/>\n\t<meta property=\"og:image:width\" content=\"1500\" \/>\n\t<meta property=\"og:image:height\" content=\"1500\" \/>\n\t<meta property=\"og:image:type\" content=\"image\/jpeg\" \/>\n<meta name=\"twitter:card\" content=\"summary_large_image\" \/>\n<meta name=\"twitter:label1\" content=\"Pris\" \/>\n\t<meta name=\"twitter:data1\" content=\"4 578,00&nbsp;&#107;&#114; exkl. moms\" \/>\n\t<meta name=\"twitter:label2\" content=\"Tillg\u00e4nglig\" \/>\n\t<meta name=\"twitter:data2\" content=\"I lager\" \/>\n<script type=\"application\/ld+json\" class=\"yoast-schema-graph\">{\"@context\":\"https:\/\/schema.org\",\"@graph\":[{\"@type\":\"WebPage\",\"@id\":\"https:\/\/www.visionxeurope.com\/se\/webbutik\/vision-x-vl-series-thunder-halo-amber-8-7-105w-led-extraljus-adr\/\",\"url\":\"https:\/\/www.visionxeurope.com\/se\/webbutik\/vision-x-vl-series-thunder-halo-amber-8-7-105w-led-extraljus-adr\/\",\"name\":\"VISION X VL SERIES THUNDER HALO AMBER 8.7\\\" 105W LED EXTRALJUS ADR - Vision X Europe\",\"isPartOf\":{\"@id\":\"https:\/\/www.visionxeurope.com\/se\/#website\"},\"primaryImageOfPage\":{\"@id\":\"https:\/\/www.visionxeurope.com\/se\/webbutik\/vision-x-vl-series-thunder-halo-amber-8-7-105w-led-extraljus-adr\/#primaryimage\"},\"image\":{\"@id\":\"https:\/\/www.visionxeurope.com\/se\/webbutik\/vision-x-vl-series-thunder-halo-amber-8-7-105w-led-extraljus-adr\/#primaryimage\"},\"thumbnailUrl\":\"https:\/\/www.visionxeurope.com\/se\/wp-content\/uploads\/sites\/7\/2022\/04\/VWRHA043010-1.jpg\",\"datePublished\":\"2022-04-13T11:31:53+00:00\",\"dateModified\":\"2026-01-08T14:46:56+00:00\",\"breadcrumb\":{\"@id\":\"https:\/\/www.visionxeurope.com\/se\/webbutik\/vision-x-vl-series-thunder-halo-amber-8-7-105w-led-extraljus-adr\/#breadcrumb\"},\"inLanguage\":\"sv-SE\",\"potentialAction\":[{\"@type\":\"ReadAction\",\"target\":[\"https:\/\/www.visionxeurope.com\/se\/webbutik\/vision-x-vl-series-thunder-halo-amber-8-7-105w-led-extraljus-adr\/\"]}]},{\"@type\":\"ImageObject\",\"inLanguage\":\"sv-SE\",\"@id\":\"https:\/\/www.visionxeurope.com\/se\/webbutik\/vision-x-vl-series-thunder-halo-amber-8-7-105w-led-extraljus-adr\/#primaryimage\",\"url\":\"https:\/\/www.visionxeurope.com\/se\/wp-content\/uploads\/sites\/7\/2022\/04\/VWRHA043010-1.jpg\",\"contentUrl\":\"https:\/\/www.visionxeurope.com\/se\/wp-content\/uploads\/sites\/7\/2022\/04\/VWRHA043010-1.jpg\",\"width\":1500,\"height\":1500},{\"@type\":\"BreadcrumbList\",\"@id\":\"https:\/\/www.visionxeurope.com\/se\/webbutik\/vision-x-vl-series-thunder-halo-amber-8-7-105w-led-extraljus-adr\/#breadcrumb\",\"itemListElement\":[{\"@type\":\"ListItem\",\"position\":1,\"name\":\"Hem\",\"item\":\"https:\/\/www.visionxeurope.com\/se\/\"},{\"@type\":\"ListItem\",\"position\":2,\"name\":\"Webbutik\",\"item\":\"https:\/\/www.visionxeurope.com\/se\/webbutik\/\"},{\"@type\":\"ListItem\",\"position\":3,\"name\":\"VISION X VL SERIES THUNDER HALO AMBER 8.7&#8243; 105W LED EXTRALJUS ADR\"}]},{\"@type\":\"WebSite\",\"@id\":\"https:\/\/www.visionxeurope.com\/se\/#website\",\"url\":\"https:\/\/www.visionxeurope.com\/se\/\",\"name\":\"Vision X Europe\",\"description\":\"\",\"publisher\":{\"@id\":\"https:\/\/www.visionxeurope.com\/se\/#organization\"},\"potentialAction\":[{\"@type\":\"SearchAction\",\"target\":{\"@type\":\"EntryPoint\",\"urlTemplate\":\"https:\/\/www.visionxeurope.com\/se\/?s={search_term_string}\"},\"query-input\":{\"@type\":\"PropertyValueSpecification\",\"valueRequired\":true,\"valueName\":\"search_term_string\"}}],\"inLanguage\":\"sv-SE\"},{\"@type\":\"Organization\",\"@id\":\"https:\/\/www.visionxeurope.com\/se\/#organization\",\"name\":\"Vision X Europe\",\"url\":\"https:\/\/www.visionxeurope.com\/se\/\",\"logo\":{\"@type\":\"ImageObject\",\"inLanguage\":\"sv-SE\",\"@id\":\"https:\/\/www.visionxeurope.com\/se\/#\/schema\/logo\/image\/\",\"url\":\"https:\/\/www.visionxeurope.com\/se\/wp-content\/uploads\/sites\/7\/2021\/04\/visionxeurope.png\",\"contentUrl\":\"https:\/\/www.visionxeurope.com\/se\/wp-content\/uploads\/sites\/7\/2021\/04\/visionxeurope.png\",\"width\":300,\"height\":110,\"caption\":\"Vision X Europe\"},\"image\":{\"@id\":\"https:\/\/www.visionxeurope.com\/se\/#\/schema\/logo\/image\/\"},\"sameAs\":[\"https:\/\/www.facebook.com\/visionxeurope\",\"https:\/\/www.instagram.com\/visionxeurope\/\"]}]}<\/script>\n<meta property=\"product:price:amount\" content=\"4578.00\" \/>\n<meta property=\"product:price:currency\" content=\"SEK\" \/>\n<meta property=\"og:availability\" content=\"instock\" \/>\n<meta property=\"product:availability\" content=\"instock\" \/>\n<meta property=\"product:retailer_item_id\" content=\"VWRHA043010\" \/>\n<meta property=\"product:condition\" content=\"new\" \/>\n<!-- \/ Yoast SEO Premium plugin. -->","yoast_head_json":{"title":"VISION X VL SERIES THUNDER HALO AMBER 8.7\" 105W LED EXTRALJUS ADR - Vision X Europe","robots":{"index":"index","follow":"follow","max-snippet":"max-snippet:-1","max-image-preview":"max-image-preview:large","max-video-preview":"max-video-preview:-1"},"canonical":"https:\/\/www.visionxeurope.com\/se\/webbutik\/vision-x-vl-series-thunder-halo-amber-8-7-105w-led-extraljus-adr\/","og_locale":"sv_SE","og_type":"article","og_title":"VISION X VL SERIES THUNDER HALO AMBER 8.7\" 105W LED EXTRALJUS ADR","og_description":"Uppdaterad version av VL-series Thunder 8,7\u2033 \u2013 med gult\/b\u00e4rnstensf\u00e4rgat halo-ljus. VL-series Thunder Light-serie \u00e4r designm\u00e4ssigt sett v\u00e4ldigt lik Light Cannons, men \u00e4r mer slimmad i sitt format. Multi LED reflektor tekniken borgar f\u00f6r h\u00f6g lumen och fyllig ljusbild med medell\u00e5ng ljusbild och med de effektiva lysdioderna har den riktigt h\u00f6g lumen per watt! Nya saltmotst\u00e5ndiga ytbehandlingen, heavy-duty-trunnium-f\u00e4ste g\u00f6r den b\u00e5de stadig och l\u00e4tt att installera och justera. Egenskaper: Bred spotk\u00e4gla ger b\u00e5de l\u00e4ngd och bredd i samma. H\u00f6g lumen per watt Ljusbilden kan enkelt \u00e4ndras med olika stenskottsskydd Iris reflektor teknik Heavy Duty 4-bults justerbart Trunnion f\u00e4ste Data: LED: 30x 5W (drivs p\u00e5 3.5W) R\u00e5a Lumens: 7275 lm Effektiva lumens: 5093 lm R\u00e4ckvidd: 500m @ 1Lux (Kit 690m @1Lux) Watt: 105W IP klass: IP69K Godk\u00e4nnande: ADR-godk\u00e4nd Skyddad mot felv\u00e4nda poler Standard Deutsch DT kontakt Str\u00f6mf\u00f6rbrukning: 8.75A @ 12V \/ 4.37A @ 24V Storlek: 235x240x76mm (bracket included) Ljusbild: Broad Spot (ca 10+70 grader) Vikt: 3.35kg Garanti: 2 \u00e5rs garanti","og_url":"https:\/\/www.visionxeurope.com\/se\/webbutik\/vision-x-vl-series-thunder-halo-amber-8-7-105w-led-extraljus-adr\/","og_site_name":"Vision X Europe","article_publisher":"https:\/\/www.facebook.com\/visionxeurope","article_modified_time":"2026-01-08T14:46:56+00:00","og_image":[{"width":1500,"height":1500,"url":"https:\/\/www.visionxeurope.com\/se\/wp-content\/uploads\/sites\/7\/2022\/04\/VWRHA043010-1.jpg","type":"image\/jpeg"}],"twitter_card":"summary_large_image","twitter_misc":{"Pris":"4 578,00&nbsp;&#107;&#114; exkl. moms","Tillg\u00e4nglig":"I lager"},"schema":{"@context":"https:\/\/schema.org","@graph":[{"@type":"WebPage","@id":"https:\/\/www.visionxeurope.com\/se\/webbutik\/vision-x-vl-series-thunder-halo-amber-8-7-105w-led-extraljus-adr\/","url":"https:\/\/www.visionxeurope.com\/se\/webbutik\/vision-x-vl-series-thunder-halo-amber-8-7-105w-led-extraljus-adr\/","name":"VISION X VL SERIES THUNDER HALO AMBER 8.7\" 105W LED EXTRALJUS ADR - Vision X Europe","isPartOf":{"@id":"https:\/\/www.visionxeurope.com\/se\/#website"},"primaryImageOfPage":{"@id":"https:\/\/www.visionxeurope.com\/se\/webbutik\/vision-x-vl-series-thunder-halo-amber-8-7-105w-led-extraljus-adr\/#primaryimage"},"image":{"@id":"https:\/\/www.visionxeurope.com\/se\/webbutik\/vision-x-vl-series-thunder-halo-amber-8-7-105w-led-extraljus-adr\/#primaryimage"},"thumbnailUrl":"https:\/\/www.visionxeurope.com\/se\/wp-content\/uploads\/sites\/7\/2022\/04\/VWRHA043010-1.jpg","datePublished":"2022-04-13T11:31:53+00:00","dateModified":"2026-01-08T14:46:56+00:00","breadcrumb":{"@id":"https:\/\/www.visionxeurope.com\/se\/webbutik\/vision-x-vl-series-thunder-halo-amber-8-7-105w-led-extraljus-adr\/#breadcrumb"},"inLanguage":"sv-SE","potentialAction":[{"@type":"ReadAction","target":["https:\/\/www.visionxeurope.com\/se\/webbutik\/vision-x-vl-series-thunder-halo-amber-8-7-105w-led-extraljus-adr\/"]}]},{"@type":"ImageObject","inLanguage":"sv-SE","@id":"https:\/\/www.visionxeurope.com\/se\/webbutik\/vision-x-vl-series-thunder-halo-amber-8-7-105w-led-extraljus-adr\/#primaryimage","url":"https:\/\/www.visionxeurope.com\/se\/wp-content\/uploads\/sites\/7\/2022\/04\/VWRHA043010-1.jpg","contentUrl":"https:\/\/www.visionxeurope.com\/se\/wp-content\/uploads\/sites\/7\/2022\/04\/VWRHA043010-1.jpg","width":1500,"height":1500},{"@type":"BreadcrumbList","@id":"https:\/\/www.visionxeurope.com\/se\/webbutik\/vision-x-vl-series-thunder-halo-amber-8-7-105w-led-extraljus-adr\/#breadcrumb","itemListElement":[{"@type":"ListItem","position":1,"name":"Hem","item":"https:\/\/www.visionxeurope.com\/se\/"},{"@type":"ListItem","position":2,"name":"Webbutik","item":"https:\/\/www.visionxeurope.com\/se\/webbutik\/"},{"@type":"ListItem","position":3,"name":"VISION X VL SERIES THUNDER HALO AMBER 8.7&#8243; 105W LED EXTRALJUS ADR"}]},{"@type":"WebSite","@id":"https:\/\/www.visionxeurope.com\/se\/#website","url":"https:\/\/www.visionxeurope.com\/se\/","name":"Vision X Europe","description":"","publisher":{"@id":"https:\/\/www.visionxeurope.com\/se\/#organization"},"potentialAction":[{"@type":"SearchAction","target":{"@type":"EntryPoint","urlTemplate":"https:\/\/www.visionxeurope.com\/se\/?s={search_term_string}"},"query-input":{"@type":"PropertyValueSpecification","valueRequired":true,"valueName":"search_term_string"}}],"inLanguage":"sv-SE"},{"@type":"Organization","@id":"https:\/\/www.visionxeurope.com\/se\/#organization","name":"Vision X Europe","url":"https:\/\/www.visionxeurope.com\/se\/","logo":{"@type":"ImageObject","inLanguage":"sv-SE","@id":"https:\/\/www.visionxeurope.com\/se\/#\/schema\/logo\/image\/","url":"https:\/\/www.visionxeurope.com\/se\/wp-content\/uploads\/sites\/7\/2021\/04\/visionxeurope.png","contentUrl":"https:\/\/www.visionxeurope.com\/se\/wp-content\/uploads\/sites\/7\/2021\/04\/visionxeurope.png","width":300,"height":110,"caption":"Vision X Europe"},"image":{"@id":"https:\/\/www.visionxeurope.com\/se\/#\/schema\/logo\/image\/"},"sameAs":["https:\/\/www.facebook.com\/visionxeurope","https:\/\/www.instagram.com\/visionxeurope\/"]}]},"product_price_amount":"4578.00","product_price_currency":"SEK","og_availability":"instock","product_availability":"instock","product_retailer_item_id":"VWRHA043010","product_condition":"new"},"_links":{"self":[{"href":"https:\/\/www.visionxeurope.com\/se\/wp-json\/wp\/v2\/product\/13765","targetHints":{"allow":["GET"]}}],"collection":[{"href":"https:\/\/www.visionxeurope.com\/se\/wp-json\/wp\/v2\/product"}],"about":[{"href":"https:\/\/www.visionxeurope.com\/se\/wp-json\/wp\/v2\/types\/product"}],"replies":[{"embeddable":true,"href":"https:\/\/www.visionxeurope.com\/se\/wp-json\/wp\/v2\/comments?post=13765"}],"wp:featuredmedia":[{"embeddable":true,"href":"https:\/\/www.visionxeurope.com\/se\/wp-json\/wp\/v2\/media\/13766"}],"wp:attachment":[{"href":"https:\/\/www.visionxeurope.com\/se\/wp-json\/wp\/v2\/media?parent=13765"}],"wp:term":[{"taxonomy":"product_brand","embeddable":true,"href":"https:\/\/www.visionxeurope.com\/se\/wp-json\/wp\/v2\/product_brand?post=13765"},{"taxonomy":"product_cat","embeddable":true,"href":"https:\/\/www.visionxeurope.com\/se\/wp-json\/wp\/v2\/product_cat?post=13765"},{"taxonomy":"product_tag","embeddable":true,"href":"https:\/\/www.visionxeurope.com\/se\/wp-json\/wp\/v2\/product_tag?post=13765"}],"curies":[{"name":"wp","href":"https:\/\/api.w.org\/{rel}","templated":true}]}}