{"id":13738,"date":"2022-04-08T13:15:28","date_gmt":"2022-04-08T11:15:28","guid":{"rendered":"https:\/\/www.visionxeurope.com\/se\/produkt\/vision-x-light-cannon-8-7-combo-gul-skyddslock\/"},"modified":"2026-03-26T14:53:41","modified_gmt":"2026-03-26T13:53:41","slug":"vision-x-light-cannon-8-7-combo-gul-skyddslock","status":"publish","type":"product","link":"https:\/\/www.visionxeurope.com\/se\/webbutik\/vision-x-light-cannon-8-7-combo-gul-skyddslock\/","title":{"rendered":"VISION X LIGHT CANNON 8.7&#8243; COMBO GUL SKYDDSLOCK"},"content":{"rendered":"<p><\/p>\n<p>Skyddslock som \u00e4ven f\u00f6r\u00e4ndrar ljusbilden och passar p\u00e5 Vision X Cannon lampan. Locket kn\u00e4pps enkelt fast p\u00e5 lampan.<\/p>\n<p><\/p>\n<p><\/p>\n<p>Skyddslocket \u00e4r tillverkad i polykarbonat (n\u00e4stintill okrossbart) och erbjuder ett lock som skyddar mot sten och dubbskott samt f\u00f6r\u00e4ndring av ljusbilden. Cannon cover finns i flera olika f\u00e4rger och ljusbilder.<\/p>\n<p><\/p>\n<p><\/p>\n<p>Detta lock \u00e4r gult och sl\u00e4pper igenom ljuset samt f\u00f6r\u00e4ndrar ljusbilden fr\u00e5n spot till driving.<\/p>\n<p><\/p>\n<p><\/p>\n<p>Locket s\u00e4ljs styckvis.<\/p>\n<p><\/p>\n<p><\/p>\n<p><strong>F\u00e4rgade Skyddslock<\/strong><\/p>\n<p><\/p>\n<p><\/p>\n<p>Fyra olika f\u00e4rgalternativ, alla med olika specifika anv\u00e4ndningsomr\u00e5den. R\u00f6d \u00e4r utformad f\u00f6r att minska ljustemperatur och bl\u00e4ndning i syfte att \u00f6ka sikten i dammiga f\u00f6rh\u00e5llanden. Gult \u00e4r konstruerad f\u00f6r dimma genom att minska m\u00e4ngden bl\u00e5tt ljus. Bl\u00e5tt skyddslock \u00e4r till f\u00f6r att \u00f6ka ljusavst\u00e5ndet n\u00e4r de anv\u00e4nds i sn\u00f6 genom att reflektera det bl\u00e5 ljuset fr\u00e5n sn\u00f6n. Genomskinlig anv\u00e4nds f\u00f6r att skydda mot damm och skr\u00e4p.<\/p>\n<p><\/p>\n<p><\/p>\n<p><strong>Skyddslock som \u00e4ndrar ljusbilden<\/strong><\/p>\n<p><\/p>\n<p><\/p>\n<p>Fem olika spridningsalternativ och ett svart lock (black out) g\u00f6r att du kan ta ditt ljus och f\u00f6rvandla det till 20 olika lampor. Euro \u00e4r en platt, horisontell ljusbild (spridning p\u00e5 bredden) som beh\u00e5ller ljusl\u00e4ngden. Flood, f\u00f6r bred spridning d\u00e4r en stor ljusbild \u00e4r att f\u00f6redra. Wide flood ger en \u00e4nnu st\u00f6rre och bredare ljusbild \u00e4n flood men kortar samtidigt ned ljusbilden. Spot-skyddet beh\u00e5ller ljusbilden som den \u00e4r fr\u00e5n b\u00f6rjan och skyddar lampan. Spot l\u00e4get ger en l\u00e5ng och smal ljusbild. Det elliptiska skyddet ger en l\u00e5g (horisontell) ljusbild men h\u00e5ller fortfarande bra l\u00e4ngd.<\/p>\n<p><\/p>","protected":false},"excerpt":{"rendered":"<p>Skyddslock som \u00e4ven f\u00f6r\u00e4ndrar ljusbilden och passar p\u00e5 Vision X Cannon lampan. Locket kn\u00e4pps enkelt fast p\u00e5 lampan.<\/p>\n<p>Skyddslocket \u00e4r tillverkad i polykarbonat (n\u00e4stintill okrossbart) och erbjuder ett lock som skyddar mot sten och dubbskott samt f\u00f6r\u00e4ndring av ljusbilden. Cannon cover finns i flera olika f\u00e4rger och ljusbilder.<\/p>\n<p>Detta lock \u00e4r gult och sl\u00e4pper igenom ljuset samt f\u00f6r\u00e4ndrar ljusbilden fr\u00e5n spot till driving.<\/p>\n<p>Locket s\u00e4ljs styckvis.<\/p>\n<p><strong>F\u00e4rgade Skyddslock<\/strong><\/p>\n<p>Fyra olika f\u00e4rgalternativ, alla med olika specifika anv\u00e4ndningsomr\u00e5den. R\u00f6d \u00e4r utformad f\u00f6r att minska ljustemperatur och bl\u00e4ndning i syfte att \u00f6ka sikten i dammiga f\u00f6rh\u00e5llanden. Gult \u00e4r konstruerad f\u00f6r dimma genom att minska m\u00e4ngden bl\u00e5tt ljus. Bl\u00e5tt skyddslock \u00e4r till f\u00f6r att \u00f6ka ljusavst\u00e5ndet n\u00e4r de anv\u00e4nds i sn\u00f6 genom att reflektera det bl\u00e5 ljuset fr\u00e5n sn\u00f6n. Genomskinlig anv\u00e4nds f\u00f6r att skydda mot damm och skr\u00e4p.<\/p>\n<p><strong>Skyddslock som \u00e4ndrar ljusbilden<\/strong><\/p>\n<p>Fem olika spridningsalternativ och ett svart lock (black out) g\u00f6r att du kan ta ditt ljus och f\u00f6rvandla det till 20 olika lampor. Euro \u00e4r en platt, horisontell ljusbild (spridning p\u00e5 bredden) som beh\u00e5ller ljusl\u00e4ngden. Flood, f\u00f6r bred spridning d\u00e4r en stor ljusbild \u00e4r att f\u00f6redra. Wide flood ger en \u00e4nnu st\u00f6rre och bredare ljusbild \u00e4n flood men kortar samtidigt ned ljusbilden. Spot-skyddet beh\u00e5ller ljusbilden som den \u00e4r fr\u00e5n b\u00f6rjan och skyddar lampan. Spot l\u00e4get ger en l\u00e5ng och smal ljusbild. Det elliptiska skyddet ger en l\u00e5g (horisontell) ljusbild men h\u00e5ller fortfarande bra l\u00e4ngd.<\/p>\n","protected":false},"featured_media":13739,"comment_status":"open","ping_status":"open","template":"","meta":{"editor_notices":[]},"product_brand":[],"product_cat":[59],"product_tag":[],"class_list":{"0":"post-13738","1":"product","2":"type-product","3":"status-publish","4":"has-post-thumbnail","6":"product_cat-skyddslock","7":"resize-featured-image","8":"","9":"woocommerce-text-align-left","10":"woocommerce-image-align-center","12":"first","13":"outofstock","14":"taxable","15":"shipping-taxable","16":"product-type-simple"},"yoast_head":"<!-- This site is optimized with the Yoast SEO Premium plugin v25.0 (Yoast SEO v25.0) - https:\/\/yoast.com\/wordpress\/plugins\/seo\/ -->\n<title>VISION X LIGHT CANNON 8.7&quot; COMBO GUL SKYDDSLOCK - Vision X Europe<\/title>\n<meta name=\"robots\" content=\"index, follow, max-snippet:-1, max-image-preview:large, max-video-preview:-1\" \/>\n<link rel=\"canonical\" href=\"https:\/\/www.visionxeurope.com\/se\/webbutik\/vision-x-light-cannon-8-7-combo-gul-skyddslock\/\" \/>\n<meta property=\"og:locale\" content=\"sv_SE\" \/>\n<meta property=\"og:type\" content=\"article\" \/>\n<meta property=\"og:title\" content=\"VISION X LIGHT CANNON 8.7&quot; COMBO GUL SKYDDSLOCK\" \/>\n<meta property=\"og:description\" content=\"Skyddslock som \u00e4ven f\u00f6r\u00e4ndrar ljusbilden och passar p\u00e5 Vision X Cannon lampan. Locket kn\u00e4pps enkelt fast p\u00e5 lampan. Skyddslocket \u00e4r tillverkad i polykarbonat (n\u00e4stintill okrossbart) och erbjuder ett lock som skyddar mot sten och dubbskott samt f\u00f6r\u00e4ndring av ljusbilden. Cannon cover finns i flera olika f\u00e4rger och ljusbilder. Detta lock \u00e4r gult och sl\u00e4pper igenom ljuset samt f\u00f6r\u00e4ndrar ljusbilden fr\u00e5n spot till driving. Locket s\u00e4ljs styckvis. F\u00e4rgade Skyddslock Fyra olika f\u00e4rgalternativ, alla med olika specifika anv\u00e4ndningsomr\u00e5den. R\u00f6d \u00e4r utformad f\u00f6r att minska ljustemperatur och bl\u00e4ndning i syfte att \u00f6ka sikten i dammiga f\u00f6rh\u00e5llanden. Gult \u00e4r konstruerad f\u00f6r dimma genom att minska m\u00e4ngden bl\u00e5tt ljus. Bl\u00e5tt skyddslock \u00e4r till f\u00f6r att \u00f6ka ljusavst\u00e5ndet n\u00e4r de anv\u00e4nds i sn\u00f6 genom att reflektera det bl\u00e5 ljuset fr\u00e5n sn\u00f6n. Genomskinlig anv\u00e4nds f\u00f6r att skydda mot damm och skr\u00e4p. Skyddslock som \u00e4ndrar ljusbilden Fem olika spridningsalternativ och ett svart lock (black out) g\u00f6r att du kan ta ditt ljus och f\u00f6rvandla det till 20 olika lampor. Euro \u00e4r en platt, horisontell ljusbild (spridning p\u00e5 bredden) som beh\u00e5ller ljusl\u00e4ngden. Flood, f\u00f6r bred spridning d\u00e4r en stor ljusbild \u00e4r att f\u00f6redra. Wide flood ger en \u00e4nnu st\u00f6rre och bredare ljusbild \u00e4n flood men kortar samtidigt ned ljusbilden. Spot-skyddet beh\u00e5ller ljusbilden som den \u00e4r fr\u00e5n b\u00f6rjan och skyddar lampan. Spot l\u00e4get ger en l\u00e5ng och smal ljusbild. Det elliptiska skyddet ger en l\u00e5g (horisontell) ljusbild men h\u00e5ller fortfarande bra l\u00e4ngd.\" \/>\n<meta property=\"og:url\" content=\"https:\/\/www.visionxeurope.com\/se\/webbutik\/vision-x-light-cannon-8-7-combo-gul-skyddslock\/\" \/>\n<meta property=\"og:site_name\" content=\"Vision X Europe\" \/>\n<meta property=\"article:publisher\" content=\"https:\/\/www.facebook.com\/visionxeurope\" \/>\n<meta property=\"article:modified_time\" content=\"2026-03-26T13:53:41+00:00\" \/>\n<meta property=\"og:image\" content=\"https:\/\/www.rindab.se\/wp-content\/uploads\/sites\/7\/2022\/04\/PCV-8500YCB.jpg\" \/>\n\t<meta property=\"og:image:width\" content=\"1920\" \/>\n\t<meta property=\"og:image:height\" content=\"1920\" \/>\n\t<meta property=\"og:image:type\" content=\"image\/jpeg\" \/>\n<meta name=\"twitter:card\" content=\"summary_large_image\" \/>\n<meta name=\"twitter:label1\" content=\"Pris\" \/>\n\t<meta name=\"twitter:data1\" content=\"442,00&nbsp;&#107;&#114; exkl. moms\" \/>\n\t<meta name=\"twitter:label2\" content=\"Tillg\u00e4nglig\" \/>\n\t<meta name=\"twitter:data2\" content=\"Slut i lager\" \/>\n<script type=\"application\/ld+json\" class=\"yoast-schema-graph\">{\"@context\":\"https:\/\/schema.org\",\"@graph\":[{\"@type\":\"WebPage\",\"@id\":\"https:\/\/www.visionxeurope.com\/se\/webbutik\/vision-x-light-cannon-8-7-combo-gul-skyddslock\/\",\"url\":\"https:\/\/www.visionxeurope.com\/se\/webbutik\/vision-x-light-cannon-8-7-combo-gul-skyddslock\/\",\"name\":\"VISION X LIGHT CANNON 8.7\\\" COMBO GUL SKYDDSLOCK - Vision X Europe\",\"isPartOf\":{\"@id\":\"https:\/\/www.visionxeurope.com\/se\/#website\"},\"primaryImageOfPage\":{\"@id\":\"https:\/\/www.visionxeurope.com\/se\/webbutik\/vision-x-light-cannon-8-7-combo-gul-skyddslock\/#primaryimage\"},\"image\":{\"@id\":\"https:\/\/www.visionxeurope.com\/se\/webbutik\/vision-x-light-cannon-8-7-combo-gul-skyddslock\/#primaryimage\"},\"thumbnailUrl\":\"https:\/\/www.visionxeurope.com\/se\/wp-content\/uploads\/sites\/7\/2022\/04\/PCV-8500YCB.jpg\",\"datePublished\":\"2022-04-08T11:15:28+00:00\",\"dateModified\":\"2026-03-26T13:53:41+00:00\",\"breadcrumb\":{\"@id\":\"https:\/\/www.visionxeurope.com\/se\/webbutik\/vision-x-light-cannon-8-7-combo-gul-skyddslock\/#breadcrumb\"},\"inLanguage\":\"sv-SE\",\"potentialAction\":[{\"@type\":\"ReadAction\",\"target\":[\"https:\/\/www.visionxeurope.com\/se\/webbutik\/vision-x-light-cannon-8-7-combo-gul-skyddslock\/\"]}]},{\"@type\":\"ImageObject\",\"inLanguage\":\"sv-SE\",\"@id\":\"https:\/\/www.visionxeurope.com\/se\/webbutik\/vision-x-light-cannon-8-7-combo-gul-skyddslock\/#primaryimage\",\"url\":\"https:\/\/www.visionxeurope.com\/se\/wp-content\/uploads\/sites\/7\/2022\/04\/PCV-8500YCB.jpg\",\"contentUrl\":\"https:\/\/www.visionxeurope.com\/se\/wp-content\/uploads\/sites\/7\/2022\/04\/PCV-8500YCB.jpg\",\"width\":1920,\"height\":1920},{\"@type\":\"BreadcrumbList\",\"@id\":\"https:\/\/www.visionxeurope.com\/se\/webbutik\/vision-x-light-cannon-8-7-combo-gul-skyddslock\/#breadcrumb\",\"itemListElement\":[{\"@type\":\"ListItem\",\"position\":1,\"name\":\"Hem\",\"item\":\"https:\/\/www.visionxeurope.com\/se\/\"},{\"@type\":\"ListItem\",\"position\":2,\"name\":\"Webbutik\",\"item\":\"https:\/\/www.visionxeurope.com\/se\/webbutik\/\"},{\"@type\":\"ListItem\",\"position\":3,\"name\":\"VISION X LIGHT CANNON 8.7&#8243; COMBO GUL SKYDDSLOCK\"}]},{\"@type\":\"WebSite\",\"@id\":\"https:\/\/www.visionxeurope.com\/se\/#website\",\"url\":\"https:\/\/www.visionxeurope.com\/se\/\",\"name\":\"Vision X Europe\",\"description\":\"\",\"publisher\":{\"@id\":\"https:\/\/www.visionxeurope.com\/se\/#organization\"},\"potentialAction\":[{\"@type\":\"SearchAction\",\"target\":{\"@type\":\"EntryPoint\",\"urlTemplate\":\"https:\/\/www.visionxeurope.com\/se\/?s={search_term_string}\"},\"query-input\":{\"@type\":\"PropertyValueSpecification\",\"valueRequired\":true,\"valueName\":\"search_term_string\"}}],\"inLanguage\":\"sv-SE\"},{\"@type\":\"Organization\",\"@id\":\"https:\/\/www.visionxeurope.com\/se\/#organization\",\"name\":\"Vision X Europe\",\"url\":\"https:\/\/www.visionxeurope.com\/se\/\",\"logo\":{\"@type\":\"ImageObject\",\"inLanguage\":\"sv-SE\",\"@id\":\"https:\/\/www.visionxeurope.com\/se\/#\/schema\/logo\/image\/\",\"url\":\"https:\/\/www.visionxeurope.com\/se\/wp-content\/uploads\/sites\/7\/2021\/04\/visionxeurope.png\",\"contentUrl\":\"https:\/\/www.visionxeurope.com\/se\/wp-content\/uploads\/sites\/7\/2021\/04\/visionxeurope.png\",\"width\":300,\"height\":110,\"caption\":\"Vision X Europe\"},\"image\":{\"@id\":\"https:\/\/www.visionxeurope.com\/se\/#\/schema\/logo\/image\/\"},\"sameAs\":[\"https:\/\/www.facebook.com\/visionxeurope\",\"https:\/\/www.instagram.com\/visionxeurope\/\"]}]}<\/script>\n<meta property=\"product:price:amount\" content=\"442.00\" \/>\n<meta property=\"product:price:currency\" content=\"SEK\" \/>\n<meta property=\"og:availability\" content=\"out of stock\" \/>\n<meta property=\"product:availability\" content=\"out of stock\" \/>\n<meta property=\"product:retailer_item_id\" content=\"PCV-8500YCB\" \/>\n<meta property=\"product:condition\" content=\"new\" \/>\n<!-- \/ Yoast SEO Premium plugin. -->","yoast_head_json":{"title":"VISION X LIGHT CANNON 8.7\" COMBO GUL SKYDDSLOCK - Vision X Europe","robots":{"index":"index","follow":"follow","max-snippet":"max-snippet:-1","max-image-preview":"max-image-preview:large","max-video-preview":"max-video-preview:-1"},"canonical":"https:\/\/www.visionxeurope.com\/se\/webbutik\/vision-x-light-cannon-8-7-combo-gul-skyddslock\/","og_locale":"sv_SE","og_type":"article","og_title":"VISION X LIGHT CANNON 8.7\" COMBO GUL SKYDDSLOCK","og_description":"Skyddslock som \u00e4ven f\u00f6r\u00e4ndrar ljusbilden och passar p\u00e5 Vision X Cannon lampan. Locket kn\u00e4pps enkelt fast p\u00e5 lampan. Skyddslocket \u00e4r tillverkad i polykarbonat (n\u00e4stintill okrossbart) och erbjuder ett lock som skyddar mot sten och dubbskott samt f\u00f6r\u00e4ndring av ljusbilden. Cannon cover finns i flera olika f\u00e4rger och ljusbilder. Detta lock \u00e4r gult och sl\u00e4pper igenom ljuset samt f\u00f6r\u00e4ndrar ljusbilden fr\u00e5n spot till driving. Locket s\u00e4ljs styckvis. F\u00e4rgade Skyddslock Fyra olika f\u00e4rgalternativ, alla med olika specifika anv\u00e4ndningsomr\u00e5den. R\u00f6d \u00e4r utformad f\u00f6r att minska ljustemperatur och bl\u00e4ndning i syfte att \u00f6ka sikten i dammiga f\u00f6rh\u00e5llanden. Gult \u00e4r konstruerad f\u00f6r dimma genom att minska m\u00e4ngden bl\u00e5tt ljus. Bl\u00e5tt skyddslock \u00e4r till f\u00f6r att \u00f6ka ljusavst\u00e5ndet n\u00e4r de anv\u00e4nds i sn\u00f6 genom att reflektera det bl\u00e5 ljuset fr\u00e5n sn\u00f6n. Genomskinlig anv\u00e4nds f\u00f6r att skydda mot damm och skr\u00e4p. Skyddslock som \u00e4ndrar ljusbilden Fem olika spridningsalternativ och ett svart lock (black out) g\u00f6r att du kan ta ditt ljus och f\u00f6rvandla det till 20 olika lampor. Euro \u00e4r en platt, horisontell ljusbild (spridning p\u00e5 bredden) som beh\u00e5ller ljusl\u00e4ngden. Flood, f\u00f6r bred spridning d\u00e4r en stor ljusbild \u00e4r att f\u00f6redra. Wide flood ger en \u00e4nnu st\u00f6rre och bredare ljusbild \u00e4n flood men kortar samtidigt ned ljusbilden. Spot-skyddet beh\u00e5ller ljusbilden som den \u00e4r fr\u00e5n b\u00f6rjan och skyddar lampan. Spot l\u00e4get ger en l\u00e5ng och smal ljusbild. Det elliptiska skyddet ger en l\u00e5g (horisontell) ljusbild men h\u00e5ller fortfarande bra l\u00e4ngd.","og_url":"https:\/\/www.visionxeurope.com\/se\/webbutik\/vision-x-light-cannon-8-7-combo-gul-skyddslock\/","og_site_name":"Vision X Europe","article_publisher":"https:\/\/www.facebook.com\/visionxeurope","article_modified_time":"2026-03-26T13:53:41+00:00","og_image":[{"width":1920,"height":1920,"url":"https:\/\/www.rindab.se\/wp-content\/uploads\/sites\/7\/2022\/04\/PCV-8500YCB.jpg","type":"image\/jpeg"}],"twitter_card":"summary_large_image","twitter_misc":{"Pris":"442,00&nbsp;&#107;&#114; exkl. moms","Tillg\u00e4nglig":"Slut i lager"},"schema":{"@context":"https:\/\/schema.org","@graph":[{"@type":"WebPage","@id":"https:\/\/www.visionxeurope.com\/se\/webbutik\/vision-x-light-cannon-8-7-combo-gul-skyddslock\/","url":"https:\/\/www.visionxeurope.com\/se\/webbutik\/vision-x-light-cannon-8-7-combo-gul-skyddslock\/","name":"VISION X LIGHT CANNON 8.7\" COMBO GUL SKYDDSLOCK - Vision X Europe","isPartOf":{"@id":"https:\/\/www.visionxeurope.com\/se\/#website"},"primaryImageOfPage":{"@id":"https:\/\/www.visionxeurope.com\/se\/webbutik\/vision-x-light-cannon-8-7-combo-gul-skyddslock\/#primaryimage"},"image":{"@id":"https:\/\/www.visionxeurope.com\/se\/webbutik\/vision-x-light-cannon-8-7-combo-gul-skyddslock\/#primaryimage"},"thumbnailUrl":"https:\/\/www.visionxeurope.com\/se\/wp-content\/uploads\/sites\/7\/2022\/04\/PCV-8500YCB.jpg","datePublished":"2022-04-08T11:15:28+00:00","dateModified":"2026-03-26T13:53:41+00:00","breadcrumb":{"@id":"https:\/\/www.visionxeurope.com\/se\/webbutik\/vision-x-light-cannon-8-7-combo-gul-skyddslock\/#breadcrumb"},"inLanguage":"sv-SE","potentialAction":[{"@type":"ReadAction","target":["https:\/\/www.visionxeurope.com\/se\/webbutik\/vision-x-light-cannon-8-7-combo-gul-skyddslock\/"]}]},{"@type":"ImageObject","inLanguage":"sv-SE","@id":"https:\/\/www.visionxeurope.com\/se\/webbutik\/vision-x-light-cannon-8-7-combo-gul-skyddslock\/#primaryimage","url":"https:\/\/www.visionxeurope.com\/se\/wp-content\/uploads\/sites\/7\/2022\/04\/PCV-8500YCB.jpg","contentUrl":"https:\/\/www.visionxeurope.com\/se\/wp-content\/uploads\/sites\/7\/2022\/04\/PCV-8500YCB.jpg","width":1920,"height":1920},{"@type":"BreadcrumbList","@id":"https:\/\/www.visionxeurope.com\/se\/webbutik\/vision-x-light-cannon-8-7-combo-gul-skyddslock\/#breadcrumb","itemListElement":[{"@type":"ListItem","position":1,"name":"Hem","item":"https:\/\/www.visionxeurope.com\/se\/"},{"@type":"ListItem","position":2,"name":"Webbutik","item":"https:\/\/www.visionxeurope.com\/se\/webbutik\/"},{"@type":"ListItem","position":3,"name":"VISION X LIGHT CANNON 8.7&#8243; COMBO GUL SKYDDSLOCK"}]},{"@type":"WebSite","@id":"https:\/\/www.visionxeurope.com\/se\/#website","url":"https:\/\/www.visionxeurope.com\/se\/","name":"Vision X Europe","description":"","publisher":{"@id":"https:\/\/www.visionxeurope.com\/se\/#organization"},"potentialAction":[{"@type":"SearchAction","target":{"@type":"EntryPoint","urlTemplate":"https:\/\/www.visionxeurope.com\/se\/?s={search_term_string}"},"query-input":{"@type":"PropertyValueSpecification","valueRequired":true,"valueName":"search_term_string"}}],"inLanguage":"sv-SE"},{"@type":"Organization","@id":"https:\/\/www.visionxeurope.com\/se\/#organization","name":"Vision X Europe","url":"https:\/\/www.visionxeurope.com\/se\/","logo":{"@type":"ImageObject","inLanguage":"sv-SE","@id":"https:\/\/www.visionxeurope.com\/se\/#\/schema\/logo\/image\/","url":"https:\/\/www.visionxeurope.com\/se\/wp-content\/uploads\/sites\/7\/2021\/04\/visionxeurope.png","contentUrl":"https:\/\/www.visionxeurope.com\/se\/wp-content\/uploads\/sites\/7\/2021\/04\/visionxeurope.png","width":300,"height":110,"caption":"Vision X Europe"},"image":{"@id":"https:\/\/www.visionxeurope.com\/se\/#\/schema\/logo\/image\/"},"sameAs":["https:\/\/www.facebook.com\/visionxeurope","https:\/\/www.instagram.com\/visionxeurope\/"]}]},"product_price_amount":"442.00","product_price_currency":"SEK","og_availability":"out of stock","product_availability":"out of stock","product_retailer_item_id":"PCV-8500YCB","product_condition":"new"},"_links":{"self":[{"href":"https:\/\/www.visionxeurope.com\/se\/wp-json\/wp\/v2\/product\/13738","targetHints":{"allow":["GET"]}}],"collection":[{"href":"https:\/\/www.visionxeurope.com\/se\/wp-json\/wp\/v2\/product"}],"about":[{"href":"https:\/\/www.visionxeurope.com\/se\/wp-json\/wp\/v2\/types\/product"}],"replies":[{"embeddable":true,"href":"https:\/\/www.visionxeurope.com\/se\/wp-json\/wp\/v2\/comments?post=13738"}],"wp:featuredmedia":[{"embeddable":true,"href":"https:\/\/www.visionxeurope.com\/se\/wp-json\/wp\/v2\/media\/13739"}],"wp:attachment":[{"href":"https:\/\/www.visionxeurope.com\/se\/wp-json\/wp\/v2\/media?parent=13738"}],"wp:term":[{"taxonomy":"product_brand","embeddable":true,"href":"https:\/\/www.visionxeurope.com\/se\/wp-json\/wp\/v2\/product_brand?post=13738"},{"taxonomy":"product_cat","embeddable":true,"href":"https:\/\/www.visionxeurope.com\/se\/wp-json\/wp\/v2\/product_cat?post=13738"},{"taxonomy":"product_tag","embeddable":true,"href":"https:\/\/www.visionxeurope.com\/se\/wp-json\/wp\/v2\/product_tag?post=13738"}],"curies":[{"name":"wp","href":"https:\/\/api.w.org\/{rel}","templated":true}]}}