{"id":13723,"date":"2022-04-22T07:17:17","date_gmt":"2022-04-22T05:17:17","guid":{"rendered":"https:\/\/www.visionxeurope.com\/se\/produkt\/vision-x-dura-mini-40w-10-25-led-extraljus-kit\/"},"modified":"2026-01-08T15:11:54","modified_gmt":"2026-01-08T14:11:54","slug":"vision-x-dura-mini-40w-10-25-led-extraljus-kit","status":"publish","type":"product","link":"https:\/\/www.visionxeurope.com\/se\/webbutik\/vision-x-dura-mini-40w-10-25-led-extraljus-kit\/","title":{"rendered":"VISION X DURA MINI 40W 10\u00b0\/25\u00b0 LED EXTRALJUS KIT"},"content":{"rendered":"<\/p>\n<p><\/p>\n<p>Komplett kit med 2 st Dura Mini M4M-lampor, f\u00e4sten, kablage med rel\u00e4 samt instruktioner f\u00f6r enkel installation av extraljus.<\/p>\n<p><\/p>\n<\/p>\n<p><\/p>\n<p>Vision X Dura Mini \u00e4r en av de minsta och effektivaste lamporna p\u00e5 marknaden. Dura Mini \u00e4r perfekt f\u00f6r montage i sm\u00e5 utrymmen, p\u00e5 lastbilar, personbilar, traktorer och l\u00e4ttare fordon.<\/p>\n<p><\/p>\n<\/p>\n<p><\/p>\n<p>Dura Mini M4M har en kombinerad ljusbild med b\u00e5de bredd och l\u00e4ngd, tack vare dess 10\u00b0\/25\u00b0 optik. Med totalt 8 st kraftfulla 5W LED-dioder levereras 4 230 r\u00e5a lumen.<\/p>\n<p><\/p>\n<\/p>\n<p><\/p>\n<p>Lamporna drar enbart 3.34 ampere, vilket g\u00f6r dem utm\u00e4rkta f\u00f6r ATV och UTV-fordon samt andra milj\u00f6er d\u00e4r l\u00e5g str\u00f6mf\u00f6rbrukning \u00e4r viktigt.<\/p>\n<p><\/p>\n<\/p>\n<p><\/p>\n<p><strong>Data:<\/strong><br \/>Lamphus: Robust aluminium<br \/>Enkel installation med komplett kablage och rel\u00e4<br \/>Sp\u00e4nning: 9-32 volt<br \/>Str\u00f6mf\u00f6rbrukning: 3.34A @ 12V<br \/>IP-klassning: IP69K<br \/>EMC-klassning: CISPR25<br \/>Vibrationsklassning: 8.6G<br \/>Arbetstemperaturomr\u00e5de: -40\u00b0C \u2013 +85\u00b0C<br \/>H\u00f6jd: 78 mm (enskild lampa, utan f\u00e4ste)<br \/>Bredd: 70 mm (enskild lampa, utan f\u00e4ste)<br \/>Djup: 49,4 mm.<br \/>Antal LED: 8<br \/>Effekt: 8 st 5W, totalt 40W<br \/>R\u00e5a lumen: 4 230<br \/>Effektiva lumen: 2 960<br \/>Lins: Polykarbonat (n\u00e4st intill okrossbart)<br \/>Ljusbild: 10\u00b0\/25\u00b0 Mixed<\/p>\n<p><\/p>","protected":false},"excerpt":{"rendered":"<p>Komplett kit med 2 st Dura Mini M4M-lampor, f\u00e4sten, kablage med rel\u00e4 samt instruktioner f\u00f6r enkel installation av extraljus.<\/p>\n<p>Vision X Dura Mini \u00e4r en av de minsta och effektivaste lamporna p\u00e5 marknaden. Dura Mini \u00e4r perfekt f\u00f6r montage i sm\u00e5 utrymmen, p\u00e5 lastbilar, personbilar, traktorer och l\u00e4ttare fordon.<\/p>\n<p>Dura Mini M4M har en kombinerad ljusbild med b\u00e5de bredd och l\u00e4ngd, tack vare dess 10\u00b0\/25\u00b0 optik. Med totalt 8 st kraftfulla 5W LED-dioder levereras 4 230 r\u00e5a lumen.<\/p>\n<p>Lamporna drar enbart 3.34 ampere, vilket g\u00f6r dem utm\u00e4rkta f\u00f6r ATV och UTV-fordon samt andra milj\u00f6er d\u00e4r l\u00e5g str\u00f6mf\u00f6rbrukning \u00e4r viktigt.<\/p>\n<p><strong>Data:<\/strong><br \/>Lamphus: Robust aluminium<br \/>Enkel installation med komplett kablage och rel\u00e4<br \/>Sp\u00e4nning: 9-32 volt<br \/>Str\u00f6mf\u00f6rbrukning: 3.34A @ 12V<br \/>IP-klassning: IP69K<br \/>EMC-klassning: CISPR25<br \/>Vibrationsklassning: 8.6G<br \/>Arbetstemperaturomr\u00e5de: -40\u00b0C \u2013 +85\u00b0C<br \/>H\u00f6jd: 78 mm (enskild lampa, utan f\u00e4ste)<br \/>Bredd: 70 mm (enskild lampa, utan f\u00e4ste)<br \/>Djup: 49,4 mm.<br \/>Antal LED: 8<br \/>Effekt: 8 st 5W, totalt 40W<br \/>R\u00e5a lumen: 4 230<br \/>Effektiva lumen: 2 960<br \/>Lins: Polykarbonat (n\u00e4st intill okrossbart)<br \/>Ljusbild: 10\u00b0\/25\u00b0 Mixed<\/p>\n","protected":false},"featured_media":13724,"comment_status":"open","ping_status":"open","template":"","meta":{"editor_notices":[]},"product_brand":[],"product_cat":[45],"product_tag":[],"class_list":{"0":"post-13723","1":"product","2":"type-product","3":"status-publish","4":"has-post-thumbnail","6":"product_cat-dura","7":"resize-featured-image","8":"","9":"woocommerce-text-align-left","10":"woocommerce-image-align-center","12":"first","13":"outofstock","14":"taxable","15":"shipping-taxable","16":"product-type-simple"},"yoast_head":"<!-- This site is optimized with the Yoast SEO Premium plugin v25.0 (Yoast SEO v25.0) - https:\/\/yoast.com\/wordpress\/plugins\/seo\/ -->\n<title>VISION X DURA MINI 40W 10\u00b0\/25\u00b0 LED EXTRALJUS KIT - Vision X Europe<\/title>\n<meta name=\"robots\" content=\"index, follow, max-snippet:-1, max-image-preview:large, max-video-preview:-1\" \/>\n<link rel=\"canonical\" href=\"https:\/\/www.visionxeurope.com\/se\/webbutik\/vision-x-dura-mini-40w-10-25-led-extraljus-kit\/\" \/>\n<meta property=\"og:locale\" content=\"sv_SE\" \/>\n<meta property=\"og:type\" content=\"article\" \/>\n<meta property=\"og:title\" content=\"VISION X DURA MINI 40W 10\u00b0\/25\u00b0 LED EXTRALJUS KIT\" \/>\n<meta property=\"og:description\" content=\"Komplett kit med 2 st Dura Mini M4M-lampor, f\u00e4sten, kablage med rel\u00e4 samt instruktioner f\u00f6r enkel installation av extraljus. Vision X Dura Mini \u00e4r en av de minsta och effektivaste lamporna p\u00e5 marknaden. Dura Mini \u00e4r perfekt f\u00f6r montage i sm\u00e5 utrymmen, p\u00e5 lastbilar, personbilar, traktorer och l\u00e4ttare fordon. Dura Mini M4M har en kombinerad ljusbild med b\u00e5de bredd och l\u00e4ngd, tack vare dess 10\u00b0\/25\u00b0 optik. Med totalt 8 st kraftfulla 5W LED-dioder levereras 4 230 r\u00e5a lumen. Lamporna drar enbart 3.34 ampere, vilket g\u00f6r dem utm\u00e4rkta f\u00f6r ATV och UTV-fordon samt andra milj\u00f6er d\u00e4r l\u00e5g str\u00f6mf\u00f6rbrukning \u00e4r viktigt. Data:Lamphus: Robust aluminiumEnkel installation med komplett kablage och rel\u00e4Sp\u00e4nning: 9-32 voltStr\u00f6mf\u00f6rbrukning: 3.34A @ 12VIP-klassning: IP69KEMC-klassning: CISPR25Vibrationsklassning: 8.6GArbetstemperaturomr\u00e5de: -40\u00b0C \u2013 +85\u00b0CH\u00f6jd: 78 mm (enskild lampa, utan f\u00e4ste)Bredd: 70 mm (enskild lampa, utan f\u00e4ste)Djup: 49,4 mm.Antal LED: 8Effekt: 8 st 5W, totalt 40WR\u00e5a lumen: 4 230Effektiva lumen: 2 960Lins: Polykarbonat (n\u00e4st intill okrossbart)Ljusbild: 10\u00b0\/25\u00b0 Mixed\" \/>\n<meta property=\"og:url\" content=\"https:\/\/www.visionxeurope.com\/se\/webbutik\/vision-x-dura-mini-40w-10-25-led-extraljus-kit\/\" \/>\n<meta property=\"og:site_name\" content=\"Vision X Europe\" \/>\n<meta property=\"article:publisher\" content=\"https:\/\/www.facebook.com\/visionxeurope\" \/>\n<meta property=\"article:modified_time\" content=\"2026-01-08T14:11:54+00:00\" \/>\n<meta property=\"og:image\" content=\"https:\/\/www.rindab.se\/wp-content\/uploads\/sites\/7\/2022\/04\/DURA-M4MKIT.jpg\" \/>\n\t<meta property=\"og:image:width\" content=\"1500\" \/>\n\t<meta property=\"og:image:height\" content=\"1500\" \/>\n\t<meta property=\"og:image:type\" content=\"image\/jpeg\" \/>\n<meta name=\"twitter:card\" content=\"summary_large_image\" \/>\n<meta name=\"twitter:label1\" content=\"Pris\" \/>\n\t<meta name=\"twitter:data1\" content=\"1 959,00&nbsp;&#107;&#114; exkl. moms\" \/>\n\t<meta name=\"twitter:label2\" content=\"Tillg\u00e4nglig\" \/>\n\t<meta name=\"twitter:data2\" content=\"Slut i lager\" \/>\n<script type=\"application\/ld+json\" class=\"yoast-schema-graph\">{\"@context\":\"https:\/\/schema.org\",\"@graph\":[{\"@type\":\"WebPage\",\"@id\":\"https:\/\/www.visionxeurope.com\/se\/webbutik\/vision-x-dura-mini-40w-10-25-led-extraljus-kit\/\",\"url\":\"https:\/\/www.visionxeurope.com\/se\/webbutik\/vision-x-dura-mini-40w-10-25-led-extraljus-kit\/\",\"name\":\"VISION X DURA MINI 40W 10\u00b0\/25\u00b0 LED EXTRALJUS KIT - Vision X Europe\",\"isPartOf\":{\"@id\":\"https:\/\/www.visionxeurope.com\/se\/#website\"},\"primaryImageOfPage\":{\"@id\":\"https:\/\/www.visionxeurope.com\/se\/webbutik\/vision-x-dura-mini-40w-10-25-led-extraljus-kit\/#primaryimage\"},\"image\":{\"@id\":\"https:\/\/www.visionxeurope.com\/se\/webbutik\/vision-x-dura-mini-40w-10-25-led-extraljus-kit\/#primaryimage\"},\"thumbnailUrl\":\"https:\/\/www.visionxeurope.com\/se\/wp-content\/uploads\/sites\/7\/2022\/04\/DURA-M4MKIT.jpg\",\"datePublished\":\"2022-04-22T05:17:17+00:00\",\"dateModified\":\"2026-01-08T14:11:54+00:00\",\"breadcrumb\":{\"@id\":\"https:\/\/www.visionxeurope.com\/se\/webbutik\/vision-x-dura-mini-40w-10-25-led-extraljus-kit\/#breadcrumb\"},\"inLanguage\":\"sv-SE\",\"potentialAction\":[{\"@type\":\"ReadAction\",\"target\":[\"https:\/\/www.visionxeurope.com\/se\/webbutik\/vision-x-dura-mini-40w-10-25-led-extraljus-kit\/\"]}]},{\"@type\":\"ImageObject\",\"inLanguage\":\"sv-SE\",\"@id\":\"https:\/\/www.visionxeurope.com\/se\/webbutik\/vision-x-dura-mini-40w-10-25-led-extraljus-kit\/#primaryimage\",\"url\":\"https:\/\/www.visionxeurope.com\/se\/wp-content\/uploads\/sites\/7\/2022\/04\/DURA-M4MKIT.jpg\",\"contentUrl\":\"https:\/\/www.visionxeurope.com\/se\/wp-content\/uploads\/sites\/7\/2022\/04\/DURA-M4MKIT.jpg\",\"width\":1500,\"height\":1500},{\"@type\":\"BreadcrumbList\",\"@id\":\"https:\/\/www.visionxeurope.com\/se\/webbutik\/vision-x-dura-mini-40w-10-25-led-extraljus-kit\/#breadcrumb\",\"itemListElement\":[{\"@type\":\"ListItem\",\"position\":1,\"name\":\"Hem\",\"item\":\"https:\/\/www.visionxeurope.com\/se\/\"},{\"@type\":\"ListItem\",\"position\":2,\"name\":\"Webbutik\",\"item\":\"https:\/\/www.visionxeurope.com\/se\/webbutik\/\"},{\"@type\":\"ListItem\",\"position\":3,\"name\":\"VISION X DURA MINI 40W 10\u00b0\/25\u00b0 LED EXTRALJUS KIT\"}]},{\"@type\":\"WebSite\",\"@id\":\"https:\/\/www.visionxeurope.com\/se\/#website\",\"url\":\"https:\/\/www.visionxeurope.com\/se\/\",\"name\":\"Vision X Europe\",\"description\":\"\",\"publisher\":{\"@id\":\"https:\/\/www.visionxeurope.com\/se\/#organization\"},\"potentialAction\":[{\"@type\":\"SearchAction\",\"target\":{\"@type\":\"EntryPoint\",\"urlTemplate\":\"https:\/\/www.visionxeurope.com\/se\/?s={search_term_string}\"},\"query-input\":{\"@type\":\"PropertyValueSpecification\",\"valueRequired\":true,\"valueName\":\"search_term_string\"}}],\"inLanguage\":\"sv-SE\"},{\"@type\":\"Organization\",\"@id\":\"https:\/\/www.visionxeurope.com\/se\/#organization\",\"name\":\"Vision X Europe\",\"url\":\"https:\/\/www.visionxeurope.com\/se\/\",\"logo\":{\"@type\":\"ImageObject\",\"inLanguage\":\"sv-SE\",\"@id\":\"https:\/\/www.visionxeurope.com\/se\/#\/schema\/logo\/image\/\",\"url\":\"https:\/\/www.visionxeurope.com\/se\/wp-content\/uploads\/sites\/7\/2021\/04\/visionxeurope.png\",\"contentUrl\":\"https:\/\/www.visionxeurope.com\/se\/wp-content\/uploads\/sites\/7\/2021\/04\/visionxeurope.png\",\"width\":300,\"height\":110,\"caption\":\"Vision X Europe\"},\"image\":{\"@id\":\"https:\/\/www.visionxeurope.com\/se\/#\/schema\/logo\/image\/\"},\"sameAs\":[\"https:\/\/www.facebook.com\/visionxeurope\",\"https:\/\/www.instagram.com\/visionxeurope\/\"]}]}<\/script>\n<meta property=\"product:price:amount\" content=\"1959.00\" \/>\n<meta property=\"product:price:currency\" content=\"SEK\" \/>\n<meta property=\"og:availability\" content=\"out of stock\" \/>\n<meta property=\"product:availability\" content=\"out of stock\" \/>\n<meta property=\"product:retailer_item_id\" content=\"DURA-M4MKIT\" \/>\n<meta property=\"product:condition\" content=\"new\" \/>\n<!-- \/ Yoast SEO Premium plugin. -->","yoast_head_json":{"title":"VISION X DURA MINI 40W 10\u00b0\/25\u00b0 LED EXTRALJUS KIT - Vision X Europe","robots":{"index":"index","follow":"follow","max-snippet":"max-snippet:-1","max-image-preview":"max-image-preview:large","max-video-preview":"max-video-preview:-1"},"canonical":"https:\/\/www.visionxeurope.com\/se\/webbutik\/vision-x-dura-mini-40w-10-25-led-extraljus-kit\/","og_locale":"sv_SE","og_type":"article","og_title":"VISION X DURA MINI 40W 10\u00b0\/25\u00b0 LED EXTRALJUS KIT","og_description":"Komplett kit med 2 st Dura Mini M4M-lampor, f\u00e4sten, kablage med rel\u00e4 samt instruktioner f\u00f6r enkel installation av extraljus. Vision X Dura Mini \u00e4r en av de minsta och effektivaste lamporna p\u00e5 marknaden. Dura Mini \u00e4r perfekt f\u00f6r montage i sm\u00e5 utrymmen, p\u00e5 lastbilar, personbilar, traktorer och l\u00e4ttare fordon. Dura Mini M4M har en kombinerad ljusbild med b\u00e5de bredd och l\u00e4ngd, tack vare dess 10\u00b0\/25\u00b0 optik. Med totalt 8 st kraftfulla 5W LED-dioder levereras 4 230 r\u00e5a lumen. Lamporna drar enbart 3.34 ampere, vilket g\u00f6r dem utm\u00e4rkta f\u00f6r ATV och UTV-fordon samt andra milj\u00f6er d\u00e4r l\u00e5g str\u00f6mf\u00f6rbrukning \u00e4r viktigt. Data:Lamphus: Robust aluminiumEnkel installation med komplett kablage och rel\u00e4Sp\u00e4nning: 9-32 voltStr\u00f6mf\u00f6rbrukning: 3.34A @ 12VIP-klassning: IP69KEMC-klassning: CISPR25Vibrationsklassning: 8.6GArbetstemperaturomr\u00e5de: -40\u00b0C \u2013 +85\u00b0CH\u00f6jd: 78 mm (enskild lampa, utan f\u00e4ste)Bredd: 70 mm (enskild lampa, utan f\u00e4ste)Djup: 49,4 mm.Antal LED: 8Effekt: 8 st 5W, totalt 40WR\u00e5a lumen: 4 230Effektiva lumen: 2 960Lins: Polykarbonat (n\u00e4st intill okrossbart)Ljusbild: 10\u00b0\/25\u00b0 Mixed","og_url":"https:\/\/www.visionxeurope.com\/se\/webbutik\/vision-x-dura-mini-40w-10-25-led-extraljus-kit\/","og_site_name":"Vision X Europe","article_publisher":"https:\/\/www.facebook.com\/visionxeurope","article_modified_time":"2026-01-08T14:11:54+00:00","og_image":[{"width":1500,"height":1500,"url":"https:\/\/www.rindab.se\/wp-content\/uploads\/sites\/7\/2022\/04\/DURA-M4MKIT.jpg","type":"image\/jpeg"}],"twitter_card":"summary_large_image","twitter_misc":{"Pris":"1 959,00&nbsp;&#107;&#114; exkl. moms","Tillg\u00e4nglig":"Slut i lager"},"schema":{"@context":"https:\/\/schema.org","@graph":[{"@type":"WebPage","@id":"https:\/\/www.visionxeurope.com\/se\/webbutik\/vision-x-dura-mini-40w-10-25-led-extraljus-kit\/","url":"https:\/\/www.visionxeurope.com\/se\/webbutik\/vision-x-dura-mini-40w-10-25-led-extraljus-kit\/","name":"VISION X DURA MINI 40W 10\u00b0\/25\u00b0 LED EXTRALJUS KIT - Vision X Europe","isPartOf":{"@id":"https:\/\/www.visionxeurope.com\/se\/#website"},"primaryImageOfPage":{"@id":"https:\/\/www.visionxeurope.com\/se\/webbutik\/vision-x-dura-mini-40w-10-25-led-extraljus-kit\/#primaryimage"},"image":{"@id":"https:\/\/www.visionxeurope.com\/se\/webbutik\/vision-x-dura-mini-40w-10-25-led-extraljus-kit\/#primaryimage"},"thumbnailUrl":"https:\/\/www.visionxeurope.com\/se\/wp-content\/uploads\/sites\/7\/2022\/04\/DURA-M4MKIT.jpg","datePublished":"2022-04-22T05:17:17+00:00","dateModified":"2026-01-08T14:11:54+00:00","breadcrumb":{"@id":"https:\/\/www.visionxeurope.com\/se\/webbutik\/vision-x-dura-mini-40w-10-25-led-extraljus-kit\/#breadcrumb"},"inLanguage":"sv-SE","potentialAction":[{"@type":"ReadAction","target":["https:\/\/www.visionxeurope.com\/se\/webbutik\/vision-x-dura-mini-40w-10-25-led-extraljus-kit\/"]}]},{"@type":"ImageObject","inLanguage":"sv-SE","@id":"https:\/\/www.visionxeurope.com\/se\/webbutik\/vision-x-dura-mini-40w-10-25-led-extraljus-kit\/#primaryimage","url":"https:\/\/www.visionxeurope.com\/se\/wp-content\/uploads\/sites\/7\/2022\/04\/DURA-M4MKIT.jpg","contentUrl":"https:\/\/www.visionxeurope.com\/se\/wp-content\/uploads\/sites\/7\/2022\/04\/DURA-M4MKIT.jpg","width":1500,"height":1500},{"@type":"BreadcrumbList","@id":"https:\/\/www.visionxeurope.com\/se\/webbutik\/vision-x-dura-mini-40w-10-25-led-extraljus-kit\/#breadcrumb","itemListElement":[{"@type":"ListItem","position":1,"name":"Hem","item":"https:\/\/www.visionxeurope.com\/se\/"},{"@type":"ListItem","position":2,"name":"Webbutik","item":"https:\/\/www.visionxeurope.com\/se\/webbutik\/"},{"@type":"ListItem","position":3,"name":"VISION X DURA MINI 40W 10\u00b0\/25\u00b0 LED EXTRALJUS KIT"}]},{"@type":"WebSite","@id":"https:\/\/www.visionxeurope.com\/se\/#website","url":"https:\/\/www.visionxeurope.com\/se\/","name":"Vision X Europe","description":"","publisher":{"@id":"https:\/\/www.visionxeurope.com\/se\/#organization"},"potentialAction":[{"@type":"SearchAction","target":{"@type":"EntryPoint","urlTemplate":"https:\/\/www.visionxeurope.com\/se\/?s={search_term_string}"},"query-input":{"@type":"PropertyValueSpecification","valueRequired":true,"valueName":"search_term_string"}}],"inLanguage":"sv-SE"},{"@type":"Organization","@id":"https:\/\/www.visionxeurope.com\/se\/#organization","name":"Vision X Europe","url":"https:\/\/www.visionxeurope.com\/se\/","logo":{"@type":"ImageObject","inLanguage":"sv-SE","@id":"https:\/\/www.visionxeurope.com\/se\/#\/schema\/logo\/image\/","url":"https:\/\/www.visionxeurope.com\/se\/wp-content\/uploads\/sites\/7\/2021\/04\/visionxeurope.png","contentUrl":"https:\/\/www.visionxeurope.com\/se\/wp-content\/uploads\/sites\/7\/2021\/04\/visionxeurope.png","width":300,"height":110,"caption":"Vision X Europe"},"image":{"@id":"https:\/\/www.visionxeurope.com\/se\/#\/schema\/logo\/image\/"},"sameAs":["https:\/\/www.facebook.com\/visionxeurope","https:\/\/www.instagram.com\/visionxeurope\/"]}]},"product_price_amount":"1959.00","product_price_currency":"SEK","og_availability":"out of stock","product_availability":"out of stock","product_retailer_item_id":"DURA-M4MKIT","product_condition":"new"},"_links":{"self":[{"href":"https:\/\/www.visionxeurope.com\/se\/wp-json\/wp\/v2\/product\/13723","targetHints":{"allow":["GET"]}}],"collection":[{"href":"https:\/\/www.visionxeurope.com\/se\/wp-json\/wp\/v2\/product"}],"about":[{"href":"https:\/\/www.visionxeurope.com\/se\/wp-json\/wp\/v2\/types\/product"}],"replies":[{"embeddable":true,"href":"https:\/\/www.visionxeurope.com\/se\/wp-json\/wp\/v2\/comments?post=13723"}],"wp:featuredmedia":[{"embeddable":true,"href":"https:\/\/www.visionxeurope.com\/se\/wp-json\/wp\/v2\/media\/13724"}],"wp:attachment":[{"href":"https:\/\/www.visionxeurope.com\/se\/wp-json\/wp\/v2\/media?parent=13723"}],"wp:term":[{"taxonomy":"product_brand","embeddable":true,"href":"https:\/\/www.visionxeurope.com\/se\/wp-json\/wp\/v2\/product_brand?post=13723"},{"taxonomy":"product_cat","embeddable":true,"href":"https:\/\/www.visionxeurope.com\/se\/wp-json\/wp\/v2\/product_cat?post=13723"},{"taxonomy":"product_tag","embeddable":true,"href":"https:\/\/www.visionxeurope.com\/se\/wp-json\/wp\/v2\/product_tag?post=13723"}],"curies":[{"name":"wp","href":"https:\/\/api.w.org\/{rel}","templated":true}]}}