{"id":13706,"date":"2022-04-13T12:17:05","date_gmt":"2022-04-13T10:17:05","guid":{"rendered":"https:\/\/www.visionxeurope.com\/se\/produkt\/vision-x-xpr-ha6e-halo-amber-12-60w-led-extraljusramp\/"},"modified":"2026-03-11T10:08:35","modified_gmt":"2026-03-11T09:08:35","slug":"vision-x-xpr-ha6e-halo-amber-12-60w-led-extraljusramp","status":"publish","type":"product","link":"https:\/\/www.visionxeurope.com\/se\/webbutik\/vision-x-xpr-ha6e-halo-amber-12-60w-led-extraljusramp\/","title":{"rendered":"VISION X XPR-HA6E HALO AMBER 12&#8243; 60W LED EXTRALJUSRAMP"},"content":{"rendered":"<p><\/p>\n<p>En uppdaterad version av XPR Halo med gult\/b\u00e4rnstensf\u00e4rgat halo-ljus.<\/p>\n<p><\/p>\n<p><\/p>\n<p>XPR-S Halo skjuter iv\u00e4g ljuset l\u00e4ngre \u00e4n vad som tidigare var m\u00f6jligt med en led ramp. Med hj\u00e4lp av helt nya dioder och IRIS-optiken med 6,5 graders spridning per lins sl\u00e5r XPR-S Halo nya rekord. F\u00f6r den som \u00f6nskar lysa l\u00e5ngt och f\u00e5 en tuff design med halo funktionen \u00e4r XPR-S Halo det perfekta valet. Halo funktionen kan man v\u00e4lja om man \u00f6nskar koppla in p\u00e5 positionsljuset och h\u00f6jer designen ytterligare och ger ett utseende som k\u00e4nns igen p\u00e5 l\u00e5ngt h\u00e5ll n\u00e4r man kommer k\u00f6randes.<\/p>\n<p><\/p>\n<p><\/p>\n<p>XPR har tv\u00e5 olika monteringsf\u00e4sten med i kartongen som till\u00e5ter montering av rampen i respektive \u00e4nde alternativt det mer traditionella f\u00e4stet med s\u00e5 kallade l\u00f6p-skenor i botten p\u00e5 rampen. XPR monteras med f\u00f6rdel p\u00e5 b\u00e5de personbilar och lastbilar med ett v\u00e4ldigt konkurrenskraftigt pris i f\u00f6rh\u00e5llande till ljusl\u00e4ngd och ljusstyrka.<\/p>\n<p><\/p>\n<p><\/p>\n<p>*N\u00e4st intill okrossbar polykarbonat lins<br \/>*H\u00f6g IP-klassning (IP-68)<br \/>*Vibrationst\u00e5lig (15,6Grms)<br \/>*L\u00e5g str\u00f6mf\u00f6rbrukning i f\u00f6rh\u00e5llande till effekt<br \/>*EMC testad (radiost\u00f6rningar)<br \/>*50 000 timmars livsl\u00e4ngd p\u00e5 dioser<br \/>* 5,5 \u00e5rs unik funktionsgaranti<\/p>\n<p><\/p>\n<p><\/p>\n<p><strong>Data:<\/strong><br \/>Lamphus: Robust aluminium<br \/>Sp\u00e4nning: 11-32V<br \/>Str\u00f6mf\u00f6rbrukning: 5 Amp vid 12V<br \/>IP-klass: IP68<br \/>Vibrationsklass: 15.6G<br \/>Arbetstemperatur: -40\u00b0C \u2013 +80\u00b0C<br \/>H\u00f6jd: 70mm (utan f\u00e4ste)<br \/>Djup: 80mm<br \/>Bredd: 292.2mm<br \/>Watt: 60<br \/>LED: 6<br \/>R\u00e5a lumen: 6 474<br \/>Effektiva lumen: 4 531<br \/>Lins: Polykarbonat<br \/>Ljusbild: 6,5\u00b0 Spot.<\/p>\n<p><\/p>","protected":false},"excerpt":{"rendered":"<p>En uppdaterad version av XPR Halo med gult\/b\u00e4rnstensf\u00e4rgat halo-ljus.<\/p>\n<p>XPR-S Halo skjuter iv\u00e4g ljuset l\u00e4ngre \u00e4n vad som tidigare var m\u00f6jligt med en led ramp. Med hj\u00e4lp av helt nya dioder och IRIS-optiken med 6,5 graders spridning per lins sl\u00e5r XPR-S Halo nya rekord. F\u00f6r den som \u00f6nskar lysa l\u00e5ngt och f\u00e5 en tuff design med halo funktionen \u00e4r XPR-S Halo det perfekta valet. Halo funktionen kan man v\u00e4lja om man \u00f6nskar koppla in p\u00e5 positionsljuset och h\u00f6jer designen ytterligare och ger ett utseende som k\u00e4nns igen p\u00e5 l\u00e5ngt h\u00e5ll n\u00e4r man kommer k\u00f6randes.<\/p>\n<p>XPR har tv\u00e5 olika monteringsf\u00e4sten med i kartongen som till\u00e5ter montering av rampen i respektive \u00e4nde alternativt det mer traditionella f\u00e4stet med s\u00e5 kallade l\u00f6p-skenor i botten p\u00e5 rampen. XPR monteras med f\u00f6rdel p\u00e5 b\u00e5de personbilar och lastbilar med ett v\u00e4ldigt konkurrenskraftigt pris i f\u00f6rh\u00e5llande till ljusl\u00e4ngd och ljusstyrka.<\/p>\n<p>*N\u00e4st intill okrossbar polykarbonat lins<br \/>*H\u00f6g IP-klassning (IP-68)<br \/>*Vibrationst\u00e5lig (15,6Grms)<br \/>*L\u00e5g str\u00f6mf\u00f6rbrukning i f\u00f6rh\u00e5llande till effekt<br \/>*EMC testad (radiost\u00f6rningar)<br \/>*50 000 timmars livsl\u00e4ngd p\u00e5 dioser<br \/>* 5,5 \u00e5rs unik funktionsgaranti<\/p>\n<p><strong>Data:<\/strong><br \/>Lamphus: Robust aluminium<br \/>Sp\u00e4nning: 11-32V<br \/>Str\u00f6mf\u00f6rbrukning: 5 Amp vid 12V<br \/>IP-klass: IP68<br \/>Vibrationsklass: 15.6G<br \/>Arbetstemperatur: -40\u00b0C \u2013 +80\u00b0C<br \/>H\u00f6jd: 70mm (utan f\u00e4ste)<br \/>Djup: 80mm<br \/>Bredd: 292.2mm<br \/>Watt: 60<br \/>LED: 6<br \/>R\u00e5a lumen: 6 474<br \/>Effektiva lumen: 4 531<br \/>Lins: Polykarbonat<br \/>Ljusbild: 6,5\u00b0 Spot.<\/p>\n","protected":false},"featured_media":13707,"comment_status":"closed","ping_status":"open","template":"","meta":{"editor_notices":[]},"product_brand":[],"product_cat":[252],"product_tag":[],"class_list":{"0":"post-13706","1":"product","2":"type-product","3":"status-publish","4":"has-post-thumbnail","6":"product_cat-xpr-halo","7":"resize-featured-image","8":"","9":"woocommerce-text-align-left","10":"woocommerce-image-align-center","12":"first","13":"outofstock","14":"taxable","15":"shipping-taxable","16":"product-type-simple"},"yoast_head":"<!-- This site is optimized with the Yoast SEO Premium plugin v25.0 (Yoast SEO v25.0) - https:\/\/yoast.com\/wordpress\/plugins\/seo\/ -->\n<title>VISION X XPR-HA6E HALO AMBER 12&quot; 60W LED EXTRALJUSRAMP - Vision X Europe<\/title>\n<meta name=\"robots\" content=\"index, follow, max-snippet:-1, max-image-preview:large, max-video-preview:-1\" \/>\n<link rel=\"canonical\" href=\"https:\/\/www.visionxeurope.com\/se\/webbutik\/vision-x-xpr-ha6e-halo-amber-12-60w-led-extraljusramp\/\" \/>\n<meta property=\"og:locale\" content=\"sv_SE\" \/>\n<meta property=\"og:type\" content=\"article\" \/>\n<meta property=\"og:title\" content=\"VISION X XPR-HA6E HALO AMBER 12&quot; 60W LED EXTRALJUSRAMP\" \/>\n<meta property=\"og:description\" content=\"En uppdaterad version av XPR Halo med gult\/b\u00e4rnstensf\u00e4rgat halo-ljus. XPR-S Halo skjuter iv\u00e4g ljuset l\u00e4ngre \u00e4n vad som tidigare var m\u00f6jligt med en led ramp. Med hj\u00e4lp av helt nya dioder och IRIS-optiken med 6,5 graders spridning per lins sl\u00e5r XPR-S Halo nya rekord. F\u00f6r den som \u00f6nskar lysa l\u00e5ngt och f\u00e5 en tuff design med halo funktionen \u00e4r XPR-S Halo det perfekta valet. Halo funktionen kan man v\u00e4lja om man \u00f6nskar koppla in p\u00e5 positionsljuset och h\u00f6jer designen ytterligare och ger ett utseende som k\u00e4nns igen p\u00e5 l\u00e5ngt h\u00e5ll n\u00e4r man kommer k\u00f6randes. XPR har tv\u00e5 olika monteringsf\u00e4sten med i kartongen som till\u00e5ter montering av rampen i respektive \u00e4nde alternativt det mer traditionella f\u00e4stet med s\u00e5 kallade l\u00f6p-skenor i botten p\u00e5 rampen. XPR monteras med f\u00f6rdel p\u00e5 b\u00e5de personbilar och lastbilar med ett v\u00e4ldigt konkurrenskraftigt pris i f\u00f6rh\u00e5llande till ljusl\u00e4ngd och ljusstyrka. *N\u00e4st intill okrossbar polykarbonat lins*H\u00f6g IP-klassning (IP-68)*Vibrationst\u00e5lig (15,6Grms)*L\u00e5g str\u00f6mf\u00f6rbrukning i f\u00f6rh\u00e5llande till effekt*EMC testad (radiost\u00f6rningar)*50 000 timmars livsl\u00e4ngd p\u00e5 dioser* 5,5 \u00e5rs unik funktionsgaranti Data:Lamphus: Robust aluminiumSp\u00e4nning: 11-32VStr\u00f6mf\u00f6rbrukning: 5 Amp vid 12VIP-klass: IP68Vibrationsklass: 15.6GArbetstemperatur: -40\u00b0C \u2013 +80\u00b0CH\u00f6jd: 70mm (utan f\u00e4ste)Djup: 80mmBredd: 292.2mmWatt: 60LED: 6R\u00e5a lumen: 6 474Effektiva lumen: 4 531Lins: PolykarbonatLjusbild: 6,5\u00b0 Spot.\" \/>\n<meta property=\"og:url\" content=\"https:\/\/www.visionxeurope.com\/se\/webbutik\/vision-x-xpr-ha6e-halo-amber-12-60w-led-extraljusramp\/\" \/>\n<meta property=\"og:site_name\" content=\"Vision X Europe\" \/>\n<meta property=\"article:publisher\" content=\"https:\/\/www.facebook.com\/visionxeurope\" \/>\n<meta property=\"article:modified_time\" content=\"2026-03-11T09:08:35+00:00\" \/>\n<meta property=\"og:image\" content=\"https:\/\/www.visionxeurope.com\/se\/wp-content\/uploads\/sites\/7\/2022\/04\/XPR-HA6E-2.jpg\" \/>\n\t<meta property=\"og:image:width\" content=\"1920\" \/>\n\t<meta property=\"og:image:height\" content=\"1920\" \/>\n\t<meta property=\"og:image:type\" content=\"image\/jpeg\" \/>\n<meta name=\"twitter:card\" content=\"summary_large_image\" \/>\n<meta name=\"twitter:label1\" content=\"Pris\" \/>\n\t<meta name=\"twitter:data1\" content=\"4 936,00&nbsp;&#107;&#114; exkl. moms\" \/>\n\t<meta name=\"twitter:label2\" content=\"Tillg\u00e4nglig\" \/>\n\t<meta name=\"twitter:data2\" content=\"Slut i lager\" \/>\n<script type=\"application\/ld+json\" class=\"yoast-schema-graph\">{\"@context\":\"https:\/\/schema.org\",\"@graph\":[{\"@type\":\"WebPage\",\"@id\":\"https:\/\/www.visionxeurope.com\/se\/webbutik\/vision-x-xpr-ha6e-halo-amber-12-60w-led-extraljusramp\/\",\"url\":\"https:\/\/www.visionxeurope.com\/se\/webbutik\/vision-x-xpr-ha6e-halo-amber-12-60w-led-extraljusramp\/\",\"name\":\"VISION X XPR-HA6E HALO AMBER 12\\\" 60W LED EXTRALJUSRAMP - Vision X Europe\",\"isPartOf\":{\"@id\":\"https:\/\/www.visionxeurope.com\/se\/#website\"},\"primaryImageOfPage\":{\"@id\":\"https:\/\/www.visionxeurope.com\/se\/webbutik\/vision-x-xpr-ha6e-halo-amber-12-60w-led-extraljusramp\/#primaryimage\"},\"image\":{\"@id\":\"https:\/\/www.visionxeurope.com\/se\/webbutik\/vision-x-xpr-ha6e-halo-amber-12-60w-led-extraljusramp\/#primaryimage\"},\"thumbnailUrl\":\"https:\/\/www.visionxeurope.com\/se\/wp-content\/uploads\/sites\/7\/2022\/04\/XPR-HA6E-2.jpg\",\"datePublished\":\"2022-04-13T10:17:05+00:00\",\"dateModified\":\"2026-03-11T09:08:35+00:00\",\"breadcrumb\":{\"@id\":\"https:\/\/www.visionxeurope.com\/se\/webbutik\/vision-x-xpr-ha6e-halo-amber-12-60w-led-extraljusramp\/#breadcrumb\"},\"inLanguage\":\"sv-SE\",\"potentialAction\":[{\"@type\":\"ReadAction\",\"target\":[\"https:\/\/www.visionxeurope.com\/se\/webbutik\/vision-x-xpr-ha6e-halo-amber-12-60w-led-extraljusramp\/\"]}]},{\"@type\":\"ImageObject\",\"inLanguage\":\"sv-SE\",\"@id\":\"https:\/\/www.visionxeurope.com\/se\/webbutik\/vision-x-xpr-ha6e-halo-amber-12-60w-led-extraljusramp\/#primaryimage\",\"url\":\"https:\/\/www.visionxeurope.com\/se\/wp-content\/uploads\/sites\/7\/2022\/04\/XPR-HA6E-2.jpg\",\"contentUrl\":\"https:\/\/www.visionxeurope.com\/se\/wp-content\/uploads\/sites\/7\/2022\/04\/XPR-HA6E-2.jpg\",\"width\":1920,\"height\":1920},{\"@type\":\"BreadcrumbList\",\"@id\":\"https:\/\/www.visionxeurope.com\/se\/webbutik\/vision-x-xpr-ha6e-halo-amber-12-60w-led-extraljusramp\/#breadcrumb\",\"itemListElement\":[{\"@type\":\"ListItem\",\"position\":1,\"name\":\"Hem\",\"item\":\"https:\/\/www.visionxeurope.com\/se\/\"},{\"@type\":\"ListItem\",\"position\":2,\"name\":\"Webbutik\",\"item\":\"https:\/\/www.visionxeurope.com\/se\/webbutik\/\"},{\"@type\":\"ListItem\",\"position\":3,\"name\":\"VISION X XPR-HA6E HALO AMBER 12&#8243; 60W LED EXTRALJUSRAMP\"}]},{\"@type\":\"WebSite\",\"@id\":\"https:\/\/www.visionxeurope.com\/se\/#website\",\"url\":\"https:\/\/www.visionxeurope.com\/se\/\",\"name\":\"Vision X Europe\",\"description\":\"\",\"publisher\":{\"@id\":\"https:\/\/www.visionxeurope.com\/se\/#organization\"},\"potentialAction\":[{\"@type\":\"SearchAction\",\"target\":{\"@type\":\"EntryPoint\",\"urlTemplate\":\"https:\/\/www.visionxeurope.com\/se\/?s={search_term_string}\"},\"query-input\":{\"@type\":\"PropertyValueSpecification\",\"valueRequired\":true,\"valueName\":\"search_term_string\"}}],\"inLanguage\":\"sv-SE\"},{\"@type\":\"Organization\",\"@id\":\"https:\/\/www.visionxeurope.com\/se\/#organization\",\"name\":\"Vision X Europe\",\"url\":\"https:\/\/www.visionxeurope.com\/se\/\",\"logo\":{\"@type\":\"ImageObject\",\"inLanguage\":\"sv-SE\",\"@id\":\"https:\/\/www.visionxeurope.com\/se\/#\/schema\/logo\/image\/\",\"url\":\"https:\/\/www.visionxeurope.com\/se\/wp-content\/uploads\/sites\/7\/2021\/04\/visionxeurope.png\",\"contentUrl\":\"https:\/\/www.visionxeurope.com\/se\/wp-content\/uploads\/sites\/7\/2021\/04\/visionxeurope.png\",\"width\":300,\"height\":110,\"caption\":\"Vision X Europe\"},\"image\":{\"@id\":\"https:\/\/www.visionxeurope.com\/se\/#\/schema\/logo\/image\/\"},\"sameAs\":[\"https:\/\/www.facebook.com\/visionxeurope\",\"https:\/\/www.instagram.com\/visionxeurope\/\"]}]}<\/script>\n<meta property=\"product:price:amount\" content=\"4936.00\" \/>\n<meta property=\"product:price:currency\" content=\"SEK\" \/>\n<meta property=\"og:availability\" content=\"out of stock\" \/>\n<meta property=\"product:availability\" content=\"out of stock\" \/>\n<meta property=\"product:retailer_item_id\" content=\"XPR-HA6E\" \/>\n<meta property=\"product:condition\" content=\"new\" \/>\n<!-- \/ Yoast SEO Premium plugin. -->","yoast_head_json":{"title":"VISION X XPR-HA6E HALO AMBER 12\" 60W LED EXTRALJUSRAMP - Vision X Europe","robots":{"index":"index","follow":"follow","max-snippet":"max-snippet:-1","max-image-preview":"max-image-preview:large","max-video-preview":"max-video-preview:-1"},"canonical":"https:\/\/www.visionxeurope.com\/se\/webbutik\/vision-x-xpr-ha6e-halo-amber-12-60w-led-extraljusramp\/","og_locale":"sv_SE","og_type":"article","og_title":"VISION X XPR-HA6E HALO AMBER 12\" 60W LED EXTRALJUSRAMP","og_description":"En uppdaterad version av XPR Halo med gult\/b\u00e4rnstensf\u00e4rgat halo-ljus. XPR-S Halo skjuter iv\u00e4g ljuset l\u00e4ngre \u00e4n vad som tidigare var m\u00f6jligt med en led ramp. Med hj\u00e4lp av helt nya dioder och IRIS-optiken med 6,5 graders spridning per lins sl\u00e5r XPR-S Halo nya rekord. F\u00f6r den som \u00f6nskar lysa l\u00e5ngt och f\u00e5 en tuff design med halo funktionen \u00e4r XPR-S Halo det perfekta valet. Halo funktionen kan man v\u00e4lja om man \u00f6nskar koppla in p\u00e5 positionsljuset och h\u00f6jer designen ytterligare och ger ett utseende som k\u00e4nns igen p\u00e5 l\u00e5ngt h\u00e5ll n\u00e4r man kommer k\u00f6randes. XPR har tv\u00e5 olika monteringsf\u00e4sten med i kartongen som till\u00e5ter montering av rampen i respektive \u00e4nde alternativt det mer traditionella f\u00e4stet med s\u00e5 kallade l\u00f6p-skenor i botten p\u00e5 rampen. XPR monteras med f\u00f6rdel p\u00e5 b\u00e5de personbilar och lastbilar med ett v\u00e4ldigt konkurrenskraftigt pris i f\u00f6rh\u00e5llande till ljusl\u00e4ngd och ljusstyrka. *N\u00e4st intill okrossbar polykarbonat lins*H\u00f6g IP-klassning (IP-68)*Vibrationst\u00e5lig (15,6Grms)*L\u00e5g str\u00f6mf\u00f6rbrukning i f\u00f6rh\u00e5llande till effekt*EMC testad (radiost\u00f6rningar)*50 000 timmars livsl\u00e4ngd p\u00e5 dioser* 5,5 \u00e5rs unik funktionsgaranti Data:Lamphus: Robust aluminiumSp\u00e4nning: 11-32VStr\u00f6mf\u00f6rbrukning: 5 Amp vid 12VIP-klass: IP68Vibrationsklass: 15.6GArbetstemperatur: -40\u00b0C \u2013 +80\u00b0CH\u00f6jd: 70mm (utan f\u00e4ste)Djup: 80mmBredd: 292.2mmWatt: 60LED: 6R\u00e5a lumen: 6 474Effektiva lumen: 4 531Lins: PolykarbonatLjusbild: 6,5\u00b0 Spot.","og_url":"https:\/\/www.visionxeurope.com\/se\/webbutik\/vision-x-xpr-ha6e-halo-amber-12-60w-led-extraljusramp\/","og_site_name":"Vision X Europe","article_publisher":"https:\/\/www.facebook.com\/visionxeurope","article_modified_time":"2026-03-11T09:08:35+00:00","og_image":[{"width":1920,"height":1920,"url":"https:\/\/www.visionxeurope.com\/se\/wp-content\/uploads\/sites\/7\/2022\/04\/XPR-HA6E-2.jpg","type":"image\/jpeg"}],"twitter_card":"summary_large_image","twitter_misc":{"Pris":"4 936,00&nbsp;&#107;&#114; exkl. moms","Tillg\u00e4nglig":"Slut i lager"},"schema":{"@context":"https:\/\/schema.org","@graph":[{"@type":"WebPage","@id":"https:\/\/www.visionxeurope.com\/se\/webbutik\/vision-x-xpr-ha6e-halo-amber-12-60w-led-extraljusramp\/","url":"https:\/\/www.visionxeurope.com\/se\/webbutik\/vision-x-xpr-ha6e-halo-amber-12-60w-led-extraljusramp\/","name":"VISION X XPR-HA6E HALO AMBER 12\" 60W LED EXTRALJUSRAMP - Vision X Europe","isPartOf":{"@id":"https:\/\/www.visionxeurope.com\/se\/#website"},"primaryImageOfPage":{"@id":"https:\/\/www.visionxeurope.com\/se\/webbutik\/vision-x-xpr-ha6e-halo-amber-12-60w-led-extraljusramp\/#primaryimage"},"image":{"@id":"https:\/\/www.visionxeurope.com\/se\/webbutik\/vision-x-xpr-ha6e-halo-amber-12-60w-led-extraljusramp\/#primaryimage"},"thumbnailUrl":"https:\/\/www.visionxeurope.com\/se\/wp-content\/uploads\/sites\/7\/2022\/04\/XPR-HA6E-2.jpg","datePublished":"2022-04-13T10:17:05+00:00","dateModified":"2026-03-11T09:08:35+00:00","breadcrumb":{"@id":"https:\/\/www.visionxeurope.com\/se\/webbutik\/vision-x-xpr-ha6e-halo-amber-12-60w-led-extraljusramp\/#breadcrumb"},"inLanguage":"sv-SE","potentialAction":[{"@type":"ReadAction","target":["https:\/\/www.visionxeurope.com\/se\/webbutik\/vision-x-xpr-ha6e-halo-amber-12-60w-led-extraljusramp\/"]}]},{"@type":"ImageObject","inLanguage":"sv-SE","@id":"https:\/\/www.visionxeurope.com\/se\/webbutik\/vision-x-xpr-ha6e-halo-amber-12-60w-led-extraljusramp\/#primaryimage","url":"https:\/\/www.visionxeurope.com\/se\/wp-content\/uploads\/sites\/7\/2022\/04\/XPR-HA6E-2.jpg","contentUrl":"https:\/\/www.visionxeurope.com\/se\/wp-content\/uploads\/sites\/7\/2022\/04\/XPR-HA6E-2.jpg","width":1920,"height":1920},{"@type":"BreadcrumbList","@id":"https:\/\/www.visionxeurope.com\/se\/webbutik\/vision-x-xpr-ha6e-halo-amber-12-60w-led-extraljusramp\/#breadcrumb","itemListElement":[{"@type":"ListItem","position":1,"name":"Hem","item":"https:\/\/www.visionxeurope.com\/se\/"},{"@type":"ListItem","position":2,"name":"Webbutik","item":"https:\/\/www.visionxeurope.com\/se\/webbutik\/"},{"@type":"ListItem","position":3,"name":"VISION X XPR-HA6E HALO AMBER 12&#8243; 60W LED EXTRALJUSRAMP"}]},{"@type":"WebSite","@id":"https:\/\/www.visionxeurope.com\/se\/#website","url":"https:\/\/www.visionxeurope.com\/se\/","name":"Vision X Europe","description":"","publisher":{"@id":"https:\/\/www.visionxeurope.com\/se\/#organization"},"potentialAction":[{"@type":"SearchAction","target":{"@type":"EntryPoint","urlTemplate":"https:\/\/www.visionxeurope.com\/se\/?s={search_term_string}"},"query-input":{"@type":"PropertyValueSpecification","valueRequired":true,"valueName":"search_term_string"}}],"inLanguage":"sv-SE"},{"@type":"Organization","@id":"https:\/\/www.visionxeurope.com\/se\/#organization","name":"Vision X Europe","url":"https:\/\/www.visionxeurope.com\/se\/","logo":{"@type":"ImageObject","inLanguage":"sv-SE","@id":"https:\/\/www.visionxeurope.com\/se\/#\/schema\/logo\/image\/","url":"https:\/\/www.visionxeurope.com\/se\/wp-content\/uploads\/sites\/7\/2021\/04\/visionxeurope.png","contentUrl":"https:\/\/www.visionxeurope.com\/se\/wp-content\/uploads\/sites\/7\/2021\/04\/visionxeurope.png","width":300,"height":110,"caption":"Vision X Europe"},"image":{"@id":"https:\/\/www.visionxeurope.com\/se\/#\/schema\/logo\/image\/"},"sameAs":["https:\/\/www.facebook.com\/visionxeurope","https:\/\/www.instagram.com\/visionxeurope\/"]}]},"product_price_amount":"4936.00","product_price_currency":"SEK","og_availability":"out of stock","product_availability":"out of stock","product_retailer_item_id":"XPR-HA6E","product_condition":"new"},"_links":{"self":[{"href":"https:\/\/www.visionxeurope.com\/se\/wp-json\/wp\/v2\/product\/13706","targetHints":{"allow":["GET"]}}],"collection":[{"href":"https:\/\/www.visionxeurope.com\/se\/wp-json\/wp\/v2\/product"}],"about":[{"href":"https:\/\/www.visionxeurope.com\/se\/wp-json\/wp\/v2\/types\/product"}],"replies":[{"embeddable":true,"href":"https:\/\/www.visionxeurope.com\/se\/wp-json\/wp\/v2\/comments?post=13706"}],"wp:featuredmedia":[{"embeddable":true,"href":"https:\/\/www.visionxeurope.com\/se\/wp-json\/wp\/v2\/media\/13707"}],"wp:attachment":[{"href":"https:\/\/www.visionxeurope.com\/se\/wp-json\/wp\/v2\/media?parent=13706"}],"wp:term":[{"taxonomy":"product_brand","embeddable":true,"href":"https:\/\/www.visionxeurope.com\/se\/wp-json\/wp\/v2\/product_brand?post=13706"},{"taxonomy":"product_cat","embeddable":true,"href":"https:\/\/www.visionxeurope.com\/se\/wp-json\/wp\/v2\/product_cat?post=13706"},{"taxonomy":"product_tag","embeddable":true,"href":"https:\/\/www.visionxeurope.com\/se\/wp-json\/wp\/v2\/product_tag?post=13706"}],"curies":[{"name":"wp","href":"https:\/\/api.w.org\/{rel}","templated":true}]}}