{"id":13676,"date":"2021-08-06T11:06:58","date_gmt":"2021-08-06T09:06:58","guid":{"rendered":"https:\/\/www.visionxeurope.com\/se\/produkt\/vision-x-prospector-5-led-35w-40-svart\/"},"modified":"2026-03-06T09:25:18","modified_gmt":"2026-03-06T08:25:18","slug":"vision-x-prospector-5-led-35w-40","status":"publish","type":"product","link":"https:\/\/www.visionxeurope.com\/se\/webbutik\/vision-x-prospector-5-led-35w-40\/","title":{"rendered":"VISION X PROSPECTOR 5 LED 35W 40\u00b0"},"content":{"rendered":"<p><\/p>\n<p>Prospector \u00e4r Vision X nya serie med prisv\u00e4rda och t\u00e5liga LED-arbetslampor f\u00f6r m\u00e5nga olika arbetsomr\u00e5den. Med en helt nydesignad polykarbonat-lins med integrerad optik reduceras kostnaden, utan avkall p\u00e5 lampornas prestanda. LED-lamporna har en effekt p\u00e5 7W med n\u00e4stan 680 lumen\/LED-lampa och erbjuds med antingen spot- eller flodljus.<\/p>\n<p><\/p>\n<p><\/p>\n<p>Arbetslamporna \u00e4r IP68- och IP69K-klassade, med ett lamphus av t\u00e5lig flygplansaluminium. Lamporna \u00e4r klassade f\u00f6r 21,2 Grms vibrationer, vilket g\u00f6r dem l\u00e4mpliga f\u00f6r montering p\u00e5 utsatta platser. Vision X Prospector \u00e4r utm\u00e4rkta LED-arbetslampor f\u00f6r entreprenad, lastbil, skogs- och jordbruk, gruvdrift och andra verksamheter med krav p\u00e5 h\u00f6g tillf\u00f6rlitlighet till en l\u00e4gre kostnad.<\/p>\n<p><\/p>\n<p><\/p>\n<p><strong>Data:<\/strong><br \/>LED: 5 x 7W<br \/>Ljusf\u00e4rgtemp: 5700 K<br \/>Effektiva lumen: 3 400<br \/>Vikt: 1,26 kg<br \/>Sp\u00e4nning: 9-32V<br \/>Str\u00f6mf\u00f6rbrukning: 1,46A @ 24V \u2013 2,92A @ 12V<br \/>Watt: 35W<br \/>Linsmaterial: Polykarbonat<br \/>Lamphus: Aluminium<br \/>Bredd: 121,7mm<br \/>H\u00f6jd: 110mm (med f\u00e4ste)<br \/>Djup: 78mm<br \/>IP-klass: IP68\/IP69K<br \/>Vibrationsklass: 21,2 Grms<br \/>Certifikat: CE, RoHS, IEC 62471<br \/>Kontakt: Deutch DT04-2P<br \/>Ljusbild: 40\u00b0 Flood<\/p>\n<p><\/p>","protected":false},"excerpt":{"rendered":"<p>Prospector \u00e4r Vision X nya serie med prisv\u00e4rda och t\u00e5liga LED-arbetslampor f\u00f6r m\u00e5nga olika arbetsomr\u00e5den. Med en helt nydesignad polykarbonat-lins med integrerad optik reduceras kostnaden, utan avkall p\u00e5 lampornas prestanda. LED-lamporna har en effekt p\u00e5 7W med n\u00e4stan 680 lumen\/LED-lampa och erbjuds med antingen spot- eller flodljus.<\/p>\n<p>Arbetslamporna \u00e4r IP68- och IP69K-klassade, med ett lamphus av t\u00e5lig flygplansaluminium. Lamporna \u00e4r klassade f\u00f6r 21,2 Grms vibrationer, vilket g\u00f6r dem l\u00e4mpliga f\u00f6r montering p\u00e5 utsatta platser. Vision X Prospector \u00e4r utm\u00e4rkta LED-arbetslampor f\u00f6r entreprenad, lastbil, skogs- och jordbruk, gruvdrift och andra verksamheter med krav p\u00e5 h\u00f6g tillf\u00f6rlitlighet till en l\u00e4gre kostnad.<\/p>\n<p><strong>Data:<\/strong><br \/>LED: 5 x 7W<br \/>Ljusf\u00e4rgtemp: 5700 K<br \/>Effektiva lumen: 3 400<br \/>Vikt: 1,26 kg<br \/>Sp\u00e4nning: 9-32V<br \/>Str\u00f6mf\u00f6rbrukning: 1,46A @ 24V \u2013 2,92A @ 12V<br \/>Watt: 35W<br \/>Linsmaterial: Polykarbonat<br \/>Lamphus: Aluminium<br \/>Bredd: 121,7mm<br \/>H\u00f6jd: 110mm (med f\u00e4ste)<br \/>Djup: 78mm<br \/>IP-klass: IP68\/IP69K<br \/>Vibrationsklass: 21,2 Grms<br \/>Certifikat: CE, RoHS, IEC 62471<br \/>Kontakt: Deutch DT04-2P<br \/>Ljusbild: 40\u00b0 Flood<\/p>\n","protected":false},"featured_media":19523,"comment_status":"closed","ping_status":"open","template":"","meta":{"editor_notices":[]},"product_brand":[],"product_cat":[245],"product_tag":[],"class_list":{"0":"post-13676","1":"product","2":"type-product","3":"status-publish","4":"has-post-thumbnail","6":"product_cat-prospector","7":"resize-featured-image","8":"","9":"woocommerce-text-align-left","10":"woocommerce-image-align-center","12":"first","13":"instock","14":"taxable","15":"shipping-taxable","16":"product-type-simple"},"yoast_head":"<!-- This site is optimized with the Yoast SEO Premium plugin v25.0 (Yoast SEO v25.0) - https:\/\/yoast.com\/wordpress\/plugins\/seo\/ -->\n<title>VISION X PROSPECTOR 5 LED 35W 40\u00b0 - Vision X Europe<\/title>\n<meta name=\"robots\" content=\"index, follow, max-snippet:-1, max-image-preview:large, max-video-preview:-1\" \/>\n<link rel=\"canonical\" href=\"https:\/\/www.visionxeurope.com\/se\/webbutik\/vision-x-prospector-5-led-35w-40\/\" \/>\n<meta property=\"og:locale\" content=\"sv_SE\" \/>\n<meta property=\"og:type\" content=\"article\" \/>\n<meta property=\"og:title\" content=\"VISION X PROSPECTOR 5 LED 35W 40\u00b0\" \/>\n<meta property=\"og:description\" content=\"Prospector \u00e4r Vision X nya serie med prisv\u00e4rda och t\u00e5liga LED-arbetslampor f\u00f6r m\u00e5nga olika arbetsomr\u00e5den. Med en helt nydesignad polykarbonat-lins med integrerad optik reduceras kostnaden, utan avkall p\u00e5 lampornas prestanda. LED-lamporna har en effekt p\u00e5 7W med n\u00e4stan 680 lumen\/LED-lampa och erbjuds med antingen spot- eller flodljus. Arbetslamporna \u00e4r IP68- och IP69K-klassade, med ett lamphus av t\u00e5lig flygplansaluminium. Lamporna \u00e4r klassade f\u00f6r 21,2 Grms vibrationer, vilket g\u00f6r dem l\u00e4mpliga f\u00f6r montering p\u00e5 utsatta platser. Vision X Prospector \u00e4r utm\u00e4rkta LED-arbetslampor f\u00f6r entreprenad, lastbil, skogs- och jordbruk, gruvdrift och andra verksamheter med krav p\u00e5 h\u00f6g tillf\u00f6rlitlighet till en l\u00e4gre kostnad. Data:LED: 5 x 7WLjusf\u00e4rgtemp: 5700 KEffektiva lumen: 3 400Vikt: 1,26 kgSp\u00e4nning: 9-32VStr\u00f6mf\u00f6rbrukning: 1,46A @ 24V \u2013 2,92A @ 12VWatt: 35WLinsmaterial: PolykarbonatLamphus: AluminiumBredd: 121,7mmH\u00f6jd: 110mm (med f\u00e4ste)Djup: 78mmIP-klass: IP68\/IP69KVibrationsklass: 21,2 GrmsCertifikat: CE, RoHS, IEC 62471Kontakt: Deutch DT04-2PLjusbild: 40\u00b0 Flood\" \/>\n<meta property=\"og:url\" content=\"https:\/\/www.visionxeurope.com\/se\/webbutik\/vision-x-prospector-5-led-35w-40\/\" \/>\n<meta property=\"og:site_name\" content=\"Vision X Europe\" \/>\n<meta property=\"article:publisher\" content=\"https:\/\/www.facebook.com\/visionxeurope\" \/>\n<meta property=\"article:modified_time\" content=\"2026-03-06T08:25:18+00:00\" \/>\n<meta property=\"og:image\" content=\"https:\/\/www.visionxeurope.com\/se\/wp-content\/uploads\/sites\/7\/2021\/08\/POB070510.jpg\" \/>\n\t<meta property=\"og:image:width\" content=\"1920\" \/>\n\t<meta property=\"og:image:height\" content=\"1920\" \/>\n\t<meta property=\"og:image:type\" content=\"image\/jpeg\" \/>\n<meta name=\"twitter:card\" content=\"summary_large_image\" \/>\n<meta name=\"twitter:label1\" content=\"Pris\" \/>\n\t<meta name=\"twitter:data1\" content=\"1 919,00&nbsp;&#107;&#114; exkl. moms\" \/>\n\t<meta name=\"twitter:label2\" content=\"Tillg\u00e4nglig\" \/>\n\t<meta name=\"twitter:data2\" content=\"I lager\" \/>\n<script type=\"application\/ld+json\" class=\"yoast-schema-graph\">{\"@context\":\"https:\/\/schema.org\",\"@graph\":[{\"@type\":\"WebPage\",\"@id\":\"https:\/\/www.visionxeurope.com\/se\/webbutik\/vision-x-prospector-5-led-35w-40\/\",\"url\":\"https:\/\/www.visionxeurope.com\/se\/webbutik\/vision-x-prospector-5-led-35w-40\/\",\"name\":\"VISION X PROSPECTOR 5 LED 35W 40\u00b0 - Vision X Europe\",\"isPartOf\":{\"@id\":\"https:\/\/www.visionxeurope.com\/se\/#website\"},\"primaryImageOfPage\":{\"@id\":\"https:\/\/www.visionxeurope.com\/se\/webbutik\/vision-x-prospector-5-led-35w-40\/#primaryimage\"},\"image\":{\"@id\":\"https:\/\/www.visionxeurope.com\/se\/webbutik\/vision-x-prospector-5-led-35w-40\/#primaryimage\"},\"thumbnailUrl\":\"https:\/\/www.visionxeurope.com\/se\/wp-content\/uploads\/sites\/7\/2021\/08\/POB070510.jpg\",\"datePublished\":\"2021-08-06T09:06:58+00:00\",\"dateModified\":\"2026-03-06T08:25:18+00:00\",\"breadcrumb\":{\"@id\":\"https:\/\/www.visionxeurope.com\/se\/webbutik\/vision-x-prospector-5-led-35w-40\/#breadcrumb\"},\"inLanguage\":\"sv-SE\",\"potentialAction\":[{\"@type\":\"ReadAction\",\"target\":[\"https:\/\/www.visionxeurope.com\/se\/webbutik\/vision-x-prospector-5-led-35w-40\/\"]}]},{\"@type\":\"ImageObject\",\"inLanguage\":\"sv-SE\",\"@id\":\"https:\/\/www.visionxeurope.com\/se\/webbutik\/vision-x-prospector-5-led-35w-40\/#primaryimage\",\"url\":\"https:\/\/www.visionxeurope.com\/se\/wp-content\/uploads\/sites\/7\/2021\/08\/POB070510.jpg\",\"contentUrl\":\"https:\/\/www.visionxeurope.com\/se\/wp-content\/uploads\/sites\/7\/2021\/08\/POB070510.jpg\",\"width\":1920,\"height\":1920},{\"@type\":\"BreadcrumbList\",\"@id\":\"https:\/\/www.visionxeurope.com\/se\/webbutik\/vision-x-prospector-5-led-35w-40\/#breadcrumb\",\"itemListElement\":[{\"@type\":\"ListItem\",\"position\":1,\"name\":\"Hem\",\"item\":\"https:\/\/www.visionxeurope.com\/se\/\"},{\"@type\":\"ListItem\",\"position\":2,\"name\":\"Webbutik\",\"item\":\"https:\/\/www.visionxeurope.com\/se\/webbutik\/\"},{\"@type\":\"ListItem\",\"position\":3,\"name\":\"VISION X PROSPECTOR 5 LED 35W 40\u00b0\"}]},{\"@type\":\"WebSite\",\"@id\":\"https:\/\/www.visionxeurope.com\/se\/#website\",\"url\":\"https:\/\/www.visionxeurope.com\/se\/\",\"name\":\"Vision X Europe\",\"description\":\"\",\"publisher\":{\"@id\":\"https:\/\/www.visionxeurope.com\/se\/#organization\"},\"potentialAction\":[{\"@type\":\"SearchAction\",\"target\":{\"@type\":\"EntryPoint\",\"urlTemplate\":\"https:\/\/www.visionxeurope.com\/se\/?s={search_term_string}\"},\"query-input\":{\"@type\":\"PropertyValueSpecification\",\"valueRequired\":true,\"valueName\":\"search_term_string\"}}],\"inLanguage\":\"sv-SE\"},{\"@type\":\"Organization\",\"@id\":\"https:\/\/www.visionxeurope.com\/se\/#organization\",\"name\":\"Vision X Europe\",\"url\":\"https:\/\/www.visionxeurope.com\/se\/\",\"logo\":{\"@type\":\"ImageObject\",\"inLanguage\":\"sv-SE\",\"@id\":\"https:\/\/www.visionxeurope.com\/se\/#\/schema\/logo\/image\/\",\"url\":\"https:\/\/www.visionxeurope.com\/se\/wp-content\/uploads\/sites\/7\/2021\/04\/visionxeurope.png\",\"contentUrl\":\"https:\/\/www.visionxeurope.com\/se\/wp-content\/uploads\/sites\/7\/2021\/04\/visionxeurope.png\",\"width\":300,\"height\":110,\"caption\":\"Vision X Europe\"},\"image\":{\"@id\":\"https:\/\/www.visionxeurope.com\/se\/#\/schema\/logo\/image\/\"},\"sameAs\":[\"https:\/\/www.facebook.com\/visionxeurope\",\"https:\/\/www.instagram.com\/visionxeurope\/\"]}]}<\/script>\n<meta property=\"product:price:amount\" content=\"1919.00\" \/>\n<meta property=\"product:price:currency\" content=\"SEK\" \/>\n<meta property=\"og:availability\" content=\"instock\" \/>\n<meta property=\"product:availability\" content=\"instock\" \/>\n<meta property=\"product:retailer_item_id\" content=\"POB070540BL\" \/>\n<meta property=\"product:condition\" content=\"new\" \/>\n<!-- \/ Yoast SEO Premium plugin. -->","yoast_head_json":{"title":"VISION X PROSPECTOR 5 LED 35W 40\u00b0 - Vision X Europe","robots":{"index":"index","follow":"follow","max-snippet":"max-snippet:-1","max-image-preview":"max-image-preview:large","max-video-preview":"max-video-preview:-1"},"canonical":"https:\/\/www.visionxeurope.com\/se\/webbutik\/vision-x-prospector-5-led-35w-40\/","og_locale":"sv_SE","og_type":"article","og_title":"VISION X PROSPECTOR 5 LED 35W 40\u00b0","og_description":"Prospector \u00e4r Vision X nya serie med prisv\u00e4rda och t\u00e5liga LED-arbetslampor f\u00f6r m\u00e5nga olika arbetsomr\u00e5den. Med en helt nydesignad polykarbonat-lins med integrerad optik reduceras kostnaden, utan avkall p\u00e5 lampornas prestanda. LED-lamporna har en effekt p\u00e5 7W med n\u00e4stan 680 lumen\/LED-lampa och erbjuds med antingen spot- eller flodljus. Arbetslamporna \u00e4r IP68- och IP69K-klassade, med ett lamphus av t\u00e5lig flygplansaluminium. Lamporna \u00e4r klassade f\u00f6r 21,2 Grms vibrationer, vilket g\u00f6r dem l\u00e4mpliga f\u00f6r montering p\u00e5 utsatta platser. Vision X Prospector \u00e4r utm\u00e4rkta LED-arbetslampor f\u00f6r entreprenad, lastbil, skogs- och jordbruk, gruvdrift och andra verksamheter med krav p\u00e5 h\u00f6g tillf\u00f6rlitlighet till en l\u00e4gre kostnad. Data:LED: 5 x 7WLjusf\u00e4rgtemp: 5700 KEffektiva lumen: 3 400Vikt: 1,26 kgSp\u00e4nning: 9-32VStr\u00f6mf\u00f6rbrukning: 1,46A @ 24V \u2013 2,92A @ 12VWatt: 35WLinsmaterial: PolykarbonatLamphus: AluminiumBredd: 121,7mmH\u00f6jd: 110mm (med f\u00e4ste)Djup: 78mmIP-klass: IP68\/IP69KVibrationsklass: 21,2 GrmsCertifikat: CE, RoHS, IEC 62471Kontakt: Deutch DT04-2PLjusbild: 40\u00b0 Flood","og_url":"https:\/\/www.visionxeurope.com\/se\/webbutik\/vision-x-prospector-5-led-35w-40\/","og_site_name":"Vision X Europe","article_publisher":"https:\/\/www.facebook.com\/visionxeurope","article_modified_time":"2026-03-06T08:25:18+00:00","og_image":[{"width":1920,"height":1920,"url":"https:\/\/www.visionxeurope.com\/se\/wp-content\/uploads\/sites\/7\/2021\/08\/POB070510.jpg","type":"image\/jpeg"}],"twitter_card":"summary_large_image","twitter_misc":{"Pris":"1 919,00&nbsp;&#107;&#114; exkl. moms","Tillg\u00e4nglig":"I lager"},"schema":{"@context":"https:\/\/schema.org","@graph":[{"@type":"WebPage","@id":"https:\/\/www.visionxeurope.com\/se\/webbutik\/vision-x-prospector-5-led-35w-40\/","url":"https:\/\/www.visionxeurope.com\/se\/webbutik\/vision-x-prospector-5-led-35w-40\/","name":"VISION X PROSPECTOR 5 LED 35W 40\u00b0 - Vision X Europe","isPartOf":{"@id":"https:\/\/www.visionxeurope.com\/se\/#website"},"primaryImageOfPage":{"@id":"https:\/\/www.visionxeurope.com\/se\/webbutik\/vision-x-prospector-5-led-35w-40\/#primaryimage"},"image":{"@id":"https:\/\/www.visionxeurope.com\/se\/webbutik\/vision-x-prospector-5-led-35w-40\/#primaryimage"},"thumbnailUrl":"https:\/\/www.visionxeurope.com\/se\/wp-content\/uploads\/sites\/7\/2021\/08\/POB070510.jpg","datePublished":"2021-08-06T09:06:58+00:00","dateModified":"2026-03-06T08:25:18+00:00","breadcrumb":{"@id":"https:\/\/www.visionxeurope.com\/se\/webbutik\/vision-x-prospector-5-led-35w-40\/#breadcrumb"},"inLanguage":"sv-SE","potentialAction":[{"@type":"ReadAction","target":["https:\/\/www.visionxeurope.com\/se\/webbutik\/vision-x-prospector-5-led-35w-40\/"]}]},{"@type":"ImageObject","inLanguage":"sv-SE","@id":"https:\/\/www.visionxeurope.com\/se\/webbutik\/vision-x-prospector-5-led-35w-40\/#primaryimage","url":"https:\/\/www.visionxeurope.com\/se\/wp-content\/uploads\/sites\/7\/2021\/08\/POB070510.jpg","contentUrl":"https:\/\/www.visionxeurope.com\/se\/wp-content\/uploads\/sites\/7\/2021\/08\/POB070510.jpg","width":1920,"height":1920},{"@type":"BreadcrumbList","@id":"https:\/\/www.visionxeurope.com\/se\/webbutik\/vision-x-prospector-5-led-35w-40\/#breadcrumb","itemListElement":[{"@type":"ListItem","position":1,"name":"Hem","item":"https:\/\/www.visionxeurope.com\/se\/"},{"@type":"ListItem","position":2,"name":"Webbutik","item":"https:\/\/www.visionxeurope.com\/se\/webbutik\/"},{"@type":"ListItem","position":3,"name":"VISION X PROSPECTOR 5 LED 35W 40\u00b0"}]},{"@type":"WebSite","@id":"https:\/\/www.visionxeurope.com\/se\/#website","url":"https:\/\/www.visionxeurope.com\/se\/","name":"Vision X Europe","description":"","publisher":{"@id":"https:\/\/www.visionxeurope.com\/se\/#organization"},"potentialAction":[{"@type":"SearchAction","target":{"@type":"EntryPoint","urlTemplate":"https:\/\/www.visionxeurope.com\/se\/?s={search_term_string}"},"query-input":{"@type":"PropertyValueSpecification","valueRequired":true,"valueName":"search_term_string"}}],"inLanguage":"sv-SE"},{"@type":"Organization","@id":"https:\/\/www.visionxeurope.com\/se\/#organization","name":"Vision X Europe","url":"https:\/\/www.visionxeurope.com\/se\/","logo":{"@type":"ImageObject","inLanguage":"sv-SE","@id":"https:\/\/www.visionxeurope.com\/se\/#\/schema\/logo\/image\/","url":"https:\/\/www.visionxeurope.com\/se\/wp-content\/uploads\/sites\/7\/2021\/04\/visionxeurope.png","contentUrl":"https:\/\/www.visionxeurope.com\/se\/wp-content\/uploads\/sites\/7\/2021\/04\/visionxeurope.png","width":300,"height":110,"caption":"Vision X Europe"},"image":{"@id":"https:\/\/www.visionxeurope.com\/se\/#\/schema\/logo\/image\/"},"sameAs":["https:\/\/www.facebook.com\/visionxeurope","https:\/\/www.instagram.com\/visionxeurope\/"]}]},"product_price_amount":"1919.00","product_price_currency":"SEK","og_availability":"instock","product_availability":"instock","product_retailer_item_id":"POB070540BL","product_condition":"new"},"_links":{"self":[{"href":"https:\/\/www.visionxeurope.com\/se\/wp-json\/wp\/v2\/product\/13676","targetHints":{"allow":["GET"]}}],"collection":[{"href":"https:\/\/www.visionxeurope.com\/se\/wp-json\/wp\/v2\/product"}],"about":[{"href":"https:\/\/www.visionxeurope.com\/se\/wp-json\/wp\/v2\/types\/product"}],"replies":[{"embeddable":true,"href":"https:\/\/www.visionxeurope.com\/se\/wp-json\/wp\/v2\/comments?post=13676"}],"wp:featuredmedia":[{"embeddable":true,"href":"https:\/\/www.visionxeurope.com\/se\/wp-json\/wp\/v2\/media\/19523"}],"wp:attachment":[{"href":"https:\/\/www.visionxeurope.com\/se\/wp-json\/wp\/v2\/media?parent=13676"}],"wp:term":[{"taxonomy":"product_brand","embeddable":true,"href":"https:\/\/www.visionxeurope.com\/se\/wp-json\/wp\/v2\/product_brand?post=13676"},{"taxonomy":"product_cat","embeddable":true,"href":"https:\/\/www.visionxeurope.com\/se\/wp-json\/wp\/v2\/product_cat?post=13676"},{"taxonomy":"product_tag","embeddable":true,"href":"https:\/\/www.visionxeurope.com\/se\/wp-json\/wp\/v2\/product_tag?post=13676"}],"curies":[{"name":"wp","href":"https:\/\/api.w.org\/{rel}","templated":true}]}}