{"id":13663,"date":"2020-12-11T08:26:59","date_gmt":"2020-12-11T07:26:59","guid":{"rendered":"https:\/\/www.visionxeurope.com\/se\/produkt\/vision-x-xpr-hc17emh-curved-light-bar-30-170w-multi-optik-halo\/"},"modified":"2026-03-31T09:50:35","modified_gmt":"2026-03-31T07:50:35","slug":"vision-x-xpr-hc17emh-curved-light-bar-30-170w-multi-optik-halo","status":"publish","type":"product","link":"https:\/\/www.visionxeurope.com\/se\/webbutik\/vision-x-xpr-hc17emh-curved-light-bar-30-170w-multi-optik-halo\/","title":{"rendered":"VISION X XPR HALO 30&#8243; 170W SV\u00c4NGD LED RAMP E-M\u00c4RKT"},"content":{"rendered":"<p><\/p>\n<p>Vision X XPR Curved \u00e4r en vidareutveckling av popul\u00e4ra och kraftfulla XPR. Den b\u00f6jda rampen sprider ljusbilden ytterligare p\u00e5 bredden. Med senaste versionen av IRIS-optik samt effektiva 10 watt LED-dioder med 6,5 graders spridning per lins \u00e4r XPR Curved den perfekta mixen av l\u00e4ngd och bredd.<\/p>\n<p><\/p>\n<p><\/p>\n<p>Halo-funktionen kan kopplas p\u00e5 positionsljuset, vilket h\u00f6jer designen ytterligare och ger ett unikt utseende som k\u00e4nns igen p\u00e5 l\u00e5ng v\u00e4g. XPR Curved f\u00f6ljer de naturliga kurvorna p\u00e5 ditt fordon med sin b\u00f6jda form.<\/p>\n<p><\/p>\n<p><\/p>\n<p>* N\u00e4st intill okrossbar polykarbonat lins<br \/>* H\u00f6g IP-klassning (IP68 &amp; IP69K)<br \/>* Vibrationst\u00e5lig (15,6Grms)<br \/>* L\u00e5g str\u00f6mf\u00f6rbrukning i f\u00f6rh\u00e5llande till effekt<br \/>* EMC-testad (radiost\u00f6rningar)<br \/>* 50 000 timmars livsl\u00e4ngd p\u00e5 dioder<br \/>* 5,5 \u00e5rs unik funktionsgaranti<\/p>\n<p><\/p>\n<p><\/p>\n<p><strong>Data:<\/strong><br \/>E-m\u00e4rkt: Ja<br \/>Referenstal: 30<br \/>Lamphus: Robust aluminium, b\u00f6jd form<br \/>Sp\u00e4nning: 9-32V<br \/>Str\u00f6mf\u00f6rbrukning: 15 Amp vid 12V<br \/>IP-klass: IP68 &amp; IP69K<br \/>Vibrationsklass: 15.6G<br \/>Arbetstemperatur: -40\u00b0C \u2013 +80\u00b0C<br \/>H\u00f6jd: 80 mm<br \/>Djup: 109 mm<br \/>Bredd: 794 mm<br \/>Watt: 170<br \/>LED: 17<br \/>R\u00e5a lumen: 18 360<br \/>Effektiva lumen: 12 852<br \/>Lins: Polykarbonat<\/p>\n<p><\/p>","protected":false},"excerpt":{"rendered":"<p>Vision X XPR Curved \u00e4r en vidareutveckling av popul\u00e4ra och kraftfulla XPR. Den b\u00f6jda rampen sprider ljusbilden ytterligare p\u00e5 bredden. Med senaste versionen av IRIS-optik samt effektiva 10 watt LED-dioder med 6,5 graders spridning per lins \u00e4r XPR Curved den perfekta mixen av l\u00e4ngd och bredd.<\/p>\n<p>Halo-funktionen kan kopplas p\u00e5 positionsljuset, vilket h\u00f6jer designen ytterligare och ger ett unikt utseende som k\u00e4nns igen p\u00e5 l\u00e5ng v\u00e4g. XPR Curved f\u00f6ljer de naturliga kurvorna p\u00e5 ditt fordon med sin b\u00f6jda form.<\/p>\n<p>* N\u00e4st intill okrossbar polykarbonat lins<br \/>* H\u00f6g IP-klassning (IP68 &amp; IP69K)<br \/>* Vibrationst\u00e5lig (15,6Grms)<br \/>* L\u00e5g str\u00f6mf\u00f6rbrukning i f\u00f6rh\u00e5llande till effekt<br \/>* EMC-testad (radiost\u00f6rningar)<br \/>* 50 000 timmars livsl\u00e4ngd p\u00e5 dioder<br \/>* 5,5 \u00e5rs unik funktionsgaranti<\/p>\n<p><strong>Data:<\/strong><br \/>E-m\u00e4rkt: Ja<br \/>Referenstal: 30<br \/>Lamphus: Robust aluminium, b\u00f6jd form<br \/>Sp\u00e4nning: 9-32V<br \/>Str\u00f6mf\u00f6rbrukning: 15 Amp vid 12V<br \/>IP-klass: IP68 &amp; IP69K<br \/>Vibrationsklass: 15.6G<br \/>Arbetstemperatur: -40\u00b0C \u2013 +80\u00b0C<br \/>H\u00f6jd: 80 mm<br \/>Djup: 109 mm<br \/>Bredd: 794 mm<br \/>Watt: 170<br \/>LED: 17<br \/>R\u00e5a lumen: 18 360<br \/>Effektiva lumen: 12 852<br \/>Lins: Polykarbonat<\/p>\n","protected":false},"featured_media":15644,"comment_status":"closed","ping_status":"open","template":"","meta":{"editor_notices":[]},"product_brand":[],"product_cat":[95],"product_tag":[],"class_list":{"0":"post-13663","1":"product","2":"type-product","3":"status-publish","4":"has-post-thumbnail","6":"product_cat-xpr-halo-curved","7":"resize-featured-image","8":"","9":"woocommerce-text-align-left","10":"woocommerce-image-align-center","12":"first","13":"instock","14":"taxable","15":"shipping-taxable","16":"product-type-simple"},"yoast_head":"<!-- This site is optimized with the Yoast SEO Premium plugin v25.0 (Yoast SEO v25.0) - https:\/\/yoast.com\/wordpress\/plugins\/seo\/ -->\n<title>VISION X XPR HALO 30&quot; 170W SV\u00c4NGD LED RAMP E-M\u00c4RKT - Vision X Europe<\/title>\n<meta name=\"robots\" content=\"index, follow, max-snippet:-1, max-image-preview:large, max-video-preview:-1\" \/>\n<link rel=\"canonical\" href=\"https:\/\/www.visionxeurope.com\/se\/webbutik\/vision-x-xpr-hc17emh-curved-light-bar-30-170w-multi-optik-halo\/\" \/>\n<meta property=\"og:locale\" content=\"sv_SE\" \/>\n<meta property=\"og:type\" content=\"article\" \/>\n<meta property=\"og:title\" content=\"VISION X XPR HALO 30&quot; 170W SV\u00c4NGD LED RAMP E-M\u00c4RKT\" \/>\n<meta property=\"og:description\" content=\"Vision X XPR Curved \u00e4r en vidareutveckling av popul\u00e4ra och kraftfulla XPR. Den b\u00f6jda rampen sprider ljusbilden ytterligare p\u00e5 bredden. Med senaste versionen av IRIS-optik samt effektiva 10 watt LED-dioder med 6,5 graders spridning per lins \u00e4r XPR Curved den perfekta mixen av l\u00e4ngd och bredd. Halo-funktionen kan kopplas p\u00e5 positionsljuset, vilket h\u00f6jer designen ytterligare och ger ett unikt utseende som k\u00e4nns igen p\u00e5 l\u00e5ng v\u00e4g. XPR Curved f\u00f6ljer de naturliga kurvorna p\u00e5 ditt fordon med sin b\u00f6jda form. * N\u00e4st intill okrossbar polykarbonat lins* H\u00f6g IP-klassning (IP68 &amp; IP69K)* Vibrationst\u00e5lig (15,6Grms)* L\u00e5g str\u00f6mf\u00f6rbrukning i f\u00f6rh\u00e5llande till effekt* EMC-testad (radiost\u00f6rningar)* 50 000 timmars livsl\u00e4ngd p\u00e5 dioder* 5,5 \u00e5rs unik funktionsgaranti Data:E-m\u00e4rkt: JaReferenstal: 30Lamphus: Robust aluminium, b\u00f6jd formSp\u00e4nning: 9-32VStr\u00f6mf\u00f6rbrukning: 15 Amp vid 12VIP-klass: IP68 &amp; IP69KVibrationsklass: 15.6GArbetstemperatur: -40\u00b0C \u2013 +80\u00b0CH\u00f6jd: 80 mmDjup: 109 mmBredd: 794 mmWatt: 170LED: 17R\u00e5a lumen: 18 360Effektiva lumen: 12 852Lins: Polykarbonat\" \/>\n<meta property=\"og:url\" content=\"https:\/\/www.visionxeurope.com\/se\/webbutik\/vision-x-xpr-hc17emh-curved-light-bar-30-170w-multi-optik-halo\/\" \/>\n<meta property=\"og:site_name\" content=\"Vision X Europe\" \/>\n<meta property=\"article:publisher\" content=\"https:\/\/www.facebook.com\/visionxeurope\" \/>\n<meta property=\"article:modified_time\" content=\"2026-03-31T07:50:35+00:00\" \/>\n<meta property=\"og:image\" content=\"https:\/\/www.visionxeurope.com\/se\/wp-content\/uploads\/sites\/7\/2022\/04\/XPR-HC17EMH.jpg\" \/>\n\t<meta property=\"og:image:width\" content=\"450\" \/>\n\t<meta property=\"og:image:height\" content=\"450\" \/>\n\t<meta property=\"og:image:type\" content=\"image\/jpeg\" \/>\n<meta name=\"twitter:card\" content=\"summary_large_image\" \/>\n<meta name=\"twitter:label1\" content=\"Pris\" \/>\n\t<meta name=\"twitter:data1\" content=\"12 396,00&nbsp;&#107;&#114; exkl. moms\" \/>\n\t<meta name=\"twitter:label2\" content=\"Tillg\u00e4nglig\" \/>\n\t<meta name=\"twitter:data2\" content=\"I lager\" \/>\n<script type=\"application\/ld+json\" class=\"yoast-schema-graph\">{\"@context\":\"https:\/\/schema.org\",\"@graph\":[{\"@type\":\"WebPage\",\"@id\":\"https:\/\/www.visionxeurope.com\/se\/webbutik\/vision-x-xpr-hc17emh-curved-light-bar-30-170w-multi-optik-halo\/\",\"url\":\"https:\/\/www.visionxeurope.com\/se\/webbutik\/vision-x-xpr-hc17emh-curved-light-bar-30-170w-multi-optik-halo\/\",\"name\":\"VISION X XPR HALO 30\\\" 170W SV\u00c4NGD LED RAMP E-M\u00c4RKT - Vision X Europe\",\"isPartOf\":{\"@id\":\"https:\/\/www.visionxeurope.com\/se\/#website\"},\"primaryImageOfPage\":{\"@id\":\"https:\/\/www.visionxeurope.com\/se\/webbutik\/vision-x-xpr-hc17emh-curved-light-bar-30-170w-multi-optik-halo\/#primaryimage\"},\"image\":{\"@id\":\"https:\/\/www.visionxeurope.com\/se\/webbutik\/vision-x-xpr-hc17emh-curved-light-bar-30-170w-multi-optik-halo\/#primaryimage\"},\"thumbnailUrl\":\"https:\/\/www.visionxeurope.com\/se\/wp-content\/uploads\/sites\/7\/2022\/04\/XPR-HC17EMH.jpg\",\"datePublished\":\"2020-12-11T07:26:59+00:00\",\"dateModified\":\"2026-03-31T07:50:35+00:00\",\"breadcrumb\":{\"@id\":\"https:\/\/www.visionxeurope.com\/se\/webbutik\/vision-x-xpr-hc17emh-curved-light-bar-30-170w-multi-optik-halo\/#breadcrumb\"},\"inLanguage\":\"sv-SE\",\"potentialAction\":[{\"@type\":\"ReadAction\",\"target\":[\"https:\/\/www.visionxeurope.com\/se\/webbutik\/vision-x-xpr-hc17emh-curved-light-bar-30-170w-multi-optik-halo\/\"]}]},{\"@type\":\"ImageObject\",\"inLanguage\":\"sv-SE\",\"@id\":\"https:\/\/www.visionxeurope.com\/se\/webbutik\/vision-x-xpr-hc17emh-curved-light-bar-30-170w-multi-optik-halo\/#primaryimage\",\"url\":\"https:\/\/www.visionxeurope.com\/se\/wp-content\/uploads\/sites\/7\/2022\/04\/XPR-HC17EMH.jpg\",\"contentUrl\":\"https:\/\/www.visionxeurope.com\/se\/wp-content\/uploads\/sites\/7\/2022\/04\/XPR-HC17EMH.jpg\",\"width\":450,\"height\":450},{\"@type\":\"BreadcrumbList\",\"@id\":\"https:\/\/www.visionxeurope.com\/se\/webbutik\/vision-x-xpr-hc17emh-curved-light-bar-30-170w-multi-optik-halo\/#breadcrumb\",\"itemListElement\":[{\"@type\":\"ListItem\",\"position\":1,\"name\":\"Hem\",\"item\":\"https:\/\/www.visionxeurope.com\/se\/\"},{\"@type\":\"ListItem\",\"position\":2,\"name\":\"Webbutik\",\"item\":\"https:\/\/www.visionxeurope.com\/se\/webbutik\/\"},{\"@type\":\"ListItem\",\"position\":3,\"name\":\"VISION X XPR HALO 30&#8243; 170W SV\u00c4NGD LED RAMP E-M\u00c4RKT\"}]},{\"@type\":\"WebSite\",\"@id\":\"https:\/\/www.visionxeurope.com\/se\/#website\",\"url\":\"https:\/\/www.visionxeurope.com\/se\/\",\"name\":\"Vision X Europe\",\"description\":\"\",\"publisher\":{\"@id\":\"https:\/\/www.visionxeurope.com\/se\/#organization\"},\"potentialAction\":[{\"@type\":\"SearchAction\",\"target\":{\"@type\":\"EntryPoint\",\"urlTemplate\":\"https:\/\/www.visionxeurope.com\/se\/?s={search_term_string}\"},\"query-input\":{\"@type\":\"PropertyValueSpecification\",\"valueRequired\":true,\"valueName\":\"search_term_string\"}}],\"inLanguage\":\"sv-SE\"},{\"@type\":\"Organization\",\"@id\":\"https:\/\/www.visionxeurope.com\/se\/#organization\",\"name\":\"Vision X Europe\",\"url\":\"https:\/\/www.visionxeurope.com\/se\/\",\"logo\":{\"@type\":\"ImageObject\",\"inLanguage\":\"sv-SE\",\"@id\":\"https:\/\/www.visionxeurope.com\/se\/#\/schema\/logo\/image\/\",\"url\":\"https:\/\/www.visionxeurope.com\/se\/wp-content\/uploads\/sites\/7\/2021\/04\/visionxeurope.png\",\"contentUrl\":\"https:\/\/www.visionxeurope.com\/se\/wp-content\/uploads\/sites\/7\/2021\/04\/visionxeurope.png\",\"width\":300,\"height\":110,\"caption\":\"Vision X Europe\"},\"image\":{\"@id\":\"https:\/\/www.visionxeurope.com\/se\/#\/schema\/logo\/image\/\"},\"sameAs\":[\"https:\/\/www.facebook.com\/visionxeurope\",\"https:\/\/www.instagram.com\/visionxeurope\/\"]}]}<\/script>\n<meta property=\"product:price:amount\" content=\"12396.00\" \/>\n<meta property=\"product:price:currency\" content=\"SEK\" \/>\n<meta property=\"og:availability\" content=\"instock\" \/>\n<meta property=\"product:availability\" content=\"instock\" \/>\n<meta property=\"product:retailer_item_id\" content=\"XPR-HC17EMH\" \/>\n<meta property=\"product:condition\" content=\"new\" \/>\n<!-- \/ Yoast SEO Premium plugin. -->","yoast_head_json":{"title":"VISION X XPR HALO 30\" 170W SV\u00c4NGD LED RAMP E-M\u00c4RKT - Vision X Europe","robots":{"index":"index","follow":"follow","max-snippet":"max-snippet:-1","max-image-preview":"max-image-preview:large","max-video-preview":"max-video-preview:-1"},"canonical":"https:\/\/www.visionxeurope.com\/se\/webbutik\/vision-x-xpr-hc17emh-curved-light-bar-30-170w-multi-optik-halo\/","og_locale":"sv_SE","og_type":"article","og_title":"VISION X XPR HALO 30\" 170W SV\u00c4NGD LED RAMP E-M\u00c4RKT","og_description":"Vision X XPR Curved \u00e4r en vidareutveckling av popul\u00e4ra och kraftfulla XPR. Den b\u00f6jda rampen sprider ljusbilden ytterligare p\u00e5 bredden. Med senaste versionen av IRIS-optik samt effektiva 10 watt LED-dioder med 6,5 graders spridning per lins \u00e4r XPR Curved den perfekta mixen av l\u00e4ngd och bredd. Halo-funktionen kan kopplas p\u00e5 positionsljuset, vilket h\u00f6jer designen ytterligare och ger ett unikt utseende som k\u00e4nns igen p\u00e5 l\u00e5ng v\u00e4g. XPR Curved f\u00f6ljer de naturliga kurvorna p\u00e5 ditt fordon med sin b\u00f6jda form. * N\u00e4st intill okrossbar polykarbonat lins* H\u00f6g IP-klassning (IP68 &amp; IP69K)* Vibrationst\u00e5lig (15,6Grms)* L\u00e5g str\u00f6mf\u00f6rbrukning i f\u00f6rh\u00e5llande till effekt* EMC-testad (radiost\u00f6rningar)* 50 000 timmars livsl\u00e4ngd p\u00e5 dioder* 5,5 \u00e5rs unik funktionsgaranti Data:E-m\u00e4rkt: JaReferenstal: 30Lamphus: Robust aluminium, b\u00f6jd formSp\u00e4nning: 9-32VStr\u00f6mf\u00f6rbrukning: 15 Amp vid 12VIP-klass: IP68 &amp; IP69KVibrationsklass: 15.6GArbetstemperatur: -40\u00b0C \u2013 +80\u00b0CH\u00f6jd: 80 mmDjup: 109 mmBredd: 794 mmWatt: 170LED: 17R\u00e5a lumen: 18 360Effektiva lumen: 12 852Lins: Polykarbonat","og_url":"https:\/\/www.visionxeurope.com\/se\/webbutik\/vision-x-xpr-hc17emh-curved-light-bar-30-170w-multi-optik-halo\/","og_site_name":"Vision X Europe","article_publisher":"https:\/\/www.facebook.com\/visionxeurope","article_modified_time":"2026-03-31T07:50:35+00:00","og_image":[{"width":450,"height":450,"url":"https:\/\/www.visionxeurope.com\/se\/wp-content\/uploads\/sites\/7\/2022\/04\/XPR-HC17EMH.jpg","type":"image\/jpeg"}],"twitter_card":"summary_large_image","twitter_misc":{"Pris":"12 396,00&nbsp;&#107;&#114; exkl. moms","Tillg\u00e4nglig":"I lager"},"schema":{"@context":"https:\/\/schema.org","@graph":[{"@type":"WebPage","@id":"https:\/\/www.visionxeurope.com\/se\/webbutik\/vision-x-xpr-hc17emh-curved-light-bar-30-170w-multi-optik-halo\/","url":"https:\/\/www.visionxeurope.com\/se\/webbutik\/vision-x-xpr-hc17emh-curved-light-bar-30-170w-multi-optik-halo\/","name":"VISION X XPR HALO 30\" 170W SV\u00c4NGD LED RAMP E-M\u00c4RKT - Vision X Europe","isPartOf":{"@id":"https:\/\/www.visionxeurope.com\/se\/#website"},"primaryImageOfPage":{"@id":"https:\/\/www.visionxeurope.com\/se\/webbutik\/vision-x-xpr-hc17emh-curved-light-bar-30-170w-multi-optik-halo\/#primaryimage"},"image":{"@id":"https:\/\/www.visionxeurope.com\/se\/webbutik\/vision-x-xpr-hc17emh-curved-light-bar-30-170w-multi-optik-halo\/#primaryimage"},"thumbnailUrl":"https:\/\/www.visionxeurope.com\/se\/wp-content\/uploads\/sites\/7\/2022\/04\/XPR-HC17EMH.jpg","datePublished":"2020-12-11T07:26:59+00:00","dateModified":"2026-03-31T07:50:35+00:00","breadcrumb":{"@id":"https:\/\/www.visionxeurope.com\/se\/webbutik\/vision-x-xpr-hc17emh-curved-light-bar-30-170w-multi-optik-halo\/#breadcrumb"},"inLanguage":"sv-SE","potentialAction":[{"@type":"ReadAction","target":["https:\/\/www.visionxeurope.com\/se\/webbutik\/vision-x-xpr-hc17emh-curved-light-bar-30-170w-multi-optik-halo\/"]}]},{"@type":"ImageObject","inLanguage":"sv-SE","@id":"https:\/\/www.visionxeurope.com\/se\/webbutik\/vision-x-xpr-hc17emh-curved-light-bar-30-170w-multi-optik-halo\/#primaryimage","url":"https:\/\/www.visionxeurope.com\/se\/wp-content\/uploads\/sites\/7\/2022\/04\/XPR-HC17EMH.jpg","contentUrl":"https:\/\/www.visionxeurope.com\/se\/wp-content\/uploads\/sites\/7\/2022\/04\/XPR-HC17EMH.jpg","width":450,"height":450},{"@type":"BreadcrumbList","@id":"https:\/\/www.visionxeurope.com\/se\/webbutik\/vision-x-xpr-hc17emh-curved-light-bar-30-170w-multi-optik-halo\/#breadcrumb","itemListElement":[{"@type":"ListItem","position":1,"name":"Hem","item":"https:\/\/www.visionxeurope.com\/se\/"},{"@type":"ListItem","position":2,"name":"Webbutik","item":"https:\/\/www.visionxeurope.com\/se\/webbutik\/"},{"@type":"ListItem","position":3,"name":"VISION X XPR HALO 30&#8243; 170W SV\u00c4NGD LED RAMP E-M\u00c4RKT"}]},{"@type":"WebSite","@id":"https:\/\/www.visionxeurope.com\/se\/#website","url":"https:\/\/www.visionxeurope.com\/se\/","name":"Vision X Europe","description":"","publisher":{"@id":"https:\/\/www.visionxeurope.com\/se\/#organization"},"potentialAction":[{"@type":"SearchAction","target":{"@type":"EntryPoint","urlTemplate":"https:\/\/www.visionxeurope.com\/se\/?s={search_term_string}"},"query-input":{"@type":"PropertyValueSpecification","valueRequired":true,"valueName":"search_term_string"}}],"inLanguage":"sv-SE"},{"@type":"Organization","@id":"https:\/\/www.visionxeurope.com\/se\/#organization","name":"Vision X Europe","url":"https:\/\/www.visionxeurope.com\/se\/","logo":{"@type":"ImageObject","inLanguage":"sv-SE","@id":"https:\/\/www.visionxeurope.com\/se\/#\/schema\/logo\/image\/","url":"https:\/\/www.visionxeurope.com\/se\/wp-content\/uploads\/sites\/7\/2021\/04\/visionxeurope.png","contentUrl":"https:\/\/www.visionxeurope.com\/se\/wp-content\/uploads\/sites\/7\/2021\/04\/visionxeurope.png","width":300,"height":110,"caption":"Vision X Europe"},"image":{"@id":"https:\/\/www.visionxeurope.com\/se\/#\/schema\/logo\/image\/"},"sameAs":["https:\/\/www.facebook.com\/visionxeurope","https:\/\/www.instagram.com\/visionxeurope\/"]}]},"product_price_amount":"12396.00","product_price_currency":"SEK","og_availability":"instock","product_availability":"instock","product_retailer_item_id":"XPR-HC17EMH","product_condition":"new"},"_links":{"self":[{"href":"https:\/\/www.visionxeurope.com\/se\/wp-json\/wp\/v2\/product\/13663","targetHints":{"allow":["GET"]}}],"collection":[{"href":"https:\/\/www.visionxeurope.com\/se\/wp-json\/wp\/v2\/product"}],"about":[{"href":"https:\/\/www.visionxeurope.com\/se\/wp-json\/wp\/v2\/types\/product"}],"replies":[{"embeddable":true,"href":"https:\/\/www.visionxeurope.com\/se\/wp-json\/wp\/v2\/comments?post=13663"}],"wp:featuredmedia":[{"embeddable":true,"href":"https:\/\/www.visionxeurope.com\/se\/wp-json\/wp\/v2\/media\/15644"}],"wp:attachment":[{"href":"https:\/\/www.visionxeurope.com\/se\/wp-json\/wp\/v2\/media?parent=13663"}],"wp:term":[{"taxonomy":"product_brand","embeddable":true,"href":"https:\/\/www.visionxeurope.com\/se\/wp-json\/wp\/v2\/product_brand?post=13663"},{"taxonomy":"product_cat","embeddable":true,"href":"https:\/\/www.visionxeurope.com\/se\/wp-json\/wp\/v2\/product_cat?post=13663"},{"taxonomy":"product_tag","embeddable":true,"href":"https:\/\/www.visionxeurope.com\/se\/wp-json\/wp\/v2\/product_tag?post=13663"}],"curies":[{"name":"wp","href":"https:\/\/api.w.org\/{rel}","templated":true}]}}