{"id":13658,"date":"2016-11-02T11:30:34","date_gmt":"2016-11-02T10:30:34","guid":{"rendered":"https:\/\/www.visionxeurope.com\/se\/produkt\/vision-x-xpr-h3s-halo-6-30w-e-markt-led-extraljusramp\/"},"modified":"2026-03-24T07:58:20","modified_gmt":"2026-03-24T06:58:20","slug":"vision-x-xpr-h3s-halo-6-30w-e-markt-led-extraljusramp","status":"publish","type":"product","link":"https:\/\/www.visionxeurope.com\/se\/webbutik\/vision-x-xpr-h3s-halo-6-30w-e-markt-led-extraljusramp\/","title":{"rendered":"VISION X XPR-H3S HALO 6&#8243; 30W E-M\u00c4RKT LED EXTRALJUSRAMP"},"content":{"rendered":"<p>XPR-S Halo skjuter iv\u00e4g ljuset l\u00e4ngre \u00e4n vad som tidigare var m\u00f6jligt med en led ramp. Med hj\u00e4lp av helt nya dioder och IRIS-optiken med 6,5 graders spridning per lins sl\u00e5r XPR-S Halo nya rekord. F\u00f6r den som \u00f6nskar lysa l\u00e5ngt och f\u00e5 en tuff design med halo funktiuonen \u00e4r XPR-S Halo det perfekta valet. Halo funktionen kan man v\u00e4lja om man \u00f6nskar koppla in p\u00e5 positionsljuset och h\u00f6jer designen ytterligare och ger ett utseende som k\u00e4nns igen p\u00e5 l\u00e5ngt h\u00e5ll n\u00e4r man kommer k\u00f6randes.<\/p>\n<p>*XPR-S Halo levererar o\u00f6vertr\u00e4fflig ljusl\u00e4ngd (upp till 1220m @ 1 lux)<br \/>\n*N\u00e4st intill okrossbar polykarbonat lins<br \/>\n*H\u00f6g IP-klassning (IP-69K)<br \/>\n*Vibrationst\u00e5lig (15,6Grms)<br \/>\n*L\u00e5g str\u00f6mf\u00f6rbrukning i f\u00f6rh\u00e5llande till effekt<br \/>\n*EMC testad (radiost\u00f6rningar)<br \/>\n*50 000 timmars livsl\u00e4ngd p\u00e5 dioser<br \/>\n* 5,5 \u00e5rs unik funktionsgaranti<\/p>\n<p><strong>Data:<\/strong><br \/>\nLamphus: Robust aluminium<br \/>\nSp\u00e4nning: 11-32V<br \/>\nStr\u00f6mf\u00f6rbrukning: 2.5 Amp vid 12V<br \/>\nIP-klass: IP69K<br \/>\nVibrationsklass: 15.6G<br \/>\nArbetstemperatur: -40\u00b0C &#8211; +80\u00b0C<br \/>\nH\u00f6jd: 70mm (utan f\u00e4ste)<br \/>\nDjup: 80mm<br \/>\nBredd: 155mm<br \/>\nWatt: 30<br \/>\nLED: 3<br \/>\nR\u00e5a lumen: 3 237<br \/>\nEffektiva lumen: 2 266<br \/>\nLins: Polykarbonat<br \/>\nLjusbild: 5\u00b0 Spot<br \/>\nLjusl\u00e4ngd: 808m @ 0.25 lux \/ 404m @ 1 lux<\/p>\n","protected":false},"excerpt":{"rendered":"<p>XPR-S Halo skjuter iv\u00e4g ljuset l\u00e4ngre \u00e4n vad som tidigare var m\u00f6jligt med en led ramp. Med hj\u00e4lp av helt nya dioder och IRIS-optiken med 6,5 graders spridning per lins sl\u00e5r XPR-S Halo nya rekord. F\u00f6r den som \u00f6nskar lysa l\u00e5ngt och f\u00e5 en tuff design med halo funktiuonen \u00e4r XPR-S Halo det perfekta valet. Halo funktionen kan man v\u00e4lja om man \u00f6nskar koppla in p\u00e5 positionsljuset och h\u00f6jer designen ytterligare och ger ett utseende som k\u00e4nns igen p\u00e5 l\u00e5ngt h\u00e5ll n\u00e4r man kommer k\u00f6randes.<\/p>\n<p>*XPR-S Halo levererar o\u00f6vertr\u00e4fflig ljusl\u00e4ngd (upp till 1220m @ 1 lux)<br \/>*N\u00e4st intill okrossbar polykarbonat lins<br \/>*H\u00f6g IP-klassning (IP-69K)<br \/>*Vibrationst\u00e5lig (15,6Grms)<br \/>*L\u00e5g str\u00f6mf\u00f6rbrukning i f\u00f6rh\u00e5llande till effekt<br \/>*EMC testad (radiost\u00f6rningar)<br \/>*50 000 timmars livsl\u00e4ngd p\u00e5 dioser<br \/>* 5,5 \u00e5rs unik funktionsgaranti<\/p>\n<p><strong>Data:<\/strong><br \/>Lamphus: Robust aluminium<br \/>Sp\u00e4nning: 11-32V<br \/>Str\u00f6mf\u00f6rbrukning: 2.5 Amp vid 12V<br \/>IP-klass: IP69K<br \/>Vibrationsklass: 15.6G<br \/>Arbetstemperatur: -40\u00b0C &#8211; +80\u00b0C<br \/>H\u00f6jd: 70mm (utan f\u00e4ste)<br \/>Djup: 80mm<br \/>Bredd: 155mm<br \/>Watt: 30<br \/>LED: 3<br \/>R\u00e5a lumen: 3 237<br \/>Effektiva lumen: 2 266<br \/>Lins: Polykarbonat<br \/>Ljusbild: 5\u00b0 Spot<br \/>Ljusl\u00e4ngd: 808m @ 0.25 lux \/ 404m @ 1 lux<\/p>\n","protected":false},"featured_media":15618,"comment_status":"closed","ping_status":"open","template":"","meta":{"editor_notices":[]},"product_brand":[],"product_cat":[252],"product_tag":[],"class_list":{"0":"post-13658","1":"product","2":"type-product","3":"status-publish","4":"has-post-thumbnail","6":"product_cat-xpr-halo","7":"resize-featured-image","8":"","9":"woocommerce-text-align-left","10":"woocommerce-image-align-center","12":"first","13":"instock","14":"taxable","15":"shipping-taxable","16":"product-type-simple"},"yoast_head":"<!-- This site is optimized with the Yoast SEO Premium plugin v25.0 (Yoast SEO v25.0) - https:\/\/yoast.com\/wordpress\/plugins\/seo\/ -->\n<title>VISION X XPR-H3S HALO 6&quot; 30W E-M\u00c4RKT LED EXTRALJUSRAMP - Vision X Europe<\/title>\n<meta name=\"robots\" content=\"index, follow, max-snippet:-1, max-image-preview:large, max-video-preview:-1\" \/>\n<link rel=\"canonical\" href=\"https:\/\/www.visionxeurope.com\/se\/webbutik\/vision-x-xpr-h3s-halo-6-30w-e-markt-led-extraljusramp\/\" \/>\n<meta property=\"og:locale\" content=\"sv_SE\" \/>\n<meta property=\"og:type\" content=\"article\" \/>\n<meta property=\"og:title\" content=\"VISION X XPR-H3S HALO 6&quot; 30W E-M\u00c4RKT LED EXTRALJUSRAMP\" \/>\n<meta property=\"og:description\" content=\"XPR-S Halo skjuter iv\u00e4g ljuset l\u00e4ngre \u00e4n vad som tidigare var m\u00f6jligt med en led ramp. Med hj\u00e4lp av helt nya dioder och IRIS-optiken med 6,5 graders spridning per lins sl\u00e5r XPR-S Halo nya rekord. F\u00f6r den som \u00f6nskar lysa l\u00e5ngt och f\u00e5 en tuff design med halo funktiuonen \u00e4r XPR-S Halo det perfekta valet. Halo funktionen kan man v\u00e4lja om man \u00f6nskar koppla in p\u00e5 positionsljuset och h\u00f6jer designen ytterligare och ger ett utseende som k\u00e4nns igen p\u00e5 l\u00e5ngt h\u00e5ll n\u00e4r man kommer k\u00f6randes. *XPR-S Halo levererar o\u00f6vertr\u00e4fflig ljusl\u00e4ngd (upp till 1220m @ 1 lux)*N\u00e4st intill okrossbar polykarbonat lins*H\u00f6g IP-klassning (IP-69K)*Vibrationst\u00e5lig (15,6Grms)*L\u00e5g str\u00f6mf\u00f6rbrukning i f\u00f6rh\u00e5llande till effekt*EMC testad (radiost\u00f6rningar)*50 000 timmars livsl\u00e4ngd p\u00e5 dioser* 5,5 \u00e5rs unik funktionsgaranti Data:Lamphus: Robust aluminiumSp\u00e4nning: 11-32VStr\u00f6mf\u00f6rbrukning: 2.5 Amp vid 12VIP-klass: IP69KVibrationsklass: 15.6GArbetstemperatur: -40\u00b0C &#8211; +80\u00b0CH\u00f6jd: 70mm (utan f\u00e4ste)Djup: 80mmBredd: 155mmWatt: 30LED: 3R\u00e5a lumen: 3 237Effektiva lumen: 2 266Lins: PolykarbonatLjusbild: 5\u00b0 SpotLjusl\u00e4ngd: 808m @ 0.25 lux \/ 404m @ 1 lux\" \/>\n<meta property=\"og:url\" content=\"https:\/\/www.visionxeurope.com\/se\/webbutik\/vision-x-xpr-h3s-halo-6-30w-e-markt-led-extraljusramp\/\" \/>\n<meta property=\"og:site_name\" content=\"Vision X Europe\" \/>\n<meta property=\"article:publisher\" content=\"https:\/\/www.facebook.com\/visionxeurope\" \/>\n<meta property=\"article:modified_time\" content=\"2026-03-24T06:58:20+00:00\" \/>\n<meta property=\"og:image\" content=\"https:\/\/www.visionxeurope.com\/se\/wp-content\/uploads\/sites\/7\/2022\/04\/XPR-H3S.jpg\" \/>\n\t<meta property=\"og:image:width\" content=\"450\" \/>\n\t<meta property=\"og:image:height\" content=\"378\" \/>\n\t<meta property=\"og:image:type\" content=\"image\/jpeg\" \/>\n<meta name=\"twitter:card\" content=\"summary_large_image\" \/>\n<meta name=\"twitter:label1\" content=\"Pris\" \/>\n\t<meta name=\"twitter:data1\" content=\"3 076,00&nbsp;&#107;&#114; exkl. moms\" \/>\n\t<meta name=\"twitter:label2\" content=\"Tillg\u00e4nglig\" \/>\n\t<meta name=\"twitter:data2\" content=\"I lager\" \/>\n<script type=\"application\/ld+json\" class=\"yoast-schema-graph\">{\"@context\":\"https:\/\/schema.org\",\"@graph\":[{\"@type\":\"WebPage\",\"@id\":\"https:\/\/www.visionxeurope.com\/se\/webbutik\/vision-x-xpr-h3s-halo-6-30w-e-markt-led-extraljusramp\/\",\"url\":\"https:\/\/www.visionxeurope.com\/se\/webbutik\/vision-x-xpr-h3s-halo-6-30w-e-markt-led-extraljusramp\/\",\"name\":\"VISION X XPR-H3S HALO 6\\\" 30W E-M\u00c4RKT LED EXTRALJUSRAMP - Vision X Europe\",\"isPartOf\":{\"@id\":\"https:\/\/www.visionxeurope.com\/se\/#website\"},\"primaryImageOfPage\":{\"@id\":\"https:\/\/www.visionxeurope.com\/se\/webbutik\/vision-x-xpr-h3s-halo-6-30w-e-markt-led-extraljusramp\/#primaryimage\"},\"image\":{\"@id\":\"https:\/\/www.visionxeurope.com\/se\/webbutik\/vision-x-xpr-h3s-halo-6-30w-e-markt-led-extraljusramp\/#primaryimage\"},\"thumbnailUrl\":\"https:\/\/www.visionxeurope.com\/se\/wp-content\/uploads\/sites\/7\/2022\/04\/XPR-H3S.jpg\",\"datePublished\":\"2016-11-02T10:30:34+00:00\",\"dateModified\":\"2026-03-24T06:58:20+00:00\",\"breadcrumb\":{\"@id\":\"https:\/\/www.visionxeurope.com\/se\/webbutik\/vision-x-xpr-h3s-halo-6-30w-e-markt-led-extraljusramp\/#breadcrumb\"},\"inLanguage\":\"sv-SE\",\"potentialAction\":[{\"@type\":\"ReadAction\",\"target\":[\"https:\/\/www.visionxeurope.com\/se\/webbutik\/vision-x-xpr-h3s-halo-6-30w-e-markt-led-extraljusramp\/\"]}]},{\"@type\":\"ImageObject\",\"inLanguage\":\"sv-SE\",\"@id\":\"https:\/\/www.visionxeurope.com\/se\/webbutik\/vision-x-xpr-h3s-halo-6-30w-e-markt-led-extraljusramp\/#primaryimage\",\"url\":\"https:\/\/www.visionxeurope.com\/se\/wp-content\/uploads\/sites\/7\/2022\/04\/XPR-H3S.jpg\",\"contentUrl\":\"https:\/\/www.visionxeurope.com\/se\/wp-content\/uploads\/sites\/7\/2022\/04\/XPR-H3S.jpg\",\"width\":450,\"height\":378},{\"@type\":\"BreadcrumbList\",\"@id\":\"https:\/\/www.visionxeurope.com\/se\/webbutik\/vision-x-xpr-h3s-halo-6-30w-e-markt-led-extraljusramp\/#breadcrumb\",\"itemListElement\":[{\"@type\":\"ListItem\",\"position\":1,\"name\":\"Hem\",\"item\":\"https:\/\/www.visionxeurope.com\/se\/\"},{\"@type\":\"ListItem\",\"position\":2,\"name\":\"Webbutik\",\"item\":\"https:\/\/www.visionxeurope.com\/se\/webbutik\/\"},{\"@type\":\"ListItem\",\"position\":3,\"name\":\"VISION X XPR-H3S HALO 6&#8243; 30W E-M\u00c4RKT LED EXTRALJUSRAMP\"}]},{\"@type\":\"WebSite\",\"@id\":\"https:\/\/www.visionxeurope.com\/se\/#website\",\"url\":\"https:\/\/www.visionxeurope.com\/se\/\",\"name\":\"Vision X Europe\",\"description\":\"\",\"publisher\":{\"@id\":\"https:\/\/www.visionxeurope.com\/se\/#organization\"},\"potentialAction\":[{\"@type\":\"SearchAction\",\"target\":{\"@type\":\"EntryPoint\",\"urlTemplate\":\"https:\/\/www.visionxeurope.com\/se\/?s={search_term_string}\"},\"query-input\":{\"@type\":\"PropertyValueSpecification\",\"valueRequired\":true,\"valueName\":\"search_term_string\"}}],\"inLanguage\":\"sv-SE\"},{\"@type\":\"Organization\",\"@id\":\"https:\/\/www.visionxeurope.com\/se\/#organization\",\"name\":\"Vision X Europe\",\"url\":\"https:\/\/www.visionxeurope.com\/se\/\",\"logo\":{\"@type\":\"ImageObject\",\"inLanguage\":\"sv-SE\",\"@id\":\"https:\/\/www.visionxeurope.com\/se\/#\/schema\/logo\/image\/\",\"url\":\"https:\/\/www.visionxeurope.com\/se\/wp-content\/uploads\/sites\/7\/2021\/04\/visionxeurope.png\",\"contentUrl\":\"https:\/\/www.visionxeurope.com\/se\/wp-content\/uploads\/sites\/7\/2021\/04\/visionxeurope.png\",\"width\":300,\"height\":110,\"caption\":\"Vision X Europe\"},\"image\":{\"@id\":\"https:\/\/www.visionxeurope.com\/se\/#\/schema\/logo\/image\/\"},\"sameAs\":[\"https:\/\/www.facebook.com\/visionxeurope\",\"https:\/\/www.instagram.com\/visionxeurope\/\"]}]}<\/script>\n<meta property=\"product:price:amount\" content=\"3076.00\" \/>\n<meta property=\"product:price:currency\" content=\"SEK\" \/>\n<meta property=\"og:availability\" content=\"instock\" \/>\n<meta property=\"product:availability\" content=\"instock\" \/>\n<meta property=\"product:retailer_item_id\" content=\"XPR-H3S\" \/>\n<meta property=\"product:condition\" content=\"new\" \/>\n<!-- \/ Yoast SEO Premium plugin. -->","yoast_head_json":{"title":"VISION X XPR-H3S HALO 6\" 30W E-M\u00c4RKT LED EXTRALJUSRAMP - Vision X Europe","robots":{"index":"index","follow":"follow","max-snippet":"max-snippet:-1","max-image-preview":"max-image-preview:large","max-video-preview":"max-video-preview:-1"},"canonical":"https:\/\/www.visionxeurope.com\/se\/webbutik\/vision-x-xpr-h3s-halo-6-30w-e-markt-led-extraljusramp\/","og_locale":"sv_SE","og_type":"article","og_title":"VISION X XPR-H3S HALO 6\" 30W E-M\u00c4RKT LED EXTRALJUSRAMP","og_description":"XPR-S Halo skjuter iv\u00e4g ljuset l\u00e4ngre \u00e4n vad som tidigare var m\u00f6jligt med en led ramp. Med hj\u00e4lp av helt nya dioder och IRIS-optiken med 6,5 graders spridning per lins sl\u00e5r XPR-S Halo nya rekord. F\u00f6r den som \u00f6nskar lysa l\u00e5ngt och f\u00e5 en tuff design med halo funktiuonen \u00e4r XPR-S Halo det perfekta valet. Halo funktionen kan man v\u00e4lja om man \u00f6nskar koppla in p\u00e5 positionsljuset och h\u00f6jer designen ytterligare och ger ett utseende som k\u00e4nns igen p\u00e5 l\u00e5ngt h\u00e5ll n\u00e4r man kommer k\u00f6randes. *XPR-S Halo levererar o\u00f6vertr\u00e4fflig ljusl\u00e4ngd (upp till 1220m @ 1 lux)*N\u00e4st intill okrossbar polykarbonat lins*H\u00f6g IP-klassning (IP-69K)*Vibrationst\u00e5lig (15,6Grms)*L\u00e5g str\u00f6mf\u00f6rbrukning i f\u00f6rh\u00e5llande till effekt*EMC testad (radiost\u00f6rningar)*50 000 timmars livsl\u00e4ngd p\u00e5 dioser* 5,5 \u00e5rs unik funktionsgaranti Data:Lamphus: Robust aluminiumSp\u00e4nning: 11-32VStr\u00f6mf\u00f6rbrukning: 2.5 Amp vid 12VIP-klass: IP69KVibrationsklass: 15.6GArbetstemperatur: -40\u00b0C &#8211; +80\u00b0CH\u00f6jd: 70mm (utan f\u00e4ste)Djup: 80mmBredd: 155mmWatt: 30LED: 3R\u00e5a lumen: 3 237Effektiva lumen: 2 266Lins: PolykarbonatLjusbild: 5\u00b0 SpotLjusl\u00e4ngd: 808m @ 0.25 lux \/ 404m @ 1 lux","og_url":"https:\/\/www.visionxeurope.com\/se\/webbutik\/vision-x-xpr-h3s-halo-6-30w-e-markt-led-extraljusramp\/","og_site_name":"Vision X Europe","article_publisher":"https:\/\/www.facebook.com\/visionxeurope","article_modified_time":"2026-03-24T06:58:20+00:00","og_image":[{"width":450,"height":378,"url":"https:\/\/www.visionxeurope.com\/se\/wp-content\/uploads\/sites\/7\/2022\/04\/XPR-H3S.jpg","type":"image\/jpeg"}],"twitter_card":"summary_large_image","twitter_misc":{"Pris":"3 076,00&nbsp;&#107;&#114; exkl. moms","Tillg\u00e4nglig":"I lager"},"schema":{"@context":"https:\/\/schema.org","@graph":[{"@type":"WebPage","@id":"https:\/\/www.visionxeurope.com\/se\/webbutik\/vision-x-xpr-h3s-halo-6-30w-e-markt-led-extraljusramp\/","url":"https:\/\/www.visionxeurope.com\/se\/webbutik\/vision-x-xpr-h3s-halo-6-30w-e-markt-led-extraljusramp\/","name":"VISION X XPR-H3S HALO 6\" 30W E-M\u00c4RKT LED EXTRALJUSRAMP - Vision X Europe","isPartOf":{"@id":"https:\/\/www.visionxeurope.com\/se\/#website"},"primaryImageOfPage":{"@id":"https:\/\/www.visionxeurope.com\/se\/webbutik\/vision-x-xpr-h3s-halo-6-30w-e-markt-led-extraljusramp\/#primaryimage"},"image":{"@id":"https:\/\/www.visionxeurope.com\/se\/webbutik\/vision-x-xpr-h3s-halo-6-30w-e-markt-led-extraljusramp\/#primaryimage"},"thumbnailUrl":"https:\/\/www.visionxeurope.com\/se\/wp-content\/uploads\/sites\/7\/2022\/04\/XPR-H3S.jpg","datePublished":"2016-11-02T10:30:34+00:00","dateModified":"2026-03-24T06:58:20+00:00","breadcrumb":{"@id":"https:\/\/www.visionxeurope.com\/se\/webbutik\/vision-x-xpr-h3s-halo-6-30w-e-markt-led-extraljusramp\/#breadcrumb"},"inLanguage":"sv-SE","potentialAction":[{"@type":"ReadAction","target":["https:\/\/www.visionxeurope.com\/se\/webbutik\/vision-x-xpr-h3s-halo-6-30w-e-markt-led-extraljusramp\/"]}]},{"@type":"ImageObject","inLanguage":"sv-SE","@id":"https:\/\/www.visionxeurope.com\/se\/webbutik\/vision-x-xpr-h3s-halo-6-30w-e-markt-led-extraljusramp\/#primaryimage","url":"https:\/\/www.visionxeurope.com\/se\/wp-content\/uploads\/sites\/7\/2022\/04\/XPR-H3S.jpg","contentUrl":"https:\/\/www.visionxeurope.com\/se\/wp-content\/uploads\/sites\/7\/2022\/04\/XPR-H3S.jpg","width":450,"height":378},{"@type":"BreadcrumbList","@id":"https:\/\/www.visionxeurope.com\/se\/webbutik\/vision-x-xpr-h3s-halo-6-30w-e-markt-led-extraljusramp\/#breadcrumb","itemListElement":[{"@type":"ListItem","position":1,"name":"Hem","item":"https:\/\/www.visionxeurope.com\/se\/"},{"@type":"ListItem","position":2,"name":"Webbutik","item":"https:\/\/www.visionxeurope.com\/se\/webbutik\/"},{"@type":"ListItem","position":3,"name":"VISION X XPR-H3S HALO 6&#8243; 30W E-M\u00c4RKT LED EXTRALJUSRAMP"}]},{"@type":"WebSite","@id":"https:\/\/www.visionxeurope.com\/se\/#website","url":"https:\/\/www.visionxeurope.com\/se\/","name":"Vision X Europe","description":"","publisher":{"@id":"https:\/\/www.visionxeurope.com\/se\/#organization"},"potentialAction":[{"@type":"SearchAction","target":{"@type":"EntryPoint","urlTemplate":"https:\/\/www.visionxeurope.com\/se\/?s={search_term_string}"},"query-input":{"@type":"PropertyValueSpecification","valueRequired":true,"valueName":"search_term_string"}}],"inLanguage":"sv-SE"},{"@type":"Organization","@id":"https:\/\/www.visionxeurope.com\/se\/#organization","name":"Vision X Europe","url":"https:\/\/www.visionxeurope.com\/se\/","logo":{"@type":"ImageObject","inLanguage":"sv-SE","@id":"https:\/\/www.visionxeurope.com\/se\/#\/schema\/logo\/image\/","url":"https:\/\/www.visionxeurope.com\/se\/wp-content\/uploads\/sites\/7\/2021\/04\/visionxeurope.png","contentUrl":"https:\/\/www.visionxeurope.com\/se\/wp-content\/uploads\/sites\/7\/2021\/04\/visionxeurope.png","width":300,"height":110,"caption":"Vision X Europe"},"image":{"@id":"https:\/\/www.visionxeurope.com\/se\/#\/schema\/logo\/image\/"},"sameAs":["https:\/\/www.facebook.com\/visionxeurope","https:\/\/www.instagram.com\/visionxeurope\/"]}]},"product_price_amount":"3076.00","product_price_currency":"SEK","og_availability":"instock","product_availability":"instock","product_retailer_item_id":"XPR-H3S","product_condition":"new"},"_links":{"self":[{"href":"https:\/\/www.visionxeurope.com\/se\/wp-json\/wp\/v2\/product\/13658","targetHints":{"allow":["GET"]}}],"collection":[{"href":"https:\/\/www.visionxeurope.com\/se\/wp-json\/wp\/v2\/product"}],"about":[{"href":"https:\/\/www.visionxeurope.com\/se\/wp-json\/wp\/v2\/types\/product"}],"replies":[{"embeddable":true,"href":"https:\/\/www.visionxeurope.com\/se\/wp-json\/wp\/v2\/comments?post=13658"}],"wp:featuredmedia":[{"embeddable":true,"href":"https:\/\/www.visionxeurope.com\/se\/wp-json\/wp\/v2\/media\/15618"}],"wp:attachment":[{"href":"https:\/\/www.visionxeurope.com\/se\/wp-json\/wp\/v2\/media?parent=13658"}],"wp:term":[{"taxonomy":"product_brand","embeddable":true,"href":"https:\/\/www.visionxeurope.com\/se\/wp-json\/wp\/v2\/product_brand?post=13658"},{"taxonomy":"product_cat","embeddable":true,"href":"https:\/\/www.visionxeurope.com\/se\/wp-json\/wp\/v2\/product_cat?post=13658"},{"taxonomy":"product_tag","embeddable":true,"href":"https:\/\/www.visionxeurope.com\/se\/wp-json\/wp\/v2\/product_tag?post=13658"}],"curies":[{"name":"wp","href":"https:\/\/api.w.org\/{rel}","templated":true}]}}