{"id":13652,"date":"2020-05-08T08:31:04","date_gmt":"2020-05-08T06:31:04","guid":{"rendered":"https:\/\/www.visionxeurope.com\/se\/produkt\/vision-x-xpr-h21m-halo-40-210w-led-extraljusramp\/"},"modified":"2026-03-10T14:36:44","modified_gmt":"2026-03-10T13:36:44","slug":"vision-x-xpr-h21m-halo-40-210w-led-extraljusramp","status":"publish","type":"product","link":"https:\/\/www.visionxeurope.com\/se\/webbutik\/vision-x-xpr-h21m-halo-40-210w-led-extraljusramp\/","title":{"rendered":"VISION X XPR-H21M HALO 40&#8243; 210W LED EXTRALJUSRAMP"},"content":{"rendered":"<p><\/p>\n<p>XPR-H21M Halo \u00e4r valet f\u00f6r dig som \u00f6nskar ett tufft utseende och den perfekta blandningen mellan l\u00e4ngd och bredd. Med snedst\u00e4llda dioder i varje \u00e4nde p\u00e5 rampen f\u00e5r man b\u00e5de en bred och l\u00e5ng ljusbild. Halo funktionen kan man v\u00e4lja om man \u00f6nskar koppla in p\u00e5 positionsljuset och h\u00f6jer designen ytterligare och ger ett utseende som k\u00e4nns igen p\u00e5 l\u00e5ngt h\u00e5ll.<\/p>\n<p><\/p>\n<p><\/p>\n<p>*XPR-H21M levererar en v\u00e4lavv\u00e4gd ljusbild (upp till 656m @ 1 lux)<br \/>*N\u00e4st intill okrossbar polykarbonat lins<br \/>*H\u00f6g IP-klassning (IP-68 &amp; IP69K)<br \/>*Vibrationst\u00e5lig (15,6Grms)<br \/>*L\u00e5g str\u00f6mf\u00f6rbrukning i f\u00f6rh\u00e5llande till effekt<br \/>*EMC testad (radiost\u00f6rningar)<br \/>*50 000 timmars livsl\u00e4ngd p\u00e5 dioser<br \/>*5,5 \u00e5rs unik funktionsgaranti<\/p>\n<p><\/p>\n<p><\/p>\n<p><strong>Data:<br \/><\/strong>Lamphus: Robust aluminium<br \/>Sp\u00e4nning: 11-32V<br \/>Str\u00f6mf\u00f6rbrukning: 17.5 A @12V, 8.75 A @24V<br \/>IP-klass: IP68 &amp;amp IP69K<br \/>Vibrationsklass: 15.6G<br \/>Arbetstemperatur: -40\u00b0C &#8211; +80\u00b0C<br \/>H\u00f6jd: 70 mm (utan f\u00e4ste)<br \/>Djup: 80 mm<br \/>Bredd: 1 016 mm<br \/>Watt: 210<br \/>LED: 21<br \/>R\u00e5a lumen: 22 659<br \/>Effektiva lumen: 15 860<br \/>Lins: Polykarbonat<br \/>Ljusbild: Multioptik (&#8221;tiltade&#8221; reflektorer som d\u00e4rmed sprider ljuset horisontellt, mitten \u00e4r 6,5\u00b0 f\u00f6r l\u00e4ngd, 15\u00b0 f\u00f6r bredd p\u00e5 h\u00e5ll, 25\u00b0 f\u00f6r bredd n\u00e4ra och 45\u00b0 f\u00f6r skarpa kurvor)<br \/>Ljusl\u00e4ngd: 656m @1lux<\/p>\n<p><\/p>","protected":false},"excerpt":{"rendered":"<p>XPR-H21M Halo \u00e4r valet f\u00f6r dig som \u00f6nskar ett tufft utseende och den perfekta blandningen mellan l\u00e4ngd och bredd. Med snedst\u00e4llda dioder i varje \u00e4nde p\u00e5 rampen f\u00e5r man b\u00e5de en bred och l\u00e5ng ljusbild. Halo funktionen kan man v\u00e4lja om man \u00f6nskar koppla in p\u00e5 positionsljuset och h\u00f6jer designen ytterligare och ger ett utseende som k\u00e4nns igen p\u00e5 l\u00e5ngt h\u00e5ll.<\/p>\n<p>*XPR-H21M levererar en v\u00e4lavv\u00e4gd ljusbild (upp till 656m @ 1 lux)<br \/>*N\u00e4st intill okrossbar polykarbonat lins<br \/>*H\u00f6g IP-klassning (IP-68 &amp; IP69K)<br \/>*Vibrationst\u00e5lig (15,6Grms)<br \/>*L\u00e5g str\u00f6mf\u00f6rbrukning i f\u00f6rh\u00e5llande till effekt<br \/>*EMC testad (radiost\u00f6rningar)<br \/>*50 000 timmars livsl\u00e4ngd p\u00e5 dioser<br \/>*5,5 \u00e5rs unik funktionsgaranti<\/p>\n<p><strong>Data:<br \/><\/strong>Lamphus: Robust aluminium<br \/>Sp\u00e4nning: 11-32V<br \/>Str\u00f6mf\u00f6rbrukning: 17.5 A @12V, 8.75 A @24V<br \/>IP-klass: IP68 &amp;amp IP69K<br \/>Vibrationsklass: 15.6G<br \/>Arbetstemperatur: -40\u00b0C &#8211; +80\u00b0C<br \/>H\u00f6jd: 70 mm (utan f\u00e4ste)<br \/>Djup: 80 mm<br \/>Bredd: 1 016 mm<br \/>Watt: 210<br \/>LED: 21<br \/>R\u00e5a lumen: 22 659<br \/>Effektiva lumen: 15 860<br \/>Lins: Polykarbonat<br \/>Ljusbild: Multioptik (&#8220;tiltade&#8221; reflektorer som d\u00e4rmed sprider ljuset horisontellt, mitten \u00e4r 6,5\u00b0 f\u00f6r l\u00e4ngd, 15\u00b0 f\u00f6r bredd p\u00e5 h\u00e5ll, 25\u00b0 f\u00f6r bredd n\u00e4ra och 45\u00b0 f\u00f6r skarpa kurvor)<br \/>Ljusl\u00e4ngd: 656m @1lux<\/p>\n","protected":false},"featured_media":15586,"comment_status":"closed","ping_status":"open","template":"","meta":{"editor_notices":[]},"product_brand":[],"product_cat":[252],"product_tag":[],"class_list":{"0":"post-13652","1":"product","2":"type-product","3":"status-publish","4":"has-post-thumbnail","6":"product_cat-xpr-halo","7":"resize-featured-image","8":"","9":"woocommerce-text-align-left","10":"woocommerce-image-align-center","12":"first","13":"instock","14":"taxable","15":"shipping-taxable","16":"product-type-simple"},"yoast_head":"<!-- This site is optimized with the Yoast SEO Premium plugin v25.0 (Yoast SEO v25.0) - https:\/\/yoast.com\/wordpress\/plugins\/seo\/ -->\n<title>VISION X XPR-H21M HALO 40&quot; 210W LED EXTRALJUSRAMP - Vision X Europe<\/title>\n<meta name=\"robots\" content=\"index, follow, max-snippet:-1, max-image-preview:large, max-video-preview:-1\" \/>\n<link rel=\"canonical\" href=\"https:\/\/www.visionxeurope.com\/se\/webbutik\/vision-x-xpr-h21m-halo-40-210w-led-extraljusramp\/\" \/>\n<meta property=\"og:locale\" content=\"sv_SE\" \/>\n<meta property=\"og:type\" content=\"article\" \/>\n<meta property=\"og:title\" content=\"VISION X XPR-H21M HALO 40&quot; 210W LED EXTRALJUSRAMP\" \/>\n<meta property=\"og:description\" content=\"XPR-H21M Halo \u00e4r valet f\u00f6r dig som \u00f6nskar ett tufft utseende och den perfekta blandningen mellan l\u00e4ngd och bredd. Med snedst\u00e4llda dioder i varje \u00e4nde p\u00e5 rampen f\u00e5r man b\u00e5de en bred och l\u00e5ng ljusbild. Halo funktionen kan man v\u00e4lja om man \u00f6nskar koppla in p\u00e5 positionsljuset och h\u00f6jer designen ytterligare och ger ett utseende som k\u00e4nns igen p\u00e5 l\u00e5ngt h\u00e5ll. *XPR-H21M levererar en v\u00e4lavv\u00e4gd ljusbild (upp till 656m @ 1 lux)*N\u00e4st intill okrossbar polykarbonat lins*H\u00f6g IP-klassning (IP-68 &amp; IP69K)*Vibrationst\u00e5lig (15,6Grms)*L\u00e5g str\u00f6mf\u00f6rbrukning i f\u00f6rh\u00e5llande till effekt*EMC testad (radiost\u00f6rningar)*50 000 timmars livsl\u00e4ngd p\u00e5 dioser*5,5 \u00e5rs unik funktionsgaranti Data:Lamphus: Robust aluminiumSp\u00e4nning: 11-32VStr\u00f6mf\u00f6rbrukning: 17.5 A @12V, 8.75 A @24VIP-klass: IP68 &amp;amp IP69KVibrationsklass: 15.6GArbetstemperatur: -40\u00b0C &#8211; +80\u00b0CH\u00f6jd: 70 mm (utan f\u00e4ste)Djup: 80 mmBredd: 1 016 mmWatt: 210LED: 21R\u00e5a lumen: 22 659Effektiva lumen: 15 860Lins: PolykarbonatLjusbild: Multioptik (&#8220;tiltade&#8221; reflektorer som d\u00e4rmed sprider ljuset horisontellt, mitten \u00e4r 6,5\u00b0 f\u00f6r l\u00e4ngd, 15\u00b0 f\u00f6r bredd p\u00e5 h\u00e5ll, 25\u00b0 f\u00f6r bredd n\u00e4ra och 45\u00b0 f\u00f6r skarpa kurvor)Ljusl\u00e4ngd: 656m @1lux\" \/>\n<meta property=\"og:url\" content=\"https:\/\/www.visionxeurope.com\/se\/webbutik\/vision-x-xpr-h21m-halo-40-210w-led-extraljusramp\/\" \/>\n<meta property=\"og:site_name\" content=\"Vision X Europe\" \/>\n<meta property=\"article:publisher\" content=\"https:\/\/www.facebook.com\/visionxeurope\" \/>\n<meta property=\"article:modified_time\" content=\"2026-03-10T13:36:44+00:00\" \/>\n<meta property=\"og:image\" content=\"https:\/\/www.visionxeurope.com\/se\/wp-content\/uploads\/sites\/7\/2022\/04\/XPR-H21M.jpg\" \/>\n\t<meta property=\"og:image:width\" content=\"450\" \/>\n\t<meta property=\"og:image:height\" content=\"450\" \/>\n\t<meta property=\"og:image:type\" content=\"image\/jpeg\" \/>\n<meta name=\"twitter:card\" content=\"summary_large_image\" \/>\n<meta name=\"twitter:label1\" content=\"Pris\" \/>\n\t<meta name=\"twitter:data1\" content=\"11 596,00&nbsp;&#107;&#114; exkl. moms\" \/>\n\t<meta name=\"twitter:label2\" content=\"Tillg\u00e4nglig\" \/>\n\t<meta name=\"twitter:data2\" content=\"I lager\" \/>\n<script type=\"application\/ld+json\" class=\"yoast-schema-graph\">{\"@context\":\"https:\/\/schema.org\",\"@graph\":[{\"@type\":\"WebPage\",\"@id\":\"https:\/\/www.visionxeurope.com\/se\/webbutik\/vision-x-xpr-h21m-halo-40-210w-led-extraljusramp\/\",\"url\":\"https:\/\/www.visionxeurope.com\/se\/webbutik\/vision-x-xpr-h21m-halo-40-210w-led-extraljusramp\/\",\"name\":\"VISION X XPR-H21M HALO 40\\\" 210W LED EXTRALJUSRAMP - Vision X Europe\",\"isPartOf\":{\"@id\":\"https:\/\/www.visionxeurope.com\/se\/#website\"},\"primaryImageOfPage\":{\"@id\":\"https:\/\/www.visionxeurope.com\/se\/webbutik\/vision-x-xpr-h21m-halo-40-210w-led-extraljusramp\/#primaryimage\"},\"image\":{\"@id\":\"https:\/\/www.visionxeurope.com\/se\/webbutik\/vision-x-xpr-h21m-halo-40-210w-led-extraljusramp\/#primaryimage\"},\"thumbnailUrl\":\"https:\/\/www.visionxeurope.com\/se\/wp-content\/uploads\/sites\/7\/2022\/04\/XPR-H21M.jpg\",\"datePublished\":\"2020-05-08T06:31:04+00:00\",\"dateModified\":\"2026-03-10T13:36:44+00:00\",\"breadcrumb\":{\"@id\":\"https:\/\/www.visionxeurope.com\/se\/webbutik\/vision-x-xpr-h21m-halo-40-210w-led-extraljusramp\/#breadcrumb\"},\"inLanguage\":\"sv-SE\",\"potentialAction\":[{\"@type\":\"ReadAction\",\"target\":[\"https:\/\/www.visionxeurope.com\/se\/webbutik\/vision-x-xpr-h21m-halo-40-210w-led-extraljusramp\/\"]}]},{\"@type\":\"ImageObject\",\"inLanguage\":\"sv-SE\",\"@id\":\"https:\/\/www.visionxeurope.com\/se\/webbutik\/vision-x-xpr-h21m-halo-40-210w-led-extraljusramp\/#primaryimage\",\"url\":\"https:\/\/www.visionxeurope.com\/se\/wp-content\/uploads\/sites\/7\/2022\/04\/XPR-H21M.jpg\",\"contentUrl\":\"https:\/\/www.visionxeurope.com\/se\/wp-content\/uploads\/sites\/7\/2022\/04\/XPR-H21M.jpg\",\"width\":450,\"height\":450},{\"@type\":\"BreadcrumbList\",\"@id\":\"https:\/\/www.visionxeurope.com\/se\/webbutik\/vision-x-xpr-h21m-halo-40-210w-led-extraljusramp\/#breadcrumb\",\"itemListElement\":[{\"@type\":\"ListItem\",\"position\":1,\"name\":\"Hem\",\"item\":\"https:\/\/www.visionxeurope.com\/se\/\"},{\"@type\":\"ListItem\",\"position\":2,\"name\":\"Webbutik\",\"item\":\"https:\/\/www.visionxeurope.com\/se\/webbutik\/\"},{\"@type\":\"ListItem\",\"position\":3,\"name\":\"VISION X XPR-H21M HALO 40&#8243; 210W LED EXTRALJUSRAMP\"}]},{\"@type\":\"WebSite\",\"@id\":\"https:\/\/www.visionxeurope.com\/se\/#website\",\"url\":\"https:\/\/www.visionxeurope.com\/se\/\",\"name\":\"Vision X Europe\",\"description\":\"\",\"publisher\":{\"@id\":\"https:\/\/www.visionxeurope.com\/se\/#organization\"},\"potentialAction\":[{\"@type\":\"SearchAction\",\"target\":{\"@type\":\"EntryPoint\",\"urlTemplate\":\"https:\/\/www.visionxeurope.com\/se\/?s={search_term_string}\"},\"query-input\":{\"@type\":\"PropertyValueSpecification\",\"valueRequired\":true,\"valueName\":\"search_term_string\"}}],\"inLanguage\":\"sv-SE\"},{\"@type\":\"Organization\",\"@id\":\"https:\/\/www.visionxeurope.com\/se\/#organization\",\"name\":\"Vision X Europe\",\"url\":\"https:\/\/www.visionxeurope.com\/se\/\",\"logo\":{\"@type\":\"ImageObject\",\"inLanguage\":\"sv-SE\",\"@id\":\"https:\/\/www.visionxeurope.com\/se\/#\/schema\/logo\/image\/\",\"url\":\"https:\/\/www.visionxeurope.com\/se\/wp-content\/uploads\/sites\/7\/2021\/04\/visionxeurope.png\",\"contentUrl\":\"https:\/\/www.visionxeurope.com\/se\/wp-content\/uploads\/sites\/7\/2021\/04\/visionxeurope.png\",\"width\":300,\"height\":110,\"caption\":\"Vision X Europe\"},\"image\":{\"@id\":\"https:\/\/www.visionxeurope.com\/se\/#\/schema\/logo\/image\/\"},\"sameAs\":[\"https:\/\/www.facebook.com\/visionxeurope\",\"https:\/\/www.instagram.com\/visionxeurope\/\"]}]}<\/script>\n<meta property=\"product:price:amount\" content=\"11596.00\" \/>\n<meta property=\"product:price:currency\" content=\"SEK\" \/>\n<meta property=\"og:availability\" content=\"instock\" \/>\n<meta property=\"product:availability\" content=\"instock\" \/>\n<meta property=\"product:retailer_item_id\" content=\"XPR-H21M\" \/>\n<meta property=\"product:condition\" content=\"new\" \/>\n<!-- \/ Yoast SEO Premium plugin. -->","yoast_head_json":{"title":"VISION X XPR-H21M HALO 40\" 210W LED EXTRALJUSRAMP - Vision X Europe","robots":{"index":"index","follow":"follow","max-snippet":"max-snippet:-1","max-image-preview":"max-image-preview:large","max-video-preview":"max-video-preview:-1"},"canonical":"https:\/\/www.visionxeurope.com\/se\/webbutik\/vision-x-xpr-h21m-halo-40-210w-led-extraljusramp\/","og_locale":"sv_SE","og_type":"article","og_title":"VISION X XPR-H21M HALO 40\" 210W LED EXTRALJUSRAMP","og_description":"XPR-H21M Halo \u00e4r valet f\u00f6r dig som \u00f6nskar ett tufft utseende och den perfekta blandningen mellan l\u00e4ngd och bredd. Med snedst\u00e4llda dioder i varje \u00e4nde p\u00e5 rampen f\u00e5r man b\u00e5de en bred och l\u00e5ng ljusbild. Halo funktionen kan man v\u00e4lja om man \u00f6nskar koppla in p\u00e5 positionsljuset och h\u00f6jer designen ytterligare och ger ett utseende som k\u00e4nns igen p\u00e5 l\u00e5ngt h\u00e5ll. *XPR-H21M levererar en v\u00e4lavv\u00e4gd ljusbild (upp till 656m @ 1 lux)*N\u00e4st intill okrossbar polykarbonat lins*H\u00f6g IP-klassning (IP-68 &amp; IP69K)*Vibrationst\u00e5lig (15,6Grms)*L\u00e5g str\u00f6mf\u00f6rbrukning i f\u00f6rh\u00e5llande till effekt*EMC testad (radiost\u00f6rningar)*50 000 timmars livsl\u00e4ngd p\u00e5 dioser*5,5 \u00e5rs unik funktionsgaranti Data:Lamphus: Robust aluminiumSp\u00e4nning: 11-32VStr\u00f6mf\u00f6rbrukning: 17.5 A @12V, 8.75 A @24VIP-klass: IP68 &amp;amp IP69KVibrationsklass: 15.6GArbetstemperatur: -40\u00b0C &#8211; +80\u00b0CH\u00f6jd: 70 mm (utan f\u00e4ste)Djup: 80 mmBredd: 1 016 mmWatt: 210LED: 21R\u00e5a lumen: 22 659Effektiva lumen: 15 860Lins: PolykarbonatLjusbild: Multioptik (&#8220;tiltade&#8221; reflektorer som d\u00e4rmed sprider ljuset horisontellt, mitten \u00e4r 6,5\u00b0 f\u00f6r l\u00e4ngd, 15\u00b0 f\u00f6r bredd p\u00e5 h\u00e5ll, 25\u00b0 f\u00f6r bredd n\u00e4ra och 45\u00b0 f\u00f6r skarpa kurvor)Ljusl\u00e4ngd: 656m @1lux","og_url":"https:\/\/www.visionxeurope.com\/se\/webbutik\/vision-x-xpr-h21m-halo-40-210w-led-extraljusramp\/","og_site_name":"Vision X Europe","article_publisher":"https:\/\/www.facebook.com\/visionxeurope","article_modified_time":"2026-03-10T13:36:44+00:00","og_image":[{"width":450,"height":450,"url":"https:\/\/www.visionxeurope.com\/se\/wp-content\/uploads\/sites\/7\/2022\/04\/XPR-H21M.jpg","type":"image\/jpeg"}],"twitter_card":"summary_large_image","twitter_misc":{"Pris":"11 596,00&nbsp;&#107;&#114; exkl. moms","Tillg\u00e4nglig":"I lager"},"schema":{"@context":"https:\/\/schema.org","@graph":[{"@type":"WebPage","@id":"https:\/\/www.visionxeurope.com\/se\/webbutik\/vision-x-xpr-h21m-halo-40-210w-led-extraljusramp\/","url":"https:\/\/www.visionxeurope.com\/se\/webbutik\/vision-x-xpr-h21m-halo-40-210w-led-extraljusramp\/","name":"VISION X XPR-H21M HALO 40\" 210W LED EXTRALJUSRAMP - Vision X Europe","isPartOf":{"@id":"https:\/\/www.visionxeurope.com\/se\/#website"},"primaryImageOfPage":{"@id":"https:\/\/www.visionxeurope.com\/se\/webbutik\/vision-x-xpr-h21m-halo-40-210w-led-extraljusramp\/#primaryimage"},"image":{"@id":"https:\/\/www.visionxeurope.com\/se\/webbutik\/vision-x-xpr-h21m-halo-40-210w-led-extraljusramp\/#primaryimage"},"thumbnailUrl":"https:\/\/www.visionxeurope.com\/se\/wp-content\/uploads\/sites\/7\/2022\/04\/XPR-H21M.jpg","datePublished":"2020-05-08T06:31:04+00:00","dateModified":"2026-03-10T13:36:44+00:00","breadcrumb":{"@id":"https:\/\/www.visionxeurope.com\/se\/webbutik\/vision-x-xpr-h21m-halo-40-210w-led-extraljusramp\/#breadcrumb"},"inLanguage":"sv-SE","potentialAction":[{"@type":"ReadAction","target":["https:\/\/www.visionxeurope.com\/se\/webbutik\/vision-x-xpr-h21m-halo-40-210w-led-extraljusramp\/"]}]},{"@type":"ImageObject","inLanguage":"sv-SE","@id":"https:\/\/www.visionxeurope.com\/se\/webbutik\/vision-x-xpr-h21m-halo-40-210w-led-extraljusramp\/#primaryimage","url":"https:\/\/www.visionxeurope.com\/se\/wp-content\/uploads\/sites\/7\/2022\/04\/XPR-H21M.jpg","contentUrl":"https:\/\/www.visionxeurope.com\/se\/wp-content\/uploads\/sites\/7\/2022\/04\/XPR-H21M.jpg","width":450,"height":450},{"@type":"BreadcrumbList","@id":"https:\/\/www.visionxeurope.com\/se\/webbutik\/vision-x-xpr-h21m-halo-40-210w-led-extraljusramp\/#breadcrumb","itemListElement":[{"@type":"ListItem","position":1,"name":"Hem","item":"https:\/\/www.visionxeurope.com\/se\/"},{"@type":"ListItem","position":2,"name":"Webbutik","item":"https:\/\/www.visionxeurope.com\/se\/webbutik\/"},{"@type":"ListItem","position":3,"name":"VISION X XPR-H21M HALO 40&#8243; 210W LED EXTRALJUSRAMP"}]},{"@type":"WebSite","@id":"https:\/\/www.visionxeurope.com\/se\/#website","url":"https:\/\/www.visionxeurope.com\/se\/","name":"Vision X Europe","description":"","publisher":{"@id":"https:\/\/www.visionxeurope.com\/se\/#organization"},"potentialAction":[{"@type":"SearchAction","target":{"@type":"EntryPoint","urlTemplate":"https:\/\/www.visionxeurope.com\/se\/?s={search_term_string}"},"query-input":{"@type":"PropertyValueSpecification","valueRequired":true,"valueName":"search_term_string"}}],"inLanguage":"sv-SE"},{"@type":"Organization","@id":"https:\/\/www.visionxeurope.com\/se\/#organization","name":"Vision X Europe","url":"https:\/\/www.visionxeurope.com\/se\/","logo":{"@type":"ImageObject","inLanguage":"sv-SE","@id":"https:\/\/www.visionxeurope.com\/se\/#\/schema\/logo\/image\/","url":"https:\/\/www.visionxeurope.com\/se\/wp-content\/uploads\/sites\/7\/2021\/04\/visionxeurope.png","contentUrl":"https:\/\/www.visionxeurope.com\/se\/wp-content\/uploads\/sites\/7\/2021\/04\/visionxeurope.png","width":300,"height":110,"caption":"Vision X Europe"},"image":{"@id":"https:\/\/www.visionxeurope.com\/se\/#\/schema\/logo\/image\/"},"sameAs":["https:\/\/www.facebook.com\/visionxeurope","https:\/\/www.instagram.com\/visionxeurope\/"]}]},"product_price_amount":"11596.00","product_price_currency":"SEK","og_availability":"instock","product_availability":"instock","product_retailer_item_id":"XPR-H21M","product_condition":"new"},"_links":{"self":[{"href":"https:\/\/www.visionxeurope.com\/se\/wp-json\/wp\/v2\/product\/13652","targetHints":{"allow":["GET"]}}],"collection":[{"href":"https:\/\/www.visionxeurope.com\/se\/wp-json\/wp\/v2\/product"}],"about":[{"href":"https:\/\/www.visionxeurope.com\/se\/wp-json\/wp\/v2\/types\/product"}],"replies":[{"embeddable":true,"href":"https:\/\/www.visionxeurope.com\/se\/wp-json\/wp\/v2\/comments?post=13652"}],"wp:featuredmedia":[{"embeddable":true,"href":"https:\/\/www.visionxeurope.com\/se\/wp-json\/wp\/v2\/media\/15586"}],"wp:attachment":[{"href":"https:\/\/www.visionxeurope.com\/se\/wp-json\/wp\/v2\/media?parent=13652"}],"wp:term":[{"taxonomy":"product_brand","embeddable":true,"href":"https:\/\/www.visionxeurope.com\/se\/wp-json\/wp\/v2\/product_brand?post=13652"},{"taxonomy":"product_cat","embeddable":true,"href":"https:\/\/www.visionxeurope.com\/se\/wp-json\/wp\/v2\/product_cat?post=13652"},{"taxonomy":"product_tag","embeddable":true,"href":"https:\/\/www.visionxeurope.com\/se\/wp-json\/wp\/v2\/product_tag?post=13652"}],"curies":[{"name":"wp","href":"https:\/\/api.w.org\/{rel}","templated":true}]}}