{"id":13643,"date":"2015-04-13T10:28:04","date_gmt":"2015-04-13T08:28:04","guid":{"rendered":"https:\/\/www.visionxeurope.com\/se\/produkt\/vision-x-xpr-9m-led-ramp-19-90w-e-markt-bred-ljusbild\/"},"modified":"2026-04-17T10:17:45","modified_gmt":"2026-04-17T08:17:45","slug":"vision-x-xpr-9m-led-ramp-19-90w-e-markt-bred-ljusbild","status":"publish","type":"product","link":"https:\/\/www.visionxeurope.com\/se\/webbutik\/vision-x-xpr-9m-led-ramp-19-90w-e-markt-bred-ljusbild\/","title":{"rendered":"VISION X XPR-9M LED RAMP 19&#8243; 90W E-M\u00c4RKT BRED LJUSBILD"},"content":{"rendered":"<p><\/p>\n<p><strong>BRED LJUSBILD:<br \/><\/strong>H\u00f6geffektiva 10W dioder av senaste generation ser till att XPR levererar ett ordentlig ljus med en h\u00f6g ljusstyrka som inte g\u00f6r den kr\u00e4sne besviken. R\u00e4ckvidden \u00e4r ungef\u00e4r 250m.<\/p>\n<p><\/p>\n<p><\/p>\n<p><strong>Utvecklad f\u00f6r l\u00e5gt montage:<br \/><\/strong>XPR har den s\u00e5 kallade IRIS-optiken som ger en otroligt j\u00e4mn ljusbild majoriteten av ljuset i 25\u00b0 horisontell spridning utan att ljus sl\u00e5r i backen. XPR-9M har 3st spot-reflektorer och 6st flood-reflektorer s\u00e5 majoriteten av ljuset kommer str\u00e5la horisontellt ut\u00e5t sidorna men \u00e4ven en viss h\u00f6jd \u00e5t sidorna men ingen on\u00f6dig h\u00f6jd rakt fram\u00e5t.<\/p>\n<p><\/p>\n<p><\/p>\n<p><strong>Certifieringar och kvalitetstester:<\/strong><br \/>E-m\u00e4rkt och godk\u00e4nd i besiktningen ECE R112 ref. 20, CE godk\u00e4nd, RoHS certifierad, tryckvattentestad till IP68+IP69K, skaktestad upp till 15,6 G rms, temperaturtestad att den fungerar -40\u00b0C &#8211; +80\u00b0C.5,5 \u00e5rs funkstionsgaranti ger er en trygghet att produkten skall h\u00e5lla sina m\u00e5tt.<\/p>\n<p><\/p>\n<p><\/p>\n<p><strong><br \/><\/strong><strong>Data:<\/strong><br \/>E-m\u00e4rkt<br \/>Lamphus: Robust aluminium<br \/>Sp\u00e4nning: 11-32V<br \/>Str\u00f6mf\u00f6rbrukning: 7.5 Amp vid 12V<br \/>IP-klass: IP68 + IP69K<br \/>Vibrationsklass: 15.6G<br \/>Arbetstemperatur: -40\u00b0C &#8211; +80\u00b0C<br \/>H\u00f6jd: 70mm (utan f\u00e4ste)<br \/>Djup: 80mm<br \/>Bredd: 485mm<br \/>Watt: 90<br \/>LED: 9<br \/>R\u00e5a lumen: 9 711<br \/>Effektiva lumen: 6 795<br \/>Lins: Polykarbonat<br \/>Ljusbild: 6,5\u00b0 Spot + 25\u00b0 flood + 45\u00b0 flood + 70\u00b0 sekund\u00e4r ljusbild<\/p>\n<p><\/p>","protected":false},"excerpt":{"rendered":"<p><strong>BRED LJUSBILD:<br \/><\/strong>H\u00f6geffektiva 10W dioder av senaste generation ser till att XPR levererar ett ordentlig ljus med en h\u00f6g ljusstyrka som inte g\u00f6r den kr\u00e4sne besviken. R\u00e4ckvidden \u00e4r ungef\u00e4r 250m.<\/p>\n<p><strong>Utvecklad f\u00f6r l\u00e5gt montage:<br \/><\/strong>XPR har den s\u00e5 kallade IRIS-optiken som ger en otroligt j\u00e4mn ljusbild majoriteten av ljuset i 25\u00b0 horisontell spridning utan att ljus sl\u00e5r i backen. XPR-9M har 3st spot-reflektorer och 6st flood-reflektorer s\u00e5 majoriteten av ljuset kommer str\u00e5la horisontellt ut\u00e5t sidorna men \u00e4ven en viss h\u00f6jd \u00e5t sidorna men ingen on\u00f6dig h\u00f6jd rakt fram\u00e5t.<\/p>\n<p><strong>Certifieringar och kvalitetstester:<\/strong><br \/>E-m\u00e4rkt och godk\u00e4nd i besiktningen ECE R112 ref. 20, CE godk\u00e4nd, RoHS certifierad, tryckvattentestad till IP68+IP69K, skaktestad upp till 15,6 G rms, temperaturtestad att den fungerar -40\u00b0C &#8211; +80\u00b0C.5,5 \u00e5rs funkstionsgaranti ger er en trygghet att produkten skall h\u00e5lla sina m\u00e5tt.<\/p>\n<p><strong><br \/><\/strong><strong>Data:<\/strong><br \/>E-m\u00e4rkt<br \/>Lamphus: Robust aluminium<br \/>Sp\u00e4nning: 11-32V<br \/>Str\u00f6mf\u00f6rbrukning: 7.5 Amp vid 12V<br \/>IP-klass: IP68 + IP69K<br \/>Vibrationsklass: 15.6G<br \/>Arbetstemperatur: -40\u00b0C &#8211; +80\u00b0C<br \/>H\u00f6jd: 70mm (utan f\u00e4ste)<br \/>Djup: 80mm<br \/>Bredd: 485mm<br \/>Watt: 90<br \/>LED: 9<br \/>R\u00e5a lumen: 9 711<br \/>Effektiva lumen: 6 795<br \/>Lins: Polykarbonat<br \/>Ljusbild: 6,5\u00b0 Spot + 25\u00b0 flood + 45\u00b0 flood + 70\u00b0 sekund\u00e4r ljusbild<\/p>\n","protected":false},"featured_media":15542,"comment_status":"closed","ping_status":"open","template":"","meta":{"editor_notices":[]},"product_brand":[],"product_cat":[92],"product_tag":[],"class_list":{"0":"post-13643","1":"product","2":"type-product","3":"status-publish","4":"has-post-thumbnail","6":"product_cat-xpr-m","7":"resize-featured-image","8":"","9":"woocommerce-text-align-left","10":"woocommerce-image-align-center","12":"first","13":"instock","14":"taxable","15":"shipping-taxable","16":"product-type-simple"},"yoast_head":"<!-- This site is optimized with the Yoast SEO Premium plugin v25.0 (Yoast SEO v25.0) - https:\/\/yoast.com\/wordpress\/plugins\/seo\/ -->\n<title>VISION X XPR-9M LED RAMP 19&quot; 90W E-M\u00c4RKT BRED LJUSBILD - Vision X Europe<\/title>\n<meta name=\"robots\" content=\"index, follow, max-snippet:-1, max-image-preview:large, max-video-preview:-1\" \/>\n<link rel=\"canonical\" href=\"https:\/\/www.visionxeurope.com\/se\/webbutik\/vision-x-xpr-9m-led-ramp-19-90w-e-markt-bred-ljusbild\/\" \/>\n<meta property=\"og:locale\" content=\"sv_SE\" \/>\n<meta property=\"og:type\" content=\"article\" \/>\n<meta property=\"og:title\" content=\"VISION X XPR-9M LED RAMP 19&quot; 90W E-M\u00c4RKT BRED LJUSBILD\" \/>\n<meta property=\"og:description\" content=\"BRED LJUSBILD:H\u00f6geffektiva 10W dioder av senaste generation ser till att XPR levererar ett ordentlig ljus med en h\u00f6g ljusstyrka som inte g\u00f6r den kr\u00e4sne besviken. R\u00e4ckvidden \u00e4r ungef\u00e4r 250m. Utvecklad f\u00f6r l\u00e5gt montage:XPR har den s\u00e5 kallade IRIS-optiken som ger en otroligt j\u00e4mn ljusbild majoriteten av ljuset i 25\u00b0 horisontell spridning utan att ljus sl\u00e5r i backen. XPR-9M har 3st spot-reflektorer och 6st flood-reflektorer s\u00e5 majoriteten av ljuset kommer str\u00e5la horisontellt ut\u00e5t sidorna men \u00e4ven en viss h\u00f6jd \u00e5t sidorna men ingen on\u00f6dig h\u00f6jd rakt fram\u00e5t. Certifieringar och kvalitetstester:E-m\u00e4rkt och godk\u00e4nd i besiktningen ECE R112 ref. 20, CE godk\u00e4nd, RoHS certifierad, tryckvattentestad till IP68+IP69K, skaktestad upp till 15,6 G rms, temperaturtestad att den fungerar -40\u00b0C &#8211; +80\u00b0C.5,5 \u00e5rs funkstionsgaranti ger er en trygghet att produkten skall h\u00e5lla sina m\u00e5tt. Data:E-m\u00e4rktLamphus: Robust aluminiumSp\u00e4nning: 11-32VStr\u00f6mf\u00f6rbrukning: 7.5 Amp vid 12VIP-klass: IP68 + IP69KVibrationsklass: 15.6GArbetstemperatur: -40\u00b0C &#8211; +80\u00b0CH\u00f6jd: 70mm (utan f\u00e4ste)Djup: 80mmBredd: 485mmWatt: 90LED: 9R\u00e5a lumen: 9 711Effektiva lumen: 6 795Lins: PolykarbonatLjusbild: 6,5\u00b0 Spot + 25\u00b0 flood + 45\u00b0 flood + 70\u00b0 sekund\u00e4r ljusbild\" \/>\n<meta property=\"og:url\" content=\"https:\/\/www.visionxeurope.com\/se\/webbutik\/vision-x-xpr-9m-led-ramp-19-90w-e-markt-bred-ljusbild\/\" \/>\n<meta property=\"og:site_name\" content=\"Vision X Europe\" \/>\n<meta property=\"article:publisher\" content=\"https:\/\/www.facebook.com\/visionxeurope\" \/>\n<meta property=\"article:modified_time\" content=\"2026-04-17T08:17:45+00:00\" \/>\n<meta property=\"og:image\" content=\"https:\/\/www.visionxeurope.com\/se\/wp-content\/uploads\/sites\/7\/2022\/04\/XPR-9M.jpg\" \/>\n\t<meta property=\"og:image:width\" content=\"450\" \/>\n\t<meta property=\"og:image:height\" content=\"450\" \/>\n\t<meta property=\"og:image:type\" content=\"image\/jpeg\" \/>\n<meta name=\"twitter:card\" content=\"summary_large_image\" \/>\n<meta name=\"twitter:label1\" content=\"Pris\" \/>\n\t<meta name=\"twitter:data1\" content=\"5 196,00&nbsp;&#107;&#114; exkl. moms\" \/>\n\t<meta name=\"twitter:label2\" content=\"Tillg\u00e4nglig\" \/>\n\t<meta name=\"twitter:data2\" content=\"I lager\" \/>\n<script type=\"application\/ld+json\" class=\"yoast-schema-graph\">{\"@context\":\"https:\/\/schema.org\",\"@graph\":[{\"@type\":\"WebPage\",\"@id\":\"https:\/\/www.visionxeurope.com\/se\/webbutik\/vision-x-xpr-9m-led-ramp-19-90w-e-markt-bred-ljusbild\/\",\"url\":\"https:\/\/www.visionxeurope.com\/se\/webbutik\/vision-x-xpr-9m-led-ramp-19-90w-e-markt-bred-ljusbild\/\",\"name\":\"VISION X XPR-9M LED RAMP 19\\\" 90W E-M\u00c4RKT BRED LJUSBILD - Vision X Europe\",\"isPartOf\":{\"@id\":\"https:\/\/www.visionxeurope.com\/se\/#website\"},\"primaryImageOfPage\":{\"@id\":\"https:\/\/www.visionxeurope.com\/se\/webbutik\/vision-x-xpr-9m-led-ramp-19-90w-e-markt-bred-ljusbild\/#primaryimage\"},\"image\":{\"@id\":\"https:\/\/www.visionxeurope.com\/se\/webbutik\/vision-x-xpr-9m-led-ramp-19-90w-e-markt-bred-ljusbild\/#primaryimage\"},\"thumbnailUrl\":\"https:\/\/www.visionxeurope.com\/se\/wp-content\/uploads\/sites\/7\/2022\/04\/XPR-9M.jpg\",\"datePublished\":\"2015-04-13T08:28:04+00:00\",\"dateModified\":\"2026-04-17T08:17:45+00:00\",\"breadcrumb\":{\"@id\":\"https:\/\/www.visionxeurope.com\/se\/webbutik\/vision-x-xpr-9m-led-ramp-19-90w-e-markt-bred-ljusbild\/#breadcrumb\"},\"inLanguage\":\"sv-SE\",\"potentialAction\":[{\"@type\":\"ReadAction\",\"target\":[\"https:\/\/www.visionxeurope.com\/se\/webbutik\/vision-x-xpr-9m-led-ramp-19-90w-e-markt-bred-ljusbild\/\"]}]},{\"@type\":\"ImageObject\",\"inLanguage\":\"sv-SE\",\"@id\":\"https:\/\/www.visionxeurope.com\/se\/webbutik\/vision-x-xpr-9m-led-ramp-19-90w-e-markt-bred-ljusbild\/#primaryimage\",\"url\":\"https:\/\/www.visionxeurope.com\/se\/wp-content\/uploads\/sites\/7\/2022\/04\/XPR-9M.jpg\",\"contentUrl\":\"https:\/\/www.visionxeurope.com\/se\/wp-content\/uploads\/sites\/7\/2022\/04\/XPR-9M.jpg\",\"width\":450,\"height\":450},{\"@type\":\"BreadcrumbList\",\"@id\":\"https:\/\/www.visionxeurope.com\/se\/webbutik\/vision-x-xpr-9m-led-ramp-19-90w-e-markt-bred-ljusbild\/#breadcrumb\",\"itemListElement\":[{\"@type\":\"ListItem\",\"position\":1,\"name\":\"Hem\",\"item\":\"https:\/\/www.visionxeurope.com\/se\/\"},{\"@type\":\"ListItem\",\"position\":2,\"name\":\"Webbutik\",\"item\":\"https:\/\/www.visionxeurope.com\/se\/webbutik\/\"},{\"@type\":\"ListItem\",\"position\":3,\"name\":\"VISION X XPR-9M LED RAMP 19&#8243; 90W E-M\u00c4RKT BRED LJUSBILD\"}]},{\"@type\":\"WebSite\",\"@id\":\"https:\/\/www.visionxeurope.com\/se\/#website\",\"url\":\"https:\/\/www.visionxeurope.com\/se\/\",\"name\":\"Vision X Europe\",\"description\":\"\",\"publisher\":{\"@id\":\"https:\/\/www.visionxeurope.com\/se\/#organization\"},\"potentialAction\":[{\"@type\":\"SearchAction\",\"target\":{\"@type\":\"EntryPoint\",\"urlTemplate\":\"https:\/\/www.visionxeurope.com\/se\/?s={search_term_string}\"},\"query-input\":{\"@type\":\"PropertyValueSpecification\",\"valueRequired\":true,\"valueName\":\"search_term_string\"}}],\"inLanguage\":\"sv-SE\"},{\"@type\":\"Organization\",\"@id\":\"https:\/\/www.visionxeurope.com\/se\/#organization\",\"name\":\"Vision X Europe\",\"url\":\"https:\/\/www.visionxeurope.com\/se\/\",\"logo\":{\"@type\":\"ImageObject\",\"inLanguage\":\"sv-SE\",\"@id\":\"https:\/\/www.visionxeurope.com\/se\/#\/schema\/logo\/image\/\",\"url\":\"https:\/\/www.visionxeurope.com\/se\/wp-content\/uploads\/sites\/7\/2021\/04\/visionxeurope.png\",\"contentUrl\":\"https:\/\/www.visionxeurope.com\/se\/wp-content\/uploads\/sites\/7\/2021\/04\/visionxeurope.png\",\"width\":300,\"height\":110,\"caption\":\"Vision X Europe\"},\"image\":{\"@id\":\"https:\/\/www.visionxeurope.com\/se\/#\/schema\/logo\/image\/\"},\"sameAs\":[\"https:\/\/www.facebook.com\/visionxeurope\",\"https:\/\/www.instagram.com\/visionxeurope\/\"]}]}<\/script>\n<meta property=\"product:price:amount\" content=\"5196.00\" \/>\n<meta property=\"product:price:currency\" content=\"SEK\" \/>\n<meta property=\"og:availability\" content=\"instock\" \/>\n<meta property=\"product:availability\" content=\"instock\" \/>\n<meta property=\"product:retailer_item_id\" content=\"XPR-9M\" \/>\n<meta property=\"product:condition\" content=\"new\" \/>\n<!-- \/ Yoast SEO Premium plugin. -->","yoast_head_json":{"title":"VISION X XPR-9M LED RAMP 19\" 90W E-M\u00c4RKT BRED LJUSBILD - Vision X Europe","robots":{"index":"index","follow":"follow","max-snippet":"max-snippet:-1","max-image-preview":"max-image-preview:large","max-video-preview":"max-video-preview:-1"},"canonical":"https:\/\/www.visionxeurope.com\/se\/webbutik\/vision-x-xpr-9m-led-ramp-19-90w-e-markt-bred-ljusbild\/","og_locale":"sv_SE","og_type":"article","og_title":"VISION X XPR-9M LED RAMP 19\" 90W E-M\u00c4RKT BRED LJUSBILD","og_description":"BRED LJUSBILD:H\u00f6geffektiva 10W dioder av senaste generation ser till att XPR levererar ett ordentlig ljus med en h\u00f6g ljusstyrka som inte g\u00f6r den kr\u00e4sne besviken. R\u00e4ckvidden \u00e4r ungef\u00e4r 250m. Utvecklad f\u00f6r l\u00e5gt montage:XPR har den s\u00e5 kallade IRIS-optiken som ger en otroligt j\u00e4mn ljusbild majoriteten av ljuset i 25\u00b0 horisontell spridning utan att ljus sl\u00e5r i backen. XPR-9M har 3st spot-reflektorer och 6st flood-reflektorer s\u00e5 majoriteten av ljuset kommer str\u00e5la horisontellt ut\u00e5t sidorna men \u00e4ven en viss h\u00f6jd \u00e5t sidorna men ingen on\u00f6dig h\u00f6jd rakt fram\u00e5t. Certifieringar och kvalitetstester:E-m\u00e4rkt och godk\u00e4nd i besiktningen ECE R112 ref. 20, CE godk\u00e4nd, RoHS certifierad, tryckvattentestad till IP68+IP69K, skaktestad upp till 15,6 G rms, temperaturtestad att den fungerar -40\u00b0C &#8211; +80\u00b0C.5,5 \u00e5rs funkstionsgaranti ger er en trygghet att produkten skall h\u00e5lla sina m\u00e5tt. Data:E-m\u00e4rktLamphus: Robust aluminiumSp\u00e4nning: 11-32VStr\u00f6mf\u00f6rbrukning: 7.5 Amp vid 12VIP-klass: IP68 + IP69KVibrationsklass: 15.6GArbetstemperatur: -40\u00b0C &#8211; +80\u00b0CH\u00f6jd: 70mm (utan f\u00e4ste)Djup: 80mmBredd: 485mmWatt: 90LED: 9R\u00e5a lumen: 9 711Effektiva lumen: 6 795Lins: PolykarbonatLjusbild: 6,5\u00b0 Spot + 25\u00b0 flood + 45\u00b0 flood + 70\u00b0 sekund\u00e4r ljusbild","og_url":"https:\/\/www.visionxeurope.com\/se\/webbutik\/vision-x-xpr-9m-led-ramp-19-90w-e-markt-bred-ljusbild\/","og_site_name":"Vision X Europe","article_publisher":"https:\/\/www.facebook.com\/visionxeurope","article_modified_time":"2026-04-17T08:17:45+00:00","og_image":[{"width":450,"height":450,"url":"https:\/\/www.visionxeurope.com\/se\/wp-content\/uploads\/sites\/7\/2022\/04\/XPR-9M.jpg","type":"image\/jpeg"}],"twitter_card":"summary_large_image","twitter_misc":{"Pris":"5 196,00&nbsp;&#107;&#114; exkl. moms","Tillg\u00e4nglig":"I lager"},"schema":{"@context":"https:\/\/schema.org","@graph":[{"@type":"WebPage","@id":"https:\/\/www.visionxeurope.com\/se\/webbutik\/vision-x-xpr-9m-led-ramp-19-90w-e-markt-bred-ljusbild\/","url":"https:\/\/www.visionxeurope.com\/se\/webbutik\/vision-x-xpr-9m-led-ramp-19-90w-e-markt-bred-ljusbild\/","name":"VISION X XPR-9M LED RAMP 19\" 90W E-M\u00c4RKT BRED LJUSBILD - Vision X Europe","isPartOf":{"@id":"https:\/\/www.visionxeurope.com\/se\/#website"},"primaryImageOfPage":{"@id":"https:\/\/www.visionxeurope.com\/se\/webbutik\/vision-x-xpr-9m-led-ramp-19-90w-e-markt-bred-ljusbild\/#primaryimage"},"image":{"@id":"https:\/\/www.visionxeurope.com\/se\/webbutik\/vision-x-xpr-9m-led-ramp-19-90w-e-markt-bred-ljusbild\/#primaryimage"},"thumbnailUrl":"https:\/\/www.visionxeurope.com\/se\/wp-content\/uploads\/sites\/7\/2022\/04\/XPR-9M.jpg","datePublished":"2015-04-13T08:28:04+00:00","dateModified":"2026-04-17T08:17:45+00:00","breadcrumb":{"@id":"https:\/\/www.visionxeurope.com\/se\/webbutik\/vision-x-xpr-9m-led-ramp-19-90w-e-markt-bred-ljusbild\/#breadcrumb"},"inLanguage":"sv-SE","potentialAction":[{"@type":"ReadAction","target":["https:\/\/www.visionxeurope.com\/se\/webbutik\/vision-x-xpr-9m-led-ramp-19-90w-e-markt-bred-ljusbild\/"]}]},{"@type":"ImageObject","inLanguage":"sv-SE","@id":"https:\/\/www.visionxeurope.com\/se\/webbutik\/vision-x-xpr-9m-led-ramp-19-90w-e-markt-bred-ljusbild\/#primaryimage","url":"https:\/\/www.visionxeurope.com\/se\/wp-content\/uploads\/sites\/7\/2022\/04\/XPR-9M.jpg","contentUrl":"https:\/\/www.visionxeurope.com\/se\/wp-content\/uploads\/sites\/7\/2022\/04\/XPR-9M.jpg","width":450,"height":450},{"@type":"BreadcrumbList","@id":"https:\/\/www.visionxeurope.com\/se\/webbutik\/vision-x-xpr-9m-led-ramp-19-90w-e-markt-bred-ljusbild\/#breadcrumb","itemListElement":[{"@type":"ListItem","position":1,"name":"Hem","item":"https:\/\/www.visionxeurope.com\/se\/"},{"@type":"ListItem","position":2,"name":"Webbutik","item":"https:\/\/www.visionxeurope.com\/se\/webbutik\/"},{"@type":"ListItem","position":3,"name":"VISION X XPR-9M LED RAMP 19&#8243; 90W E-M\u00c4RKT BRED LJUSBILD"}]},{"@type":"WebSite","@id":"https:\/\/www.visionxeurope.com\/se\/#website","url":"https:\/\/www.visionxeurope.com\/se\/","name":"Vision X Europe","description":"","publisher":{"@id":"https:\/\/www.visionxeurope.com\/se\/#organization"},"potentialAction":[{"@type":"SearchAction","target":{"@type":"EntryPoint","urlTemplate":"https:\/\/www.visionxeurope.com\/se\/?s={search_term_string}"},"query-input":{"@type":"PropertyValueSpecification","valueRequired":true,"valueName":"search_term_string"}}],"inLanguage":"sv-SE"},{"@type":"Organization","@id":"https:\/\/www.visionxeurope.com\/se\/#organization","name":"Vision X Europe","url":"https:\/\/www.visionxeurope.com\/se\/","logo":{"@type":"ImageObject","inLanguage":"sv-SE","@id":"https:\/\/www.visionxeurope.com\/se\/#\/schema\/logo\/image\/","url":"https:\/\/www.visionxeurope.com\/se\/wp-content\/uploads\/sites\/7\/2021\/04\/visionxeurope.png","contentUrl":"https:\/\/www.visionxeurope.com\/se\/wp-content\/uploads\/sites\/7\/2021\/04\/visionxeurope.png","width":300,"height":110,"caption":"Vision X Europe"},"image":{"@id":"https:\/\/www.visionxeurope.com\/se\/#\/schema\/logo\/image\/"},"sameAs":["https:\/\/www.facebook.com\/visionxeurope","https:\/\/www.instagram.com\/visionxeurope\/"]}]},"product_price_amount":"5196.00","product_price_currency":"SEK","og_availability":"instock","product_availability":"instock","product_retailer_item_id":"XPR-9M","product_condition":"new"},"_links":{"self":[{"href":"https:\/\/www.visionxeurope.com\/se\/wp-json\/wp\/v2\/product\/13643","targetHints":{"allow":["GET"]}}],"collection":[{"href":"https:\/\/www.visionxeurope.com\/se\/wp-json\/wp\/v2\/product"}],"about":[{"href":"https:\/\/www.visionxeurope.com\/se\/wp-json\/wp\/v2\/types\/product"}],"replies":[{"embeddable":true,"href":"https:\/\/www.visionxeurope.com\/se\/wp-json\/wp\/v2\/comments?post=13643"}],"wp:featuredmedia":[{"embeddable":true,"href":"https:\/\/www.visionxeurope.com\/se\/wp-json\/wp\/v2\/media\/15542"}],"wp:attachment":[{"href":"https:\/\/www.visionxeurope.com\/se\/wp-json\/wp\/v2\/media?parent=13643"}],"wp:term":[{"taxonomy":"product_brand","embeddable":true,"href":"https:\/\/www.visionxeurope.com\/se\/wp-json\/wp\/v2\/product_brand?post=13643"},{"taxonomy":"product_cat","embeddable":true,"href":"https:\/\/www.visionxeurope.com\/se\/wp-json\/wp\/v2\/product_cat?post=13643"},{"taxonomy":"product_tag","embeddable":true,"href":"https:\/\/www.visionxeurope.com\/se\/wp-json\/wp\/v2\/product_tag?post=13643"}],"curies":[{"name":"wp","href":"https:\/\/api.w.org\/{rel}","templated":true}]}}