{"id":13640,"date":"2015-12-07T11:34:09","date_gmt":"2015-12-07T10:34:09","guid":{"rendered":"https:\/\/www.visionxeurope.com\/se\/produkt\/vision-x-xpr-3-led-ramp-6-30w-e-markt-spot\/"},"modified":"2026-03-12T15:12:25","modified_gmt":"2026-03-12T14:12:25","slug":"vision-x-xpr-3-led-ramp-6-30w-e-markt-spot","status":"publish","type":"product","link":"https:\/\/www.visionxeurope.com\/se\/webbutik\/vision-x-xpr-3-led-ramp-6-30w-e-markt-spot\/","title":{"rendered":"VISION X XPR-3 LED RAMP 6&#8243; 30W E-M\u00c4RKT SPOT"},"content":{"rendered":"<p><\/p>\n<p>XPR har den s\u00e5 kallade IRIS-optiken med endast 5 graders spridning per diod vilket ger en l\u00e4ngre r\u00e4ckvidd p\u00e5 ljuset. Den som \u00f6nskar lysa l\u00e5ngt utan s\u00e5 kallat &#8221;spill ljus&#8221; \u00e4r XPR rampen det perfekta valet. H\u00f6geffektiva 10W dioder av senaste generation ser till att XPR levererar ett ordentlig ljus med en otrolig styrka som inte g\u00f6r den mest kr\u00e4sne besviken.<\/p>\n<p><\/p>\n<p><\/p>\n<p>XPR har tv\u00e5 olika monteringsf\u00e4sten med i kartongen som till\u00e5ter montering av rampen i respektive \u00e4nde alternativt det mer traditionella f\u00e4stet med s\u00e5 kallade l\u00f6p-skenor i botten p\u00e5 rampen. XPR monteras med f\u00f6rdel p\u00e5 b\u00e5de personbilar och lastbilar med ett v\u00e4ldigt konkurrenskraftigt pris i f\u00f6rh\u00e5llande till ljusl\u00e4ngd och ljusstyrka.<\/p>\n<p><\/p>\n<p><\/p>\n<p>XPR levereras naturligtvis med n\u00e4st intill okrossbar polykarbonat lins, h\u00f6g IP klassning och vibrationst\u00e5lighet samt l\u00e5g str\u00f6mf\u00f6rbrukning i f\u00f6rh\u00e5llande till effekten. Vision X unika 5.5 \u00e5rs funktionsgaranti g\u00e4ller naturligtvis \u00e4ven XPR och ger dig som kund en s\u00e4ker investering som lyser i m\u00e5nga \u00e5r.<\/p>\n<p><\/p>\n<p><\/p>\n<p><strong>Data:<\/strong><br \/>Lamphus: Robust aluminium<br \/>Sp\u00e4nning: 11-32V<br \/>Str\u00f6mf\u00f6rbrukning: 2.5 Amp vid 12V<br \/>IP-klass: IP68<br \/>Vibrationsklass: 15.6G<br \/>Arbetstemperatur: -40\u00b0C &#8211; +80\u00b0C<br \/>H\u00f6jd: 70mm (utan f\u00e4ste)<br \/>Djup: 80mm<br \/>Bredd: 155mm<br \/>Watt: 30<br \/>LED: 3<br \/>R\u00e5a lumen: 3 237<br \/>Effektiva lumen: 2 266<br \/>Lins: Polykarbonat<br \/>Ljusbild: 5\u00b0 Spot<\/p>\n<p><\/p>","protected":false},"excerpt":{"rendered":"<p>XPR har den s\u00e5 kallade IRIS-optiken med endast 5 graders spridning per diod vilket ger en l\u00e4ngre r\u00e4ckvidd p\u00e5 ljuset. Den som \u00f6nskar lysa l\u00e5ngt utan s\u00e5 kallat &#8220;spill ljus&#8221; \u00e4r XPR rampen det perfekta valet. H\u00f6geffektiva 10W dioder av senaste generation ser till att XPR levererar ett ordentlig ljus med en otrolig styrka som inte g\u00f6r den mest kr\u00e4sne besviken.<\/p>\n<p>XPR har tv\u00e5 olika monteringsf\u00e4sten med i kartongen som till\u00e5ter montering av rampen i respektive \u00e4nde alternativt det mer traditionella f\u00e4stet med s\u00e5 kallade l\u00f6p-skenor i botten p\u00e5 rampen. XPR monteras med f\u00f6rdel p\u00e5 b\u00e5de personbilar och lastbilar med ett v\u00e4ldigt konkurrenskraftigt pris i f\u00f6rh\u00e5llande till ljusl\u00e4ngd och ljusstyrka.<\/p>\n<p>XPR levereras naturligtvis med n\u00e4st intill okrossbar polykarbonat lins, h\u00f6g IP klassning och vibrationst\u00e5lighet samt l\u00e5g str\u00f6mf\u00f6rbrukning i f\u00f6rh\u00e5llande till effekten. Vision X unika 5.5 \u00e5rs funktionsgaranti g\u00e4ller naturligtvis \u00e4ven XPR och ger dig som kund en s\u00e4ker investering som lyser i m\u00e5nga \u00e5r.<\/p>\n<p><strong>Data:<\/strong><br \/>Lamphus: Robust aluminium<br \/>Sp\u00e4nning: 11-32V<br \/>Str\u00f6mf\u00f6rbrukning: 2.5 Amp vid 12V<br \/>IP-klass: IP68<br \/>Vibrationsklass: 15.6G<br \/>Arbetstemperatur: -40\u00b0C &#8211; +80\u00b0C<br \/>H\u00f6jd: 70mm (utan f\u00e4ste)<br \/>Djup: 80mm<br \/>Bredd: 155mm<br \/>Watt: 30<br \/>LED: 3<br \/>R\u00e5a lumen: 3 237<br \/>Effektiva lumen: 2 266<br \/>Lins: Polykarbonat<br \/>Ljusbild: 5\u00b0 Spot<\/p>\n","protected":false},"featured_media":15531,"comment_status":"open","ping_status":"open","template":"","meta":{"editor_notices":[]},"product_brand":[],"product_cat":[93],"product_tag":[],"class_list":{"0":"post-13640","1":"product","2":"type-product","3":"status-publish","4":"has-post-thumbnail","6":"product_cat-xpr-s","7":"resize-featured-image","8":"","9":"woocommerce-text-align-left","10":"woocommerce-image-align-center","12":"first","13":"instock","14":"taxable","15":"shipping-taxable","16":"product-type-simple"},"yoast_head":"<!-- This site is optimized with the Yoast SEO Premium plugin v25.0 (Yoast SEO v25.0) - https:\/\/yoast.com\/wordpress\/plugins\/seo\/ -->\n<title>VISION X XPR-3 LED RAMP 6&quot; 30W E-M\u00c4RKT SPOT - Vision X Europe<\/title>\n<meta name=\"robots\" content=\"index, follow, max-snippet:-1, max-image-preview:large, max-video-preview:-1\" \/>\n<link rel=\"canonical\" href=\"https:\/\/www.visionxeurope.com\/se\/webbutik\/vision-x-xpr-3-led-ramp-6-30w-e-markt-spot\/\" \/>\n<meta property=\"og:locale\" content=\"sv_SE\" \/>\n<meta property=\"og:type\" content=\"article\" \/>\n<meta property=\"og:title\" content=\"VISION X XPR-3 LED RAMP 6&quot; 30W E-M\u00c4RKT SPOT\" \/>\n<meta property=\"og:description\" content=\"XPR har den s\u00e5 kallade IRIS-optiken med endast 5 graders spridning per diod vilket ger en l\u00e4ngre r\u00e4ckvidd p\u00e5 ljuset. Den som \u00f6nskar lysa l\u00e5ngt utan s\u00e5 kallat &#8220;spill ljus&#8221; \u00e4r XPR rampen det perfekta valet. H\u00f6geffektiva 10W dioder av senaste generation ser till att XPR levererar ett ordentlig ljus med en otrolig styrka som inte g\u00f6r den mest kr\u00e4sne besviken. XPR har tv\u00e5 olika monteringsf\u00e4sten med i kartongen som till\u00e5ter montering av rampen i respektive \u00e4nde alternativt det mer traditionella f\u00e4stet med s\u00e5 kallade l\u00f6p-skenor i botten p\u00e5 rampen. XPR monteras med f\u00f6rdel p\u00e5 b\u00e5de personbilar och lastbilar med ett v\u00e4ldigt konkurrenskraftigt pris i f\u00f6rh\u00e5llande till ljusl\u00e4ngd och ljusstyrka. XPR levereras naturligtvis med n\u00e4st intill okrossbar polykarbonat lins, h\u00f6g IP klassning och vibrationst\u00e5lighet samt l\u00e5g str\u00f6mf\u00f6rbrukning i f\u00f6rh\u00e5llande till effekten. Vision X unika 5.5 \u00e5rs funktionsgaranti g\u00e4ller naturligtvis \u00e4ven XPR och ger dig som kund en s\u00e4ker investering som lyser i m\u00e5nga \u00e5r. Data:Lamphus: Robust aluminiumSp\u00e4nning: 11-32VStr\u00f6mf\u00f6rbrukning: 2.5 Amp vid 12VIP-klass: IP68Vibrationsklass: 15.6GArbetstemperatur: -40\u00b0C &#8211; +80\u00b0CH\u00f6jd: 70mm (utan f\u00e4ste)Djup: 80mmBredd: 155mmWatt: 30LED: 3R\u00e5a lumen: 3 237Effektiva lumen: 2 266Lins: PolykarbonatLjusbild: 5\u00b0 Spot\" \/>\n<meta property=\"og:url\" content=\"https:\/\/www.visionxeurope.com\/se\/webbutik\/vision-x-xpr-3-led-ramp-6-30w-e-markt-spot\/\" \/>\n<meta property=\"og:site_name\" content=\"Vision X Europe\" \/>\n<meta property=\"article:publisher\" content=\"https:\/\/www.facebook.com\/visionxeurope\" \/>\n<meta property=\"article:modified_time\" content=\"2026-03-12T14:12:25+00:00\" \/>\n<meta property=\"og:image\" content=\"https:\/\/www.rindab.se\/wp-content\/uploads\/sites\/7\/2022\/04\/XPR-3.jpg\" \/>\n\t<meta property=\"og:image:width\" content=\"450\" \/>\n\t<meta property=\"og:image:height\" content=\"450\" \/>\n\t<meta property=\"og:image:type\" content=\"image\/jpeg\" \/>\n<meta name=\"twitter:card\" content=\"summary_large_image\" \/>\n<meta name=\"twitter:label1\" content=\"Pris\" \/>\n\t<meta name=\"twitter:data1\" content=\"2 636,00&nbsp;&#107;&#114; exkl. moms\" \/>\n\t<meta name=\"twitter:label2\" content=\"Tillg\u00e4nglig\" \/>\n\t<meta name=\"twitter:data2\" content=\"I lager\" \/>\n<script type=\"application\/ld+json\" class=\"yoast-schema-graph\">{\"@context\":\"https:\/\/schema.org\",\"@graph\":[{\"@type\":\"WebPage\",\"@id\":\"https:\/\/www.visionxeurope.com\/se\/webbutik\/vision-x-xpr-3-led-ramp-6-30w-e-markt-spot\/\",\"url\":\"https:\/\/www.visionxeurope.com\/se\/webbutik\/vision-x-xpr-3-led-ramp-6-30w-e-markt-spot\/\",\"name\":\"VISION X XPR-3 LED RAMP 6\\\" 30W E-M\u00c4RKT SPOT - Vision X Europe\",\"isPartOf\":{\"@id\":\"https:\/\/www.visionxeurope.com\/se\/#website\"},\"primaryImageOfPage\":{\"@id\":\"https:\/\/www.visionxeurope.com\/se\/webbutik\/vision-x-xpr-3-led-ramp-6-30w-e-markt-spot\/#primaryimage\"},\"image\":{\"@id\":\"https:\/\/www.visionxeurope.com\/se\/webbutik\/vision-x-xpr-3-led-ramp-6-30w-e-markt-spot\/#primaryimage\"},\"thumbnailUrl\":\"https:\/\/www.visionxeurope.com\/se\/wp-content\/uploads\/sites\/7\/2022\/04\/XPR-3.jpg\",\"datePublished\":\"2015-12-07T10:34:09+00:00\",\"dateModified\":\"2026-03-12T14:12:25+00:00\",\"breadcrumb\":{\"@id\":\"https:\/\/www.visionxeurope.com\/se\/webbutik\/vision-x-xpr-3-led-ramp-6-30w-e-markt-spot\/#breadcrumb\"},\"inLanguage\":\"sv-SE\",\"potentialAction\":[{\"@type\":\"ReadAction\",\"target\":[\"https:\/\/www.visionxeurope.com\/se\/webbutik\/vision-x-xpr-3-led-ramp-6-30w-e-markt-spot\/\"]}]},{\"@type\":\"ImageObject\",\"inLanguage\":\"sv-SE\",\"@id\":\"https:\/\/www.visionxeurope.com\/se\/webbutik\/vision-x-xpr-3-led-ramp-6-30w-e-markt-spot\/#primaryimage\",\"url\":\"https:\/\/www.visionxeurope.com\/se\/wp-content\/uploads\/sites\/7\/2022\/04\/XPR-3.jpg\",\"contentUrl\":\"https:\/\/www.visionxeurope.com\/se\/wp-content\/uploads\/sites\/7\/2022\/04\/XPR-3.jpg\",\"width\":450,\"height\":450},{\"@type\":\"BreadcrumbList\",\"@id\":\"https:\/\/www.visionxeurope.com\/se\/webbutik\/vision-x-xpr-3-led-ramp-6-30w-e-markt-spot\/#breadcrumb\",\"itemListElement\":[{\"@type\":\"ListItem\",\"position\":1,\"name\":\"Hem\",\"item\":\"https:\/\/www.visionxeurope.com\/se\/\"},{\"@type\":\"ListItem\",\"position\":2,\"name\":\"Webbutik\",\"item\":\"https:\/\/www.visionxeurope.com\/se\/webbutik\/\"},{\"@type\":\"ListItem\",\"position\":3,\"name\":\"VISION X XPR-3 LED RAMP 6&#8243; 30W E-M\u00c4RKT SPOT\"}]},{\"@type\":\"WebSite\",\"@id\":\"https:\/\/www.visionxeurope.com\/se\/#website\",\"url\":\"https:\/\/www.visionxeurope.com\/se\/\",\"name\":\"Vision X Europe\",\"description\":\"\",\"publisher\":{\"@id\":\"https:\/\/www.visionxeurope.com\/se\/#organization\"},\"potentialAction\":[{\"@type\":\"SearchAction\",\"target\":{\"@type\":\"EntryPoint\",\"urlTemplate\":\"https:\/\/www.visionxeurope.com\/se\/?s={search_term_string}\"},\"query-input\":{\"@type\":\"PropertyValueSpecification\",\"valueRequired\":true,\"valueName\":\"search_term_string\"}}],\"inLanguage\":\"sv-SE\"},{\"@type\":\"Organization\",\"@id\":\"https:\/\/www.visionxeurope.com\/se\/#organization\",\"name\":\"Vision X Europe\",\"url\":\"https:\/\/www.visionxeurope.com\/se\/\",\"logo\":{\"@type\":\"ImageObject\",\"inLanguage\":\"sv-SE\",\"@id\":\"https:\/\/www.visionxeurope.com\/se\/#\/schema\/logo\/image\/\",\"url\":\"https:\/\/www.visionxeurope.com\/se\/wp-content\/uploads\/sites\/7\/2021\/04\/visionxeurope.png\",\"contentUrl\":\"https:\/\/www.visionxeurope.com\/se\/wp-content\/uploads\/sites\/7\/2021\/04\/visionxeurope.png\",\"width\":300,\"height\":110,\"caption\":\"Vision X Europe\"},\"image\":{\"@id\":\"https:\/\/www.visionxeurope.com\/se\/#\/schema\/logo\/image\/\"},\"sameAs\":[\"https:\/\/www.facebook.com\/visionxeurope\",\"https:\/\/www.instagram.com\/visionxeurope\/\"]}]}<\/script>\n<meta property=\"product:price:amount\" content=\"2636.00\" \/>\n<meta property=\"product:price:currency\" content=\"SEK\" \/>\n<meta property=\"og:availability\" content=\"instock\" \/>\n<meta property=\"product:availability\" content=\"instock\" \/>\n<meta property=\"product:retailer_item_id\" content=\"XPR-3\" \/>\n<meta property=\"product:condition\" content=\"new\" \/>\n<!-- \/ Yoast SEO Premium plugin. -->","yoast_head_json":{"title":"VISION X XPR-3 LED RAMP 6\" 30W E-M\u00c4RKT SPOT - Vision X Europe","robots":{"index":"index","follow":"follow","max-snippet":"max-snippet:-1","max-image-preview":"max-image-preview:large","max-video-preview":"max-video-preview:-1"},"canonical":"https:\/\/www.visionxeurope.com\/se\/webbutik\/vision-x-xpr-3-led-ramp-6-30w-e-markt-spot\/","og_locale":"sv_SE","og_type":"article","og_title":"VISION X XPR-3 LED RAMP 6\" 30W E-M\u00c4RKT SPOT","og_description":"XPR har den s\u00e5 kallade IRIS-optiken med endast 5 graders spridning per diod vilket ger en l\u00e4ngre r\u00e4ckvidd p\u00e5 ljuset. Den som \u00f6nskar lysa l\u00e5ngt utan s\u00e5 kallat &#8220;spill ljus&#8221; \u00e4r XPR rampen det perfekta valet. H\u00f6geffektiva 10W dioder av senaste generation ser till att XPR levererar ett ordentlig ljus med en otrolig styrka som inte g\u00f6r den mest kr\u00e4sne besviken. XPR har tv\u00e5 olika monteringsf\u00e4sten med i kartongen som till\u00e5ter montering av rampen i respektive \u00e4nde alternativt det mer traditionella f\u00e4stet med s\u00e5 kallade l\u00f6p-skenor i botten p\u00e5 rampen. XPR monteras med f\u00f6rdel p\u00e5 b\u00e5de personbilar och lastbilar med ett v\u00e4ldigt konkurrenskraftigt pris i f\u00f6rh\u00e5llande till ljusl\u00e4ngd och ljusstyrka. XPR levereras naturligtvis med n\u00e4st intill okrossbar polykarbonat lins, h\u00f6g IP klassning och vibrationst\u00e5lighet samt l\u00e5g str\u00f6mf\u00f6rbrukning i f\u00f6rh\u00e5llande till effekten. Vision X unika 5.5 \u00e5rs funktionsgaranti g\u00e4ller naturligtvis \u00e4ven XPR och ger dig som kund en s\u00e4ker investering som lyser i m\u00e5nga \u00e5r. Data:Lamphus: Robust aluminiumSp\u00e4nning: 11-32VStr\u00f6mf\u00f6rbrukning: 2.5 Amp vid 12VIP-klass: IP68Vibrationsklass: 15.6GArbetstemperatur: -40\u00b0C &#8211; +80\u00b0CH\u00f6jd: 70mm (utan f\u00e4ste)Djup: 80mmBredd: 155mmWatt: 30LED: 3R\u00e5a lumen: 3 237Effektiva lumen: 2 266Lins: PolykarbonatLjusbild: 5\u00b0 Spot","og_url":"https:\/\/www.visionxeurope.com\/se\/webbutik\/vision-x-xpr-3-led-ramp-6-30w-e-markt-spot\/","og_site_name":"Vision X Europe","article_publisher":"https:\/\/www.facebook.com\/visionxeurope","article_modified_time":"2026-03-12T14:12:25+00:00","og_image":[{"width":450,"height":450,"url":"https:\/\/www.rindab.se\/wp-content\/uploads\/sites\/7\/2022\/04\/XPR-3.jpg","type":"image\/jpeg"}],"twitter_card":"summary_large_image","twitter_misc":{"Pris":"2 636,00&nbsp;&#107;&#114; exkl. moms","Tillg\u00e4nglig":"I lager"},"schema":{"@context":"https:\/\/schema.org","@graph":[{"@type":"WebPage","@id":"https:\/\/www.visionxeurope.com\/se\/webbutik\/vision-x-xpr-3-led-ramp-6-30w-e-markt-spot\/","url":"https:\/\/www.visionxeurope.com\/se\/webbutik\/vision-x-xpr-3-led-ramp-6-30w-e-markt-spot\/","name":"VISION X XPR-3 LED RAMP 6\" 30W E-M\u00c4RKT SPOT - Vision X Europe","isPartOf":{"@id":"https:\/\/www.visionxeurope.com\/se\/#website"},"primaryImageOfPage":{"@id":"https:\/\/www.visionxeurope.com\/se\/webbutik\/vision-x-xpr-3-led-ramp-6-30w-e-markt-spot\/#primaryimage"},"image":{"@id":"https:\/\/www.visionxeurope.com\/se\/webbutik\/vision-x-xpr-3-led-ramp-6-30w-e-markt-spot\/#primaryimage"},"thumbnailUrl":"https:\/\/www.visionxeurope.com\/se\/wp-content\/uploads\/sites\/7\/2022\/04\/XPR-3.jpg","datePublished":"2015-12-07T10:34:09+00:00","dateModified":"2026-03-12T14:12:25+00:00","breadcrumb":{"@id":"https:\/\/www.visionxeurope.com\/se\/webbutik\/vision-x-xpr-3-led-ramp-6-30w-e-markt-spot\/#breadcrumb"},"inLanguage":"sv-SE","potentialAction":[{"@type":"ReadAction","target":["https:\/\/www.visionxeurope.com\/se\/webbutik\/vision-x-xpr-3-led-ramp-6-30w-e-markt-spot\/"]}]},{"@type":"ImageObject","inLanguage":"sv-SE","@id":"https:\/\/www.visionxeurope.com\/se\/webbutik\/vision-x-xpr-3-led-ramp-6-30w-e-markt-spot\/#primaryimage","url":"https:\/\/www.visionxeurope.com\/se\/wp-content\/uploads\/sites\/7\/2022\/04\/XPR-3.jpg","contentUrl":"https:\/\/www.visionxeurope.com\/se\/wp-content\/uploads\/sites\/7\/2022\/04\/XPR-3.jpg","width":450,"height":450},{"@type":"BreadcrumbList","@id":"https:\/\/www.visionxeurope.com\/se\/webbutik\/vision-x-xpr-3-led-ramp-6-30w-e-markt-spot\/#breadcrumb","itemListElement":[{"@type":"ListItem","position":1,"name":"Hem","item":"https:\/\/www.visionxeurope.com\/se\/"},{"@type":"ListItem","position":2,"name":"Webbutik","item":"https:\/\/www.visionxeurope.com\/se\/webbutik\/"},{"@type":"ListItem","position":3,"name":"VISION X XPR-3 LED RAMP 6&#8243; 30W E-M\u00c4RKT SPOT"}]},{"@type":"WebSite","@id":"https:\/\/www.visionxeurope.com\/se\/#website","url":"https:\/\/www.visionxeurope.com\/se\/","name":"Vision X Europe","description":"","publisher":{"@id":"https:\/\/www.visionxeurope.com\/se\/#organization"},"potentialAction":[{"@type":"SearchAction","target":{"@type":"EntryPoint","urlTemplate":"https:\/\/www.visionxeurope.com\/se\/?s={search_term_string}"},"query-input":{"@type":"PropertyValueSpecification","valueRequired":true,"valueName":"search_term_string"}}],"inLanguage":"sv-SE"},{"@type":"Organization","@id":"https:\/\/www.visionxeurope.com\/se\/#organization","name":"Vision X Europe","url":"https:\/\/www.visionxeurope.com\/se\/","logo":{"@type":"ImageObject","inLanguage":"sv-SE","@id":"https:\/\/www.visionxeurope.com\/se\/#\/schema\/logo\/image\/","url":"https:\/\/www.visionxeurope.com\/se\/wp-content\/uploads\/sites\/7\/2021\/04\/visionxeurope.png","contentUrl":"https:\/\/www.visionxeurope.com\/se\/wp-content\/uploads\/sites\/7\/2021\/04\/visionxeurope.png","width":300,"height":110,"caption":"Vision X Europe"},"image":{"@id":"https:\/\/www.visionxeurope.com\/se\/#\/schema\/logo\/image\/"},"sameAs":["https:\/\/www.facebook.com\/visionxeurope","https:\/\/www.instagram.com\/visionxeurope\/"]}]},"product_price_amount":"2636.00","product_price_currency":"SEK","og_availability":"instock","product_availability":"instock","product_retailer_item_id":"XPR-3","product_condition":"new"},"_links":{"self":[{"href":"https:\/\/www.visionxeurope.com\/se\/wp-json\/wp\/v2\/product\/13640","targetHints":{"allow":["GET"]}}],"collection":[{"href":"https:\/\/www.visionxeurope.com\/se\/wp-json\/wp\/v2\/product"}],"about":[{"href":"https:\/\/www.visionxeurope.com\/se\/wp-json\/wp\/v2\/types\/product"}],"replies":[{"embeddable":true,"href":"https:\/\/www.visionxeurope.com\/se\/wp-json\/wp\/v2\/comments?post=13640"}],"wp:featuredmedia":[{"embeddable":true,"href":"https:\/\/www.visionxeurope.com\/se\/wp-json\/wp\/v2\/media\/15531"}],"wp:attachment":[{"href":"https:\/\/www.visionxeurope.com\/se\/wp-json\/wp\/v2\/media?parent=13640"}],"wp:term":[{"taxonomy":"product_brand","embeddable":true,"href":"https:\/\/www.visionxeurope.com\/se\/wp-json\/wp\/v2\/product_brand?post=13640"},{"taxonomy":"product_cat","embeddable":true,"href":"https:\/\/www.visionxeurope.com\/se\/wp-json\/wp\/v2\/product_cat?post=13640"},{"taxonomy":"product_tag","embeddable":true,"href":"https:\/\/www.visionxeurope.com\/se\/wp-json\/wp\/v2\/product_tag?post=13640"}],"curies":[{"name":"wp","href":"https:\/\/api.w.org\/{rel}","templated":true}]}}