{"id":13637,"date":"2015-04-13T10:02:06","date_gmt":"2015-04-13T08:02:06","guid":{"rendered":"https:\/\/www.visionxeurope.com\/se\/produkt\/vision-x-xpr-21m-led-ramp-40-210w-kombi\/"},"modified":"2026-02-23T16:31:17","modified_gmt":"2026-02-23T15:31:17","slug":"vision-x-xpr-21m-led-ramp-40-210w-kombi","status":"publish","type":"product","link":"https:\/\/www.visionxeurope.com\/se\/webbutik\/vision-x-xpr-21m-led-ramp-40-210w-kombi\/","title":{"rendered":"VISION X XPR-21M LED RAMP 40&#8243; 210W KOMBI"},"content":{"rendered":"<p><\/p>\n<p>XPR har den s\u00e5 kallade IRIS-optiken med endast 5 graders spridning per diod vilket ger en l\u00e4ngre r\u00e4ckvidd p\u00e5 ljuset. Den som \u00f6nskar lysa l\u00e5ngt utan s\u00e5 kallat &#8221;spill ljus&#8221; \u00e4r XPR rampen det perfekta valet. Med snedst\u00e4llda (tiltade) dioder i varje \u00e4nde p\u00e5 rampen f\u00e5r man en bredd p\u00e5 ljuset trots endast 5 graders spridning fr\u00e5n respektive diod. H\u00f6geffektiva 10W dioder av senaste generation ser till att XPR levererar ett ordentlig ljus med en otrolig styrka som inte g\u00f6r den mest kr\u00e4sne besviken.<\/p>\n<p><\/p>\n<p><\/p>\n<p>XPR har tv\u00e5 olika monteringsf\u00e4sten med i kartongen som till\u00e5ter montering av rampen i respektive \u00e4nde alternativt det mer traditionella f\u00e4stet med s\u00e5 kallade l\u00f6p-skenor i botten p\u00e5 rampen. XPR monteras med f\u00f6rdel p\u00e5 b\u00e5de personbilar och lastbilar med ett v\u00e4ldigt konkurrenskraftigt pris i f\u00f6rh\u00e5llande till ljusl\u00e4ngd och ljusstyrka.<\/p>\n<p><\/p>\n<p><\/p>\n<p>XPR levereras naturligtvis med n\u00e4st intill okrossbar polykarbonat lins, h\u00f6g IP klassning och vibrationst\u00e5lighet samt l\u00e5g str\u00f6mf\u00f6rbrukning i f\u00f6rh\u00e5llande till effekten. Vision X unika 5.5 \u00e5rs funktionsgaranti g\u00e4ller naturligtvis \u00e4ven XPR och ger dig som kund en s\u00e4ker investering som lyser i m\u00e5nga \u00e5r.<\/p>\n<p><\/p>\n<p><\/p>\n<p><strong>Data:<\/strong><br \/>Lamphus: Robust aluminium<br \/>Sp\u00e4nning: 11-32V<br \/>Str\u00f6mf\u00f6rbrukning: 17.5 Amp vid 12V<br \/>IP-klass: IP68<br \/>Vibrationsklass: 15.6G<br \/>Arbetstemperatur: -40\u00b0C &#8211; +80\u00b0C<br \/>H\u00f6jd: 70mm (utan f\u00e4ste)<br \/>Djup: 80mm<br \/>Bredd: 1 016mm<br \/>Watt: 210<br \/>LED: 21<br \/>R\u00e5a lumen: 22 659<br \/>Effektiva lumen: 15 861<br \/>Lins: Polykarbonat<br \/>Ljusbild: 5\u00b0 Spot (XPR har &#8221;tiltade&#8221; reflektorer som d\u00e4rmed sprider ljuset horisontellt)<\/p>\n<p><\/p>","protected":false},"excerpt":{"rendered":"<p>XPR har den s\u00e5 kallade IRIS-optiken med endast 5 graders spridning per diod vilket ger en l\u00e4ngre r\u00e4ckvidd p\u00e5 ljuset. Den som \u00f6nskar lysa l\u00e5ngt utan s\u00e5 kallat &#8220;spill ljus&#8221; \u00e4r XPR rampen det perfekta valet. Med snedst\u00e4llda (tiltade) dioder i varje \u00e4nde p\u00e5 rampen f\u00e5r man en bredd p\u00e5 ljuset trots endast 5 graders spridning fr\u00e5n respektive diod. H\u00f6geffektiva 10W dioder av senaste generation ser till att XPR levererar ett ordentlig ljus med en otrolig styrka som inte g\u00f6r den mest kr\u00e4sne besviken.<\/p>\n<p>XPR har tv\u00e5 olika monteringsf\u00e4sten med i kartongen som till\u00e5ter montering av rampen i respektive \u00e4nde alternativt det mer traditionella f\u00e4stet med s\u00e5 kallade l\u00f6p-skenor i botten p\u00e5 rampen. XPR monteras med f\u00f6rdel p\u00e5 b\u00e5de personbilar och lastbilar med ett v\u00e4ldigt konkurrenskraftigt pris i f\u00f6rh\u00e5llande till ljusl\u00e4ngd och ljusstyrka.<\/p>\n<p>XPR levereras naturligtvis med n\u00e4st intill okrossbar polykarbonat lins, h\u00f6g IP klassning och vibrationst\u00e5lighet samt l\u00e5g str\u00f6mf\u00f6rbrukning i f\u00f6rh\u00e5llande till effekten. Vision X unika 5.5 \u00e5rs funktionsgaranti g\u00e4ller naturligtvis \u00e4ven XPR och ger dig som kund en s\u00e4ker investering som lyser i m\u00e5nga \u00e5r.<\/p>\n<p><strong>Data:<\/strong><br \/>Lamphus: Robust aluminium<br \/>Sp\u00e4nning: 11-32V<br \/>Str\u00f6mf\u00f6rbrukning: 17.5 Amp vid 12V<br \/>IP-klass: IP68<br \/>Vibrationsklass: 15.6G<br \/>Arbetstemperatur: -40\u00b0C &#8211; +80\u00b0C<br \/>H\u00f6jd: 70mm (utan f\u00e4ste)<br \/>Djup: 80mm<br \/>Bredd: 1 016mm<br \/>Watt: 210<br \/>LED: 21<br \/>R\u00e5a lumen: 22 659<br \/>Effektiva lumen: 15 861<br \/>Lins: Polykarbonat<br \/>Ljusbild: 5\u00b0 Spot (XPR har &#8220;tiltade&#8221; reflektorer som d\u00e4rmed sprider ljuset horisontellt)<\/p>\n","protected":false},"featured_media":15510,"comment_status":"open","ping_status":"open","template":"","meta":{"editor_notices":[]},"product_brand":[],"product_cat":[92],"product_tag":[],"class_list":{"0":"post-13637","1":"product","2":"type-product","3":"status-publish","4":"has-post-thumbnail","6":"product_cat-xpr-m","7":"resize-featured-image","8":"","9":"woocommerce-text-align-left","10":"woocommerce-image-align-center","12":"first","13":"instock","14":"taxable","15":"shipping-taxable","16":"product-type-simple"},"yoast_head":"<!-- This site is optimized with the Yoast SEO Premium plugin v25.0 (Yoast SEO v25.0) - https:\/\/yoast.com\/wordpress\/plugins\/seo\/ -->\n<title>VISION X XPR-21M LED RAMP 40&quot; 210W KOMBI - Vision X Europe<\/title>\n<meta name=\"robots\" content=\"index, follow, max-snippet:-1, max-image-preview:large, max-video-preview:-1\" \/>\n<link rel=\"canonical\" href=\"https:\/\/www.visionxeurope.com\/se\/webbutik\/vision-x-xpr-21m-led-ramp-40-210w-kombi\/\" \/>\n<meta property=\"og:locale\" content=\"sv_SE\" \/>\n<meta property=\"og:type\" content=\"article\" \/>\n<meta property=\"og:title\" content=\"VISION X XPR-21M LED RAMP 40&quot; 210W KOMBI\" \/>\n<meta property=\"og:description\" content=\"XPR har den s\u00e5 kallade IRIS-optiken med endast 5 graders spridning per diod vilket ger en l\u00e4ngre r\u00e4ckvidd p\u00e5 ljuset. Den som \u00f6nskar lysa l\u00e5ngt utan s\u00e5 kallat &#8220;spill ljus&#8221; \u00e4r XPR rampen det perfekta valet. Med snedst\u00e4llda (tiltade) dioder i varje \u00e4nde p\u00e5 rampen f\u00e5r man en bredd p\u00e5 ljuset trots endast 5 graders spridning fr\u00e5n respektive diod. H\u00f6geffektiva 10W dioder av senaste generation ser till att XPR levererar ett ordentlig ljus med en otrolig styrka som inte g\u00f6r den mest kr\u00e4sne besviken. XPR har tv\u00e5 olika monteringsf\u00e4sten med i kartongen som till\u00e5ter montering av rampen i respektive \u00e4nde alternativt det mer traditionella f\u00e4stet med s\u00e5 kallade l\u00f6p-skenor i botten p\u00e5 rampen. XPR monteras med f\u00f6rdel p\u00e5 b\u00e5de personbilar och lastbilar med ett v\u00e4ldigt konkurrenskraftigt pris i f\u00f6rh\u00e5llande till ljusl\u00e4ngd och ljusstyrka. XPR levereras naturligtvis med n\u00e4st intill okrossbar polykarbonat lins, h\u00f6g IP klassning och vibrationst\u00e5lighet samt l\u00e5g str\u00f6mf\u00f6rbrukning i f\u00f6rh\u00e5llande till effekten. Vision X unika 5.5 \u00e5rs funktionsgaranti g\u00e4ller naturligtvis \u00e4ven XPR och ger dig som kund en s\u00e4ker investering som lyser i m\u00e5nga \u00e5r. Data:Lamphus: Robust aluminiumSp\u00e4nning: 11-32VStr\u00f6mf\u00f6rbrukning: 17.5 Amp vid 12VIP-klass: IP68Vibrationsklass: 15.6GArbetstemperatur: -40\u00b0C &#8211; +80\u00b0CH\u00f6jd: 70mm (utan f\u00e4ste)Djup: 80mmBredd: 1 016mmWatt: 210LED: 21R\u00e5a lumen: 22 659Effektiva lumen: 15 861Lins: PolykarbonatLjusbild: 5\u00b0 Spot (XPR har &#8220;tiltade&#8221; reflektorer som d\u00e4rmed sprider ljuset horisontellt)\" \/>\n<meta property=\"og:url\" content=\"https:\/\/www.visionxeurope.com\/se\/webbutik\/vision-x-xpr-21m-led-ramp-40-210w-kombi\/\" \/>\n<meta property=\"og:site_name\" content=\"Vision X Europe\" \/>\n<meta property=\"article:publisher\" content=\"https:\/\/www.facebook.com\/visionxeurope\" \/>\n<meta property=\"article:modified_time\" content=\"2026-02-23T15:31:17+00:00\" \/>\n<meta property=\"og:image\" content=\"https:\/\/www.rindab.se\/wp-content\/uploads\/sites\/7\/2022\/04\/XPR-21M.jpg\" \/>\n\t<meta property=\"og:image:width\" content=\"450\" \/>\n\t<meta property=\"og:image:height\" content=\"450\" \/>\n\t<meta property=\"og:image:type\" content=\"image\/jpeg\" \/>\n<meta name=\"twitter:card\" content=\"summary_large_image\" \/>\n<meta name=\"twitter:label1\" content=\"Pris\" \/>\n\t<meta name=\"twitter:data1\" content=\"9 836,00&nbsp;&#107;&#114; exkl. moms\" \/>\n\t<meta name=\"twitter:label2\" content=\"Tillg\u00e4nglig\" \/>\n\t<meta name=\"twitter:data2\" content=\"I lager\" \/>\n<script type=\"application\/ld+json\" class=\"yoast-schema-graph\">{\"@context\":\"https:\/\/schema.org\",\"@graph\":[{\"@type\":\"WebPage\",\"@id\":\"https:\/\/www.visionxeurope.com\/se\/webbutik\/vision-x-xpr-21m-led-ramp-40-210w-kombi\/\",\"url\":\"https:\/\/www.visionxeurope.com\/se\/webbutik\/vision-x-xpr-21m-led-ramp-40-210w-kombi\/\",\"name\":\"VISION X XPR-21M LED RAMP 40\\\" 210W KOMBI - Vision X Europe\",\"isPartOf\":{\"@id\":\"https:\/\/www.visionxeurope.com\/se\/#website\"},\"primaryImageOfPage\":{\"@id\":\"https:\/\/www.visionxeurope.com\/se\/webbutik\/vision-x-xpr-21m-led-ramp-40-210w-kombi\/#primaryimage\"},\"image\":{\"@id\":\"https:\/\/www.visionxeurope.com\/se\/webbutik\/vision-x-xpr-21m-led-ramp-40-210w-kombi\/#primaryimage\"},\"thumbnailUrl\":\"https:\/\/www.visionxeurope.com\/se\/wp-content\/uploads\/sites\/7\/2022\/04\/XPR-21M.jpg\",\"datePublished\":\"2015-04-13T08:02:06+00:00\",\"dateModified\":\"2026-02-23T15:31:17+00:00\",\"breadcrumb\":{\"@id\":\"https:\/\/www.visionxeurope.com\/se\/webbutik\/vision-x-xpr-21m-led-ramp-40-210w-kombi\/#breadcrumb\"},\"inLanguage\":\"sv-SE\",\"potentialAction\":[{\"@type\":\"ReadAction\",\"target\":[\"https:\/\/www.visionxeurope.com\/se\/webbutik\/vision-x-xpr-21m-led-ramp-40-210w-kombi\/\"]}]},{\"@type\":\"ImageObject\",\"inLanguage\":\"sv-SE\",\"@id\":\"https:\/\/www.visionxeurope.com\/se\/webbutik\/vision-x-xpr-21m-led-ramp-40-210w-kombi\/#primaryimage\",\"url\":\"https:\/\/www.visionxeurope.com\/se\/wp-content\/uploads\/sites\/7\/2022\/04\/XPR-21M.jpg\",\"contentUrl\":\"https:\/\/www.visionxeurope.com\/se\/wp-content\/uploads\/sites\/7\/2022\/04\/XPR-21M.jpg\",\"width\":450,\"height\":450},{\"@type\":\"BreadcrumbList\",\"@id\":\"https:\/\/www.visionxeurope.com\/se\/webbutik\/vision-x-xpr-21m-led-ramp-40-210w-kombi\/#breadcrumb\",\"itemListElement\":[{\"@type\":\"ListItem\",\"position\":1,\"name\":\"Hem\",\"item\":\"https:\/\/www.visionxeurope.com\/se\/\"},{\"@type\":\"ListItem\",\"position\":2,\"name\":\"Webbutik\",\"item\":\"https:\/\/www.visionxeurope.com\/se\/webbutik\/\"},{\"@type\":\"ListItem\",\"position\":3,\"name\":\"VISION X XPR-21M LED RAMP 40&#8243; 210W KOMBI\"}]},{\"@type\":\"WebSite\",\"@id\":\"https:\/\/www.visionxeurope.com\/se\/#website\",\"url\":\"https:\/\/www.visionxeurope.com\/se\/\",\"name\":\"Vision X Europe\",\"description\":\"\",\"publisher\":{\"@id\":\"https:\/\/www.visionxeurope.com\/se\/#organization\"},\"potentialAction\":[{\"@type\":\"SearchAction\",\"target\":{\"@type\":\"EntryPoint\",\"urlTemplate\":\"https:\/\/www.visionxeurope.com\/se\/?s={search_term_string}\"},\"query-input\":{\"@type\":\"PropertyValueSpecification\",\"valueRequired\":true,\"valueName\":\"search_term_string\"}}],\"inLanguage\":\"sv-SE\"},{\"@type\":\"Organization\",\"@id\":\"https:\/\/www.visionxeurope.com\/se\/#organization\",\"name\":\"Vision X Europe\",\"url\":\"https:\/\/www.visionxeurope.com\/se\/\",\"logo\":{\"@type\":\"ImageObject\",\"inLanguage\":\"sv-SE\",\"@id\":\"https:\/\/www.visionxeurope.com\/se\/#\/schema\/logo\/image\/\",\"url\":\"https:\/\/www.visionxeurope.com\/se\/wp-content\/uploads\/sites\/7\/2021\/04\/visionxeurope.png\",\"contentUrl\":\"https:\/\/www.visionxeurope.com\/se\/wp-content\/uploads\/sites\/7\/2021\/04\/visionxeurope.png\",\"width\":300,\"height\":110,\"caption\":\"Vision X Europe\"},\"image\":{\"@id\":\"https:\/\/www.visionxeurope.com\/se\/#\/schema\/logo\/image\/\"},\"sameAs\":[\"https:\/\/www.facebook.com\/visionxeurope\",\"https:\/\/www.instagram.com\/visionxeurope\/\"]}]}<\/script>\n<meta property=\"product:price:amount\" content=\"9836.00\" \/>\n<meta property=\"product:price:currency\" content=\"SEK\" \/>\n<meta property=\"og:availability\" content=\"instock\" \/>\n<meta property=\"product:availability\" content=\"instock\" \/>\n<meta property=\"product:retailer_item_id\" content=\"XPR-21M\" \/>\n<meta property=\"product:condition\" content=\"new\" \/>\n<!-- \/ Yoast SEO Premium plugin. -->","yoast_head_json":{"title":"VISION X XPR-21M LED RAMP 40\" 210W KOMBI - Vision X Europe","robots":{"index":"index","follow":"follow","max-snippet":"max-snippet:-1","max-image-preview":"max-image-preview:large","max-video-preview":"max-video-preview:-1"},"canonical":"https:\/\/www.visionxeurope.com\/se\/webbutik\/vision-x-xpr-21m-led-ramp-40-210w-kombi\/","og_locale":"sv_SE","og_type":"article","og_title":"VISION X XPR-21M LED RAMP 40\" 210W KOMBI","og_description":"XPR har den s\u00e5 kallade IRIS-optiken med endast 5 graders spridning per diod vilket ger en l\u00e4ngre r\u00e4ckvidd p\u00e5 ljuset. Den som \u00f6nskar lysa l\u00e5ngt utan s\u00e5 kallat &#8220;spill ljus&#8221; \u00e4r XPR rampen det perfekta valet. Med snedst\u00e4llda (tiltade) dioder i varje \u00e4nde p\u00e5 rampen f\u00e5r man en bredd p\u00e5 ljuset trots endast 5 graders spridning fr\u00e5n respektive diod. H\u00f6geffektiva 10W dioder av senaste generation ser till att XPR levererar ett ordentlig ljus med en otrolig styrka som inte g\u00f6r den mest kr\u00e4sne besviken. XPR har tv\u00e5 olika monteringsf\u00e4sten med i kartongen som till\u00e5ter montering av rampen i respektive \u00e4nde alternativt det mer traditionella f\u00e4stet med s\u00e5 kallade l\u00f6p-skenor i botten p\u00e5 rampen. XPR monteras med f\u00f6rdel p\u00e5 b\u00e5de personbilar och lastbilar med ett v\u00e4ldigt konkurrenskraftigt pris i f\u00f6rh\u00e5llande till ljusl\u00e4ngd och ljusstyrka. XPR levereras naturligtvis med n\u00e4st intill okrossbar polykarbonat lins, h\u00f6g IP klassning och vibrationst\u00e5lighet samt l\u00e5g str\u00f6mf\u00f6rbrukning i f\u00f6rh\u00e5llande till effekten. Vision X unika 5.5 \u00e5rs funktionsgaranti g\u00e4ller naturligtvis \u00e4ven XPR och ger dig som kund en s\u00e4ker investering som lyser i m\u00e5nga \u00e5r. Data:Lamphus: Robust aluminiumSp\u00e4nning: 11-32VStr\u00f6mf\u00f6rbrukning: 17.5 Amp vid 12VIP-klass: IP68Vibrationsklass: 15.6GArbetstemperatur: -40\u00b0C &#8211; +80\u00b0CH\u00f6jd: 70mm (utan f\u00e4ste)Djup: 80mmBredd: 1 016mmWatt: 210LED: 21R\u00e5a lumen: 22 659Effektiva lumen: 15 861Lins: PolykarbonatLjusbild: 5\u00b0 Spot (XPR har &#8220;tiltade&#8221; reflektorer som d\u00e4rmed sprider ljuset horisontellt)","og_url":"https:\/\/www.visionxeurope.com\/se\/webbutik\/vision-x-xpr-21m-led-ramp-40-210w-kombi\/","og_site_name":"Vision X Europe","article_publisher":"https:\/\/www.facebook.com\/visionxeurope","article_modified_time":"2026-02-23T15:31:17+00:00","og_image":[{"width":450,"height":450,"url":"https:\/\/www.rindab.se\/wp-content\/uploads\/sites\/7\/2022\/04\/XPR-21M.jpg","type":"image\/jpeg"}],"twitter_card":"summary_large_image","twitter_misc":{"Pris":"9 836,00&nbsp;&#107;&#114; exkl. moms","Tillg\u00e4nglig":"I lager"},"schema":{"@context":"https:\/\/schema.org","@graph":[{"@type":"WebPage","@id":"https:\/\/www.visionxeurope.com\/se\/webbutik\/vision-x-xpr-21m-led-ramp-40-210w-kombi\/","url":"https:\/\/www.visionxeurope.com\/se\/webbutik\/vision-x-xpr-21m-led-ramp-40-210w-kombi\/","name":"VISION X XPR-21M LED RAMP 40\" 210W KOMBI - Vision X Europe","isPartOf":{"@id":"https:\/\/www.visionxeurope.com\/se\/#website"},"primaryImageOfPage":{"@id":"https:\/\/www.visionxeurope.com\/se\/webbutik\/vision-x-xpr-21m-led-ramp-40-210w-kombi\/#primaryimage"},"image":{"@id":"https:\/\/www.visionxeurope.com\/se\/webbutik\/vision-x-xpr-21m-led-ramp-40-210w-kombi\/#primaryimage"},"thumbnailUrl":"https:\/\/www.visionxeurope.com\/se\/wp-content\/uploads\/sites\/7\/2022\/04\/XPR-21M.jpg","datePublished":"2015-04-13T08:02:06+00:00","dateModified":"2026-02-23T15:31:17+00:00","breadcrumb":{"@id":"https:\/\/www.visionxeurope.com\/se\/webbutik\/vision-x-xpr-21m-led-ramp-40-210w-kombi\/#breadcrumb"},"inLanguage":"sv-SE","potentialAction":[{"@type":"ReadAction","target":["https:\/\/www.visionxeurope.com\/se\/webbutik\/vision-x-xpr-21m-led-ramp-40-210w-kombi\/"]}]},{"@type":"ImageObject","inLanguage":"sv-SE","@id":"https:\/\/www.visionxeurope.com\/se\/webbutik\/vision-x-xpr-21m-led-ramp-40-210w-kombi\/#primaryimage","url":"https:\/\/www.visionxeurope.com\/se\/wp-content\/uploads\/sites\/7\/2022\/04\/XPR-21M.jpg","contentUrl":"https:\/\/www.visionxeurope.com\/se\/wp-content\/uploads\/sites\/7\/2022\/04\/XPR-21M.jpg","width":450,"height":450},{"@type":"BreadcrumbList","@id":"https:\/\/www.visionxeurope.com\/se\/webbutik\/vision-x-xpr-21m-led-ramp-40-210w-kombi\/#breadcrumb","itemListElement":[{"@type":"ListItem","position":1,"name":"Hem","item":"https:\/\/www.visionxeurope.com\/se\/"},{"@type":"ListItem","position":2,"name":"Webbutik","item":"https:\/\/www.visionxeurope.com\/se\/webbutik\/"},{"@type":"ListItem","position":3,"name":"VISION X XPR-21M LED RAMP 40&#8243; 210W KOMBI"}]},{"@type":"WebSite","@id":"https:\/\/www.visionxeurope.com\/se\/#website","url":"https:\/\/www.visionxeurope.com\/se\/","name":"Vision X Europe","description":"","publisher":{"@id":"https:\/\/www.visionxeurope.com\/se\/#organization"},"potentialAction":[{"@type":"SearchAction","target":{"@type":"EntryPoint","urlTemplate":"https:\/\/www.visionxeurope.com\/se\/?s={search_term_string}"},"query-input":{"@type":"PropertyValueSpecification","valueRequired":true,"valueName":"search_term_string"}}],"inLanguage":"sv-SE"},{"@type":"Organization","@id":"https:\/\/www.visionxeurope.com\/se\/#organization","name":"Vision X Europe","url":"https:\/\/www.visionxeurope.com\/se\/","logo":{"@type":"ImageObject","inLanguage":"sv-SE","@id":"https:\/\/www.visionxeurope.com\/se\/#\/schema\/logo\/image\/","url":"https:\/\/www.visionxeurope.com\/se\/wp-content\/uploads\/sites\/7\/2021\/04\/visionxeurope.png","contentUrl":"https:\/\/www.visionxeurope.com\/se\/wp-content\/uploads\/sites\/7\/2021\/04\/visionxeurope.png","width":300,"height":110,"caption":"Vision X Europe"},"image":{"@id":"https:\/\/www.visionxeurope.com\/se\/#\/schema\/logo\/image\/"},"sameAs":["https:\/\/www.facebook.com\/visionxeurope","https:\/\/www.instagram.com\/visionxeurope\/"]}]},"product_price_amount":"9836.00","product_price_currency":"SEK","og_availability":"instock","product_availability":"instock","product_retailer_item_id":"XPR-21M","product_condition":"new"},"_links":{"self":[{"href":"https:\/\/www.visionxeurope.com\/se\/wp-json\/wp\/v2\/product\/13637","targetHints":{"allow":["GET"]}}],"collection":[{"href":"https:\/\/www.visionxeurope.com\/se\/wp-json\/wp\/v2\/product"}],"about":[{"href":"https:\/\/www.visionxeurope.com\/se\/wp-json\/wp\/v2\/types\/product"}],"replies":[{"embeddable":true,"href":"https:\/\/www.visionxeurope.com\/se\/wp-json\/wp\/v2\/comments?post=13637"}],"wp:featuredmedia":[{"embeddable":true,"href":"https:\/\/www.visionxeurope.com\/se\/wp-json\/wp\/v2\/media\/15510"}],"wp:attachment":[{"href":"https:\/\/www.visionxeurope.com\/se\/wp-json\/wp\/v2\/media?parent=13637"}],"wp:term":[{"taxonomy":"product_brand","embeddable":true,"href":"https:\/\/www.visionxeurope.com\/se\/wp-json\/wp\/v2\/product_brand?post=13637"},{"taxonomy":"product_cat","embeddable":true,"href":"https:\/\/www.visionxeurope.com\/se\/wp-json\/wp\/v2\/product_cat?post=13637"},{"taxonomy":"product_tag","embeddable":true,"href":"https:\/\/www.visionxeurope.com\/se\/wp-json\/wp\/v2\/product_tag?post=13637"}],"curies":[{"name":"wp","href":"https:\/\/api.w.org\/{rel}","templated":true}]}}