{"id":13622,"date":"2018-11-08T11:44:02","date_gmt":"2018-11-08T10:44:02","guid":{"rendered":"https:\/\/www.visionxeurope.com\/se\/produkt\/vision-x-xpl-halo-32-120w\/"},"modified":"2026-03-10T14:13:45","modified_gmt":"2026-03-10T13:13:45","slug":"vision-x-xpl-halo-32-120w","status":"publish","type":"product","link":"https:\/\/www.visionxeurope.com\/se\/webbutik\/vision-x-xpl-halo-32-120w\/","title":{"rendered":"VISION X XPL HALO 32&#8243; 120W"},"content":{"rendered":"<p><\/p>\n<p>Vision X XPL Halo, en slimmad LED-ramp f\u00f6r extra diskret montage p\u00e5 moderna fordon d\u00e4r mycket ljus \u00f6nskas utan att ta f\u00f6r mycket plats. XPL Halo har en enkel rad med samma kraftfulla 5 watts CREE dioder som PX rampen har, samt en snyggt lysande halo-effekt runt reflektorerna.<\/p>\n<p><\/p>\n<p><\/p>\n<p><strong>Egenskaper:<\/strong><br \/>5.5 \u00e5rs funktionsgaranti.<br \/>Robust aluminiumhus med kompositgavlar.<br \/>Stenskotts\u00e4kert polykarbonatlins.<br \/>Fukts\u00e4ker tryckreglerande membranventil.<br \/>Extra robust konstruktion \u2013 t\u00e5l vibrationer upp till 15.6 Grms.<br \/>Inbyggt EMC filter (CISPR 25) \u2013 st\u00f6r ej bilens elektroniska system.<br \/>Aktiv temperaturkontroll med Prime Drive och ETM.<br \/>CE godk\u00e4nd, RoHS certifierad.<br \/>Kapslingsklass IP68\/IP69K.<br \/>F\u00e4rgtemperatur 6000 Kelvin.<br \/>Temperaturtestad att den fungerar -40\u00b0C \u2013 +80\u00b0C.<br \/>Rel\u00e4kablage ing\u00e5r.<br \/>Beslag f\u00f6r botten\/toppmontering ing\u00e5r.<br \/>F\u00f6r sidomontering, k\u00f6p sidomonteringskit XPL-LEM.<br \/>Halo-effekt kopplad med egen kabel.<\/p>\n<p><\/p>\n<p><\/p>\n<p><strong>Data:<\/strong><br \/>Sp\u00e4nning: 9-32V<br \/>Ljusbild: 10\u00b0 Spot<br \/>H\u00f6jd: 52 mm<br \/>Djup: 61 mm<br \/>Bredd:&nbsp;815 mm<br \/>Vikt:&nbsp;2.1 kg<br \/>LED:&nbsp;24 x 5W<br \/>Effekt:&nbsp;120 W<br \/>Str\u00f6mf\u00f6rbrukning @12V:&nbsp;10 A<br \/>R\u00e5a lumen:&nbsp;12840<br \/>Effektiva lumen:&nbsp;8988<br \/>R\u00e4ckvidd @1Lux:&nbsp;550 m<\/p>\n<p><\/p>","protected":false},"excerpt":{"rendered":"<p>Vision X XPL Halo, en slimmad LED-ramp f\u00f6r extra diskret montage p\u00e5 moderna fordon d\u00e4r mycket ljus \u00f6nskas utan att ta f\u00f6r mycket plats. XPL Halo har en enkel rad med samma kraftfulla 5 watts CREE dioder som PX rampen har, samt en snyggt lysande halo-effekt runt reflektorerna.<\/p>\n<p><strong>Egenskaper:<\/strong><br \/>5.5 \u00e5rs funktionsgaranti.<br \/>Robust aluminiumhus med kompositgavlar.<br \/>Stenskotts\u00e4kert polykarbonatlins.<br \/>Fukts\u00e4ker tryckreglerande membranventil.<br \/>Extra robust konstruktion \u2013 t\u00e5l vibrationer upp till 15.6 Grms.<br \/>Inbyggt EMC filter (CISPR 25) \u2013 st\u00f6r ej bilens elektroniska system.<br \/>Aktiv temperaturkontroll med Prime Drive och ETM.<br \/>CE godk\u00e4nd, RoHS certifierad.<br \/>Kapslingsklass IP68\/IP69K.<br \/>F\u00e4rgtemperatur 6000 Kelvin.<br \/>Temperaturtestad att den fungerar -40\u00b0C \u2013 +80\u00b0C.<br \/>Rel\u00e4kablage ing\u00e5r.<br \/>Beslag f\u00f6r botten\/toppmontering ing\u00e5r.<br \/>F\u00f6r sidomontering, k\u00f6p sidomonteringskit XPL-LEM.<br \/>Halo-effekt kopplad med egen kabel.<\/p>\n<p><strong>Data:<\/strong><br \/>Sp\u00e4nning: 9-32V<br \/>Ljusbild: 10\u00b0 Spot<br \/>H\u00f6jd: 52 mm<br \/>Djup: 61 mm<br \/>Bredd:&nbsp;815 mm<br \/>Vikt:&nbsp;2.1 kg<br \/>LED:&nbsp;24 x 5W<br \/>Effekt:&nbsp;120 W<br \/>Str\u00f6mf\u00f6rbrukning @12V:&nbsp;10 A<br \/>R\u00e5a lumen:&nbsp;12840<br \/>Effektiva lumen:&nbsp;8988<br \/>R\u00e4ckvidd @1Lux:&nbsp;550 m<\/p>\n","protected":false},"featured_media":8535,"comment_status":"closed","ping_status":"open","template":"","meta":{"editor_notices":[]},"product_brand":[],"product_cat":[91],"product_tag":[],"class_list":{"0":"post-13622","1":"product","2":"type-product","3":"status-publish","4":"has-post-thumbnail","6":"product_cat-xpl-halo","7":"resize-featured-image","8":"","9":"woocommerce-text-align-left","10":"woocommerce-image-align-center","12":"first","13":"instock","14":"taxable","15":"shipping-taxable","16":"product-type-simple"},"yoast_head":"<!-- This site is optimized with the Yoast SEO Premium plugin v25.0 (Yoast SEO v25.0) - https:\/\/yoast.com\/wordpress\/plugins\/seo\/ -->\n<title>VISION X XPL HALO 32&quot; 120W - Vision X Europe<\/title>\n<meta name=\"robots\" content=\"index, follow, max-snippet:-1, max-image-preview:large, max-video-preview:-1\" \/>\n<link rel=\"canonical\" href=\"https:\/\/www.visionxeurope.com\/se\/webbutik\/vision-x-xpl-halo-32-120w\/\" \/>\n<meta property=\"og:locale\" content=\"sv_SE\" \/>\n<meta property=\"og:type\" content=\"article\" \/>\n<meta property=\"og:title\" content=\"VISION X XPL HALO 32&quot; 120W\" \/>\n<meta property=\"og:description\" content=\"Vision X XPL Halo, en slimmad LED-ramp f\u00f6r extra diskret montage p\u00e5 moderna fordon d\u00e4r mycket ljus \u00f6nskas utan att ta f\u00f6r mycket plats. XPL Halo har en enkel rad med samma kraftfulla 5 watts CREE dioder som PX rampen har, samt en snyggt lysande halo-effekt runt reflektorerna. Egenskaper:5.5 \u00e5rs funktionsgaranti.Robust aluminiumhus med kompositgavlar.Stenskotts\u00e4kert polykarbonatlins.Fukts\u00e4ker tryckreglerande membranventil.Extra robust konstruktion \u2013 t\u00e5l vibrationer upp till 15.6 Grms.Inbyggt EMC filter (CISPR 25) \u2013 st\u00f6r ej bilens elektroniska system.Aktiv temperaturkontroll med Prime Drive och ETM.CE godk\u00e4nd, RoHS certifierad.Kapslingsklass IP68\/IP69K.F\u00e4rgtemperatur 6000 Kelvin.Temperaturtestad att den fungerar -40\u00b0C \u2013 +80\u00b0C.Rel\u00e4kablage ing\u00e5r.Beslag f\u00f6r botten\/toppmontering ing\u00e5r.F\u00f6r sidomontering, k\u00f6p sidomonteringskit XPL-LEM.Halo-effekt kopplad med egen kabel. Data:Sp\u00e4nning: 9-32VLjusbild: 10\u00b0 SpotH\u00f6jd: 52 mmDjup: 61 mmBredd:&nbsp;815 mmVikt:&nbsp;2.1 kgLED:&nbsp;24 x 5WEffekt:&nbsp;120 WStr\u00f6mf\u00f6rbrukning @12V:&nbsp;10 AR\u00e5a lumen:&nbsp;12840Effektiva lumen:&nbsp;8988R\u00e4ckvidd @1Lux:&nbsp;550 m\" \/>\n<meta property=\"og:url\" content=\"https:\/\/www.visionxeurope.com\/se\/webbutik\/vision-x-xpl-halo-32-120w\/\" \/>\n<meta property=\"og:site_name\" content=\"Vision X Europe\" \/>\n<meta property=\"article:publisher\" content=\"https:\/\/www.facebook.com\/visionxeurope\" \/>\n<meta property=\"article:modified_time\" content=\"2026-03-10T13:13:45+00:00\" \/>\n<meta property=\"og:image\" content=\"https:\/\/www.visionxeurope.com\/se\/wp-content\/uploads\/sites\/7\/2021\/05\/XPL-H24H.jpg\" \/>\n\t<meta property=\"og:image:width\" content=\"450\" \/>\n\t<meta property=\"og:image:height\" content=\"450\" \/>\n\t<meta property=\"og:image:type\" content=\"image\/jpeg\" \/>\n<meta name=\"twitter:card\" content=\"summary_large_image\" \/>\n<meta name=\"twitter:label1\" content=\"Pris\" \/>\n\t<meta name=\"twitter:data1\" content=\"6 076,00&nbsp;&#107;&#114; exkl. moms\" \/>\n\t<meta name=\"twitter:label2\" content=\"Tillg\u00e4nglig\" \/>\n\t<meta name=\"twitter:data2\" content=\"I lager\" \/>\n<script type=\"application\/ld+json\" class=\"yoast-schema-graph\">{\"@context\":\"https:\/\/schema.org\",\"@graph\":[{\"@type\":\"WebPage\",\"@id\":\"https:\/\/www.visionxeurope.com\/se\/webbutik\/vision-x-xpl-halo-32-120w\/\",\"url\":\"https:\/\/www.visionxeurope.com\/se\/webbutik\/vision-x-xpl-halo-32-120w\/\",\"name\":\"VISION X XPL HALO 32\\\" 120W - Vision X Europe\",\"isPartOf\":{\"@id\":\"https:\/\/www.visionxeurope.com\/se\/#website\"},\"primaryImageOfPage\":{\"@id\":\"https:\/\/www.visionxeurope.com\/se\/webbutik\/vision-x-xpl-halo-32-120w\/#primaryimage\"},\"image\":{\"@id\":\"https:\/\/www.visionxeurope.com\/se\/webbutik\/vision-x-xpl-halo-32-120w\/#primaryimage\"},\"thumbnailUrl\":\"https:\/\/www.visionxeurope.com\/se\/wp-content\/uploads\/sites\/7\/2021\/05\/XPL-H24H.jpg\",\"datePublished\":\"2018-11-08T10:44:02+00:00\",\"dateModified\":\"2026-03-10T13:13:45+00:00\",\"breadcrumb\":{\"@id\":\"https:\/\/www.visionxeurope.com\/se\/webbutik\/vision-x-xpl-halo-32-120w\/#breadcrumb\"},\"inLanguage\":\"sv-SE\",\"potentialAction\":[{\"@type\":\"ReadAction\",\"target\":[\"https:\/\/www.visionxeurope.com\/se\/webbutik\/vision-x-xpl-halo-32-120w\/\"]}]},{\"@type\":\"ImageObject\",\"inLanguage\":\"sv-SE\",\"@id\":\"https:\/\/www.visionxeurope.com\/se\/webbutik\/vision-x-xpl-halo-32-120w\/#primaryimage\",\"url\":\"https:\/\/www.visionxeurope.com\/se\/wp-content\/uploads\/sites\/7\/2021\/05\/XPL-H24H.jpg\",\"contentUrl\":\"https:\/\/www.visionxeurope.com\/se\/wp-content\/uploads\/sites\/7\/2021\/05\/XPL-H24H.jpg\",\"width\":450,\"height\":450},{\"@type\":\"BreadcrumbList\",\"@id\":\"https:\/\/www.visionxeurope.com\/se\/webbutik\/vision-x-xpl-halo-32-120w\/#breadcrumb\",\"itemListElement\":[{\"@type\":\"ListItem\",\"position\":1,\"name\":\"Hem\",\"item\":\"https:\/\/www.visionxeurope.com\/se\/\"},{\"@type\":\"ListItem\",\"position\":2,\"name\":\"Webbutik\",\"item\":\"https:\/\/www.visionxeurope.com\/se\/webbutik\/\"},{\"@type\":\"ListItem\",\"position\":3,\"name\":\"VISION X XPL HALO 32&#8243; 120W\"}]},{\"@type\":\"WebSite\",\"@id\":\"https:\/\/www.visionxeurope.com\/se\/#website\",\"url\":\"https:\/\/www.visionxeurope.com\/se\/\",\"name\":\"Vision X Europe\",\"description\":\"\",\"publisher\":{\"@id\":\"https:\/\/www.visionxeurope.com\/se\/#organization\"},\"potentialAction\":[{\"@type\":\"SearchAction\",\"target\":{\"@type\":\"EntryPoint\",\"urlTemplate\":\"https:\/\/www.visionxeurope.com\/se\/?s={search_term_string}\"},\"query-input\":{\"@type\":\"PropertyValueSpecification\",\"valueRequired\":true,\"valueName\":\"search_term_string\"}}],\"inLanguage\":\"sv-SE\"},{\"@type\":\"Organization\",\"@id\":\"https:\/\/www.visionxeurope.com\/se\/#organization\",\"name\":\"Vision X Europe\",\"url\":\"https:\/\/www.visionxeurope.com\/se\/\",\"logo\":{\"@type\":\"ImageObject\",\"inLanguage\":\"sv-SE\",\"@id\":\"https:\/\/www.visionxeurope.com\/se\/#\/schema\/logo\/image\/\",\"url\":\"https:\/\/www.visionxeurope.com\/se\/wp-content\/uploads\/sites\/7\/2021\/04\/visionxeurope.png\",\"contentUrl\":\"https:\/\/www.visionxeurope.com\/se\/wp-content\/uploads\/sites\/7\/2021\/04\/visionxeurope.png\",\"width\":300,\"height\":110,\"caption\":\"Vision X Europe\"},\"image\":{\"@id\":\"https:\/\/www.visionxeurope.com\/se\/#\/schema\/logo\/image\/\"},\"sameAs\":[\"https:\/\/www.facebook.com\/visionxeurope\",\"https:\/\/www.instagram.com\/visionxeurope\/\"]}]}<\/script>\n<meta property=\"product:price:amount\" content=\"6076.00\" \/>\n<meta property=\"product:price:currency\" content=\"SEK\" \/>\n<meta property=\"og:availability\" content=\"instock\" \/>\n<meta property=\"product:availability\" content=\"instock\" \/>\n<meta property=\"product:retailer_item_id\" content=\"XPL-H24H\" \/>\n<meta property=\"product:condition\" content=\"new\" \/>\n<!-- \/ Yoast SEO Premium plugin. -->","yoast_head_json":{"title":"VISION X XPL HALO 32\" 120W - Vision X Europe","robots":{"index":"index","follow":"follow","max-snippet":"max-snippet:-1","max-image-preview":"max-image-preview:large","max-video-preview":"max-video-preview:-1"},"canonical":"https:\/\/www.visionxeurope.com\/se\/webbutik\/vision-x-xpl-halo-32-120w\/","og_locale":"sv_SE","og_type":"article","og_title":"VISION X XPL HALO 32\" 120W","og_description":"Vision X XPL Halo, en slimmad LED-ramp f\u00f6r extra diskret montage p\u00e5 moderna fordon d\u00e4r mycket ljus \u00f6nskas utan att ta f\u00f6r mycket plats. XPL Halo har en enkel rad med samma kraftfulla 5 watts CREE dioder som PX rampen har, samt en snyggt lysande halo-effekt runt reflektorerna. Egenskaper:5.5 \u00e5rs funktionsgaranti.Robust aluminiumhus med kompositgavlar.Stenskotts\u00e4kert polykarbonatlins.Fukts\u00e4ker tryckreglerande membranventil.Extra robust konstruktion \u2013 t\u00e5l vibrationer upp till 15.6 Grms.Inbyggt EMC filter (CISPR 25) \u2013 st\u00f6r ej bilens elektroniska system.Aktiv temperaturkontroll med Prime Drive och ETM.CE godk\u00e4nd, RoHS certifierad.Kapslingsklass IP68\/IP69K.F\u00e4rgtemperatur 6000 Kelvin.Temperaturtestad att den fungerar -40\u00b0C \u2013 +80\u00b0C.Rel\u00e4kablage ing\u00e5r.Beslag f\u00f6r botten\/toppmontering ing\u00e5r.F\u00f6r sidomontering, k\u00f6p sidomonteringskit XPL-LEM.Halo-effekt kopplad med egen kabel. Data:Sp\u00e4nning: 9-32VLjusbild: 10\u00b0 SpotH\u00f6jd: 52 mmDjup: 61 mmBredd:&nbsp;815 mmVikt:&nbsp;2.1 kgLED:&nbsp;24 x 5WEffekt:&nbsp;120 WStr\u00f6mf\u00f6rbrukning @12V:&nbsp;10 AR\u00e5a lumen:&nbsp;12840Effektiva lumen:&nbsp;8988R\u00e4ckvidd @1Lux:&nbsp;550 m","og_url":"https:\/\/www.visionxeurope.com\/se\/webbutik\/vision-x-xpl-halo-32-120w\/","og_site_name":"Vision X Europe","article_publisher":"https:\/\/www.facebook.com\/visionxeurope","article_modified_time":"2026-03-10T13:13:45+00:00","og_image":[{"width":450,"height":450,"url":"https:\/\/www.visionxeurope.com\/se\/wp-content\/uploads\/sites\/7\/2021\/05\/XPL-H24H.jpg","type":"image\/jpeg"}],"twitter_card":"summary_large_image","twitter_misc":{"Pris":"6 076,00&nbsp;&#107;&#114; exkl. moms","Tillg\u00e4nglig":"I lager"},"schema":{"@context":"https:\/\/schema.org","@graph":[{"@type":"WebPage","@id":"https:\/\/www.visionxeurope.com\/se\/webbutik\/vision-x-xpl-halo-32-120w\/","url":"https:\/\/www.visionxeurope.com\/se\/webbutik\/vision-x-xpl-halo-32-120w\/","name":"VISION X XPL HALO 32\" 120W - Vision X Europe","isPartOf":{"@id":"https:\/\/www.visionxeurope.com\/se\/#website"},"primaryImageOfPage":{"@id":"https:\/\/www.visionxeurope.com\/se\/webbutik\/vision-x-xpl-halo-32-120w\/#primaryimage"},"image":{"@id":"https:\/\/www.visionxeurope.com\/se\/webbutik\/vision-x-xpl-halo-32-120w\/#primaryimage"},"thumbnailUrl":"https:\/\/www.visionxeurope.com\/se\/wp-content\/uploads\/sites\/7\/2021\/05\/XPL-H24H.jpg","datePublished":"2018-11-08T10:44:02+00:00","dateModified":"2026-03-10T13:13:45+00:00","breadcrumb":{"@id":"https:\/\/www.visionxeurope.com\/se\/webbutik\/vision-x-xpl-halo-32-120w\/#breadcrumb"},"inLanguage":"sv-SE","potentialAction":[{"@type":"ReadAction","target":["https:\/\/www.visionxeurope.com\/se\/webbutik\/vision-x-xpl-halo-32-120w\/"]}]},{"@type":"ImageObject","inLanguage":"sv-SE","@id":"https:\/\/www.visionxeurope.com\/se\/webbutik\/vision-x-xpl-halo-32-120w\/#primaryimage","url":"https:\/\/www.visionxeurope.com\/se\/wp-content\/uploads\/sites\/7\/2021\/05\/XPL-H24H.jpg","contentUrl":"https:\/\/www.visionxeurope.com\/se\/wp-content\/uploads\/sites\/7\/2021\/05\/XPL-H24H.jpg","width":450,"height":450},{"@type":"BreadcrumbList","@id":"https:\/\/www.visionxeurope.com\/se\/webbutik\/vision-x-xpl-halo-32-120w\/#breadcrumb","itemListElement":[{"@type":"ListItem","position":1,"name":"Hem","item":"https:\/\/www.visionxeurope.com\/se\/"},{"@type":"ListItem","position":2,"name":"Webbutik","item":"https:\/\/www.visionxeurope.com\/se\/webbutik\/"},{"@type":"ListItem","position":3,"name":"VISION X XPL HALO 32&#8243; 120W"}]},{"@type":"WebSite","@id":"https:\/\/www.visionxeurope.com\/se\/#website","url":"https:\/\/www.visionxeurope.com\/se\/","name":"Vision X Europe","description":"","publisher":{"@id":"https:\/\/www.visionxeurope.com\/se\/#organization"},"potentialAction":[{"@type":"SearchAction","target":{"@type":"EntryPoint","urlTemplate":"https:\/\/www.visionxeurope.com\/se\/?s={search_term_string}"},"query-input":{"@type":"PropertyValueSpecification","valueRequired":true,"valueName":"search_term_string"}}],"inLanguage":"sv-SE"},{"@type":"Organization","@id":"https:\/\/www.visionxeurope.com\/se\/#organization","name":"Vision X Europe","url":"https:\/\/www.visionxeurope.com\/se\/","logo":{"@type":"ImageObject","inLanguage":"sv-SE","@id":"https:\/\/www.visionxeurope.com\/se\/#\/schema\/logo\/image\/","url":"https:\/\/www.visionxeurope.com\/se\/wp-content\/uploads\/sites\/7\/2021\/04\/visionxeurope.png","contentUrl":"https:\/\/www.visionxeurope.com\/se\/wp-content\/uploads\/sites\/7\/2021\/04\/visionxeurope.png","width":300,"height":110,"caption":"Vision X Europe"},"image":{"@id":"https:\/\/www.visionxeurope.com\/se\/#\/schema\/logo\/image\/"},"sameAs":["https:\/\/www.facebook.com\/visionxeurope","https:\/\/www.instagram.com\/visionxeurope\/"]}]},"product_price_amount":"6076.00","product_price_currency":"SEK","og_availability":"instock","product_availability":"instock","product_retailer_item_id":"XPL-H24H","product_condition":"new"},"_links":{"self":[{"href":"https:\/\/www.visionxeurope.com\/se\/wp-json\/wp\/v2\/product\/13622","targetHints":{"allow":["GET"]}}],"collection":[{"href":"https:\/\/www.visionxeurope.com\/se\/wp-json\/wp\/v2\/product"}],"about":[{"href":"https:\/\/www.visionxeurope.com\/se\/wp-json\/wp\/v2\/types\/product"}],"replies":[{"embeddable":true,"href":"https:\/\/www.visionxeurope.com\/se\/wp-json\/wp\/v2\/comments?post=13622"}],"wp:featuredmedia":[{"embeddable":true,"href":"https:\/\/www.visionxeurope.com\/se\/wp-json\/wp\/v2\/media\/8535"}],"wp:attachment":[{"href":"https:\/\/www.visionxeurope.com\/se\/wp-json\/wp\/v2\/media?parent=13622"}],"wp:term":[{"taxonomy":"product_brand","embeddable":true,"href":"https:\/\/www.visionxeurope.com\/se\/wp-json\/wp\/v2\/product_brand?post=13622"},{"taxonomy":"product_cat","embeddable":true,"href":"https:\/\/www.visionxeurope.com\/se\/wp-json\/wp\/v2\/product_cat?post=13622"},{"taxonomy":"product_tag","embeddable":true,"href":"https:\/\/www.visionxeurope.com\/se\/wp-json\/wp\/v2\/product_tag?post=13622"}],"curies":[{"name":"wp","href":"https:\/\/api.w.org\/{rel}","templated":true}]}}