{"id":13614,"date":"2021-01-28T14:34:55","date_gmt":"2021-01-28T13:34:55","guid":{"rendered":"https:\/\/www.visionxeurope.com\/se\/produkt\/vision-x-185w-24v-100-277v-transformator\/"},"modified":"2026-03-23T14:13:28","modified_gmt":"2026-03-23T13:13:28","slug":"vision-x-185w-24v-100-277v-transformator","status":"publish","type":"product","link":"https:\/\/www.visionxeurope.com\/se\/webbutik\/vision-x-185w-24v-100-277v-transformator\/","title":{"rendered":"VISION X 185W 24V 100-277V TRANSFORMATOR"},"content":{"rendered":"<p><\/p>\n<p>185W Transformator. Omvandlar 100-277V till 24V. 185W transformatorn \u00e4r framtagen speciellt f\u00f6r att driva all LED-belysning som hanterar 24V. Maxamperef\u00f6rbrukning p\u00e5 LED-belysningen f\u00e5r vara 7.8 Amp. vid 24V.<\/p>\n<p><\/p>\n<p><\/p>\n<p>Transformatorn omvandlar v\u00e4xelstr\u00f6m mellan 100V upp till 277V ned till 24V som kr\u00e4vs f\u00f6r att driva till exempel Pit Master eller Shockwave belysningen.<\/p>\n<p><\/p>\n<p><\/p>\n<p>Transformatorn \u00e4r IP67-klassad och kan anv\u00e4ndas b\u00e5de inomhus och utomhus och t\u00e5l b\u00e5de damm och vatten. Applikationerna \u00e4r m\u00e5nga och kan till exempel anv\u00e4ndas f\u00f6r LED-belysning p\u00e5 arbetsplatsen, i garage eller parkeringsplatsen d\u00e4r endast 220V finns tillg\u00e4ngligt.<\/p>\n<p><\/p>\n<p><\/p>\n<p><strong>Data:<br \/><\/strong>Transformatorn \u00e4r tillverkad i aluminium<br \/>Kapacitet AMP: 7.8A vid 24V<br \/>Kapacitet Watt: 187.2W<br \/>Volt utg\u00e5ende: 24VDC (justerbart 22 ~ 27V)<br \/>Max str\u00f6rning: 150mVp-p<br \/>Effektivitet: Upp till 94 %<br \/>Volt tolerans: +\/- 1.0 %<br \/>Volt ing\u00e5ende: 127 ~ 432 VDC<br \/>IP-Klass: IP-67<br \/>EMC-Klass: CISPR 22<br \/>Driftstemperatur: -40\u00b0 Celsius ~ +70\u00b0 Celsius<br \/>V\u00e4dert\u00e5lig Deutsch kontakt Plug-n-play<\/p>\n<p><\/p>","protected":false},"excerpt":{"rendered":"<p>185W Transformator. Omvandlar 100-277V till 24V. 185W transformatorn \u00e4r framtagen speciellt f\u00f6r att driva all LED-belysning som hanterar 24V. Maxamperef\u00f6rbrukning p\u00e5 LED-belysningen f\u00e5r vara 7.8 Amp. vid 24V.<\/p>\n<p>Transformatorn omvandlar v\u00e4xelstr\u00f6m mellan 100V upp till 277V ned till 24V som kr\u00e4vs f\u00f6r att driva till exempel Pit Master eller Shockwave belysningen.<\/p>\n<p>Transformatorn \u00e4r IP67-klassad och kan anv\u00e4ndas b\u00e5de inomhus och utomhus och t\u00e5l b\u00e5de damm och vatten. Applikationerna \u00e4r m\u00e5nga och kan till exempel anv\u00e4ndas f\u00f6r LED-belysning p\u00e5 arbetsplatsen, i garage eller parkeringsplatsen d\u00e4r endast 220V finns tillg\u00e4ngligt.<\/p>\n<p><strong>Data:<br \/><\/strong>Transformatorn \u00e4r tillverkad i aluminium<br \/>Kapacitet AMP: 7.8A vid 24V<br \/>Kapacitet Watt: 187.2W<br \/>Volt utg\u00e5ende: 24VDC (justerbart 22 ~ 27V)<br \/>Max str\u00f6rning: 150mVp-p<br \/>Effektivitet: Upp till 94 %<br \/>Volt tolerans: +\/- 1.0 %<br \/>Volt ing\u00e5ende: 127 ~ 432 VDC<br \/>IP-Klass: IP-67<br \/>EMC-Klass: CISPR 22<br \/>Driftstemperatur: -40\u00b0 Celsius ~ +70\u00b0 Celsius<br \/>V\u00e4dert\u00e5lig Deutsch kontakt Plug-n-play<\/p>\n","protected":false},"featured_media":13615,"comment_status":"open","ping_status":"open","template":"","meta":{"editor_notices":[]},"product_brand":[],"product_cat":[28],"product_tag":[],"class_list":{"0":"post-13614","1":"product","2":"type-product","3":"status-publish","4":"has-post-thumbnail","6":"product_cat-batterier-drivdon","7":"resize-featured-image","8":"","9":"woocommerce-text-align-left","10":"woocommerce-image-align-center","12":"first","13":"outofstock","14":"taxable","15":"shipping-taxable","16":"product-type-simple"},"yoast_head":"<!-- This site is optimized with the Yoast SEO Premium plugin v25.0 (Yoast SEO v25.0) - https:\/\/yoast.com\/wordpress\/plugins\/seo\/ -->\n<title>VISION X 185W 24V 100-277V TRANSFORMATOR - Vision X Europe<\/title>\n<meta name=\"robots\" content=\"index, follow, max-snippet:-1, max-image-preview:large, max-video-preview:-1\" \/>\n<link rel=\"canonical\" href=\"https:\/\/www.visionxeurope.com\/se\/webbutik\/vision-x-185w-24v-100-277v-transformator\/\" \/>\n<meta property=\"og:locale\" content=\"sv_SE\" \/>\n<meta property=\"og:type\" content=\"article\" \/>\n<meta property=\"og:title\" content=\"VISION X 185W 24V 100-277V TRANSFORMATOR\" \/>\n<meta property=\"og:description\" content=\"185W Transformator. Omvandlar 100-277V till 24V. 185W transformatorn \u00e4r framtagen speciellt f\u00f6r att driva all LED-belysning som hanterar 24V. Maxamperef\u00f6rbrukning p\u00e5 LED-belysningen f\u00e5r vara 7.8 Amp. vid 24V. Transformatorn omvandlar v\u00e4xelstr\u00f6m mellan 100V upp till 277V ned till 24V som kr\u00e4vs f\u00f6r att driva till exempel Pit Master eller Shockwave belysningen. Transformatorn \u00e4r IP67-klassad och kan anv\u00e4ndas b\u00e5de inomhus och utomhus och t\u00e5l b\u00e5de damm och vatten. Applikationerna \u00e4r m\u00e5nga och kan till exempel anv\u00e4ndas f\u00f6r LED-belysning p\u00e5 arbetsplatsen, i garage eller parkeringsplatsen d\u00e4r endast 220V finns tillg\u00e4ngligt. Data:Transformatorn \u00e4r tillverkad i aluminiumKapacitet AMP: 7.8A vid 24VKapacitet Watt: 187.2WVolt utg\u00e5ende: 24VDC (justerbart 22 ~ 27V)Max str\u00f6rning: 150mVp-pEffektivitet: Upp till 94 %Volt tolerans: +\/- 1.0 %Volt ing\u00e5ende: 127 ~ 432 VDCIP-Klass: IP-67EMC-Klass: CISPR 22Driftstemperatur: -40\u00b0 Celsius ~ +70\u00b0 CelsiusV\u00e4dert\u00e5lig Deutsch kontakt Plug-n-play\" \/>\n<meta property=\"og:url\" content=\"https:\/\/www.visionxeurope.com\/se\/webbutik\/vision-x-185w-24v-100-277v-transformator\/\" \/>\n<meta property=\"og:site_name\" content=\"Vision X Europe\" \/>\n<meta property=\"article:publisher\" content=\"https:\/\/www.facebook.com\/visionxeurope\" \/>\n<meta property=\"article:modified_time\" content=\"2026-03-23T13:13:28+00:00\" \/>\n<meta property=\"og:image\" content=\"https:\/\/www.rindab.se\/wp-content\/uploads\/sites\/7\/2022\/04\/XPC-PS185-24.jpg\" \/>\n\t<meta property=\"og:image:width\" content=\"450\" \/>\n\t<meta property=\"og:image:height\" content=\"450\" \/>\n\t<meta property=\"og:image:type\" content=\"image\/jpeg\" \/>\n<meta name=\"twitter:card\" content=\"summary_large_image\" \/>\n<meta name=\"twitter:label1\" content=\"Pris\" \/>\n\t<meta name=\"twitter:data1\" content=\"1 996,00&nbsp;&#107;&#114; exkl. moms\" \/>\n\t<meta name=\"twitter:label2\" content=\"Tillg\u00e4nglig\" \/>\n\t<meta name=\"twitter:data2\" content=\"Slut i lager\" \/>\n<script type=\"application\/ld+json\" class=\"yoast-schema-graph\">{\"@context\":\"https:\/\/schema.org\",\"@graph\":[{\"@type\":\"WebPage\",\"@id\":\"https:\/\/www.visionxeurope.com\/se\/webbutik\/vision-x-185w-24v-100-277v-transformator\/\",\"url\":\"https:\/\/www.visionxeurope.com\/se\/webbutik\/vision-x-185w-24v-100-277v-transformator\/\",\"name\":\"VISION X 185W 24V 100-277V TRANSFORMATOR - Vision X Europe\",\"isPartOf\":{\"@id\":\"https:\/\/www.visionxeurope.com\/se\/#website\"},\"primaryImageOfPage\":{\"@id\":\"https:\/\/www.visionxeurope.com\/se\/webbutik\/vision-x-185w-24v-100-277v-transformator\/#primaryimage\"},\"image\":{\"@id\":\"https:\/\/www.visionxeurope.com\/se\/webbutik\/vision-x-185w-24v-100-277v-transformator\/#primaryimage\"},\"thumbnailUrl\":\"https:\/\/www.visionxeurope.com\/se\/wp-content\/uploads\/sites\/7\/2022\/04\/XPC-PS185-24.jpg\",\"datePublished\":\"2021-01-28T13:34:55+00:00\",\"dateModified\":\"2026-03-23T13:13:28+00:00\",\"breadcrumb\":{\"@id\":\"https:\/\/www.visionxeurope.com\/se\/webbutik\/vision-x-185w-24v-100-277v-transformator\/#breadcrumb\"},\"inLanguage\":\"sv-SE\",\"potentialAction\":[{\"@type\":\"ReadAction\",\"target\":[\"https:\/\/www.visionxeurope.com\/se\/webbutik\/vision-x-185w-24v-100-277v-transformator\/\"]}]},{\"@type\":\"ImageObject\",\"inLanguage\":\"sv-SE\",\"@id\":\"https:\/\/www.visionxeurope.com\/se\/webbutik\/vision-x-185w-24v-100-277v-transformator\/#primaryimage\",\"url\":\"https:\/\/www.visionxeurope.com\/se\/wp-content\/uploads\/sites\/7\/2022\/04\/XPC-PS185-24.jpg\",\"contentUrl\":\"https:\/\/www.visionxeurope.com\/se\/wp-content\/uploads\/sites\/7\/2022\/04\/XPC-PS185-24.jpg\",\"width\":450,\"height\":450},{\"@type\":\"BreadcrumbList\",\"@id\":\"https:\/\/www.visionxeurope.com\/se\/webbutik\/vision-x-185w-24v-100-277v-transformator\/#breadcrumb\",\"itemListElement\":[{\"@type\":\"ListItem\",\"position\":1,\"name\":\"Hem\",\"item\":\"https:\/\/www.visionxeurope.com\/se\/\"},{\"@type\":\"ListItem\",\"position\":2,\"name\":\"Webbutik\",\"item\":\"https:\/\/www.visionxeurope.com\/se\/webbutik\/\"},{\"@type\":\"ListItem\",\"position\":3,\"name\":\"VISION X 185W 24V 100-277V TRANSFORMATOR\"}]},{\"@type\":\"WebSite\",\"@id\":\"https:\/\/www.visionxeurope.com\/se\/#website\",\"url\":\"https:\/\/www.visionxeurope.com\/se\/\",\"name\":\"Vision X Europe\",\"description\":\"\",\"publisher\":{\"@id\":\"https:\/\/www.visionxeurope.com\/se\/#organization\"},\"potentialAction\":[{\"@type\":\"SearchAction\",\"target\":{\"@type\":\"EntryPoint\",\"urlTemplate\":\"https:\/\/www.visionxeurope.com\/se\/?s={search_term_string}\"},\"query-input\":{\"@type\":\"PropertyValueSpecification\",\"valueRequired\":true,\"valueName\":\"search_term_string\"}}],\"inLanguage\":\"sv-SE\"},{\"@type\":\"Organization\",\"@id\":\"https:\/\/www.visionxeurope.com\/se\/#organization\",\"name\":\"Vision X Europe\",\"url\":\"https:\/\/www.visionxeurope.com\/se\/\",\"logo\":{\"@type\":\"ImageObject\",\"inLanguage\":\"sv-SE\",\"@id\":\"https:\/\/www.visionxeurope.com\/se\/#\/schema\/logo\/image\/\",\"url\":\"https:\/\/www.visionxeurope.com\/se\/wp-content\/uploads\/sites\/7\/2021\/04\/visionxeurope.png\",\"contentUrl\":\"https:\/\/www.visionxeurope.com\/se\/wp-content\/uploads\/sites\/7\/2021\/04\/visionxeurope.png\",\"width\":300,\"height\":110,\"caption\":\"Vision X Europe\"},\"image\":{\"@id\":\"https:\/\/www.visionxeurope.com\/se\/#\/schema\/logo\/image\/\"},\"sameAs\":[\"https:\/\/www.facebook.com\/visionxeurope\",\"https:\/\/www.instagram.com\/visionxeurope\/\"]}]}<\/script>\n<meta property=\"product:price:amount\" content=\"1996.00\" \/>\n<meta property=\"product:price:currency\" content=\"SEK\" \/>\n<meta property=\"og:availability\" content=\"out of stock\" \/>\n<meta property=\"product:availability\" content=\"out of stock\" \/>\n<meta property=\"product:retailer_item_id\" content=\"XPC-PS185-24\" \/>\n<meta property=\"product:condition\" content=\"new\" \/>\n<!-- \/ Yoast SEO Premium plugin. -->","yoast_head_json":{"title":"VISION X 185W 24V 100-277V TRANSFORMATOR - Vision X Europe","robots":{"index":"index","follow":"follow","max-snippet":"max-snippet:-1","max-image-preview":"max-image-preview:large","max-video-preview":"max-video-preview:-1"},"canonical":"https:\/\/www.visionxeurope.com\/se\/webbutik\/vision-x-185w-24v-100-277v-transformator\/","og_locale":"sv_SE","og_type":"article","og_title":"VISION X 185W 24V 100-277V TRANSFORMATOR","og_description":"185W Transformator. Omvandlar 100-277V till 24V. 185W transformatorn \u00e4r framtagen speciellt f\u00f6r att driva all LED-belysning som hanterar 24V. Maxamperef\u00f6rbrukning p\u00e5 LED-belysningen f\u00e5r vara 7.8 Amp. vid 24V. Transformatorn omvandlar v\u00e4xelstr\u00f6m mellan 100V upp till 277V ned till 24V som kr\u00e4vs f\u00f6r att driva till exempel Pit Master eller Shockwave belysningen. Transformatorn \u00e4r IP67-klassad och kan anv\u00e4ndas b\u00e5de inomhus och utomhus och t\u00e5l b\u00e5de damm och vatten. Applikationerna \u00e4r m\u00e5nga och kan till exempel anv\u00e4ndas f\u00f6r LED-belysning p\u00e5 arbetsplatsen, i garage eller parkeringsplatsen d\u00e4r endast 220V finns tillg\u00e4ngligt. Data:Transformatorn \u00e4r tillverkad i aluminiumKapacitet AMP: 7.8A vid 24VKapacitet Watt: 187.2WVolt utg\u00e5ende: 24VDC (justerbart 22 ~ 27V)Max str\u00f6rning: 150mVp-pEffektivitet: Upp till 94 %Volt tolerans: +\/- 1.0 %Volt ing\u00e5ende: 127 ~ 432 VDCIP-Klass: IP-67EMC-Klass: CISPR 22Driftstemperatur: -40\u00b0 Celsius ~ +70\u00b0 CelsiusV\u00e4dert\u00e5lig Deutsch kontakt Plug-n-play","og_url":"https:\/\/www.visionxeurope.com\/se\/webbutik\/vision-x-185w-24v-100-277v-transformator\/","og_site_name":"Vision X Europe","article_publisher":"https:\/\/www.facebook.com\/visionxeurope","article_modified_time":"2026-03-23T13:13:28+00:00","og_image":[{"width":450,"height":450,"url":"https:\/\/www.rindab.se\/wp-content\/uploads\/sites\/7\/2022\/04\/XPC-PS185-24.jpg","type":"image\/jpeg"}],"twitter_card":"summary_large_image","twitter_misc":{"Pris":"1 996,00&nbsp;&#107;&#114; exkl. moms","Tillg\u00e4nglig":"Slut i lager"},"schema":{"@context":"https:\/\/schema.org","@graph":[{"@type":"WebPage","@id":"https:\/\/www.visionxeurope.com\/se\/webbutik\/vision-x-185w-24v-100-277v-transformator\/","url":"https:\/\/www.visionxeurope.com\/se\/webbutik\/vision-x-185w-24v-100-277v-transformator\/","name":"VISION X 185W 24V 100-277V TRANSFORMATOR - Vision X Europe","isPartOf":{"@id":"https:\/\/www.visionxeurope.com\/se\/#website"},"primaryImageOfPage":{"@id":"https:\/\/www.visionxeurope.com\/se\/webbutik\/vision-x-185w-24v-100-277v-transformator\/#primaryimage"},"image":{"@id":"https:\/\/www.visionxeurope.com\/se\/webbutik\/vision-x-185w-24v-100-277v-transformator\/#primaryimage"},"thumbnailUrl":"https:\/\/www.visionxeurope.com\/se\/wp-content\/uploads\/sites\/7\/2022\/04\/XPC-PS185-24.jpg","datePublished":"2021-01-28T13:34:55+00:00","dateModified":"2026-03-23T13:13:28+00:00","breadcrumb":{"@id":"https:\/\/www.visionxeurope.com\/se\/webbutik\/vision-x-185w-24v-100-277v-transformator\/#breadcrumb"},"inLanguage":"sv-SE","potentialAction":[{"@type":"ReadAction","target":["https:\/\/www.visionxeurope.com\/se\/webbutik\/vision-x-185w-24v-100-277v-transformator\/"]}]},{"@type":"ImageObject","inLanguage":"sv-SE","@id":"https:\/\/www.visionxeurope.com\/se\/webbutik\/vision-x-185w-24v-100-277v-transformator\/#primaryimage","url":"https:\/\/www.visionxeurope.com\/se\/wp-content\/uploads\/sites\/7\/2022\/04\/XPC-PS185-24.jpg","contentUrl":"https:\/\/www.visionxeurope.com\/se\/wp-content\/uploads\/sites\/7\/2022\/04\/XPC-PS185-24.jpg","width":450,"height":450},{"@type":"BreadcrumbList","@id":"https:\/\/www.visionxeurope.com\/se\/webbutik\/vision-x-185w-24v-100-277v-transformator\/#breadcrumb","itemListElement":[{"@type":"ListItem","position":1,"name":"Hem","item":"https:\/\/www.visionxeurope.com\/se\/"},{"@type":"ListItem","position":2,"name":"Webbutik","item":"https:\/\/www.visionxeurope.com\/se\/webbutik\/"},{"@type":"ListItem","position":3,"name":"VISION X 185W 24V 100-277V TRANSFORMATOR"}]},{"@type":"WebSite","@id":"https:\/\/www.visionxeurope.com\/se\/#website","url":"https:\/\/www.visionxeurope.com\/se\/","name":"Vision X Europe","description":"","publisher":{"@id":"https:\/\/www.visionxeurope.com\/se\/#organization"},"potentialAction":[{"@type":"SearchAction","target":{"@type":"EntryPoint","urlTemplate":"https:\/\/www.visionxeurope.com\/se\/?s={search_term_string}"},"query-input":{"@type":"PropertyValueSpecification","valueRequired":true,"valueName":"search_term_string"}}],"inLanguage":"sv-SE"},{"@type":"Organization","@id":"https:\/\/www.visionxeurope.com\/se\/#organization","name":"Vision X Europe","url":"https:\/\/www.visionxeurope.com\/se\/","logo":{"@type":"ImageObject","inLanguage":"sv-SE","@id":"https:\/\/www.visionxeurope.com\/se\/#\/schema\/logo\/image\/","url":"https:\/\/www.visionxeurope.com\/se\/wp-content\/uploads\/sites\/7\/2021\/04\/visionxeurope.png","contentUrl":"https:\/\/www.visionxeurope.com\/se\/wp-content\/uploads\/sites\/7\/2021\/04\/visionxeurope.png","width":300,"height":110,"caption":"Vision X Europe"},"image":{"@id":"https:\/\/www.visionxeurope.com\/se\/#\/schema\/logo\/image\/"},"sameAs":["https:\/\/www.facebook.com\/visionxeurope","https:\/\/www.instagram.com\/visionxeurope\/"]}]},"product_price_amount":"1996.00","product_price_currency":"SEK","og_availability":"out of stock","product_availability":"out of stock","product_retailer_item_id":"XPC-PS185-24","product_condition":"new"},"_links":{"self":[{"href":"https:\/\/www.visionxeurope.com\/se\/wp-json\/wp\/v2\/product\/13614","targetHints":{"allow":["GET"]}}],"collection":[{"href":"https:\/\/www.visionxeurope.com\/se\/wp-json\/wp\/v2\/product"}],"about":[{"href":"https:\/\/www.visionxeurope.com\/se\/wp-json\/wp\/v2\/types\/product"}],"replies":[{"embeddable":true,"href":"https:\/\/www.visionxeurope.com\/se\/wp-json\/wp\/v2\/comments?post=13614"}],"wp:featuredmedia":[{"embeddable":true,"href":"https:\/\/www.visionxeurope.com\/se\/wp-json\/wp\/v2\/media\/13615"}],"wp:attachment":[{"href":"https:\/\/www.visionxeurope.com\/se\/wp-json\/wp\/v2\/media?parent=13614"}],"wp:term":[{"taxonomy":"product_brand","embeddable":true,"href":"https:\/\/www.visionxeurope.com\/se\/wp-json\/wp\/v2\/product_brand?post=13614"},{"taxonomy":"product_cat","embeddable":true,"href":"https:\/\/www.visionxeurope.com\/se\/wp-json\/wp\/v2\/product_cat?post=13614"},{"taxonomy":"product_tag","embeddable":true,"href":"https:\/\/www.visionxeurope.com\/se\/wp-json\/wp\/v2\/product_tag?post=13614"}],"curies":[{"name":"wp","href":"https:\/\/api.w.org\/{rel}","templated":true}]}}