{"id":13612,"date":"2014-04-23T09:56:27","date_gmt":"2014-04-23T07:56:27","guid":{"rendered":"https:\/\/www.visionxeurope.com\/se\/produkt\/vision-x-esi-12000-smart-laddare-220v\/"},"modified":"2026-01-08T21:50:40","modified_gmt":"2026-01-08T20:50:40","slug":"vision-x-esi-12000-smart-laddare-220v","status":"publish","type":"product","link":"https:\/\/www.visionxeurope.com\/se\/webbutik\/vision-x-esi-12000-smart-laddare-220v\/","title":{"rendered":"VISION X ESI 12000 SMART LADDARE 220V"},"content":{"rendered":"<p><\/p>\n<p>ESI 12000 Smart Charger, en av den nya tidens smarta laddare som ser till batteriets b\u00e4sta och inte bara laddar p\u00e5 s\u00e5 batteriet kokar. ESI 12 000 k\u00e4nner av batteriets mottaglighet och kondition och anpassar d\u00e4refter laddningen f\u00f6r optimalt resultat.<\/p>\n<p><\/p>\n<p><\/p>\n<p>Laddaren kan enkelt kopplas p\u00e5 batteriet och resten sk\u00f6ts av sig sj\u00e4lvt. Snabbanslutning p\u00e5 batteri medf\u00f6ljer samt s\u00e5 kallade &#8221;krokodilkl\u00e4mmor&#8221;. Uttag f\u00f6r laddning fr\u00e5n cigarett uttaget f\u00f6ljer ocks\u00e5 med.<\/p>\n<p>En perfekt batteriladdare f\u00f6r underh\u00e5llsladdningar av t. ex. MC-batteriet, b\u00e5t-batteriet, bil-batteriet m.m.<\/p>\n<p><\/p>\n<p><\/p>\n<p><strong>Data:<br \/><\/strong>Laddsp\u00e4nning: 12V<br \/>Ampere: 1.2 amp<br \/>Temperaturomr\u00e5de: -20\u00b0 &#8211; +50\u00b0<br \/>Ger 100 % laddningseffektivitet<br \/>Laddbara batterier: Alla typer av 12V Acid-batterier som, V\u00e5ta, MF, AGM, Gel och Ca batterier<br \/>Kapacitet: Batterier fr\u00e5n 1.2 Ah upp till 100 Ah f\u00f6r underh\u00e5llsladdning<br \/>L\u00e4ngd: 135 mm<br \/>H\u00f6jd: 39 mm<br \/>Bredd: 60 mm<br \/>Klassning: IP-65<br \/>Vikt: 450g<\/p>\n<p><\/p>","protected":false},"excerpt":{"rendered":"<p>ESI 12000 Smart Charger, en av den nya tidens smarta laddare som ser till batteriets b\u00e4sta och inte bara laddar p\u00e5 s\u00e5 batteriet kokar. ESI 12 000 k\u00e4nner av batteriets mottaglighet och kondition och anpassar d\u00e4refter laddningen f\u00f6r optimalt resultat.<\/p>\n<p>Laddaren kan enkelt kopplas p\u00e5 batteriet och resten sk\u00f6ts av sig sj\u00e4lvt. Snabbanslutning p\u00e5 batteri medf\u00f6ljer samt s\u00e5 kallade &#8220;krokodilkl\u00e4mmor&#8221;. Uttag f\u00f6r laddning fr\u00e5n cigarett uttaget f\u00f6ljer ocks\u00e5 med.<\/p>\n<p>En perfekt batteriladdare f\u00f6r underh\u00e5llsladdningar av t. ex. MC-batteriet, b\u00e5t-batteriet, bil-batteriet m.m.<\/p>\n<p><strong>Data:<br \/><\/strong>Laddsp\u00e4nning: 12V<br \/>Ampere: 1.2 amp<br \/>Temperaturomr\u00e5de: -20\u00b0 &#8211; +50\u00b0<br \/>Ger 100 % laddningseffektivitet<br \/>Laddbara batterier: Alla typer av 12V Acid-batterier som, V\u00e5ta, MF, AGM, Gel och Ca batterier<br \/>Kapacitet: Batterier fr\u00e5n 1.2 Ah upp till 100 Ah f\u00f6r underh\u00e5llsladdning<br \/>L\u00e4ngd: 135 mm<br \/>H\u00f6jd: 39 mm<br \/>Bredd: 60 mm<br \/>Klassning: IP-65<br \/>Vikt: 450g<\/p>\n","protected":false},"featured_media":8491,"comment_status":"open","ping_status":"open","template":"","meta":{"editor_notices":[]},"product_brand":[],"product_cat":[28],"product_tag":[],"class_list":{"0":"post-13612","1":"product","2":"type-product","3":"status-publish","4":"has-post-thumbnail","6":"product_cat-batterier-drivdon","7":"resize-featured-image","8":"","9":"woocommerce-text-align-left","10":"woocommerce-image-align-center","12":"first","13":"instock","14":"taxable","15":"shipping-taxable","16":"product-type-simple"},"yoast_head":"<!-- This site is optimized with the Yoast SEO Premium plugin v25.0 (Yoast SEO v25.0) - https:\/\/yoast.com\/wordpress\/plugins\/seo\/ -->\n<title>VISION X ESI 12000 SMART LADDARE 220V - Vision X Europe<\/title>\n<meta name=\"robots\" content=\"index, follow, max-snippet:-1, max-image-preview:large, max-video-preview:-1\" \/>\n<link rel=\"canonical\" href=\"https:\/\/www.visionxeurope.com\/se\/webbutik\/vision-x-esi-12000-smart-laddare-220v\/\" \/>\n<meta property=\"og:locale\" content=\"sv_SE\" \/>\n<meta property=\"og:type\" content=\"article\" \/>\n<meta property=\"og:title\" content=\"VISION X ESI 12000 SMART LADDARE 220V\" \/>\n<meta property=\"og:description\" content=\"ESI 12000 Smart Charger, en av den nya tidens smarta laddare som ser till batteriets b\u00e4sta och inte bara laddar p\u00e5 s\u00e5 batteriet kokar. ESI 12 000 k\u00e4nner av batteriets mottaglighet och kondition och anpassar d\u00e4refter laddningen f\u00f6r optimalt resultat. Laddaren kan enkelt kopplas p\u00e5 batteriet och resten sk\u00f6ts av sig sj\u00e4lvt. Snabbanslutning p\u00e5 batteri medf\u00f6ljer samt s\u00e5 kallade &#8220;krokodilkl\u00e4mmor&#8221;. Uttag f\u00f6r laddning fr\u00e5n cigarett uttaget f\u00f6ljer ocks\u00e5 med. En perfekt batteriladdare f\u00f6r underh\u00e5llsladdningar av t. ex. MC-batteriet, b\u00e5t-batteriet, bil-batteriet m.m. Data:Laddsp\u00e4nning: 12VAmpere: 1.2 ampTemperaturomr\u00e5de: -20\u00b0 &#8211; +50\u00b0Ger 100 % laddningseffektivitetLaddbara batterier: Alla typer av 12V Acid-batterier som, V\u00e5ta, MF, AGM, Gel och Ca batterierKapacitet: Batterier fr\u00e5n 1.2 Ah upp till 100 Ah f\u00f6r underh\u00e5llsladdningL\u00e4ngd: 135 mmH\u00f6jd: 39 mmBredd: 60 mmKlassning: IP-65Vikt: 450g\" \/>\n<meta property=\"og:url\" content=\"https:\/\/www.visionxeurope.com\/se\/webbutik\/vision-x-esi-12000-smart-laddare-220v\/\" \/>\n<meta property=\"og:site_name\" content=\"Vision X Europe\" \/>\n<meta property=\"article:publisher\" content=\"https:\/\/www.facebook.com\/visionxeurope\" \/>\n<meta property=\"article:modified_time\" content=\"2026-01-08T20:50:40+00:00\" \/>\n<meta property=\"og:image\" content=\"https:\/\/www.rindab.se\/wp-content\/uploads\/sites\/7\/2021\/05\/XPC-C120.220V.jpg\" \/>\n\t<meta property=\"og:image:width\" content=\"450\" \/>\n\t<meta property=\"og:image:height\" content=\"450\" \/>\n\t<meta property=\"og:image:type\" content=\"image\/jpeg\" \/>\n<meta name=\"twitter:card\" content=\"summary_large_image\" \/>\n<meta name=\"twitter:label1\" content=\"Pris\" \/>\n\t<meta name=\"twitter:data1\" content=\"606,00&nbsp;&#107;&#114; exkl. moms\" \/>\n\t<meta name=\"twitter:label2\" content=\"Tillg\u00e4nglig\" \/>\n\t<meta name=\"twitter:data2\" content=\"I lager\" \/>\n<script type=\"application\/ld+json\" class=\"yoast-schema-graph\">{\"@context\":\"https:\/\/schema.org\",\"@graph\":[{\"@type\":\"WebPage\",\"@id\":\"https:\/\/www.visionxeurope.com\/se\/webbutik\/vision-x-esi-12000-smart-laddare-220v\/\",\"url\":\"https:\/\/www.visionxeurope.com\/se\/webbutik\/vision-x-esi-12000-smart-laddare-220v\/\",\"name\":\"VISION X ESI 12000 SMART LADDARE 220V - Vision X Europe\",\"isPartOf\":{\"@id\":\"https:\/\/www.visionxeurope.com\/se\/#website\"},\"primaryImageOfPage\":{\"@id\":\"https:\/\/www.visionxeurope.com\/se\/webbutik\/vision-x-esi-12000-smart-laddare-220v\/#primaryimage\"},\"image\":{\"@id\":\"https:\/\/www.visionxeurope.com\/se\/webbutik\/vision-x-esi-12000-smart-laddare-220v\/#primaryimage\"},\"thumbnailUrl\":\"https:\/\/www.visionxeurope.com\/se\/wp-content\/uploads\/sites\/7\/2021\/05\/XPC-C120.220V.jpg\",\"datePublished\":\"2014-04-23T07:56:27+00:00\",\"dateModified\":\"2026-01-08T20:50:40+00:00\",\"breadcrumb\":{\"@id\":\"https:\/\/www.visionxeurope.com\/se\/webbutik\/vision-x-esi-12000-smart-laddare-220v\/#breadcrumb\"},\"inLanguage\":\"sv-SE\",\"potentialAction\":[{\"@type\":\"ReadAction\",\"target\":[\"https:\/\/www.visionxeurope.com\/se\/webbutik\/vision-x-esi-12000-smart-laddare-220v\/\"]}]},{\"@type\":\"ImageObject\",\"inLanguage\":\"sv-SE\",\"@id\":\"https:\/\/www.visionxeurope.com\/se\/webbutik\/vision-x-esi-12000-smart-laddare-220v\/#primaryimage\",\"url\":\"https:\/\/www.visionxeurope.com\/se\/wp-content\/uploads\/sites\/7\/2021\/05\/XPC-C120.220V.jpg\",\"contentUrl\":\"https:\/\/www.visionxeurope.com\/se\/wp-content\/uploads\/sites\/7\/2021\/05\/XPC-C120.220V.jpg\",\"width\":450,\"height\":450},{\"@type\":\"BreadcrumbList\",\"@id\":\"https:\/\/www.visionxeurope.com\/se\/webbutik\/vision-x-esi-12000-smart-laddare-220v\/#breadcrumb\",\"itemListElement\":[{\"@type\":\"ListItem\",\"position\":1,\"name\":\"Hem\",\"item\":\"https:\/\/www.visionxeurope.com\/se\/\"},{\"@type\":\"ListItem\",\"position\":2,\"name\":\"Webbutik\",\"item\":\"https:\/\/www.visionxeurope.com\/se\/webbutik\/\"},{\"@type\":\"ListItem\",\"position\":3,\"name\":\"VISION X ESI 12000 SMART LADDARE 220V\"}]},{\"@type\":\"WebSite\",\"@id\":\"https:\/\/www.visionxeurope.com\/se\/#website\",\"url\":\"https:\/\/www.visionxeurope.com\/se\/\",\"name\":\"Vision X Europe\",\"description\":\"\",\"publisher\":{\"@id\":\"https:\/\/www.visionxeurope.com\/se\/#organization\"},\"potentialAction\":[{\"@type\":\"SearchAction\",\"target\":{\"@type\":\"EntryPoint\",\"urlTemplate\":\"https:\/\/www.visionxeurope.com\/se\/?s={search_term_string}\"},\"query-input\":{\"@type\":\"PropertyValueSpecification\",\"valueRequired\":true,\"valueName\":\"search_term_string\"}}],\"inLanguage\":\"sv-SE\"},{\"@type\":\"Organization\",\"@id\":\"https:\/\/www.visionxeurope.com\/se\/#organization\",\"name\":\"Vision X Europe\",\"url\":\"https:\/\/www.visionxeurope.com\/se\/\",\"logo\":{\"@type\":\"ImageObject\",\"inLanguage\":\"sv-SE\",\"@id\":\"https:\/\/www.visionxeurope.com\/se\/#\/schema\/logo\/image\/\",\"url\":\"https:\/\/www.visionxeurope.com\/se\/wp-content\/uploads\/sites\/7\/2021\/04\/visionxeurope.png\",\"contentUrl\":\"https:\/\/www.visionxeurope.com\/se\/wp-content\/uploads\/sites\/7\/2021\/04\/visionxeurope.png\",\"width\":300,\"height\":110,\"caption\":\"Vision X Europe\"},\"image\":{\"@id\":\"https:\/\/www.visionxeurope.com\/se\/#\/schema\/logo\/image\/\"},\"sameAs\":[\"https:\/\/www.facebook.com\/visionxeurope\",\"https:\/\/www.instagram.com\/visionxeurope\/\"]}]}<\/script>\n<meta property=\"product:price:amount\" content=\"606.00\" \/>\n<meta property=\"product:price:currency\" content=\"SEK\" \/>\n<meta property=\"og:availability\" content=\"instock\" \/>\n<meta property=\"product:availability\" content=\"instock\" \/>\n<meta property=\"product:retailer_item_id\" content=\"XPC-C120.220V\" \/>\n<meta property=\"product:condition\" content=\"new\" \/>\n<!-- \/ Yoast SEO Premium plugin. -->","yoast_head_json":{"title":"VISION X ESI 12000 SMART LADDARE 220V - Vision X Europe","robots":{"index":"index","follow":"follow","max-snippet":"max-snippet:-1","max-image-preview":"max-image-preview:large","max-video-preview":"max-video-preview:-1"},"canonical":"https:\/\/www.visionxeurope.com\/se\/webbutik\/vision-x-esi-12000-smart-laddare-220v\/","og_locale":"sv_SE","og_type":"article","og_title":"VISION X ESI 12000 SMART LADDARE 220V","og_description":"ESI 12000 Smart Charger, en av den nya tidens smarta laddare som ser till batteriets b\u00e4sta och inte bara laddar p\u00e5 s\u00e5 batteriet kokar. ESI 12 000 k\u00e4nner av batteriets mottaglighet och kondition och anpassar d\u00e4refter laddningen f\u00f6r optimalt resultat. Laddaren kan enkelt kopplas p\u00e5 batteriet och resten sk\u00f6ts av sig sj\u00e4lvt. Snabbanslutning p\u00e5 batteri medf\u00f6ljer samt s\u00e5 kallade &#8220;krokodilkl\u00e4mmor&#8221;. Uttag f\u00f6r laddning fr\u00e5n cigarett uttaget f\u00f6ljer ocks\u00e5 med. En perfekt batteriladdare f\u00f6r underh\u00e5llsladdningar av t. ex. MC-batteriet, b\u00e5t-batteriet, bil-batteriet m.m. Data:Laddsp\u00e4nning: 12VAmpere: 1.2 ampTemperaturomr\u00e5de: -20\u00b0 &#8211; +50\u00b0Ger 100 % laddningseffektivitetLaddbara batterier: Alla typer av 12V Acid-batterier som, V\u00e5ta, MF, AGM, Gel och Ca batterierKapacitet: Batterier fr\u00e5n 1.2 Ah upp till 100 Ah f\u00f6r underh\u00e5llsladdningL\u00e4ngd: 135 mmH\u00f6jd: 39 mmBredd: 60 mmKlassning: IP-65Vikt: 450g","og_url":"https:\/\/www.visionxeurope.com\/se\/webbutik\/vision-x-esi-12000-smart-laddare-220v\/","og_site_name":"Vision X Europe","article_publisher":"https:\/\/www.facebook.com\/visionxeurope","article_modified_time":"2026-01-08T20:50:40+00:00","og_image":[{"width":450,"height":450,"url":"https:\/\/www.rindab.se\/wp-content\/uploads\/sites\/7\/2021\/05\/XPC-C120.220V.jpg","type":"image\/jpeg"}],"twitter_card":"summary_large_image","twitter_misc":{"Pris":"606,00&nbsp;&#107;&#114; exkl. moms","Tillg\u00e4nglig":"I lager"},"schema":{"@context":"https:\/\/schema.org","@graph":[{"@type":"WebPage","@id":"https:\/\/www.visionxeurope.com\/se\/webbutik\/vision-x-esi-12000-smart-laddare-220v\/","url":"https:\/\/www.visionxeurope.com\/se\/webbutik\/vision-x-esi-12000-smart-laddare-220v\/","name":"VISION X ESI 12000 SMART LADDARE 220V - Vision X Europe","isPartOf":{"@id":"https:\/\/www.visionxeurope.com\/se\/#website"},"primaryImageOfPage":{"@id":"https:\/\/www.visionxeurope.com\/se\/webbutik\/vision-x-esi-12000-smart-laddare-220v\/#primaryimage"},"image":{"@id":"https:\/\/www.visionxeurope.com\/se\/webbutik\/vision-x-esi-12000-smart-laddare-220v\/#primaryimage"},"thumbnailUrl":"https:\/\/www.visionxeurope.com\/se\/wp-content\/uploads\/sites\/7\/2021\/05\/XPC-C120.220V.jpg","datePublished":"2014-04-23T07:56:27+00:00","dateModified":"2026-01-08T20:50:40+00:00","breadcrumb":{"@id":"https:\/\/www.visionxeurope.com\/se\/webbutik\/vision-x-esi-12000-smart-laddare-220v\/#breadcrumb"},"inLanguage":"sv-SE","potentialAction":[{"@type":"ReadAction","target":["https:\/\/www.visionxeurope.com\/se\/webbutik\/vision-x-esi-12000-smart-laddare-220v\/"]}]},{"@type":"ImageObject","inLanguage":"sv-SE","@id":"https:\/\/www.visionxeurope.com\/se\/webbutik\/vision-x-esi-12000-smart-laddare-220v\/#primaryimage","url":"https:\/\/www.visionxeurope.com\/se\/wp-content\/uploads\/sites\/7\/2021\/05\/XPC-C120.220V.jpg","contentUrl":"https:\/\/www.visionxeurope.com\/se\/wp-content\/uploads\/sites\/7\/2021\/05\/XPC-C120.220V.jpg","width":450,"height":450},{"@type":"BreadcrumbList","@id":"https:\/\/www.visionxeurope.com\/se\/webbutik\/vision-x-esi-12000-smart-laddare-220v\/#breadcrumb","itemListElement":[{"@type":"ListItem","position":1,"name":"Hem","item":"https:\/\/www.visionxeurope.com\/se\/"},{"@type":"ListItem","position":2,"name":"Webbutik","item":"https:\/\/www.visionxeurope.com\/se\/webbutik\/"},{"@type":"ListItem","position":3,"name":"VISION X ESI 12000 SMART LADDARE 220V"}]},{"@type":"WebSite","@id":"https:\/\/www.visionxeurope.com\/se\/#website","url":"https:\/\/www.visionxeurope.com\/se\/","name":"Vision X Europe","description":"","publisher":{"@id":"https:\/\/www.visionxeurope.com\/se\/#organization"},"potentialAction":[{"@type":"SearchAction","target":{"@type":"EntryPoint","urlTemplate":"https:\/\/www.visionxeurope.com\/se\/?s={search_term_string}"},"query-input":{"@type":"PropertyValueSpecification","valueRequired":true,"valueName":"search_term_string"}}],"inLanguage":"sv-SE"},{"@type":"Organization","@id":"https:\/\/www.visionxeurope.com\/se\/#organization","name":"Vision X Europe","url":"https:\/\/www.visionxeurope.com\/se\/","logo":{"@type":"ImageObject","inLanguage":"sv-SE","@id":"https:\/\/www.visionxeurope.com\/se\/#\/schema\/logo\/image\/","url":"https:\/\/www.visionxeurope.com\/se\/wp-content\/uploads\/sites\/7\/2021\/04\/visionxeurope.png","contentUrl":"https:\/\/www.visionxeurope.com\/se\/wp-content\/uploads\/sites\/7\/2021\/04\/visionxeurope.png","width":300,"height":110,"caption":"Vision X Europe"},"image":{"@id":"https:\/\/www.visionxeurope.com\/se\/#\/schema\/logo\/image\/"},"sameAs":["https:\/\/www.facebook.com\/visionxeurope","https:\/\/www.instagram.com\/visionxeurope\/"]}]},"product_price_amount":"606.00","product_price_currency":"SEK","og_availability":"instock","product_availability":"instock","product_retailer_item_id":"XPC-C120.220V","product_condition":"new"},"_links":{"self":[{"href":"https:\/\/www.visionxeurope.com\/se\/wp-json\/wp\/v2\/product\/13612","targetHints":{"allow":["GET"]}}],"collection":[{"href":"https:\/\/www.visionxeurope.com\/se\/wp-json\/wp\/v2\/product"}],"about":[{"href":"https:\/\/www.visionxeurope.com\/se\/wp-json\/wp\/v2\/types\/product"}],"replies":[{"embeddable":true,"href":"https:\/\/www.visionxeurope.com\/se\/wp-json\/wp\/v2\/comments?post=13612"}],"wp:featuredmedia":[{"embeddable":true,"href":"https:\/\/www.visionxeurope.com\/se\/wp-json\/wp\/v2\/media\/8491"}],"wp:attachment":[{"href":"https:\/\/www.visionxeurope.com\/se\/wp-json\/wp\/v2\/media?parent=13612"}],"wp:term":[{"taxonomy":"product_brand","embeddable":true,"href":"https:\/\/www.visionxeurope.com\/se\/wp-json\/wp\/v2\/product_brand?post=13612"},{"taxonomy":"product_cat","embeddable":true,"href":"https:\/\/www.visionxeurope.com\/se\/wp-json\/wp\/v2\/product_cat?post=13612"},{"taxonomy":"product_tag","embeddable":true,"href":"https:\/\/www.visionxeurope.com\/se\/wp-json\/wp\/v2\/product_tag?post=13612"}],"curies":[{"name":"wp","href":"https:\/\/api.w.org\/{rel}","templated":true}]}}