{"id":13608,"date":"2015-12-07T08:54:39","date_gmt":"2015-12-07T07:54:39","guid":{"rendered":"https:\/\/www.visionxeurope.com\/se\/produkt\/vision-x-vortex-harley-davidson-adapter\/"},"modified":"2026-01-08T19:50:33","modified_gmt":"2026-01-08T18:50:33","slug":"vision-x-vortex-harley-davidson-adapter","status":"publish","type":"product","link":"https:\/\/www.visionxeurope.com\/se\/webbutik\/vision-x-vortex-harley-davidson-adapter\/","title":{"rendered":"VISION X VORTEX HARLEY DAVIDSON ADAPTER"},"content":{"rendered":"<p><\/p>\n<p>Adapter beh\u00f6vs p\u00e5 vissa Harley Davidson modeller.<\/p>\n<p><\/p>\n<p><\/p>\n<p><strong>LED adapter beh\u00f6vs p\u00e5 dessa modeller:<\/strong><br \/>2015 CVO Softail Deluxe FLSTNSE<br \/>2015 Electra Glide Ultra Classic FLHTCU<br \/>2015 Electra Glide Ultra Classic Low FLHTCUL<br \/>2015 Ultra Limited FLHTK<br \/>2015 CVO Limited FLHTKSE<br \/>2015 Tri Glide Ultra FLHTCUTG<br \/>2014 CVO Softail Deluxe FLSTNSE<br \/>2014 Electra Glide Ultra Classic FLHTCU<br \/>2014 Ultra Limited FLHTK<br \/>2014 CVO Limited FLHTKSE<br \/>2014 Tri Glide Ultra FLHTCUTG<\/p>\n<p><\/p>","protected":false},"excerpt":{"rendered":"<p>Adapter beh\u00f6vs p\u00e5 vissa Harley Davidson modeller.<\/p>\n<p><strong>LED adapter beh\u00f6vs p\u00e5 dessa modeller:<\/strong><br \/>2015 CVO Softail Deluxe FLSTNSE<br \/>2015 Electra Glide Ultra Classic FLHTCU<br \/>2015 Electra Glide Ultra Classic Low FLHTCUL<br \/>2015 Ultra Limited FLHTK<br \/>2015 CVO Limited FLHTKSE<br \/>2015 Tri Glide Ultra FLHTCUTG<br \/>2014 CVO Softail Deluxe FLSTNSE<br \/>2014 Electra Glide Ultra Classic FLHTCU<br \/>2014 Ultra Limited FLHTK<br \/>2014 CVO Limited FLHTKSE<br \/>2014 Tri Glide Ultra FLHTCUTG<\/p>\n","protected":false},"featured_media":15396,"comment_status":"open","ping_status":"open","template":"","meta":{"editor_notices":[]},"product_brand":[],"product_cat":[26],"product_tag":[],"class_list":{"0":"post-13608","1":"product","2":"type-product","3":"status-publish","4":"has-post-thumbnail","6":"product_cat-kablage","7":"resize-featured-image","8":"","9":"woocommerce-text-align-left","10":"woocommerce-image-align-center","12":"first","13":"instock","14":"taxable","15":"shipping-taxable","16":"product-type-simple"},"yoast_head":"<!-- This site is optimized with the Yoast SEO Premium plugin v25.0 (Yoast SEO v25.0) - https:\/\/yoast.com\/wordpress\/plugins\/seo\/ -->\n<title>VISION X VORTEX HARLEY DAVIDSON ADAPTER - Vision X Europe<\/title>\n<meta name=\"robots\" content=\"index, follow, max-snippet:-1, max-image-preview:large, max-video-preview:-1\" \/>\n<link rel=\"canonical\" href=\"https:\/\/www.visionxeurope.com\/se\/webbutik\/vision-x-vortex-harley-davidson-adapter\/\" \/>\n<meta property=\"og:locale\" content=\"sv_SE\" \/>\n<meta property=\"og:type\" content=\"article\" \/>\n<meta property=\"og:title\" content=\"VISION X VORTEX HARLEY DAVIDSON ADAPTER\" \/>\n<meta property=\"og:description\" content=\"Adapter beh\u00f6vs p\u00e5 vissa Harley Davidson modeller. LED adapter beh\u00f6vs p\u00e5 dessa modeller:2015 CVO Softail Deluxe FLSTNSE2015 Electra Glide Ultra Classic FLHTCU2015 Electra Glide Ultra Classic Low FLHTCUL2015 Ultra Limited FLHTK2015 CVO Limited FLHTKSE2015 Tri Glide Ultra FLHTCUTG2014 CVO Softail Deluxe FLSTNSE2014 Electra Glide Ultra Classic FLHTCU2014 Ultra Limited FLHTK2014 CVO Limited FLHTKSE2014 Tri Glide Ultra FLHTCUTG\" \/>\n<meta property=\"og:url\" content=\"https:\/\/www.visionxeurope.com\/se\/webbutik\/vision-x-vortex-harley-davidson-adapter\/\" \/>\n<meta property=\"og:site_name\" content=\"Vision X Europe\" \/>\n<meta property=\"article:publisher\" content=\"https:\/\/www.facebook.com\/visionxeurope\" \/>\n<meta property=\"article:modified_time\" content=\"2026-01-08T18:50:33+00:00\" \/>\n<meta property=\"og:image\" content=\"https:\/\/www.rindab.se\/wp-content\/uploads\/sites\/7\/2022\/04\/XMC-H42DELPHI.jpg\" \/>\n\t<meta property=\"og:image:width\" content=\"450\" \/>\n\t<meta property=\"og:image:height\" content=\"450\" \/>\n\t<meta property=\"og:image:type\" content=\"image\/jpeg\" \/>\n<meta name=\"twitter:card\" content=\"summary_large_image\" \/>\n<meta name=\"twitter:label1\" content=\"Pris\" \/>\n\t<meta name=\"twitter:data1\" content=\"210,00&nbsp;&#107;&#114; exkl. moms\" \/>\n\t<meta name=\"twitter:label2\" content=\"Tillg\u00e4nglig\" \/>\n\t<meta name=\"twitter:data2\" content=\"I lager\" \/>\n<script type=\"application\/ld+json\" class=\"yoast-schema-graph\">{\"@context\":\"https:\/\/schema.org\",\"@graph\":[{\"@type\":\"WebPage\",\"@id\":\"https:\/\/www.visionxeurope.com\/se\/webbutik\/vision-x-vortex-harley-davidson-adapter\/\",\"url\":\"https:\/\/www.visionxeurope.com\/se\/webbutik\/vision-x-vortex-harley-davidson-adapter\/\",\"name\":\"VISION X VORTEX HARLEY DAVIDSON ADAPTER - Vision X Europe\",\"isPartOf\":{\"@id\":\"https:\/\/www.visionxeurope.com\/se\/#website\"},\"primaryImageOfPage\":{\"@id\":\"https:\/\/www.visionxeurope.com\/se\/webbutik\/vision-x-vortex-harley-davidson-adapter\/#primaryimage\"},\"image\":{\"@id\":\"https:\/\/www.visionxeurope.com\/se\/webbutik\/vision-x-vortex-harley-davidson-adapter\/#primaryimage\"},\"thumbnailUrl\":\"https:\/\/www.visionxeurope.com\/se\/wp-content\/uploads\/sites\/7\/2022\/04\/XMC-H42DELPHI.jpg\",\"datePublished\":\"2015-12-07T07:54:39+00:00\",\"dateModified\":\"2026-01-08T18:50:33+00:00\",\"breadcrumb\":{\"@id\":\"https:\/\/www.visionxeurope.com\/se\/webbutik\/vision-x-vortex-harley-davidson-adapter\/#breadcrumb\"},\"inLanguage\":\"sv-SE\",\"potentialAction\":[{\"@type\":\"ReadAction\",\"target\":[\"https:\/\/www.visionxeurope.com\/se\/webbutik\/vision-x-vortex-harley-davidson-adapter\/\"]}]},{\"@type\":\"ImageObject\",\"inLanguage\":\"sv-SE\",\"@id\":\"https:\/\/www.visionxeurope.com\/se\/webbutik\/vision-x-vortex-harley-davidson-adapter\/#primaryimage\",\"url\":\"https:\/\/www.visionxeurope.com\/se\/wp-content\/uploads\/sites\/7\/2022\/04\/XMC-H42DELPHI.jpg\",\"contentUrl\":\"https:\/\/www.visionxeurope.com\/se\/wp-content\/uploads\/sites\/7\/2022\/04\/XMC-H42DELPHI.jpg\",\"width\":450,\"height\":450},{\"@type\":\"BreadcrumbList\",\"@id\":\"https:\/\/www.visionxeurope.com\/se\/webbutik\/vision-x-vortex-harley-davidson-adapter\/#breadcrumb\",\"itemListElement\":[{\"@type\":\"ListItem\",\"position\":1,\"name\":\"Hem\",\"item\":\"https:\/\/www.visionxeurope.com\/se\/\"},{\"@type\":\"ListItem\",\"position\":2,\"name\":\"Webbutik\",\"item\":\"https:\/\/www.visionxeurope.com\/se\/webbutik\/\"},{\"@type\":\"ListItem\",\"position\":3,\"name\":\"VISION X VORTEX HARLEY DAVIDSON ADAPTER\"}]},{\"@type\":\"WebSite\",\"@id\":\"https:\/\/www.visionxeurope.com\/se\/#website\",\"url\":\"https:\/\/www.visionxeurope.com\/se\/\",\"name\":\"Vision X Europe\",\"description\":\"\",\"publisher\":{\"@id\":\"https:\/\/www.visionxeurope.com\/se\/#organization\"},\"potentialAction\":[{\"@type\":\"SearchAction\",\"target\":{\"@type\":\"EntryPoint\",\"urlTemplate\":\"https:\/\/www.visionxeurope.com\/se\/?s={search_term_string}\"},\"query-input\":{\"@type\":\"PropertyValueSpecification\",\"valueRequired\":true,\"valueName\":\"search_term_string\"}}],\"inLanguage\":\"sv-SE\"},{\"@type\":\"Organization\",\"@id\":\"https:\/\/www.visionxeurope.com\/se\/#organization\",\"name\":\"Vision X Europe\",\"url\":\"https:\/\/www.visionxeurope.com\/se\/\",\"logo\":{\"@type\":\"ImageObject\",\"inLanguage\":\"sv-SE\",\"@id\":\"https:\/\/www.visionxeurope.com\/se\/#\/schema\/logo\/image\/\",\"url\":\"https:\/\/www.visionxeurope.com\/se\/wp-content\/uploads\/sites\/7\/2021\/04\/visionxeurope.png\",\"contentUrl\":\"https:\/\/www.visionxeurope.com\/se\/wp-content\/uploads\/sites\/7\/2021\/04\/visionxeurope.png\",\"width\":300,\"height\":110,\"caption\":\"Vision X Europe\"},\"image\":{\"@id\":\"https:\/\/www.visionxeurope.com\/se\/#\/schema\/logo\/image\/\"},\"sameAs\":[\"https:\/\/www.facebook.com\/visionxeurope\",\"https:\/\/www.instagram.com\/visionxeurope\/\"]}]}<\/script>\n<meta property=\"product:price:amount\" content=\"210.00\" \/>\n<meta property=\"product:price:currency\" content=\"SEK\" \/>\n<meta property=\"og:availability\" content=\"instock\" \/>\n<meta property=\"product:availability\" content=\"instock\" \/>\n<meta property=\"product:retailer_item_id\" content=\"XMC-H42DELPHI\" \/>\n<meta property=\"product:condition\" content=\"new\" \/>\n<!-- \/ Yoast SEO Premium plugin. -->","yoast_head_json":{"title":"VISION X VORTEX HARLEY DAVIDSON ADAPTER - Vision X Europe","robots":{"index":"index","follow":"follow","max-snippet":"max-snippet:-1","max-image-preview":"max-image-preview:large","max-video-preview":"max-video-preview:-1"},"canonical":"https:\/\/www.visionxeurope.com\/se\/webbutik\/vision-x-vortex-harley-davidson-adapter\/","og_locale":"sv_SE","og_type":"article","og_title":"VISION X VORTEX HARLEY DAVIDSON ADAPTER","og_description":"Adapter beh\u00f6vs p\u00e5 vissa Harley Davidson modeller. LED adapter beh\u00f6vs p\u00e5 dessa modeller:2015 CVO Softail Deluxe FLSTNSE2015 Electra Glide Ultra Classic FLHTCU2015 Electra Glide Ultra Classic Low FLHTCUL2015 Ultra Limited FLHTK2015 CVO Limited FLHTKSE2015 Tri Glide Ultra FLHTCUTG2014 CVO Softail Deluxe FLSTNSE2014 Electra Glide Ultra Classic FLHTCU2014 Ultra Limited FLHTK2014 CVO Limited FLHTKSE2014 Tri Glide Ultra FLHTCUTG","og_url":"https:\/\/www.visionxeurope.com\/se\/webbutik\/vision-x-vortex-harley-davidson-adapter\/","og_site_name":"Vision X Europe","article_publisher":"https:\/\/www.facebook.com\/visionxeurope","article_modified_time":"2026-01-08T18:50:33+00:00","og_image":[{"width":450,"height":450,"url":"https:\/\/www.rindab.se\/wp-content\/uploads\/sites\/7\/2022\/04\/XMC-H42DELPHI.jpg","type":"image\/jpeg"}],"twitter_card":"summary_large_image","twitter_misc":{"Pris":"210,00&nbsp;&#107;&#114; exkl. moms","Tillg\u00e4nglig":"I lager"},"schema":{"@context":"https:\/\/schema.org","@graph":[{"@type":"WebPage","@id":"https:\/\/www.visionxeurope.com\/se\/webbutik\/vision-x-vortex-harley-davidson-adapter\/","url":"https:\/\/www.visionxeurope.com\/se\/webbutik\/vision-x-vortex-harley-davidson-adapter\/","name":"VISION X VORTEX HARLEY DAVIDSON ADAPTER - Vision X Europe","isPartOf":{"@id":"https:\/\/www.visionxeurope.com\/se\/#website"},"primaryImageOfPage":{"@id":"https:\/\/www.visionxeurope.com\/se\/webbutik\/vision-x-vortex-harley-davidson-adapter\/#primaryimage"},"image":{"@id":"https:\/\/www.visionxeurope.com\/se\/webbutik\/vision-x-vortex-harley-davidson-adapter\/#primaryimage"},"thumbnailUrl":"https:\/\/www.visionxeurope.com\/se\/wp-content\/uploads\/sites\/7\/2022\/04\/XMC-H42DELPHI.jpg","datePublished":"2015-12-07T07:54:39+00:00","dateModified":"2026-01-08T18:50:33+00:00","breadcrumb":{"@id":"https:\/\/www.visionxeurope.com\/se\/webbutik\/vision-x-vortex-harley-davidson-adapter\/#breadcrumb"},"inLanguage":"sv-SE","potentialAction":[{"@type":"ReadAction","target":["https:\/\/www.visionxeurope.com\/se\/webbutik\/vision-x-vortex-harley-davidson-adapter\/"]}]},{"@type":"ImageObject","inLanguage":"sv-SE","@id":"https:\/\/www.visionxeurope.com\/se\/webbutik\/vision-x-vortex-harley-davidson-adapter\/#primaryimage","url":"https:\/\/www.visionxeurope.com\/se\/wp-content\/uploads\/sites\/7\/2022\/04\/XMC-H42DELPHI.jpg","contentUrl":"https:\/\/www.visionxeurope.com\/se\/wp-content\/uploads\/sites\/7\/2022\/04\/XMC-H42DELPHI.jpg","width":450,"height":450},{"@type":"BreadcrumbList","@id":"https:\/\/www.visionxeurope.com\/se\/webbutik\/vision-x-vortex-harley-davidson-adapter\/#breadcrumb","itemListElement":[{"@type":"ListItem","position":1,"name":"Hem","item":"https:\/\/www.visionxeurope.com\/se\/"},{"@type":"ListItem","position":2,"name":"Webbutik","item":"https:\/\/www.visionxeurope.com\/se\/webbutik\/"},{"@type":"ListItem","position":3,"name":"VISION X VORTEX HARLEY DAVIDSON ADAPTER"}]},{"@type":"WebSite","@id":"https:\/\/www.visionxeurope.com\/se\/#website","url":"https:\/\/www.visionxeurope.com\/se\/","name":"Vision X Europe","description":"","publisher":{"@id":"https:\/\/www.visionxeurope.com\/se\/#organization"},"potentialAction":[{"@type":"SearchAction","target":{"@type":"EntryPoint","urlTemplate":"https:\/\/www.visionxeurope.com\/se\/?s={search_term_string}"},"query-input":{"@type":"PropertyValueSpecification","valueRequired":true,"valueName":"search_term_string"}}],"inLanguage":"sv-SE"},{"@type":"Organization","@id":"https:\/\/www.visionxeurope.com\/se\/#organization","name":"Vision X Europe","url":"https:\/\/www.visionxeurope.com\/se\/","logo":{"@type":"ImageObject","inLanguage":"sv-SE","@id":"https:\/\/www.visionxeurope.com\/se\/#\/schema\/logo\/image\/","url":"https:\/\/www.visionxeurope.com\/se\/wp-content\/uploads\/sites\/7\/2021\/04\/visionxeurope.png","contentUrl":"https:\/\/www.visionxeurope.com\/se\/wp-content\/uploads\/sites\/7\/2021\/04\/visionxeurope.png","width":300,"height":110,"caption":"Vision X Europe"},"image":{"@id":"https:\/\/www.visionxeurope.com\/se\/#\/schema\/logo\/image\/"},"sameAs":["https:\/\/www.facebook.com\/visionxeurope","https:\/\/www.instagram.com\/visionxeurope\/"]}]},"product_price_amount":"210.00","product_price_currency":"SEK","og_availability":"instock","product_availability":"instock","product_retailer_item_id":"XMC-H42DELPHI","product_condition":"new"},"_links":{"self":[{"href":"https:\/\/www.visionxeurope.com\/se\/wp-json\/wp\/v2\/product\/13608","targetHints":{"allow":["GET"]}}],"collection":[{"href":"https:\/\/www.visionxeurope.com\/se\/wp-json\/wp\/v2\/product"}],"about":[{"href":"https:\/\/www.visionxeurope.com\/se\/wp-json\/wp\/v2\/types\/product"}],"replies":[{"embeddable":true,"href":"https:\/\/www.visionxeurope.com\/se\/wp-json\/wp\/v2\/comments?post=13608"}],"wp:featuredmedia":[{"embeddable":true,"href":"https:\/\/www.visionxeurope.com\/se\/wp-json\/wp\/v2\/media\/15396"}],"wp:attachment":[{"href":"https:\/\/www.visionxeurope.com\/se\/wp-json\/wp\/v2\/media?parent=13608"}],"wp:term":[{"taxonomy":"product_brand","embeddable":true,"href":"https:\/\/www.visionxeurope.com\/se\/wp-json\/wp\/v2\/product_brand?post=13608"},{"taxonomy":"product_cat","embeddable":true,"href":"https:\/\/www.visionxeurope.com\/se\/wp-json\/wp\/v2\/product_cat?post=13608"},{"taxonomy":"product_tag","embeddable":true,"href":"https:\/\/www.visionxeurope.com\/se\/wp-json\/wp\/v2\/product_tag?post=13608"}],"curies":[{"name":"wp","href":"https:\/\/api.w.org\/{rel}","templated":true}]}}