{"id":13599,"date":"2014-04-23T09:56:27","date_gmt":"2014-04-23T07:56:27","guid":{"rendered":"https:\/\/www.visionxeurope.com\/se\/produkt\/vision-x-umx-utility-extreme-square-4-35w-40\/"},"modified":"2026-03-26T14:23:45","modified_gmt":"2026-03-26T13:23:45","slug":"vision-x-umx-utility-extreme-square-4-35w-40","status":"publish","type":"product","link":"https:\/\/www.visionxeurope.com\/se\/webbutik\/vision-x-umx-utility-extreme-square-4-35w-40\/","title":{"rendered":"VISION X UMX UTILITY EXTREME SQUARE 4&#8243; 35W 40\u00b0"},"content":{"rendered":"<p><\/p>\n<p>Vision X har tagit fram en serie med LED arbetsbelysning d\u00e4r funktion och form har satts i f\u00f6rsta rummet.<\/p>\n<p><\/p>\n<p><\/p>\n<p>Formen \u00e4r klassisk f\u00f6r att passa i de flesta applikationerna med ett kraftigt skak och st\u00f6ts\u00e4kert hus i aluminium f\u00f6r att motst\u00e5 yttre \u00e5verkan och tuff milj\u00f6.<\/p>\n<p><\/p>\n<p><\/p>\n<p>Dioden best\u00e5r av sju h\u00f6geffektiva LED som tillsammans l\u00e4mnar hela 3 696 lumen och drar samtidigt endast 2.9 ampere. Lampan finns att f\u00e5 med flera olika ljusbilder beroende p\u00e5 anv\u00e4ndningsomr\u00e5de.<\/p>\n<p><\/p>\n<p><\/p>\n<p>IP68-klassning (3m vattendjup) och ett v\u00e4l tilltaget arbetstemperaturomr\u00e5de (-40\u00b0 till +85\u00b0) visar vad lampan g\u00e5r f\u00f6r.<\/p>\n<p><\/p>\n<p><\/p>\n<p>Arbetar du in en tuff milj\u00f6, \u00e4r tr\u00f6tt p\u00e5 trasiga lampor och gl\u00f6dlampor har du hittat r\u00e4tt. Vision X UMX Utility Extreme serien \u00e4r lampan du s\u00f6ker.<\/p>\n<p><\/p>\n<p><\/p>\n<p><strong>Data:<br \/><\/strong>Lamphus: Robust aluminium.<br \/>H\u00f6jdjustering: 90\u00b0 inbyggt i f\u00e4stet.<br \/>Enkel installation med endast + &amp; \u2013 kabel.<br \/>Sp\u00e4nning: 10-48 volt.<br \/>V\u00e4derbest\u00e4ndig.<br \/>Str\u00f6mf\u00f6rbrukning: 2.9 Amp vid 12 v.<br \/>Klassning: IP68<br \/>Vibrationsklassning: 8.6G<br \/>Arbetstemperaturomr\u00e5de: -40\u00b0C \u2013 +85\u00b0C<br \/>H\u00f6jd: 119 mm (utan f\u00e4ste)<br \/>Bredd: 119 mm (utan f\u00e4ste)<br \/>Djup: 80 mm.<br \/>Antal LED: 7<br \/>LED: 5W, totalt 35W<br \/>R\u00e5a lumen: 3 696<br \/>Effektiva lumen: 2 950<br \/>Lins: Polykarbonat<br \/>Kontakt: Deutsch kontakt<br \/>Ljusbild: 40\u00b0 (Flood)<\/p>\n<p><\/p>","protected":false},"excerpt":{"rendered":"<p>Vision X har tagit fram en serie med LED arbetsbelysning d\u00e4r funktion och form har satts i f\u00f6rsta rummet.<\/p>\n<p>Formen \u00e4r klassisk f\u00f6r att passa i de flesta applikationerna med ett kraftigt skak och st\u00f6ts\u00e4kert hus i aluminium f\u00f6r att motst\u00e5 yttre \u00e5verkan och tuff milj\u00f6.<\/p>\n<p>Dioden best\u00e5r av sju h\u00f6geffektiva LED som tillsammans l\u00e4mnar hela 3 696 lumen och drar samtidigt endast 2.9 ampere. Lampan finns att f\u00e5 med flera olika ljusbilder beroende p\u00e5 anv\u00e4ndningsomr\u00e5de.<\/p>\n<p>IP68-klassning (3m vattendjup) och ett v\u00e4l tilltaget arbetstemperaturomr\u00e5de (-40\u00b0 till +85\u00b0) visar vad lampan g\u00e5r f\u00f6r.<\/p>\n<p>Arbetar du in en tuff milj\u00f6, \u00e4r tr\u00f6tt p\u00e5 trasiga lampor och gl\u00f6dlampor har du hittat r\u00e4tt. Vision X UMX Utility Extreme serien \u00e4r lampan du s\u00f6ker.<\/p>\n<p><strong>Data:<br \/><\/strong>Lamphus: Robust aluminium.<br \/>H\u00f6jdjustering: 90\u00b0 inbyggt i f\u00e4stet.<br \/>Enkel installation med endast + &amp; \u2013 kabel.<br \/>Sp\u00e4nning: 10-48 volt.<br \/>V\u00e4derbest\u00e4ndig.<br \/>Str\u00f6mf\u00f6rbrukning: 2.9 Amp vid 12 v.<br \/>Klassning: IP68<br \/>Vibrationsklassning: 8.6G<br \/>Arbetstemperaturomr\u00e5de: -40\u00b0C \u2013 +85\u00b0C<br \/>H\u00f6jd: 119 mm (utan f\u00e4ste)<br \/>Bredd: 119 mm (utan f\u00e4ste)<br \/>Djup: 80 mm.<br \/>Antal LED: 7<br \/>LED: 5W, totalt 35W<br \/>R\u00e5a lumen: 3 696<br \/>Effektiva lumen: 2 950<br \/>Lins: Polykarbonat<br \/>Kontakt: Deutsch kontakt<br \/>Ljusbild: 40\u00b0 (Flood)<\/p>\n","protected":false},"featured_media":15373,"comment_status":"closed","ping_status":"open","template":"","meta":{"editor_notices":[]},"product_brand":[],"product_cat":[86],"product_tag":[],"class_list":{"0":"post-13599","1":"product","2":"type-product","3":"status-publish","4":"has-post-thumbnail","6":"product_cat-umx","7":"resize-featured-image","8":"","9":"woocommerce-text-align-left","10":"woocommerce-image-align-center","12":"first","13":"instock","14":"taxable","15":"shipping-taxable","16":"product-type-simple"},"yoast_head":"<!-- This site is optimized with the Yoast SEO Premium plugin v25.0 (Yoast SEO v25.0) - https:\/\/yoast.com\/wordpress\/plugins\/seo\/ -->\n<title>VISION X UMX UTILITY EXTREME SQUARE 4&quot; 35W 40\u00b0 - Vision X Europe<\/title>\n<meta name=\"robots\" content=\"index, follow, max-snippet:-1, max-image-preview:large, max-video-preview:-1\" \/>\n<link rel=\"canonical\" href=\"https:\/\/www.visionxeurope.com\/se\/webbutik\/vision-x-umx-utility-extreme-square-4-35w-40\/\" \/>\n<meta property=\"og:locale\" content=\"sv_SE\" \/>\n<meta property=\"og:type\" content=\"article\" \/>\n<meta property=\"og:title\" content=\"VISION X UMX UTILITY EXTREME SQUARE 4&quot; 35W 40\u00b0\" \/>\n<meta property=\"og:description\" content=\"Vision X har tagit fram en serie med LED arbetsbelysning d\u00e4r funktion och form har satts i f\u00f6rsta rummet. Formen \u00e4r klassisk f\u00f6r att passa i de flesta applikationerna med ett kraftigt skak och st\u00f6ts\u00e4kert hus i aluminium f\u00f6r att motst\u00e5 yttre \u00e5verkan och tuff milj\u00f6. Dioden best\u00e5r av sju h\u00f6geffektiva LED som tillsammans l\u00e4mnar hela 3 696 lumen och drar samtidigt endast 2.9 ampere. Lampan finns att f\u00e5 med flera olika ljusbilder beroende p\u00e5 anv\u00e4ndningsomr\u00e5de. IP68-klassning (3m vattendjup) och ett v\u00e4l tilltaget arbetstemperaturomr\u00e5de (-40\u00b0 till +85\u00b0) visar vad lampan g\u00e5r f\u00f6r. Arbetar du in en tuff milj\u00f6, \u00e4r tr\u00f6tt p\u00e5 trasiga lampor och gl\u00f6dlampor har du hittat r\u00e4tt. Vision X UMX Utility Extreme serien \u00e4r lampan du s\u00f6ker. Data:Lamphus: Robust aluminium.H\u00f6jdjustering: 90\u00b0 inbyggt i f\u00e4stet.Enkel installation med endast + &amp; \u2013 kabel.Sp\u00e4nning: 10-48 volt.V\u00e4derbest\u00e4ndig.Str\u00f6mf\u00f6rbrukning: 2.9 Amp vid 12 v.Klassning: IP68Vibrationsklassning: 8.6GArbetstemperaturomr\u00e5de: -40\u00b0C \u2013 +85\u00b0CH\u00f6jd: 119 mm (utan f\u00e4ste)Bredd: 119 mm (utan f\u00e4ste)Djup: 80 mm.Antal LED: 7LED: 5W, totalt 35WR\u00e5a lumen: 3 696Effektiva lumen: 2 950Lins: PolykarbonatKontakt: Deutsch kontaktLjusbild: 40\u00b0 (Flood)\" \/>\n<meta property=\"og:url\" content=\"https:\/\/www.visionxeurope.com\/se\/webbutik\/vision-x-umx-utility-extreme-square-4-35w-40\/\" \/>\n<meta property=\"og:site_name\" content=\"Vision X Europe\" \/>\n<meta property=\"article:publisher\" content=\"https:\/\/www.facebook.com\/visionxeurope\" \/>\n<meta property=\"article:modified_time\" content=\"2026-03-26T13:23:45+00:00\" \/>\n<meta property=\"og:image\" content=\"https:\/\/www.visionxeurope.com\/se\/wp-content\/uploads\/sites\/7\/2022\/04\/XIL-UMX4440.jpg\" \/>\n\t<meta property=\"og:image:width\" content=\"450\" \/>\n\t<meta property=\"og:image:height\" content=\"450\" \/>\n\t<meta property=\"og:image:type\" content=\"image\/jpeg\" \/>\n<meta name=\"twitter:card\" content=\"summary_large_image\" \/>\n<meta name=\"twitter:label1\" content=\"Pris\" \/>\n\t<meta name=\"twitter:data1\" content=\"2 316,00&nbsp;&#107;&#114; exkl. moms\" \/>\n\t<meta name=\"twitter:label2\" content=\"Tillg\u00e4nglig\" \/>\n\t<meta name=\"twitter:data2\" content=\"I lager\" \/>\n<script type=\"application\/ld+json\" class=\"yoast-schema-graph\">{\"@context\":\"https:\/\/schema.org\",\"@graph\":[{\"@type\":\"WebPage\",\"@id\":\"https:\/\/www.visionxeurope.com\/se\/webbutik\/vision-x-umx-utility-extreme-square-4-35w-40\/\",\"url\":\"https:\/\/www.visionxeurope.com\/se\/webbutik\/vision-x-umx-utility-extreme-square-4-35w-40\/\",\"name\":\"VISION X UMX UTILITY EXTREME SQUARE 4\\\" 35W 40\u00b0 - Vision X Europe\",\"isPartOf\":{\"@id\":\"https:\/\/www.visionxeurope.com\/se\/#website\"},\"primaryImageOfPage\":{\"@id\":\"https:\/\/www.visionxeurope.com\/se\/webbutik\/vision-x-umx-utility-extreme-square-4-35w-40\/#primaryimage\"},\"image\":{\"@id\":\"https:\/\/www.visionxeurope.com\/se\/webbutik\/vision-x-umx-utility-extreme-square-4-35w-40\/#primaryimage\"},\"thumbnailUrl\":\"https:\/\/www.visionxeurope.com\/se\/wp-content\/uploads\/sites\/7\/2022\/04\/XIL-UMX4440.jpg\",\"datePublished\":\"2014-04-23T07:56:27+00:00\",\"dateModified\":\"2026-03-26T13:23:45+00:00\",\"breadcrumb\":{\"@id\":\"https:\/\/www.visionxeurope.com\/se\/webbutik\/vision-x-umx-utility-extreme-square-4-35w-40\/#breadcrumb\"},\"inLanguage\":\"sv-SE\",\"potentialAction\":[{\"@type\":\"ReadAction\",\"target\":[\"https:\/\/www.visionxeurope.com\/se\/webbutik\/vision-x-umx-utility-extreme-square-4-35w-40\/\"]}]},{\"@type\":\"ImageObject\",\"inLanguage\":\"sv-SE\",\"@id\":\"https:\/\/www.visionxeurope.com\/se\/webbutik\/vision-x-umx-utility-extreme-square-4-35w-40\/#primaryimage\",\"url\":\"https:\/\/www.visionxeurope.com\/se\/wp-content\/uploads\/sites\/7\/2022\/04\/XIL-UMX4440.jpg\",\"contentUrl\":\"https:\/\/www.visionxeurope.com\/se\/wp-content\/uploads\/sites\/7\/2022\/04\/XIL-UMX4440.jpg\",\"width\":450,\"height\":450},{\"@type\":\"BreadcrumbList\",\"@id\":\"https:\/\/www.visionxeurope.com\/se\/webbutik\/vision-x-umx-utility-extreme-square-4-35w-40\/#breadcrumb\",\"itemListElement\":[{\"@type\":\"ListItem\",\"position\":1,\"name\":\"Hem\",\"item\":\"https:\/\/www.visionxeurope.com\/se\/\"},{\"@type\":\"ListItem\",\"position\":2,\"name\":\"Webbutik\",\"item\":\"https:\/\/www.visionxeurope.com\/se\/webbutik\/\"},{\"@type\":\"ListItem\",\"position\":3,\"name\":\"VISION X UMX UTILITY EXTREME SQUARE 4&#8243; 35W 40\u00b0\"}]},{\"@type\":\"WebSite\",\"@id\":\"https:\/\/www.visionxeurope.com\/se\/#website\",\"url\":\"https:\/\/www.visionxeurope.com\/se\/\",\"name\":\"Vision X Europe\",\"description\":\"\",\"publisher\":{\"@id\":\"https:\/\/www.visionxeurope.com\/se\/#organization\"},\"potentialAction\":[{\"@type\":\"SearchAction\",\"target\":{\"@type\":\"EntryPoint\",\"urlTemplate\":\"https:\/\/www.visionxeurope.com\/se\/?s={search_term_string}\"},\"query-input\":{\"@type\":\"PropertyValueSpecification\",\"valueRequired\":true,\"valueName\":\"search_term_string\"}}],\"inLanguage\":\"sv-SE\"},{\"@type\":\"Organization\",\"@id\":\"https:\/\/www.visionxeurope.com\/se\/#organization\",\"name\":\"Vision X Europe\",\"url\":\"https:\/\/www.visionxeurope.com\/se\/\",\"logo\":{\"@type\":\"ImageObject\",\"inLanguage\":\"sv-SE\",\"@id\":\"https:\/\/www.visionxeurope.com\/se\/#\/schema\/logo\/image\/\",\"url\":\"https:\/\/www.visionxeurope.com\/se\/wp-content\/uploads\/sites\/7\/2021\/04\/visionxeurope.png\",\"contentUrl\":\"https:\/\/www.visionxeurope.com\/se\/wp-content\/uploads\/sites\/7\/2021\/04\/visionxeurope.png\",\"width\":300,\"height\":110,\"caption\":\"Vision X Europe\"},\"image\":{\"@id\":\"https:\/\/www.visionxeurope.com\/se\/#\/schema\/logo\/image\/\"},\"sameAs\":[\"https:\/\/www.facebook.com\/visionxeurope\",\"https:\/\/www.instagram.com\/visionxeurope\/\"]}]}<\/script>\n<meta property=\"product:price:amount\" content=\"2316.00\" \/>\n<meta property=\"product:price:currency\" content=\"SEK\" \/>\n<meta property=\"og:availability\" content=\"instock\" \/>\n<meta property=\"product:availability\" content=\"instock\" \/>\n<meta property=\"product:retailer_item_id\" content=\"XIL-UMX4440\" \/>\n<meta property=\"product:condition\" content=\"new\" \/>\n<!-- \/ Yoast SEO Premium plugin. -->","yoast_head_json":{"title":"VISION X UMX UTILITY EXTREME SQUARE 4\" 35W 40\u00b0 - Vision X Europe","robots":{"index":"index","follow":"follow","max-snippet":"max-snippet:-1","max-image-preview":"max-image-preview:large","max-video-preview":"max-video-preview:-1"},"canonical":"https:\/\/www.visionxeurope.com\/se\/webbutik\/vision-x-umx-utility-extreme-square-4-35w-40\/","og_locale":"sv_SE","og_type":"article","og_title":"VISION X UMX UTILITY EXTREME SQUARE 4\" 35W 40\u00b0","og_description":"Vision X har tagit fram en serie med LED arbetsbelysning d\u00e4r funktion och form har satts i f\u00f6rsta rummet. Formen \u00e4r klassisk f\u00f6r att passa i de flesta applikationerna med ett kraftigt skak och st\u00f6ts\u00e4kert hus i aluminium f\u00f6r att motst\u00e5 yttre \u00e5verkan och tuff milj\u00f6. Dioden best\u00e5r av sju h\u00f6geffektiva LED som tillsammans l\u00e4mnar hela 3 696 lumen och drar samtidigt endast 2.9 ampere. Lampan finns att f\u00e5 med flera olika ljusbilder beroende p\u00e5 anv\u00e4ndningsomr\u00e5de. IP68-klassning (3m vattendjup) och ett v\u00e4l tilltaget arbetstemperaturomr\u00e5de (-40\u00b0 till +85\u00b0) visar vad lampan g\u00e5r f\u00f6r. Arbetar du in en tuff milj\u00f6, \u00e4r tr\u00f6tt p\u00e5 trasiga lampor och gl\u00f6dlampor har du hittat r\u00e4tt. Vision X UMX Utility Extreme serien \u00e4r lampan du s\u00f6ker. Data:Lamphus: Robust aluminium.H\u00f6jdjustering: 90\u00b0 inbyggt i f\u00e4stet.Enkel installation med endast + &amp; \u2013 kabel.Sp\u00e4nning: 10-48 volt.V\u00e4derbest\u00e4ndig.Str\u00f6mf\u00f6rbrukning: 2.9 Amp vid 12 v.Klassning: IP68Vibrationsklassning: 8.6GArbetstemperaturomr\u00e5de: -40\u00b0C \u2013 +85\u00b0CH\u00f6jd: 119 mm (utan f\u00e4ste)Bredd: 119 mm (utan f\u00e4ste)Djup: 80 mm.Antal LED: 7LED: 5W, totalt 35WR\u00e5a lumen: 3 696Effektiva lumen: 2 950Lins: PolykarbonatKontakt: Deutsch kontaktLjusbild: 40\u00b0 (Flood)","og_url":"https:\/\/www.visionxeurope.com\/se\/webbutik\/vision-x-umx-utility-extreme-square-4-35w-40\/","og_site_name":"Vision X Europe","article_publisher":"https:\/\/www.facebook.com\/visionxeurope","article_modified_time":"2026-03-26T13:23:45+00:00","og_image":[{"width":450,"height":450,"url":"https:\/\/www.visionxeurope.com\/se\/wp-content\/uploads\/sites\/7\/2022\/04\/XIL-UMX4440.jpg","type":"image\/jpeg"}],"twitter_card":"summary_large_image","twitter_misc":{"Pris":"2 316,00&nbsp;&#107;&#114; exkl. moms","Tillg\u00e4nglig":"I lager"},"schema":{"@context":"https:\/\/schema.org","@graph":[{"@type":"WebPage","@id":"https:\/\/www.visionxeurope.com\/se\/webbutik\/vision-x-umx-utility-extreme-square-4-35w-40\/","url":"https:\/\/www.visionxeurope.com\/se\/webbutik\/vision-x-umx-utility-extreme-square-4-35w-40\/","name":"VISION X UMX UTILITY EXTREME SQUARE 4\" 35W 40\u00b0 - Vision X Europe","isPartOf":{"@id":"https:\/\/www.visionxeurope.com\/se\/#website"},"primaryImageOfPage":{"@id":"https:\/\/www.visionxeurope.com\/se\/webbutik\/vision-x-umx-utility-extreme-square-4-35w-40\/#primaryimage"},"image":{"@id":"https:\/\/www.visionxeurope.com\/se\/webbutik\/vision-x-umx-utility-extreme-square-4-35w-40\/#primaryimage"},"thumbnailUrl":"https:\/\/www.visionxeurope.com\/se\/wp-content\/uploads\/sites\/7\/2022\/04\/XIL-UMX4440.jpg","datePublished":"2014-04-23T07:56:27+00:00","dateModified":"2026-03-26T13:23:45+00:00","breadcrumb":{"@id":"https:\/\/www.visionxeurope.com\/se\/webbutik\/vision-x-umx-utility-extreme-square-4-35w-40\/#breadcrumb"},"inLanguage":"sv-SE","potentialAction":[{"@type":"ReadAction","target":["https:\/\/www.visionxeurope.com\/se\/webbutik\/vision-x-umx-utility-extreme-square-4-35w-40\/"]}]},{"@type":"ImageObject","inLanguage":"sv-SE","@id":"https:\/\/www.visionxeurope.com\/se\/webbutik\/vision-x-umx-utility-extreme-square-4-35w-40\/#primaryimage","url":"https:\/\/www.visionxeurope.com\/se\/wp-content\/uploads\/sites\/7\/2022\/04\/XIL-UMX4440.jpg","contentUrl":"https:\/\/www.visionxeurope.com\/se\/wp-content\/uploads\/sites\/7\/2022\/04\/XIL-UMX4440.jpg","width":450,"height":450},{"@type":"BreadcrumbList","@id":"https:\/\/www.visionxeurope.com\/se\/webbutik\/vision-x-umx-utility-extreme-square-4-35w-40\/#breadcrumb","itemListElement":[{"@type":"ListItem","position":1,"name":"Hem","item":"https:\/\/www.visionxeurope.com\/se\/"},{"@type":"ListItem","position":2,"name":"Webbutik","item":"https:\/\/www.visionxeurope.com\/se\/webbutik\/"},{"@type":"ListItem","position":3,"name":"VISION X UMX UTILITY EXTREME SQUARE 4&#8243; 35W 40\u00b0"}]},{"@type":"WebSite","@id":"https:\/\/www.visionxeurope.com\/se\/#website","url":"https:\/\/www.visionxeurope.com\/se\/","name":"Vision X Europe","description":"","publisher":{"@id":"https:\/\/www.visionxeurope.com\/se\/#organization"},"potentialAction":[{"@type":"SearchAction","target":{"@type":"EntryPoint","urlTemplate":"https:\/\/www.visionxeurope.com\/se\/?s={search_term_string}"},"query-input":{"@type":"PropertyValueSpecification","valueRequired":true,"valueName":"search_term_string"}}],"inLanguage":"sv-SE"},{"@type":"Organization","@id":"https:\/\/www.visionxeurope.com\/se\/#organization","name":"Vision X Europe","url":"https:\/\/www.visionxeurope.com\/se\/","logo":{"@type":"ImageObject","inLanguage":"sv-SE","@id":"https:\/\/www.visionxeurope.com\/se\/#\/schema\/logo\/image\/","url":"https:\/\/www.visionxeurope.com\/se\/wp-content\/uploads\/sites\/7\/2021\/04\/visionxeurope.png","contentUrl":"https:\/\/www.visionxeurope.com\/se\/wp-content\/uploads\/sites\/7\/2021\/04\/visionxeurope.png","width":300,"height":110,"caption":"Vision X Europe"},"image":{"@id":"https:\/\/www.visionxeurope.com\/se\/#\/schema\/logo\/image\/"},"sameAs":["https:\/\/www.facebook.com\/visionxeurope","https:\/\/www.instagram.com\/visionxeurope\/"]}]},"product_price_amount":"2316.00","product_price_currency":"SEK","og_availability":"instock","product_availability":"instock","product_retailer_item_id":"XIL-UMX4440","product_condition":"new"},"_links":{"self":[{"href":"https:\/\/www.visionxeurope.com\/se\/wp-json\/wp\/v2\/product\/13599","targetHints":{"allow":["GET"]}}],"collection":[{"href":"https:\/\/www.visionxeurope.com\/se\/wp-json\/wp\/v2\/product"}],"about":[{"href":"https:\/\/www.visionxeurope.com\/se\/wp-json\/wp\/v2\/types\/product"}],"replies":[{"embeddable":true,"href":"https:\/\/www.visionxeurope.com\/se\/wp-json\/wp\/v2\/comments?post=13599"}],"wp:featuredmedia":[{"embeddable":true,"href":"https:\/\/www.visionxeurope.com\/se\/wp-json\/wp\/v2\/media\/15373"}],"wp:attachment":[{"href":"https:\/\/www.visionxeurope.com\/se\/wp-json\/wp\/v2\/media?parent=13599"}],"wp:term":[{"taxonomy":"product_brand","embeddable":true,"href":"https:\/\/www.visionxeurope.com\/se\/wp-json\/wp\/v2\/product_brand?post=13599"},{"taxonomy":"product_cat","embeddable":true,"href":"https:\/\/www.visionxeurope.com\/se\/wp-json\/wp\/v2\/product_cat?post=13599"},{"taxonomy":"product_tag","embeddable":true,"href":"https:\/\/www.visionxeurope.com\/se\/wp-json\/wp\/v2\/product_tag?post=13599"}],"curies":[{"name":"wp","href":"https:\/\/api.w.org\/{rel}","templated":true}]}}