{"id":13587,"date":"2014-04-23T09:56:27","date_gmt":"2014-04-23T07:56:27","guid":{"rendered":"https:\/\/www.visionxeurope.com\/se\/produkt\/vision-x-led-strobe-beacon-3-6w-360-vit\/"},"modified":"2026-01-08T21:30:39","modified_gmt":"2026-01-08T20:30:39","slug":"vision-x-led-strobe-beacon-3-6w-360-vit","status":"publish","type":"product","link":"https:\/\/www.visionxeurope.com\/se\/webbutik\/vision-x-led-strobe-beacon-3-6w-360-vit\/","title":{"rendered":"VISION X LED STROBE BEACON 3.6W 360\u00b0 VIT"},"content":{"rendered":"<p><\/p>\n<p>Vision X LED Strobe Beacon Light ger ett stort ljus f\u00f6r sm\u00e5 pengar om man ser till livsl\u00e4ngden och hur lite str\u00f6m den drar j\u00e4mf\u00f6rt med traditionella roterare. Med en klar lins och 18 stycken f\u00e4rgade dioder f\u00e5r man mesta m\u00f6jliga ljus ut ur blixtljuset d\u00e5 inte linsen \u201c\u00e4ter\u201d upp ljusfl\u00f6det.<\/p>\n<p><\/p>\n<p><\/p>\n<p>Lampan har inbyggd magnet i foten och Deutsch kontakt f\u00f6r enkelt montage p\u00e5 t.ex. hyttaket.<\/p>\n<p><\/p>\n<p><\/p>\n<p><strong>Data:<\/strong><br \/>Watt: 3.6<br \/>Sp\u00e4nning: 12-32V<br \/>Str\u00f6mf\u00f6rbrukning: 0.3A<br \/>Arbetstemperaturomr\u00e5de: -40\u00b0 till +50\u00b0 celcius<br \/>Livstid: 50 000 timmar<br \/>Fot: Magnetfot<br \/>H\u00f6jd: 130mm<br \/>Diameter lins: 65mm<br \/>Diameter fot: 72mm<br \/>CC m\u00e5tt inf\u00e4stning: 85mm<br \/>Antal LED: 18st.<br \/>R\u00e5a&nbsp;lumen: 252<br \/>F\u00e4rg:&nbsp;Vit<\/p>\n<p><\/p>","protected":false},"excerpt":{"rendered":"<p>Vision X LED Strobe Beacon Light ger ett stort ljus f\u00f6r sm\u00e5 pengar om man ser till livsl\u00e4ngden och hur lite str\u00f6m den drar j\u00e4mf\u00f6rt med traditionella roterare. Med en klar lins och 18 stycken f\u00e4rgade dioder f\u00e5r man mesta m\u00f6jliga ljus ut ur blixtljuset d\u00e5 inte linsen \u201c\u00e4ter\u201d upp ljusfl\u00f6det.<\/p>\n<p>Lampan har inbyggd magnet i foten och Deutsch kontakt f\u00f6r enkelt montage p\u00e5 t.ex. hyttaket.<\/p>\n<p><strong>Data:<\/strong><br \/>Watt: 3.6<br \/>Sp\u00e4nning: 12-32V<br \/>Str\u00f6mf\u00f6rbrukning: 0.3A<br \/>Arbetstemperaturomr\u00e5de: -40\u00b0 till +50\u00b0 celcius<br \/>Livstid: 50 000 timmar<br \/>Fot: Magnetfot<br \/>H\u00f6jd: 130mm<br \/>Diameter lins: 65mm<br \/>Diameter fot: 72mm<br \/>CC m\u00e5tt inf\u00e4stning: 85mm<br \/>Antal LED: 18st.<br \/>R\u00e5a&nbsp;lumen: 252<br \/>F\u00e4rg:&nbsp;Vit<\/p>\n","protected":false},"featured_media":8367,"comment_status":"open","ping_status":"open","template":"","meta":{"editor_notices":[]},"product_brand":[],"product_cat":[801],"product_tag":[],"class_list":{"0":"post-13587","1":"product","2":"type-product","3":"status-publish","4":"has-post-thumbnail","6":"product_cat-led-blixtljus-beacons","7":"resize-featured-image","8":"","9":"woocommerce-text-align-left","10":"woocommerce-image-align-center","12":"first","13":"instock","14":"taxable","15":"shipping-taxable","16":"product-type-simple"},"yoast_head":"<!-- This site is optimized with the Yoast SEO Premium plugin v25.0 (Yoast SEO v25.0) - https:\/\/yoast.com\/wordpress\/plugins\/seo\/ -->\n<title>VISION X LED STROBE BEACON 3.6W 360\u00b0 VIT - Vision X Europe<\/title>\n<meta name=\"robots\" content=\"index, follow, max-snippet:-1, max-image-preview:large, max-video-preview:-1\" \/>\n<link rel=\"canonical\" href=\"https:\/\/www.visionxeurope.com\/se\/webbutik\/vision-x-led-strobe-beacon-3-6w-360-vit\/\" \/>\n<meta property=\"og:locale\" content=\"sv_SE\" \/>\n<meta property=\"og:type\" content=\"article\" \/>\n<meta property=\"og:title\" content=\"VISION X LED STROBE BEACON 3.6W 360\u00b0 VIT\" \/>\n<meta property=\"og:description\" content=\"Vision X LED Strobe Beacon Light ger ett stort ljus f\u00f6r sm\u00e5 pengar om man ser till livsl\u00e4ngden och hur lite str\u00f6m den drar j\u00e4mf\u00f6rt med traditionella roterare. Med en klar lins och 18 stycken f\u00e4rgade dioder f\u00e5r man mesta m\u00f6jliga ljus ut ur blixtljuset d\u00e5 inte linsen \u201c\u00e4ter\u201d upp ljusfl\u00f6det. Lampan har inbyggd magnet i foten och Deutsch kontakt f\u00f6r enkelt montage p\u00e5 t.ex. hyttaket. Data:Watt: 3.6Sp\u00e4nning: 12-32VStr\u00f6mf\u00f6rbrukning: 0.3AArbetstemperaturomr\u00e5de: -40\u00b0 till +50\u00b0 celciusLivstid: 50 000 timmarFot: MagnetfotH\u00f6jd: 130mmDiameter lins: 65mmDiameter fot: 72mmCC m\u00e5tt inf\u00e4stning: 85mmAntal LED: 18st.R\u00e5a&nbsp;lumen: 252F\u00e4rg:&nbsp;Vit\" \/>\n<meta property=\"og:url\" content=\"https:\/\/www.visionxeurope.com\/se\/webbutik\/vision-x-led-strobe-beacon-3-6w-360-vit\/\" \/>\n<meta property=\"og:site_name\" content=\"Vision X Europe\" \/>\n<meta property=\"article:publisher\" content=\"https:\/\/www.facebook.com\/visionxeurope\" \/>\n<meta property=\"article:modified_time\" content=\"2026-01-08T20:30:39+00:00\" \/>\n<meta property=\"og:image\" content=\"https:\/\/www.rindab.se\/wp-content\/uploads\/sites\/7\/2021\/05\/XIL-UBW.jpg\" \/>\n\t<meta property=\"og:image:width\" content=\"450\" \/>\n\t<meta property=\"og:image:height\" content=\"450\" \/>\n\t<meta property=\"og:image:type\" content=\"image\/jpeg\" \/>\n<meta name=\"twitter:card\" content=\"summary_large_image\" \/>\n<meta name=\"twitter:label1\" content=\"Pris\" \/>\n\t<meta name=\"twitter:data1\" content=\"929,00&nbsp;&#107;&#114; exkl. moms\" \/>\n\t<meta name=\"twitter:label2\" content=\"Tillg\u00e4nglig\" \/>\n\t<meta name=\"twitter:data2\" content=\"I lager\" \/>\n<script type=\"application\/ld+json\" class=\"yoast-schema-graph\">{\"@context\":\"https:\/\/schema.org\",\"@graph\":[{\"@type\":\"WebPage\",\"@id\":\"https:\/\/www.visionxeurope.com\/se\/webbutik\/vision-x-led-strobe-beacon-3-6w-360-vit\/\",\"url\":\"https:\/\/www.visionxeurope.com\/se\/webbutik\/vision-x-led-strobe-beacon-3-6w-360-vit\/\",\"name\":\"VISION X LED STROBE BEACON 3.6W 360\u00b0 VIT - Vision X Europe\",\"isPartOf\":{\"@id\":\"https:\/\/www.visionxeurope.com\/se\/#website\"},\"primaryImageOfPage\":{\"@id\":\"https:\/\/www.visionxeurope.com\/se\/webbutik\/vision-x-led-strobe-beacon-3-6w-360-vit\/#primaryimage\"},\"image\":{\"@id\":\"https:\/\/www.visionxeurope.com\/se\/webbutik\/vision-x-led-strobe-beacon-3-6w-360-vit\/#primaryimage\"},\"thumbnailUrl\":\"https:\/\/www.visionxeurope.com\/se\/wp-content\/uploads\/sites\/7\/2021\/05\/XIL-UBW.jpg\",\"datePublished\":\"2014-04-23T07:56:27+00:00\",\"dateModified\":\"2026-01-08T20:30:39+00:00\",\"breadcrumb\":{\"@id\":\"https:\/\/www.visionxeurope.com\/se\/webbutik\/vision-x-led-strobe-beacon-3-6w-360-vit\/#breadcrumb\"},\"inLanguage\":\"sv-SE\",\"potentialAction\":[{\"@type\":\"ReadAction\",\"target\":[\"https:\/\/www.visionxeurope.com\/se\/webbutik\/vision-x-led-strobe-beacon-3-6w-360-vit\/\"]}]},{\"@type\":\"ImageObject\",\"inLanguage\":\"sv-SE\",\"@id\":\"https:\/\/www.visionxeurope.com\/se\/webbutik\/vision-x-led-strobe-beacon-3-6w-360-vit\/#primaryimage\",\"url\":\"https:\/\/www.visionxeurope.com\/se\/wp-content\/uploads\/sites\/7\/2021\/05\/XIL-UBW.jpg\",\"contentUrl\":\"https:\/\/www.visionxeurope.com\/se\/wp-content\/uploads\/sites\/7\/2021\/05\/XIL-UBW.jpg\",\"width\":450,\"height\":450},{\"@type\":\"BreadcrumbList\",\"@id\":\"https:\/\/www.visionxeurope.com\/se\/webbutik\/vision-x-led-strobe-beacon-3-6w-360-vit\/#breadcrumb\",\"itemListElement\":[{\"@type\":\"ListItem\",\"position\":1,\"name\":\"Hem\",\"item\":\"https:\/\/www.visionxeurope.com\/se\/\"},{\"@type\":\"ListItem\",\"position\":2,\"name\":\"Webbutik\",\"item\":\"https:\/\/www.visionxeurope.com\/se\/webbutik\/\"},{\"@type\":\"ListItem\",\"position\":3,\"name\":\"VISION X LED STROBE BEACON 3.6W 360\u00b0 VIT\"}]},{\"@type\":\"WebSite\",\"@id\":\"https:\/\/www.visionxeurope.com\/se\/#website\",\"url\":\"https:\/\/www.visionxeurope.com\/se\/\",\"name\":\"Vision X Europe\",\"description\":\"\",\"publisher\":{\"@id\":\"https:\/\/www.visionxeurope.com\/se\/#organization\"},\"potentialAction\":[{\"@type\":\"SearchAction\",\"target\":{\"@type\":\"EntryPoint\",\"urlTemplate\":\"https:\/\/www.visionxeurope.com\/se\/?s={search_term_string}\"},\"query-input\":{\"@type\":\"PropertyValueSpecification\",\"valueRequired\":true,\"valueName\":\"search_term_string\"}}],\"inLanguage\":\"sv-SE\"},{\"@type\":\"Organization\",\"@id\":\"https:\/\/www.visionxeurope.com\/se\/#organization\",\"name\":\"Vision X Europe\",\"url\":\"https:\/\/www.visionxeurope.com\/se\/\",\"logo\":{\"@type\":\"ImageObject\",\"inLanguage\":\"sv-SE\",\"@id\":\"https:\/\/www.visionxeurope.com\/se\/#\/schema\/logo\/image\/\",\"url\":\"https:\/\/www.visionxeurope.com\/se\/wp-content\/uploads\/sites\/7\/2021\/04\/visionxeurope.png\",\"contentUrl\":\"https:\/\/www.visionxeurope.com\/se\/wp-content\/uploads\/sites\/7\/2021\/04\/visionxeurope.png\",\"width\":300,\"height\":110,\"caption\":\"Vision X Europe\"},\"image\":{\"@id\":\"https:\/\/www.visionxeurope.com\/se\/#\/schema\/logo\/image\/\"},\"sameAs\":[\"https:\/\/www.facebook.com\/visionxeurope\",\"https:\/\/www.instagram.com\/visionxeurope\/\"]}]}<\/script>\n<meta property=\"product:price:amount\" content=\"929.00\" \/>\n<meta property=\"product:price:currency\" content=\"SEK\" \/>\n<meta property=\"og:availability\" content=\"instock\" \/>\n<meta property=\"product:availability\" content=\"instock\" \/>\n<meta property=\"product:retailer_item_id\" content=\"XIL-UBW\" \/>\n<meta property=\"product:condition\" content=\"new\" \/>\n<!-- \/ Yoast SEO Premium plugin. -->","yoast_head_json":{"title":"VISION X LED STROBE BEACON 3.6W 360\u00b0 VIT - Vision X Europe","robots":{"index":"index","follow":"follow","max-snippet":"max-snippet:-1","max-image-preview":"max-image-preview:large","max-video-preview":"max-video-preview:-1"},"canonical":"https:\/\/www.visionxeurope.com\/se\/webbutik\/vision-x-led-strobe-beacon-3-6w-360-vit\/","og_locale":"sv_SE","og_type":"article","og_title":"VISION X LED STROBE BEACON 3.6W 360\u00b0 VIT","og_description":"Vision X LED Strobe Beacon Light ger ett stort ljus f\u00f6r sm\u00e5 pengar om man ser till livsl\u00e4ngden och hur lite str\u00f6m den drar j\u00e4mf\u00f6rt med traditionella roterare. Med en klar lins och 18 stycken f\u00e4rgade dioder f\u00e5r man mesta m\u00f6jliga ljus ut ur blixtljuset d\u00e5 inte linsen \u201c\u00e4ter\u201d upp ljusfl\u00f6det. Lampan har inbyggd magnet i foten och Deutsch kontakt f\u00f6r enkelt montage p\u00e5 t.ex. hyttaket. Data:Watt: 3.6Sp\u00e4nning: 12-32VStr\u00f6mf\u00f6rbrukning: 0.3AArbetstemperaturomr\u00e5de: -40\u00b0 till +50\u00b0 celciusLivstid: 50 000 timmarFot: MagnetfotH\u00f6jd: 130mmDiameter lins: 65mmDiameter fot: 72mmCC m\u00e5tt inf\u00e4stning: 85mmAntal LED: 18st.R\u00e5a&nbsp;lumen: 252F\u00e4rg:&nbsp;Vit","og_url":"https:\/\/www.visionxeurope.com\/se\/webbutik\/vision-x-led-strobe-beacon-3-6w-360-vit\/","og_site_name":"Vision X Europe","article_publisher":"https:\/\/www.facebook.com\/visionxeurope","article_modified_time":"2026-01-08T20:30:39+00:00","og_image":[{"width":450,"height":450,"url":"https:\/\/www.rindab.se\/wp-content\/uploads\/sites\/7\/2021\/05\/XIL-UBW.jpg","type":"image\/jpeg"}],"twitter_card":"summary_large_image","twitter_misc":{"Pris":"929,00&nbsp;&#107;&#114; exkl. moms","Tillg\u00e4nglig":"I lager"},"schema":{"@context":"https:\/\/schema.org","@graph":[{"@type":"WebPage","@id":"https:\/\/www.visionxeurope.com\/se\/webbutik\/vision-x-led-strobe-beacon-3-6w-360-vit\/","url":"https:\/\/www.visionxeurope.com\/se\/webbutik\/vision-x-led-strobe-beacon-3-6w-360-vit\/","name":"VISION X LED STROBE BEACON 3.6W 360\u00b0 VIT - Vision X Europe","isPartOf":{"@id":"https:\/\/www.visionxeurope.com\/se\/#website"},"primaryImageOfPage":{"@id":"https:\/\/www.visionxeurope.com\/se\/webbutik\/vision-x-led-strobe-beacon-3-6w-360-vit\/#primaryimage"},"image":{"@id":"https:\/\/www.visionxeurope.com\/se\/webbutik\/vision-x-led-strobe-beacon-3-6w-360-vit\/#primaryimage"},"thumbnailUrl":"https:\/\/www.visionxeurope.com\/se\/wp-content\/uploads\/sites\/7\/2021\/05\/XIL-UBW.jpg","datePublished":"2014-04-23T07:56:27+00:00","dateModified":"2026-01-08T20:30:39+00:00","breadcrumb":{"@id":"https:\/\/www.visionxeurope.com\/se\/webbutik\/vision-x-led-strobe-beacon-3-6w-360-vit\/#breadcrumb"},"inLanguage":"sv-SE","potentialAction":[{"@type":"ReadAction","target":["https:\/\/www.visionxeurope.com\/se\/webbutik\/vision-x-led-strobe-beacon-3-6w-360-vit\/"]}]},{"@type":"ImageObject","inLanguage":"sv-SE","@id":"https:\/\/www.visionxeurope.com\/se\/webbutik\/vision-x-led-strobe-beacon-3-6w-360-vit\/#primaryimage","url":"https:\/\/www.visionxeurope.com\/se\/wp-content\/uploads\/sites\/7\/2021\/05\/XIL-UBW.jpg","contentUrl":"https:\/\/www.visionxeurope.com\/se\/wp-content\/uploads\/sites\/7\/2021\/05\/XIL-UBW.jpg","width":450,"height":450},{"@type":"BreadcrumbList","@id":"https:\/\/www.visionxeurope.com\/se\/webbutik\/vision-x-led-strobe-beacon-3-6w-360-vit\/#breadcrumb","itemListElement":[{"@type":"ListItem","position":1,"name":"Hem","item":"https:\/\/www.visionxeurope.com\/se\/"},{"@type":"ListItem","position":2,"name":"Webbutik","item":"https:\/\/www.visionxeurope.com\/se\/webbutik\/"},{"@type":"ListItem","position":3,"name":"VISION X LED STROBE BEACON 3.6W 360\u00b0 VIT"}]},{"@type":"WebSite","@id":"https:\/\/www.visionxeurope.com\/se\/#website","url":"https:\/\/www.visionxeurope.com\/se\/","name":"Vision X Europe","description":"","publisher":{"@id":"https:\/\/www.visionxeurope.com\/se\/#organization"},"potentialAction":[{"@type":"SearchAction","target":{"@type":"EntryPoint","urlTemplate":"https:\/\/www.visionxeurope.com\/se\/?s={search_term_string}"},"query-input":{"@type":"PropertyValueSpecification","valueRequired":true,"valueName":"search_term_string"}}],"inLanguage":"sv-SE"},{"@type":"Organization","@id":"https:\/\/www.visionxeurope.com\/se\/#organization","name":"Vision X Europe","url":"https:\/\/www.visionxeurope.com\/se\/","logo":{"@type":"ImageObject","inLanguage":"sv-SE","@id":"https:\/\/www.visionxeurope.com\/se\/#\/schema\/logo\/image\/","url":"https:\/\/www.visionxeurope.com\/se\/wp-content\/uploads\/sites\/7\/2021\/04\/visionxeurope.png","contentUrl":"https:\/\/www.visionxeurope.com\/se\/wp-content\/uploads\/sites\/7\/2021\/04\/visionxeurope.png","width":300,"height":110,"caption":"Vision X Europe"},"image":{"@id":"https:\/\/www.visionxeurope.com\/se\/#\/schema\/logo\/image\/"},"sameAs":["https:\/\/www.facebook.com\/visionxeurope","https:\/\/www.instagram.com\/visionxeurope\/"]}]},"product_price_amount":"929.00","product_price_currency":"SEK","og_availability":"instock","product_availability":"instock","product_retailer_item_id":"XIL-UBW","product_condition":"new"},"_links":{"self":[{"href":"https:\/\/www.visionxeurope.com\/se\/wp-json\/wp\/v2\/product\/13587","targetHints":{"allow":["GET"]}}],"collection":[{"href":"https:\/\/www.visionxeurope.com\/se\/wp-json\/wp\/v2\/product"}],"about":[{"href":"https:\/\/www.visionxeurope.com\/se\/wp-json\/wp\/v2\/types\/product"}],"replies":[{"embeddable":true,"href":"https:\/\/www.visionxeurope.com\/se\/wp-json\/wp\/v2\/comments?post=13587"}],"wp:featuredmedia":[{"embeddable":true,"href":"https:\/\/www.visionxeurope.com\/se\/wp-json\/wp\/v2\/media\/8367"}],"wp:attachment":[{"href":"https:\/\/www.visionxeurope.com\/se\/wp-json\/wp\/v2\/media?parent=13587"}],"wp:term":[{"taxonomy":"product_brand","embeddable":true,"href":"https:\/\/www.visionxeurope.com\/se\/wp-json\/wp\/v2\/product_brand?post=13587"},{"taxonomy":"product_cat","embeddable":true,"href":"https:\/\/www.visionxeurope.com\/se\/wp-json\/wp\/v2\/product_cat?post=13587"},{"taxonomy":"product_tag","embeddable":true,"href":"https:\/\/www.visionxeurope.com\/se\/wp-json\/wp\/v2\/product_tag?post=13587"}],"curies":[{"name":"wp","href":"https:\/\/api.w.org\/{rel}","templated":true}]}}