{"id":13580,"date":"2014-04-23T09:56:27","date_gmt":"2014-04-23T07:56:27","guid":{"rendered":"https:\/\/www.visionxeurope.com\/se\/produkt\/vision-x-subaqua-12w-wide-flood-bla\/"},"modified":"2026-01-08T19:45:43","modified_gmt":"2026-01-08T18:45:43","slug":"vision-x-subaqua-12w-wide-flood-bla","status":"publish","type":"product","link":"https:\/\/www.visionxeurope.com\/se\/webbutik\/vision-x-subaqua-12w-wide-flood-bla\/","title":{"rendered":"VISION X SUBAQUA 12W WIDE FLOOD BL\u00c5"},"content":{"rendered":"<p><\/p>\n<p>Vision X Subaqua \u00e4r framtagna f\u00f6r montage under vattenlinjen och hanterar djup upp till 30 meter.<br \/>Monteras med f\u00f6rdel p\u00e5 b\u00e5tar, jetski, pr\u00e5mar, husb\u00e5tar m.m. f\u00f6r trivselbelysning eller som rent service eller arbetsljus.<\/p>\n<p><\/p>\n<p><\/p>\n<p>T\u00e5ligt aluminiumhus och polykarbonatlins ser till att h\u00e5llbarheten finns. Subaqua hanterar vibrationer upp till 8.6G utan problem.<\/p>\n<p><\/p>\n<p><\/p>\n<p>Med 720 lumens ljusstyrka och endast 1 amperes f\u00f6rbrukning ger det mycket ljus utan att suga ur batterierna&#8230;<\/p>\n<p><\/p>\n<p><\/p>\n<p><strong>Data:<\/strong><br \/>F\u00e4rg p\u00e5 ljus: Bl\u00e5<br \/>Str\u00f6mstyrka: 11-32V<br \/>M\u00e5tt: 107mm diam. 31mm djup<br \/>Amperef\u00f6rbrukning: 1 AMP vid 12v<br \/>Antal dioder: 4 stycken<br \/>Diodens styrka: 3 watt<br \/>Klassning djup: 30 meter<br \/>IP klassning: IP68<br \/>Arbetstemperatur: -40\u00b0 till +50\u00b0 Celsius<br \/>Ljusbild: Flood (ca 40\u00b0 spridning)<\/p>\n<p><\/p>\n<p><\/p>\n<p>Subaqua s\u00e4ljs styckvis<\/p>\n<p><\/p>","protected":false},"excerpt":{"rendered":"<p>Vision X Subaqua \u00e4r framtagna f\u00f6r montage under vattenlinjen och hanterar djup upp till 30 meter.<br \/>Monteras med f\u00f6rdel p\u00e5 b\u00e5tar, jetski, pr\u00e5mar, husb\u00e5tar m.m. f\u00f6r trivselbelysning eller som rent service eller arbetsljus.<\/p>\n<p>T\u00e5ligt aluminiumhus och polykarbonatlins ser till att h\u00e5llbarheten finns. Subaqua hanterar vibrationer upp till 8.6G utan problem.<\/p>\n<p>Med 720 lumens ljusstyrka och endast 1 amperes f\u00f6rbrukning ger det mycket ljus utan att suga ur batterierna&#8230;<\/p>\n<p><strong>Data:<\/strong><br \/>F\u00e4rg p\u00e5 ljus: Bl\u00e5<br \/>Str\u00f6mstyrka: 11-32V<br \/>M\u00e5tt: 107mm diam. 31mm djup<br \/>Amperef\u00f6rbrukning: 1 AMP vid 12v<br \/>Antal dioder: 4 stycken<br \/>Diodens styrka: 3 watt<br \/>Klassning djup: 30 meter<br \/>IP klassning: IP68<br \/>Arbetstemperatur: -40\u00b0 till +50\u00b0 Celsius<br \/>Ljusbild: Flood (ca 40\u00b0 spridning)<\/p>\n<p>Subaqua s\u00e4ljs styckvis<\/p>\n","protected":false},"featured_media":15337,"comment_status":"open","ping_status":"open","template":"","meta":{"editor_notices":[]},"product_brand":[],"product_cat":[85],"product_tag":[],"class_list":{"0":"post-13580","1":"product","2":"type-product","3":"status-publish","4":"has-post-thumbnail","6":"product_cat-undervattensbelysning","7":"resize-featured-image","8":"","9":"woocommerce-text-align-left","10":"woocommerce-image-align-center","12":"first","13":"outofstock","14":"taxable","15":"shipping-taxable","16":"product-type-simple"},"yoast_head":"<!-- This site is optimized with the Yoast SEO Premium plugin v25.0 (Yoast SEO v25.0) - https:\/\/yoast.com\/wordpress\/plugins\/seo\/ -->\n<title>VISION X SUBAQUA 12W WIDE FLOOD BL\u00c5 - Vision X Europe<\/title>\n<meta name=\"robots\" content=\"index, follow, max-snippet:-1, max-image-preview:large, max-video-preview:-1\" \/>\n<link rel=\"canonical\" href=\"https:\/\/www.visionxeurope.com\/se\/webbutik\/vision-x-subaqua-12w-wide-flood-bla\/\" \/>\n<meta property=\"og:locale\" content=\"sv_SE\" \/>\n<meta property=\"og:type\" content=\"article\" \/>\n<meta property=\"og:title\" content=\"VISION X SUBAQUA 12W WIDE FLOOD BL\u00c5\" \/>\n<meta property=\"og:description\" content=\"Vision X Subaqua \u00e4r framtagna f\u00f6r montage under vattenlinjen och hanterar djup upp till 30 meter.Monteras med f\u00f6rdel p\u00e5 b\u00e5tar, jetski, pr\u00e5mar, husb\u00e5tar m.m. f\u00f6r trivselbelysning eller som rent service eller arbetsljus. T\u00e5ligt aluminiumhus och polykarbonatlins ser till att h\u00e5llbarheten finns. Subaqua hanterar vibrationer upp till 8.6G utan problem. Med 720 lumens ljusstyrka och endast 1 amperes f\u00f6rbrukning ger det mycket ljus utan att suga ur batterierna&#8230; Data:F\u00e4rg p\u00e5 ljus: Bl\u00e5Str\u00f6mstyrka: 11-32VM\u00e5tt: 107mm diam. 31mm djupAmperef\u00f6rbrukning: 1 AMP vid 12vAntal dioder: 4 styckenDiodens styrka: 3 wattKlassning djup: 30 meterIP klassning: IP68Arbetstemperatur: -40\u00b0 till +50\u00b0 CelsiusLjusbild: Flood (ca 40\u00b0 spridning) Subaqua s\u00e4ljs styckvis\" \/>\n<meta property=\"og:url\" content=\"https:\/\/www.visionxeurope.com\/se\/webbutik\/vision-x-subaqua-12w-wide-flood-bla\/\" \/>\n<meta property=\"og:site_name\" content=\"Vision X Europe\" \/>\n<meta property=\"article:publisher\" content=\"https:\/\/www.facebook.com\/visionxeurope\" \/>\n<meta property=\"article:modified_time\" content=\"2026-01-08T18:45:43+00:00\" \/>\n<meta property=\"og:image\" content=\"https:\/\/www.rindab.se\/wp-content\/uploads\/sites\/7\/2022\/04\/XIL-U41B.jpg\" \/>\n\t<meta property=\"og:image:width\" content=\"450\" \/>\n\t<meta property=\"og:image:height\" content=\"450\" \/>\n\t<meta property=\"og:image:type\" content=\"image\/jpeg\" \/>\n<meta name=\"twitter:card\" content=\"summary_large_image\" \/>\n<meta name=\"twitter:label1\" content=\"Pris\" \/>\n\t<meta name=\"twitter:data1\" content=\"2 239,00&nbsp;&#107;&#114; exkl. moms\" \/>\n\t<meta name=\"twitter:label2\" content=\"Tillg\u00e4nglig\" \/>\n\t<meta name=\"twitter:data2\" content=\"Slut i lager\" \/>\n<script type=\"application\/ld+json\" class=\"yoast-schema-graph\">{\"@context\":\"https:\/\/schema.org\",\"@graph\":[{\"@type\":\"WebPage\",\"@id\":\"https:\/\/www.visionxeurope.com\/se\/webbutik\/vision-x-subaqua-12w-wide-flood-bla\/\",\"url\":\"https:\/\/www.visionxeurope.com\/se\/webbutik\/vision-x-subaqua-12w-wide-flood-bla\/\",\"name\":\"VISION X SUBAQUA 12W WIDE FLOOD BL\u00c5 - Vision X Europe\",\"isPartOf\":{\"@id\":\"https:\/\/www.visionxeurope.com\/se\/#website\"},\"primaryImageOfPage\":{\"@id\":\"https:\/\/www.visionxeurope.com\/se\/webbutik\/vision-x-subaqua-12w-wide-flood-bla\/#primaryimage\"},\"image\":{\"@id\":\"https:\/\/www.visionxeurope.com\/se\/webbutik\/vision-x-subaqua-12w-wide-flood-bla\/#primaryimage\"},\"thumbnailUrl\":\"https:\/\/www.visionxeurope.com\/se\/wp-content\/uploads\/sites\/7\/2022\/04\/XIL-U41B.jpg\",\"datePublished\":\"2014-04-23T07:56:27+00:00\",\"dateModified\":\"2026-01-08T18:45:43+00:00\",\"breadcrumb\":{\"@id\":\"https:\/\/www.visionxeurope.com\/se\/webbutik\/vision-x-subaqua-12w-wide-flood-bla\/#breadcrumb\"},\"inLanguage\":\"sv-SE\",\"potentialAction\":[{\"@type\":\"ReadAction\",\"target\":[\"https:\/\/www.visionxeurope.com\/se\/webbutik\/vision-x-subaqua-12w-wide-flood-bla\/\"]}]},{\"@type\":\"ImageObject\",\"inLanguage\":\"sv-SE\",\"@id\":\"https:\/\/www.visionxeurope.com\/se\/webbutik\/vision-x-subaqua-12w-wide-flood-bla\/#primaryimage\",\"url\":\"https:\/\/www.visionxeurope.com\/se\/wp-content\/uploads\/sites\/7\/2022\/04\/XIL-U41B.jpg\",\"contentUrl\":\"https:\/\/www.visionxeurope.com\/se\/wp-content\/uploads\/sites\/7\/2022\/04\/XIL-U41B.jpg\",\"width\":450,\"height\":450},{\"@type\":\"BreadcrumbList\",\"@id\":\"https:\/\/www.visionxeurope.com\/se\/webbutik\/vision-x-subaqua-12w-wide-flood-bla\/#breadcrumb\",\"itemListElement\":[{\"@type\":\"ListItem\",\"position\":1,\"name\":\"Hem\",\"item\":\"https:\/\/www.visionxeurope.com\/se\/\"},{\"@type\":\"ListItem\",\"position\":2,\"name\":\"Webbutik\",\"item\":\"https:\/\/www.visionxeurope.com\/se\/webbutik\/\"},{\"@type\":\"ListItem\",\"position\":3,\"name\":\"VISION X SUBAQUA 12W WIDE FLOOD BL\u00c5\"}]},{\"@type\":\"WebSite\",\"@id\":\"https:\/\/www.visionxeurope.com\/se\/#website\",\"url\":\"https:\/\/www.visionxeurope.com\/se\/\",\"name\":\"Vision X Europe\",\"description\":\"\",\"publisher\":{\"@id\":\"https:\/\/www.visionxeurope.com\/se\/#organization\"},\"potentialAction\":[{\"@type\":\"SearchAction\",\"target\":{\"@type\":\"EntryPoint\",\"urlTemplate\":\"https:\/\/www.visionxeurope.com\/se\/?s={search_term_string}\"},\"query-input\":{\"@type\":\"PropertyValueSpecification\",\"valueRequired\":true,\"valueName\":\"search_term_string\"}}],\"inLanguage\":\"sv-SE\"},{\"@type\":\"Organization\",\"@id\":\"https:\/\/www.visionxeurope.com\/se\/#organization\",\"name\":\"Vision X Europe\",\"url\":\"https:\/\/www.visionxeurope.com\/se\/\",\"logo\":{\"@type\":\"ImageObject\",\"inLanguage\":\"sv-SE\",\"@id\":\"https:\/\/www.visionxeurope.com\/se\/#\/schema\/logo\/image\/\",\"url\":\"https:\/\/www.visionxeurope.com\/se\/wp-content\/uploads\/sites\/7\/2021\/04\/visionxeurope.png\",\"contentUrl\":\"https:\/\/www.visionxeurope.com\/se\/wp-content\/uploads\/sites\/7\/2021\/04\/visionxeurope.png\",\"width\":300,\"height\":110,\"caption\":\"Vision X Europe\"},\"image\":{\"@id\":\"https:\/\/www.visionxeurope.com\/se\/#\/schema\/logo\/image\/\"},\"sameAs\":[\"https:\/\/www.facebook.com\/visionxeurope\",\"https:\/\/www.instagram.com\/visionxeurope\/\"]}]}<\/script>\n<meta property=\"product:price:amount\" content=\"2239.00\" \/>\n<meta property=\"product:price:currency\" content=\"SEK\" \/>\n<meta property=\"og:availability\" content=\"out of stock\" \/>\n<meta property=\"product:availability\" content=\"out of stock\" \/>\n<meta property=\"product:retailer_item_id\" content=\"XIL-U41B\" \/>\n<meta property=\"product:condition\" content=\"new\" \/>\n<!-- \/ Yoast SEO Premium plugin. -->","yoast_head_json":{"title":"VISION X SUBAQUA 12W WIDE FLOOD BL\u00c5 - Vision X Europe","robots":{"index":"index","follow":"follow","max-snippet":"max-snippet:-1","max-image-preview":"max-image-preview:large","max-video-preview":"max-video-preview:-1"},"canonical":"https:\/\/www.visionxeurope.com\/se\/webbutik\/vision-x-subaqua-12w-wide-flood-bla\/","og_locale":"sv_SE","og_type":"article","og_title":"VISION X SUBAQUA 12W WIDE FLOOD BL\u00c5","og_description":"Vision X Subaqua \u00e4r framtagna f\u00f6r montage under vattenlinjen och hanterar djup upp till 30 meter.Monteras med f\u00f6rdel p\u00e5 b\u00e5tar, jetski, pr\u00e5mar, husb\u00e5tar m.m. f\u00f6r trivselbelysning eller som rent service eller arbetsljus. T\u00e5ligt aluminiumhus och polykarbonatlins ser till att h\u00e5llbarheten finns. Subaqua hanterar vibrationer upp till 8.6G utan problem. Med 720 lumens ljusstyrka och endast 1 amperes f\u00f6rbrukning ger det mycket ljus utan att suga ur batterierna&#8230; Data:F\u00e4rg p\u00e5 ljus: Bl\u00e5Str\u00f6mstyrka: 11-32VM\u00e5tt: 107mm diam. 31mm djupAmperef\u00f6rbrukning: 1 AMP vid 12vAntal dioder: 4 styckenDiodens styrka: 3 wattKlassning djup: 30 meterIP klassning: IP68Arbetstemperatur: -40\u00b0 till +50\u00b0 CelsiusLjusbild: Flood (ca 40\u00b0 spridning) Subaqua s\u00e4ljs styckvis","og_url":"https:\/\/www.visionxeurope.com\/se\/webbutik\/vision-x-subaqua-12w-wide-flood-bla\/","og_site_name":"Vision X Europe","article_publisher":"https:\/\/www.facebook.com\/visionxeurope","article_modified_time":"2026-01-08T18:45:43+00:00","og_image":[{"width":450,"height":450,"url":"https:\/\/www.rindab.se\/wp-content\/uploads\/sites\/7\/2022\/04\/XIL-U41B.jpg","type":"image\/jpeg"}],"twitter_card":"summary_large_image","twitter_misc":{"Pris":"2 239,00&nbsp;&#107;&#114; exkl. moms","Tillg\u00e4nglig":"Slut i lager"},"schema":{"@context":"https:\/\/schema.org","@graph":[{"@type":"WebPage","@id":"https:\/\/www.visionxeurope.com\/se\/webbutik\/vision-x-subaqua-12w-wide-flood-bla\/","url":"https:\/\/www.visionxeurope.com\/se\/webbutik\/vision-x-subaqua-12w-wide-flood-bla\/","name":"VISION X SUBAQUA 12W WIDE FLOOD BL\u00c5 - Vision X Europe","isPartOf":{"@id":"https:\/\/www.visionxeurope.com\/se\/#website"},"primaryImageOfPage":{"@id":"https:\/\/www.visionxeurope.com\/se\/webbutik\/vision-x-subaqua-12w-wide-flood-bla\/#primaryimage"},"image":{"@id":"https:\/\/www.visionxeurope.com\/se\/webbutik\/vision-x-subaqua-12w-wide-flood-bla\/#primaryimage"},"thumbnailUrl":"https:\/\/www.visionxeurope.com\/se\/wp-content\/uploads\/sites\/7\/2022\/04\/XIL-U41B.jpg","datePublished":"2014-04-23T07:56:27+00:00","dateModified":"2026-01-08T18:45:43+00:00","breadcrumb":{"@id":"https:\/\/www.visionxeurope.com\/se\/webbutik\/vision-x-subaqua-12w-wide-flood-bla\/#breadcrumb"},"inLanguage":"sv-SE","potentialAction":[{"@type":"ReadAction","target":["https:\/\/www.visionxeurope.com\/se\/webbutik\/vision-x-subaqua-12w-wide-flood-bla\/"]}]},{"@type":"ImageObject","inLanguage":"sv-SE","@id":"https:\/\/www.visionxeurope.com\/se\/webbutik\/vision-x-subaqua-12w-wide-flood-bla\/#primaryimage","url":"https:\/\/www.visionxeurope.com\/se\/wp-content\/uploads\/sites\/7\/2022\/04\/XIL-U41B.jpg","contentUrl":"https:\/\/www.visionxeurope.com\/se\/wp-content\/uploads\/sites\/7\/2022\/04\/XIL-U41B.jpg","width":450,"height":450},{"@type":"BreadcrumbList","@id":"https:\/\/www.visionxeurope.com\/se\/webbutik\/vision-x-subaqua-12w-wide-flood-bla\/#breadcrumb","itemListElement":[{"@type":"ListItem","position":1,"name":"Hem","item":"https:\/\/www.visionxeurope.com\/se\/"},{"@type":"ListItem","position":2,"name":"Webbutik","item":"https:\/\/www.visionxeurope.com\/se\/webbutik\/"},{"@type":"ListItem","position":3,"name":"VISION X SUBAQUA 12W WIDE FLOOD BL\u00c5"}]},{"@type":"WebSite","@id":"https:\/\/www.visionxeurope.com\/se\/#website","url":"https:\/\/www.visionxeurope.com\/se\/","name":"Vision X Europe","description":"","publisher":{"@id":"https:\/\/www.visionxeurope.com\/se\/#organization"},"potentialAction":[{"@type":"SearchAction","target":{"@type":"EntryPoint","urlTemplate":"https:\/\/www.visionxeurope.com\/se\/?s={search_term_string}"},"query-input":{"@type":"PropertyValueSpecification","valueRequired":true,"valueName":"search_term_string"}}],"inLanguage":"sv-SE"},{"@type":"Organization","@id":"https:\/\/www.visionxeurope.com\/se\/#organization","name":"Vision X Europe","url":"https:\/\/www.visionxeurope.com\/se\/","logo":{"@type":"ImageObject","inLanguage":"sv-SE","@id":"https:\/\/www.visionxeurope.com\/se\/#\/schema\/logo\/image\/","url":"https:\/\/www.visionxeurope.com\/se\/wp-content\/uploads\/sites\/7\/2021\/04\/visionxeurope.png","contentUrl":"https:\/\/www.visionxeurope.com\/se\/wp-content\/uploads\/sites\/7\/2021\/04\/visionxeurope.png","width":300,"height":110,"caption":"Vision X Europe"},"image":{"@id":"https:\/\/www.visionxeurope.com\/se\/#\/schema\/logo\/image\/"},"sameAs":["https:\/\/www.facebook.com\/visionxeurope","https:\/\/www.instagram.com\/visionxeurope\/"]}]},"product_price_amount":"2239.00","product_price_currency":"SEK","og_availability":"out of stock","product_availability":"out of stock","product_retailer_item_id":"XIL-U41B","product_condition":"new"},"_links":{"self":[{"href":"https:\/\/www.visionxeurope.com\/se\/wp-json\/wp\/v2\/product\/13580","targetHints":{"allow":["GET"]}}],"collection":[{"href":"https:\/\/www.visionxeurope.com\/se\/wp-json\/wp\/v2\/product"}],"about":[{"href":"https:\/\/www.visionxeurope.com\/se\/wp-json\/wp\/v2\/types\/product"}],"replies":[{"embeddable":true,"href":"https:\/\/www.visionxeurope.com\/se\/wp-json\/wp\/v2\/comments?post=13580"}],"wp:featuredmedia":[{"embeddable":true,"href":"https:\/\/www.visionxeurope.com\/se\/wp-json\/wp\/v2\/media\/15337"}],"wp:attachment":[{"href":"https:\/\/www.visionxeurope.com\/se\/wp-json\/wp\/v2\/media?parent=13580"}],"wp:term":[{"taxonomy":"product_brand","embeddable":true,"href":"https:\/\/www.visionxeurope.com\/se\/wp-json\/wp\/v2\/product_brand?post=13580"},{"taxonomy":"product_cat","embeddable":true,"href":"https:\/\/www.visionxeurope.com\/se\/wp-json\/wp\/v2\/product_cat?post=13580"},{"taxonomy":"product_tag","embeddable":true,"href":"https:\/\/www.visionxeurope.com\/se\/wp-json\/wp\/v2\/product_tag?post=13580"}],"curies":[{"name":"wp","href":"https:\/\/api.w.org\/{rel}","templated":true}]}}