{"id":13576,"date":"2015-04-21T11:56:45","date_gmt":"2015-04-21T09:56:45","guid":{"rendered":"https:\/\/www.visionxeurope.com\/se\/produkt\/vision-x-strip-light-12-4-2w-soft-touch\/"},"modified":"2026-01-08T20:00:43","modified_gmt":"2026-01-08T19:00:43","slug":"vision-x-strip-light-12-4-2w-soft-touch","status":"publish","type":"product","link":"https:\/\/www.visionxeurope.com\/se\/webbutik\/vision-x-strip-light-12-4-2w-soft-touch\/","title":{"rendered":"VISION X STRIP LIGHT 12&#8243; 4.2W SOFT TOUCH"},"content":{"rendered":"<p><\/p>\n<p>Strip Lights \u00e4r perfekt f\u00f6r alla st\u00e4llen d\u00e4r extraljus beh\u00f6vs men utrymmet \u00e4r begr\u00e4nsat. Strip Lights finns i modellerna <em>Standard<\/em> (p\u00e5\/av-knapp) och <em>Soft<\/em> <em>Touch (tryck-aktiverande). <\/em><\/p>\n<p><\/p>\n<p><\/p>\n<p>Med Touch-modellen kan du v\u00e4xla mellan 50 % ljusstyrka, 100 % ljusstyrka samt av\/p\u00e5. Medan Standard-modellen ger 100 % ljusstyrka hela tiden (n\u00e4r den \u00e4r p\u00e5) som s\u00e4tts p\u00e5 och av med en enkel av\/p\u00e5-knapp.<\/p>\n<p><\/p>\n<p><\/p>\n<p>Vision X Lighting Strip Lights har en helt ny frostad lins-design f\u00f6r att f\u00f6rhindra skuggor fr\u00e5n lysdioderna och ger en j\u00e4mn ljusspridning.<\/p>\n<p><\/p>\n<p><\/p>\n<p>Lysdioderna som anv\u00e4nds i Strip Lights \u00e4r konstruerade f\u00f6r att h\u00e5lla mer \u00e4n 30 000 timmar. Vilket inneb\u00e4r att de kommer kunna lysa konstant under ca 3.5 \u00e5r!<\/p>\n<p><\/p>\n<p><\/p>\n<p>B\u00e5da typerna av Strip Lights erbjuds i 7,5&#8243; l\u00e4ngd och 12&#8243; l\u00e4ngd, i syfte att passa till alla applikationer samt l\u00e5g profildesign och t\u00e5ligt aluminiumh\u00f6lje betyder att dessa lampor kan anv\u00e4ndas n\u00e4stan var som helst.<\/p>\n<p><\/p>\n<p><\/p>\n<p><strong>Data:<br \/><\/strong>Lamphuset \u00e4r tillverkat av aluminium<br \/>Vattent\u00e4t och dammt\u00e4t<br \/>Enkel installation med endast + &amp;amp &#8211; kabel<br \/>Sp\u00e4nning: 9-32V<br \/>Sm\u00e5 dimensioner<br \/>Arbetstemperatur: -40\u00b0 C ~ + 80\u00b0 C<br \/>Str\u00f6mf\u00f6rbrukning: 0.35 Amp vid 12V<br \/>IP klass: IP65K<br \/>Vibrationsklass: 15.6G<br \/>H\u00f6jd: 23mm<br \/>Djup: 15mm<br \/>L\u00e4ngd: 303mm<br \/>Vikt: 0.09kg<br \/>Watt: 4.2<br \/>R\u00e5a lumen: 328<br \/>Effektiva lumen: 300<br \/>Mode: Tryck-aktiverande (Soft Touch)<\/p>\n<p><\/p>","protected":false},"excerpt":{"rendered":"<p>Strip Lights \u00e4r perfekt f\u00f6r alla st\u00e4llen d\u00e4r extraljus beh\u00f6vs men utrymmet \u00e4r begr\u00e4nsat. Strip Lights finns i modellerna <em>Standard<\/em> (p\u00e5\/av-knapp) och <em>Soft<\/em> <em>Touch (tryck-aktiverande). <\/em><\/p>\n<p>Med Touch-modellen kan du v\u00e4xla mellan 50 % ljusstyrka, 100 % ljusstyrka samt av\/p\u00e5. Medan Standard-modellen ger 100 % ljusstyrka hela tiden (n\u00e4r den \u00e4r p\u00e5) som s\u00e4tts p\u00e5 och av med en enkel av\/p\u00e5-knapp.<\/p>\n<p>Vision X Lighting Strip Lights har en helt ny frostad lins-design f\u00f6r att f\u00f6rhindra skuggor fr\u00e5n lysdioderna och ger en j\u00e4mn ljusspridning.<\/p>\n<p>Lysdioderna som anv\u00e4nds i Strip Lights \u00e4r konstruerade f\u00f6r att h\u00e5lla mer \u00e4n 30 000 timmar. Vilket inneb\u00e4r att de kommer kunna lysa konstant under ca 3.5 \u00e5r!<\/p>\n<p>B\u00e5da typerna av Strip Lights erbjuds i 7,5&#8243; l\u00e4ngd och 12&#8243; l\u00e4ngd, i syfte att passa till alla applikationer samt l\u00e5g profildesign och t\u00e5ligt aluminiumh\u00f6lje betyder att dessa lampor kan anv\u00e4ndas n\u00e4stan var som helst.<\/p>\n<p><strong>Data:<br \/><\/strong>Lamphuset \u00e4r tillverkat av aluminium<br \/>Vattent\u00e4t och dammt\u00e4t<br \/>Enkel installation med endast + &amp;amp &#8211; kabel<br \/>Sp\u00e4nning: 9-32V<br \/>Sm\u00e5 dimensioner<br \/>Arbetstemperatur: -40\u00b0 C ~ + 80\u00b0 C<br \/>Str\u00f6mf\u00f6rbrukning: 0.35 Amp vid 12V<br \/>IP klass: IP65K<br \/>Vibrationsklass: 15.6G<br \/>H\u00f6jd: 23mm<br \/>Djup: 15mm<br \/>L\u00e4ngd: 303mm<br \/>Vikt: 0.09kg<br \/>Watt: 4.2<br \/>R\u00e5a lumen: 328<br \/>Effektiva lumen: 300<br \/>Mode: Tryck-aktiverande (Soft Touch)<\/p>\n","protected":false},"featured_media":15325,"comment_status":"open","ping_status":"open","template":"","meta":{"editor_notices":[]},"product_brand":[],"product_cat":[49],"product_tag":[],"class_list":{"0":"post-13576","1":"product","2":"type-product","3":"status-publish","4":"has-post-thumbnail","6":"product_cat-accentbelysning","7":"resize-featured-image","8":"","9":"woocommerce-text-align-left","10":"woocommerce-image-align-center","12":"first","13":"outofstock","14":"taxable","15":"shipping-taxable","16":"product-type-simple"},"yoast_head":"<!-- This site is optimized with the Yoast SEO Premium plugin v25.0 (Yoast SEO v25.0) - https:\/\/yoast.com\/wordpress\/plugins\/seo\/ -->\n<title>VISION X STRIP LIGHT 12&quot; 4.2W SOFT TOUCH - Vision X Europe<\/title>\n<meta name=\"robots\" content=\"index, follow, max-snippet:-1, max-image-preview:large, max-video-preview:-1\" \/>\n<link rel=\"canonical\" href=\"https:\/\/www.visionxeurope.com\/se\/webbutik\/vision-x-strip-light-12-4-2w-soft-touch\/\" \/>\n<meta property=\"og:locale\" content=\"sv_SE\" \/>\n<meta property=\"og:type\" content=\"article\" \/>\n<meta property=\"og:title\" content=\"VISION X STRIP LIGHT 12&quot; 4.2W SOFT TOUCH\" \/>\n<meta property=\"og:description\" content=\"Strip Lights \u00e4r perfekt f\u00f6r alla st\u00e4llen d\u00e4r extraljus beh\u00f6vs men utrymmet \u00e4r begr\u00e4nsat. Strip Lights finns i modellerna Standard (p\u00e5\/av-knapp) och Soft Touch (tryck-aktiverande). Med Touch-modellen kan du v\u00e4xla mellan 50 % ljusstyrka, 100 % ljusstyrka samt av\/p\u00e5. Medan Standard-modellen ger 100 % ljusstyrka hela tiden (n\u00e4r den \u00e4r p\u00e5) som s\u00e4tts p\u00e5 och av med en enkel av\/p\u00e5-knapp. Vision X Lighting Strip Lights har en helt ny frostad lins-design f\u00f6r att f\u00f6rhindra skuggor fr\u00e5n lysdioderna och ger en j\u00e4mn ljusspridning. Lysdioderna som anv\u00e4nds i Strip Lights \u00e4r konstruerade f\u00f6r att h\u00e5lla mer \u00e4n 30 000 timmar. Vilket inneb\u00e4r att de kommer kunna lysa konstant under ca 3.5 \u00e5r! B\u00e5da typerna av Strip Lights erbjuds i 7,5&#8243; l\u00e4ngd och 12&#8243; l\u00e4ngd, i syfte att passa till alla applikationer samt l\u00e5g profildesign och t\u00e5ligt aluminiumh\u00f6lje betyder att dessa lampor kan anv\u00e4ndas n\u00e4stan var som helst. Data:Lamphuset \u00e4r tillverkat av aluminiumVattent\u00e4t och dammt\u00e4tEnkel installation med endast + &amp;amp &#8211; kabelSp\u00e4nning: 9-32VSm\u00e5 dimensionerArbetstemperatur: -40\u00b0 C ~ + 80\u00b0 CStr\u00f6mf\u00f6rbrukning: 0.35 Amp vid 12VIP klass: IP65KVibrationsklass: 15.6GH\u00f6jd: 23mmDjup: 15mmL\u00e4ngd: 303mmVikt: 0.09kgWatt: 4.2R\u00e5a lumen: 328Effektiva lumen: 300Mode: Tryck-aktiverande (Soft Touch)\" \/>\n<meta property=\"og:url\" content=\"https:\/\/www.visionxeurope.com\/se\/webbutik\/vision-x-strip-light-12-4-2w-soft-touch\/\" \/>\n<meta property=\"og:site_name\" content=\"Vision X Europe\" \/>\n<meta property=\"article:publisher\" content=\"https:\/\/www.facebook.com\/visionxeurope\" \/>\n<meta property=\"article:modified_time\" content=\"2026-01-08T19:00:43+00:00\" \/>\n<meta property=\"og:image\" content=\"https:\/\/www.visionxeurope.com\/se\/wp-content\/uploads\/sites\/7\/2022\/04\/XIL-ST12.jpg\" \/>\n\t<meta property=\"og:image:width\" content=\"450\" \/>\n\t<meta property=\"og:image:height\" content=\"450\" \/>\n\t<meta property=\"og:image:type\" content=\"image\/jpeg\" \/>\n<meta name=\"twitter:card\" content=\"summary_large_image\" \/>\n<meta name=\"twitter:label1\" content=\"Pris\" \/>\n\t<meta name=\"twitter:data1\" content=\"1 069,00&nbsp;&#107;&#114; exkl. moms\" \/>\n\t<meta name=\"twitter:label2\" content=\"Tillg\u00e4nglig\" \/>\n\t<meta name=\"twitter:data2\" content=\"Slut i lager\" \/>\n<script type=\"application\/ld+json\" class=\"yoast-schema-graph\">{\"@context\":\"https:\/\/schema.org\",\"@graph\":[{\"@type\":\"WebPage\",\"@id\":\"https:\/\/www.visionxeurope.com\/se\/webbutik\/vision-x-strip-light-12-4-2w-soft-touch\/\",\"url\":\"https:\/\/www.visionxeurope.com\/se\/webbutik\/vision-x-strip-light-12-4-2w-soft-touch\/\",\"name\":\"VISION X STRIP LIGHT 12\\\" 4.2W SOFT TOUCH - Vision X Europe\",\"isPartOf\":{\"@id\":\"https:\/\/www.visionxeurope.com\/se\/#website\"},\"primaryImageOfPage\":{\"@id\":\"https:\/\/www.visionxeurope.com\/se\/webbutik\/vision-x-strip-light-12-4-2w-soft-touch\/#primaryimage\"},\"image\":{\"@id\":\"https:\/\/www.visionxeurope.com\/se\/webbutik\/vision-x-strip-light-12-4-2w-soft-touch\/#primaryimage\"},\"thumbnailUrl\":\"https:\/\/www.visionxeurope.com\/se\/wp-content\/uploads\/sites\/7\/2022\/04\/XIL-ST12.jpg\",\"datePublished\":\"2015-04-21T09:56:45+00:00\",\"dateModified\":\"2026-01-08T19:00:43+00:00\",\"breadcrumb\":{\"@id\":\"https:\/\/www.visionxeurope.com\/se\/webbutik\/vision-x-strip-light-12-4-2w-soft-touch\/#breadcrumb\"},\"inLanguage\":\"sv-SE\",\"potentialAction\":[{\"@type\":\"ReadAction\",\"target\":[\"https:\/\/www.visionxeurope.com\/se\/webbutik\/vision-x-strip-light-12-4-2w-soft-touch\/\"]}]},{\"@type\":\"ImageObject\",\"inLanguage\":\"sv-SE\",\"@id\":\"https:\/\/www.visionxeurope.com\/se\/webbutik\/vision-x-strip-light-12-4-2w-soft-touch\/#primaryimage\",\"url\":\"https:\/\/www.visionxeurope.com\/se\/wp-content\/uploads\/sites\/7\/2022\/04\/XIL-ST12.jpg\",\"contentUrl\":\"https:\/\/www.visionxeurope.com\/se\/wp-content\/uploads\/sites\/7\/2022\/04\/XIL-ST12.jpg\",\"width\":450,\"height\":450},{\"@type\":\"BreadcrumbList\",\"@id\":\"https:\/\/www.visionxeurope.com\/se\/webbutik\/vision-x-strip-light-12-4-2w-soft-touch\/#breadcrumb\",\"itemListElement\":[{\"@type\":\"ListItem\",\"position\":1,\"name\":\"Hem\",\"item\":\"https:\/\/www.visionxeurope.com\/se\/\"},{\"@type\":\"ListItem\",\"position\":2,\"name\":\"Webbutik\",\"item\":\"https:\/\/www.visionxeurope.com\/se\/webbutik\/\"},{\"@type\":\"ListItem\",\"position\":3,\"name\":\"VISION X STRIP LIGHT 12&#8243; 4.2W SOFT TOUCH\"}]},{\"@type\":\"WebSite\",\"@id\":\"https:\/\/www.visionxeurope.com\/se\/#website\",\"url\":\"https:\/\/www.visionxeurope.com\/se\/\",\"name\":\"Vision X Europe\",\"description\":\"\",\"publisher\":{\"@id\":\"https:\/\/www.visionxeurope.com\/se\/#organization\"},\"potentialAction\":[{\"@type\":\"SearchAction\",\"target\":{\"@type\":\"EntryPoint\",\"urlTemplate\":\"https:\/\/www.visionxeurope.com\/se\/?s={search_term_string}\"},\"query-input\":{\"@type\":\"PropertyValueSpecification\",\"valueRequired\":true,\"valueName\":\"search_term_string\"}}],\"inLanguage\":\"sv-SE\"},{\"@type\":\"Organization\",\"@id\":\"https:\/\/www.visionxeurope.com\/se\/#organization\",\"name\":\"Vision X Europe\",\"url\":\"https:\/\/www.visionxeurope.com\/se\/\",\"logo\":{\"@type\":\"ImageObject\",\"inLanguage\":\"sv-SE\",\"@id\":\"https:\/\/www.visionxeurope.com\/se\/#\/schema\/logo\/image\/\",\"url\":\"https:\/\/www.visionxeurope.com\/se\/wp-content\/uploads\/sites\/7\/2021\/04\/visionxeurope.png\",\"contentUrl\":\"https:\/\/www.visionxeurope.com\/se\/wp-content\/uploads\/sites\/7\/2021\/04\/visionxeurope.png\",\"width\":300,\"height\":110,\"caption\":\"Vision X Europe\"},\"image\":{\"@id\":\"https:\/\/www.visionxeurope.com\/se\/#\/schema\/logo\/image\/\"},\"sameAs\":[\"https:\/\/www.facebook.com\/visionxeurope\",\"https:\/\/www.instagram.com\/visionxeurope\/\"]}]}<\/script>\n<meta property=\"product:price:amount\" content=\"1069.00\" \/>\n<meta property=\"product:price:currency\" content=\"SEK\" \/>\n<meta property=\"og:availability\" content=\"out of stock\" \/>\n<meta property=\"product:availability\" content=\"out of stock\" \/>\n<meta property=\"product:retailer_item_id\" content=\"XIL-ST12\" \/>\n<meta property=\"product:condition\" content=\"new\" \/>\n<!-- \/ Yoast SEO Premium plugin. -->","yoast_head_json":{"title":"VISION X STRIP LIGHT 12\" 4.2W SOFT TOUCH - Vision X Europe","robots":{"index":"index","follow":"follow","max-snippet":"max-snippet:-1","max-image-preview":"max-image-preview:large","max-video-preview":"max-video-preview:-1"},"canonical":"https:\/\/www.visionxeurope.com\/se\/webbutik\/vision-x-strip-light-12-4-2w-soft-touch\/","og_locale":"sv_SE","og_type":"article","og_title":"VISION X STRIP LIGHT 12\" 4.2W SOFT TOUCH","og_description":"Strip Lights \u00e4r perfekt f\u00f6r alla st\u00e4llen d\u00e4r extraljus beh\u00f6vs men utrymmet \u00e4r begr\u00e4nsat. Strip Lights finns i modellerna Standard (p\u00e5\/av-knapp) och Soft Touch (tryck-aktiverande). Med Touch-modellen kan du v\u00e4xla mellan 50 % ljusstyrka, 100 % ljusstyrka samt av\/p\u00e5. Medan Standard-modellen ger 100 % ljusstyrka hela tiden (n\u00e4r den \u00e4r p\u00e5) som s\u00e4tts p\u00e5 och av med en enkel av\/p\u00e5-knapp. Vision X Lighting Strip Lights har en helt ny frostad lins-design f\u00f6r att f\u00f6rhindra skuggor fr\u00e5n lysdioderna och ger en j\u00e4mn ljusspridning. Lysdioderna som anv\u00e4nds i Strip Lights \u00e4r konstruerade f\u00f6r att h\u00e5lla mer \u00e4n 30 000 timmar. Vilket inneb\u00e4r att de kommer kunna lysa konstant under ca 3.5 \u00e5r! B\u00e5da typerna av Strip Lights erbjuds i 7,5&#8243; l\u00e4ngd och 12&#8243; l\u00e4ngd, i syfte att passa till alla applikationer samt l\u00e5g profildesign och t\u00e5ligt aluminiumh\u00f6lje betyder att dessa lampor kan anv\u00e4ndas n\u00e4stan var som helst. Data:Lamphuset \u00e4r tillverkat av aluminiumVattent\u00e4t och dammt\u00e4tEnkel installation med endast + &amp;amp &#8211; kabelSp\u00e4nning: 9-32VSm\u00e5 dimensionerArbetstemperatur: -40\u00b0 C ~ + 80\u00b0 CStr\u00f6mf\u00f6rbrukning: 0.35 Amp vid 12VIP klass: IP65KVibrationsklass: 15.6GH\u00f6jd: 23mmDjup: 15mmL\u00e4ngd: 303mmVikt: 0.09kgWatt: 4.2R\u00e5a lumen: 328Effektiva lumen: 300Mode: Tryck-aktiverande (Soft Touch)","og_url":"https:\/\/www.visionxeurope.com\/se\/webbutik\/vision-x-strip-light-12-4-2w-soft-touch\/","og_site_name":"Vision X Europe","article_publisher":"https:\/\/www.facebook.com\/visionxeurope","article_modified_time":"2026-01-08T19:00:43+00:00","og_image":[{"width":450,"height":450,"url":"https:\/\/www.visionxeurope.com\/se\/wp-content\/uploads\/sites\/7\/2022\/04\/XIL-ST12.jpg","type":"image\/jpeg"}],"twitter_card":"summary_large_image","twitter_misc":{"Pris":"1 069,00&nbsp;&#107;&#114; exkl. moms","Tillg\u00e4nglig":"Slut i lager"},"schema":{"@context":"https:\/\/schema.org","@graph":[{"@type":"WebPage","@id":"https:\/\/www.visionxeurope.com\/se\/webbutik\/vision-x-strip-light-12-4-2w-soft-touch\/","url":"https:\/\/www.visionxeurope.com\/se\/webbutik\/vision-x-strip-light-12-4-2w-soft-touch\/","name":"VISION X STRIP LIGHT 12\" 4.2W SOFT TOUCH - Vision X Europe","isPartOf":{"@id":"https:\/\/www.visionxeurope.com\/se\/#website"},"primaryImageOfPage":{"@id":"https:\/\/www.visionxeurope.com\/se\/webbutik\/vision-x-strip-light-12-4-2w-soft-touch\/#primaryimage"},"image":{"@id":"https:\/\/www.visionxeurope.com\/se\/webbutik\/vision-x-strip-light-12-4-2w-soft-touch\/#primaryimage"},"thumbnailUrl":"https:\/\/www.visionxeurope.com\/se\/wp-content\/uploads\/sites\/7\/2022\/04\/XIL-ST12.jpg","datePublished":"2015-04-21T09:56:45+00:00","dateModified":"2026-01-08T19:00:43+00:00","breadcrumb":{"@id":"https:\/\/www.visionxeurope.com\/se\/webbutik\/vision-x-strip-light-12-4-2w-soft-touch\/#breadcrumb"},"inLanguage":"sv-SE","potentialAction":[{"@type":"ReadAction","target":["https:\/\/www.visionxeurope.com\/se\/webbutik\/vision-x-strip-light-12-4-2w-soft-touch\/"]}]},{"@type":"ImageObject","inLanguage":"sv-SE","@id":"https:\/\/www.visionxeurope.com\/se\/webbutik\/vision-x-strip-light-12-4-2w-soft-touch\/#primaryimage","url":"https:\/\/www.visionxeurope.com\/se\/wp-content\/uploads\/sites\/7\/2022\/04\/XIL-ST12.jpg","contentUrl":"https:\/\/www.visionxeurope.com\/se\/wp-content\/uploads\/sites\/7\/2022\/04\/XIL-ST12.jpg","width":450,"height":450},{"@type":"BreadcrumbList","@id":"https:\/\/www.visionxeurope.com\/se\/webbutik\/vision-x-strip-light-12-4-2w-soft-touch\/#breadcrumb","itemListElement":[{"@type":"ListItem","position":1,"name":"Hem","item":"https:\/\/www.visionxeurope.com\/se\/"},{"@type":"ListItem","position":2,"name":"Webbutik","item":"https:\/\/www.visionxeurope.com\/se\/webbutik\/"},{"@type":"ListItem","position":3,"name":"VISION X STRIP LIGHT 12&#8243; 4.2W SOFT TOUCH"}]},{"@type":"WebSite","@id":"https:\/\/www.visionxeurope.com\/se\/#website","url":"https:\/\/www.visionxeurope.com\/se\/","name":"Vision X Europe","description":"","publisher":{"@id":"https:\/\/www.visionxeurope.com\/se\/#organization"},"potentialAction":[{"@type":"SearchAction","target":{"@type":"EntryPoint","urlTemplate":"https:\/\/www.visionxeurope.com\/se\/?s={search_term_string}"},"query-input":{"@type":"PropertyValueSpecification","valueRequired":true,"valueName":"search_term_string"}}],"inLanguage":"sv-SE"},{"@type":"Organization","@id":"https:\/\/www.visionxeurope.com\/se\/#organization","name":"Vision X Europe","url":"https:\/\/www.visionxeurope.com\/se\/","logo":{"@type":"ImageObject","inLanguage":"sv-SE","@id":"https:\/\/www.visionxeurope.com\/se\/#\/schema\/logo\/image\/","url":"https:\/\/www.visionxeurope.com\/se\/wp-content\/uploads\/sites\/7\/2021\/04\/visionxeurope.png","contentUrl":"https:\/\/www.visionxeurope.com\/se\/wp-content\/uploads\/sites\/7\/2021\/04\/visionxeurope.png","width":300,"height":110,"caption":"Vision X Europe"},"image":{"@id":"https:\/\/www.visionxeurope.com\/se\/#\/schema\/logo\/image\/"},"sameAs":["https:\/\/www.facebook.com\/visionxeurope","https:\/\/www.instagram.com\/visionxeurope\/"]}]},"product_price_amount":"1069.00","product_price_currency":"SEK","og_availability":"out of stock","product_availability":"out of stock","product_retailer_item_id":"XIL-ST12","product_condition":"new"},"_links":{"self":[{"href":"https:\/\/www.visionxeurope.com\/se\/wp-json\/wp\/v2\/product\/13576","targetHints":{"allow":["GET"]}}],"collection":[{"href":"https:\/\/www.visionxeurope.com\/se\/wp-json\/wp\/v2\/product"}],"about":[{"href":"https:\/\/www.visionxeurope.com\/se\/wp-json\/wp\/v2\/types\/product"}],"replies":[{"embeddable":true,"href":"https:\/\/www.visionxeurope.com\/se\/wp-json\/wp\/v2\/comments?post=13576"}],"wp:featuredmedia":[{"embeddable":true,"href":"https:\/\/www.visionxeurope.com\/se\/wp-json\/wp\/v2\/media\/15325"}],"wp:attachment":[{"href":"https:\/\/www.visionxeurope.com\/se\/wp-json\/wp\/v2\/media?parent=13576"}],"wp:term":[{"taxonomy":"product_brand","embeddable":true,"href":"https:\/\/www.visionxeurope.com\/se\/wp-json\/wp\/v2\/product_brand?post=13576"},{"taxonomy":"product_cat","embeddable":true,"href":"https:\/\/www.visionxeurope.com\/se\/wp-json\/wp\/v2\/product_cat?post=13576"},{"taxonomy":"product_tag","embeddable":true,"href":"https:\/\/www.visionxeurope.com\/se\/wp-json\/wp\/v2\/product_tag?post=13576"}],"curies":[{"name":"wp","href":"https:\/\/api.w.org\/{rel}","templated":true}]}}