{"id":13573,"date":"2014-04-23T09:56:27","date_gmt":"2014-04-23T07:56:27","guid":{"rendered":"https:\/\/www.visionxeurope.com\/se\/produkt\/vision-x-solo-pod-prime-10w-20\/"},"modified":"2026-03-26T14:23:42","modified_gmt":"2026-03-26T13:23:42","slug":"vision-x-solo-pod-prime-10w-20","status":"publish","type":"product","link":"https:\/\/www.visionxeurope.com\/se\/webbutik\/vision-x-solo-pod-prime-10w-20\/","title":{"rendered":"VISION X SOLO POD PRIME 10W 20\u00b0"},"content":{"rendered":"<p><\/p>\n<p>Vision X flyttar fram gr\u00e4nsen f\u00f6r vad en LED lampa kan prestera med sin helt nya Prime Drive teknologi. Aldrig tidigare har ett s\u00e5 intensivt ljus g\u00e5tt att f\u00e5 fram ur en LED lampa. Solo Pod Prime \u00e4r den absolut minsta lampan p\u00e5 marknaden som samtidigt ger s\u00e5 mycket och intensivt ljus.&nbsp;<\/p>\n<p><\/p>\n<p><\/p>\n<p><strong>Data:<\/strong><br \/>Lamphus: 6061 aluminium.<br \/>Enkel installation med +\/- kabel.<br \/>Sp\u00e4nning: 9-48 volt.<br \/>Litet inbyggnadsm\u00e5tt.<br \/>T\u00e5l h\u00e5rda p\u00e5frestningar fr\u00e5n v\u00e4der och vind.<br \/>Str\u00f6mf\u00f6rbrukning: 0.83 Amp vid 12V.<br \/>Klassning vatten: IP68 (klarar 3 m vattendjup)<br \/>Klassning vibrationer: 15.6 Grms&nbsp;<br \/>M\u00e5tt: BxHxD 55\u00d784.5x60mm&nbsp;<br \/>Vikt: 320g<br \/>Antal LED: 1 stycken 10 watt LED<br \/>R\u00e5a lumen:&nbsp;1 052<br \/>Effektiva lumen: 736<br \/>Lins: Polycarbonat (n\u00e4stintill okrossbar)<br \/>Ljusbild: 20\u00b0 Euro (Finns \u00e4ven i 10\u00b0, 40\u00b0)<\/p>\n<p><\/p>","protected":false},"excerpt":{"rendered":"<p>Vision X flyttar fram gr\u00e4nsen f\u00f6r vad en LED lampa kan prestera med sin helt nya Prime Drive teknologi. Aldrig tidigare har ett s\u00e5 intensivt ljus g\u00e5tt att f\u00e5 fram ur en LED lampa. Solo Pod Prime \u00e4r den absolut minsta lampan p\u00e5 marknaden som samtidigt ger s\u00e5 mycket och intensivt ljus.&nbsp;<\/p>\n<p><strong>Data:<\/strong><br \/>Lamphus: 6061 aluminium.<br \/>Enkel installation med +\/- kabel.<br \/>Sp\u00e4nning: 9-48 volt.<br \/>Litet inbyggnadsm\u00e5tt.<br \/>T\u00e5l h\u00e5rda p\u00e5frestningar fr\u00e5n v\u00e4der och vind.<br \/>Str\u00f6mf\u00f6rbrukning: 0.83 Amp vid 12V.<br \/>Klassning vatten: IP68 (klarar 3 m vattendjup)<br \/>Klassning vibrationer: 15.6 Grms&nbsp;<br \/>M\u00e5tt: BxHxD 55\u00d784.5x60mm&nbsp;<br \/>Vikt: 320g<br \/>Antal LED: 1 stycken 10 watt LED<br \/>R\u00e5a lumen:&nbsp;1 052<br \/>Effektiva lumen: 736<br \/>Lins: Polycarbonat (n\u00e4stintill okrossbar)<br \/>Ljusbild: 20\u00b0 Euro (Finns \u00e4ven i 10\u00b0, 40\u00b0)<\/p>\n","protected":false},"featured_media":15317,"comment_status":"closed","ping_status":"open","template":"","meta":{"editor_notices":[]},"product_brand":[],"product_cat":[247],"product_tag":[],"class_list":{"0":"post-13573","1":"product","2":"type-product","3":"status-publish","4":"has-post-thumbnail","6":"product_cat-pod-lights","7":"resize-featured-image","8":"","9":"woocommerce-text-align-left","10":"woocommerce-image-align-center","12":"first","13":"instock","14":"taxable","15":"shipping-taxable","16":"product-type-simple"},"yoast_head":"<!-- This site is optimized with the Yoast SEO Premium plugin v25.0 (Yoast SEO v25.0) - https:\/\/yoast.com\/wordpress\/plugins\/seo\/ -->\n<title>VISION X SOLO POD PRIME 10W 20\u00b0 - Vision X Europe<\/title>\n<meta name=\"robots\" content=\"index, follow, max-snippet:-1, max-image-preview:large, max-video-preview:-1\" \/>\n<link rel=\"canonical\" href=\"https:\/\/www.visionxeurope.com\/se\/webbutik\/vision-x-solo-pod-prime-10w-20\/\" \/>\n<meta property=\"og:locale\" content=\"sv_SE\" \/>\n<meta property=\"og:type\" content=\"article\" \/>\n<meta property=\"og:title\" content=\"VISION X SOLO POD PRIME 10W 20\u00b0\" \/>\n<meta property=\"og:description\" content=\"Vision X flyttar fram gr\u00e4nsen f\u00f6r vad en LED lampa kan prestera med sin helt nya Prime Drive teknologi. Aldrig tidigare har ett s\u00e5 intensivt ljus g\u00e5tt att f\u00e5 fram ur en LED lampa. Solo Pod Prime \u00e4r den absolut minsta lampan p\u00e5 marknaden som samtidigt ger s\u00e5 mycket och intensivt ljus.&nbsp; Data:Lamphus: 6061 aluminium.Enkel installation med +\/- kabel.Sp\u00e4nning: 9-48 volt.Litet inbyggnadsm\u00e5tt.T\u00e5l h\u00e5rda p\u00e5frestningar fr\u00e5n v\u00e4der och vind.Str\u00f6mf\u00f6rbrukning: 0.83 Amp vid 12V.Klassning vatten: IP68 (klarar 3 m vattendjup)Klassning vibrationer: 15.6 Grms&nbsp;M\u00e5tt: BxHxD 55\u00d784.5x60mm&nbsp;Vikt: 320gAntal LED: 1 stycken 10 watt LEDR\u00e5a lumen:&nbsp;1 052Effektiva lumen: 736Lins: Polycarbonat (n\u00e4stintill okrossbar)Ljusbild: 20\u00b0 Euro (Finns \u00e4ven i 10\u00b0, 40\u00b0)\" \/>\n<meta property=\"og:url\" content=\"https:\/\/www.visionxeurope.com\/se\/webbutik\/vision-x-solo-pod-prime-10w-20\/\" \/>\n<meta property=\"og:site_name\" content=\"Vision X Europe\" \/>\n<meta property=\"article:publisher\" content=\"https:\/\/www.facebook.com\/visionxeurope\" \/>\n<meta property=\"article:modified_time\" content=\"2026-03-26T13:23:42+00:00\" \/>\n<meta property=\"og:image\" content=\"https:\/\/www.visionxeurope.com\/se\/wp-content\/uploads\/sites\/7\/2022\/04\/XIL-SP120.jpg\" \/>\n\t<meta property=\"og:image:width\" content=\"600\" \/>\n\t<meta property=\"og:image:height\" content=\"600\" \/>\n\t<meta property=\"og:image:type\" content=\"image\/jpeg\" \/>\n<meta name=\"twitter:card\" content=\"summary_large_image\" \/>\n<meta name=\"twitter:label1\" content=\"Pris\" \/>\n\t<meta name=\"twitter:data1\" content=\"1 436,00&nbsp;&#107;&#114; exkl. moms\" \/>\n\t<meta name=\"twitter:label2\" content=\"Tillg\u00e4nglig\" \/>\n\t<meta name=\"twitter:data2\" content=\"I lager\" \/>\n<script type=\"application\/ld+json\" class=\"yoast-schema-graph\">{\"@context\":\"https:\/\/schema.org\",\"@graph\":[{\"@type\":\"WebPage\",\"@id\":\"https:\/\/www.visionxeurope.com\/se\/webbutik\/vision-x-solo-pod-prime-10w-20\/\",\"url\":\"https:\/\/www.visionxeurope.com\/se\/webbutik\/vision-x-solo-pod-prime-10w-20\/\",\"name\":\"VISION X SOLO POD PRIME 10W 20\u00b0 - Vision X Europe\",\"isPartOf\":{\"@id\":\"https:\/\/www.visionxeurope.com\/se\/#website\"},\"primaryImageOfPage\":{\"@id\":\"https:\/\/www.visionxeurope.com\/se\/webbutik\/vision-x-solo-pod-prime-10w-20\/#primaryimage\"},\"image\":{\"@id\":\"https:\/\/www.visionxeurope.com\/se\/webbutik\/vision-x-solo-pod-prime-10w-20\/#primaryimage\"},\"thumbnailUrl\":\"https:\/\/www.visionxeurope.com\/se\/wp-content\/uploads\/sites\/7\/2022\/04\/XIL-SP120.jpg\",\"datePublished\":\"2014-04-23T07:56:27+00:00\",\"dateModified\":\"2026-03-26T13:23:42+00:00\",\"breadcrumb\":{\"@id\":\"https:\/\/www.visionxeurope.com\/se\/webbutik\/vision-x-solo-pod-prime-10w-20\/#breadcrumb\"},\"inLanguage\":\"sv-SE\",\"potentialAction\":[{\"@type\":\"ReadAction\",\"target\":[\"https:\/\/www.visionxeurope.com\/se\/webbutik\/vision-x-solo-pod-prime-10w-20\/\"]}]},{\"@type\":\"ImageObject\",\"inLanguage\":\"sv-SE\",\"@id\":\"https:\/\/www.visionxeurope.com\/se\/webbutik\/vision-x-solo-pod-prime-10w-20\/#primaryimage\",\"url\":\"https:\/\/www.visionxeurope.com\/se\/wp-content\/uploads\/sites\/7\/2022\/04\/XIL-SP120.jpg\",\"contentUrl\":\"https:\/\/www.visionxeurope.com\/se\/wp-content\/uploads\/sites\/7\/2022\/04\/XIL-SP120.jpg\",\"width\":600,\"height\":600},{\"@type\":\"BreadcrumbList\",\"@id\":\"https:\/\/www.visionxeurope.com\/se\/webbutik\/vision-x-solo-pod-prime-10w-20\/#breadcrumb\",\"itemListElement\":[{\"@type\":\"ListItem\",\"position\":1,\"name\":\"Hem\",\"item\":\"https:\/\/www.visionxeurope.com\/se\/\"},{\"@type\":\"ListItem\",\"position\":2,\"name\":\"Webbutik\",\"item\":\"https:\/\/www.visionxeurope.com\/se\/webbutik\/\"},{\"@type\":\"ListItem\",\"position\":3,\"name\":\"VISION X SOLO POD PRIME 10W 20\u00b0\"}]},{\"@type\":\"WebSite\",\"@id\":\"https:\/\/www.visionxeurope.com\/se\/#website\",\"url\":\"https:\/\/www.visionxeurope.com\/se\/\",\"name\":\"Vision X Europe\",\"description\":\"\",\"publisher\":{\"@id\":\"https:\/\/www.visionxeurope.com\/se\/#organization\"},\"potentialAction\":[{\"@type\":\"SearchAction\",\"target\":{\"@type\":\"EntryPoint\",\"urlTemplate\":\"https:\/\/www.visionxeurope.com\/se\/?s={search_term_string}\"},\"query-input\":{\"@type\":\"PropertyValueSpecification\",\"valueRequired\":true,\"valueName\":\"search_term_string\"}}],\"inLanguage\":\"sv-SE\"},{\"@type\":\"Organization\",\"@id\":\"https:\/\/www.visionxeurope.com\/se\/#organization\",\"name\":\"Vision X Europe\",\"url\":\"https:\/\/www.visionxeurope.com\/se\/\",\"logo\":{\"@type\":\"ImageObject\",\"inLanguage\":\"sv-SE\",\"@id\":\"https:\/\/www.visionxeurope.com\/se\/#\/schema\/logo\/image\/\",\"url\":\"https:\/\/www.visionxeurope.com\/se\/wp-content\/uploads\/sites\/7\/2021\/04\/visionxeurope.png\",\"contentUrl\":\"https:\/\/www.visionxeurope.com\/se\/wp-content\/uploads\/sites\/7\/2021\/04\/visionxeurope.png\",\"width\":300,\"height\":110,\"caption\":\"Vision X Europe\"},\"image\":{\"@id\":\"https:\/\/www.visionxeurope.com\/se\/#\/schema\/logo\/image\/\"},\"sameAs\":[\"https:\/\/www.facebook.com\/visionxeurope\",\"https:\/\/www.instagram.com\/visionxeurope\/\"]}]}<\/script>\n<meta property=\"product:price:amount\" content=\"1436.00\" \/>\n<meta property=\"product:price:currency\" content=\"SEK\" \/>\n<meta property=\"og:availability\" content=\"instock\" \/>\n<meta property=\"product:availability\" content=\"instock\" \/>\n<meta property=\"product:retailer_item_id\" content=\"XIL-SP120\" \/>\n<meta property=\"product:condition\" content=\"new\" \/>\n<!-- \/ Yoast SEO Premium plugin. -->","yoast_head_json":{"title":"VISION X SOLO POD PRIME 10W 20\u00b0 - Vision X Europe","robots":{"index":"index","follow":"follow","max-snippet":"max-snippet:-1","max-image-preview":"max-image-preview:large","max-video-preview":"max-video-preview:-1"},"canonical":"https:\/\/www.visionxeurope.com\/se\/webbutik\/vision-x-solo-pod-prime-10w-20\/","og_locale":"sv_SE","og_type":"article","og_title":"VISION X SOLO POD PRIME 10W 20\u00b0","og_description":"Vision X flyttar fram gr\u00e4nsen f\u00f6r vad en LED lampa kan prestera med sin helt nya Prime Drive teknologi. Aldrig tidigare har ett s\u00e5 intensivt ljus g\u00e5tt att f\u00e5 fram ur en LED lampa. Solo Pod Prime \u00e4r den absolut minsta lampan p\u00e5 marknaden som samtidigt ger s\u00e5 mycket och intensivt ljus.&nbsp; Data:Lamphus: 6061 aluminium.Enkel installation med +\/- kabel.Sp\u00e4nning: 9-48 volt.Litet inbyggnadsm\u00e5tt.T\u00e5l h\u00e5rda p\u00e5frestningar fr\u00e5n v\u00e4der och vind.Str\u00f6mf\u00f6rbrukning: 0.83 Amp vid 12V.Klassning vatten: IP68 (klarar 3 m vattendjup)Klassning vibrationer: 15.6 Grms&nbsp;M\u00e5tt: BxHxD 55\u00d784.5x60mm&nbsp;Vikt: 320gAntal LED: 1 stycken 10 watt LEDR\u00e5a lumen:&nbsp;1 052Effektiva lumen: 736Lins: Polycarbonat (n\u00e4stintill okrossbar)Ljusbild: 20\u00b0 Euro (Finns \u00e4ven i 10\u00b0, 40\u00b0)","og_url":"https:\/\/www.visionxeurope.com\/se\/webbutik\/vision-x-solo-pod-prime-10w-20\/","og_site_name":"Vision X Europe","article_publisher":"https:\/\/www.facebook.com\/visionxeurope","article_modified_time":"2026-03-26T13:23:42+00:00","og_image":[{"width":600,"height":600,"url":"https:\/\/www.visionxeurope.com\/se\/wp-content\/uploads\/sites\/7\/2022\/04\/XIL-SP120.jpg","type":"image\/jpeg"}],"twitter_card":"summary_large_image","twitter_misc":{"Pris":"1 436,00&nbsp;&#107;&#114; exkl. moms","Tillg\u00e4nglig":"I lager"},"schema":{"@context":"https:\/\/schema.org","@graph":[{"@type":"WebPage","@id":"https:\/\/www.visionxeurope.com\/se\/webbutik\/vision-x-solo-pod-prime-10w-20\/","url":"https:\/\/www.visionxeurope.com\/se\/webbutik\/vision-x-solo-pod-prime-10w-20\/","name":"VISION X SOLO POD PRIME 10W 20\u00b0 - Vision X Europe","isPartOf":{"@id":"https:\/\/www.visionxeurope.com\/se\/#website"},"primaryImageOfPage":{"@id":"https:\/\/www.visionxeurope.com\/se\/webbutik\/vision-x-solo-pod-prime-10w-20\/#primaryimage"},"image":{"@id":"https:\/\/www.visionxeurope.com\/se\/webbutik\/vision-x-solo-pod-prime-10w-20\/#primaryimage"},"thumbnailUrl":"https:\/\/www.visionxeurope.com\/se\/wp-content\/uploads\/sites\/7\/2022\/04\/XIL-SP120.jpg","datePublished":"2014-04-23T07:56:27+00:00","dateModified":"2026-03-26T13:23:42+00:00","breadcrumb":{"@id":"https:\/\/www.visionxeurope.com\/se\/webbutik\/vision-x-solo-pod-prime-10w-20\/#breadcrumb"},"inLanguage":"sv-SE","potentialAction":[{"@type":"ReadAction","target":["https:\/\/www.visionxeurope.com\/se\/webbutik\/vision-x-solo-pod-prime-10w-20\/"]}]},{"@type":"ImageObject","inLanguage":"sv-SE","@id":"https:\/\/www.visionxeurope.com\/se\/webbutik\/vision-x-solo-pod-prime-10w-20\/#primaryimage","url":"https:\/\/www.visionxeurope.com\/se\/wp-content\/uploads\/sites\/7\/2022\/04\/XIL-SP120.jpg","contentUrl":"https:\/\/www.visionxeurope.com\/se\/wp-content\/uploads\/sites\/7\/2022\/04\/XIL-SP120.jpg","width":600,"height":600},{"@type":"BreadcrumbList","@id":"https:\/\/www.visionxeurope.com\/se\/webbutik\/vision-x-solo-pod-prime-10w-20\/#breadcrumb","itemListElement":[{"@type":"ListItem","position":1,"name":"Hem","item":"https:\/\/www.visionxeurope.com\/se\/"},{"@type":"ListItem","position":2,"name":"Webbutik","item":"https:\/\/www.visionxeurope.com\/se\/webbutik\/"},{"@type":"ListItem","position":3,"name":"VISION X SOLO POD PRIME 10W 20\u00b0"}]},{"@type":"WebSite","@id":"https:\/\/www.visionxeurope.com\/se\/#website","url":"https:\/\/www.visionxeurope.com\/se\/","name":"Vision X Europe","description":"","publisher":{"@id":"https:\/\/www.visionxeurope.com\/se\/#organization"},"potentialAction":[{"@type":"SearchAction","target":{"@type":"EntryPoint","urlTemplate":"https:\/\/www.visionxeurope.com\/se\/?s={search_term_string}"},"query-input":{"@type":"PropertyValueSpecification","valueRequired":true,"valueName":"search_term_string"}}],"inLanguage":"sv-SE"},{"@type":"Organization","@id":"https:\/\/www.visionxeurope.com\/se\/#organization","name":"Vision X Europe","url":"https:\/\/www.visionxeurope.com\/se\/","logo":{"@type":"ImageObject","inLanguage":"sv-SE","@id":"https:\/\/www.visionxeurope.com\/se\/#\/schema\/logo\/image\/","url":"https:\/\/www.visionxeurope.com\/se\/wp-content\/uploads\/sites\/7\/2021\/04\/visionxeurope.png","contentUrl":"https:\/\/www.visionxeurope.com\/se\/wp-content\/uploads\/sites\/7\/2021\/04\/visionxeurope.png","width":300,"height":110,"caption":"Vision X Europe"},"image":{"@id":"https:\/\/www.visionxeurope.com\/se\/#\/schema\/logo\/image\/"},"sameAs":["https:\/\/www.facebook.com\/visionxeurope","https:\/\/www.instagram.com\/visionxeurope\/"]}]},"product_price_amount":"1436.00","product_price_currency":"SEK","og_availability":"instock","product_availability":"instock","product_retailer_item_id":"XIL-SP120","product_condition":"new"},"_links":{"self":[{"href":"https:\/\/www.visionxeurope.com\/se\/wp-json\/wp\/v2\/product\/13573","targetHints":{"allow":["GET"]}}],"collection":[{"href":"https:\/\/www.visionxeurope.com\/se\/wp-json\/wp\/v2\/product"}],"about":[{"href":"https:\/\/www.visionxeurope.com\/se\/wp-json\/wp\/v2\/types\/product"}],"replies":[{"embeddable":true,"href":"https:\/\/www.visionxeurope.com\/se\/wp-json\/wp\/v2\/comments?post=13573"}],"wp:featuredmedia":[{"embeddable":true,"href":"https:\/\/www.visionxeurope.com\/se\/wp-json\/wp\/v2\/media\/15317"}],"wp:attachment":[{"href":"https:\/\/www.visionxeurope.com\/se\/wp-json\/wp\/v2\/media?parent=13573"}],"wp:term":[{"taxonomy":"product_brand","embeddable":true,"href":"https:\/\/www.visionxeurope.com\/se\/wp-json\/wp\/v2\/product_brand?post=13573"},{"taxonomy":"product_cat","embeddable":true,"href":"https:\/\/www.visionxeurope.com\/se\/wp-json\/wp\/v2\/product_cat?post=13573"},{"taxonomy":"product_tag","embeddable":true,"href":"https:\/\/www.visionxeurope.com\/se\/wp-json\/wp\/v2\/product_tag?post=13573"}],"curies":[{"name":"wp","href":"https:\/\/api.w.org\/{rel}","templated":true}]}}