{"id":13569,"date":"2014-04-23T09:56:27","date_gmt":"2014-04-23T07:56:27","guid":{"rendered":"https:\/\/www.visionxeurope.com\/se\/produkt\/vision-x-solo-pod-hjalmfaste\/"},"modified":"2026-01-08T21:30:43","modified_gmt":"2026-01-08T20:30:43","slug":"vision-x-solo-pod-hjalmfaste","status":"publish","type":"product","link":"https:\/\/www.visionxeurope.com\/se\/webbutik\/vision-x-solo-pod-hjalmfaste\/","title":{"rendered":"VISION X SOLO POD HJ\u00c4LMF\u00c4STE"},"content":{"rendered":"<p><\/p>\n<p>Med en s\u00e5 effektiv lampa som Solstice Solo Pod \u00e4r och med ett b\u00e4rbart batteripack \u00e4r det tvunget att ocks\u00e5 ha ett f\u00e4ste f\u00f6r montage av lampan p\u00e5 hj\u00e4lmen.<br \/>En mindre platta monteras p\u00e5 hj\u00e4lmen och fungerar som snabbf\u00e4ste \u00e5t lampan. Lampan monteras sedan av\/p\u00e5 hj\u00e4lmen p\u00e5 n\u00e5gon sekund.<\/p>\n<p><\/p>\n<p><\/p>\n<p>Enkel montering och ett enorm ljusfl\u00f6de f\u00f6r en s\u00e5 liten lampa g\u00f6r det sv\u00e5rt att se \u00e5t andra alternativ.<\/p>\n<p><\/p>\n<p><\/p>\n<p>Med en b\u00e5de IP-68 klassad, vibrationstestad och st\u00f6ts\u00e4ker lampa \u00e4r det ett idealiskt hj\u00e4lmmontage.Montera p\u00e5 MC, Enduro, ATV-hj\u00e4lmen, gruvhj\u00e4lmen, kl\u00e4tterhj\u00e4lmen, cykelhj\u00e4lmen, r\u00e4ddningshj\u00e4lmen eller varf\u00f6r inte skidhj\u00e4lmen&#8230;<\/p>\n<p><\/p>","protected":false},"excerpt":{"rendered":"<p>Med en s\u00e5 effektiv lampa som Solstice Solo Pod \u00e4r och med ett b\u00e4rbart batteripack \u00e4r det tvunget att ocks\u00e5 ha ett f\u00e4ste f\u00f6r montage av lampan p\u00e5 hj\u00e4lmen.<br \/>En mindre platta monteras p\u00e5 hj\u00e4lmen och fungerar som snabbf\u00e4ste \u00e5t lampan. Lampan monteras sedan av\/p\u00e5 hj\u00e4lmen p\u00e5 n\u00e5gon sekund.<\/p>\n<p>Enkel montering och ett enorm ljusfl\u00f6de f\u00f6r en s\u00e5 liten lampa g\u00f6r det sv\u00e5rt att se \u00e5t andra alternativ.<\/p>\n<p>Med en b\u00e5de IP-68 klassad, vibrationstestad och st\u00f6ts\u00e4ker lampa \u00e4r det ett idealiskt hj\u00e4lmmontage.Montera p\u00e5 MC, Enduro, ATV-hj\u00e4lmen, gruvhj\u00e4lmen, kl\u00e4tterhj\u00e4lmen, cykelhj\u00e4lmen, r\u00e4ddningshj\u00e4lmen eller varf\u00f6r inte skidhj\u00e4lmen&#8230;<\/p>\n","protected":false},"featured_media":15307,"comment_status":"open","ping_status":"open","template":"","meta":{"editor_notices":[]},"product_brand":[],"product_cat":[39],"product_tag":[],"class_list":{"0":"post-13569","1":"product","2":"type-product","3":"status-publish","4":"has-post-thumbnail","6":"product_cat-montage","7":"resize-featured-image","8":"","9":"woocommerce-text-align-left","10":"woocommerce-image-align-center","12":"first","13":"instock","14":"taxable","15":"shipping-taxable","16":"product-type-simple"},"yoast_head":"<!-- This site is optimized with the Yoast SEO Premium plugin v25.0 (Yoast SEO v25.0) - https:\/\/yoast.com\/wordpress\/plugins\/seo\/ -->\n<title>VISION X SOLO POD HJ\u00c4LMF\u00c4STE - Vision X Europe<\/title>\n<meta name=\"robots\" content=\"index, follow, max-snippet:-1, max-image-preview:large, max-video-preview:-1\" \/>\n<link rel=\"canonical\" href=\"https:\/\/www.visionxeurope.com\/se\/webbutik\/vision-x-solo-pod-hjalmfaste\/\" \/>\n<meta property=\"og:locale\" content=\"sv_SE\" \/>\n<meta property=\"og:type\" content=\"article\" \/>\n<meta property=\"og:title\" content=\"VISION X SOLO POD HJ\u00c4LMF\u00c4STE\" \/>\n<meta property=\"og:description\" content=\"Med en s\u00e5 effektiv lampa som Solstice Solo Pod \u00e4r och med ett b\u00e4rbart batteripack \u00e4r det tvunget att ocks\u00e5 ha ett f\u00e4ste f\u00f6r montage av lampan p\u00e5 hj\u00e4lmen.En mindre platta monteras p\u00e5 hj\u00e4lmen och fungerar som snabbf\u00e4ste \u00e5t lampan. Lampan monteras sedan av\/p\u00e5 hj\u00e4lmen p\u00e5 n\u00e5gon sekund. Enkel montering och ett enorm ljusfl\u00f6de f\u00f6r en s\u00e5 liten lampa g\u00f6r det sv\u00e5rt att se \u00e5t andra alternativ. Med en b\u00e5de IP-68 klassad, vibrationstestad och st\u00f6ts\u00e4ker lampa \u00e4r det ett idealiskt hj\u00e4lmmontage.Montera p\u00e5 MC, Enduro, ATV-hj\u00e4lmen, gruvhj\u00e4lmen, kl\u00e4tterhj\u00e4lmen, cykelhj\u00e4lmen, r\u00e4ddningshj\u00e4lmen eller varf\u00f6r inte skidhj\u00e4lmen&#8230;\" \/>\n<meta property=\"og:url\" content=\"https:\/\/www.visionxeurope.com\/se\/webbutik\/vision-x-solo-pod-hjalmfaste\/\" \/>\n<meta property=\"og:site_name\" content=\"Vision X Europe\" \/>\n<meta property=\"article:publisher\" content=\"https:\/\/www.facebook.com\/visionxeurope\" \/>\n<meta property=\"article:modified_time\" content=\"2026-01-08T20:30:43+00:00\" \/>\n<meta property=\"og:image\" content=\"https:\/\/www.rindab.se\/wp-content\/uploads\/sites\/7\/2022\/04\/XIL-SHELMET.jpg\" \/>\n\t<meta property=\"og:image:width\" content=\"450\" \/>\n\t<meta property=\"og:image:height\" content=\"450\" \/>\n\t<meta property=\"og:image:type\" content=\"image\/jpeg\" \/>\n<meta name=\"twitter:card\" content=\"summary_large_image\" \/>\n<meta name=\"twitter:label1\" content=\"Pris\" \/>\n\t<meta name=\"twitter:data1\" content=\"282,00&nbsp;&#107;&#114; exkl. moms\" \/>\n\t<meta name=\"twitter:label2\" content=\"Tillg\u00e4nglig\" \/>\n\t<meta name=\"twitter:data2\" content=\"I lager\" \/>\n<script type=\"application\/ld+json\" class=\"yoast-schema-graph\">{\"@context\":\"https:\/\/schema.org\",\"@graph\":[{\"@type\":\"WebPage\",\"@id\":\"https:\/\/www.visionxeurope.com\/se\/webbutik\/vision-x-solo-pod-hjalmfaste\/\",\"url\":\"https:\/\/www.visionxeurope.com\/se\/webbutik\/vision-x-solo-pod-hjalmfaste\/\",\"name\":\"VISION X SOLO POD HJ\u00c4LMF\u00c4STE - Vision X Europe\",\"isPartOf\":{\"@id\":\"https:\/\/www.visionxeurope.com\/se\/#website\"},\"primaryImageOfPage\":{\"@id\":\"https:\/\/www.visionxeurope.com\/se\/webbutik\/vision-x-solo-pod-hjalmfaste\/#primaryimage\"},\"image\":{\"@id\":\"https:\/\/www.visionxeurope.com\/se\/webbutik\/vision-x-solo-pod-hjalmfaste\/#primaryimage\"},\"thumbnailUrl\":\"https:\/\/www.visionxeurope.com\/se\/wp-content\/uploads\/sites\/7\/2022\/04\/XIL-SHELMET.jpg\",\"datePublished\":\"2014-04-23T07:56:27+00:00\",\"dateModified\":\"2026-01-08T20:30:43+00:00\",\"breadcrumb\":{\"@id\":\"https:\/\/www.visionxeurope.com\/se\/webbutik\/vision-x-solo-pod-hjalmfaste\/#breadcrumb\"},\"inLanguage\":\"sv-SE\",\"potentialAction\":[{\"@type\":\"ReadAction\",\"target\":[\"https:\/\/www.visionxeurope.com\/se\/webbutik\/vision-x-solo-pod-hjalmfaste\/\"]}]},{\"@type\":\"ImageObject\",\"inLanguage\":\"sv-SE\",\"@id\":\"https:\/\/www.visionxeurope.com\/se\/webbutik\/vision-x-solo-pod-hjalmfaste\/#primaryimage\",\"url\":\"https:\/\/www.visionxeurope.com\/se\/wp-content\/uploads\/sites\/7\/2022\/04\/XIL-SHELMET.jpg\",\"contentUrl\":\"https:\/\/www.visionxeurope.com\/se\/wp-content\/uploads\/sites\/7\/2022\/04\/XIL-SHELMET.jpg\",\"width\":450,\"height\":450},{\"@type\":\"BreadcrumbList\",\"@id\":\"https:\/\/www.visionxeurope.com\/se\/webbutik\/vision-x-solo-pod-hjalmfaste\/#breadcrumb\",\"itemListElement\":[{\"@type\":\"ListItem\",\"position\":1,\"name\":\"Hem\",\"item\":\"https:\/\/www.visionxeurope.com\/se\/\"},{\"@type\":\"ListItem\",\"position\":2,\"name\":\"Webbutik\",\"item\":\"https:\/\/www.visionxeurope.com\/se\/webbutik\/\"},{\"@type\":\"ListItem\",\"position\":3,\"name\":\"VISION X SOLO POD HJ\u00c4LMF\u00c4STE\"}]},{\"@type\":\"WebSite\",\"@id\":\"https:\/\/www.visionxeurope.com\/se\/#website\",\"url\":\"https:\/\/www.visionxeurope.com\/se\/\",\"name\":\"Vision X Europe\",\"description\":\"\",\"publisher\":{\"@id\":\"https:\/\/www.visionxeurope.com\/se\/#organization\"},\"potentialAction\":[{\"@type\":\"SearchAction\",\"target\":{\"@type\":\"EntryPoint\",\"urlTemplate\":\"https:\/\/www.visionxeurope.com\/se\/?s={search_term_string}\"},\"query-input\":{\"@type\":\"PropertyValueSpecification\",\"valueRequired\":true,\"valueName\":\"search_term_string\"}}],\"inLanguage\":\"sv-SE\"},{\"@type\":\"Organization\",\"@id\":\"https:\/\/www.visionxeurope.com\/se\/#organization\",\"name\":\"Vision X Europe\",\"url\":\"https:\/\/www.visionxeurope.com\/se\/\",\"logo\":{\"@type\":\"ImageObject\",\"inLanguage\":\"sv-SE\",\"@id\":\"https:\/\/www.visionxeurope.com\/se\/#\/schema\/logo\/image\/\",\"url\":\"https:\/\/www.visionxeurope.com\/se\/wp-content\/uploads\/sites\/7\/2021\/04\/visionxeurope.png\",\"contentUrl\":\"https:\/\/www.visionxeurope.com\/se\/wp-content\/uploads\/sites\/7\/2021\/04\/visionxeurope.png\",\"width\":300,\"height\":110,\"caption\":\"Vision X Europe\"},\"image\":{\"@id\":\"https:\/\/www.visionxeurope.com\/se\/#\/schema\/logo\/image\/\"},\"sameAs\":[\"https:\/\/www.facebook.com\/visionxeurope\",\"https:\/\/www.instagram.com\/visionxeurope\/\"]}]}<\/script>\n<meta property=\"product:price:amount\" content=\"282.00\" \/>\n<meta property=\"product:price:currency\" content=\"SEK\" \/>\n<meta property=\"og:availability\" content=\"instock\" \/>\n<meta property=\"product:availability\" content=\"instock\" \/>\n<meta property=\"product:retailer_item_id\" content=\"XIL-SHELMET\" \/>\n<meta property=\"product:condition\" content=\"new\" \/>\n<!-- \/ Yoast SEO Premium plugin. -->","yoast_head_json":{"title":"VISION X SOLO POD HJ\u00c4LMF\u00c4STE - Vision X Europe","robots":{"index":"index","follow":"follow","max-snippet":"max-snippet:-1","max-image-preview":"max-image-preview:large","max-video-preview":"max-video-preview:-1"},"canonical":"https:\/\/www.visionxeurope.com\/se\/webbutik\/vision-x-solo-pod-hjalmfaste\/","og_locale":"sv_SE","og_type":"article","og_title":"VISION X SOLO POD HJ\u00c4LMF\u00c4STE","og_description":"Med en s\u00e5 effektiv lampa som Solstice Solo Pod \u00e4r och med ett b\u00e4rbart batteripack \u00e4r det tvunget att ocks\u00e5 ha ett f\u00e4ste f\u00f6r montage av lampan p\u00e5 hj\u00e4lmen.En mindre platta monteras p\u00e5 hj\u00e4lmen och fungerar som snabbf\u00e4ste \u00e5t lampan. Lampan monteras sedan av\/p\u00e5 hj\u00e4lmen p\u00e5 n\u00e5gon sekund. Enkel montering och ett enorm ljusfl\u00f6de f\u00f6r en s\u00e5 liten lampa g\u00f6r det sv\u00e5rt att se \u00e5t andra alternativ. Med en b\u00e5de IP-68 klassad, vibrationstestad och st\u00f6ts\u00e4ker lampa \u00e4r det ett idealiskt hj\u00e4lmmontage.Montera p\u00e5 MC, Enduro, ATV-hj\u00e4lmen, gruvhj\u00e4lmen, kl\u00e4tterhj\u00e4lmen, cykelhj\u00e4lmen, r\u00e4ddningshj\u00e4lmen eller varf\u00f6r inte skidhj\u00e4lmen&#8230;","og_url":"https:\/\/www.visionxeurope.com\/se\/webbutik\/vision-x-solo-pod-hjalmfaste\/","og_site_name":"Vision X Europe","article_publisher":"https:\/\/www.facebook.com\/visionxeurope","article_modified_time":"2026-01-08T20:30:43+00:00","og_image":[{"width":450,"height":450,"url":"https:\/\/www.rindab.se\/wp-content\/uploads\/sites\/7\/2022\/04\/XIL-SHELMET.jpg","type":"image\/jpeg"}],"twitter_card":"summary_large_image","twitter_misc":{"Pris":"282,00&nbsp;&#107;&#114; exkl. moms","Tillg\u00e4nglig":"I lager"},"schema":{"@context":"https:\/\/schema.org","@graph":[{"@type":"WebPage","@id":"https:\/\/www.visionxeurope.com\/se\/webbutik\/vision-x-solo-pod-hjalmfaste\/","url":"https:\/\/www.visionxeurope.com\/se\/webbutik\/vision-x-solo-pod-hjalmfaste\/","name":"VISION X SOLO POD HJ\u00c4LMF\u00c4STE - Vision X Europe","isPartOf":{"@id":"https:\/\/www.visionxeurope.com\/se\/#website"},"primaryImageOfPage":{"@id":"https:\/\/www.visionxeurope.com\/se\/webbutik\/vision-x-solo-pod-hjalmfaste\/#primaryimage"},"image":{"@id":"https:\/\/www.visionxeurope.com\/se\/webbutik\/vision-x-solo-pod-hjalmfaste\/#primaryimage"},"thumbnailUrl":"https:\/\/www.visionxeurope.com\/se\/wp-content\/uploads\/sites\/7\/2022\/04\/XIL-SHELMET.jpg","datePublished":"2014-04-23T07:56:27+00:00","dateModified":"2026-01-08T20:30:43+00:00","breadcrumb":{"@id":"https:\/\/www.visionxeurope.com\/se\/webbutik\/vision-x-solo-pod-hjalmfaste\/#breadcrumb"},"inLanguage":"sv-SE","potentialAction":[{"@type":"ReadAction","target":["https:\/\/www.visionxeurope.com\/se\/webbutik\/vision-x-solo-pod-hjalmfaste\/"]}]},{"@type":"ImageObject","inLanguage":"sv-SE","@id":"https:\/\/www.visionxeurope.com\/se\/webbutik\/vision-x-solo-pod-hjalmfaste\/#primaryimage","url":"https:\/\/www.visionxeurope.com\/se\/wp-content\/uploads\/sites\/7\/2022\/04\/XIL-SHELMET.jpg","contentUrl":"https:\/\/www.visionxeurope.com\/se\/wp-content\/uploads\/sites\/7\/2022\/04\/XIL-SHELMET.jpg","width":450,"height":450},{"@type":"BreadcrumbList","@id":"https:\/\/www.visionxeurope.com\/se\/webbutik\/vision-x-solo-pod-hjalmfaste\/#breadcrumb","itemListElement":[{"@type":"ListItem","position":1,"name":"Hem","item":"https:\/\/www.visionxeurope.com\/se\/"},{"@type":"ListItem","position":2,"name":"Webbutik","item":"https:\/\/www.visionxeurope.com\/se\/webbutik\/"},{"@type":"ListItem","position":3,"name":"VISION X SOLO POD HJ\u00c4LMF\u00c4STE"}]},{"@type":"WebSite","@id":"https:\/\/www.visionxeurope.com\/se\/#website","url":"https:\/\/www.visionxeurope.com\/se\/","name":"Vision X Europe","description":"","publisher":{"@id":"https:\/\/www.visionxeurope.com\/se\/#organization"},"potentialAction":[{"@type":"SearchAction","target":{"@type":"EntryPoint","urlTemplate":"https:\/\/www.visionxeurope.com\/se\/?s={search_term_string}"},"query-input":{"@type":"PropertyValueSpecification","valueRequired":true,"valueName":"search_term_string"}}],"inLanguage":"sv-SE"},{"@type":"Organization","@id":"https:\/\/www.visionxeurope.com\/se\/#organization","name":"Vision X Europe","url":"https:\/\/www.visionxeurope.com\/se\/","logo":{"@type":"ImageObject","inLanguage":"sv-SE","@id":"https:\/\/www.visionxeurope.com\/se\/#\/schema\/logo\/image\/","url":"https:\/\/www.visionxeurope.com\/se\/wp-content\/uploads\/sites\/7\/2021\/04\/visionxeurope.png","contentUrl":"https:\/\/www.visionxeurope.com\/se\/wp-content\/uploads\/sites\/7\/2021\/04\/visionxeurope.png","width":300,"height":110,"caption":"Vision X Europe"},"image":{"@id":"https:\/\/www.visionxeurope.com\/se\/#\/schema\/logo\/image\/"},"sameAs":["https:\/\/www.facebook.com\/visionxeurope","https:\/\/www.instagram.com\/visionxeurope\/"]}]},"product_price_amount":"282.00","product_price_currency":"SEK","og_availability":"instock","product_availability":"instock","product_retailer_item_id":"XIL-SHELMET","product_condition":"new"},"_links":{"self":[{"href":"https:\/\/www.visionxeurope.com\/se\/wp-json\/wp\/v2\/product\/13569","targetHints":{"allow":["GET"]}}],"collection":[{"href":"https:\/\/www.visionxeurope.com\/se\/wp-json\/wp\/v2\/product"}],"about":[{"href":"https:\/\/www.visionxeurope.com\/se\/wp-json\/wp\/v2\/types\/product"}],"replies":[{"embeddable":true,"href":"https:\/\/www.visionxeurope.com\/se\/wp-json\/wp\/v2\/comments?post=13569"}],"wp:featuredmedia":[{"embeddable":true,"href":"https:\/\/www.visionxeurope.com\/se\/wp-json\/wp\/v2\/media\/15307"}],"wp:attachment":[{"href":"https:\/\/www.visionxeurope.com\/se\/wp-json\/wp\/v2\/media?parent=13569"}],"wp:term":[{"taxonomy":"product_brand","embeddable":true,"href":"https:\/\/www.visionxeurope.com\/se\/wp-json\/wp\/v2\/product_brand?post=13569"},{"taxonomy":"product_cat","embeddable":true,"href":"https:\/\/www.visionxeurope.com\/se\/wp-json\/wp\/v2\/product_cat?post=13569"},{"taxonomy":"product_tag","embeddable":true,"href":"https:\/\/www.visionxeurope.com\/se\/wp-json\/wp\/v2\/product_tag?post=13569"}],"curies":[{"name":"wp","href":"https:\/\/api.w.org\/{rel}","templated":true}]}}