{"id":13565,"date":"2014-04-23T09:56:27","date_gmt":"2014-04-23T07:56:27","guid":{"rendered":"https:\/\/www.visionxeurope.com\/se\/produkt\/vision-x-kombokit-hjalm-och-styre-faste\/"},"modified":"2026-01-08T16:35:40","modified_gmt":"2026-01-08T15:35:40","slug":"vision-x-kombokit-hjalm-och-styre-faste","status":"publish","type":"product","link":"https:\/\/www.visionxeurope.com\/se\/webbutik\/vision-x-kombokit-hjalm-och-styre-faste\/","title":{"rendered":"VISION X KOMBOKIT HJ\u00c4LM OCH STYRE F\u00c4STE"},"content":{"rendered":"<\/p>\n<p><\/p>\n<p>S\u00e4tt din Vision X Solstice Solo Pod att arbeta med \u00e4kta fabrikstillbeh\u00f6r.<br \/>XIL-SCOMBO \u00e4r en kombokit inklusive en platt monteringsadapter, hj\u00e4lm monteringsadapter och handtag med tillh\u00f6rande monteringstillbeh\u00f6r. Med den platta monteringsadaptern installerad p\u00e5 din Solstice Solo Pod kan du enkelt v\u00e4xla mellan hj\u00e4lm montering och cykelf\u00e4ste beroende p\u00e5 din anv\u00e4ndningsfunktion f\u00f6r tillf\u00e4llet.<\/p>\n<p><\/p>\n<\/p>\n<p><\/p>\n<p><strong>Data:<\/strong><br \/>\u2022 Flera monteringssatser ing\u00e5r<br \/>\u2022 M\u00f6jligg\u00f6r Solo Pod att monteras p\u00e5 styret<br \/>\u2022 Till\u00e5ter Solo Pod att monteras p\u00e5 hj\u00e4lmen<br \/>\u2022 Inkluderar platt mount adapter<br \/>\u2022 Enkel installation och borttagning<\/p>\n<p><\/p>","protected":false},"excerpt":{"rendered":"<p>S\u00e4tt din Vision X Solstice Solo Pod att arbeta med \u00e4kta fabrikstillbeh\u00f6r.<br \/>XIL-SCOMBO \u00e4r en kombokit inklusive en platt monteringsadapter, hj\u00e4lm monteringsadapter och handtag med tillh\u00f6rande monteringstillbeh\u00f6r. Med den platta monteringsadaptern installerad p\u00e5 din Solstice Solo Pod kan du enkelt v\u00e4xla mellan hj\u00e4lm montering och cykelf\u00e4ste beroende p\u00e5 din anv\u00e4ndningsfunktion f\u00f6r tillf\u00e4llet.<\/p>\n<p><strong>Data:<\/strong><br \/>\u2022 Flera monteringssatser ing\u00e5r<br \/>\u2022 M\u00f6jligg\u00f6r Solo Pod att monteras p\u00e5 styret<br \/>\u2022 Till\u00e5ter Solo Pod att monteras p\u00e5 hj\u00e4lmen<br \/>\u2022 Inkluderar platt mount adapter<br \/>\u2022 Enkel installation och borttagning<\/p>\n","protected":false},"featured_media":15302,"comment_status":"open","ping_status":"open","template":"","meta":{"editor_notices":[]},"product_brand":[],"product_cat":[39],"product_tag":[],"class_list":{"0":"post-13565","1":"product","2":"type-product","3":"status-publish","4":"has-post-thumbnail","6":"product_cat-montage","7":"resize-featured-image","8":"","9":"woocommerce-text-align-left","10":"woocommerce-image-align-center","12":"first","13":"instock","14":"taxable","15":"shipping-taxable","16":"product-type-simple"},"yoast_head":"<!-- This site is optimized with the Yoast SEO Premium plugin v25.0 (Yoast SEO v25.0) - https:\/\/yoast.com\/wordpress\/plugins\/seo\/ -->\n<title>VISION X KOMBOKIT HJ\u00c4LM OCH STYRE F\u00c4STE - Vision X Europe<\/title>\n<meta name=\"robots\" content=\"index, follow, max-snippet:-1, max-image-preview:large, max-video-preview:-1\" \/>\n<link rel=\"canonical\" href=\"https:\/\/www.visionxeurope.com\/se\/webbutik\/vision-x-kombokit-hjalm-och-styre-faste\/\" \/>\n<meta property=\"og:locale\" content=\"sv_SE\" \/>\n<meta property=\"og:type\" content=\"article\" \/>\n<meta property=\"og:title\" content=\"VISION X KOMBOKIT HJ\u00c4LM OCH STYRE F\u00c4STE\" \/>\n<meta property=\"og:description\" content=\"S\u00e4tt din Vision X Solstice Solo Pod att arbeta med \u00e4kta fabrikstillbeh\u00f6r.XIL-SCOMBO \u00e4r en kombokit inklusive en platt monteringsadapter, hj\u00e4lm monteringsadapter och handtag med tillh\u00f6rande monteringstillbeh\u00f6r. Med den platta monteringsadaptern installerad p\u00e5 din Solstice Solo Pod kan du enkelt v\u00e4xla mellan hj\u00e4lm montering och cykelf\u00e4ste beroende p\u00e5 din anv\u00e4ndningsfunktion f\u00f6r tillf\u00e4llet. Data:\u2022 Flera monteringssatser ing\u00e5r\u2022 M\u00f6jligg\u00f6r Solo Pod att monteras p\u00e5 styret\u2022 Till\u00e5ter Solo Pod att monteras p\u00e5 hj\u00e4lmen\u2022 Inkluderar platt mount adapter\u2022 Enkel installation och borttagning\" \/>\n<meta property=\"og:url\" content=\"https:\/\/www.visionxeurope.com\/se\/webbutik\/vision-x-kombokit-hjalm-och-styre-faste\/\" \/>\n<meta property=\"og:site_name\" content=\"Vision X Europe\" \/>\n<meta property=\"article:publisher\" content=\"https:\/\/www.facebook.com\/visionxeurope\" \/>\n<meta property=\"article:modified_time\" content=\"2026-01-08T15:35:40+00:00\" \/>\n<meta property=\"og:image\" content=\"https:\/\/www.rindab.se\/wp-content\/uploads\/sites\/7\/2022\/04\/XIL-SCOMBO.jpg\" \/>\n\t<meta property=\"og:image:width\" content=\"450\" \/>\n\t<meta property=\"og:image:height\" content=\"450\" \/>\n\t<meta property=\"og:image:type\" content=\"image\/jpeg\" \/>\n<meta name=\"twitter:card\" content=\"summary_large_image\" \/>\n<meta name=\"twitter:label1\" content=\"Pris\" \/>\n\t<meta name=\"twitter:data1\" content=\"440,00&nbsp;&#107;&#114; exkl. moms\" \/>\n\t<meta name=\"twitter:label2\" content=\"Tillg\u00e4nglig\" \/>\n\t<meta name=\"twitter:data2\" content=\"I lager\" \/>\n<script type=\"application\/ld+json\" class=\"yoast-schema-graph\">{\"@context\":\"https:\/\/schema.org\",\"@graph\":[{\"@type\":\"WebPage\",\"@id\":\"https:\/\/www.visionxeurope.com\/se\/webbutik\/vision-x-kombokit-hjalm-och-styre-faste\/\",\"url\":\"https:\/\/www.visionxeurope.com\/se\/webbutik\/vision-x-kombokit-hjalm-och-styre-faste\/\",\"name\":\"VISION X KOMBOKIT HJ\u00c4LM OCH STYRE F\u00c4STE - Vision X Europe\",\"isPartOf\":{\"@id\":\"https:\/\/www.visionxeurope.com\/se\/#website\"},\"primaryImageOfPage\":{\"@id\":\"https:\/\/www.visionxeurope.com\/se\/webbutik\/vision-x-kombokit-hjalm-och-styre-faste\/#primaryimage\"},\"image\":{\"@id\":\"https:\/\/www.visionxeurope.com\/se\/webbutik\/vision-x-kombokit-hjalm-och-styre-faste\/#primaryimage\"},\"thumbnailUrl\":\"https:\/\/www.visionxeurope.com\/se\/wp-content\/uploads\/sites\/7\/2022\/04\/XIL-SCOMBO.jpg\",\"datePublished\":\"2014-04-23T07:56:27+00:00\",\"dateModified\":\"2026-01-08T15:35:40+00:00\",\"breadcrumb\":{\"@id\":\"https:\/\/www.visionxeurope.com\/se\/webbutik\/vision-x-kombokit-hjalm-och-styre-faste\/#breadcrumb\"},\"inLanguage\":\"sv-SE\",\"potentialAction\":[{\"@type\":\"ReadAction\",\"target\":[\"https:\/\/www.visionxeurope.com\/se\/webbutik\/vision-x-kombokit-hjalm-och-styre-faste\/\"]}]},{\"@type\":\"ImageObject\",\"inLanguage\":\"sv-SE\",\"@id\":\"https:\/\/www.visionxeurope.com\/se\/webbutik\/vision-x-kombokit-hjalm-och-styre-faste\/#primaryimage\",\"url\":\"https:\/\/www.visionxeurope.com\/se\/wp-content\/uploads\/sites\/7\/2022\/04\/XIL-SCOMBO.jpg\",\"contentUrl\":\"https:\/\/www.visionxeurope.com\/se\/wp-content\/uploads\/sites\/7\/2022\/04\/XIL-SCOMBO.jpg\",\"width\":450,\"height\":450},{\"@type\":\"BreadcrumbList\",\"@id\":\"https:\/\/www.visionxeurope.com\/se\/webbutik\/vision-x-kombokit-hjalm-och-styre-faste\/#breadcrumb\",\"itemListElement\":[{\"@type\":\"ListItem\",\"position\":1,\"name\":\"Hem\",\"item\":\"https:\/\/www.visionxeurope.com\/se\/\"},{\"@type\":\"ListItem\",\"position\":2,\"name\":\"Webbutik\",\"item\":\"https:\/\/www.visionxeurope.com\/se\/webbutik\/\"},{\"@type\":\"ListItem\",\"position\":3,\"name\":\"VISION X KOMBOKIT HJ\u00c4LM OCH STYRE F\u00c4STE\"}]},{\"@type\":\"WebSite\",\"@id\":\"https:\/\/www.visionxeurope.com\/se\/#website\",\"url\":\"https:\/\/www.visionxeurope.com\/se\/\",\"name\":\"Vision X Europe\",\"description\":\"\",\"publisher\":{\"@id\":\"https:\/\/www.visionxeurope.com\/se\/#organization\"},\"potentialAction\":[{\"@type\":\"SearchAction\",\"target\":{\"@type\":\"EntryPoint\",\"urlTemplate\":\"https:\/\/www.visionxeurope.com\/se\/?s={search_term_string}\"},\"query-input\":{\"@type\":\"PropertyValueSpecification\",\"valueRequired\":true,\"valueName\":\"search_term_string\"}}],\"inLanguage\":\"sv-SE\"},{\"@type\":\"Organization\",\"@id\":\"https:\/\/www.visionxeurope.com\/se\/#organization\",\"name\":\"Vision X Europe\",\"url\":\"https:\/\/www.visionxeurope.com\/se\/\",\"logo\":{\"@type\":\"ImageObject\",\"inLanguage\":\"sv-SE\",\"@id\":\"https:\/\/www.visionxeurope.com\/se\/#\/schema\/logo\/image\/\",\"url\":\"https:\/\/www.visionxeurope.com\/se\/wp-content\/uploads\/sites\/7\/2021\/04\/visionxeurope.png\",\"contentUrl\":\"https:\/\/www.visionxeurope.com\/se\/wp-content\/uploads\/sites\/7\/2021\/04\/visionxeurope.png\",\"width\":300,\"height\":110,\"caption\":\"Vision X Europe\"},\"image\":{\"@id\":\"https:\/\/www.visionxeurope.com\/se\/#\/schema\/logo\/image\/\"},\"sameAs\":[\"https:\/\/www.facebook.com\/visionxeurope\",\"https:\/\/www.instagram.com\/visionxeurope\/\"]}]}<\/script>\n<meta property=\"product:price:amount\" content=\"440.00\" \/>\n<meta property=\"product:price:currency\" content=\"SEK\" \/>\n<meta property=\"og:availability\" content=\"instock\" \/>\n<meta property=\"product:availability\" content=\"instock\" \/>\n<meta property=\"product:retailer_item_id\" content=\"XIL-SCOMBO\" \/>\n<meta property=\"product:condition\" content=\"new\" \/>\n<!-- \/ Yoast SEO Premium plugin. -->","yoast_head_json":{"title":"VISION X KOMBOKIT HJ\u00c4LM OCH STYRE F\u00c4STE - Vision X Europe","robots":{"index":"index","follow":"follow","max-snippet":"max-snippet:-1","max-image-preview":"max-image-preview:large","max-video-preview":"max-video-preview:-1"},"canonical":"https:\/\/www.visionxeurope.com\/se\/webbutik\/vision-x-kombokit-hjalm-och-styre-faste\/","og_locale":"sv_SE","og_type":"article","og_title":"VISION X KOMBOKIT HJ\u00c4LM OCH STYRE F\u00c4STE","og_description":"S\u00e4tt din Vision X Solstice Solo Pod att arbeta med \u00e4kta fabrikstillbeh\u00f6r.XIL-SCOMBO \u00e4r en kombokit inklusive en platt monteringsadapter, hj\u00e4lm monteringsadapter och handtag med tillh\u00f6rande monteringstillbeh\u00f6r. Med den platta monteringsadaptern installerad p\u00e5 din Solstice Solo Pod kan du enkelt v\u00e4xla mellan hj\u00e4lm montering och cykelf\u00e4ste beroende p\u00e5 din anv\u00e4ndningsfunktion f\u00f6r tillf\u00e4llet. Data:\u2022 Flera monteringssatser ing\u00e5r\u2022 M\u00f6jligg\u00f6r Solo Pod att monteras p\u00e5 styret\u2022 Till\u00e5ter Solo Pod att monteras p\u00e5 hj\u00e4lmen\u2022 Inkluderar platt mount adapter\u2022 Enkel installation och borttagning","og_url":"https:\/\/www.visionxeurope.com\/se\/webbutik\/vision-x-kombokit-hjalm-och-styre-faste\/","og_site_name":"Vision X Europe","article_publisher":"https:\/\/www.facebook.com\/visionxeurope","article_modified_time":"2026-01-08T15:35:40+00:00","og_image":[{"width":450,"height":450,"url":"https:\/\/www.rindab.se\/wp-content\/uploads\/sites\/7\/2022\/04\/XIL-SCOMBO.jpg","type":"image\/jpeg"}],"twitter_card":"summary_large_image","twitter_misc":{"Pris":"440,00&nbsp;&#107;&#114; exkl. moms","Tillg\u00e4nglig":"I lager"},"schema":{"@context":"https:\/\/schema.org","@graph":[{"@type":"WebPage","@id":"https:\/\/www.visionxeurope.com\/se\/webbutik\/vision-x-kombokit-hjalm-och-styre-faste\/","url":"https:\/\/www.visionxeurope.com\/se\/webbutik\/vision-x-kombokit-hjalm-och-styre-faste\/","name":"VISION X KOMBOKIT HJ\u00c4LM OCH STYRE F\u00c4STE - Vision X Europe","isPartOf":{"@id":"https:\/\/www.visionxeurope.com\/se\/#website"},"primaryImageOfPage":{"@id":"https:\/\/www.visionxeurope.com\/se\/webbutik\/vision-x-kombokit-hjalm-och-styre-faste\/#primaryimage"},"image":{"@id":"https:\/\/www.visionxeurope.com\/se\/webbutik\/vision-x-kombokit-hjalm-och-styre-faste\/#primaryimage"},"thumbnailUrl":"https:\/\/www.visionxeurope.com\/se\/wp-content\/uploads\/sites\/7\/2022\/04\/XIL-SCOMBO.jpg","datePublished":"2014-04-23T07:56:27+00:00","dateModified":"2026-01-08T15:35:40+00:00","breadcrumb":{"@id":"https:\/\/www.visionxeurope.com\/se\/webbutik\/vision-x-kombokit-hjalm-och-styre-faste\/#breadcrumb"},"inLanguage":"sv-SE","potentialAction":[{"@type":"ReadAction","target":["https:\/\/www.visionxeurope.com\/se\/webbutik\/vision-x-kombokit-hjalm-och-styre-faste\/"]}]},{"@type":"ImageObject","inLanguage":"sv-SE","@id":"https:\/\/www.visionxeurope.com\/se\/webbutik\/vision-x-kombokit-hjalm-och-styre-faste\/#primaryimage","url":"https:\/\/www.visionxeurope.com\/se\/wp-content\/uploads\/sites\/7\/2022\/04\/XIL-SCOMBO.jpg","contentUrl":"https:\/\/www.visionxeurope.com\/se\/wp-content\/uploads\/sites\/7\/2022\/04\/XIL-SCOMBO.jpg","width":450,"height":450},{"@type":"BreadcrumbList","@id":"https:\/\/www.visionxeurope.com\/se\/webbutik\/vision-x-kombokit-hjalm-och-styre-faste\/#breadcrumb","itemListElement":[{"@type":"ListItem","position":1,"name":"Hem","item":"https:\/\/www.visionxeurope.com\/se\/"},{"@type":"ListItem","position":2,"name":"Webbutik","item":"https:\/\/www.visionxeurope.com\/se\/webbutik\/"},{"@type":"ListItem","position":3,"name":"VISION X KOMBOKIT HJ\u00c4LM OCH STYRE F\u00c4STE"}]},{"@type":"WebSite","@id":"https:\/\/www.visionxeurope.com\/se\/#website","url":"https:\/\/www.visionxeurope.com\/se\/","name":"Vision X Europe","description":"","publisher":{"@id":"https:\/\/www.visionxeurope.com\/se\/#organization"},"potentialAction":[{"@type":"SearchAction","target":{"@type":"EntryPoint","urlTemplate":"https:\/\/www.visionxeurope.com\/se\/?s={search_term_string}"},"query-input":{"@type":"PropertyValueSpecification","valueRequired":true,"valueName":"search_term_string"}}],"inLanguage":"sv-SE"},{"@type":"Organization","@id":"https:\/\/www.visionxeurope.com\/se\/#organization","name":"Vision X Europe","url":"https:\/\/www.visionxeurope.com\/se\/","logo":{"@type":"ImageObject","inLanguage":"sv-SE","@id":"https:\/\/www.visionxeurope.com\/se\/#\/schema\/logo\/image\/","url":"https:\/\/www.visionxeurope.com\/se\/wp-content\/uploads\/sites\/7\/2021\/04\/visionxeurope.png","contentUrl":"https:\/\/www.visionxeurope.com\/se\/wp-content\/uploads\/sites\/7\/2021\/04\/visionxeurope.png","width":300,"height":110,"caption":"Vision X Europe"},"image":{"@id":"https:\/\/www.visionxeurope.com\/se\/#\/schema\/logo\/image\/"},"sameAs":["https:\/\/www.facebook.com\/visionxeurope","https:\/\/www.instagram.com\/visionxeurope\/"]}]},"product_price_amount":"440.00","product_price_currency":"SEK","og_availability":"instock","product_availability":"instock","product_retailer_item_id":"XIL-SCOMBO","product_condition":"new"},"_links":{"self":[{"href":"https:\/\/www.visionxeurope.com\/se\/wp-json\/wp\/v2\/product\/13565","targetHints":{"allow":["GET"]}}],"collection":[{"href":"https:\/\/www.visionxeurope.com\/se\/wp-json\/wp\/v2\/product"}],"about":[{"href":"https:\/\/www.visionxeurope.com\/se\/wp-json\/wp\/v2\/types\/product"}],"replies":[{"embeddable":true,"href":"https:\/\/www.visionxeurope.com\/se\/wp-json\/wp\/v2\/comments?post=13565"}],"wp:featuredmedia":[{"embeddable":true,"href":"https:\/\/www.visionxeurope.com\/se\/wp-json\/wp\/v2\/media\/15302"}],"wp:attachment":[{"href":"https:\/\/www.visionxeurope.com\/se\/wp-json\/wp\/v2\/media?parent=13565"}],"wp:term":[{"taxonomy":"product_brand","embeddable":true,"href":"https:\/\/www.visionxeurope.com\/se\/wp-json\/wp\/v2\/product_brand?post=13565"},{"taxonomy":"product_cat","embeddable":true,"href":"https:\/\/www.visionxeurope.com\/se\/wp-json\/wp\/v2\/product_cat?post=13565"},{"taxonomy":"product_tag","embeddable":true,"href":"https:\/\/www.visionxeurope.com\/se\/wp-json\/wp\/v2\/product_tag?post=13565"}],"curies":[{"name":"wp","href":"https:\/\/api.w.org\/{rel}","templated":true}]}}