{"id":13562,"date":"2015-03-23T10:07:31","date_gmt":"2015-03-23T09:07:31","guid":{"rendered":"https:\/\/www.visionxeurope.com\/se\/produkt\/vision-x-solo-pod-10w-60\/"},"modified":"2026-03-25T13:18:37","modified_gmt":"2026-03-25T12:18:37","slug":"vision-x-solo-pod-10w-60","status":"publish","type":"product","link":"https:\/\/www.visionxeurope.com\/se\/webbutik\/vision-x-solo-pod-10w-60\/","title":{"rendered":"VISION X SOLO POD 10W 60\u00b0"},"content":{"rendered":"<p><\/p>\n<p><strong>Nya Solo Pod, \u00e4nnu mer effektiv med \u00e4ven starkare diod \u00e4n tidigare!<\/strong><\/p>\n<p><\/p>\n<p><\/p>\n<p>Med Vision Xs Solo Pod finns det inga gr\u00e4nser. Anv\u00e4ndningsomr\u00e5det \u00e4r enormt. Med sm\u00e5 m\u00e5tt, l\u00f6jligt l\u00e5g str\u00f6mf\u00f6rbrukning, IP-68 klassning, vibrationstestade och med smarta tillbeh\u00f6r \u00e4r det mesta m\u00f6jligt.<\/p>\n<p><\/p>\n<p><\/p>\n<p>Anv\u00e4nd Solo Pod p\u00e5 MC, ATV, Enduro hj\u00e4lmen eller p\u00e5 kl\u00e4tter, r\u00e4ddnings eller gruvhj\u00e4lmen. Anv\u00e4nd Solo Pod p\u00e5 cyckeln, skotern eller roddb\u00e5ten. Ta med Solo Pod i fickan, bilen, b\u00e5ten eller gr\u00e4vmaskinen.<\/p>\n<p>Solo Pod kan monteras ihop hur m\u00e5nga som helst i en l\u00e5ng rad eller p\u00e5 h\u00f6jden med verktyget och kopplingen som f\u00f6ljer med. Solo Pod har tillbeh\u00f6r som separat batteri-pack som r\u00e4cker till att driva en Solo Pod i mer \u00e4n 3.5 timmar. Den kan \u00e4ven anv\u00e4ndas som tillbeh\u00f6r som f\u00e4ste f\u00f6r styret eller hj\u00e4lmen.<br \/>Begr\u00e4nsningarna \u00e4r f\u00e5 om fantasin finns!<\/p>\n<p><\/p>\n<p><\/p>\n<p><strong>Data:<\/strong><br \/>Lamphuset \u00e4r tillverkat i 6061 aluminium.<br \/>Enkel installation med +\/- kabel.<br \/>Sp\u00e4nning: 9-48V<br \/>Litet inbyggnadsm\u00e5tt.<br \/>Kan kopplas ihop med flera Solo Pod b\u00e5de p\u00e5 h\u00f6jden och bredden.<br \/>T\u00e5l h\u00e5rda p\u00e5frestningar fr\u00e5n v\u00e4der och vind.<br \/>Str\u00f6mf\u00f6rbrukning: 0.83 Amp vid 12V.<br \/>Klassning vatten: IP68 (klarar 3 meters vattendjup)<br \/>Klassning vibrationer: 15.6 Grms<br \/>M\u00e5tt: BxHxD 5.5&#215;8.3&#215;6.2mm<br \/>Vikt: 320g<br \/>Antal LED: 1 stycken 10 watt LED<br \/>R\u00e5a lumen: 1 052<br \/>Effektiva lumen: 736<br \/>Lins: Okrossbar polykarbonat<br \/>Ljusbild: 60\u00b0 Wide flood (Finns \u00e4ven i 10\u00b0, 30\u00b0)<\/p>\n<p><\/p>","protected":false},"excerpt":{"rendered":"<p><span style=\"font-size: 8pt\"><strong>Nya Solo Pod, \u00e4nnu mer effektiv med \u00e4ven starkare diod \u00e4n tidigare!<\/strong><\/span><\/p>\n<div>\n<p><span style=\"font-size: 8pt\">Med Vision Xs Solo Pod finns det inga gr\u00e4nser. Anv\u00e4ndningsomr\u00e5det \u00e4r enormt. Med sm\u00e5 m\u00e5tt, l\u00f6jligt l\u00e5g str\u00f6mf\u00f6rbrukning, IP-68 klassning, vibrationstestade och med smarta tillbeh\u00f6r \u00e4r det mesta m\u00f6jligt. <\/span><\/p>\n<p><span style=\"font-size: 8pt\"><strong>Data:<\/strong><\/span><br \/><span style=\"font-size: 8pt\">Lamphuset \u00e4r tillverkat i 6061 aluminium.<\/span><br \/><span style=\"font-size: 8pt\">Enkel installation med +\/- kabel.<\/span><br \/><span style=\"font-size: 8pt\">Sp\u00e4nning: 9-48V<\/span><br \/><span style=\"font-size: 8pt\">Litet inbyggnadsm\u00e5tt.<\/span><br \/><span style=\"font-size: 8pt\">Kan kopplas ihop med flera Solo Pod b\u00e5de p\u00e5 h\u00f6jden och bredden.<\/span><br \/><span style=\"font-size: 8pt\">T\u00e5l h\u00e5rda p\u00e5frestningar fr\u00e5n v\u00e4der och vind.<\/span><br \/><span style=\"font-size: 8pt\">Str\u00f6mf\u00f6rbrukning: 0.83 Amp vid 12V.<\/span><br \/><span style=\"font-size: 8pt\">Klassning vatten: IP68 (klarar 3 meters vattendjup)<\/span><br \/><span style=\"font-size: 8pt\">Klassning vibrationer: 15.6 Grms <\/span><br \/><span style=\"font-size: 8pt\">M\u00e5tt: BxHxD 5.5&#215;8.3&#215;6.2mm<\/span><br \/><span style=\"font-size: 8pt\">Vikt: 320g<\/span><br \/><span style=\"font-size: 8pt\">Antal LED: 1 stycken 10 watt LED<\/span><br \/><span style=\"font-size: 8pt\">R\u00e5a lumen: 1 052<\/span><br \/><span style=\"font-size: 8pt\">Effektiva lumen: 736<\/span><br \/><span style=\"font-size: 8pt\">Lins: Okrossbar polykarbonat<\/span><br \/><span style=\"font-size: 8pt\">Ljusbild: 60\u00b0 Wide flood (Finns \u00e4ven i 10\u00b0, 30\u00b0)<\/span><\/p>\n<\/div>\n","protected":false},"featured_media":15294,"comment_status":"closed","ping_status":"open","template":"","meta":{"editor_notices":[]},"product_brand":[],"product_cat":[247],"product_tag":[],"class_list":{"0":"post-13562","1":"product","2":"type-product","3":"status-publish","4":"has-post-thumbnail","6":"product_cat-pod-lights","7":"resize-featured-image","8":"","9":"woocommerce-text-align-left","10":"woocommerce-image-align-center","12":"first","13":"instock","14":"taxable","15":"shipping-taxable","16":"product-type-simple"},"yoast_head":"<!-- This site is optimized with the Yoast SEO Premium plugin v25.0 (Yoast SEO v25.0) - https:\/\/yoast.com\/wordpress\/plugins\/seo\/ -->\n<title>VISION X SOLO POD 10W 60\u00b0 - Vision X Europe<\/title>\n<meta name=\"robots\" content=\"index, follow, max-snippet:-1, max-image-preview:large, max-video-preview:-1\" \/>\n<link rel=\"canonical\" href=\"https:\/\/www.visionxeurope.com\/se\/webbutik\/vision-x-solo-pod-10w-60\/\" \/>\n<meta property=\"og:locale\" content=\"sv_SE\" \/>\n<meta property=\"og:type\" content=\"article\" \/>\n<meta property=\"og:title\" content=\"VISION X SOLO POD 10W 60\u00b0\" \/>\n<meta property=\"og:description\" content=\"Nya Solo Pod, \u00e4nnu mer effektiv med \u00e4ven starkare diod \u00e4n tidigare! Med Vision Xs Solo Pod finns det inga gr\u00e4nser. Anv\u00e4ndningsomr\u00e5det \u00e4r enormt. Med sm\u00e5 m\u00e5tt, l\u00f6jligt l\u00e5g str\u00f6mf\u00f6rbrukning, IP-68 klassning, vibrationstestade och med smarta tillbeh\u00f6r \u00e4r det mesta m\u00f6jligt. Data:Lamphuset \u00e4r tillverkat i 6061 aluminium.Enkel installation med +\/- kabel.Sp\u00e4nning: 9-48VLitet inbyggnadsm\u00e5tt.Kan kopplas ihop med flera Solo Pod b\u00e5de p\u00e5 h\u00f6jden och bredden.T\u00e5l h\u00e5rda p\u00e5frestningar fr\u00e5n v\u00e4der och vind.Str\u00f6mf\u00f6rbrukning: 0.83 Amp vid 12V.Klassning vatten: IP68 (klarar 3 meters vattendjup)Klassning vibrationer: 15.6 Grms M\u00e5tt: BxHxD 5.5&#215;8.3&#215;6.2mmVikt: 320gAntal LED: 1 stycken 10 watt LEDR\u00e5a lumen: 1 052Effektiva lumen: 736Lins: Okrossbar polykarbonatLjusbild: 60\u00b0 Wide flood (Finns \u00e4ven i 10\u00b0, 30\u00b0)\" \/>\n<meta property=\"og:url\" content=\"https:\/\/www.visionxeurope.com\/se\/webbutik\/vision-x-solo-pod-10w-60\/\" \/>\n<meta property=\"og:site_name\" content=\"Vision X Europe\" \/>\n<meta property=\"article:publisher\" content=\"https:\/\/www.facebook.com\/visionxeurope\" \/>\n<meta property=\"article:modified_time\" content=\"2026-03-25T12:18:37+00:00\" \/>\n<meta property=\"og:image\" content=\"https:\/\/www.visionxeurope.com\/se\/wp-content\/uploads\/sites\/7\/2022\/04\/XIL-S1160.jpg\" \/>\n\t<meta property=\"og:image:width\" content=\"450\" \/>\n\t<meta property=\"og:image:height\" content=\"450\" \/>\n\t<meta property=\"og:image:type\" content=\"image\/jpeg\" \/>\n<meta name=\"twitter:card\" content=\"summary_large_image\" \/>\n<meta name=\"twitter:label1\" content=\"Pris\" \/>\n\t<meta name=\"twitter:data1\" content=\"1 176,00&nbsp;&#107;&#114; exkl. moms\" \/>\n\t<meta name=\"twitter:label2\" content=\"Tillg\u00e4nglig\" \/>\n\t<meta name=\"twitter:data2\" content=\"I lager\" \/>\n<script type=\"application\/ld+json\" class=\"yoast-schema-graph\">{\"@context\":\"https:\/\/schema.org\",\"@graph\":[{\"@type\":\"WebPage\",\"@id\":\"https:\/\/www.visionxeurope.com\/se\/webbutik\/vision-x-solo-pod-10w-60\/\",\"url\":\"https:\/\/www.visionxeurope.com\/se\/webbutik\/vision-x-solo-pod-10w-60\/\",\"name\":\"VISION X SOLO POD 10W 60\u00b0 - Vision X Europe\",\"isPartOf\":{\"@id\":\"https:\/\/www.visionxeurope.com\/se\/#website\"},\"primaryImageOfPage\":{\"@id\":\"https:\/\/www.visionxeurope.com\/se\/webbutik\/vision-x-solo-pod-10w-60\/#primaryimage\"},\"image\":{\"@id\":\"https:\/\/www.visionxeurope.com\/se\/webbutik\/vision-x-solo-pod-10w-60\/#primaryimage\"},\"thumbnailUrl\":\"https:\/\/www.visionxeurope.com\/se\/wp-content\/uploads\/sites\/7\/2022\/04\/XIL-S1160.jpg\",\"datePublished\":\"2015-03-23T09:07:31+00:00\",\"dateModified\":\"2026-03-25T12:18:37+00:00\",\"breadcrumb\":{\"@id\":\"https:\/\/www.visionxeurope.com\/se\/webbutik\/vision-x-solo-pod-10w-60\/#breadcrumb\"},\"inLanguage\":\"sv-SE\",\"potentialAction\":[{\"@type\":\"ReadAction\",\"target\":[\"https:\/\/www.visionxeurope.com\/se\/webbutik\/vision-x-solo-pod-10w-60\/\"]}]},{\"@type\":\"ImageObject\",\"inLanguage\":\"sv-SE\",\"@id\":\"https:\/\/www.visionxeurope.com\/se\/webbutik\/vision-x-solo-pod-10w-60\/#primaryimage\",\"url\":\"https:\/\/www.visionxeurope.com\/se\/wp-content\/uploads\/sites\/7\/2022\/04\/XIL-S1160.jpg\",\"contentUrl\":\"https:\/\/www.visionxeurope.com\/se\/wp-content\/uploads\/sites\/7\/2022\/04\/XIL-S1160.jpg\",\"width\":450,\"height\":450},{\"@type\":\"BreadcrumbList\",\"@id\":\"https:\/\/www.visionxeurope.com\/se\/webbutik\/vision-x-solo-pod-10w-60\/#breadcrumb\",\"itemListElement\":[{\"@type\":\"ListItem\",\"position\":1,\"name\":\"Hem\",\"item\":\"https:\/\/www.visionxeurope.com\/se\/\"},{\"@type\":\"ListItem\",\"position\":2,\"name\":\"Webbutik\",\"item\":\"https:\/\/www.visionxeurope.com\/se\/webbutik\/\"},{\"@type\":\"ListItem\",\"position\":3,\"name\":\"VISION X SOLO POD 10W 60\u00b0\"}]},{\"@type\":\"WebSite\",\"@id\":\"https:\/\/www.visionxeurope.com\/se\/#website\",\"url\":\"https:\/\/www.visionxeurope.com\/se\/\",\"name\":\"Vision X Europe\",\"description\":\"\",\"publisher\":{\"@id\":\"https:\/\/www.visionxeurope.com\/se\/#organization\"},\"potentialAction\":[{\"@type\":\"SearchAction\",\"target\":{\"@type\":\"EntryPoint\",\"urlTemplate\":\"https:\/\/www.visionxeurope.com\/se\/?s={search_term_string}\"},\"query-input\":{\"@type\":\"PropertyValueSpecification\",\"valueRequired\":true,\"valueName\":\"search_term_string\"}}],\"inLanguage\":\"sv-SE\"},{\"@type\":\"Organization\",\"@id\":\"https:\/\/www.visionxeurope.com\/se\/#organization\",\"name\":\"Vision X Europe\",\"url\":\"https:\/\/www.visionxeurope.com\/se\/\",\"logo\":{\"@type\":\"ImageObject\",\"inLanguage\":\"sv-SE\",\"@id\":\"https:\/\/www.visionxeurope.com\/se\/#\/schema\/logo\/image\/\",\"url\":\"https:\/\/www.visionxeurope.com\/se\/wp-content\/uploads\/sites\/7\/2021\/04\/visionxeurope.png\",\"contentUrl\":\"https:\/\/www.visionxeurope.com\/se\/wp-content\/uploads\/sites\/7\/2021\/04\/visionxeurope.png\",\"width\":300,\"height\":110,\"caption\":\"Vision X Europe\"},\"image\":{\"@id\":\"https:\/\/www.visionxeurope.com\/se\/#\/schema\/logo\/image\/\"},\"sameAs\":[\"https:\/\/www.facebook.com\/visionxeurope\",\"https:\/\/www.instagram.com\/visionxeurope\/\"]}]}<\/script>\n<meta property=\"product:price:amount\" content=\"1176.00\" \/>\n<meta property=\"product:price:currency\" content=\"SEK\" \/>\n<meta property=\"og:availability\" content=\"instock\" \/>\n<meta property=\"product:availability\" content=\"instock\" \/>\n<meta property=\"product:retailer_item_id\" content=\"XIL-S1160\" \/>\n<meta property=\"product:condition\" content=\"new\" \/>\n<!-- \/ Yoast SEO Premium plugin. -->","yoast_head_json":{"title":"VISION X SOLO POD 10W 60\u00b0 - Vision X Europe","robots":{"index":"index","follow":"follow","max-snippet":"max-snippet:-1","max-image-preview":"max-image-preview:large","max-video-preview":"max-video-preview:-1"},"canonical":"https:\/\/www.visionxeurope.com\/se\/webbutik\/vision-x-solo-pod-10w-60\/","og_locale":"sv_SE","og_type":"article","og_title":"VISION X SOLO POD 10W 60\u00b0","og_description":"Nya Solo Pod, \u00e4nnu mer effektiv med \u00e4ven starkare diod \u00e4n tidigare! Med Vision Xs Solo Pod finns det inga gr\u00e4nser. Anv\u00e4ndningsomr\u00e5det \u00e4r enormt. Med sm\u00e5 m\u00e5tt, l\u00f6jligt l\u00e5g str\u00f6mf\u00f6rbrukning, IP-68 klassning, vibrationstestade och med smarta tillbeh\u00f6r \u00e4r det mesta m\u00f6jligt. Data:Lamphuset \u00e4r tillverkat i 6061 aluminium.Enkel installation med +\/- kabel.Sp\u00e4nning: 9-48VLitet inbyggnadsm\u00e5tt.Kan kopplas ihop med flera Solo Pod b\u00e5de p\u00e5 h\u00f6jden och bredden.T\u00e5l h\u00e5rda p\u00e5frestningar fr\u00e5n v\u00e4der och vind.Str\u00f6mf\u00f6rbrukning: 0.83 Amp vid 12V.Klassning vatten: IP68 (klarar 3 meters vattendjup)Klassning vibrationer: 15.6 Grms M\u00e5tt: BxHxD 5.5&#215;8.3&#215;6.2mmVikt: 320gAntal LED: 1 stycken 10 watt LEDR\u00e5a lumen: 1 052Effektiva lumen: 736Lins: Okrossbar polykarbonatLjusbild: 60\u00b0 Wide flood (Finns \u00e4ven i 10\u00b0, 30\u00b0)","og_url":"https:\/\/www.visionxeurope.com\/se\/webbutik\/vision-x-solo-pod-10w-60\/","og_site_name":"Vision X Europe","article_publisher":"https:\/\/www.facebook.com\/visionxeurope","article_modified_time":"2026-03-25T12:18:37+00:00","og_image":[{"width":450,"height":450,"url":"https:\/\/www.visionxeurope.com\/se\/wp-content\/uploads\/sites\/7\/2022\/04\/XIL-S1160.jpg","type":"image\/jpeg"}],"twitter_card":"summary_large_image","twitter_misc":{"Pris":"1 176,00&nbsp;&#107;&#114; exkl. moms","Tillg\u00e4nglig":"I lager"},"schema":{"@context":"https:\/\/schema.org","@graph":[{"@type":"WebPage","@id":"https:\/\/www.visionxeurope.com\/se\/webbutik\/vision-x-solo-pod-10w-60\/","url":"https:\/\/www.visionxeurope.com\/se\/webbutik\/vision-x-solo-pod-10w-60\/","name":"VISION X SOLO POD 10W 60\u00b0 - Vision X Europe","isPartOf":{"@id":"https:\/\/www.visionxeurope.com\/se\/#website"},"primaryImageOfPage":{"@id":"https:\/\/www.visionxeurope.com\/se\/webbutik\/vision-x-solo-pod-10w-60\/#primaryimage"},"image":{"@id":"https:\/\/www.visionxeurope.com\/se\/webbutik\/vision-x-solo-pod-10w-60\/#primaryimage"},"thumbnailUrl":"https:\/\/www.visionxeurope.com\/se\/wp-content\/uploads\/sites\/7\/2022\/04\/XIL-S1160.jpg","datePublished":"2015-03-23T09:07:31+00:00","dateModified":"2026-03-25T12:18:37+00:00","breadcrumb":{"@id":"https:\/\/www.visionxeurope.com\/se\/webbutik\/vision-x-solo-pod-10w-60\/#breadcrumb"},"inLanguage":"sv-SE","potentialAction":[{"@type":"ReadAction","target":["https:\/\/www.visionxeurope.com\/se\/webbutik\/vision-x-solo-pod-10w-60\/"]}]},{"@type":"ImageObject","inLanguage":"sv-SE","@id":"https:\/\/www.visionxeurope.com\/se\/webbutik\/vision-x-solo-pod-10w-60\/#primaryimage","url":"https:\/\/www.visionxeurope.com\/se\/wp-content\/uploads\/sites\/7\/2022\/04\/XIL-S1160.jpg","contentUrl":"https:\/\/www.visionxeurope.com\/se\/wp-content\/uploads\/sites\/7\/2022\/04\/XIL-S1160.jpg","width":450,"height":450},{"@type":"BreadcrumbList","@id":"https:\/\/www.visionxeurope.com\/se\/webbutik\/vision-x-solo-pod-10w-60\/#breadcrumb","itemListElement":[{"@type":"ListItem","position":1,"name":"Hem","item":"https:\/\/www.visionxeurope.com\/se\/"},{"@type":"ListItem","position":2,"name":"Webbutik","item":"https:\/\/www.visionxeurope.com\/se\/webbutik\/"},{"@type":"ListItem","position":3,"name":"VISION X SOLO POD 10W 60\u00b0"}]},{"@type":"WebSite","@id":"https:\/\/www.visionxeurope.com\/se\/#website","url":"https:\/\/www.visionxeurope.com\/se\/","name":"Vision X Europe","description":"","publisher":{"@id":"https:\/\/www.visionxeurope.com\/se\/#organization"},"potentialAction":[{"@type":"SearchAction","target":{"@type":"EntryPoint","urlTemplate":"https:\/\/www.visionxeurope.com\/se\/?s={search_term_string}"},"query-input":{"@type":"PropertyValueSpecification","valueRequired":true,"valueName":"search_term_string"}}],"inLanguage":"sv-SE"},{"@type":"Organization","@id":"https:\/\/www.visionxeurope.com\/se\/#organization","name":"Vision X Europe","url":"https:\/\/www.visionxeurope.com\/se\/","logo":{"@type":"ImageObject","inLanguage":"sv-SE","@id":"https:\/\/www.visionxeurope.com\/se\/#\/schema\/logo\/image\/","url":"https:\/\/www.visionxeurope.com\/se\/wp-content\/uploads\/sites\/7\/2021\/04\/visionxeurope.png","contentUrl":"https:\/\/www.visionxeurope.com\/se\/wp-content\/uploads\/sites\/7\/2021\/04\/visionxeurope.png","width":300,"height":110,"caption":"Vision X Europe"},"image":{"@id":"https:\/\/www.visionxeurope.com\/se\/#\/schema\/logo\/image\/"},"sameAs":["https:\/\/www.facebook.com\/visionxeurope","https:\/\/www.instagram.com\/visionxeurope\/"]}]},"product_price_amount":"1176.00","product_price_currency":"SEK","og_availability":"instock","product_availability":"instock","product_retailer_item_id":"XIL-S1160","product_condition":"new"},"_links":{"self":[{"href":"https:\/\/www.visionxeurope.com\/se\/wp-json\/wp\/v2\/product\/13562","targetHints":{"allow":["GET"]}}],"collection":[{"href":"https:\/\/www.visionxeurope.com\/se\/wp-json\/wp\/v2\/product"}],"about":[{"href":"https:\/\/www.visionxeurope.com\/se\/wp-json\/wp\/v2\/types\/product"}],"replies":[{"embeddable":true,"href":"https:\/\/www.visionxeurope.com\/se\/wp-json\/wp\/v2\/comments?post=13562"}],"wp:featuredmedia":[{"embeddable":true,"href":"https:\/\/www.visionxeurope.com\/se\/wp-json\/wp\/v2\/media\/15294"}],"wp:attachment":[{"href":"https:\/\/www.visionxeurope.com\/se\/wp-json\/wp\/v2\/media?parent=13562"}],"wp:term":[{"taxonomy":"product_brand","embeddable":true,"href":"https:\/\/www.visionxeurope.com\/se\/wp-json\/wp\/v2\/product_brand?post=13562"},{"taxonomy":"product_cat","embeddable":true,"href":"https:\/\/www.visionxeurope.com\/se\/wp-json\/wp\/v2\/product_cat?post=13562"},{"taxonomy":"product_tag","embeddable":true,"href":"https:\/\/www.visionxeurope.com\/se\/wp-json\/wp\/v2\/product_tag?post=13562"}],"curies":[{"name":"wp","href":"https:\/\/api.w.org\/{rel}","templated":true}]}}