{"id":13561,"date":"2015-03-23T10:04:20","date_gmt":"2015-03-23T09:04:20","guid":{"rendered":"https:\/\/www.visionxeurope.com\/se\/produkt\/vision-x-solo-pod-vit-10w-30\/"},"modified":"2026-01-08T18:05:33","modified_gmt":"2026-01-08T17:05:33","slug":"vision-x-solo-pod-vit-10w-30","status":"publish","type":"product","link":"https:\/\/www.visionxeurope.com\/se\/webbutik\/vision-x-solo-pod-vit-10w-30\/","title":{"rendered":"VISION X SOLO POD VIT 10W 30\u00b0"},"content":{"rendered":"<p><\/p>\n<p><strong>Nya Solo Pod, \u00e4nnu mer effektiv med \u00e4ven starkare diod \u00e4n tidigare!<\/strong><\/p>\n<p><\/p>\n<p><\/p>\n<p>Med Vision X Solo Pod finns det inga gr\u00e4nser. Anv\u00e4ndningsomr\u00e5det \u00e4r enormt. Med sm\u00e5 m\u00e5tt, l\u00f6jligt l\u00e5g str\u00f6mf\u00f6rbrukning, IP-68 klassning, vibrationstestade och med smarta tillbeh\u00f6r \u00e4r det mesta m\u00f6jligt.<\/p>\n<p><\/p>\n<p><\/p>\n<p>Anv\u00e4nd Solo Pod p\u00e5 MC, ATV, Enduro hj\u00e4lmen eller p\u00e5 kl\u00e4tter, r\u00e4ddnings eller gruvhj\u00e4lmen. Anv\u00e4nd Solo Pod p\u00e5 cyckeln, skotern eller roddb\u00e5ten. Ta med Solo Pod i fickan, bilen, b\u00e5ten eller gr\u00e4vmaskinen.<\/p>\n<p>Solo Pod kan monteras ihop hur m\u00e5nga som helst i en l\u00e5ng rad eller p\u00e5 h\u00f6jden med verktyget och kopplingen som f\u00f6ljer med. Solo Pod har tillbeh\u00f6r som separat batteri-pack som r\u00e4cker till att driva en Solo Pod i mer \u00e4n 3.5 timmar. Den kan \u00e4ven anv\u00e4ndas som tillbeh\u00f6r som f\u00e4ste f\u00f6r styret eller hj\u00e4lmen.<br \/>Begr\u00e4nsningarna \u00e4r f\u00e5 om fantasin finns!<\/p>\n<p><\/p>\n<p><\/p>\n<p><strong>Data:<\/strong><br \/>Lamphuset \u00e4r tillverkat i 6061 aluminium.<br \/>Enkel installation med +\/- kabel.<br \/>Sp\u00e4nning: 9-48V<br \/>Litet inbyggnadsm\u00e5tt.<br \/>Kan kopplas ihop med flera Solo Pod b\u00e5de p\u00e5 h\u00f6jden och bredden.<br \/>T\u00e5l h\u00e5rda p\u00e5frestningar fr\u00e5n v\u00e4der och vind.<br \/>Str\u00f6mf\u00f6rbrukning: 0.83 Amp vid 12V.<br \/>Klassning vatten: IP68 (klarar 3 meters vattendjup)<br \/>Klassning vibrationer: 15.6 Grms<br \/>M\u00e5tt: BxHxD 5.5&#215;8.3&#215;6.2mm<br \/>Vikt: 320g<br \/>Antal LED: 1 stycken 10 watt LED<br \/>R\u00e5a lumen: 1 052<br \/>Effektiva lumen: 736<br \/>Lins: Okrossbar polykarbonat<br \/>Ljusbild: 30\u00b0 Flood (Finns \u00e4ven i 10\u00b0, 60\u00b0)<\/p>\n<p><\/p>","protected":false},"excerpt":{"rendered":"<p><strong>Nya Solo Pod, \u00e4nnu mer effektiv med \u00e4ven starkare diod \u00e4n tidigare!<\/strong><\/p>\n<p>Med Vision X Solo Pod finns det inga gr\u00e4nser. Anv\u00e4ndningsomr\u00e5det \u00e4r enormt. Med sm\u00e5 m\u00e5tt, l\u00f6jligt l\u00e5g str\u00f6mf\u00f6rbrukning, IP-68 klassning, vibrationstestade och med smarta tillbeh\u00f6r \u00e4r det mesta m\u00f6jligt.<\/p>\n<p>Anv\u00e4nd Solo Pod p\u00e5 MC, ATV, Enduro hj\u00e4lmen eller p\u00e5 kl\u00e4tter, r\u00e4ddnings eller gruvhj\u00e4lmen. Anv\u00e4nd Solo Pod p\u00e5 cyckeln, skotern eller roddb\u00e5ten. Ta med Solo Pod i fickan, bilen, b\u00e5ten eller gr\u00e4vmaskinen.<\/p>\n<p>Solo Pod kan monteras ihop hur m\u00e5nga som helst i en l\u00e5ng rad eller p\u00e5 h\u00f6jden med verktyget och kopplingen som f\u00f6ljer med. Solo Pod har tillbeh\u00f6r som separat batteri-pack som r\u00e4cker till att driva en Solo Pod i mer \u00e4n 3.5 timmar. Den kan \u00e4ven anv\u00e4ndas som tillbeh\u00f6r som f\u00e4ste f\u00f6r styret eller hj\u00e4lmen.<br \/>Begr\u00e4nsningarna \u00e4r f\u00e5 om fantasin finns!<\/p>\n<p><strong>Data:<\/strong><br \/>Lamphuset \u00e4r tillverkat i 6061 aluminium.<br \/>Enkel installation med +\/- kabel.<br \/>Sp\u00e4nning: 9-48V<br \/>Litet inbyggnadsm\u00e5tt.<br \/>Kan kopplas ihop med flera Solo Pod b\u00e5de p\u00e5 h\u00f6jden och bredden.<br \/>T\u00e5l h\u00e5rda p\u00e5frestningar fr\u00e5n v\u00e4der och vind.<br \/>Str\u00f6mf\u00f6rbrukning: 0.83 Amp vid 12V.<br \/>Klassning vatten: IP68 (klarar 3 meters vattendjup)<br \/>Klassning vibrationer: 15.6 Grms<br \/>M\u00e5tt: BxHxD 5.5&#215;8.3&#215;6.2mm<br \/>Vikt: 320g<br \/>Antal LED: 1 stycken 10 watt LED<br \/>R\u00e5a lumen: 1 052<br \/>Effektiva lumen: 736<br \/>Lins: Okrossbar polykarbonat<br \/>Ljusbild: 30\u00b0 Flood (Finns \u00e4ven i 10\u00b0, 60\u00b0)<\/p>\n","protected":false},"featured_media":15291,"comment_status":"open","ping_status":"open","template":"","meta":{"editor_notices":[]},"product_brand":[],"product_cat":[247],"product_tag":[],"class_list":{"0":"post-13561","1":"product","2":"type-product","3":"status-publish","4":"has-post-thumbnail","6":"product_cat-pod-lights","7":"resize-featured-image","8":"","9":"woocommerce-text-align-left","10":"woocommerce-image-align-center","12":"first","13":"outofstock","14":"taxable","15":"shipping-taxable","16":"product-type-simple"},"yoast_head":"<!-- This site is optimized with the Yoast SEO Premium plugin v25.0 (Yoast SEO v25.0) - https:\/\/yoast.com\/wordpress\/plugins\/seo\/ -->\n<title>VISION X SOLO POD VIT 10W 30\u00b0 - Vision X Europe<\/title>\n<meta name=\"robots\" content=\"index, follow, max-snippet:-1, max-image-preview:large, max-video-preview:-1\" \/>\n<link rel=\"canonical\" href=\"https:\/\/www.visionxeurope.com\/se\/webbutik\/vision-x-solo-pod-vit-10w-30\/\" \/>\n<meta property=\"og:locale\" content=\"sv_SE\" \/>\n<meta property=\"og:type\" content=\"article\" \/>\n<meta property=\"og:title\" content=\"VISION X SOLO POD VIT 10W 30\u00b0\" \/>\n<meta property=\"og:description\" content=\"Nya Solo Pod, \u00e4nnu mer effektiv med \u00e4ven starkare diod \u00e4n tidigare! Med Vision X Solo Pod finns det inga gr\u00e4nser. Anv\u00e4ndningsomr\u00e5det \u00e4r enormt. Med sm\u00e5 m\u00e5tt, l\u00f6jligt l\u00e5g str\u00f6mf\u00f6rbrukning, IP-68 klassning, vibrationstestade och med smarta tillbeh\u00f6r \u00e4r det mesta m\u00f6jligt. Anv\u00e4nd Solo Pod p\u00e5 MC, ATV, Enduro hj\u00e4lmen eller p\u00e5 kl\u00e4tter, r\u00e4ddnings eller gruvhj\u00e4lmen. Anv\u00e4nd Solo Pod p\u00e5 cyckeln, skotern eller roddb\u00e5ten. Ta med Solo Pod i fickan, bilen, b\u00e5ten eller gr\u00e4vmaskinen. Solo Pod kan monteras ihop hur m\u00e5nga som helst i en l\u00e5ng rad eller p\u00e5 h\u00f6jden med verktyget och kopplingen som f\u00f6ljer med. Solo Pod har tillbeh\u00f6r som separat batteri-pack som r\u00e4cker till att driva en Solo Pod i mer \u00e4n 3.5 timmar. Den kan \u00e4ven anv\u00e4ndas som tillbeh\u00f6r som f\u00e4ste f\u00f6r styret eller hj\u00e4lmen.Begr\u00e4nsningarna \u00e4r f\u00e5 om fantasin finns! Data:Lamphuset \u00e4r tillverkat i 6061 aluminium.Enkel installation med +\/- kabel.Sp\u00e4nning: 9-48VLitet inbyggnadsm\u00e5tt.Kan kopplas ihop med flera Solo Pod b\u00e5de p\u00e5 h\u00f6jden och bredden.T\u00e5l h\u00e5rda p\u00e5frestningar fr\u00e5n v\u00e4der och vind.Str\u00f6mf\u00f6rbrukning: 0.83 Amp vid 12V.Klassning vatten: IP68 (klarar 3 meters vattendjup)Klassning vibrationer: 15.6 GrmsM\u00e5tt: BxHxD 5.5&#215;8.3&#215;6.2mmVikt: 320gAntal LED: 1 stycken 10 watt LEDR\u00e5a lumen: 1 052Effektiva lumen: 736Lins: Okrossbar polykarbonatLjusbild: 30\u00b0 Flood (Finns \u00e4ven i 10\u00b0, 60\u00b0)\" \/>\n<meta property=\"og:url\" content=\"https:\/\/www.visionxeurope.com\/se\/webbutik\/vision-x-solo-pod-vit-10w-30\/\" \/>\n<meta property=\"og:site_name\" content=\"Vision X Europe\" \/>\n<meta property=\"article:publisher\" content=\"https:\/\/www.facebook.com\/visionxeurope\" \/>\n<meta property=\"article:modified_time\" content=\"2026-01-08T17:05:33+00:00\" \/>\n<meta property=\"og:image\" content=\"https:\/\/www.rindab.se\/wp-content\/uploads\/sites\/7\/2022\/04\/XIL-S1130W.jpg\" \/>\n\t<meta property=\"og:image:width\" content=\"450\" \/>\n\t<meta property=\"og:image:height\" content=\"450\" \/>\n\t<meta property=\"og:image:type\" content=\"image\/jpeg\" \/>\n<meta name=\"twitter:card\" content=\"summary_large_image\" \/>\n<meta name=\"twitter:label1\" content=\"Pris\" \/>\n\t<meta name=\"twitter:data1\" content=\"1 232,00&nbsp;&#107;&#114; exkl. moms\" \/>\n\t<meta name=\"twitter:label2\" content=\"Tillg\u00e4nglig\" \/>\n\t<meta name=\"twitter:data2\" content=\"Slut i lager\" \/>\n<script type=\"application\/ld+json\" class=\"yoast-schema-graph\">{\"@context\":\"https:\/\/schema.org\",\"@graph\":[{\"@type\":\"WebPage\",\"@id\":\"https:\/\/www.visionxeurope.com\/se\/webbutik\/vision-x-solo-pod-vit-10w-30\/\",\"url\":\"https:\/\/www.visionxeurope.com\/se\/webbutik\/vision-x-solo-pod-vit-10w-30\/\",\"name\":\"VISION X SOLO POD VIT 10W 30\u00b0 - Vision X Europe\",\"isPartOf\":{\"@id\":\"https:\/\/www.visionxeurope.com\/se\/#website\"},\"primaryImageOfPage\":{\"@id\":\"https:\/\/www.visionxeurope.com\/se\/webbutik\/vision-x-solo-pod-vit-10w-30\/#primaryimage\"},\"image\":{\"@id\":\"https:\/\/www.visionxeurope.com\/se\/webbutik\/vision-x-solo-pod-vit-10w-30\/#primaryimage\"},\"thumbnailUrl\":\"https:\/\/www.visionxeurope.com\/se\/wp-content\/uploads\/sites\/7\/2022\/04\/XIL-S1130W.jpg\",\"datePublished\":\"2015-03-23T09:04:20+00:00\",\"dateModified\":\"2026-01-08T17:05:33+00:00\",\"breadcrumb\":{\"@id\":\"https:\/\/www.visionxeurope.com\/se\/webbutik\/vision-x-solo-pod-vit-10w-30\/#breadcrumb\"},\"inLanguage\":\"sv-SE\",\"potentialAction\":[{\"@type\":\"ReadAction\",\"target\":[\"https:\/\/www.visionxeurope.com\/se\/webbutik\/vision-x-solo-pod-vit-10w-30\/\"]}]},{\"@type\":\"ImageObject\",\"inLanguage\":\"sv-SE\",\"@id\":\"https:\/\/www.visionxeurope.com\/se\/webbutik\/vision-x-solo-pod-vit-10w-30\/#primaryimage\",\"url\":\"https:\/\/www.visionxeurope.com\/se\/wp-content\/uploads\/sites\/7\/2022\/04\/XIL-S1130W.jpg\",\"contentUrl\":\"https:\/\/www.visionxeurope.com\/se\/wp-content\/uploads\/sites\/7\/2022\/04\/XIL-S1130W.jpg\",\"width\":450,\"height\":450},{\"@type\":\"BreadcrumbList\",\"@id\":\"https:\/\/www.visionxeurope.com\/se\/webbutik\/vision-x-solo-pod-vit-10w-30\/#breadcrumb\",\"itemListElement\":[{\"@type\":\"ListItem\",\"position\":1,\"name\":\"Hem\",\"item\":\"https:\/\/www.visionxeurope.com\/se\/\"},{\"@type\":\"ListItem\",\"position\":2,\"name\":\"Webbutik\",\"item\":\"https:\/\/www.visionxeurope.com\/se\/webbutik\/\"},{\"@type\":\"ListItem\",\"position\":3,\"name\":\"VISION X SOLO POD VIT 10W 30\u00b0\"}]},{\"@type\":\"WebSite\",\"@id\":\"https:\/\/www.visionxeurope.com\/se\/#website\",\"url\":\"https:\/\/www.visionxeurope.com\/se\/\",\"name\":\"Vision X Europe\",\"description\":\"\",\"publisher\":{\"@id\":\"https:\/\/www.visionxeurope.com\/se\/#organization\"},\"potentialAction\":[{\"@type\":\"SearchAction\",\"target\":{\"@type\":\"EntryPoint\",\"urlTemplate\":\"https:\/\/www.visionxeurope.com\/se\/?s={search_term_string}\"},\"query-input\":{\"@type\":\"PropertyValueSpecification\",\"valueRequired\":true,\"valueName\":\"search_term_string\"}}],\"inLanguage\":\"sv-SE\"},{\"@type\":\"Organization\",\"@id\":\"https:\/\/www.visionxeurope.com\/se\/#organization\",\"name\":\"Vision X Europe\",\"url\":\"https:\/\/www.visionxeurope.com\/se\/\",\"logo\":{\"@type\":\"ImageObject\",\"inLanguage\":\"sv-SE\",\"@id\":\"https:\/\/www.visionxeurope.com\/se\/#\/schema\/logo\/image\/\",\"url\":\"https:\/\/www.visionxeurope.com\/se\/wp-content\/uploads\/sites\/7\/2021\/04\/visionxeurope.png\",\"contentUrl\":\"https:\/\/www.visionxeurope.com\/se\/wp-content\/uploads\/sites\/7\/2021\/04\/visionxeurope.png\",\"width\":300,\"height\":110,\"caption\":\"Vision X Europe\"},\"image\":{\"@id\":\"https:\/\/www.visionxeurope.com\/se\/#\/schema\/logo\/image\/\"},\"sameAs\":[\"https:\/\/www.facebook.com\/visionxeurope\",\"https:\/\/www.instagram.com\/visionxeurope\/\"]}]}<\/script>\n<meta property=\"product:price:amount\" content=\"1232.00\" \/>\n<meta property=\"product:price:currency\" content=\"SEK\" \/>\n<meta property=\"og:availability\" content=\"out of stock\" \/>\n<meta property=\"product:availability\" content=\"out of stock\" \/>\n<meta property=\"product:retailer_item_id\" content=\"XIL-S1130W\" \/>\n<meta property=\"product:condition\" content=\"new\" \/>\n<!-- \/ Yoast SEO Premium plugin. -->","yoast_head_json":{"title":"VISION X SOLO POD VIT 10W 30\u00b0 - Vision X Europe","robots":{"index":"index","follow":"follow","max-snippet":"max-snippet:-1","max-image-preview":"max-image-preview:large","max-video-preview":"max-video-preview:-1"},"canonical":"https:\/\/www.visionxeurope.com\/se\/webbutik\/vision-x-solo-pod-vit-10w-30\/","og_locale":"sv_SE","og_type":"article","og_title":"VISION X SOLO POD VIT 10W 30\u00b0","og_description":"Nya Solo Pod, \u00e4nnu mer effektiv med \u00e4ven starkare diod \u00e4n tidigare! Med Vision X Solo Pod finns det inga gr\u00e4nser. Anv\u00e4ndningsomr\u00e5det \u00e4r enormt. Med sm\u00e5 m\u00e5tt, l\u00f6jligt l\u00e5g str\u00f6mf\u00f6rbrukning, IP-68 klassning, vibrationstestade och med smarta tillbeh\u00f6r \u00e4r det mesta m\u00f6jligt. Anv\u00e4nd Solo Pod p\u00e5 MC, ATV, Enduro hj\u00e4lmen eller p\u00e5 kl\u00e4tter, r\u00e4ddnings eller gruvhj\u00e4lmen. Anv\u00e4nd Solo Pod p\u00e5 cyckeln, skotern eller roddb\u00e5ten. Ta med Solo Pod i fickan, bilen, b\u00e5ten eller gr\u00e4vmaskinen. Solo Pod kan monteras ihop hur m\u00e5nga som helst i en l\u00e5ng rad eller p\u00e5 h\u00f6jden med verktyget och kopplingen som f\u00f6ljer med. Solo Pod har tillbeh\u00f6r som separat batteri-pack som r\u00e4cker till att driva en Solo Pod i mer \u00e4n 3.5 timmar. Den kan \u00e4ven anv\u00e4ndas som tillbeh\u00f6r som f\u00e4ste f\u00f6r styret eller hj\u00e4lmen.Begr\u00e4nsningarna \u00e4r f\u00e5 om fantasin finns! Data:Lamphuset \u00e4r tillverkat i 6061 aluminium.Enkel installation med +\/- kabel.Sp\u00e4nning: 9-48VLitet inbyggnadsm\u00e5tt.Kan kopplas ihop med flera Solo Pod b\u00e5de p\u00e5 h\u00f6jden och bredden.T\u00e5l h\u00e5rda p\u00e5frestningar fr\u00e5n v\u00e4der och vind.Str\u00f6mf\u00f6rbrukning: 0.83 Amp vid 12V.Klassning vatten: IP68 (klarar 3 meters vattendjup)Klassning vibrationer: 15.6 GrmsM\u00e5tt: BxHxD 5.5&#215;8.3&#215;6.2mmVikt: 320gAntal LED: 1 stycken 10 watt LEDR\u00e5a lumen: 1 052Effektiva lumen: 736Lins: Okrossbar polykarbonatLjusbild: 30\u00b0 Flood (Finns \u00e4ven i 10\u00b0, 60\u00b0)","og_url":"https:\/\/www.visionxeurope.com\/se\/webbutik\/vision-x-solo-pod-vit-10w-30\/","og_site_name":"Vision X Europe","article_publisher":"https:\/\/www.facebook.com\/visionxeurope","article_modified_time":"2026-01-08T17:05:33+00:00","og_image":[{"width":450,"height":450,"url":"https:\/\/www.rindab.se\/wp-content\/uploads\/sites\/7\/2022\/04\/XIL-S1130W.jpg","type":"image\/jpeg"}],"twitter_card":"summary_large_image","twitter_misc":{"Pris":"1 232,00&nbsp;&#107;&#114; exkl. moms","Tillg\u00e4nglig":"Slut i lager"},"schema":{"@context":"https:\/\/schema.org","@graph":[{"@type":"WebPage","@id":"https:\/\/www.visionxeurope.com\/se\/webbutik\/vision-x-solo-pod-vit-10w-30\/","url":"https:\/\/www.visionxeurope.com\/se\/webbutik\/vision-x-solo-pod-vit-10w-30\/","name":"VISION X SOLO POD VIT 10W 30\u00b0 - Vision X Europe","isPartOf":{"@id":"https:\/\/www.visionxeurope.com\/se\/#website"},"primaryImageOfPage":{"@id":"https:\/\/www.visionxeurope.com\/se\/webbutik\/vision-x-solo-pod-vit-10w-30\/#primaryimage"},"image":{"@id":"https:\/\/www.visionxeurope.com\/se\/webbutik\/vision-x-solo-pod-vit-10w-30\/#primaryimage"},"thumbnailUrl":"https:\/\/www.visionxeurope.com\/se\/wp-content\/uploads\/sites\/7\/2022\/04\/XIL-S1130W.jpg","datePublished":"2015-03-23T09:04:20+00:00","dateModified":"2026-01-08T17:05:33+00:00","breadcrumb":{"@id":"https:\/\/www.visionxeurope.com\/se\/webbutik\/vision-x-solo-pod-vit-10w-30\/#breadcrumb"},"inLanguage":"sv-SE","potentialAction":[{"@type":"ReadAction","target":["https:\/\/www.visionxeurope.com\/se\/webbutik\/vision-x-solo-pod-vit-10w-30\/"]}]},{"@type":"ImageObject","inLanguage":"sv-SE","@id":"https:\/\/www.visionxeurope.com\/se\/webbutik\/vision-x-solo-pod-vit-10w-30\/#primaryimage","url":"https:\/\/www.visionxeurope.com\/se\/wp-content\/uploads\/sites\/7\/2022\/04\/XIL-S1130W.jpg","contentUrl":"https:\/\/www.visionxeurope.com\/se\/wp-content\/uploads\/sites\/7\/2022\/04\/XIL-S1130W.jpg","width":450,"height":450},{"@type":"BreadcrumbList","@id":"https:\/\/www.visionxeurope.com\/se\/webbutik\/vision-x-solo-pod-vit-10w-30\/#breadcrumb","itemListElement":[{"@type":"ListItem","position":1,"name":"Hem","item":"https:\/\/www.visionxeurope.com\/se\/"},{"@type":"ListItem","position":2,"name":"Webbutik","item":"https:\/\/www.visionxeurope.com\/se\/webbutik\/"},{"@type":"ListItem","position":3,"name":"VISION X SOLO POD VIT 10W 30\u00b0"}]},{"@type":"WebSite","@id":"https:\/\/www.visionxeurope.com\/se\/#website","url":"https:\/\/www.visionxeurope.com\/se\/","name":"Vision X Europe","description":"","publisher":{"@id":"https:\/\/www.visionxeurope.com\/se\/#organization"},"potentialAction":[{"@type":"SearchAction","target":{"@type":"EntryPoint","urlTemplate":"https:\/\/www.visionxeurope.com\/se\/?s={search_term_string}"},"query-input":{"@type":"PropertyValueSpecification","valueRequired":true,"valueName":"search_term_string"}}],"inLanguage":"sv-SE"},{"@type":"Organization","@id":"https:\/\/www.visionxeurope.com\/se\/#organization","name":"Vision X Europe","url":"https:\/\/www.visionxeurope.com\/se\/","logo":{"@type":"ImageObject","inLanguage":"sv-SE","@id":"https:\/\/www.visionxeurope.com\/se\/#\/schema\/logo\/image\/","url":"https:\/\/www.visionxeurope.com\/se\/wp-content\/uploads\/sites\/7\/2021\/04\/visionxeurope.png","contentUrl":"https:\/\/www.visionxeurope.com\/se\/wp-content\/uploads\/sites\/7\/2021\/04\/visionxeurope.png","width":300,"height":110,"caption":"Vision X Europe"},"image":{"@id":"https:\/\/www.visionxeurope.com\/se\/#\/schema\/logo\/image\/"},"sameAs":["https:\/\/www.facebook.com\/visionxeurope","https:\/\/www.instagram.com\/visionxeurope\/"]}]},"product_price_amount":"1232.00","product_price_currency":"SEK","og_availability":"out of stock","product_availability":"out of stock","product_retailer_item_id":"XIL-S1130W","product_condition":"new"},"_links":{"self":[{"href":"https:\/\/www.visionxeurope.com\/se\/wp-json\/wp\/v2\/product\/13561","targetHints":{"allow":["GET"]}}],"collection":[{"href":"https:\/\/www.visionxeurope.com\/se\/wp-json\/wp\/v2\/product"}],"about":[{"href":"https:\/\/www.visionxeurope.com\/se\/wp-json\/wp\/v2\/types\/product"}],"replies":[{"embeddable":true,"href":"https:\/\/www.visionxeurope.com\/se\/wp-json\/wp\/v2\/comments?post=13561"}],"wp:featuredmedia":[{"embeddable":true,"href":"https:\/\/www.visionxeurope.com\/se\/wp-json\/wp\/v2\/media\/15291"}],"wp:attachment":[{"href":"https:\/\/www.visionxeurope.com\/se\/wp-json\/wp\/v2\/media?parent=13561"}],"wp:term":[{"taxonomy":"product_brand","embeddable":true,"href":"https:\/\/www.visionxeurope.com\/se\/wp-json\/wp\/v2\/product_brand?post=13561"},{"taxonomy":"product_cat","embeddable":true,"href":"https:\/\/www.visionxeurope.com\/se\/wp-json\/wp\/v2\/product_cat?post=13561"},{"taxonomy":"product_tag","embeddable":true,"href":"https:\/\/www.visionxeurope.com\/se\/wp-json\/wp\/v2\/product_tag?post=13561"}],"curies":[{"name":"wp","href":"https:\/\/api.w.org\/{rel}","templated":true}]}}