{"id":13540,"date":"2015-03-26T15:31:18","date_gmt":"2015-03-26T14:31:18","guid":{"rendered":"https:\/\/www.visionxeurope.com\/se\/produkt\/vision-x-xmitter-prime-xtreme-24v-40-360w-10-25\/"},"modified":"2026-01-08T16:35:37","modified_gmt":"2026-01-08T15:35:37","slug":"vision-x-xmitter-prime-xtreme-24v-40-360w-10-25","status":"publish","type":"product","link":"https:\/\/www.visionxeurope.com\/se\/webbutik\/vision-x-xmitter-prime-xtreme-24v-40-360w-10-25\/","title":{"rendered":"VISION X XMITTER PRIME XTREME 24V 40&#8243; 360W 10\u00b0\/25\u00b0"},"content":{"rendered":"<p><\/p>\n<p>Den optimala LED rampen f\u00f6r montage p\u00e5 bilen\/lastbilen som extraljus!<\/p>\n<p><\/p>\n<p><\/p>\n<p>Med s\u00e5 kallad &#8221;Multi Optik&#8221; ger LED rampen 12 672 lumen i 25\u00b0 spridning och<br \/>25 344 lumen i 10\u00b0 spridning vilket g\u00f6r att man f\u00e5r b\u00e5de l\u00e4ngd och bredd p\u00e5 ljuset. Totalt ger rampen 38 016 lumen. (En 35W Xenon lampa ger ca, 3 000 lumen).<\/p>\n<p><\/p>\n<p><\/p>\n<p>Monteras med f\u00f6rdel under eller \u00f6ver nummerpl\u00e5ten, i grillen, p\u00e5 takr\u00e4cket eller i takspoilern och ers\u00e4tter ett antal stora Xenon lampor.<\/p>\n<p><\/p>\n<p><\/p>\n<p><strong>OBS!<\/strong> Denna ramp levereras endast i 24V utf\u00f6rande f\u00f6r montage p\u00e5 24V fordon f\u00f6r h\u00f6gsta EMC klassning, CISPR25 vilket g\u00f6r att man inte riskerar eventuella st\u00f6rningar p\u00e5 radion m.m.<\/p>\n<p><\/p>\n<p><\/p>\n<p>Vision X PX rampen \u00e4r en av de mest effektiva LED ramperna p\u00e5 marknaden med de absolut senaste 5W dioderna som ger ett kraftfullt ljus. Fungerar perfekt som extraljus till de flesta fordon, framf\u00f6rallt till personbilar och lastbilar.<\/p>\n<p><\/p>\n<p><\/p>\n<p>Prime drive och Integrated Electronic Thermal Management (ETM), IP68K-klassning, 50 000 timmar brinntid och patenterad polykarbonatlins med 90 % optisk renhet g\u00f6r Xmitter Prime n\u00e4stintill oslagbar.<\/p>\n<p><\/p>\n<p><\/p>\n<p><strong>Data:<\/strong><br \/>Lamphus: Robust aluminium<br \/>Sp\u00e4nning: OBS! 24V endast f\u00f6r h\u00f6gsta EMC klassning, CISPR25.<br \/>Str\u00f6mf\u00f6rbrukning: 15 Amp vid 24V<br \/>IP-klass: IP68K<br \/>Vibrationsklass: 15.6G<br \/>Arbetstemperatur: -40\u00b0C &#8211; +80\u00b0C<br \/>H\u00f6jd: 75mm (utan f\u00e4ste)<br \/>Djup: 85mm<br \/>Bredd: 1 011mm<br \/>Lins: Polykarbonat<br \/>Watt: 360<br \/>LED: 72 st. x 5W<br \/>R\u00e5a lumen: 38 016<br \/>Effektiva lumen: 26 640<br \/>Ljusbild: 10\u00b0 Spot (25 344 lumen) och 25\u00b0 Euro (12 672 lumen)<br \/>Optik figuration: 25\u00b0\/25\u00b0\/10\u00b0\/10\u00b0\/10\u00b0\/10\u00b0\/10\u00b0\/10\u00b0\/10\u00b0\/10\u00b0\/25\u00b0\/25\u00b0<\/p>\n<p><\/p>","protected":false},"excerpt":{"rendered":"<p>Den optimala LED rampen f\u00f6r montage p\u00e5 bilen\/lastbilen som extraljus!<\/p>\n<p>Med s\u00e5 kallad &#8220;Multi Optik&#8221; ger LED rampen 12 672 lumen i 25\u00b0 spridning och<br \/>25 344 lumen i 10\u00b0 spridning vilket g\u00f6r att man f\u00e5r b\u00e5de l\u00e4ngd och bredd p\u00e5 ljuset. Totalt ger rampen 38 016 lumen. (En 35W Xenon lampa ger ca, 3 000 lumen).<\/p>\n<p>Monteras med f\u00f6rdel under eller \u00f6ver nummerpl\u00e5ten, i grillen, p\u00e5 takr\u00e4cket eller i takspoilern och ers\u00e4tter ett antal stora Xenon lampor.<\/p>\n<p><strong>OBS!<\/strong> Denna ramp levereras endast i 24V utf\u00f6rande f\u00f6r montage p\u00e5 24V fordon f\u00f6r h\u00f6gsta EMC klassning, CISPR25 vilket g\u00f6r att man inte riskerar eventuella st\u00f6rningar p\u00e5 radion m.m.<\/p>\n<p>Vision X PX rampen \u00e4r en av de mest effektiva LED ramperna p\u00e5 marknaden med de absolut senaste 5W dioderna som ger ett kraftfullt ljus. Fungerar perfekt som extraljus till de flesta fordon, framf\u00f6rallt till personbilar och lastbilar.<\/p>\n<p>Prime drive och Integrated Electronic Thermal Management (ETM), IP68K-klassning, 50 000 timmar brinntid och patenterad polykarbonatlins med 90 % optisk renhet g\u00f6r Xmitter Prime n\u00e4stintill oslagbar.<\/p>\n<p><strong>Data:<\/strong><br \/>Lamphus: Robust aluminium<br \/>Sp\u00e4nning: OBS! 24V endast f\u00f6r h\u00f6gsta EMC klassning, CISPR25.<br \/>Str\u00f6mf\u00f6rbrukning: 15 Amp vid 24V<br \/>IP-klass: IP68K<br \/>Vibrationsklass: 15.6G<br \/>Arbetstemperatur: -40\u00b0C &#8211; +80\u00b0C<br \/>H\u00f6jd: 75mm (utan f\u00e4ste)<br \/>Djup: 85mm<br \/>Bredd: 1 011mm<br \/>Lins: Polykarbonat<br \/>Watt: 360<br \/>LED: 72 st. x 5W<br \/>R\u00e5a lumen: 38 016<br \/>Effektiva lumen: 26 640<br \/>Ljusbild: 10\u00b0 Spot (25 344 lumen) och 25\u00b0 Euro (12 672 lumen)<br \/>Optik figuration: 25\u00b0\/25\u00b0\/10\u00b0\/10\u00b0\/10\u00b0\/10\u00b0\/10\u00b0\/10\u00b0\/10\u00b0\/10\u00b0\/25\u00b0\/25\u00b0<\/p>\n","protected":false},"featured_media":15241,"comment_status":"closed","ping_status":"open","template":"","meta":{"editor_notices":[]},"product_brand":[],"product_cat":[60],"product_tag":[],"class_list":{"0":"post-13540","1":"product","2":"type-product","3":"status-publish","4":"has-post-thumbnail","6":"product_cat-xmitter-prime","7":"resize-featured-image","8":"","9":"woocommerce-text-align-left","10":"woocommerce-image-align-center","12":"first","13":"outofstock","14":"taxable","15":"shipping-taxable","16":"product-type-simple"},"yoast_head":"<!-- This site is optimized with the Yoast SEO Premium plugin v25.0 (Yoast SEO v25.0) - https:\/\/yoast.com\/wordpress\/plugins\/seo\/ -->\n<title>VISION X XMITTER PRIME XTREME 24V 40&quot; 360W 10\u00b0\/25\u00b0 - Vision X Europe<\/title>\n<meta name=\"robots\" content=\"index, follow, max-snippet:-1, max-image-preview:large, max-video-preview:-1\" \/>\n<link rel=\"canonical\" href=\"https:\/\/www.visionxeurope.com\/se\/webbutik\/vision-x-xmitter-prime-xtreme-24v-40-360w-10-25\/\" \/>\n<meta property=\"og:locale\" content=\"sv_SE\" \/>\n<meta property=\"og:type\" content=\"article\" \/>\n<meta property=\"og:title\" content=\"VISION X XMITTER PRIME XTREME 24V 40&quot; 360W 10\u00b0\/25\u00b0\" \/>\n<meta property=\"og:description\" content=\"Den optimala LED rampen f\u00f6r montage p\u00e5 bilen\/lastbilen som extraljus! Med s\u00e5 kallad &#8220;Multi Optik&#8221; ger LED rampen 12 672 lumen i 25\u00b0 spridning och25 344 lumen i 10\u00b0 spridning vilket g\u00f6r att man f\u00e5r b\u00e5de l\u00e4ngd och bredd p\u00e5 ljuset. Totalt ger rampen 38 016 lumen. (En 35W Xenon lampa ger ca, 3 000 lumen). Monteras med f\u00f6rdel under eller \u00f6ver nummerpl\u00e5ten, i grillen, p\u00e5 takr\u00e4cket eller i takspoilern och ers\u00e4tter ett antal stora Xenon lampor. OBS! Denna ramp levereras endast i 24V utf\u00f6rande f\u00f6r montage p\u00e5 24V fordon f\u00f6r h\u00f6gsta EMC klassning, CISPR25 vilket g\u00f6r att man inte riskerar eventuella st\u00f6rningar p\u00e5 radion m.m. Vision X PX rampen \u00e4r en av de mest effektiva LED ramperna p\u00e5 marknaden med de absolut senaste 5W dioderna som ger ett kraftfullt ljus. Fungerar perfekt som extraljus till de flesta fordon, framf\u00f6rallt till personbilar och lastbilar. Prime drive och Integrated Electronic Thermal Management (ETM), IP68K-klassning, 50 000 timmar brinntid och patenterad polykarbonatlins med 90 % optisk renhet g\u00f6r Xmitter Prime n\u00e4stintill oslagbar. Data:Lamphus: Robust aluminiumSp\u00e4nning: OBS! 24V endast f\u00f6r h\u00f6gsta EMC klassning, CISPR25.Str\u00f6mf\u00f6rbrukning: 15 Amp vid 24VIP-klass: IP68KVibrationsklass: 15.6GArbetstemperatur: -40\u00b0C &#8211; +80\u00b0CH\u00f6jd: 75mm (utan f\u00e4ste)Djup: 85mmBredd: 1 011mmLins: PolykarbonatWatt: 360LED: 72 st. x 5WR\u00e5a lumen: 38 016Effektiva lumen: 26 640Ljusbild: 10\u00b0 Spot (25 344 lumen) och 25\u00b0 Euro (12 672 lumen)Optik figuration: 25\u00b0\/25\u00b0\/10\u00b0\/10\u00b0\/10\u00b0\/10\u00b0\/10\u00b0\/10\u00b0\/10\u00b0\/10\u00b0\/25\u00b0\/25\u00b0\" \/>\n<meta property=\"og:url\" content=\"https:\/\/www.visionxeurope.com\/se\/webbutik\/vision-x-xmitter-prime-xtreme-24v-40-360w-10-25\/\" \/>\n<meta property=\"og:site_name\" content=\"Vision X Europe\" \/>\n<meta property=\"article:publisher\" content=\"https:\/\/www.facebook.com\/visionxeurope\" \/>\n<meta property=\"article:modified_time\" content=\"2026-01-08T15:35:37+00:00\" \/>\n<meta property=\"og:image\" content=\"https:\/\/www.visionxeurope.com\/se\/wp-content\/uploads\/sites\/7\/2022\/04\/XIL-PX72M24.jpg\" \/>\n\t<meta property=\"og:image:width\" content=\"450\" \/>\n\t<meta property=\"og:image:height\" content=\"450\" \/>\n\t<meta property=\"og:image:type\" content=\"image\/jpeg\" \/>\n<meta name=\"twitter:card\" content=\"summary_large_image\" \/>\n<meta name=\"twitter:label1\" content=\"Pris\" \/>\n\t<meta name=\"twitter:data1\" content=\"21 996,00&nbsp;&#107;&#114; exkl. moms\" \/>\n\t<meta name=\"twitter:label2\" content=\"Tillg\u00e4nglig\" \/>\n\t<meta name=\"twitter:data2\" content=\"Slut i lager\" \/>\n<script type=\"application\/ld+json\" class=\"yoast-schema-graph\">{\"@context\":\"https:\/\/schema.org\",\"@graph\":[{\"@type\":\"WebPage\",\"@id\":\"https:\/\/www.visionxeurope.com\/se\/webbutik\/vision-x-xmitter-prime-xtreme-24v-40-360w-10-25\/\",\"url\":\"https:\/\/www.visionxeurope.com\/se\/webbutik\/vision-x-xmitter-prime-xtreme-24v-40-360w-10-25\/\",\"name\":\"VISION X XMITTER PRIME XTREME 24V 40\\\" 360W 10\u00b0\/25\u00b0 - Vision X Europe\",\"isPartOf\":{\"@id\":\"https:\/\/www.visionxeurope.com\/se\/#website\"},\"primaryImageOfPage\":{\"@id\":\"https:\/\/www.visionxeurope.com\/se\/webbutik\/vision-x-xmitter-prime-xtreme-24v-40-360w-10-25\/#primaryimage\"},\"image\":{\"@id\":\"https:\/\/www.visionxeurope.com\/se\/webbutik\/vision-x-xmitter-prime-xtreme-24v-40-360w-10-25\/#primaryimage\"},\"thumbnailUrl\":\"https:\/\/www.visionxeurope.com\/se\/wp-content\/uploads\/sites\/7\/2022\/04\/XIL-PX72M24.jpg\",\"datePublished\":\"2015-03-26T14:31:18+00:00\",\"dateModified\":\"2026-01-08T15:35:37+00:00\",\"breadcrumb\":{\"@id\":\"https:\/\/www.visionxeurope.com\/se\/webbutik\/vision-x-xmitter-prime-xtreme-24v-40-360w-10-25\/#breadcrumb\"},\"inLanguage\":\"sv-SE\",\"potentialAction\":[{\"@type\":\"ReadAction\",\"target\":[\"https:\/\/www.visionxeurope.com\/se\/webbutik\/vision-x-xmitter-prime-xtreme-24v-40-360w-10-25\/\"]}]},{\"@type\":\"ImageObject\",\"inLanguage\":\"sv-SE\",\"@id\":\"https:\/\/www.visionxeurope.com\/se\/webbutik\/vision-x-xmitter-prime-xtreme-24v-40-360w-10-25\/#primaryimage\",\"url\":\"https:\/\/www.visionxeurope.com\/se\/wp-content\/uploads\/sites\/7\/2022\/04\/XIL-PX72M24.jpg\",\"contentUrl\":\"https:\/\/www.visionxeurope.com\/se\/wp-content\/uploads\/sites\/7\/2022\/04\/XIL-PX72M24.jpg\",\"width\":450,\"height\":450},{\"@type\":\"BreadcrumbList\",\"@id\":\"https:\/\/www.visionxeurope.com\/se\/webbutik\/vision-x-xmitter-prime-xtreme-24v-40-360w-10-25\/#breadcrumb\",\"itemListElement\":[{\"@type\":\"ListItem\",\"position\":1,\"name\":\"Hem\",\"item\":\"https:\/\/www.visionxeurope.com\/se\/\"},{\"@type\":\"ListItem\",\"position\":2,\"name\":\"Webbutik\",\"item\":\"https:\/\/www.visionxeurope.com\/se\/webbutik\/\"},{\"@type\":\"ListItem\",\"position\":3,\"name\":\"VISION X XMITTER PRIME XTREME 24V 40&#8243; 360W 10\u00b0\/25\u00b0\"}]},{\"@type\":\"WebSite\",\"@id\":\"https:\/\/www.visionxeurope.com\/se\/#website\",\"url\":\"https:\/\/www.visionxeurope.com\/se\/\",\"name\":\"Vision X Europe\",\"description\":\"\",\"publisher\":{\"@id\":\"https:\/\/www.visionxeurope.com\/se\/#organization\"},\"potentialAction\":[{\"@type\":\"SearchAction\",\"target\":{\"@type\":\"EntryPoint\",\"urlTemplate\":\"https:\/\/www.visionxeurope.com\/se\/?s={search_term_string}\"},\"query-input\":{\"@type\":\"PropertyValueSpecification\",\"valueRequired\":true,\"valueName\":\"search_term_string\"}}],\"inLanguage\":\"sv-SE\"},{\"@type\":\"Organization\",\"@id\":\"https:\/\/www.visionxeurope.com\/se\/#organization\",\"name\":\"Vision X Europe\",\"url\":\"https:\/\/www.visionxeurope.com\/se\/\",\"logo\":{\"@type\":\"ImageObject\",\"inLanguage\":\"sv-SE\",\"@id\":\"https:\/\/www.visionxeurope.com\/se\/#\/schema\/logo\/image\/\",\"url\":\"https:\/\/www.visionxeurope.com\/se\/wp-content\/uploads\/sites\/7\/2021\/04\/visionxeurope.png\",\"contentUrl\":\"https:\/\/www.visionxeurope.com\/se\/wp-content\/uploads\/sites\/7\/2021\/04\/visionxeurope.png\",\"width\":300,\"height\":110,\"caption\":\"Vision X Europe\"},\"image\":{\"@id\":\"https:\/\/www.visionxeurope.com\/se\/#\/schema\/logo\/image\/\"},\"sameAs\":[\"https:\/\/www.facebook.com\/visionxeurope\",\"https:\/\/www.instagram.com\/visionxeurope\/\"]}]}<\/script>\n<meta property=\"product:price:amount\" content=\"21996.00\" \/>\n<meta property=\"product:price:currency\" content=\"SEK\" \/>\n<meta property=\"og:availability\" content=\"out of stock\" \/>\n<meta property=\"product:availability\" content=\"out of stock\" \/>\n<meta property=\"product:retailer_item_id\" content=\"XIL-PX72M24\" \/>\n<meta property=\"product:condition\" content=\"new\" \/>\n<!-- \/ Yoast SEO Premium plugin. -->","yoast_head_json":{"title":"VISION X XMITTER PRIME XTREME 24V 40\" 360W 10\u00b0\/25\u00b0 - Vision X Europe","robots":{"index":"index","follow":"follow","max-snippet":"max-snippet:-1","max-image-preview":"max-image-preview:large","max-video-preview":"max-video-preview:-1"},"canonical":"https:\/\/www.visionxeurope.com\/se\/webbutik\/vision-x-xmitter-prime-xtreme-24v-40-360w-10-25\/","og_locale":"sv_SE","og_type":"article","og_title":"VISION X XMITTER PRIME XTREME 24V 40\" 360W 10\u00b0\/25\u00b0","og_description":"Den optimala LED rampen f\u00f6r montage p\u00e5 bilen\/lastbilen som extraljus! Med s\u00e5 kallad &#8220;Multi Optik&#8221; ger LED rampen 12 672 lumen i 25\u00b0 spridning och25 344 lumen i 10\u00b0 spridning vilket g\u00f6r att man f\u00e5r b\u00e5de l\u00e4ngd och bredd p\u00e5 ljuset. Totalt ger rampen 38 016 lumen. (En 35W Xenon lampa ger ca, 3 000 lumen). Monteras med f\u00f6rdel under eller \u00f6ver nummerpl\u00e5ten, i grillen, p\u00e5 takr\u00e4cket eller i takspoilern och ers\u00e4tter ett antal stora Xenon lampor. OBS! Denna ramp levereras endast i 24V utf\u00f6rande f\u00f6r montage p\u00e5 24V fordon f\u00f6r h\u00f6gsta EMC klassning, CISPR25 vilket g\u00f6r att man inte riskerar eventuella st\u00f6rningar p\u00e5 radion m.m. Vision X PX rampen \u00e4r en av de mest effektiva LED ramperna p\u00e5 marknaden med de absolut senaste 5W dioderna som ger ett kraftfullt ljus. Fungerar perfekt som extraljus till de flesta fordon, framf\u00f6rallt till personbilar och lastbilar. Prime drive och Integrated Electronic Thermal Management (ETM), IP68K-klassning, 50 000 timmar brinntid och patenterad polykarbonatlins med 90 % optisk renhet g\u00f6r Xmitter Prime n\u00e4stintill oslagbar. Data:Lamphus: Robust aluminiumSp\u00e4nning: OBS! 24V endast f\u00f6r h\u00f6gsta EMC klassning, CISPR25.Str\u00f6mf\u00f6rbrukning: 15 Amp vid 24VIP-klass: IP68KVibrationsklass: 15.6GArbetstemperatur: -40\u00b0C &#8211; +80\u00b0CH\u00f6jd: 75mm (utan f\u00e4ste)Djup: 85mmBredd: 1 011mmLins: PolykarbonatWatt: 360LED: 72 st. x 5WR\u00e5a lumen: 38 016Effektiva lumen: 26 640Ljusbild: 10\u00b0 Spot (25 344 lumen) och 25\u00b0 Euro (12 672 lumen)Optik figuration: 25\u00b0\/25\u00b0\/10\u00b0\/10\u00b0\/10\u00b0\/10\u00b0\/10\u00b0\/10\u00b0\/10\u00b0\/10\u00b0\/25\u00b0\/25\u00b0","og_url":"https:\/\/www.visionxeurope.com\/se\/webbutik\/vision-x-xmitter-prime-xtreme-24v-40-360w-10-25\/","og_site_name":"Vision X Europe","article_publisher":"https:\/\/www.facebook.com\/visionxeurope","article_modified_time":"2026-01-08T15:35:37+00:00","og_image":[{"width":450,"height":450,"url":"https:\/\/www.visionxeurope.com\/se\/wp-content\/uploads\/sites\/7\/2022\/04\/XIL-PX72M24.jpg","type":"image\/jpeg"}],"twitter_card":"summary_large_image","twitter_misc":{"Pris":"21 996,00&nbsp;&#107;&#114; exkl. moms","Tillg\u00e4nglig":"Slut i lager"},"schema":{"@context":"https:\/\/schema.org","@graph":[{"@type":"WebPage","@id":"https:\/\/www.visionxeurope.com\/se\/webbutik\/vision-x-xmitter-prime-xtreme-24v-40-360w-10-25\/","url":"https:\/\/www.visionxeurope.com\/se\/webbutik\/vision-x-xmitter-prime-xtreme-24v-40-360w-10-25\/","name":"VISION X XMITTER PRIME XTREME 24V 40\" 360W 10\u00b0\/25\u00b0 - Vision X Europe","isPartOf":{"@id":"https:\/\/www.visionxeurope.com\/se\/#website"},"primaryImageOfPage":{"@id":"https:\/\/www.visionxeurope.com\/se\/webbutik\/vision-x-xmitter-prime-xtreme-24v-40-360w-10-25\/#primaryimage"},"image":{"@id":"https:\/\/www.visionxeurope.com\/se\/webbutik\/vision-x-xmitter-prime-xtreme-24v-40-360w-10-25\/#primaryimage"},"thumbnailUrl":"https:\/\/www.visionxeurope.com\/se\/wp-content\/uploads\/sites\/7\/2022\/04\/XIL-PX72M24.jpg","datePublished":"2015-03-26T14:31:18+00:00","dateModified":"2026-01-08T15:35:37+00:00","breadcrumb":{"@id":"https:\/\/www.visionxeurope.com\/se\/webbutik\/vision-x-xmitter-prime-xtreme-24v-40-360w-10-25\/#breadcrumb"},"inLanguage":"sv-SE","potentialAction":[{"@type":"ReadAction","target":["https:\/\/www.visionxeurope.com\/se\/webbutik\/vision-x-xmitter-prime-xtreme-24v-40-360w-10-25\/"]}]},{"@type":"ImageObject","inLanguage":"sv-SE","@id":"https:\/\/www.visionxeurope.com\/se\/webbutik\/vision-x-xmitter-prime-xtreme-24v-40-360w-10-25\/#primaryimage","url":"https:\/\/www.visionxeurope.com\/se\/wp-content\/uploads\/sites\/7\/2022\/04\/XIL-PX72M24.jpg","contentUrl":"https:\/\/www.visionxeurope.com\/se\/wp-content\/uploads\/sites\/7\/2022\/04\/XIL-PX72M24.jpg","width":450,"height":450},{"@type":"BreadcrumbList","@id":"https:\/\/www.visionxeurope.com\/se\/webbutik\/vision-x-xmitter-prime-xtreme-24v-40-360w-10-25\/#breadcrumb","itemListElement":[{"@type":"ListItem","position":1,"name":"Hem","item":"https:\/\/www.visionxeurope.com\/se\/"},{"@type":"ListItem","position":2,"name":"Webbutik","item":"https:\/\/www.visionxeurope.com\/se\/webbutik\/"},{"@type":"ListItem","position":3,"name":"VISION X XMITTER PRIME XTREME 24V 40&#8243; 360W 10\u00b0\/25\u00b0"}]},{"@type":"WebSite","@id":"https:\/\/www.visionxeurope.com\/se\/#website","url":"https:\/\/www.visionxeurope.com\/se\/","name":"Vision X Europe","description":"","publisher":{"@id":"https:\/\/www.visionxeurope.com\/se\/#organization"},"potentialAction":[{"@type":"SearchAction","target":{"@type":"EntryPoint","urlTemplate":"https:\/\/www.visionxeurope.com\/se\/?s={search_term_string}"},"query-input":{"@type":"PropertyValueSpecification","valueRequired":true,"valueName":"search_term_string"}}],"inLanguage":"sv-SE"},{"@type":"Organization","@id":"https:\/\/www.visionxeurope.com\/se\/#organization","name":"Vision X Europe","url":"https:\/\/www.visionxeurope.com\/se\/","logo":{"@type":"ImageObject","inLanguage":"sv-SE","@id":"https:\/\/www.visionxeurope.com\/se\/#\/schema\/logo\/image\/","url":"https:\/\/www.visionxeurope.com\/se\/wp-content\/uploads\/sites\/7\/2021\/04\/visionxeurope.png","contentUrl":"https:\/\/www.visionxeurope.com\/se\/wp-content\/uploads\/sites\/7\/2021\/04\/visionxeurope.png","width":300,"height":110,"caption":"Vision X Europe"},"image":{"@id":"https:\/\/www.visionxeurope.com\/se\/#\/schema\/logo\/image\/"},"sameAs":["https:\/\/www.facebook.com\/visionxeurope","https:\/\/www.instagram.com\/visionxeurope\/"]}]},"product_price_amount":"21996.00","product_price_currency":"SEK","og_availability":"out of stock","product_availability":"out of stock","product_retailer_item_id":"XIL-PX72M24","product_condition":"new"},"_links":{"self":[{"href":"https:\/\/www.visionxeurope.com\/se\/wp-json\/wp\/v2\/product\/13540","targetHints":{"allow":["GET"]}}],"collection":[{"href":"https:\/\/www.visionxeurope.com\/se\/wp-json\/wp\/v2\/product"}],"about":[{"href":"https:\/\/www.visionxeurope.com\/se\/wp-json\/wp\/v2\/types\/product"}],"replies":[{"embeddable":true,"href":"https:\/\/www.visionxeurope.com\/se\/wp-json\/wp\/v2\/comments?post=13540"}],"wp:featuredmedia":[{"embeddable":true,"href":"https:\/\/www.visionxeurope.com\/se\/wp-json\/wp\/v2\/media\/15241"}],"wp:attachment":[{"href":"https:\/\/www.visionxeurope.com\/se\/wp-json\/wp\/v2\/media?parent=13540"}],"wp:term":[{"taxonomy":"product_brand","embeddable":true,"href":"https:\/\/www.visionxeurope.com\/se\/wp-json\/wp\/v2\/product_brand?post=13540"},{"taxonomy":"product_cat","embeddable":true,"href":"https:\/\/www.visionxeurope.com\/se\/wp-json\/wp\/v2\/product_cat?post=13540"},{"taxonomy":"product_tag","embeddable":true,"href":"https:\/\/www.visionxeurope.com\/se\/wp-json\/wp\/v2\/product_tag?post=13540"}],"curies":[{"name":"wp","href":"https:\/\/api.w.org\/{rel}","templated":true}]}}