{"id":13538,"date":"2015-03-26T14:28:59","date_gmt":"2015-03-26T13:28:59","guid":{"rendered":"https:\/\/www.visionxeurope.com\/se\/produkt\/vision-x-xmitter-prime-xtreme-24v-40-360w-60\/"},"modified":"2026-01-08T21:35:36","modified_gmt":"2026-01-08T20:35:36","slug":"vision-x-xmitter-prime-xtreme-24v-40-360w-60","status":"publish","type":"product","link":"https:\/\/www.visionxeurope.com\/se\/webbutik\/vision-x-xmitter-prime-xtreme-24v-40-360w-60\/","title":{"rendered":"VISION X XMITTER PRIME XTREME 24V 40&#8243; 360W 60\u00b0"},"content":{"rendered":"<p><\/p>\n<p>Xmitter Prime Xtreme, den absolut mest effektiva och kraftfullaste LED rampen p\u00e5 marknaden. Prime Xtreme levererar flest lumen per centimeter ramp och ger d\u00e4rf\u00f6r otroligt mycket ljus ur en liten enhet.&nbsp;<\/p>\n<p><\/p>\n<p><\/p>\n<p><strong>Data:<\/strong><br \/>Lamphus: Robust aluminium<br \/>Sp\u00e4nning: 24V<br \/>Str\u00f6mf\u00f6rbrukning: 15 Amp vid 24V<br \/>IP-klass: IP68<br \/>Vibrationsklass: 15.6G&nbsp;<br \/>Arbetstemperatur: -40\u00b0C \u2013 +80\u00b0C<br \/>H\u00f6jd: 7.5mm<br \/>Djup: 84.07mm<br \/>Bredd: 1 011mm<br \/>Lins: Polykarbonat<br \/>LED: 72 st. 5W<br \/>R\u00e5a lumen: 38 016<br \/>Effektiva lumen:&nbsp;26 640<br \/>Ljusbild: 60\u00b0 Wide flood (Finns \u00e4ven som 25\u00b0, multi optik&nbsp;25\u00b0\/10\u00b0, 40\u00b0)<\/p>\n<p><\/p>","protected":false},"excerpt":{"rendered":"<p>Xmitter Prime Xtreme, den absolut mest effektiva och kraftfullaste LED rampen p\u00e5 marknaden. Prime Xtreme levererar flest lumen per centimeter ramp och ger d\u00e4rf\u00f6r otroligt mycket ljus ur en liten enhet.&nbsp;<\/p>\n<p><strong>Data:<\/strong><br \/>Lamphus: Robust aluminium<br \/>Sp\u00e4nning: 24V<br \/>Str\u00f6mf\u00f6rbrukning: 15 Amp vid 24V<br \/>IP-klass: IP68<br \/>Vibrationsklass: 15.6G&nbsp;<br \/>Arbetstemperatur: -40\u00b0C \u2013 +80\u00b0C<br \/>H\u00f6jd: 7.5mm<br \/>Djup: 84.07mm<br \/>Bredd: 1 011mm<br \/>Lins: Polykarbonat<br \/>LED: 72 st. 5W<br \/>R\u00e5a lumen: 38 016<br \/>Effektiva lumen:&nbsp;26 640<br \/>Ljusbild: 60\u00b0 Wide flood (Finns \u00e4ven som 25\u00b0, multi optik&nbsp;25\u00b0\/10\u00b0, 40\u00b0)<\/p>\n","protected":false},"featured_media":8013,"comment_status":"open","ping_status":"open","template":"","meta":{"editor_notices":[]},"product_brand":[],"product_cat":[60],"product_tag":[],"class_list":{"0":"post-13538","1":"product","2":"type-product","3":"status-publish","4":"has-post-thumbnail","6":"product_cat-xmitter-prime","7":"resize-featured-image","8":"","9":"woocommerce-text-align-left","10":"woocommerce-image-align-center","12":"first","13":"outofstock","14":"taxable","15":"shipping-taxable","16":"product-type-simple"},"yoast_head":"<!-- This site is optimized with the Yoast SEO Premium plugin v25.0 (Yoast SEO v25.0) - https:\/\/yoast.com\/wordpress\/plugins\/seo\/ -->\n<title>VISION X XMITTER PRIME XTREME 24V 40&quot; 360W 60\u00b0 - Vision X Europe<\/title>\n<meta name=\"robots\" content=\"index, follow, max-snippet:-1, max-image-preview:large, max-video-preview:-1\" \/>\n<link rel=\"canonical\" href=\"https:\/\/www.visionxeurope.com\/se\/webbutik\/vision-x-xmitter-prime-xtreme-24v-40-360w-60\/\" \/>\n<meta property=\"og:locale\" content=\"sv_SE\" \/>\n<meta property=\"og:type\" content=\"article\" \/>\n<meta property=\"og:title\" content=\"VISION X XMITTER PRIME XTREME 24V 40&quot; 360W 60\u00b0\" \/>\n<meta property=\"og:description\" content=\"Xmitter Prime Xtreme, den absolut mest effektiva och kraftfullaste LED rampen p\u00e5 marknaden. Prime Xtreme levererar flest lumen per centimeter ramp och ger d\u00e4rf\u00f6r otroligt mycket ljus ur en liten enhet.&nbsp; Data:Lamphus: Robust aluminiumSp\u00e4nning: 24VStr\u00f6mf\u00f6rbrukning: 15 Amp vid 24VIP-klass: IP68Vibrationsklass: 15.6G&nbsp;Arbetstemperatur: -40\u00b0C \u2013 +80\u00b0CH\u00f6jd: 7.5mmDjup: 84.07mmBredd: 1 011mmLins: PolykarbonatLED: 72 st. 5WR\u00e5a lumen: 38 016Effektiva lumen:&nbsp;26 640Ljusbild: 60\u00b0 Wide flood (Finns \u00e4ven som 25\u00b0, multi optik&nbsp;25\u00b0\/10\u00b0, 40\u00b0)\" \/>\n<meta property=\"og:url\" content=\"https:\/\/www.visionxeurope.com\/se\/webbutik\/vision-x-xmitter-prime-xtreme-24v-40-360w-60\/\" \/>\n<meta property=\"og:site_name\" content=\"Vision X Europe\" \/>\n<meta property=\"article:publisher\" content=\"https:\/\/www.facebook.com\/visionxeurope\" \/>\n<meta property=\"article:modified_time\" content=\"2026-01-08T20:35:36+00:00\" \/>\n<meta property=\"og:image\" content=\"https:\/\/www.rindab.se\/wp-content\/uploads\/sites\/7\/2021\/05\/XIL-PX7260.24.jpg\" \/>\n\t<meta property=\"og:image:width\" content=\"450\" \/>\n\t<meta property=\"og:image:height\" content=\"450\" \/>\n\t<meta property=\"og:image:type\" content=\"image\/jpeg\" \/>\n<meta name=\"twitter:card\" content=\"summary_large_image\" \/>\n<meta name=\"twitter:label1\" content=\"Pris\" \/>\n\t<meta name=\"twitter:data1\" content=\"21 996,00&nbsp;&#107;&#114; exkl. moms\" \/>\n\t<meta name=\"twitter:label2\" content=\"Tillg\u00e4nglig\" \/>\n\t<meta name=\"twitter:data2\" content=\"Slut i lager\" \/>\n<script type=\"application\/ld+json\" class=\"yoast-schema-graph\">{\"@context\":\"https:\/\/schema.org\",\"@graph\":[{\"@type\":\"WebPage\",\"@id\":\"https:\/\/www.visionxeurope.com\/se\/webbutik\/vision-x-xmitter-prime-xtreme-24v-40-360w-60\/\",\"url\":\"https:\/\/www.visionxeurope.com\/se\/webbutik\/vision-x-xmitter-prime-xtreme-24v-40-360w-60\/\",\"name\":\"VISION X XMITTER PRIME XTREME 24V 40\\\" 360W 60\u00b0 - Vision X Europe\",\"isPartOf\":{\"@id\":\"https:\/\/www.visionxeurope.com\/se\/#website\"},\"primaryImageOfPage\":{\"@id\":\"https:\/\/www.visionxeurope.com\/se\/webbutik\/vision-x-xmitter-prime-xtreme-24v-40-360w-60\/#primaryimage\"},\"image\":{\"@id\":\"https:\/\/www.visionxeurope.com\/se\/webbutik\/vision-x-xmitter-prime-xtreme-24v-40-360w-60\/#primaryimage\"},\"thumbnailUrl\":\"https:\/\/www.visionxeurope.com\/se\/wp-content\/uploads\/sites\/7\/2021\/05\/XIL-PX7260.24.jpg\",\"datePublished\":\"2015-03-26T13:28:59+00:00\",\"dateModified\":\"2026-01-08T20:35:36+00:00\",\"breadcrumb\":{\"@id\":\"https:\/\/www.visionxeurope.com\/se\/webbutik\/vision-x-xmitter-prime-xtreme-24v-40-360w-60\/#breadcrumb\"},\"inLanguage\":\"sv-SE\",\"potentialAction\":[{\"@type\":\"ReadAction\",\"target\":[\"https:\/\/www.visionxeurope.com\/se\/webbutik\/vision-x-xmitter-prime-xtreme-24v-40-360w-60\/\"]}]},{\"@type\":\"ImageObject\",\"inLanguage\":\"sv-SE\",\"@id\":\"https:\/\/www.visionxeurope.com\/se\/webbutik\/vision-x-xmitter-prime-xtreme-24v-40-360w-60\/#primaryimage\",\"url\":\"https:\/\/www.visionxeurope.com\/se\/wp-content\/uploads\/sites\/7\/2021\/05\/XIL-PX7260.24.jpg\",\"contentUrl\":\"https:\/\/www.visionxeurope.com\/se\/wp-content\/uploads\/sites\/7\/2021\/05\/XIL-PX7260.24.jpg\",\"width\":450,\"height\":450},{\"@type\":\"BreadcrumbList\",\"@id\":\"https:\/\/www.visionxeurope.com\/se\/webbutik\/vision-x-xmitter-prime-xtreme-24v-40-360w-60\/#breadcrumb\",\"itemListElement\":[{\"@type\":\"ListItem\",\"position\":1,\"name\":\"Hem\",\"item\":\"https:\/\/www.visionxeurope.com\/se\/\"},{\"@type\":\"ListItem\",\"position\":2,\"name\":\"Webbutik\",\"item\":\"https:\/\/www.visionxeurope.com\/se\/webbutik\/\"},{\"@type\":\"ListItem\",\"position\":3,\"name\":\"VISION X XMITTER PRIME XTREME 24V 40&#8243; 360W 60\u00b0\"}]},{\"@type\":\"WebSite\",\"@id\":\"https:\/\/www.visionxeurope.com\/se\/#website\",\"url\":\"https:\/\/www.visionxeurope.com\/se\/\",\"name\":\"Vision X Europe\",\"description\":\"\",\"publisher\":{\"@id\":\"https:\/\/www.visionxeurope.com\/se\/#organization\"},\"potentialAction\":[{\"@type\":\"SearchAction\",\"target\":{\"@type\":\"EntryPoint\",\"urlTemplate\":\"https:\/\/www.visionxeurope.com\/se\/?s={search_term_string}\"},\"query-input\":{\"@type\":\"PropertyValueSpecification\",\"valueRequired\":true,\"valueName\":\"search_term_string\"}}],\"inLanguage\":\"sv-SE\"},{\"@type\":\"Organization\",\"@id\":\"https:\/\/www.visionxeurope.com\/se\/#organization\",\"name\":\"Vision X Europe\",\"url\":\"https:\/\/www.visionxeurope.com\/se\/\",\"logo\":{\"@type\":\"ImageObject\",\"inLanguage\":\"sv-SE\",\"@id\":\"https:\/\/www.visionxeurope.com\/se\/#\/schema\/logo\/image\/\",\"url\":\"https:\/\/www.visionxeurope.com\/se\/wp-content\/uploads\/sites\/7\/2021\/04\/visionxeurope.png\",\"contentUrl\":\"https:\/\/www.visionxeurope.com\/se\/wp-content\/uploads\/sites\/7\/2021\/04\/visionxeurope.png\",\"width\":300,\"height\":110,\"caption\":\"Vision X Europe\"},\"image\":{\"@id\":\"https:\/\/www.visionxeurope.com\/se\/#\/schema\/logo\/image\/\"},\"sameAs\":[\"https:\/\/www.facebook.com\/visionxeurope\",\"https:\/\/www.instagram.com\/visionxeurope\/\"]}]}<\/script>\n<meta property=\"product:price:amount\" content=\"21996.00\" \/>\n<meta property=\"product:price:currency\" content=\"SEK\" \/>\n<meta property=\"og:availability\" content=\"out of stock\" \/>\n<meta property=\"product:availability\" content=\"out of stock\" \/>\n<meta property=\"product:retailer_item_id\" content=\"XIL-PX7260.24\" \/>\n<meta property=\"product:condition\" content=\"new\" \/>\n<!-- \/ Yoast SEO Premium plugin. -->","yoast_head_json":{"title":"VISION X XMITTER PRIME XTREME 24V 40\" 360W 60\u00b0 - Vision X Europe","robots":{"index":"index","follow":"follow","max-snippet":"max-snippet:-1","max-image-preview":"max-image-preview:large","max-video-preview":"max-video-preview:-1"},"canonical":"https:\/\/www.visionxeurope.com\/se\/webbutik\/vision-x-xmitter-prime-xtreme-24v-40-360w-60\/","og_locale":"sv_SE","og_type":"article","og_title":"VISION X XMITTER PRIME XTREME 24V 40\" 360W 60\u00b0","og_description":"Xmitter Prime Xtreme, den absolut mest effektiva och kraftfullaste LED rampen p\u00e5 marknaden. Prime Xtreme levererar flest lumen per centimeter ramp och ger d\u00e4rf\u00f6r otroligt mycket ljus ur en liten enhet.&nbsp; Data:Lamphus: Robust aluminiumSp\u00e4nning: 24VStr\u00f6mf\u00f6rbrukning: 15 Amp vid 24VIP-klass: IP68Vibrationsklass: 15.6G&nbsp;Arbetstemperatur: -40\u00b0C \u2013 +80\u00b0CH\u00f6jd: 7.5mmDjup: 84.07mmBredd: 1 011mmLins: PolykarbonatLED: 72 st. 5WR\u00e5a lumen: 38 016Effektiva lumen:&nbsp;26 640Ljusbild: 60\u00b0 Wide flood (Finns \u00e4ven som 25\u00b0, multi optik&nbsp;25\u00b0\/10\u00b0, 40\u00b0)","og_url":"https:\/\/www.visionxeurope.com\/se\/webbutik\/vision-x-xmitter-prime-xtreme-24v-40-360w-60\/","og_site_name":"Vision X Europe","article_publisher":"https:\/\/www.facebook.com\/visionxeurope","article_modified_time":"2026-01-08T20:35:36+00:00","og_image":[{"width":450,"height":450,"url":"https:\/\/www.rindab.se\/wp-content\/uploads\/sites\/7\/2021\/05\/XIL-PX7260.24.jpg","type":"image\/jpeg"}],"twitter_card":"summary_large_image","twitter_misc":{"Pris":"21 996,00&nbsp;&#107;&#114; exkl. moms","Tillg\u00e4nglig":"Slut i lager"},"schema":{"@context":"https:\/\/schema.org","@graph":[{"@type":"WebPage","@id":"https:\/\/www.visionxeurope.com\/se\/webbutik\/vision-x-xmitter-prime-xtreme-24v-40-360w-60\/","url":"https:\/\/www.visionxeurope.com\/se\/webbutik\/vision-x-xmitter-prime-xtreme-24v-40-360w-60\/","name":"VISION X XMITTER PRIME XTREME 24V 40\" 360W 60\u00b0 - Vision X Europe","isPartOf":{"@id":"https:\/\/www.visionxeurope.com\/se\/#website"},"primaryImageOfPage":{"@id":"https:\/\/www.visionxeurope.com\/se\/webbutik\/vision-x-xmitter-prime-xtreme-24v-40-360w-60\/#primaryimage"},"image":{"@id":"https:\/\/www.visionxeurope.com\/se\/webbutik\/vision-x-xmitter-prime-xtreme-24v-40-360w-60\/#primaryimage"},"thumbnailUrl":"https:\/\/www.visionxeurope.com\/se\/wp-content\/uploads\/sites\/7\/2021\/05\/XIL-PX7260.24.jpg","datePublished":"2015-03-26T13:28:59+00:00","dateModified":"2026-01-08T20:35:36+00:00","breadcrumb":{"@id":"https:\/\/www.visionxeurope.com\/se\/webbutik\/vision-x-xmitter-prime-xtreme-24v-40-360w-60\/#breadcrumb"},"inLanguage":"sv-SE","potentialAction":[{"@type":"ReadAction","target":["https:\/\/www.visionxeurope.com\/se\/webbutik\/vision-x-xmitter-prime-xtreme-24v-40-360w-60\/"]}]},{"@type":"ImageObject","inLanguage":"sv-SE","@id":"https:\/\/www.visionxeurope.com\/se\/webbutik\/vision-x-xmitter-prime-xtreme-24v-40-360w-60\/#primaryimage","url":"https:\/\/www.visionxeurope.com\/se\/wp-content\/uploads\/sites\/7\/2021\/05\/XIL-PX7260.24.jpg","contentUrl":"https:\/\/www.visionxeurope.com\/se\/wp-content\/uploads\/sites\/7\/2021\/05\/XIL-PX7260.24.jpg","width":450,"height":450},{"@type":"BreadcrumbList","@id":"https:\/\/www.visionxeurope.com\/se\/webbutik\/vision-x-xmitter-prime-xtreme-24v-40-360w-60\/#breadcrumb","itemListElement":[{"@type":"ListItem","position":1,"name":"Hem","item":"https:\/\/www.visionxeurope.com\/se\/"},{"@type":"ListItem","position":2,"name":"Webbutik","item":"https:\/\/www.visionxeurope.com\/se\/webbutik\/"},{"@type":"ListItem","position":3,"name":"VISION X XMITTER PRIME XTREME 24V 40&#8243; 360W 60\u00b0"}]},{"@type":"WebSite","@id":"https:\/\/www.visionxeurope.com\/se\/#website","url":"https:\/\/www.visionxeurope.com\/se\/","name":"Vision X Europe","description":"","publisher":{"@id":"https:\/\/www.visionxeurope.com\/se\/#organization"},"potentialAction":[{"@type":"SearchAction","target":{"@type":"EntryPoint","urlTemplate":"https:\/\/www.visionxeurope.com\/se\/?s={search_term_string}"},"query-input":{"@type":"PropertyValueSpecification","valueRequired":true,"valueName":"search_term_string"}}],"inLanguage":"sv-SE"},{"@type":"Organization","@id":"https:\/\/www.visionxeurope.com\/se\/#organization","name":"Vision X Europe","url":"https:\/\/www.visionxeurope.com\/se\/","logo":{"@type":"ImageObject","inLanguage":"sv-SE","@id":"https:\/\/www.visionxeurope.com\/se\/#\/schema\/logo\/image\/","url":"https:\/\/www.visionxeurope.com\/se\/wp-content\/uploads\/sites\/7\/2021\/04\/visionxeurope.png","contentUrl":"https:\/\/www.visionxeurope.com\/se\/wp-content\/uploads\/sites\/7\/2021\/04\/visionxeurope.png","width":300,"height":110,"caption":"Vision X Europe"},"image":{"@id":"https:\/\/www.visionxeurope.com\/se\/#\/schema\/logo\/image\/"},"sameAs":["https:\/\/www.facebook.com\/visionxeurope","https:\/\/www.instagram.com\/visionxeurope\/"]}]},"product_price_amount":"21996.00","product_price_currency":"SEK","og_availability":"out of stock","product_availability":"out of stock","product_retailer_item_id":"XIL-PX7260.24","product_condition":"new"},"_links":{"self":[{"href":"https:\/\/www.visionxeurope.com\/se\/wp-json\/wp\/v2\/product\/13538","targetHints":{"allow":["GET"]}}],"collection":[{"href":"https:\/\/www.visionxeurope.com\/se\/wp-json\/wp\/v2\/product"}],"about":[{"href":"https:\/\/www.visionxeurope.com\/se\/wp-json\/wp\/v2\/types\/product"}],"replies":[{"embeddable":true,"href":"https:\/\/www.visionxeurope.com\/se\/wp-json\/wp\/v2\/comments?post=13538"}],"wp:featuredmedia":[{"embeddable":true,"href":"https:\/\/www.visionxeurope.com\/se\/wp-json\/wp\/v2\/media\/8013"}],"wp:attachment":[{"href":"https:\/\/www.visionxeurope.com\/se\/wp-json\/wp\/v2\/media?parent=13538"}],"wp:term":[{"taxonomy":"product_brand","embeddable":true,"href":"https:\/\/www.visionxeurope.com\/se\/wp-json\/wp\/v2\/product_brand?post=13538"},{"taxonomy":"product_cat","embeddable":true,"href":"https:\/\/www.visionxeurope.com\/se\/wp-json\/wp\/v2\/product_cat?post=13538"},{"taxonomy":"product_tag","embeddable":true,"href":"https:\/\/www.visionxeurope.com\/se\/wp-json\/wp\/v2\/product_tag?post=13538"}],"curies":[{"name":"wp","href":"https:\/\/api.w.org\/{rel}","templated":true}]}}