{"id":13522,"date":"2015-03-25T15:39:25","date_gmt":"2015-03-25T14:39:25","guid":{"rendered":"https:\/\/www.visionxeurope.com\/se\/produkt\/vision-x-xmitter-prime-xtreme-24v-30-270w-25\/"},"modified":"2026-01-08T16:55:38","modified_gmt":"2026-01-08T15:55:38","slug":"vision-x-xmitter-prime-xtreme-24v-30-270w-25","status":"publish","type":"product","link":"https:\/\/www.visionxeurope.com\/se\/webbutik\/vision-x-xmitter-prime-xtreme-24v-30-270w-25\/","title":{"rendered":"VISION X XMITTER PRIME XTREME 24V 30&#8243; 270W 25\u00b0"},"content":{"rendered":"<p><\/p>\n<p>Xmitter Prime Xtreme, den absolut mest effektiva och kraftfullaste LED rampen p\u00e5 marknaden. Prime Xtreme levererar flest lumen per centimeter ramp och ger d\u00e4rf\u00f6r otroligt mycket ljus ur en liten enhet.<\/p>\n<p><\/p>\n<p><\/p>\n<p>Xmitter Prime Xtreme LED rampen \u00e4r det naturliga valet f\u00f6r den som vill ha ljuset som \u00f6vertr\u00e4ffar f\u00f6rv\u00e4ntningarna!<\/p>\n<p><\/p>\n<p><\/p>\n<p>Prime Xtreme \u00e4r en t\u00e5lig ramp med de senaste och mest effektiva 5W dioderna som ger ett kraftfullt ljus och kan anv\u00e4ndas lika bra som extraljus som arbetsljus beroende p\u00e5 vilken ljusbild som v\u00e4ljs. Rampen monteras i dag p\u00e5 allt fr\u00e5n personbilar, lastbilar, gr\u00e4vmaskiner m.m.<\/p>\n<p><\/p>\n<p><\/p>\n<p>F\u00f6r att n\u00e5 maximal prestanda och effektivitet anv\u00e4nder Vision X den senaste LED tekniken med bland annat Prime drive och Integrerad Electronic Thermal Management (ETM). Med h\u00f6g IP klassning och vibrations klassning samt n\u00e4st intill okrossbara polykarbonatlinser \u00e4r livsl\u00e4ngden l\u00e5ng, \u00e4ven de mest utsatta applikationerna.<\/p>\n<p><\/p>\n<p><\/p>\n<p>Med Vision X Xmitter Prime Xtreme har man \u00e5stadkommit en LED ramp som sl\u00e5r ut det mesta och ger ett oslagbart ljus i f\u00f6rh\u00e5llande till storleken.<\/p>\n<p><\/p>\n<p><\/p>\n<p><strong>Data:<\/strong><br \/>Lamphus: Robust aluminium<br \/>Sp\u00e4nning: 24V<br \/>Str\u00f6mf\u00f6rbrukning: 11.25 Amp vid 24V<br \/>IP-klass: IP68<br \/>Vibrationsklass: 15.6G<br \/>Arbetstemperatur: -40\u00b0C &#8211; +80\u00b0C<br \/>H\u00f6jd: 95.25mm<br \/>Djup: 84.07mm<br \/>Bredd: 768mm<br \/>LED: 54 st. 5W<br \/>R\u00e5a lumen: 28 512<br \/>Effektiva lumen: 19 980<br \/>Lins: Polykarbonat<br \/>Ljusbild: 25\u00b0 Euro (Finns \u00e4ven som 10\u00b0, multi optik 25\u00b0\/10\u00b0, 40\u00b0, 60\u00b0)<\/p>\n<p><\/p>","protected":false},"excerpt":{"rendered":"<p>Xmitter Prime Xtreme, den absolut mest effektiva och kraftfullaste LED rampen p\u00e5 marknaden. Prime Xtreme levererar flest lumen per centimeter ramp och ger d\u00e4rf\u00f6r otroligt mycket ljus ur en liten enhet.<\/p>\n<p>Xmitter Prime Xtreme LED rampen \u00e4r det naturliga valet f\u00f6r den som vill ha ljuset som \u00f6vertr\u00e4ffar f\u00f6rv\u00e4ntningarna!<\/p>\n<p>Prime Xtreme \u00e4r en t\u00e5lig ramp med de senaste och mest effektiva 5W dioderna som ger ett kraftfullt ljus och kan anv\u00e4ndas lika bra som extraljus som arbetsljus beroende p\u00e5 vilken ljusbild som v\u00e4ljs. Rampen monteras i dag p\u00e5 allt fr\u00e5n personbilar, lastbilar, gr\u00e4vmaskiner m.m.<\/p>\n<p>F\u00f6r att n\u00e5 maximal prestanda och effektivitet anv\u00e4nder Vision X den senaste LED tekniken med bland annat Prime drive och Integrerad Electronic Thermal Management (ETM). Med h\u00f6g IP klassning och vibrations klassning samt n\u00e4st intill okrossbara polykarbonatlinser \u00e4r livsl\u00e4ngden l\u00e5ng, \u00e4ven de mest utsatta applikationerna.<\/p>\n<p>Med Vision X Xmitter Prime Xtreme har man \u00e5stadkommit en LED ramp som sl\u00e5r ut det mesta och ger ett oslagbart ljus i f\u00f6rh\u00e5llande till storleken.<\/p>\n<p><strong>Data:<\/strong><br \/>Lamphus: Robust aluminium<br \/>Sp\u00e4nning: 24V<br \/>Str\u00f6mf\u00f6rbrukning: 11.25 Amp vid 24V<br \/>IP-klass: IP68<br \/>Vibrationsklass: 15.6G<br \/>Arbetstemperatur: -40\u00b0C &#8211; +80\u00b0C<br \/>H\u00f6jd: 95.25mm<br \/>Djup: 84.07mm<br \/>Bredd: 768mm<br \/>LED: 54 st. 5W<br \/>R\u00e5a lumen: 28 512<br \/>Effektiva lumen: 19 980<br \/>Lins: Polykarbonat<br \/>Ljusbild: 25\u00b0 Euro (Finns \u00e4ven som 10\u00b0, multi optik 25\u00b0\/10\u00b0, 40\u00b0, 60\u00b0)<\/p>\n","protected":false},"featured_media":15198,"comment_status":"open","ping_status":"open","template":"","meta":{"editor_notices":[]},"product_brand":[],"product_cat":[60],"product_tag":[],"class_list":{"0":"post-13522","1":"product","2":"type-product","3":"status-publish","4":"has-post-thumbnail","6":"product_cat-xmitter-prime","7":"resize-featured-image","8":"","9":"woocommerce-text-align-left","10":"woocommerce-image-align-center","12":"first","13":"instock","14":"taxable","15":"shipping-taxable","16":"product-type-simple"},"yoast_head":"<!-- This site is optimized with the Yoast SEO Premium plugin v25.0 (Yoast SEO v25.0) - https:\/\/yoast.com\/wordpress\/plugins\/seo\/ -->\n<title>VISION X XMITTER PRIME XTREME 24V 30&quot; 270W 25\u00b0 - Vision X Europe<\/title>\n<meta name=\"robots\" content=\"index, follow, max-snippet:-1, max-image-preview:large, max-video-preview:-1\" \/>\n<link rel=\"canonical\" href=\"https:\/\/www.visionxeurope.com\/se\/webbutik\/vision-x-xmitter-prime-xtreme-24v-30-270w-25\/\" \/>\n<meta property=\"og:locale\" content=\"sv_SE\" \/>\n<meta property=\"og:type\" content=\"article\" \/>\n<meta property=\"og:title\" content=\"VISION X XMITTER PRIME XTREME 24V 30&quot; 270W 25\u00b0\" \/>\n<meta property=\"og:description\" content=\"Xmitter Prime Xtreme, den absolut mest effektiva och kraftfullaste LED rampen p\u00e5 marknaden. Prime Xtreme levererar flest lumen per centimeter ramp och ger d\u00e4rf\u00f6r otroligt mycket ljus ur en liten enhet. Xmitter Prime Xtreme LED rampen \u00e4r det naturliga valet f\u00f6r den som vill ha ljuset som \u00f6vertr\u00e4ffar f\u00f6rv\u00e4ntningarna! Prime Xtreme \u00e4r en t\u00e5lig ramp med de senaste och mest effektiva 5W dioderna som ger ett kraftfullt ljus och kan anv\u00e4ndas lika bra som extraljus som arbetsljus beroende p\u00e5 vilken ljusbild som v\u00e4ljs. Rampen monteras i dag p\u00e5 allt fr\u00e5n personbilar, lastbilar, gr\u00e4vmaskiner m.m. F\u00f6r att n\u00e5 maximal prestanda och effektivitet anv\u00e4nder Vision X den senaste LED tekniken med bland annat Prime drive och Integrerad Electronic Thermal Management (ETM). Med h\u00f6g IP klassning och vibrations klassning samt n\u00e4st intill okrossbara polykarbonatlinser \u00e4r livsl\u00e4ngden l\u00e5ng, \u00e4ven de mest utsatta applikationerna. Med Vision X Xmitter Prime Xtreme har man \u00e5stadkommit en LED ramp som sl\u00e5r ut det mesta och ger ett oslagbart ljus i f\u00f6rh\u00e5llande till storleken. Data:Lamphus: Robust aluminiumSp\u00e4nning: 24VStr\u00f6mf\u00f6rbrukning: 11.25 Amp vid 24VIP-klass: IP68Vibrationsklass: 15.6GArbetstemperatur: -40\u00b0C &#8211; +80\u00b0CH\u00f6jd: 95.25mmDjup: 84.07mmBredd: 768mmLED: 54 st. 5WR\u00e5a lumen: 28 512Effektiva lumen: 19 980Lins: PolykarbonatLjusbild: 25\u00b0 Euro (Finns \u00e4ven som 10\u00b0, multi optik 25\u00b0\/10\u00b0, 40\u00b0, 60\u00b0)\" \/>\n<meta property=\"og:url\" content=\"https:\/\/www.visionxeurope.com\/se\/webbutik\/vision-x-xmitter-prime-xtreme-24v-30-270w-25\/\" \/>\n<meta property=\"og:site_name\" content=\"Vision X Europe\" \/>\n<meta property=\"article:publisher\" content=\"https:\/\/www.facebook.com\/visionxeurope\" \/>\n<meta property=\"article:modified_time\" content=\"2026-01-08T15:55:38+00:00\" \/>\n<meta property=\"og:image\" content=\"https:\/\/www.rindab.se\/wp-content\/uploads\/sites\/7\/2022\/04\/XIL-PX5425.24.jpg\" \/>\n\t<meta property=\"og:image:width\" content=\"450\" \/>\n\t<meta property=\"og:image:height\" content=\"450\" \/>\n\t<meta property=\"og:image:type\" content=\"image\/jpeg\" \/>\n<meta name=\"twitter:card\" content=\"summary_large_image\" \/>\n<meta name=\"twitter:label1\" content=\"Pris\" \/>\n\t<meta name=\"twitter:data1\" content=\"16 396,00&nbsp;&#107;&#114; exkl. moms\" \/>\n\t<meta name=\"twitter:label2\" content=\"Tillg\u00e4nglig\" \/>\n\t<meta name=\"twitter:data2\" content=\"I lager\" \/>\n<script type=\"application\/ld+json\" class=\"yoast-schema-graph\">{\"@context\":\"https:\/\/schema.org\",\"@graph\":[{\"@type\":\"WebPage\",\"@id\":\"https:\/\/www.visionxeurope.com\/se\/webbutik\/vision-x-xmitter-prime-xtreme-24v-30-270w-25\/\",\"url\":\"https:\/\/www.visionxeurope.com\/se\/webbutik\/vision-x-xmitter-prime-xtreme-24v-30-270w-25\/\",\"name\":\"VISION X XMITTER PRIME XTREME 24V 30\\\" 270W 25\u00b0 - Vision X Europe\",\"isPartOf\":{\"@id\":\"https:\/\/www.visionxeurope.com\/se\/#website\"},\"primaryImageOfPage\":{\"@id\":\"https:\/\/www.visionxeurope.com\/se\/webbutik\/vision-x-xmitter-prime-xtreme-24v-30-270w-25\/#primaryimage\"},\"image\":{\"@id\":\"https:\/\/www.visionxeurope.com\/se\/webbutik\/vision-x-xmitter-prime-xtreme-24v-30-270w-25\/#primaryimage\"},\"thumbnailUrl\":\"https:\/\/www.visionxeurope.com\/se\/wp-content\/uploads\/sites\/7\/2022\/04\/XIL-PX5425.24.jpg\",\"datePublished\":\"2015-03-25T14:39:25+00:00\",\"dateModified\":\"2026-01-08T15:55:38+00:00\",\"breadcrumb\":{\"@id\":\"https:\/\/www.visionxeurope.com\/se\/webbutik\/vision-x-xmitter-prime-xtreme-24v-30-270w-25\/#breadcrumb\"},\"inLanguage\":\"sv-SE\",\"potentialAction\":[{\"@type\":\"ReadAction\",\"target\":[\"https:\/\/www.visionxeurope.com\/se\/webbutik\/vision-x-xmitter-prime-xtreme-24v-30-270w-25\/\"]}]},{\"@type\":\"ImageObject\",\"inLanguage\":\"sv-SE\",\"@id\":\"https:\/\/www.visionxeurope.com\/se\/webbutik\/vision-x-xmitter-prime-xtreme-24v-30-270w-25\/#primaryimage\",\"url\":\"https:\/\/www.visionxeurope.com\/se\/wp-content\/uploads\/sites\/7\/2022\/04\/XIL-PX5425.24.jpg\",\"contentUrl\":\"https:\/\/www.visionxeurope.com\/se\/wp-content\/uploads\/sites\/7\/2022\/04\/XIL-PX5425.24.jpg\",\"width\":450,\"height\":450},{\"@type\":\"BreadcrumbList\",\"@id\":\"https:\/\/www.visionxeurope.com\/se\/webbutik\/vision-x-xmitter-prime-xtreme-24v-30-270w-25\/#breadcrumb\",\"itemListElement\":[{\"@type\":\"ListItem\",\"position\":1,\"name\":\"Hem\",\"item\":\"https:\/\/www.visionxeurope.com\/se\/\"},{\"@type\":\"ListItem\",\"position\":2,\"name\":\"Webbutik\",\"item\":\"https:\/\/www.visionxeurope.com\/se\/webbutik\/\"},{\"@type\":\"ListItem\",\"position\":3,\"name\":\"VISION X XMITTER PRIME XTREME 24V 30&#8243; 270W 25\u00b0\"}]},{\"@type\":\"WebSite\",\"@id\":\"https:\/\/www.visionxeurope.com\/se\/#website\",\"url\":\"https:\/\/www.visionxeurope.com\/se\/\",\"name\":\"Vision X Europe\",\"description\":\"\",\"publisher\":{\"@id\":\"https:\/\/www.visionxeurope.com\/se\/#organization\"},\"potentialAction\":[{\"@type\":\"SearchAction\",\"target\":{\"@type\":\"EntryPoint\",\"urlTemplate\":\"https:\/\/www.visionxeurope.com\/se\/?s={search_term_string}\"},\"query-input\":{\"@type\":\"PropertyValueSpecification\",\"valueRequired\":true,\"valueName\":\"search_term_string\"}}],\"inLanguage\":\"sv-SE\"},{\"@type\":\"Organization\",\"@id\":\"https:\/\/www.visionxeurope.com\/se\/#organization\",\"name\":\"Vision X Europe\",\"url\":\"https:\/\/www.visionxeurope.com\/se\/\",\"logo\":{\"@type\":\"ImageObject\",\"inLanguage\":\"sv-SE\",\"@id\":\"https:\/\/www.visionxeurope.com\/se\/#\/schema\/logo\/image\/\",\"url\":\"https:\/\/www.visionxeurope.com\/se\/wp-content\/uploads\/sites\/7\/2021\/04\/visionxeurope.png\",\"contentUrl\":\"https:\/\/www.visionxeurope.com\/se\/wp-content\/uploads\/sites\/7\/2021\/04\/visionxeurope.png\",\"width\":300,\"height\":110,\"caption\":\"Vision X Europe\"},\"image\":{\"@id\":\"https:\/\/www.visionxeurope.com\/se\/#\/schema\/logo\/image\/\"},\"sameAs\":[\"https:\/\/www.facebook.com\/visionxeurope\",\"https:\/\/www.instagram.com\/visionxeurope\/\"]}]}<\/script>\n<meta property=\"product:price:amount\" content=\"16396.00\" \/>\n<meta property=\"product:price:currency\" content=\"SEK\" \/>\n<meta property=\"og:availability\" content=\"instock\" \/>\n<meta property=\"product:availability\" content=\"instock\" \/>\n<meta property=\"product:retailer_item_id\" content=\"XIL-PX5425.24\" \/>\n<meta property=\"product:condition\" content=\"new\" \/>\n<!-- \/ Yoast SEO Premium plugin. -->","yoast_head_json":{"title":"VISION X XMITTER PRIME XTREME 24V 30\" 270W 25\u00b0 - Vision X Europe","robots":{"index":"index","follow":"follow","max-snippet":"max-snippet:-1","max-image-preview":"max-image-preview:large","max-video-preview":"max-video-preview:-1"},"canonical":"https:\/\/www.visionxeurope.com\/se\/webbutik\/vision-x-xmitter-prime-xtreme-24v-30-270w-25\/","og_locale":"sv_SE","og_type":"article","og_title":"VISION X XMITTER PRIME XTREME 24V 30\" 270W 25\u00b0","og_description":"Xmitter Prime Xtreme, den absolut mest effektiva och kraftfullaste LED rampen p\u00e5 marknaden. Prime Xtreme levererar flest lumen per centimeter ramp och ger d\u00e4rf\u00f6r otroligt mycket ljus ur en liten enhet. Xmitter Prime Xtreme LED rampen \u00e4r det naturliga valet f\u00f6r den som vill ha ljuset som \u00f6vertr\u00e4ffar f\u00f6rv\u00e4ntningarna! Prime Xtreme \u00e4r en t\u00e5lig ramp med de senaste och mest effektiva 5W dioderna som ger ett kraftfullt ljus och kan anv\u00e4ndas lika bra som extraljus som arbetsljus beroende p\u00e5 vilken ljusbild som v\u00e4ljs. Rampen monteras i dag p\u00e5 allt fr\u00e5n personbilar, lastbilar, gr\u00e4vmaskiner m.m. F\u00f6r att n\u00e5 maximal prestanda och effektivitet anv\u00e4nder Vision X den senaste LED tekniken med bland annat Prime drive och Integrerad Electronic Thermal Management (ETM). Med h\u00f6g IP klassning och vibrations klassning samt n\u00e4st intill okrossbara polykarbonatlinser \u00e4r livsl\u00e4ngden l\u00e5ng, \u00e4ven de mest utsatta applikationerna. Med Vision X Xmitter Prime Xtreme har man \u00e5stadkommit en LED ramp som sl\u00e5r ut det mesta och ger ett oslagbart ljus i f\u00f6rh\u00e5llande till storleken. Data:Lamphus: Robust aluminiumSp\u00e4nning: 24VStr\u00f6mf\u00f6rbrukning: 11.25 Amp vid 24VIP-klass: IP68Vibrationsklass: 15.6GArbetstemperatur: -40\u00b0C &#8211; +80\u00b0CH\u00f6jd: 95.25mmDjup: 84.07mmBredd: 768mmLED: 54 st. 5WR\u00e5a lumen: 28 512Effektiva lumen: 19 980Lins: PolykarbonatLjusbild: 25\u00b0 Euro (Finns \u00e4ven som 10\u00b0, multi optik 25\u00b0\/10\u00b0, 40\u00b0, 60\u00b0)","og_url":"https:\/\/www.visionxeurope.com\/se\/webbutik\/vision-x-xmitter-prime-xtreme-24v-30-270w-25\/","og_site_name":"Vision X Europe","article_publisher":"https:\/\/www.facebook.com\/visionxeurope","article_modified_time":"2026-01-08T15:55:38+00:00","og_image":[{"width":450,"height":450,"url":"https:\/\/www.rindab.se\/wp-content\/uploads\/sites\/7\/2022\/04\/XIL-PX5425.24.jpg","type":"image\/jpeg"}],"twitter_card":"summary_large_image","twitter_misc":{"Pris":"16 396,00&nbsp;&#107;&#114; exkl. moms","Tillg\u00e4nglig":"I lager"},"schema":{"@context":"https:\/\/schema.org","@graph":[{"@type":"WebPage","@id":"https:\/\/www.visionxeurope.com\/se\/webbutik\/vision-x-xmitter-prime-xtreme-24v-30-270w-25\/","url":"https:\/\/www.visionxeurope.com\/se\/webbutik\/vision-x-xmitter-prime-xtreme-24v-30-270w-25\/","name":"VISION X XMITTER PRIME XTREME 24V 30\" 270W 25\u00b0 - Vision X Europe","isPartOf":{"@id":"https:\/\/www.visionxeurope.com\/se\/#website"},"primaryImageOfPage":{"@id":"https:\/\/www.visionxeurope.com\/se\/webbutik\/vision-x-xmitter-prime-xtreme-24v-30-270w-25\/#primaryimage"},"image":{"@id":"https:\/\/www.visionxeurope.com\/se\/webbutik\/vision-x-xmitter-prime-xtreme-24v-30-270w-25\/#primaryimage"},"thumbnailUrl":"https:\/\/www.visionxeurope.com\/se\/wp-content\/uploads\/sites\/7\/2022\/04\/XIL-PX5425.24.jpg","datePublished":"2015-03-25T14:39:25+00:00","dateModified":"2026-01-08T15:55:38+00:00","breadcrumb":{"@id":"https:\/\/www.visionxeurope.com\/se\/webbutik\/vision-x-xmitter-prime-xtreme-24v-30-270w-25\/#breadcrumb"},"inLanguage":"sv-SE","potentialAction":[{"@type":"ReadAction","target":["https:\/\/www.visionxeurope.com\/se\/webbutik\/vision-x-xmitter-prime-xtreme-24v-30-270w-25\/"]}]},{"@type":"ImageObject","inLanguage":"sv-SE","@id":"https:\/\/www.visionxeurope.com\/se\/webbutik\/vision-x-xmitter-prime-xtreme-24v-30-270w-25\/#primaryimage","url":"https:\/\/www.visionxeurope.com\/se\/wp-content\/uploads\/sites\/7\/2022\/04\/XIL-PX5425.24.jpg","contentUrl":"https:\/\/www.visionxeurope.com\/se\/wp-content\/uploads\/sites\/7\/2022\/04\/XIL-PX5425.24.jpg","width":450,"height":450},{"@type":"BreadcrumbList","@id":"https:\/\/www.visionxeurope.com\/se\/webbutik\/vision-x-xmitter-prime-xtreme-24v-30-270w-25\/#breadcrumb","itemListElement":[{"@type":"ListItem","position":1,"name":"Hem","item":"https:\/\/www.visionxeurope.com\/se\/"},{"@type":"ListItem","position":2,"name":"Webbutik","item":"https:\/\/www.visionxeurope.com\/se\/webbutik\/"},{"@type":"ListItem","position":3,"name":"VISION X XMITTER PRIME XTREME 24V 30&#8243; 270W 25\u00b0"}]},{"@type":"WebSite","@id":"https:\/\/www.visionxeurope.com\/se\/#website","url":"https:\/\/www.visionxeurope.com\/se\/","name":"Vision X Europe","description":"","publisher":{"@id":"https:\/\/www.visionxeurope.com\/se\/#organization"},"potentialAction":[{"@type":"SearchAction","target":{"@type":"EntryPoint","urlTemplate":"https:\/\/www.visionxeurope.com\/se\/?s={search_term_string}"},"query-input":{"@type":"PropertyValueSpecification","valueRequired":true,"valueName":"search_term_string"}}],"inLanguage":"sv-SE"},{"@type":"Organization","@id":"https:\/\/www.visionxeurope.com\/se\/#organization","name":"Vision X Europe","url":"https:\/\/www.visionxeurope.com\/se\/","logo":{"@type":"ImageObject","inLanguage":"sv-SE","@id":"https:\/\/www.visionxeurope.com\/se\/#\/schema\/logo\/image\/","url":"https:\/\/www.visionxeurope.com\/se\/wp-content\/uploads\/sites\/7\/2021\/04\/visionxeurope.png","contentUrl":"https:\/\/www.visionxeurope.com\/se\/wp-content\/uploads\/sites\/7\/2021\/04\/visionxeurope.png","width":300,"height":110,"caption":"Vision X Europe"},"image":{"@id":"https:\/\/www.visionxeurope.com\/se\/#\/schema\/logo\/image\/"},"sameAs":["https:\/\/www.facebook.com\/visionxeurope","https:\/\/www.instagram.com\/visionxeurope\/"]}]},"product_price_amount":"16396.00","product_price_currency":"SEK","og_availability":"instock","product_availability":"instock","product_retailer_item_id":"XIL-PX5425.24","product_condition":"new"},"_links":{"self":[{"href":"https:\/\/www.visionxeurope.com\/se\/wp-json\/wp\/v2\/product\/13522","targetHints":{"allow":["GET"]}}],"collection":[{"href":"https:\/\/www.visionxeurope.com\/se\/wp-json\/wp\/v2\/product"}],"about":[{"href":"https:\/\/www.visionxeurope.com\/se\/wp-json\/wp\/v2\/types\/product"}],"replies":[{"embeddable":true,"href":"https:\/\/www.visionxeurope.com\/se\/wp-json\/wp\/v2\/comments?post=13522"}],"wp:featuredmedia":[{"embeddable":true,"href":"https:\/\/www.visionxeurope.com\/se\/wp-json\/wp\/v2\/media\/15198"}],"wp:attachment":[{"href":"https:\/\/www.visionxeurope.com\/se\/wp-json\/wp\/v2\/media?parent=13522"}],"wp:term":[{"taxonomy":"product_brand","embeddable":true,"href":"https:\/\/www.visionxeurope.com\/se\/wp-json\/wp\/v2\/product_brand?post=13522"},{"taxonomy":"product_cat","embeddable":true,"href":"https:\/\/www.visionxeurope.com\/se\/wp-json\/wp\/v2\/product_cat?post=13522"},{"taxonomy":"product_tag","embeddable":true,"href":"https:\/\/www.visionxeurope.com\/se\/wp-json\/wp\/v2\/product_tag?post=13522"}],"curies":[{"name":"wp","href":"https:\/\/api.w.org\/{rel}","templated":true}]}}