{"id":13517,"date":"2014-12-08T10:15:53","date_gmt":"2014-12-08T09:15:53","guid":{"rendered":"https:\/\/www.visionxeurope.com\/se\/produkt\/vision-x-xmitter-prime-xtreme-12v-21-180w-10-25-e-markt\/"},"modified":"2026-03-06T09:50:54","modified_gmt":"2026-03-06T08:50:54","slug":"vision-x-xmitter-prime-xtreme-12v-21-180w-10-25-e-markt","status":"publish","type":"product","link":"https:\/\/www.visionxeurope.com\/se\/webbutik\/vision-x-xmitter-prime-xtreme-12v-21-180w-10-25-e-markt\/","title":{"rendered":"VISION X XMITTER PRIME XTREME 12V 21&#8243; 180W 10\u00b0\/25\u00b0 E-M\u00c4RKT"},"content":{"rendered":"<p><\/p>\n<p><strong class=\"art-benamning\">VISION X XMITTER PRIME XTREME 12V 21&#8243; 180W 10\u00b0\/25\u00b0 E-M\u00c4RKT<br \/><\/strong>Vision X 21&#8243; Xmitter Prime, en extremt t\u00e5lig LED ljusramp med supereffektiva 5W lysdioder som ger ett riktigt kraftfullt ljus. Perfekt som extraljus till de flesta fordon som inte vill ha stora klumpiga extraljus i fronten, t.ex. nyare bilar med sensorer och radar.<\/p>\n<p><\/p>\n<p><\/p>\n<p>Rampen med h\u00f6gst ljusfl\u00f6de p\u00e5 marknaden men som \u00e4nd\u00e5 \u00e4r E-m\u00e4rkt. Totalt ger rampen 19008 lumen. (En 35W Xenon lampa ger ca, 3000 lumen f\u00f6r j\u00e4mf\u00f6relse). Med s\u00e5 kallad &#8221;multioptik&#8221; ger LED rampen 6336 lumen i 25\u00b0 spridning och 12672 lumen i 10\u00b0 spridning vilket g\u00f6r att man f\u00e5r b\u00e5de l\u00e4ngd och bredd p\u00e5 ljuset. Lyser mycket och starkt med en blandning av h\u00f6gt, brett och l\u00e5ngt ljussken.<\/p>\n<p><\/p>\n<p><\/p>\n<p><strong>F\u00f6rdelar:<\/strong><br \/>* 5,5 \u00e5rs funktionsgaranti<br \/>* Stenskotts\u00e4kert glas &#8211; flexibel polykarbonatlins<br \/>* Extra robust konstruktion &amp;ndash t\u00e5l b\u00e5de skakningar och vibrationer upp till 15,6 Grms<br \/>* Helt fukts\u00e4kert lamphus &#8211; slipp problem med fukt.<br \/>* Inbyggt EMC filter &#8211; st\u00f6r ej bilens elektroniska system<br \/>* Aktiv temperaturkontroll med Prime Drive och ETM. F\u00f6r att kunna f\u00e5 ut den intensitet och ljusfl\u00f6de som Xmitter Prime innehar.<\/p>\n<p><\/p>\n<p><\/p>\n<p><strong>Certifieringar och kvalitetstester:<\/strong><br \/>* E-m\u00e4rkt och godk\u00e4nd i besiktningen ECE R112 ref. 37.5<br \/>* CE godk\u00e4nd, RoHS certifierad<br \/>* Tryckvattentestad till IP68+IP69K<br \/>* Skaktestad upp till 15,6 G rms<br \/>* Temperaturtestad att den fungerar -40\u00b0C &#8211; +80\u00b0C.<br \/>* EMC filter CISPR 25,5 (inget radiobrus m.m.)<\/p>\n<p><strong>Data:<br \/><\/strong>E-m\u00e4rkt<br \/>Lamphus: Robust aluminium<br \/>Sp\u00e4nning: OBS! 12V endast f\u00f6r h\u00f6gsta EMC klassning, CISPR25.<br \/>Str\u00f6mf\u00f6rbrukning: 15 Amp vid 12V<br \/>IP-klass: IP68 + IP69K<br \/>Vibrationsklass: 15.6G<br \/>Arbetstemperatur: -40\u00b0C &#8211; +80\u00b0C<br \/>H\u00f6jd: 75mm utan f\u00e4ste<br \/>Djup: 85mm<br \/>Bredd: 525mm<br \/>Lins: Polykarbonat<br \/>Watt: 180<br \/>LED: 36 st. x 5W<br \/>R\u00e5a lumen: 19 008<br \/>Effektiva lumen: 13 320<br \/>Ljusbild: 25\u00b0 Flood (6 336 lumen) och 10\u00b0 Spot (12 672 lumen)<br \/>Optik figuration: 25\u00b0\/10\u00b0\/10\u00b0\/10\u00b0\/10\u00b0\/25\u00b0<\/p>\n<p><\/p>","protected":false},"excerpt":{"rendered":"<p><strong class=\"art-benamning\">VISION X XMITTER PRIME XTREME 12V 21&#8243; 180W 10\u00b0\/25\u00b0 E-M\u00c4RKT<br \/><\/strong>Vision X 21&#8243; Xmitter Prime, en extremt t\u00e5lig LED ljusramp med supereffektiva 5W lysdioder som ger ett riktigt kraftfullt ljus. Perfekt som extraljus till de flesta fordon som inte vill ha stora klumpiga extraljus i fronten, t.ex. nyare bilar med sensorer och radar.<\/p>\n<p>Rampen med h\u00f6gst ljusfl\u00f6de p\u00e5 marknaden men som \u00e4nd\u00e5 \u00e4r E-m\u00e4rkt. Totalt ger rampen 19008 lumen. (En 35W Xenon lampa ger ca, 3000 lumen f\u00f6r j\u00e4mf\u00f6relse). Med s\u00e5 kallad &#8220;multioptik&#8221; ger LED rampen 6336 lumen i 25\u00b0 spridning och 12672 lumen i 10\u00b0 spridning vilket g\u00f6r att man f\u00e5r b\u00e5de l\u00e4ngd och bredd p\u00e5 ljuset. Lyser mycket och starkt med en blandning av h\u00f6gt, brett och l\u00e5ngt ljussken.<\/p>\n<p><strong>F\u00f6rdelar:<\/strong><br \/>* 5,5 \u00e5rs funktionsgaranti<br \/>* Stenskotts\u00e4kert glas &#8211; flexibel polykarbonatlins<br \/>* Extra robust konstruktion &amp;ndash t\u00e5l b\u00e5de skakningar och vibrationer upp till 15,6 Grms<br \/>* Helt fukts\u00e4kert lamphus &#8211; slipp problem med fukt.<br \/>* Inbyggt EMC filter &#8211; st\u00f6r ej bilens elektroniska system<br \/>* Aktiv temperaturkontroll med Prime Drive och ETM. F\u00f6r att kunna f\u00e5 ut den intensitet och ljusfl\u00f6de som Xmitter Prime innehar.<\/p>\n<p><strong>Certifieringar och kvalitetstester:<\/strong><br \/>* E-m\u00e4rkt och godk\u00e4nd i besiktningen ECE R112 ref. 37.5<br \/>* CE godk\u00e4nd, RoHS certifierad<br \/>* Tryckvattentestad till IP68+IP69K<br \/>* Skaktestad upp till 15,6 G rms<br \/>* Temperaturtestad att den fungerar -40\u00b0C &#8211; +80\u00b0C.<br \/>* EMC filter CISPR 25,5 (inget radiobrus m.m.)<\/p>\n<p><strong>Data:<br \/><\/strong>E-m\u00e4rkt<br \/>Lamphus: Robust aluminium<br \/>Sp\u00e4nning: OBS! 12V endast f\u00f6r h\u00f6gsta EMC klassning, CISPR25.<br \/>Str\u00f6mf\u00f6rbrukning: 15 Amp vid 12V<br \/>IP-klass: IP68 + IP69K<br \/>Vibrationsklass: 15.6G<br \/>Arbetstemperatur: -40\u00b0C &#8211; +80\u00b0C<br \/>H\u00f6jd: 75mm utan f\u00e4ste<br \/>Djup: 85mm<br \/>Bredd: 525mm<br \/>Lins: Polykarbonat<br \/>Watt: 180<br \/>LED: 36 st. x 5W<br \/>R\u00e5a lumen: 19 008<br \/>Effektiva lumen: 13 320<br \/>Ljusbild: 25\u00b0 Flood (6 336 lumen) och 10\u00b0 Spot (12 672 lumen)<br \/>Optik figuration: 25\u00b0\/10\u00b0\/10\u00b0\/10\u00b0\/10\u00b0\/25\u00b0<\/p>\n","protected":false},"featured_media":15176,"comment_status":"closed","ping_status":"open","template":"","meta":{"editor_notices":[]},"product_brand":[],"product_cat":[60],"product_tag":[],"class_list":{"0":"post-13517","1":"product","2":"type-product","3":"status-publish","4":"has-post-thumbnail","6":"product_cat-xmitter-prime","7":"resize-featured-image","8":"","9":"woocommerce-text-align-left","10":"woocommerce-image-align-center","12":"first","13":"outofstock","14":"taxable","15":"shipping-taxable","16":"product-type-simple"},"yoast_head":"<!-- This site is optimized with the Yoast SEO Premium plugin v25.0 (Yoast SEO v25.0) - https:\/\/yoast.com\/wordpress\/plugins\/seo\/ -->\n<title>VISION X XMITTER PRIME XTREME 12V 21&quot; 180W 10\u00b0\/25\u00b0 E-M\u00c4RKT - Vision X Europe<\/title>\n<meta name=\"robots\" content=\"index, follow, max-snippet:-1, max-image-preview:large, max-video-preview:-1\" \/>\n<link rel=\"canonical\" href=\"https:\/\/www.visionxeurope.com\/se\/webbutik\/vision-x-xmitter-prime-xtreme-12v-21-180w-10-25-e-markt\/\" \/>\n<meta property=\"og:locale\" content=\"sv_SE\" \/>\n<meta property=\"og:type\" content=\"article\" \/>\n<meta property=\"og:title\" content=\"VISION X XMITTER PRIME XTREME 12V 21&quot; 180W 10\u00b0\/25\u00b0 E-M\u00c4RKT\" \/>\n<meta property=\"og:description\" content=\"VISION X XMITTER PRIME XTREME 12V 21&#8243; 180W 10\u00b0\/25\u00b0 E-M\u00c4RKTVision X 21&#8243; Xmitter Prime, en extremt t\u00e5lig LED ljusramp med supereffektiva 5W lysdioder som ger ett riktigt kraftfullt ljus. Perfekt som extraljus till de flesta fordon som inte vill ha stora klumpiga extraljus i fronten, t.ex. nyare bilar med sensorer och radar. Rampen med h\u00f6gst ljusfl\u00f6de p\u00e5 marknaden men som \u00e4nd\u00e5 \u00e4r E-m\u00e4rkt. Totalt ger rampen 19008 lumen. (En 35W Xenon lampa ger ca, 3000 lumen f\u00f6r j\u00e4mf\u00f6relse). Med s\u00e5 kallad &#8220;multioptik&#8221; ger LED rampen 6336 lumen i 25\u00b0 spridning och 12672 lumen i 10\u00b0 spridning vilket g\u00f6r att man f\u00e5r b\u00e5de l\u00e4ngd och bredd p\u00e5 ljuset. Lyser mycket och starkt med en blandning av h\u00f6gt, brett och l\u00e5ngt ljussken. F\u00f6rdelar:* 5,5 \u00e5rs funktionsgaranti* Stenskotts\u00e4kert glas &#8211; flexibel polykarbonatlins* Extra robust konstruktion &amp;ndash t\u00e5l b\u00e5de skakningar och vibrationer upp till 15,6 Grms* Helt fukts\u00e4kert lamphus &#8211; slipp problem med fukt.* Inbyggt EMC filter &#8211; st\u00f6r ej bilens elektroniska system* Aktiv temperaturkontroll med Prime Drive och ETM. F\u00f6r att kunna f\u00e5 ut den intensitet och ljusfl\u00f6de som Xmitter Prime innehar. Certifieringar och kvalitetstester:* E-m\u00e4rkt och godk\u00e4nd i besiktningen ECE R112 ref. 37.5* CE godk\u00e4nd, RoHS certifierad* Tryckvattentestad till IP68+IP69K* Skaktestad upp till 15,6 G rms* Temperaturtestad att den fungerar -40\u00b0C &#8211; +80\u00b0C.* EMC filter CISPR 25,5 (inget radiobrus m.m.) Data:E-m\u00e4rktLamphus: Robust aluminiumSp\u00e4nning: OBS! 12V endast f\u00f6r h\u00f6gsta EMC klassning, CISPR25.Str\u00f6mf\u00f6rbrukning: 15 Amp vid 12VIP-klass: IP68 + IP69KVibrationsklass: 15.6GArbetstemperatur: -40\u00b0C &#8211; +80\u00b0CH\u00f6jd: 75mm utan f\u00e4steDjup: 85mmBredd: 525mmLins: PolykarbonatWatt: 180LED: 36 st. x 5WR\u00e5a lumen: 19 008Effektiva lumen: 13 320Ljusbild: 25\u00b0 Flood (6 336 lumen) och 10\u00b0 Spot (12 672 lumen)Optik figuration: 25\u00b0\/10\u00b0\/10\u00b0\/10\u00b0\/10\u00b0\/25\u00b0\" \/>\n<meta property=\"og:url\" content=\"https:\/\/www.visionxeurope.com\/se\/webbutik\/vision-x-xmitter-prime-xtreme-12v-21-180w-10-25-e-markt\/\" \/>\n<meta property=\"og:site_name\" content=\"Vision X Europe\" \/>\n<meta property=\"article:publisher\" content=\"https:\/\/www.facebook.com\/visionxeurope\" \/>\n<meta property=\"article:modified_time\" content=\"2026-03-06T08:50:54+00:00\" \/>\n<meta property=\"og:image\" content=\"https:\/\/www.visionxeurope.com\/se\/wp-content\/uploads\/sites\/7\/2022\/04\/XIL-PX36M12.jpg\" \/>\n\t<meta property=\"og:image:width\" content=\"450\" \/>\n\t<meta property=\"og:image:height\" content=\"450\" \/>\n\t<meta property=\"og:image:type\" content=\"image\/jpeg\" \/>\n<meta name=\"twitter:card\" content=\"summary_large_image\" \/>\n<meta name=\"twitter:label1\" content=\"Pris\" \/>\n\t<meta name=\"twitter:data1\" content=\"10 966,00&nbsp;&#107;&#114; exkl. moms\" \/>\n\t<meta name=\"twitter:label2\" content=\"Tillg\u00e4nglig\" \/>\n\t<meta name=\"twitter:data2\" content=\"Slut i lager\" \/>\n<script type=\"application\/ld+json\" class=\"yoast-schema-graph\">{\"@context\":\"https:\/\/schema.org\",\"@graph\":[{\"@type\":\"WebPage\",\"@id\":\"https:\/\/www.visionxeurope.com\/se\/webbutik\/vision-x-xmitter-prime-xtreme-12v-21-180w-10-25-e-markt\/\",\"url\":\"https:\/\/www.visionxeurope.com\/se\/webbutik\/vision-x-xmitter-prime-xtreme-12v-21-180w-10-25-e-markt\/\",\"name\":\"VISION X XMITTER PRIME XTREME 12V 21\\\" 180W 10\u00b0\/25\u00b0 E-M\u00c4RKT - Vision X Europe\",\"isPartOf\":{\"@id\":\"https:\/\/www.visionxeurope.com\/se\/#website\"},\"primaryImageOfPage\":{\"@id\":\"https:\/\/www.visionxeurope.com\/se\/webbutik\/vision-x-xmitter-prime-xtreme-12v-21-180w-10-25-e-markt\/#primaryimage\"},\"image\":{\"@id\":\"https:\/\/www.visionxeurope.com\/se\/webbutik\/vision-x-xmitter-prime-xtreme-12v-21-180w-10-25-e-markt\/#primaryimage\"},\"thumbnailUrl\":\"https:\/\/www.visionxeurope.com\/se\/wp-content\/uploads\/sites\/7\/2022\/04\/XIL-PX36M12.jpg\",\"datePublished\":\"2014-12-08T09:15:53+00:00\",\"dateModified\":\"2026-03-06T08:50:54+00:00\",\"breadcrumb\":{\"@id\":\"https:\/\/www.visionxeurope.com\/se\/webbutik\/vision-x-xmitter-prime-xtreme-12v-21-180w-10-25-e-markt\/#breadcrumb\"},\"inLanguage\":\"sv-SE\",\"potentialAction\":[{\"@type\":\"ReadAction\",\"target\":[\"https:\/\/www.visionxeurope.com\/se\/webbutik\/vision-x-xmitter-prime-xtreme-12v-21-180w-10-25-e-markt\/\"]}]},{\"@type\":\"ImageObject\",\"inLanguage\":\"sv-SE\",\"@id\":\"https:\/\/www.visionxeurope.com\/se\/webbutik\/vision-x-xmitter-prime-xtreme-12v-21-180w-10-25-e-markt\/#primaryimage\",\"url\":\"https:\/\/www.visionxeurope.com\/se\/wp-content\/uploads\/sites\/7\/2022\/04\/XIL-PX36M12.jpg\",\"contentUrl\":\"https:\/\/www.visionxeurope.com\/se\/wp-content\/uploads\/sites\/7\/2022\/04\/XIL-PX36M12.jpg\",\"width\":450,\"height\":450},{\"@type\":\"BreadcrumbList\",\"@id\":\"https:\/\/www.visionxeurope.com\/se\/webbutik\/vision-x-xmitter-prime-xtreme-12v-21-180w-10-25-e-markt\/#breadcrumb\",\"itemListElement\":[{\"@type\":\"ListItem\",\"position\":1,\"name\":\"Hem\",\"item\":\"https:\/\/www.visionxeurope.com\/se\/\"},{\"@type\":\"ListItem\",\"position\":2,\"name\":\"Webbutik\",\"item\":\"https:\/\/www.visionxeurope.com\/se\/webbutik\/\"},{\"@type\":\"ListItem\",\"position\":3,\"name\":\"VISION X XMITTER PRIME XTREME 12V 21&#8243; 180W 10\u00b0\/25\u00b0 E-M\u00c4RKT\"}]},{\"@type\":\"WebSite\",\"@id\":\"https:\/\/www.visionxeurope.com\/se\/#website\",\"url\":\"https:\/\/www.visionxeurope.com\/se\/\",\"name\":\"Vision X Europe\",\"description\":\"\",\"publisher\":{\"@id\":\"https:\/\/www.visionxeurope.com\/se\/#organization\"},\"potentialAction\":[{\"@type\":\"SearchAction\",\"target\":{\"@type\":\"EntryPoint\",\"urlTemplate\":\"https:\/\/www.visionxeurope.com\/se\/?s={search_term_string}\"},\"query-input\":{\"@type\":\"PropertyValueSpecification\",\"valueRequired\":true,\"valueName\":\"search_term_string\"}}],\"inLanguage\":\"sv-SE\"},{\"@type\":\"Organization\",\"@id\":\"https:\/\/www.visionxeurope.com\/se\/#organization\",\"name\":\"Vision X Europe\",\"url\":\"https:\/\/www.visionxeurope.com\/se\/\",\"logo\":{\"@type\":\"ImageObject\",\"inLanguage\":\"sv-SE\",\"@id\":\"https:\/\/www.visionxeurope.com\/se\/#\/schema\/logo\/image\/\",\"url\":\"https:\/\/www.visionxeurope.com\/se\/wp-content\/uploads\/sites\/7\/2021\/04\/visionxeurope.png\",\"contentUrl\":\"https:\/\/www.visionxeurope.com\/se\/wp-content\/uploads\/sites\/7\/2021\/04\/visionxeurope.png\",\"width\":300,\"height\":110,\"caption\":\"Vision X Europe\"},\"image\":{\"@id\":\"https:\/\/www.visionxeurope.com\/se\/#\/schema\/logo\/image\/\"},\"sameAs\":[\"https:\/\/www.facebook.com\/visionxeurope\",\"https:\/\/www.instagram.com\/visionxeurope\/\"]}]}<\/script>\n<meta property=\"product:price:amount\" content=\"10966.00\" \/>\n<meta property=\"product:price:currency\" content=\"SEK\" \/>\n<meta property=\"og:availability\" content=\"out of stock\" \/>\n<meta property=\"product:availability\" content=\"out of stock\" \/>\n<meta property=\"product:retailer_item_id\" content=\"XIL-PX36M12\" \/>\n<meta property=\"product:condition\" content=\"new\" \/>\n<!-- \/ Yoast SEO Premium plugin. -->","yoast_head_json":{"title":"VISION X XMITTER PRIME XTREME 12V 21\" 180W 10\u00b0\/25\u00b0 E-M\u00c4RKT - Vision X Europe","robots":{"index":"index","follow":"follow","max-snippet":"max-snippet:-1","max-image-preview":"max-image-preview:large","max-video-preview":"max-video-preview:-1"},"canonical":"https:\/\/www.visionxeurope.com\/se\/webbutik\/vision-x-xmitter-prime-xtreme-12v-21-180w-10-25-e-markt\/","og_locale":"sv_SE","og_type":"article","og_title":"VISION X XMITTER PRIME XTREME 12V 21\" 180W 10\u00b0\/25\u00b0 E-M\u00c4RKT","og_description":"VISION X XMITTER PRIME XTREME 12V 21&#8243; 180W 10\u00b0\/25\u00b0 E-M\u00c4RKTVision X 21&#8243; Xmitter Prime, en extremt t\u00e5lig LED ljusramp med supereffektiva 5W lysdioder som ger ett riktigt kraftfullt ljus. Perfekt som extraljus till de flesta fordon som inte vill ha stora klumpiga extraljus i fronten, t.ex. nyare bilar med sensorer och radar. Rampen med h\u00f6gst ljusfl\u00f6de p\u00e5 marknaden men som \u00e4nd\u00e5 \u00e4r E-m\u00e4rkt. Totalt ger rampen 19008 lumen. (En 35W Xenon lampa ger ca, 3000 lumen f\u00f6r j\u00e4mf\u00f6relse). Med s\u00e5 kallad &#8220;multioptik&#8221; ger LED rampen 6336 lumen i 25\u00b0 spridning och 12672 lumen i 10\u00b0 spridning vilket g\u00f6r att man f\u00e5r b\u00e5de l\u00e4ngd och bredd p\u00e5 ljuset. Lyser mycket och starkt med en blandning av h\u00f6gt, brett och l\u00e5ngt ljussken. F\u00f6rdelar:* 5,5 \u00e5rs funktionsgaranti* Stenskotts\u00e4kert glas &#8211; flexibel polykarbonatlins* Extra robust konstruktion &amp;ndash t\u00e5l b\u00e5de skakningar och vibrationer upp till 15,6 Grms* Helt fukts\u00e4kert lamphus &#8211; slipp problem med fukt.* Inbyggt EMC filter &#8211; st\u00f6r ej bilens elektroniska system* Aktiv temperaturkontroll med Prime Drive och ETM. F\u00f6r att kunna f\u00e5 ut den intensitet och ljusfl\u00f6de som Xmitter Prime innehar. Certifieringar och kvalitetstester:* E-m\u00e4rkt och godk\u00e4nd i besiktningen ECE R112 ref. 37.5* CE godk\u00e4nd, RoHS certifierad* Tryckvattentestad till IP68+IP69K* Skaktestad upp till 15,6 G rms* Temperaturtestad att den fungerar -40\u00b0C &#8211; +80\u00b0C.* EMC filter CISPR 25,5 (inget radiobrus m.m.) Data:E-m\u00e4rktLamphus: Robust aluminiumSp\u00e4nning: OBS! 12V endast f\u00f6r h\u00f6gsta EMC klassning, CISPR25.Str\u00f6mf\u00f6rbrukning: 15 Amp vid 12VIP-klass: IP68 + IP69KVibrationsklass: 15.6GArbetstemperatur: -40\u00b0C &#8211; +80\u00b0CH\u00f6jd: 75mm utan f\u00e4steDjup: 85mmBredd: 525mmLins: PolykarbonatWatt: 180LED: 36 st. x 5WR\u00e5a lumen: 19 008Effektiva lumen: 13 320Ljusbild: 25\u00b0 Flood (6 336 lumen) och 10\u00b0 Spot (12 672 lumen)Optik figuration: 25\u00b0\/10\u00b0\/10\u00b0\/10\u00b0\/10\u00b0\/25\u00b0","og_url":"https:\/\/www.visionxeurope.com\/se\/webbutik\/vision-x-xmitter-prime-xtreme-12v-21-180w-10-25-e-markt\/","og_site_name":"Vision X Europe","article_publisher":"https:\/\/www.facebook.com\/visionxeurope","article_modified_time":"2026-03-06T08:50:54+00:00","og_image":[{"width":450,"height":450,"url":"https:\/\/www.visionxeurope.com\/se\/wp-content\/uploads\/sites\/7\/2022\/04\/XIL-PX36M12.jpg","type":"image\/jpeg"}],"twitter_card":"summary_large_image","twitter_misc":{"Pris":"10 966,00&nbsp;&#107;&#114; exkl. moms","Tillg\u00e4nglig":"Slut i lager"},"schema":{"@context":"https:\/\/schema.org","@graph":[{"@type":"WebPage","@id":"https:\/\/www.visionxeurope.com\/se\/webbutik\/vision-x-xmitter-prime-xtreme-12v-21-180w-10-25-e-markt\/","url":"https:\/\/www.visionxeurope.com\/se\/webbutik\/vision-x-xmitter-prime-xtreme-12v-21-180w-10-25-e-markt\/","name":"VISION X XMITTER PRIME XTREME 12V 21\" 180W 10\u00b0\/25\u00b0 E-M\u00c4RKT - Vision X Europe","isPartOf":{"@id":"https:\/\/www.visionxeurope.com\/se\/#website"},"primaryImageOfPage":{"@id":"https:\/\/www.visionxeurope.com\/se\/webbutik\/vision-x-xmitter-prime-xtreme-12v-21-180w-10-25-e-markt\/#primaryimage"},"image":{"@id":"https:\/\/www.visionxeurope.com\/se\/webbutik\/vision-x-xmitter-prime-xtreme-12v-21-180w-10-25-e-markt\/#primaryimage"},"thumbnailUrl":"https:\/\/www.visionxeurope.com\/se\/wp-content\/uploads\/sites\/7\/2022\/04\/XIL-PX36M12.jpg","datePublished":"2014-12-08T09:15:53+00:00","dateModified":"2026-03-06T08:50:54+00:00","breadcrumb":{"@id":"https:\/\/www.visionxeurope.com\/se\/webbutik\/vision-x-xmitter-prime-xtreme-12v-21-180w-10-25-e-markt\/#breadcrumb"},"inLanguage":"sv-SE","potentialAction":[{"@type":"ReadAction","target":["https:\/\/www.visionxeurope.com\/se\/webbutik\/vision-x-xmitter-prime-xtreme-12v-21-180w-10-25-e-markt\/"]}]},{"@type":"ImageObject","inLanguage":"sv-SE","@id":"https:\/\/www.visionxeurope.com\/se\/webbutik\/vision-x-xmitter-prime-xtreme-12v-21-180w-10-25-e-markt\/#primaryimage","url":"https:\/\/www.visionxeurope.com\/se\/wp-content\/uploads\/sites\/7\/2022\/04\/XIL-PX36M12.jpg","contentUrl":"https:\/\/www.visionxeurope.com\/se\/wp-content\/uploads\/sites\/7\/2022\/04\/XIL-PX36M12.jpg","width":450,"height":450},{"@type":"BreadcrumbList","@id":"https:\/\/www.visionxeurope.com\/se\/webbutik\/vision-x-xmitter-prime-xtreme-12v-21-180w-10-25-e-markt\/#breadcrumb","itemListElement":[{"@type":"ListItem","position":1,"name":"Hem","item":"https:\/\/www.visionxeurope.com\/se\/"},{"@type":"ListItem","position":2,"name":"Webbutik","item":"https:\/\/www.visionxeurope.com\/se\/webbutik\/"},{"@type":"ListItem","position":3,"name":"VISION X XMITTER PRIME XTREME 12V 21&#8243; 180W 10\u00b0\/25\u00b0 E-M\u00c4RKT"}]},{"@type":"WebSite","@id":"https:\/\/www.visionxeurope.com\/se\/#website","url":"https:\/\/www.visionxeurope.com\/se\/","name":"Vision X Europe","description":"","publisher":{"@id":"https:\/\/www.visionxeurope.com\/se\/#organization"},"potentialAction":[{"@type":"SearchAction","target":{"@type":"EntryPoint","urlTemplate":"https:\/\/www.visionxeurope.com\/se\/?s={search_term_string}"},"query-input":{"@type":"PropertyValueSpecification","valueRequired":true,"valueName":"search_term_string"}}],"inLanguage":"sv-SE"},{"@type":"Organization","@id":"https:\/\/www.visionxeurope.com\/se\/#organization","name":"Vision X Europe","url":"https:\/\/www.visionxeurope.com\/se\/","logo":{"@type":"ImageObject","inLanguage":"sv-SE","@id":"https:\/\/www.visionxeurope.com\/se\/#\/schema\/logo\/image\/","url":"https:\/\/www.visionxeurope.com\/se\/wp-content\/uploads\/sites\/7\/2021\/04\/visionxeurope.png","contentUrl":"https:\/\/www.visionxeurope.com\/se\/wp-content\/uploads\/sites\/7\/2021\/04\/visionxeurope.png","width":300,"height":110,"caption":"Vision X Europe"},"image":{"@id":"https:\/\/www.visionxeurope.com\/se\/#\/schema\/logo\/image\/"},"sameAs":["https:\/\/www.facebook.com\/visionxeurope","https:\/\/www.instagram.com\/visionxeurope\/"]}]},"product_price_amount":"10966.00","product_price_currency":"SEK","og_availability":"out of stock","product_availability":"out of stock","product_retailer_item_id":"XIL-PX36M12","product_condition":"new"},"_links":{"self":[{"href":"https:\/\/www.visionxeurope.com\/se\/wp-json\/wp\/v2\/product\/13517","targetHints":{"allow":["GET"]}}],"collection":[{"href":"https:\/\/www.visionxeurope.com\/se\/wp-json\/wp\/v2\/product"}],"about":[{"href":"https:\/\/www.visionxeurope.com\/se\/wp-json\/wp\/v2\/types\/product"}],"replies":[{"embeddable":true,"href":"https:\/\/www.visionxeurope.com\/se\/wp-json\/wp\/v2\/comments?post=13517"}],"wp:featuredmedia":[{"embeddable":true,"href":"https:\/\/www.visionxeurope.com\/se\/wp-json\/wp\/v2\/media\/15176"}],"wp:attachment":[{"href":"https:\/\/www.visionxeurope.com\/se\/wp-json\/wp\/v2\/media?parent=13517"}],"wp:term":[{"taxonomy":"product_brand","embeddable":true,"href":"https:\/\/www.visionxeurope.com\/se\/wp-json\/wp\/v2\/product_brand?post=13517"},{"taxonomy":"product_cat","embeddable":true,"href":"https:\/\/www.visionxeurope.com\/se\/wp-json\/wp\/v2\/product_cat?post=13517"},{"taxonomy":"product_tag","embeddable":true,"href":"https:\/\/www.visionxeurope.com\/se\/wp-json\/wp\/v2\/product_tag?post=13517"}],"curies":[{"name":"wp","href":"https:\/\/api.w.org\/{rel}","templated":true}]}}