{"id":13478,"date":"2015-03-18T12:44:05","date_gmt":"2015-03-18T11:44:05","guid":{"rendered":"https:\/\/www.visionxeurope.com\/se\/produkt\/vision-x-optimus-halo-rund-kit-10w-15\/"},"modified":"2026-01-08T17:50:27","modified_gmt":"2026-01-08T16:50:27","slug":"vision-x-optimus-halo-rund-kit-10w-15","status":"publish","type":"product","link":"https:\/\/www.visionxeurope.com\/se\/webbutik\/vision-x-optimus-halo-rund-kit-10w-15\/","title":{"rendered":"VISION X OPTIMUS HALO RUND KIT 10W 15\u00b0"},"content":{"rendered":"<p><\/p>\n<p>Vision X Optimus har den nya reflektor tekniken kallad IRIS som f\u00f6rstorar diodens ljusstyrka flera g\u00e5nger om. Med tekniken f\u00e5r man ut 3-4 g\u00e5nger mer ljus \u00e4n tidigare!<\/p>\n<p><\/p>\n<p><\/p>\n<p>Haloringen g\u00f6r att du syns b\u00e4ttre \u00e4ven n\u00e4r extraljuset \u00e4r avst\u00e4ngt samt f\u00f6rh\u00f6jer utseendet p\u00e5 din ATV, bilen, b\u00e5ten, gr\u00e4vmaskinen, MC, gruvmaskinen, skogsmaskinen m.m.<\/p>\n<p><\/p>\n<p><\/p>\n<p>En mer prisv\u00e4rd LED lampa \u00e4r sv\u00e5rt att hitta i f\u00f6rh\u00e5llandevis till ljusfl\u00f6det. Se till att du ocks\u00e5 anv\u00e4nder den nya tekniken och maximerar ditt ljus! De sm\u00e5 m\u00e5tten i f\u00f6rh\u00e5llandevis till Optimus ljusstyrka \u00e4r enormt och ger m\u00e5nga anv\u00e4ndningsomr\u00e5den.<\/p>\n<p><\/p>\n<p><\/p>\n<p>R\u00e4ckvidden f\u00f6r Optimus med 15\u00b0 ljusbild \u00e4r \u00f6ver 200 meter. <br \/>Str\u00f6mf\u00f6rbrukningen \u00e4r s\u00e5 lite som 0.75 amp och med IP-68 klassning ger det l\u00e5ng livsl\u00e4ngd p\u00e5 lampan.<\/p>\n<p><\/p>\n<p><\/p>\n<p><strong>Data:<br \/><\/strong>Teknik: Prime Drive, IRIS<br \/>Lamphus: \u00e4r tillverkat i 6061 aluminium<br \/>Installation: Enkel installation med +\/- kabel <br \/>Sp\u00e4nning: 12-32 volt<br \/>Litet inbyggnadsm\u00e5tt.<br \/>T\u00e5l h\u00e5rda p\u00e5frestningar fr\u00e5n v\u00e4der och vind<br \/>Str\u00f6mf\u00f6rbrukning: 0.83 Amp vid 12 v.<br \/>Klassning vatten: IP68 (klarar 3 meters vattendjup)<br \/>Klassning vibrationer: 14 Grms <br \/>M\u00e5tt: HxBxD 95x95x96.5mm<br \/>Vikt: 0.62kg<br \/>Antal LED: 1 stycken 10 watt LED<br \/>R\u00e5a lumen: 1 052<br \/>Effektiva lumen: 736<br \/>Lins: Okrossbar polykarbonat<br \/>Reflektor: IRIS Reflektor teknik<br \/>Ljusbild: 15\u00b0<\/p>\n<p><\/p>\n<p><\/p>\n<p>Detta artikelnummer \u00e4r f\u00f6r tv\u00e5 stycken Optimus Halo Pods inklusive installations kablage och instruktioner.<br \/>Optimus Halo Pods s\u00e4ljs \u00e4ven styckvis.<strong> Art nr: XIL-OPRH115<\/strong><\/p>\n<p><\/p>","protected":false},"excerpt":{"rendered":"<p>Vision X Optimus har den nya reflektor tekniken kallad IRIS som f\u00f6rstorar diodens ljusstyrka flera g\u00e5nger om. Med tekniken f\u00e5r man ut 3-4 g\u00e5nger mer ljus \u00e4n tidigare!<\/p>\n<p>Haloringen g\u00f6r att du syns b\u00e4ttre \u00e4ven n\u00e4r extraljuset \u00e4r avst\u00e4ngt samt f\u00f6rh\u00f6jer utseendet p\u00e5 din ATV, bilen, b\u00e5ten, gr\u00e4vmaskinen, MC, gruvmaskinen, skogsmaskinen m.m.<\/p>\n<p>En mer prisv\u00e4rd LED lampa \u00e4r sv\u00e5rt att hitta i f\u00f6rh\u00e5llandevis till ljusfl\u00f6det. Se till att du ocks\u00e5 anv\u00e4nder den nya tekniken och maximerar ditt ljus! De sm\u00e5 m\u00e5tten i f\u00f6rh\u00e5llandevis till Optimus ljusstyrka \u00e4r enormt och ger m\u00e5nga anv\u00e4ndningsomr\u00e5den.<\/p>\n<p>R\u00e4ckvidden f\u00f6r Optimus med 15\u00b0 ljusbild \u00e4r \u00f6ver 200 meter. <br \/>Str\u00f6mf\u00f6rbrukningen \u00e4r s\u00e5 lite som 0.75 amp och med IP-68 klassning ger det l\u00e5ng livsl\u00e4ngd p\u00e5 lampan.<\/p>\n<p><strong>Data:<br \/><\/strong>Teknik: Prime Drive, IRIS<br \/>Lamphus: \u00e4r tillverkat i 6061 aluminium<br \/>Installation: Enkel installation med +\/- kabel <br \/>Sp\u00e4nning: 12-32 volt<br \/>Litet inbyggnadsm\u00e5tt.<br \/>T\u00e5l h\u00e5rda p\u00e5frestningar fr\u00e5n v\u00e4der och vind<br \/>Str\u00f6mf\u00f6rbrukning: 0.83 Amp vid 12 v.<br \/>Klassning vatten: IP68 (klarar 3 meters vattendjup)<br \/>Klassning vibrationer: 14 Grms <br \/>M\u00e5tt: HxBxD 95x95x96.5mm<br \/>Vikt: 0.62kg<br \/>Antal LED: 1 stycken 10 watt LED<br \/>R\u00e5a lumen: 1 052<br \/>Effektiva lumen: 736<br \/>Lins: Okrossbar polykarbonat<br \/>Reflektor: IRIS Reflektor teknik<br \/>Ljusbild: 15\u00b0<\/p>\n<p>Detta artikelnummer \u00e4r f\u00f6r tv\u00e5 stycken Optimus Halo Pods inklusive installations kablage och instruktioner.<br \/>Optimus Halo Pods s\u00e4ljs \u00e4ven styckvis.<strong> Art nr: XIL-OPRH115<\/strong><\/p>\n","protected":false},"featured_media":15065,"comment_status":"open","ping_status":"open","template":"","meta":{"editor_notices":[]},"product_brand":[],"product_cat":[246],"product_tag":[],"class_list":{"0":"post-13478","1":"product","2":"type-product","3":"status-publish","4":"has-post-thumbnail","6":"product_cat-optimus-extraljus","7":"resize-featured-image","8":"","9":"woocommerce-text-align-left","10":"woocommerce-image-align-center","12":"first","13":"outofstock","14":"taxable","15":"shipping-taxable","16":"product-type-simple"},"yoast_head":"<!-- This site is optimized with the Yoast SEO Premium plugin v25.0 (Yoast SEO v25.0) - https:\/\/yoast.com\/wordpress\/plugins\/seo\/ -->\n<title>VISION X OPTIMUS HALO RUND KIT 10W 15\u00b0 - Vision X Europe<\/title>\n<meta name=\"robots\" content=\"index, follow, max-snippet:-1, max-image-preview:large, max-video-preview:-1\" \/>\n<link rel=\"canonical\" href=\"https:\/\/www.visionxeurope.com\/se\/webbutik\/vision-x-optimus-halo-rund-kit-10w-15\/\" \/>\n<meta property=\"og:locale\" content=\"sv_SE\" \/>\n<meta property=\"og:type\" content=\"article\" \/>\n<meta property=\"og:title\" content=\"VISION X OPTIMUS HALO RUND KIT 10W 15\u00b0\" \/>\n<meta property=\"og:description\" content=\"Vision X Optimus har den nya reflektor tekniken kallad IRIS som f\u00f6rstorar diodens ljusstyrka flera g\u00e5nger om. Med tekniken f\u00e5r man ut 3-4 g\u00e5nger mer ljus \u00e4n tidigare! Haloringen g\u00f6r att du syns b\u00e4ttre \u00e4ven n\u00e4r extraljuset \u00e4r avst\u00e4ngt samt f\u00f6rh\u00f6jer utseendet p\u00e5 din ATV, bilen, b\u00e5ten, gr\u00e4vmaskinen, MC, gruvmaskinen, skogsmaskinen m.m. En mer prisv\u00e4rd LED lampa \u00e4r sv\u00e5rt att hitta i f\u00f6rh\u00e5llandevis till ljusfl\u00f6det. Se till att du ocks\u00e5 anv\u00e4nder den nya tekniken och maximerar ditt ljus! De sm\u00e5 m\u00e5tten i f\u00f6rh\u00e5llandevis till Optimus ljusstyrka \u00e4r enormt och ger m\u00e5nga anv\u00e4ndningsomr\u00e5den. R\u00e4ckvidden f\u00f6r Optimus med 15\u00b0 ljusbild \u00e4r \u00f6ver 200 meter. Str\u00f6mf\u00f6rbrukningen \u00e4r s\u00e5 lite som 0.75 amp och med IP-68 klassning ger det l\u00e5ng livsl\u00e4ngd p\u00e5 lampan. Data:Teknik: Prime Drive, IRISLamphus: \u00e4r tillverkat i 6061 aluminiumInstallation: Enkel installation med +\/- kabel Sp\u00e4nning: 12-32 voltLitet inbyggnadsm\u00e5tt.T\u00e5l h\u00e5rda p\u00e5frestningar fr\u00e5n v\u00e4der och vindStr\u00f6mf\u00f6rbrukning: 0.83 Amp vid 12 v.Klassning vatten: IP68 (klarar 3 meters vattendjup)Klassning vibrationer: 14 Grms M\u00e5tt: HxBxD 95x95x96.5mmVikt: 0.62kgAntal LED: 1 stycken 10 watt LEDR\u00e5a lumen: 1 052Effektiva lumen: 736Lins: Okrossbar polykarbonatReflektor: IRIS Reflektor teknikLjusbild: 15\u00b0 Detta artikelnummer \u00e4r f\u00f6r tv\u00e5 stycken Optimus Halo Pods inklusive installations kablage och instruktioner.Optimus Halo Pods s\u00e4ljs \u00e4ven styckvis. Art nr: XIL-OPRH115\" \/>\n<meta property=\"og:url\" content=\"https:\/\/www.visionxeurope.com\/se\/webbutik\/vision-x-optimus-halo-rund-kit-10w-15\/\" \/>\n<meta property=\"og:site_name\" content=\"Vision X Europe\" \/>\n<meta property=\"article:publisher\" content=\"https:\/\/www.facebook.com\/visionxeurope\" \/>\n<meta property=\"article:modified_time\" content=\"2026-01-08T16:50:27+00:00\" \/>\n<meta property=\"og:image\" content=\"https:\/\/www.rindab.se\/wp-content\/uploads\/sites\/7\/2022\/04\/XIL-OPRH115KIT.jpg\" \/>\n\t<meta property=\"og:image:width\" content=\"450\" \/>\n\t<meta property=\"og:image:height\" content=\"450\" \/>\n\t<meta property=\"og:image:type\" content=\"image\/jpeg\" \/>\n<meta name=\"twitter:card\" content=\"summary_large_image\" \/>\n<meta name=\"twitter:label1\" content=\"Pris\" \/>\n\t<meta name=\"twitter:data1\" content=\"3 072,00&nbsp;&#107;&#114; exkl. moms\" \/>\n\t<meta name=\"twitter:label2\" content=\"Tillg\u00e4nglig\" \/>\n\t<meta name=\"twitter:data2\" content=\"Slut i lager\" \/>\n<script type=\"application\/ld+json\" class=\"yoast-schema-graph\">{\"@context\":\"https:\/\/schema.org\",\"@graph\":[{\"@type\":\"WebPage\",\"@id\":\"https:\/\/www.visionxeurope.com\/se\/webbutik\/vision-x-optimus-halo-rund-kit-10w-15\/\",\"url\":\"https:\/\/www.visionxeurope.com\/se\/webbutik\/vision-x-optimus-halo-rund-kit-10w-15\/\",\"name\":\"VISION X OPTIMUS HALO RUND KIT 10W 15\u00b0 - Vision X Europe\",\"isPartOf\":{\"@id\":\"https:\/\/www.visionxeurope.com\/se\/#website\"},\"primaryImageOfPage\":{\"@id\":\"https:\/\/www.visionxeurope.com\/se\/webbutik\/vision-x-optimus-halo-rund-kit-10w-15\/#primaryimage\"},\"image\":{\"@id\":\"https:\/\/www.visionxeurope.com\/se\/webbutik\/vision-x-optimus-halo-rund-kit-10w-15\/#primaryimage\"},\"thumbnailUrl\":\"https:\/\/www.visionxeurope.com\/se\/wp-content\/uploads\/sites\/7\/2022\/04\/XIL-OPRH115KIT.jpg\",\"datePublished\":\"2015-03-18T11:44:05+00:00\",\"dateModified\":\"2026-01-08T16:50:27+00:00\",\"breadcrumb\":{\"@id\":\"https:\/\/www.visionxeurope.com\/se\/webbutik\/vision-x-optimus-halo-rund-kit-10w-15\/#breadcrumb\"},\"inLanguage\":\"sv-SE\",\"potentialAction\":[{\"@type\":\"ReadAction\",\"target\":[\"https:\/\/www.visionxeurope.com\/se\/webbutik\/vision-x-optimus-halo-rund-kit-10w-15\/\"]}]},{\"@type\":\"ImageObject\",\"inLanguage\":\"sv-SE\",\"@id\":\"https:\/\/www.visionxeurope.com\/se\/webbutik\/vision-x-optimus-halo-rund-kit-10w-15\/#primaryimage\",\"url\":\"https:\/\/www.visionxeurope.com\/se\/wp-content\/uploads\/sites\/7\/2022\/04\/XIL-OPRH115KIT.jpg\",\"contentUrl\":\"https:\/\/www.visionxeurope.com\/se\/wp-content\/uploads\/sites\/7\/2022\/04\/XIL-OPRH115KIT.jpg\",\"width\":450,\"height\":450},{\"@type\":\"BreadcrumbList\",\"@id\":\"https:\/\/www.visionxeurope.com\/se\/webbutik\/vision-x-optimus-halo-rund-kit-10w-15\/#breadcrumb\",\"itemListElement\":[{\"@type\":\"ListItem\",\"position\":1,\"name\":\"Hem\",\"item\":\"https:\/\/www.visionxeurope.com\/se\/\"},{\"@type\":\"ListItem\",\"position\":2,\"name\":\"Webbutik\",\"item\":\"https:\/\/www.visionxeurope.com\/se\/webbutik\/\"},{\"@type\":\"ListItem\",\"position\":3,\"name\":\"VISION X OPTIMUS HALO RUND KIT 10W 15\u00b0\"}]},{\"@type\":\"WebSite\",\"@id\":\"https:\/\/www.visionxeurope.com\/se\/#website\",\"url\":\"https:\/\/www.visionxeurope.com\/se\/\",\"name\":\"Vision X Europe\",\"description\":\"\",\"publisher\":{\"@id\":\"https:\/\/www.visionxeurope.com\/se\/#organization\"},\"potentialAction\":[{\"@type\":\"SearchAction\",\"target\":{\"@type\":\"EntryPoint\",\"urlTemplate\":\"https:\/\/www.visionxeurope.com\/se\/?s={search_term_string}\"},\"query-input\":{\"@type\":\"PropertyValueSpecification\",\"valueRequired\":true,\"valueName\":\"search_term_string\"}}],\"inLanguage\":\"sv-SE\"},{\"@type\":\"Organization\",\"@id\":\"https:\/\/www.visionxeurope.com\/se\/#organization\",\"name\":\"Vision X Europe\",\"url\":\"https:\/\/www.visionxeurope.com\/se\/\",\"logo\":{\"@type\":\"ImageObject\",\"inLanguage\":\"sv-SE\",\"@id\":\"https:\/\/www.visionxeurope.com\/se\/#\/schema\/logo\/image\/\",\"url\":\"https:\/\/www.visionxeurope.com\/se\/wp-content\/uploads\/sites\/7\/2021\/04\/visionxeurope.png\",\"contentUrl\":\"https:\/\/www.visionxeurope.com\/se\/wp-content\/uploads\/sites\/7\/2021\/04\/visionxeurope.png\",\"width\":300,\"height\":110,\"caption\":\"Vision X Europe\"},\"image\":{\"@id\":\"https:\/\/www.visionxeurope.com\/se\/#\/schema\/logo\/image\/\"},\"sameAs\":[\"https:\/\/www.facebook.com\/visionxeurope\",\"https:\/\/www.instagram.com\/visionxeurope\/\"]}]}<\/script>\n<meta property=\"product:price:amount\" content=\"3072.00\" \/>\n<meta property=\"product:price:currency\" content=\"SEK\" \/>\n<meta property=\"og:availability\" content=\"out of stock\" \/>\n<meta property=\"product:availability\" content=\"out of stock\" \/>\n<meta property=\"product:retailer_item_id\" content=\"XIL-OPRH115KIT\" \/>\n<meta property=\"product:condition\" content=\"new\" \/>\n<!-- \/ Yoast SEO Premium plugin. -->","yoast_head_json":{"title":"VISION X OPTIMUS HALO RUND KIT 10W 15\u00b0 - Vision X Europe","robots":{"index":"index","follow":"follow","max-snippet":"max-snippet:-1","max-image-preview":"max-image-preview:large","max-video-preview":"max-video-preview:-1"},"canonical":"https:\/\/www.visionxeurope.com\/se\/webbutik\/vision-x-optimus-halo-rund-kit-10w-15\/","og_locale":"sv_SE","og_type":"article","og_title":"VISION X OPTIMUS HALO RUND KIT 10W 15\u00b0","og_description":"Vision X Optimus har den nya reflektor tekniken kallad IRIS som f\u00f6rstorar diodens ljusstyrka flera g\u00e5nger om. Med tekniken f\u00e5r man ut 3-4 g\u00e5nger mer ljus \u00e4n tidigare! Haloringen g\u00f6r att du syns b\u00e4ttre \u00e4ven n\u00e4r extraljuset \u00e4r avst\u00e4ngt samt f\u00f6rh\u00f6jer utseendet p\u00e5 din ATV, bilen, b\u00e5ten, gr\u00e4vmaskinen, MC, gruvmaskinen, skogsmaskinen m.m. En mer prisv\u00e4rd LED lampa \u00e4r sv\u00e5rt att hitta i f\u00f6rh\u00e5llandevis till ljusfl\u00f6det. Se till att du ocks\u00e5 anv\u00e4nder den nya tekniken och maximerar ditt ljus! De sm\u00e5 m\u00e5tten i f\u00f6rh\u00e5llandevis till Optimus ljusstyrka \u00e4r enormt och ger m\u00e5nga anv\u00e4ndningsomr\u00e5den. R\u00e4ckvidden f\u00f6r Optimus med 15\u00b0 ljusbild \u00e4r \u00f6ver 200 meter. Str\u00f6mf\u00f6rbrukningen \u00e4r s\u00e5 lite som 0.75 amp och med IP-68 klassning ger det l\u00e5ng livsl\u00e4ngd p\u00e5 lampan. Data:Teknik: Prime Drive, IRISLamphus: \u00e4r tillverkat i 6061 aluminiumInstallation: Enkel installation med +\/- kabel Sp\u00e4nning: 12-32 voltLitet inbyggnadsm\u00e5tt.T\u00e5l h\u00e5rda p\u00e5frestningar fr\u00e5n v\u00e4der och vindStr\u00f6mf\u00f6rbrukning: 0.83 Amp vid 12 v.Klassning vatten: IP68 (klarar 3 meters vattendjup)Klassning vibrationer: 14 Grms M\u00e5tt: HxBxD 95x95x96.5mmVikt: 0.62kgAntal LED: 1 stycken 10 watt LEDR\u00e5a lumen: 1 052Effektiva lumen: 736Lins: Okrossbar polykarbonatReflektor: IRIS Reflektor teknikLjusbild: 15\u00b0 Detta artikelnummer \u00e4r f\u00f6r tv\u00e5 stycken Optimus Halo Pods inklusive installations kablage och instruktioner.Optimus Halo Pods s\u00e4ljs \u00e4ven styckvis. Art nr: XIL-OPRH115","og_url":"https:\/\/www.visionxeurope.com\/se\/webbutik\/vision-x-optimus-halo-rund-kit-10w-15\/","og_site_name":"Vision X Europe","article_publisher":"https:\/\/www.facebook.com\/visionxeurope","article_modified_time":"2026-01-08T16:50:27+00:00","og_image":[{"width":450,"height":450,"url":"https:\/\/www.rindab.se\/wp-content\/uploads\/sites\/7\/2022\/04\/XIL-OPRH115KIT.jpg","type":"image\/jpeg"}],"twitter_card":"summary_large_image","twitter_misc":{"Pris":"3 072,00&nbsp;&#107;&#114; exkl. moms","Tillg\u00e4nglig":"Slut i lager"},"schema":{"@context":"https:\/\/schema.org","@graph":[{"@type":"WebPage","@id":"https:\/\/www.visionxeurope.com\/se\/webbutik\/vision-x-optimus-halo-rund-kit-10w-15\/","url":"https:\/\/www.visionxeurope.com\/se\/webbutik\/vision-x-optimus-halo-rund-kit-10w-15\/","name":"VISION X OPTIMUS HALO RUND KIT 10W 15\u00b0 - Vision X Europe","isPartOf":{"@id":"https:\/\/www.visionxeurope.com\/se\/#website"},"primaryImageOfPage":{"@id":"https:\/\/www.visionxeurope.com\/se\/webbutik\/vision-x-optimus-halo-rund-kit-10w-15\/#primaryimage"},"image":{"@id":"https:\/\/www.visionxeurope.com\/se\/webbutik\/vision-x-optimus-halo-rund-kit-10w-15\/#primaryimage"},"thumbnailUrl":"https:\/\/www.visionxeurope.com\/se\/wp-content\/uploads\/sites\/7\/2022\/04\/XIL-OPRH115KIT.jpg","datePublished":"2015-03-18T11:44:05+00:00","dateModified":"2026-01-08T16:50:27+00:00","breadcrumb":{"@id":"https:\/\/www.visionxeurope.com\/se\/webbutik\/vision-x-optimus-halo-rund-kit-10w-15\/#breadcrumb"},"inLanguage":"sv-SE","potentialAction":[{"@type":"ReadAction","target":["https:\/\/www.visionxeurope.com\/se\/webbutik\/vision-x-optimus-halo-rund-kit-10w-15\/"]}]},{"@type":"ImageObject","inLanguage":"sv-SE","@id":"https:\/\/www.visionxeurope.com\/se\/webbutik\/vision-x-optimus-halo-rund-kit-10w-15\/#primaryimage","url":"https:\/\/www.visionxeurope.com\/se\/wp-content\/uploads\/sites\/7\/2022\/04\/XIL-OPRH115KIT.jpg","contentUrl":"https:\/\/www.visionxeurope.com\/se\/wp-content\/uploads\/sites\/7\/2022\/04\/XIL-OPRH115KIT.jpg","width":450,"height":450},{"@type":"BreadcrumbList","@id":"https:\/\/www.visionxeurope.com\/se\/webbutik\/vision-x-optimus-halo-rund-kit-10w-15\/#breadcrumb","itemListElement":[{"@type":"ListItem","position":1,"name":"Hem","item":"https:\/\/www.visionxeurope.com\/se\/"},{"@type":"ListItem","position":2,"name":"Webbutik","item":"https:\/\/www.visionxeurope.com\/se\/webbutik\/"},{"@type":"ListItem","position":3,"name":"VISION X OPTIMUS HALO RUND KIT 10W 15\u00b0"}]},{"@type":"WebSite","@id":"https:\/\/www.visionxeurope.com\/se\/#website","url":"https:\/\/www.visionxeurope.com\/se\/","name":"Vision X Europe","description":"","publisher":{"@id":"https:\/\/www.visionxeurope.com\/se\/#organization"},"potentialAction":[{"@type":"SearchAction","target":{"@type":"EntryPoint","urlTemplate":"https:\/\/www.visionxeurope.com\/se\/?s={search_term_string}"},"query-input":{"@type":"PropertyValueSpecification","valueRequired":true,"valueName":"search_term_string"}}],"inLanguage":"sv-SE"},{"@type":"Organization","@id":"https:\/\/www.visionxeurope.com\/se\/#organization","name":"Vision X Europe","url":"https:\/\/www.visionxeurope.com\/se\/","logo":{"@type":"ImageObject","inLanguage":"sv-SE","@id":"https:\/\/www.visionxeurope.com\/se\/#\/schema\/logo\/image\/","url":"https:\/\/www.visionxeurope.com\/se\/wp-content\/uploads\/sites\/7\/2021\/04\/visionxeurope.png","contentUrl":"https:\/\/www.visionxeurope.com\/se\/wp-content\/uploads\/sites\/7\/2021\/04\/visionxeurope.png","width":300,"height":110,"caption":"Vision X Europe"},"image":{"@id":"https:\/\/www.visionxeurope.com\/se\/#\/schema\/logo\/image\/"},"sameAs":["https:\/\/www.facebook.com\/visionxeurope","https:\/\/www.instagram.com\/visionxeurope\/"]}]},"product_price_amount":"3072.00","product_price_currency":"SEK","og_availability":"out of stock","product_availability":"out of stock","product_retailer_item_id":"XIL-OPRH115KIT","product_condition":"new"},"_links":{"self":[{"href":"https:\/\/www.visionxeurope.com\/se\/wp-json\/wp\/v2\/product\/13478","targetHints":{"allow":["GET"]}}],"collection":[{"href":"https:\/\/www.visionxeurope.com\/se\/wp-json\/wp\/v2\/product"}],"about":[{"href":"https:\/\/www.visionxeurope.com\/se\/wp-json\/wp\/v2\/types\/product"}],"replies":[{"embeddable":true,"href":"https:\/\/www.visionxeurope.com\/se\/wp-json\/wp\/v2\/comments?post=13478"}],"wp:featuredmedia":[{"embeddable":true,"href":"https:\/\/www.visionxeurope.com\/se\/wp-json\/wp\/v2\/media\/15065"}],"wp:attachment":[{"href":"https:\/\/www.visionxeurope.com\/se\/wp-json\/wp\/v2\/media?parent=13478"}],"wp:term":[{"taxonomy":"product_brand","embeddable":true,"href":"https:\/\/www.visionxeurope.com\/se\/wp-json\/wp\/v2\/product_brand?post=13478"},{"taxonomy":"product_cat","embeddable":true,"href":"https:\/\/www.visionxeurope.com\/se\/wp-json\/wp\/v2\/product_cat?post=13478"},{"taxonomy":"product_tag","embeddable":true,"href":"https:\/\/www.visionxeurope.com\/se\/wp-json\/wp\/v2\/product_tag?post=13478"}],"curies":[{"name":"wp","href":"https:\/\/api.w.org\/{rel}","templated":true}]}}