{"id":13455,"date":"2014-04-23T09:56:27","date_gmt":"2014-04-23T07:56:27","guid":{"rendered":"https:\/\/www.visionxeurope.com\/se\/produkt\/vision-x-optimus-single-vit-10w-10\/"},"modified":"2025-12-08T23:19:47","modified_gmt":"2025-12-08T22:19:47","slug":"vision-x-optimus-single-vit-10w-10","status":"publish","type":"product","link":"https:\/\/www.visionxeurope.com\/se\/webbutik\/vision-x-optimus-single-vit-10w-10\/","title":{"rendered":"VISION X OPTIMUS SINGLE VIT 10W 10\u00b0"},"content":{"rendered":"<p><\/p>\n<p>Vision X Optimus har den nya reflektor tekniken kallad IRIS som f\u00f6rstorar diodens ljusstyrka flera g\u00e5nger om. Med tekniken f\u00e5r man ut 3-4 g\u00e5nger mer ljus \u00e4n tidigare!<\/p>\n<p><\/p>\n<p><\/p>\n<p>En mer prisv\u00e4rd&nbsp;LED&nbsp;lampa \u00e4r sv\u00e5rt att hitta i f\u00f6rh\u00e5llandevis till ljusfl\u00f6det. Se till att du ocks\u00e5 anv\u00e4nder den nya tekniken och maximerar ditt ljus! De sm\u00e5 m\u00e5tten i f\u00f6rh\u00e5llandevis till Optimus ljusstyrka \u00e4r enormt och ger m\u00e5nga anv\u00e4ndningsomr\u00e5den.<\/p>\n<p><\/p>\n<p><\/p>\n<p><strong>Data:<\/strong><br \/>Teknik: Prime Drive, IRIS<br \/>Lamphus: \u00e4r tillverkat i 6061 aluminium<br \/>Installation: Enkel installation med +\/- kabel&nbsp;<br \/>Sp\u00e4nning: 12-32 volt<br \/>Litet inbyggnadsm\u00e5tt.<br \/>T\u00e5l h\u00e5rda p\u00e5frestningar fr\u00e5n v\u00e4der och vind<br \/>Str\u00f6mf\u00f6rbrukning: 0.83 Amp vid 12 v.<br \/>Klassning vatten: IP68 (klarar 3 meters vattendjup)<br \/>Klassning vibrationer: 14 Grms&nbsp;<br \/>M\u00e5tt: HxBxD 79.8x76x96.5mm<br \/>Vikt: 0.62kg<br \/>Antal LED: 1 stycken 10 watt LED<br \/>R\u00e5a lumen: 1 052<br \/>Effektiva lumen: 736<br \/>Lins: Okrossbar polycarbonat<br \/>Reflektor: IRIS Reflektor teknik<br \/>Ljusbild: 10\u00b0 Spot (Finns \u00e4ven i 20\u00b0, 60\u00b0)<\/p>\n<p><\/p>","protected":false},"excerpt":{"rendered":"<p>Vision X Optimus har den nya reflektor tekniken kallad IRIS som f\u00f6rstorar diodens ljusstyrka flera g\u00e5nger om. Med tekniken f\u00e5r man ut 3-4 g\u00e5nger mer ljus \u00e4n tidigare!<\/p>\n<p>En mer prisv\u00e4rd&nbsp;LED&nbsp;lampa \u00e4r sv\u00e5rt att hitta i f\u00f6rh\u00e5llandevis till ljusfl\u00f6det. Se till att du ocks\u00e5 anv\u00e4nder den nya tekniken och maximerar ditt ljus! De sm\u00e5 m\u00e5tten i f\u00f6rh\u00e5llandevis till Optimus ljusstyrka \u00e4r enormt och ger m\u00e5nga anv\u00e4ndningsomr\u00e5den.<\/p>\n<p><strong>Data:<\/strong><br \/>Teknik: Prime Drive, IRIS<br \/>Lamphus: \u00e4r tillverkat i 6061 aluminium<br \/>Installation: Enkel installation med +\/- kabel&nbsp;<br \/>Sp\u00e4nning: 12-32 volt<br \/>Litet inbyggnadsm\u00e5tt.<br \/>T\u00e5l h\u00e5rda p\u00e5frestningar fr\u00e5n v\u00e4der och vind<br \/>Str\u00f6mf\u00f6rbrukning: 0.83 Amp vid 12 v.<br \/>Klassning vatten: IP68 (klarar 3 meters vattendjup)<br \/>Klassning vibrationer: 14 Grms&nbsp;<br \/>M\u00e5tt: HxBxD 79.8x76x96.5mm<br \/>Vikt: 0.62kg<br \/>Antal LED: 1 stycken 10 watt LED<br \/>R\u00e5a lumen: 1 052<br \/>Effektiva lumen: 736<br \/>Lins: Okrossbar polycarbonat<br \/>Reflektor: IRIS Reflektor teknik<br \/>Ljusbild: 10\u00b0 Spot (Finns \u00e4ven i 20\u00b0, 60\u00b0)<\/p>\n","protected":false},"featured_media":15014,"comment_status":"open","ping_status":"open","template":"","meta":{"editor_notices":[]},"product_brand":[],"product_cat":[246],"product_tag":[],"class_list":{"0":"post-13455","1":"product","2":"type-product","3":"status-publish","4":"has-post-thumbnail","6":"product_cat-optimus-extraljus","7":"resize-featured-image","8":"","9":"woocommerce-text-align-left","10":"woocommerce-image-align-center","12":"first","13":"instock","14":"taxable","15":"shipping-taxable","16":"product-type-simple"},"yoast_head":"<!-- This site is optimized with the Yoast SEO Premium plugin v25.0 (Yoast SEO v25.0) - https:\/\/yoast.com\/wordpress\/plugins\/seo\/ -->\n<title>VISION X OPTIMUS SINGLE VIT 10W 10\u00b0 - Vision X Europe<\/title>\n<meta name=\"robots\" content=\"index, follow, max-snippet:-1, max-image-preview:large, max-video-preview:-1\" \/>\n<link rel=\"canonical\" href=\"https:\/\/www.visionxeurope.com\/se\/webbutik\/vision-x-optimus-single-vit-10w-10\/\" \/>\n<meta property=\"og:locale\" content=\"sv_SE\" \/>\n<meta property=\"og:type\" content=\"article\" \/>\n<meta property=\"og:title\" content=\"VISION X OPTIMUS SINGLE VIT 10W 10\u00b0\" \/>\n<meta property=\"og:description\" content=\"Vision X Optimus har den nya reflektor tekniken kallad IRIS som f\u00f6rstorar diodens ljusstyrka flera g\u00e5nger om. Med tekniken f\u00e5r man ut 3-4 g\u00e5nger mer ljus \u00e4n tidigare! En mer prisv\u00e4rd&nbsp;LED&nbsp;lampa \u00e4r sv\u00e5rt att hitta i f\u00f6rh\u00e5llandevis till ljusfl\u00f6det. Se till att du ocks\u00e5 anv\u00e4nder den nya tekniken och maximerar ditt ljus! De sm\u00e5 m\u00e5tten i f\u00f6rh\u00e5llandevis till Optimus ljusstyrka \u00e4r enormt och ger m\u00e5nga anv\u00e4ndningsomr\u00e5den. Data:Teknik: Prime Drive, IRISLamphus: \u00e4r tillverkat i 6061 aluminiumInstallation: Enkel installation med +\/- kabel&nbsp;Sp\u00e4nning: 12-32 voltLitet inbyggnadsm\u00e5tt.T\u00e5l h\u00e5rda p\u00e5frestningar fr\u00e5n v\u00e4der och vindStr\u00f6mf\u00f6rbrukning: 0.83 Amp vid 12 v.Klassning vatten: IP68 (klarar 3 meters vattendjup)Klassning vibrationer: 14 Grms&nbsp;M\u00e5tt: HxBxD 79.8x76x96.5mmVikt: 0.62kgAntal LED: 1 stycken 10 watt LEDR\u00e5a lumen: 1 052Effektiva lumen: 736Lins: Okrossbar polycarbonatReflektor: IRIS Reflektor teknikLjusbild: 10\u00b0 Spot (Finns \u00e4ven i 20\u00b0, 60\u00b0)\" \/>\n<meta property=\"og:url\" content=\"https:\/\/www.visionxeurope.com\/se\/webbutik\/vision-x-optimus-single-vit-10w-10\/\" \/>\n<meta property=\"og:site_name\" content=\"Vision X Europe\" \/>\n<meta property=\"article:publisher\" content=\"https:\/\/www.facebook.com\/visionxeurope\" \/>\n<meta property=\"article:modified_time\" content=\"2025-12-08T22:19:47+00:00\" \/>\n<meta property=\"og:image\" content=\"https:\/\/www.rindab.se\/wp-content\/uploads\/sites\/7\/2022\/04\/XIL-OP110W.jpg\" \/>\n\t<meta property=\"og:image:width\" content=\"600\" \/>\n\t<meta property=\"og:image:height\" content=\"600\" \/>\n\t<meta property=\"og:image:type\" content=\"image\/jpeg\" \/>\n<meta name=\"twitter:card\" content=\"summary_large_image\" \/>\n<meta name=\"twitter:label1\" content=\"Pris\" \/>\n\t<meta name=\"twitter:data1\" content=\"1 196,00&nbsp;&#107;&#114; exkl. moms\" \/>\n\t<meta name=\"twitter:label2\" content=\"Tillg\u00e4nglig\" \/>\n\t<meta name=\"twitter:data2\" content=\"I lager\" \/>\n<script type=\"application\/ld+json\" class=\"yoast-schema-graph\">{\"@context\":\"https:\/\/schema.org\",\"@graph\":[{\"@type\":\"WebPage\",\"@id\":\"https:\/\/www.visionxeurope.com\/se\/webbutik\/vision-x-optimus-single-vit-10w-10\/\",\"url\":\"https:\/\/www.visionxeurope.com\/se\/webbutik\/vision-x-optimus-single-vit-10w-10\/\",\"name\":\"VISION X OPTIMUS SINGLE VIT 10W 10\u00b0 - Vision X Europe\",\"isPartOf\":{\"@id\":\"https:\/\/www.visionxeurope.com\/se\/#website\"},\"primaryImageOfPage\":{\"@id\":\"https:\/\/www.visionxeurope.com\/se\/webbutik\/vision-x-optimus-single-vit-10w-10\/#primaryimage\"},\"image\":{\"@id\":\"https:\/\/www.visionxeurope.com\/se\/webbutik\/vision-x-optimus-single-vit-10w-10\/#primaryimage\"},\"thumbnailUrl\":\"https:\/\/www.visionxeurope.com\/se\/wp-content\/uploads\/sites\/7\/2022\/04\/XIL-OP110W.jpg\",\"datePublished\":\"2014-04-23T07:56:27+00:00\",\"dateModified\":\"2025-12-08T22:19:47+00:00\",\"breadcrumb\":{\"@id\":\"https:\/\/www.visionxeurope.com\/se\/webbutik\/vision-x-optimus-single-vit-10w-10\/#breadcrumb\"},\"inLanguage\":\"sv-SE\",\"potentialAction\":[{\"@type\":\"ReadAction\",\"target\":[\"https:\/\/www.visionxeurope.com\/se\/webbutik\/vision-x-optimus-single-vit-10w-10\/\"]}]},{\"@type\":\"ImageObject\",\"inLanguage\":\"sv-SE\",\"@id\":\"https:\/\/www.visionxeurope.com\/se\/webbutik\/vision-x-optimus-single-vit-10w-10\/#primaryimage\",\"url\":\"https:\/\/www.visionxeurope.com\/se\/wp-content\/uploads\/sites\/7\/2022\/04\/XIL-OP110W.jpg\",\"contentUrl\":\"https:\/\/www.visionxeurope.com\/se\/wp-content\/uploads\/sites\/7\/2022\/04\/XIL-OP110W.jpg\",\"width\":600,\"height\":600},{\"@type\":\"BreadcrumbList\",\"@id\":\"https:\/\/www.visionxeurope.com\/se\/webbutik\/vision-x-optimus-single-vit-10w-10\/#breadcrumb\",\"itemListElement\":[{\"@type\":\"ListItem\",\"position\":1,\"name\":\"Hem\",\"item\":\"https:\/\/www.visionxeurope.com\/se\/\"},{\"@type\":\"ListItem\",\"position\":2,\"name\":\"Webbutik\",\"item\":\"https:\/\/www.visionxeurope.com\/se\/webbutik\/\"},{\"@type\":\"ListItem\",\"position\":3,\"name\":\"VISION X OPTIMUS SINGLE VIT 10W 10\u00b0\"}]},{\"@type\":\"WebSite\",\"@id\":\"https:\/\/www.visionxeurope.com\/se\/#website\",\"url\":\"https:\/\/www.visionxeurope.com\/se\/\",\"name\":\"Vision X Europe\",\"description\":\"\",\"publisher\":{\"@id\":\"https:\/\/www.visionxeurope.com\/se\/#organization\"},\"potentialAction\":[{\"@type\":\"SearchAction\",\"target\":{\"@type\":\"EntryPoint\",\"urlTemplate\":\"https:\/\/www.visionxeurope.com\/se\/?s={search_term_string}\"},\"query-input\":{\"@type\":\"PropertyValueSpecification\",\"valueRequired\":true,\"valueName\":\"search_term_string\"}}],\"inLanguage\":\"sv-SE\"},{\"@type\":\"Organization\",\"@id\":\"https:\/\/www.visionxeurope.com\/se\/#organization\",\"name\":\"Vision X Europe\",\"url\":\"https:\/\/www.visionxeurope.com\/se\/\",\"logo\":{\"@type\":\"ImageObject\",\"inLanguage\":\"sv-SE\",\"@id\":\"https:\/\/www.visionxeurope.com\/se\/#\/schema\/logo\/image\/\",\"url\":\"https:\/\/www.visionxeurope.com\/se\/wp-content\/uploads\/sites\/7\/2021\/04\/visionxeurope.png\",\"contentUrl\":\"https:\/\/www.visionxeurope.com\/se\/wp-content\/uploads\/sites\/7\/2021\/04\/visionxeurope.png\",\"width\":300,\"height\":110,\"caption\":\"Vision X Europe\"},\"image\":{\"@id\":\"https:\/\/www.visionxeurope.com\/se\/#\/schema\/logo\/image\/\"},\"sameAs\":[\"https:\/\/www.facebook.com\/visionxeurope\",\"https:\/\/www.instagram.com\/visionxeurope\/\"]}]}<\/script>\n<meta property=\"product:price:amount\" content=\"1196.00\" \/>\n<meta property=\"product:price:currency\" content=\"SEK\" \/>\n<meta property=\"og:availability\" content=\"instock\" \/>\n<meta property=\"product:availability\" content=\"instock\" \/>\n<meta property=\"product:retailer_item_id\" content=\"XIL-OP110W\" \/>\n<meta property=\"product:condition\" content=\"new\" \/>\n<!-- \/ Yoast SEO Premium plugin. -->","yoast_head_json":{"title":"VISION X OPTIMUS SINGLE VIT 10W 10\u00b0 - Vision X Europe","robots":{"index":"index","follow":"follow","max-snippet":"max-snippet:-1","max-image-preview":"max-image-preview:large","max-video-preview":"max-video-preview:-1"},"canonical":"https:\/\/www.visionxeurope.com\/se\/webbutik\/vision-x-optimus-single-vit-10w-10\/","og_locale":"sv_SE","og_type":"article","og_title":"VISION X OPTIMUS SINGLE VIT 10W 10\u00b0","og_description":"Vision X Optimus har den nya reflektor tekniken kallad IRIS som f\u00f6rstorar diodens ljusstyrka flera g\u00e5nger om. Med tekniken f\u00e5r man ut 3-4 g\u00e5nger mer ljus \u00e4n tidigare! En mer prisv\u00e4rd&nbsp;LED&nbsp;lampa \u00e4r sv\u00e5rt att hitta i f\u00f6rh\u00e5llandevis till ljusfl\u00f6det. Se till att du ocks\u00e5 anv\u00e4nder den nya tekniken och maximerar ditt ljus! De sm\u00e5 m\u00e5tten i f\u00f6rh\u00e5llandevis till Optimus ljusstyrka \u00e4r enormt och ger m\u00e5nga anv\u00e4ndningsomr\u00e5den. Data:Teknik: Prime Drive, IRISLamphus: \u00e4r tillverkat i 6061 aluminiumInstallation: Enkel installation med +\/- kabel&nbsp;Sp\u00e4nning: 12-32 voltLitet inbyggnadsm\u00e5tt.T\u00e5l h\u00e5rda p\u00e5frestningar fr\u00e5n v\u00e4der och vindStr\u00f6mf\u00f6rbrukning: 0.83 Amp vid 12 v.Klassning vatten: IP68 (klarar 3 meters vattendjup)Klassning vibrationer: 14 Grms&nbsp;M\u00e5tt: HxBxD 79.8x76x96.5mmVikt: 0.62kgAntal LED: 1 stycken 10 watt LEDR\u00e5a lumen: 1 052Effektiva lumen: 736Lins: Okrossbar polycarbonatReflektor: IRIS Reflektor teknikLjusbild: 10\u00b0 Spot (Finns \u00e4ven i 20\u00b0, 60\u00b0)","og_url":"https:\/\/www.visionxeurope.com\/se\/webbutik\/vision-x-optimus-single-vit-10w-10\/","og_site_name":"Vision X Europe","article_publisher":"https:\/\/www.facebook.com\/visionxeurope","article_modified_time":"2025-12-08T22:19:47+00:00","og_image":[{"width":600,"height":600,"url":"https:\/\/www.rindab.se\/wp-content\/uploads\/sites\/7\/2022\/04\/XIL-OP110W.jpg","type":"image\/jpeg"}],"twitter_card":"summary_large_image","twitter_misc":{"Pris":"1 196,00&nbsp;&#107;&#114; exkl. moms","Tillg\u00e4nglig":"I lager"},"schema":{"@context":"https:\/\/schema.org","@graph":[{"@type":"WebPage","@id":"https:\/\/www.visionxeurope.com\/se\/webbutik\/vision-x-optimus-single-vit-10w-10\/","url":"https:\/\/www.visionxeurope.com\/se\/webbutik\/vision-x-optimus-single-vit-10w-10\/","name":"VISION X OPTIMUS SINGLE VIT 10W 10\u00b0 - Vision X Europe","isPartOf":{"@id":"https:\/\/www.visionxeurope.com\/se\/#website"},"primaryImageOfPage":{"@id":"https:\/\/www.visionxeurope.com\/se\/webbutik\/vision-x-optimus-single-vit-10w-10\/#primaryimage"},"image":{"@id":"https:\/\/www.visionxeurope.com\/se\/webbutik\/vision-x-optimus-single-vit-10w-10\/#primaryimage"},"thumbnailUrl":"https:\/\/www.visionxeurope.com\/se\/wp-content\/uploads\/sites\/7\/2022\/04\/XIL-OP110W.jpg","datePublished":"2014-04-23T07:56:27+00:00","dateModified":"2025-12-08T22:19:47+00:00","breadcrumb":{"@id":"https:\/\/www.visionxeurope.com\/se\/webbutik\/vision-x-optimus-single-vit-10w-10\/#breadcrumb"},"inLanguage":"sv-SE","potentialAction":[{"@type":"ReadAction","target":["https:\/\/www.visionxeurope.com\/se\/webbutik\/vision-x-optimus-single-vit-10w-10\/"]}]},{"@type":"ImageObject","inLanguage":"sv-SE","@id":"https:\/\/www.visionxeurope.com\/se\/webbutik\/vision-x-optimus-single-vit-10w-10\/#primaryimage","url":"https:\/\/www.visionxeurope.com\/se\/wp-content\/uploads\/sites\/7\/2022\/04\/XIL-OP110W.jpg","contentUrl":"https:\/\/www.visionxeurope.com\/se\/wp-content\/uploads\/sites\/7\/2022\/04\/XIL-OP110W.jpg","width":600,"height":600},{"@type":"BreadcrumbList","@id":"https:\/\/www.visionxeurope.com\/se\/webbutik\/vision-x-optimus-single-vit-10w-10\/#breadcrumb","itemListElement":[{"@type":"ListItem","position":1,"name":"Hem","item":"https:\/\/www.visionxeurope.com\/se\/"},{"@type":"ListItem","position":2,"name":"Webbutik","item":"https:\/\/www.visionxeurope.com\/se\/webbutik\/"},{"@type":"ListItem","position":3,"name":"VISION X OPTIMUS SINGLE VIT 10W 10\u00b0"}]},{"@type":"WebSite","@id":"https:\/\/www.visionxeurope.com\/se\/#website","url":"https:\/\/www.visionxeurope.com\/se\/","name":"Vision X Europe","description":"","publisher":{"@id":"https:\/\/www.visionxeurope.com\/se\/#organization"},"potentialAction":[{"@type":"SearchAction","target":{"@type":"EntryPoint","urlTemplate":"https:\/\/www.visionxeurope.com\/se\/?s={search_term_string}"},"query-input":{"@type":"PropertyValueSpecification","valueRequired":true,"valueName":"search_term_string"}}],"inLanguage":"sv-SE"},{"@type":"Organization","@id":"https:\/\/www.visionxeurope.com\/se\/#organization","name":"Vision X Europe","url":"https:\/\/www.visionxeurope.com\/se\/","logo":{"@type":"ImageObject","inLanguage":"sv-SE","@id":"https:\/\/www.visionxeurope.com\/se\/#\/schema\/logo\/image\/","url":"https:\/\/www.visionxeurope.com\/se\/wp-content\/uploads\/sites\/7\/2021\/04\/visionxeurope.png","contentUrl":"https:\/\/www.visionxeurope.com\/se\/wp-content\/uploads\/sites\/7\/2021\/04\/visionxeurope.png","width":300,"height":110,"caption":"Vision X Europe"},"image":{"@id":"https:\/\/www.visionxeurope.com\/se\/#\/schema\/logo\/image\/"},"sameAs":["https:\/\/www.facebook.com\/visionxeurope","https:\/\/www.instagram.com\/visionxeurope\/"]}]},"product_price_amount":"1196.00","product_price_currency":"SEK","og_availability":"instock","product_availability":"instock","product_retailer_item_id":"XIL-OP110W","product_condition":"new"},"_links":{"self":[{"href":"https:\/\/www.visionxeurope.com\/se\/wp-json\/wp\/v2\/product\/13455","targetHints":{"allow":["GET"]}}],"collection":[{"href":"https:\/\/www.visionxeurope.com\/se\/wp-json\/wp\/v2\/product"}],"about":[{"href":"https:\/\/www.visionxeurope.com\/se\/wp-json\/wp\/v2\/types\/product"}],"replies":[{"embeddable":true,"href":"https:\/\/www.visionxeurope.com\/se\/wp-json\/wp\/v2\/comments?post=13455"}],"wp:featuredmedia":[{"embeddable":true,"href":"https:\/\/www.visionxeurope.com\/se\/wp-json\/wp\/v2\/media\/15014"}],"wp:attachment":[{"href":"https:\/\/www.visionxeurope.com\/se\/wp-json\/wp\/v2\/media?parent=13455"}],"wp:term":[{"taxonomy":"product_brand","embeddable":true,"href":"https:\/\/www.visionxeurope.com\/se\/wp-json\/wp\/v2\/product_brand?post=13455"},{"taxonomy":"product_cat","embeddable":true,"href":"https:\/\/www.visionxeurope.com\/se\/wp-json\/wp\/v2\/product_cat?post=13455"},{"taxonomy":"product_tag","embeddable":true,"href":"https:\/\/www.visionxeurope.com\/se\/wp-json\/wp\/v2\/product_tag?post=13455"}],"curies":[{"name":"wp","href":"https:\/\/api.w.org\/{rel}","templated":true}]}}