{"id":13451,"date":"2015-05-05T12:22:06","date_gmt":"2015-05-05T10:22:06","guid":{"rendered":"https:\/\/www.visionxeurope.com\/se\/produkt\/vision-x-solo-pod-mini-portabelt-styrfaste\/"},"modified":"2026-03-11T11:53:26","modified_gmt":"2026-03-11T10:53:26","slug":"vision-x-solo-pod-mini-portabelt-styrfaste","status":"publish","type":"product","link":"https:\/\/www.visionxeurope.com\/se\/webbutik\/vision-x-solo-pod-mini-portabelt-styrfaste\/","title":{"rendered":"VISION X SOLO POD MINI PORTABELT STYRF\u00c4STE"},"content":{"rendered":"<p><\/p>\n<p>S\u00e4tt din Vision X Solo Pod Mini att arbeta med \u00e4kta fabrikstillbeh\u00f6r.<br \/>F\u00e4ste f\u00f6r montage av Mini Solo Pod p\u00e5 styre, paketh\u00e5llare m.m.<\/p>\n<p><\/p>\n<p><\/p>\n<p>F\u00e4stet har samma typ av snabbf\u00e4ste som hj\u00e4lmf\u00e4stet d\u00e4r lampan enkelt tas av\/p\u00e5 p\u00e5 n\u00e5gon sekund fr\u00e5n r\u00f6rf\u00e4stet som skruvas i t.ex styret.<\/p>\n<p><\/p>\n<p><\/p>\n<p><strong>Data:<br \/><\/strong>\u2022 Flera monteringssatser ing\u00e5r<br \/>\u2022 M\u00f6jligg\u00f6r Mini Solo Pod att monter<\/p>\n<p><\/p>","protected":false},"excerpt":{"rendered":"<p>S\u00e4tt din Vision X Solo Pod Mini att arbeta med \u00e4kta fabrikstillbeh\u00f6r.<br \/>F\u00e4ste f\u00f6r montage av Mini Solo Pod p\u00e5 styre, paketh\u00e5llare m.m.<\/p>\n<p>F\u00e4stet har samma typ av snabbf\u00e4ste som hj\u00e4lmf\u00e4stet d\u00e4r lampan enkelt tas av\/p\u00e5 p\u00e5 n\u00e5gon sekund fr\u00e5n r\u00f6rf\u00e4stet som skruvas i t.ex styret.<\/p>\n<p><strong>Data:<br \/><\/strong>\u2022 Flera monteringssatser ing\u00e5r<br \/>\u2022 M\u00f6jligg\u00f6r Mini Solo Pod att monter<\/p>\n","protected":false},"featured_media":15008,"comment_status":"closed","ping_status":"open","template":"","meta":{"editor_notices":[]},"product_brand":[],"product_cat":[39],"product_tag":[],"class_list":{"0":"post-13451","1":"product","2":"type-product","3":"status-publish","4":"has-post-thumbnail","6":"product_cat-montage","7":"resize-featured-image","8":"","9":"woocommerce-text-align-left","10":"woocommerce-image-align-center","12":"first","13":"instock","14":"taxable","15":"shipping-taxable","16":"product-type-simple"},"yoast_head":"<!-- This site is optimized with the Yoast SEO Premium plugin v25.0 (Yoast SEO v25.0) - https:\/\/yoast.com\/wordpress\/plugins\/seo\/ -->\n<title>VISION X SOLO POD MINI PORTABELT STYRF\u00c4STE - Vision X Europe<\/title>\n<meta name=\"robots\" content=\"index, follow, max-snippet:-1, max-image-preview:large, max-video-preview:-1\" \/>\n<link rel=\"canonical\" href=\"https:\/\/www.visionxeurope.com\/se\/webbutik\/vision-x-solo-pod-mini-portabelt-styrfaste\/\" \/>\n<meta property=\"og:locale\" content=\"sv_SE\" \/>\n<meta property=\"og:type\" content=\"article\" \/>\n<meta property=\"og:title\" content=\"VISION X SOLO POD MINI PORTABELT STYRF\u00c4STE\" \/>\n<meta property=\"og:description\" content=\"S\u00e4tt din Vision X Solo Pod Mini att arbeta med \u00e4kta fabrikstillbeh\u00f6r.F\u00e4ste f\u00f6r montage av Mini Solo Pod p\u00e5 styre, paketh\u00e5llare m.m. F\u00e4stet har samma typ av snabbf\u00e4ste som hj\u00e4lmf\u00e4stet d\u00e4r lampan enkelt tas av\/p\u00e5 p\u00e5 n\u00e5gon sekund fr\u00e5n r\u00f6rf\u00e4stet som skruvas i t.ex styret. Data:\u2022 Flera monteringssatser ing\u00e5r\u2022 M\u00f6jligg\u00f6r Mini Solo Pod att monter\" \/>\n<meta property=\"og:url\" content=\"https:\/\/www.visionxeurope.com\/se\/webbutik\/vision-x-solo-pod-mini-portabelt-styrfaste\/\" \/>\n<meta property=\"og:site_name\" content=\"Vision X Europe\" \/>\n<meta property=\"article:publisher\" content=\"https:\/\/www.facebook.com\/visionxeurope\" \/>\n<meta property=\"article:modified_time\" content=\"2026-03-11T10:53:26+00:00\" \/>\n<meta property=\"og:image\" content=\"https:\/\/www.visionxeurope.com\/se\/wp-content\/uploads\/sites\/7\/2022\/04\/XIL-MXHANDLEBAR.jpg\" \/>\n\t<meta property=\"og:image:width\" content=\"450\" \/>\n\t<meta property=\"og:image:height\" content=\"450\" \/>\n\t<meta property=\"og:image:type\" content=\"image\/jpeg\" \/>\n<meta name=\"twitter:card\" content=\"summary_large_image\" \/>\n<meta name=\"twitter:label1\" content=\"Pris\" \/>\n\t<meta name=\"twitter:data1\" content=\"370,00&nbsp;&#107;&#114; exkl. moms\" \/>\n\t<meta name=\"twitter:label2\" content=\"Tillg\u00e4nglig\" \/>\n\t<meta name=\"twitter:data2\" content=\"I lager\" \/>\n<script type=\"application\/ld+json\" class=\"yoast-schema-graph\">{\"@context\":\"https:\/\/schema.org\",\"@graph\":[{\"@type\":\"WebPage\",\"@id\":\"https:\/\/www.visionxeurope.com\/se\/webbutik\/vision-x-solo-pod-mini-portabelt-styrfaste\/\",\"url\":\"https:\/\/www.visionxeurope.com\/se\/webbutik\/vision-x-solo-pod-mini-portabelt-styrfaste\/\",\"name\":\"VISION X SOLO POD MINI PORTABELT STYRF\u00c4STE - Vision X Europe\",\"isPartOf\":{\"@id\":\"https:\/\/www.visionxeurope.com\/se\/#website\"},\"primaryImageOfPage\":{\"@id\":\"https:\/\/www.visionxeurope.com\/se\/webbutik\/vision-x-solo-pod-mini-portabelt-styrfaste\/#primaryimage\"},\"image\":{\"@id\":\"https:\/\/www.visionxeurope.com\/se\/webbutik\/vision-x-solo-pod-mini-portabelt-styrfaste\/#primaryimage\"},\"thumbnailUrl\":\"https:\/\/www.visionxeurope.com\/se\/wp-content\/uploads\/sites\/7\/2022\/04\/XIL-MXHANDLEBAR.jpg\",\"datePublished\":\"2015-05-05T10:22:06+00:00\",\"dateModified\":\"2026-03-11T10:53:26+00:00\",\"breadcrumb\":{\"@id\":\"https:\/\/www.visionxeurope.com\/se\/webbutik\/vision-x-solo-pod-mini-portabelt-styrfaste\/#breadcrumb\"},\"inLanguage\":\"sv-SE\",\"potentialAction\":[{\"@type\":\"ReadAction\",\"target\":[\"https:\/\/www.visionxeurope.com\/se\/webbutik\/vision-x-solo-pod-mini-portabelt-styrfaste\/\"]}]},{\"@type\":\"ImageObject\",\"inLanguage\":\"sv-SE\",\"@id\":\"https:\/\/www.visionxeurope.com\/se\/webbutik\/vision-x-solo-pod-mini-portabelt-styrfaste\/#primaryimage\",\"url\":\"https:\/\/www.visionxeurope.com\/se\/wp-content\/uploads\/sites\/7\/2022\/04\/XIL-MXHANDLEBAR.jpg\",\"contentUrl\":\"https:\/\/www.visionxeurope.com\/se\/wp-content\/uploads\/sites\/7\/2022\/04\/XIL-MXHANDLEBAR.jpg\",\"width\":450,\"height\":450},{\"@type\":\"BreadcrumbList\",\"@id\":\"https:\/\/www.visionxeurope.com\/se\/webbutik\/vision-x-solo-pod-mini-portabelt-styrfaste\/#breadcrumb\",\"itemListElement\":[{\"@type\":\"ListItem\",\"position\":1,\"name\":\"Hem\",\"item\":\"https:\/\/www.visionxeurope.com\/se\/\"},{\"@type\":\"ListItem\",\"position\":2,\"name\":\"Webbutik\",\"item\":\"https:\/\/www.visionxeurope.com\/se\/webbutik\/\"},{\"@type\":\"ListItem\",\"position\":3,\"name\":\"VISION X SOLO POD MINI PORTABELT STYRF\u00c4STE\"}]},{\"@type\":\"WebSite\",\"@id\":\"https:\/\/www.visionxeurope.com\/se\/#website\",\"url\":\"https:\/\/www.visionxeurope.com\/se\/\",\"name\":\"Vision X Europe\",\"description\":\"\",\"publisher\":{\"@id\":\"https:\/\/www.visionxeurope.com\/se\/#organization\"},\"potentialAction\":[{\"@type\":\"SearchAction\",\"target\":{\"@type\":\"EntryPoint\",\"urlTemplate\":\"https:\/\/www.visionxeurope.com\/se\/?s={search_term_string}\"},\"query-input\":{\"@type\":\"PropertyValueSpecification\",\"valueRequired\":true,\"valueName\":\"search_term_string\"}}],\"inLanguage\":\"sv-SE\"},{\"@type\":\"Organization\",\"@id\":\"https:\/\/www.visionxeurope.com\/se\/#organization\",\"name\":\"Vision X Europe\",\"url\":\"https:\/\/www.visionxeurope.com\/se\/\",\"logo\":{\"@type\":\"ImageObject\",\"inLanguage\":\"sv-SE\",\"@id\":\"https:\/\/www.visionxeurope.com\/se\/#\/schema\/logo\/image\/\",\"url\":\"https:\/\/www.visionxeurope.com\/se\/wp-content\/uploads\/sites\/7\/2021\/04\/visionxeurope.png\",\"contentUrl\":\"https:\/\/www.visionxeurope.com\/se\/wp-content\/uploads\/sites\/7\/2021\/04\/visionxeurope.png\",\"width\":300,\"height\":110,\"caption\":\"Vision X Europe\"},\"image\":{\"@id\":\"https:\/\/www.visionxeurope.com\/se\/#\/schema\/logo\/image\/\"},\"sameAs\":[\"https:\/\/www.facebook.com\/visionxeurope\",\"https:\/\/www.instagram.com\/visionxeurope\/\"]}]}<\/script>\n<meta property=\"product:price:amount\" content=\"370.00\" \/>\n<meta property=\"product:price:currency\" content=\"SEK\" \/>\n<meta property=\"og:availability\" content=\"instock\" \/>\n<meta property=\"product:availability\" content=\"instock\" \/>\n<meta property=\"product:retailer_item_id\" content=\"XIL-MXHANDLEBAR\" \/>\n<meta property=\"product:condition\" content=\"new\" \/>\n<!-- \/ Yoast SEO Premium plugin. -->","yoast_head_json":{"title":"VISION X SOLO POD MINI PORTABELT STYRF\u00c4STE - Vision X Europe","robots":{"index":"index","follow":"follow","max-snippet":"max-snippet:-1","max-image-preview":"max-image-preview:large","max-video-preview":"max-video-preview:-1"},"canonical":"https:\/\/www.visionxeurope.com\/se\/webbutik\/vision-x-solo-pod-mini-portabelt-styrfaste\/","og_locale":"sv_SE","og_type":"article","og_title":"VISION X SOLO POD MINI PORTABELT STYRF\u00c4STE","og_description":"S\u00e4tt din Vision X Solo Pod Mini att arbeta med \u00e4kta fabrikstillbeh\u00f6r.F\u00e4ste f\u00f6r montage av Mini Solo Pod p\u00e5 styre, paketh\u00e5llare m.m. F\u00e4stet har samma typ av snabbf\u00e4ste som hj\u00e4lmf\u00e4stet d\u00e4r lampan enkelt tas av\/p\u00e5 p\u00e5 n\u00e5gon sekund fr\u00e5n r\u00f6rf\u00e4stet som skruvas i t.ex styret. Data:\u2022 Flera monteringssatser ing\u00e5r\u2022 M\u00f6jligg\u00f6r Mini Solo Pod att monter","og_url":"https:\/\/www.visionxeurope.com\/se\/webbutik\/vision-x-solo-pod-mini-portabelt-styrfaste\/","og_site_name":"Vision X Europe","article_publisher":"https:\/\/www.facebook.com\/visionxeurope","article_modified_time":"2026-03-11T10:53:26+00:00","og_image":[{"width":450,"height":450,"url":"https:\/\/www.visionxeurope.com\/se\/wp-content\/uploads\/sites\/7\/2022\/04\/XIL-MXHANDLEBAR.jpg","type":"image\/jpeg"}],"twitter_card":"summary_large_image","twitter_misc":{"Pris":"370,00&nbsp;&#107;&#114; exkl. moms","Tillg\u00e4nglig":"I lager"},"schema":{"@context":"https:\/\/schema.org","@graph":[{"@type":"WebPage","@id":"https:\/\/www.visionxeurope.com\/se\/webbutik\/vision-x-solo-pod-mini-portabelt-styrfaste\/","url":"https:\/\/www.visionxeurope.com\/se\/webbutik\/vision-x-solo-pod-mini-portabelt-styrfaste\/","name":"VISION X SOLO POD MINI PORTABELT STYRF\u00c4STE - Vision X Europe","isPartOf":{"@id":"https:\/\/www.visionxeurope.com\/se\/#website"},"primaryImageOfPage":{"@id":"https:\/\/www.visionxeurope.com\/se\/webbutik\/vision-x-solo-pod-mini-portabelt-styrfaste\/#primaryimage"},"image":{"@id":"https:\/\/www.visionxeurope.com\/se\/webbutik\/vision-x-solo-pod-mini-portabelt-styrfaste\/#primaryimage"},"thumbnailUrl":"https:\/\/www.visionxeurope.com\/se\/wp-content\/uploads\/sites\/7\/2022\/04\/XIL-MXHANDLEBAR.jpg","datePublished":"2015-05-05T10:22:06+00:00","dateModified":"2026-03-11T10:53:26+00:00","breadcrumb":{"@id":"https:\/\/www.visionxeurope.com\/se\/webbutik\/vision-x-solo-pod-mini-portabelt-styrfaste\/#breadcrumb"},"inLanguage":"sv-SE","potentialAction":[{"@type":"ReadAction","target":["https:\/\/www.visionxeurope.com\/se\/webbutik\/vision-x-solo-pod-mini-portabelt-styrfaste\/"]}]},{"@type":"ImageObject","inLanguage":"sv-SE","@id":"https:\/\/www.visionxeurope.com\/se\/webbutik\/vision-x-solo-pod-mini-portabelt-styrfaste\/#primaryimage","url":"https:\/\/www.visionxeurope.com\/se\/wp-content\/uploads\/sites\/7\/2022\/04\/XIL-MXHANDLEBAR.jpg","contentUrl":"https:\/\/www.visionxeurope.com\/se\/wp-content\/uploads\/sites\/7\/2022\/04\/XIL-MXHANDLEBAR.jpg","width":450,"height":450},{"@type":"BreadcrumbList","@id":"https:\/\/www.visionxeurope.com\/se\/webbutik\/vision-x-solo-pod-mini-portabelt-styrfaste\/#breadcrumb","itemListElement":[{"@type":"ListItem","position":1,"name":"Hem","item":"https:\/\/www.visionxeurope.com\/se\/"},{"@type":"ListItem","position":2,"name":"Webbutik","item":"https:\/\/www.visionxeurope.com\/se\/webbutik\/"},{"@type":"ListItem","position":3,"name":"VISION X SOLO POD MINI PORTABELT STYRF\u00c4STE"}]},{"@type":"WebSite","@id":"https:\/\/www.visionxeurope.com\/se\/#website","url":"https:\/\/www.visionxeurope.com\/se\/","name":"Vision X Europe","description":"","publisher":{"@id":"https:\/\/www.visionxeurope.com\/se\/#organization"},"potentialAction":[{"@type":"SearchAction","target":{"@type":"EntryPoint","urlTemplate":"https:\/\/www.visionxeurope.com\/se\/?s={search_term_string}"},"query-input":{"@type":"PropertyValueSpecification","valueRequired":true,"valueName":"search_term_string"}}],"inLanguage":"sv-SE"},{"@type":"Organization","@id":"https:\/\/www.visionxeurope.com\/se\/#organization","name":"Vision X Europe","url":"https:\/\/www.visionxeurope.com\/se\/","logo":{"@type":"ImageObject","inLanguage":"sv-SE","@id":"https:\/\/www.visionxeurope.com\/se\/#\/schema\/logo\/image\/","url":"https:\/\/www.visionxeurope.com\/se\/wp-content\/uploads\/sites\/7\/2021\/04\/visionxeurope.png","contentUrl":"https:\/\/www.visionxeurope.com\/se\/wp-content\/uploads\/sites\/7\/2021\/04\/visionxeurope.png","width":300,"height":110,"caption":"Vision X Europe"},"image":{"@id":"https:\/\/www.visionxeurope.com\/se\/#\/schema\/logo\/image\/"},"sameAs":["https:\/\/www.facebook.com\/visionxeurope","https:\/\/www.instagram.com\/visionxeurope\/"]}]},"product_price_amount":"370.00","product_price_currency":"SEK","og_availability":"instock","product_availability":"instock","product_retailer_item_id":"XIL-MXHANDLEBAR","product_condition":"new"},"_links":{"self":[{"href":"https:\/\/www.visionxeurope.com\/se\/wp-json\/wp\/v2\/product\/13451","targetHints":{"allow":["GET"]}}],"collection":[{"href":"https:\/\/www.visionxeurope.com\/se\/wp-json\/wp\/v2\/product"}],"about":[{"href":"https:\/\/www.visionxeurope.com\/se\/wp-json\/wp\/v2\/types\/product"}],"replies":[{"embeddable":true,"href":"https:\/\/www.visionxeurope.com\/se\/wp-json\/wp\/v2\/comments?post=13451"}],"wp:featuredmedia":[{"embeddable":true,"href":"https:\/\/www.visionxeurope.com\/se\/wp-json\/wp\/v2\/media\/15008"}],"wp:attachment":[{"href":"https:\/\/www.visionxeurope.com\/se\/wp-json\/wp\/v2\/media?parent=13451"}],"wp:term":[{"taxonomy":"product_brand","embeddable":true,"href":"https:\/\/www.visionxeurope.com\/se\/wp-json\/wp\/v2\/product_brand?post=13451"},{"taxonomy":"product_cat","embeddable":true,"href":"https:\/\/www.visionxeurope.com\/se\/wp-json\/wp\/v2\/product_cat?post=13451"},{"taxonomy":"product_tag","embeddable":true,"href":"https:\/\/www.visionxeurope.com\/se\/wp-json\/wp\/v2\/product_tag?post=13451"}],"curies":[{"name":"wp","href":"https:\/\/api.w.org\/{rel}","templated":true}]}}