{"id":13446,"date":"2015-04-15T10:43:19","date_gmt":"2015-04-15T08:43:19","guid":{"rendered":"https:\/\/www.visionxeurope.com\/se\/produkt\/vision-x-xmitter-lpx-prime-extreme-11-45w-40\/"},"modified":"2026-03-23T14:13:19","modified_gmt":"2026-03-23T13:13:19","slug":"vision-x-xmitter-lpx-prime-extreme-11-45w-40","status":"publish","type":"product","link":"https:\/\/www.visionxeurope.com\/se\/webbutik\/vision-x-xmitter-lpx-prime-extreme-11-45w-40\/","title":{"rendered":"VISION X XMITTER LPX PRIME EXTREME 11&#8243; 45W 40\u00b0"},"content":{"rendered":"<p><\/p>\n<p>Vision X LPX, en slimmad LED ramp f\u00f6r extra diskreta montage p\u00e5 fordon d\u00e4r mycket ljus \u00f6nskas utan att ta f\u00f6r mycket plats. LPX har en enkel rad med samma kraftfulla 5 watts dioder som PX rampen har.<\/p>\n<p><\/p>\n<p><\/p>\n<p>Xmitter LPX Prime Xtreme, den absolut mest effektiva och kraftfullaste LED rampen p\u00e5 marknaden. Prime Xtreme levererar flest lumen per centimeter ramp och ger d\u00e4rf\u00f6r otroligt mycket ljus ur en liten enhet.<\/p>\n<p><\/p>\n<p><\/p>\n<p>Xmitter LPX Prime Xtreme LED rampen \u00e4r det naturliga valet f\u00f6r den som vill ha ljuset som \u00f6vertr\u00e4ffar f\u00f6rv\u00e4ntningarna!<\/p>\n<p><\/p>\n<p><\/p>\n<p>LPX \u00e4r en t\u00e5lig ramp med de senaste och mest effektiva 5W dioderna som ger ett kraftfullt ljus och kan anv\u00e4ndas lika bra som extraljus som arbetsljus beroende p\u00e5 vilken ljusbild som v\u00e4ljs. Rampen monteras i dag p\u00e5 allt fr\u00e5n personbilar, lastbilar, gr\u00e4vmaskiner m.m.<\/p>\n<p><\/p>\n<p><\/p>\n<p>F\u00f6r att n\u00e5 maximal prestanda och effektivitet anv\u00e4nder Vision X den senaste LED tekniken med bland annat Prime drive och Integrerad Electronic Thermal Management (ETM). Med h\u00f6g IP klassning och vibrations klassning samt n\u00e4st intill okrossbara polykarbonatlinser \u00e4r livsl\u00e4ngden l\u00e5ng, \u00e4ven de mest utsatta applikationerna.<\/p>\n<p><\/p>\n<p><\/p>\n<p>Med Vision X Xmitter LPX Prime Xtreme har man \u00e5stadkommit en LED ramp som sl\u00e5r ut det mesta och ger ett oslagbart ljus i f\u00f6rh\u00e5llande till storleken.<\/p>\n<p><\/p>\n<p><\/p>\n<p><strong>Data:<\/strong><br \/>Lamphus: Robust aluminium<br \/>Sp\u00e4nning: 9-32V<br \/>Str\u00f6mf\u00f6rbrukning: 3.75 Amp vid 12V<br \/>IP-klass: IP68<br \/>Vibrationsklass: 15.6G<br \/>Arbetstemperatur: -40\u00b0C &#8211; +80\u00b0C<br \/>H\u00f6jd: 52.40mm<br \/>Djup: 62.30mm<br \/>Bredd: 310mm<br \/>LED: 9 st. x 5W<br \/>Watt: 45<br \/>R\u00e5a lumen: 4 752<br \/>Effektiva lumen: 3 330<br \/>Lins: Polykarbonat<br \/>Ljusbild: 40\u00b0 Flood (Finns \u00e4ven som 10\u00b0)<\/p>\n<p><\/p>","protected":false},"excerpt":{"rendered":"<p>Vision X LPX, en slimmad LED ramp f\u00f6r extra diskreta montage p\u00e5 fordon d\u00e4r mycket ljus \u00f6nskas utan att ta f\u00f6r mycket plats. LPX har en enkel rad med samma kraftfulla 5 watts dioder som PX rampen har.<\/p>\n<p>Xmitter LPX Prime Xtreme, den absolut mest effektiva och kraftfullaste LED rampen p\u00e5 marknaden. Prime Xtreme levererar flest lumen per centimeter ramp och ger d\u00e4rf\u00f6r otroligt mycket ljus ur en liten enhet.<\/p>\n<p>Xmitter LPX Prime Xtreme LED rampen \u00e4r det naturliga valet f\u00f6r den som vill ha ljuset som \u00f6vertr\u00e4ffar f\u00f6rv\u00e4ntningarna!<\/p>\n<p>LPX \u00e4r en t\u00e5lig ramp med de senaste och mest effektiva 5W dioderna som ger ett kraftfullt ljus och kan anv\u00e4ndas lika bra som extraljus som arbetsljus beroende p\u00e5 vilken ljusbild som v\u00e4ljs. Rampen monteras i dag p\u00e5 allt fr\u00e5n personbilar, lastbilar, gr\u00e4vmaskiner m.m.<\/p>\n<p>F\u00f6r att n\u00e5 maximal prestanda och effektivitet anv\u00e4nder Vision X den senaste LED tekniken med bland annat Prime drive och Integrerad Electronic Thermal Management (ETM). Med h\u00f6g IP klassning och vibrations klassning samt n\u00e4st intill okrossbara polykarbonatlinser \u00e4r livsl\u00e4ngden l\u00e5ng, \u00e4ven de mest utsatta applikationerna.<\/p>\n<p>Med Vision X Xmitter LPX Prime Xtreme har man \u00e5stadkommit en LED ramp som sl\u00e5r ut det mesta och ger ett oslagbart ljus i f\u00f6rh\u00e5llande till storleken.<\/p>\n<p><strong>Data:<\/strong><br \/>Lamphus: Robust aluminium<br \/>Sp\u00e4nning: 9-32V<br \/>Str\u00f6mf\u00f6rbrukning: 3.75 Amp vid 12V<br \/>IP-klass: IP68<br \/>Vibrationsklass: 15.6G<br \/>Arbetstemperatur: -40\u00b0C &#8211; +80\u00b0C<br \/>H\u00f6jd: 52.40mm<br \/>Djup: 62.30mm<br \/>Bredd: 310mm<br \/>LED: 9 st. x 5W<br \/>Watt: 45<br \/>R\u00e5a lumen: 4 752<br \/>Effektiva lumen: 3 330<br \/>Lins: Polykarbonat<br \/>Ljusbild: 40\u00b0 Flood (Finns \u00e4ven som 10\u00b0)<\/p>\n","protected":false},"featured_media":14994,"comment_status":"closed","ping_status":"open","template":"","meta":{"editor_notices":[]},"product_brand":[],"product_cat":[68],"product_tag":[],"class_list":{"0":"post-13446","1":"product","2":"type-product","3":"status-publish","4":"has-post-thumbnail","6":"product_cat-xmitter-lpx","7":"resize-featured-image","8":"","9":"woocommerce-text-align-left","10":"woocommerce-image-align-center","12":"first","13":"instock","14":"taxable","15":"shipping-taxable","16":"product-type-simple"},"yoast_head":"<!-- This site is optimized with the Yoast SEO Premium plugin v25.0 (Yoast SEO v25.0) - https:\/\/yoast.com\/wordpress\/plugins\/seo\/ -->\n<title>VISION X XMITTER LPX PRIME EXTREME 11&quot; 45W 40\u00b0 - Vision X Europe<\/title>\n<meta name=\"robots\" content=\"index, follow, max-snippet:-1, max-image-preview:large, max-video-preview:-1\" \/>\n<link rel=\"canonical\" href=\"https:\/\/www.visionxeurope.com\/se\/webbutik\/vision-x-xmitter-lpx-prime-extreme-11-45w-40\/\" \/>\n<meta property=\"og:locale\" content=\"sv_SE\" \/>\n<meta property=\"og:type\" content=\"article\" \/>\n<meta property=\"og:title\" content=\"VISION X XMITTER LPX PRIME EXTREME 11&quot; 45W 40\u00b0\" \/>\n<meta property=\"og:description\" content=\"Vision X LPX, en slimmad LED ramp f\u00f6r extra diskreta montage p\u00e5 fordon d\u00e4r mycket ljus \u00f6nskas utan att ta f\u00f6r mycket plats. LPX har en enkel rad med samma kraftfulla 5 watts dioder som PX rampen har. Xmitter LPX Prime Xtreme, den absolut mest effektiva och kraftfullaste LED rampen p\u00e5 marknaden. Prime Xtreme levererar flest lumen per centimeter ramp och ger d\u00e4rf\u00f6r otroligt mycket ljus ur en liten enhet. Xmitter LPX Prime Xtreme LED rampen \u00e4r det naturliga valet f\u00f6r den som vill ha ljuset som \u00f6vertr\u00e4ffar f\u00f6rv\u00e4ntningarna! LPX \u00e4r en t\u00e5lig ramp med de senaste och mest effektiva 5W dioderna som ger ett kraftfullt ljus och kan anv\u00e4ndas lika bra som extraljus som arbetsljus beroende p\u00e5 vilken ljusbild som v\u00e4ljs. Rampen monteras i dag p\u00e5 allt fr\u00e5n personbilar, lastbilar, gr\u00e4vmaskiner m.m. F\u00f6r att n\u00e5 maximal prestanda och effektivitet anv\u00e4nder Vision X den senaste LED tekniken med bland annat Prime drive och Integrerad Electronic Thermal Management (ETM). Med h\u00f6g IP klassning och vibrations klassning samt n\u00e4st intill okrossbara polykarbonatlinser \u00e4r livsl\u00e4ngden l\u00e5ng, \u00e4ven de mest utsatta applikationerna. Med Vision X Xmitter LPX Prime Xtreme har man \u00e5stadkommit en LED ramp som sl\u00e5r ut det mesta och ger ett oslagbart ljus i f\u00f6rh\u00e5llande till storleken. Data:Lamphus: Robust aluminiumSp\u00e4nning: 9-32VStr\u00f6mf\u00f6rbrukning: 3.75 Amp vid 12VIP-klass: IP68Vibrationsklass: 15.6GArbetstemperatur: -40\u00b0C &#8211; +80\u00b0CH\u00f6jd: 52.40mmDjup: 62.30mmBredd: 310mmLED: 9 st. x 5WWatt: 45R\u00e5a lumen: 4 752Effektiva lumen: 3 330Lins: PolykarbonatLjusbild: 40\u00b0 Flood (Finns \u00e4ven som 10\u00b0)\" \/>\n<meta property=\"og:url\" content=\"https:\/\/www.visionxeurope.com\/se\/webbutik\/vision-x-xmitter-lpx-prime-extreme-11-45w-40\/\" \/>\n<meta property=\"og:site_name\" content=\"Vision X Europe\" \/>\n<meta property=\"article:publisher\" content=\"https:\/\/www.facebook.com\/visionxeurope\" \/>\n<meta property=\"article:modified_time\" content=\"2026-03-23T13:13:19+00:00\" \/>\n<meta property=\"og:image\" content=\"https:\/\/www.visionxeurope.com\/se\/wp-content\/uploads\/sites\/7\/2022\/04\/XIL-LPX940.jpg\" \/>\n\t<meta property=\"og:image:width\" content=\"450\" \/>\n\t<meta property=\"og:image:height\" content=\"450\" \/>\n\t<meta property=\"og:image:type\" content=\"image\/jpeg\" \/>\n<meta name=\"twitter:card\" content=\"summary_large_image\" \/>\n<meta name=\"twitter:label1\" content=\"Pris\" \/>\n\t<meta name=\"twitter:data1\" content=\"4 734,00&nbsp;&#107;&#114; exkl. moms\" \/>\n\t<meta name=\"twitter:label2\" content=\"Tillg\u00e4nglig\" \/>\n\t<meta name=\"twitter:data2\" content=\"I lager\" \/>\n<script type=\"application\/ld+json\" class=\"yoast-schema-graph\">{\"@context\":\"https:\/\/schema.org\",\"@graph\":[{\"@type\":\"WebPage\",\"@id\":\"https:\/\/www.visionxeurope.com\/se\/webbutik\/vision-x-xmitter-lpx-prime-extreme-11-45w-40\/\",\"url\":\"https:\/\/www.visionxeurope.com\/se\/webbutik\/vision-x-xmitter-lpx-prime-extreme-11-45w-40\/\",\"name\":\"VISION X XMITTER LPX PRIME EXTREME 11\\\" 45W 40\u00b0 - Vision X Europe\",\"isPartOf\":{\"@id\":\"https:\/\/www.visionxeurope.com\/se\/#website\"},\"primaryImageOfPage\":{\"@id\":\"https:\/\/www.visionxeurope.com\/se\/webbutik\/vision-x-xmitter-lpx-prime-extreme-11-45w-40\/#primaryimage\"},\"image\":{\"@id\":\"https:\/\/www.visionxeurope.com\/se\/webbutik\/vision-x-xmitter-lpx-prime-extreme-11-45w-40\/#primaryimage\"},\"thumbnailUrl\":\"https:\/\/www.visionxeurope.com\/se\/wp-content\/uploads\/sites\/7\/2022\/04\/XIL-LPX940.jpg\",\"datePublished\":\"2015-04-15T08:43:19+00:00\",\"dateModified\":\"2026-03-23T13:13:19+00:00\",\"breadcrumb\":{\"@id\":\"https:\/\/www.visionxeurope.com\/se\/webbutik\/vision-x-xmitter-lpx-prime-extreme-11-45w-40\/#breadcrumb\"},\"inLanguage\":\"sv-SE\",\"potentialAction\":[{\"@type\":\"ReadAction\",\"target\":[\"https:\/\/www.visionxeurope.com\/se\/webbutik\/vision-x-xmitter-lpx-prime-extreme-11-45w-40\/\"]}]},{\"@type\":\"ImageObject\",\"inLanguage\":\"sv-SE\",\"@id\":\"https:\/\/www.visionxeurope.com\/se\/webbutik\/vision-x-xmitter-lpx-prime-extreme-11-45w-40\/#primaryimage\",\"url\":\"https:\/\/www.visionxeurope.com\/se\/wp-content\/uploads\/sites\/7\/2022\/04\/XIL-LPX940.jpg\",\"contentUrl\":\"https:\/\/www.visionxeurope.com\/se\/wp-content\/uploads\/sites\/7\/2022\/04\/XIL-LPX940.jpg\",\"width\":450,\"height\":450},{\"@type\":\"BreadcrumbList\",\"@id\":\"https:\/\/www.visionxeurope.com\/se\/webbutik\/vision-x-xmitter-lpx-prime-extreme-11-45w-40\/#breadcrumb\",\"itemListElement\":[{\"@type\":\"ListItem\",\"position\":1,\"name\":\"Hem\",\"item\":\"https:\/\/www.visionxeurope.com\/se\/\"},{\"@type\":\"ListItem\",\"position\":2,\"name\":\"Webbutik\",\"item\":\"https:\/\/www.visionxeurope.com\/se\/webbutik\/\"},{\"@type\":\"ListItem\",\"position\":3,\"name\":\"VISION X XMITTER LPX PRIME EXTREME 11&#8243; 45W 40\u00b0\"}]},{\"@type\":\"WebSite\",\"@id\":\"https:\/\/www.visionxeurope.com\/se\/#website\",\"url\":\"https:\/\/www.visionxeurope.com\/se\/\",\"name\":\"Vision X Europe\",\"description\":\"\",\"publisher\":{\"@id\":\"https:\/\/www.visionxeurope.com\/se\/#organization\"},\"potentialAction\":[{\"@type\":\"SearchAction\",\"target\":{\"@type\":\"EntryPoint\",\"urlTemplate\":\"https:\/\/www.visionxeurope.com\/se\/?s={search_term_string}\"},\"query-input\":{\"@type\":\"PropertyValueSpecification\",\"valueRequired\":true,\"valueName\":\"search_term_string\"}}],\"inLanguage\":\"sv-SE\"},{\"@type\":\"Organization\",\"@id\":\"https:\/\/www.visionxeurope.com\/se\/#organization\",\"name\":\"Vision X Europe\",\"url\":\"https:\/\/www.visionxeurope.com\/se\/\",\"logo\":{\"@type\":\"ImageObject\",\"inLanguage\":\"sv-SE\",\"@id\":\"https:\/\/www.visionxeurope.com\/se\/#\/schema\/logo\/image\/\",\"url\":\"https:\/\/www.visionxeurope.com\/se\/wp-content\/uploads\/sites\/7\/2021\/04\/visionxeurope.png\",\"contentUrl\":\"https:\/\/www.visionxeurope.com\/se\/wp-content\/uploads\/sites\/7\/2021\/04\/visionxeurope.png\",\"width\":300,\"height\":110,\"caption\":\"Vision X Europe\"},\"image\":{\"@id\":\"https:\/\/www.visionxeurope.com\/se\/#\/schema\/logo\/image\/\"},\"sameAs\":[\"https:\/\/www.facebook.com\/visionxeurope\",\"https:\/\/www.instagram.com\/visionxeurope\/\"]}]}<\/script>\n<meta property=\"product:price:amount\" content=\"4734.00\" \/>\n<meta property=\"product:price:currency\" content=\"SEK\" \/>\n<meta property=\"og:availability\" content=\"instock\" \/>\n<meta property=\"product:availability\" content=\"instock\" \/>\n<meta property=\"product:retailer_item_id\" content=\"XIL-LPX940\" \/>\n<meta property=\"product:condition\" content=\"new\" \/>\n<!-- \/ Yoast SEO Premium plugin. -->","yoast_head_json":{"title":"VISION X XMITTER LPX PRIME EXTREME 11\" 45W 40\u00b0 - Vision X Europe","robots":{"index":"index","follow":"follow","max-snippet":"max-snippet:-1","max-image-preview":"max-image-preview:large","max-video-preview":"max-video-preview:-1"},"canonical":"https:\/\/www.visionxeurope.com\/se\/webbutik\/vision-x-xmitter-lpx-prime-extreme-11-45w-40\/","og_locale":"sv_SE","og_type":"article","og_title":"VISION X XMITTER LPX PRIME EXTREME 11\" 45W 40\u00b0","og_description":"Vision X LPX, en slimmad LED ramp f\u00f6r extra diskreta montage p\u00e5 fordon d\u00e4r mycket ljus \u00f6nskas utan att ta f\u00f6r mycket plats. LPX har en enkel rad med samma kraftfulla 5 watts dioder som PX rampen har. Xmitter LPX Prime Xtreme, den absolut mest effektiva och kraftfullaste LED rampen p\u00e5 marknaden. Prime Xtreme levererar flest lumen per centimeter ramp och ger d\u00e4rf\u00f6r otroligt mycket ljus ur en liten enhet. Xmitter LPX Prime Xtreme LED rampen \u00e4r det naturliga valet f\u00f6r den som vill ha ljuset som \u00f6vertr\u00e4ffar f\u00f6rv\u00e4ntningarna! LPX \u00e4r en t\u00e5lig ramp med de senaste och mest effektiva 5W dioderna som ger ett kraftfullt ljus och kan anv\u00e4ndas lika bra som extraljus som arbetsljus beroende p\u00e5 vilken ljusbild som v\u00e4ljs. Rampen monteras i dag p\u00e5 allt fr\u00e5n personbilar, lastbilar, gr\u00e4vmaskiner m.m. F\u00f6r att n\u00e5 maximal prestanda och effektivitet anv\u00e4nder Vision X den senaste LED tekniken med bland annat Prime drive och Integrerad Electronic Thermal Management (ETM). Med h\u00f6g IP klassning och vibrations klassning samt n\u00e4st intill okrossbara polykarbonatlinser \u00e4r livsl\u00e4ngden l\u00e5ng, \u00e4ven de mest utsatta applikationerna. Med Vision X Xmitter LPX Prime Xtreme har man \u00e5stadkommit en LED ramp som sl\u00e5r ut det mesta och ger ett oslagbart ljus i f\u00f6rh\u00e5llande till storleken. Data:Lamphus: Robust aluminiumSp\u00e4nning: 9-32VStr\u00f6mf\u00f6rbrukning: 3.75 Amp vid 12VIP-klass: IP68Vibrationsklass: 15.6GArbetstemperatur: -40\u00b0C &#8211; +80\u00b0CH\u00f6jd: 52.40mmDjup: 62.30mmBredd: 310mmLED: 9 st. x 5WWatt: 45R\u00e5a lumen: 4 752Effektiva lumen: 3 330Lins: PolykarbonatLjusbild: 40\u00b0 Flood (Finns \u00e4ven som 10\u00b0)","og_url":"https:\/\/www.visionxeurope.com\/se\/webbutik\/vision-x-xmitter-lpx-prime-extreme-11-45w-40\/","og_site_name":"Vision X Europe","article_publisher":"https:\/\/www.facebook.com\/visionxeurope","article_modified_time":"2026-03-23T13:13:19+00:00","og_image":[{"width":450,"height":450,"url":"https:\/\/www.visionxeurope.com\/se\/wp-content\/uploads\/sites\/7\/2022\/04\/XIL-LPX940.jpg","type":"image\/jpeg"}],"twitter_card":"summary_large_image","twitter_misc":{"Pris":"4 734,00&nbsp;&#107;&#114; exkl. moms","Tillg\u00e4nglig":"I lager"},"schema":{"@context":"https:\/\/schema.org","@graph":[{"@type":"WebPage","@id":"https:\/\/www.visionxeurope.com\/se\/webbutik\/vision-x-xmitter-lpx-prime-extreme-11-45w-40\/","url":"https:\/\/www.visionxeurope.com\/se\/webbutik\/vision-x-xmitter-lpx-prime-extreme-11-45w-40\/","name":"VISION X XMITTER LPX PRIME EXTREME 11\" 45W 40\u00b0 - Vision X Europe","isPartOf":{"@id":"https:\/\/www.visionxeurope.com\/se\/#website"},"primaryImageOfPage":{"@id":"https:\/\/www.visionxeurope.com\/se\/webbutik\/vision-x-xmitter-lpx-prime-extreme-11-45w-40\/#primaryimage"},"image":{"@id":"https:\/\/www.visionxeurope.com\/se\/webbutik\/vision-x-xmitter-lpx-prime-extreme-11-45w-40\/#primaryimage"},"thumbnailUrl":"https:\/\/www.visionxeurope.com\/se\/wp-content\/uploads\/sites\/7\/2022\/04\/XIL-LPX940.jpg","datePublished":"2015-04-15T08:43:19+00:00","dateModified":"2026-03-23T13:13:19+00:00","breadcrumb":{"@id":"https:\/\/www.visionxeurope.com\/se\/webbutik\/vision-x-xmitter-lpx-prime-extreme-11-45w-40\/#breadcrumb"},"inLanguage":"sv-SE","potentialAction":[{"@type":"ReadAction","target":["https:\/\/www.visionxeurope.com\/se\/webbutik\/vision-x-xmitter-lpx-prime-extreme-11-45w-40\/"]}]},{"@type":"ImageObject","inLanguage":"sv-SE","@id":"https:\/\/www.visionxeurope.com\/se\/webbutik\/vision-x-xmitter-lpx-prime-extreme-11-45w-40\/#primaryimage","url":"https:\/\/www.visionxeurope.com\/se\/wp-content\/uploads\/sites\/7\/2022\/04\/XIL-LPX940.jpg","contentUrl":"https:\/\/www.visionxeurope.com\/se\/wp-content\/uploads\/sites\/7\/2022\/04\/XIL-LPX940.jpg","width":450,"height":450},{"@type":"BreadcrumbList","@id":"https:\/\/www.visionxeurope.com\/se\/webbutik\/vision-x-xmitter-lpx-prime-extreme-11-45w-40\/#breadcrumb","itemListElement":[{"@type":"ListItem","position":1,"name":"Hem","item":"https:\/\/www.visionxeurope.com\/se\/"},{"@type":"ListItem","position":2,"name":"Webbutik","item":"https:\/\/www.visionxeurope.com\/se\/webbutik\/"},{"@type":"ListItem","position":3,"name":"VISION X XMITTER LPX PRIME EXTREME 11&#8243; 45W 40\u00b0"}]},{"@type":"WebSite","@id":"https:\/\/www.visionxeurope.com\/se\/#website","url":"https:\/\/www.visionxeurope.com\/se\/","name":"Vision X Europe","description":"","publisher":{"@id":"https:\/\/www.visionxeurope.com\/se\/#organization"},"potentialAction":[{"@type":"SearchAction","target":{"@type":"EntryPoint","urlTemplate":"https:\/\/www.visionxeurope.com\/se\/?s={search_term_string}"},"query-input":{"@type":"PropertyValueSpecification","valueRequired":true,"valueName":"search_term_string"}}],"inLanguage":"sv-SE"},{"@type":"Organization","@id":"https:\/\/www.visionxeurope.com\/se\/#organization","name":"Vision X Europe","url":"https:\/\/www.visionxeurope.com\/se\/","logo":{"@type":"ImageObject","inLanguage":"sv-SE","@id":"https:\/\/www.visionxeurope.com\/se\/#\/schema\/logo\/image\/","url":"https:\/\/www.visionxeurope.com\/se\/wp-content\/uploads\/sites\/7\/2021\/04\/visionxeurope.png","contentUrl":"https:\/\/www.visionxeurope.com\/se\/wp-content\/uploads\/sites\/7\/2021\/04\/visionxeurope.png","width":300,"height":110,"caption":"Vision X Europe"},"image":{"@id":"https:\/\/www.visionxeurope.com\/se\/#\/schema\/logo\/image\/"},"sameAs":["https:\/\/www.facebook.com\/visionxeurope","https:\/\/www.instagram.com\/visionxeurope\/"]}]},"product_price_amount":"4734.00","product_price_currency":"SEK","og_availability":"instock","product_availability":"instock","product_retailer_item_id":"XIL-LPX940","product_condition":"new"},"_links":{"self":[{"href":"https:\/\/www.visionxeurope.com\/se\/wp-json\/wp\/v2\/product\/13446","targetHints":{"allow":["GET"]}}],"collection":[{"href":"https:\/\/www.visionxeurope.com\/se\/wp-json\/wp\/v2\/product"}],"about":[{"href":"https:\/\/www.visionxeurope.com\/se\/wp-json\/wp\/v2\/types\/product"}],"replies":[{"embeddable":true,"href":"https:\/\/www.visionxeurope.com\/se\/wp-json\/wp\/v2\/comments?post=13446"}],"wp:featuredmedia":[{"embeddable":true,"href":"https:\/\/www.visionxeurope.com\/se\/wp-json\/wp\/v2\/media\/14994"}],"wp:attachment":[{"href":"https:\/\/www.visionxeurope.com\/se\/wp-json\/wp\/v2\/media?parent=13446"}],"wp:term":[{"taxonomy":"product_brand","embeddable":true,"href":"https:\/\/www.visionxeurope.com\/se\/wp-json\/wp\/v2\/product_brand?post=13446"},{"taxonomy":"product_cat","embeddable":true,"href":"https:\/\/www.visionxeurope.com\/se\/wp-json\/wp\/v2\/product_cat?post=13446"},{"taxonomy":"product_tag","embeddable":true,"href":"https:\/\/www.visionxeurope.com\/se\/wp-json\/wp\/v2\/product_tag?post=13446"}],"curies":[{"name":"wp","href":"https:\/\/api.w.org\/{rel}","templated":true}]}}